{"id":6392,"date":"2024-10-28T14:39:58","date_gmt":"2024-10-28T13:39:58","guid":{"rendered":"https:\/\/glowpremium.fr\/produit-eclaircissant\/b-b-clear-2-cremes-et-serum-eclaircissant-anti-age-effaceur-des-taches-2\/"},"modified":"2024-11-28T17:12:04","modified_gmt":"2024-11-28T16:12:04","slug":"b-b-clear-2-cremes-et-serum-eclaircissant-anti-age-effaceur-des-taches-2","status":"publish","type":"product","link":"https:\/\/glowpremium.fr\/en\/lightening-product\/b-b-clear-2-anti-ageing-lightening-creams-and-serums-spot-eraser-2\/","title":{"rendered":"B.B. Clear 2 Brightening Cream &amp; Serum Spot Remover"},"content":{"rendered":"<p><strong>How to use :<\/strong><\/p>\n<p>Use once or twice a day on cleansed skin.<\/p>\n<p><strong>Recommendation:<\/strong><\/p>\n<p>Keep out of reach of children. Avoid contact with eyes. In case of contact, rinse with plenty of water.<\/p>\n<p><strong>Composition:<\/strong><\/p>\n<p>Demineralised Water (aqua) Paraffinum Liquidum, Stearic Acid, Ethyl and Stearyl Alcohol, Isopropyl Myristate, Glycerine, Propylene Glycol, Sodium Metabisulphite, Cocos Nucifera Oil, Argan Oil, Carrot Oil, Rose Hip Oil Sodium Lactate, Lactic Acid, AHA, Vitamin B5 Tocopheryl Acetate (VIT E) Ascorbic Acid (VIT C), Citric Acid, UV Protection, Fragrance.<\/p>","protected":false},"excerpt":{"rendered":"<p>2 lightening face creams and serum 5 in 1 AHA and pure vitamin C BB CLEAR improves the appearance of the skin and helps to erase and repair dark spots caused by sun damage.its unique and specific formula, enriched with fruit acid extract, antioxidant, it effectively eliminates all hyper pigmentation spots, wrinkles and pimples while ensuring softness and suppleness to your skin. cleanses and whitens contributes to perfect finishes and evens out the complexion even in the most difficult areas.<\/p>\n<p><strong>2- creams<\/strong><\/p>\n<p>1-Serum<\/p>\n<p>&nbsp;<\/p>\n<p>1-a serum<\/p>","protected":false},"featured_media":6391,"comment_status":"closed","ping_status":"closed","template":"","meta":[],"etheme_brands":[],"product_brand":[],"product_cat":[15,80,81,72],"product_tag":[],"class_list":{"0":"post-6392","1":"product","2":"type-product","3":"status-publish","4":"has-post-thumbnail","6":"product_cat-toutes-categories","7":"product_cat-blanchissants-et-eclaircissants","8":"product_cat-cremes-eclaircissantes","9":"product_cat-visage","11":"first","12":"instock","13":"shipping-taxable","14":"purchasable","15":"product-type-simple"},"yoast_head":"<!-- This site is optimized with the Yoast SEO plugin v26.7 - https:\/\/yoast.com\/wordpress\/plugins\/seo\/ -->\n<title>B.B. Clear 2 Cr\u00e9mes Et S\u00e9rum \u00c9claircissant \u00c9ffaceur Des T\u00e2ches - Glow Premium<\/title>\n<meta name=\"description\" content=\"BB clear 2 crimes 1 s\u00e9rum \u00e9claircissant produit cosm\u00e9tique pour peau noir m\u00e9tisse beaut\u00e9 teint claire uniformise beaut\u00e9 de la peau du teint\" \/>\n<meta name=\"robots\" content=\"index, follow, max-snippet:-1, max-image-preview:large, max-video-preview:-1\" \/>\n<link rel=\"canonical\" href=\"https:\/\/glowpremium.fr\/en\/lightening-product\/b-b-clear-2-anti-ageing-lightening-creams-and-serums-spot-eraser-2\/\" \/>\n<meta property=\"og:locale\" content=\"en_GB\" \/>\n<meta property=\"og:type\" content=\"article\" \/>\n<meta property=\"og:title\" content=\"B.B. Clear 2 Cr\u00e9mes Et S\u00e9rum \u00c9claircissant \u00c9ffaceur Des T\u00e2ches - Glow Premium\" \/>\n<meta property=\"og:description\" content=\"BB clear 2 crimes 1 s\u00e9rum \u00e9claircissant produit cosm\u00e9tique pour peau noir m\u00e9tisse beaut\u00e9 teint claire uniformise beaut\u00e9 de la peau du teint\" \/>\n<meta property=\"og:url\" content=\"https:\/\/glowpremium.fr\/en\/lightening-product\/b-b-clear-2-anti-ageing-lightening-creams-and-serums-spot-eraser-2\/\" \/>\n<meta property=\"og:site_name\" content=\"Glow Premium\" \/>\n<meta property=\"article:modified_time\" content=\"2024-11-28T16:12:04+00:00\" \/>\n<meta property=\"og:image\" content=\"https:\/\/glowpremium.fr\/wp-content\/uploads\/2024\/10\/deb9fe70-a730-4b0d-9032-5bb388f14db6.jpg\" \/>\n\t<meta property=\"og:image:width\" content=\"2000\" \/>\n\t<meta property=\"og:image:height\" content=\"1715\" \/>\n\t<meta property=\"og:image:type\" content=\"image\/jpeg\" \/>\n<meta name=\"twitter:card\" content=\"summary_large_image\" \/>\n<meta name=\"twitter:label1\" content=\"Estimated reading time\" \/>\n\t<meta name=\"twitter:data1\" content=\"1 minute\" \/>\n<script type=\"application\/ld+json\" class=\"yoast-schema-graph\">{\"@context\":\"https:\/\/schema.org\",\"@graph\":[{\"@type\":\"WebPage\",\"@id\":\"https:\/\/glowpremium.fr\/produit-eclaircissant\/b-b-clear-2-cremes-et-serum-eclaircissant-anti-age-effaceur-des-taches-2\/\",\"url\":\"https:\/\/glowpremium.fr\/produit-eclaircissant\/b-b-clear-2-cremes-et-serum-eclaircissant-anti-age-effaceur-des-taches-2\/\",\"name\":\"B.B. Clear 2 Cr\u00e9mes Et S\u00e9rum \u00c9claircissant \u00c9ffaceur Des T\u00e2ches - Glow Premium\",\"isPartOf\":{\"@id\":\"https:\/\/glowpremium.fr\/#website\"},\"primaryImageOfPage\":{\"@id\":\"https:\/\/glowpremium.fr\/produit-eclaircissant\/b-b-clear-2-cremes-et-serum-eclaircissant-anti-age-effaceur-des-taches-2\/#primaryimage\"},\"image\":{\"@id\":\"https:\/\/glowpremium.fr\/produit-eclaircissant\/b-b-clear-2-cremes-et-serum-eclaircissant-anti-age-effaceur-des-taches-2\/#primaryimage\"},\"thumbnailUrl\":\"https:\/\/glowpremium.fr\/wp-content\/uploads\/2024\/10\/deb9fe70-a730-4b0d-9032-5bb388f14db6.jpg\",\"datePublished\":\"2024-10-28T13:39:58+00:00\",\"dateModified\":\"2024-11-28T16:12:04+00:00\",\"description\":\"BB clear 2 crimes 1 s\u00e9rum \u00e9claircissant produit cosm\u00e9tique pour peau noir m\u00e9tisse beaut\u00e9 teint claire uniformise beaut\u00e9 de la peau du teint\",\"breadcrumb\":{\"@id\":\"https:\/\/glowpremium.fr\/produit-eclaircissant\/b-b-clear-2-cremes-et-serum-eclaircissant-anti-age-effaceur-des-taches-2\/#breadcrumb\"},\"inLanguage\":\"en-GB\",\"potentialAction\":[{\"@type\":\"ReadAction\",\"target\":[\"https:\/\/glowpremium.fr\/produit-eclaircissant\/b-b-clear-2-cremes-et-serum-eclaircissant-anti-age-effaceur-des-taches-2\/\"]}]},{\"@type\":\"ImageObject\",\"inLanguage\":\"en-GB\",\"@id\":\"https:\/\/glowpremium.fr\/produit-eclaircissant\/b-b-clear-2-cremes-et-serum-eclaircissant-anti-age-effaceur-des-taches-2\/#primaryimage\",\"url\":\"https:\/\/glowpremium.fr\/wp-content\/uploads\/2024\/10\/deb9fe70-a730-4b0d-9032-5bb388f14db6.jpg\",\"contentUrl\":\"https:\/\/glowpremium.fr\/wp-content\/uploads\/2024\/10\/deb9fe70-a730-4b0d-9032-5bb388f14db6.jpg\",\"width\":2000,\"height\":1715},{\"@type\":\"BreadcrumbList\",\"@id\":\"https:\/\/glowpremium.fr\/produit-eclaircissant\/b-b-clear-2-cremes-et-serum-eclaircissant-anti-age-effaceur-des-taches-2\/#breadcrumb\",\"itemListElement\":[{\"@type\":\"ListItem\",\"position\":1,\"name\":\"Accueil\",\"item\":\"https:\/\/glowpremium.fr\/\"},{\"@type\":\"ListItem\",\"position\":2,\"name\":\"Boutique\",\"item\":\"https:\/\/glowpremium.fr\/boutique-produits-eclaircissants\/\"},{\"@type\":\"ListItem\",\"position\":3,\"name\":\"B.B. Clear 2 Cr\u00e9mes Et S\u00e9rum \u00c9claircissant \u00c9ffaceur Des T\u00e2ches\"}]},{\"@type\":\"WebSite\",\"@id\":\"https:\/\/glowpremium.fr\/#website\",\"url\":\"https:\/\/glowpremium.fr\/\",\"name\":\"Glow Premium\",\"description\":\"\",\"publisher\":{\"@id\":\"https:\/\/glowpremium.fr\/#organization\"},\"potentialAction\":[{\"@type\":\"SearchAction\",\"target\":{\"@type\":\"EntryPoint\",\"urlTemplate\":\"https:\/\/glowpremium.fr\/?s={search_term_string}\"},\"query-input\":{\"@type\":\"PropertyValueSpecification\",\"valueRequired\":true,\"valueName\":\"search_term_string\"}}],\"inLanguage\":\"en-GB\"},{\"@type\":\"Organization\",\"@id\":\"https:\/\/glowpremium.fr\/#organization\",\"name\":\"Glow Premium\",\"url\":\"https:\/\/glowpremium.fr\/\",\"logo\":{\"@type\":\"ImageObject\",\"inLanguage\":\"en-GB\",\"@id\":\"https:\/\/glowpremium.fr\/#\/schema\/logo\/image\/\",\"url\":\"https:\/\/glowpremium.fr\/wp-content\/uploads\/2024\/10\/screenshot_20241029_034909_chrome.jpg\",\"contentUrl\":\"https:\/\/glowpremium.fr\/wp-content\/uploads\/2024\/10\/screenshot_20241029_034909_chrome.jpg\",\"width\":866,\"height\":937,\"caption\":\"Glow Premium\"},\"image\":{\"@id\":\"https:\/\/glowpremium.fr\/#\/schema\/logo\/image\/\"}}]}<\/script>\n<!-- \/ Yoast SEO plugin. -->","yoast_head_json":{"title":"B.B. Clear 2 Cr\u00e9mes Et S\u00e9rum \u00c9claircissant \u00c9ffaceur Des T\u00e2ches - Glow Premium","description":"BB clear 2 crimes 1 s\u00e9rum \u00e9claircissant produit cosm\u00e9tique pour peau noir m\u00e9tisse beaut\u00e9 teint claire uniformise beaut\u00e9 de la peau du teint","robots":{"index":"index","follow":"follow","max-snippet":"max-snippet:-1","max-image-preview":"max-image-preview:large","max-video-preview":"max-video-preview:-1"},"canonical":"https:\/\/glowpremium.fr\/en\/lightening-product\/b-b-clear-2-anti-ageing-lightening-creams-and-serums-spot-eraser-2\/","og_locale":"en_GB","og_type":"article","og_title":"B.B. Clear 2 Cr\u00e9mes Et S\u00e9rum \u00c9claircissant \u00c9ffaceur Des T\u00e2ches - Glow Premium","og_description":"BB clear 2 crimes 1 s\u00e9rum \u00e9claircissant produit cosm\u00e9tique pour peau noir m\u00e9tisse beaut\u00e9 teint claire uniformise beaut\u00e9 de la peau du teint","og_url":"https:\/\/glowpremium.fr\/en\/lightening-product\/b-b-clear-2-anti-ageing-lightening-creams-and-serums-spot-eraser-2\/","og_site_name":"Glow Premium","article_modified_time":"2024-11-28T16:12:04+00:00","og_image":[{"width":2000,"height":1715,"url":"https:\/\/glowpremium.fr\/wp-content\/uploads\/2024\/10\/deb9fe70-a730-4b0d-9032-5bb388f14db6.jpg","type":"image\/jpeg"}],"twitter_card":"summary_large_image","twitter_misc":{"Estimated reading time":"1 minute"},"schema":{"@context":"https:\/\/schema.org","@graph":[{"@type":"WebPage","@id":"https:\/\/glowpremium.fr\/produit-eclaircissant\/b-b-clear-2-cremes-et-serum-eclaircissant-anti-age-effaceur-des-taches-2\/","url":"https:\/\/glowpremium.fr\/produit-eclaircissant\/b-b-clear-2-cremes-et-serum-eclaircissant-anti-age-effaceur-des-taches-2\/","name":"B.B. Clear 2 Cr\u00e9mes Et S\u00e9rum \u00c9claircissant \u00c9ffaceur Des T\u00e2ches - Glow Premium","isPartOf":{"@id":"https:\/\/glowpremium.fr\/#website"},"primaryImageOfPage":{"@id":"https:\/\/glowpremium.fr\/produit-eclaircissant\/b-b-clear-2-cremes-et-serum-eclaircissant-anti-age-effaceur-des-taches-2\/#primaryimage"},"image":{"@id":"https:\/\/glowpremium.fr\/produit-eclaircissant\/b-b-clear-2-cremes-et-serum-eclaircissant-anti-age-effaceur-des-taches-2\/#primaryimage"},"thumbnailUrl":"https:\/\/glowpremium.fr\/wp-content\/uploads\/2024\/10\/deb9fe70-a730-4b0d-9032-5bb388f14db6.jpg","datePublished":"2024-10-28T13:39:58+00:00","dateModified":"2024-11-28T16:12:04+00:00","description":"BB clear 2 crimes 1 s\u00e9rum \u00e9claircissant produit cosm\u00e9tique pour peau noir m\u00e9tisse beaut\u00e9 teint claire uniformise beaut\u00e9 de la peau du teint","breadcrumb":{"@id":"https:\/\/glowpremium.fr\/produit-eclaircissant\/b-b-clear-2-cremes-et-serum-eclaircissant-anti-age-effaceur-des-taches-2\/#breadcrumb"},"inLanguage":"en-GB","potentialAction":[{"@type":"ReadAction","target":["https:\/\/glowpremium.fr\/produit-eclaircissant\/b-b-clear-2-cremes-et-serum-eclaircissant-anti-age-effaceur-des-taches-2\/"]}]},{"@type":"ImageObject","inLanguage":"en-GB","@id":"https:\/\/glowpremium.fr\/produit-eclaircissant\/b-b-clear-2-cremes-et-serum-eclaircissant-anti-age-effaceur-des-taches-2\/#primaryimage","url":"https:\/\/glowpremium.fr\/wp-content\/uploads\/2024\/10\/deb9fe70-a730-4b0d-9032-5bb388f14db6.jpg","contentUrl":"https:\/\/glowpremium.fr\/wp-content\/uploads\/2024\/10\/deb9fe70-a730-4b0d-9032-5bb388f14db6.jpg","width":2000,"height":1715},{"@type":"BreadcrumbList","@id":"https:\/\/glowpremium.fr\/produit-eclaircissant\/b-b-clear-2-cremes-et-serum-eclaircissant-anti-age-effaceur-des-taches-2\/#breadcrumb","itemListElement":[{"@type":"ListItem","position":1,"name":"Accueil","item":"https:\/\/glowpremium.fr\/"},{"@type":"ListItem","position":2,"name":"Boutique","item":"https:\/\/glowpremium.fr\/boutique-produits-eclaircissants\/"},{"@type":"ListItem","position":3,"name":"B.B. Clear 2 Cr\u00e9mes Et S\u00e9rum \u00c9claircissant \u00c9ffaceur Des T\u00e2ches"}]},{"@type":"WebSite","@id":"https:\/\/glowpremium.fr\/#website","url":"https:\/\/glowpremium.fr\/","name":"Glow Premium","description":"","publisher":{"@id":"https:\/\/glowpremium.fr\/#organization"},"potentialAction":[{"@type":"SearchAction","target":{"@type":"EntryPoint","urlTemplate":"https:\/\/glowpremium.fr\/?s={search_term_string}"},"query-input":{"@type":"PropertyValueSpecification","valueRequired":true,"valueName":"search_term_string"}}],"inLanguage":"en-GB"},{"@type":"Organization","@id":"https:\/\/glowpremium.fr\/#organization","name":"Glow Premium","url":"https:\/\/glowpremium.fr\/","logo":{"@type":"ImageObject","inLanguage":"en-GB","@id":"https:\/\/glowpremium.fr\/#\/schema\/logo\/image\/","url":"https:\/\/glowpremium.fr\/wp-content\/uploads\/2024\/10\/screenshot_20241029_034909_chrome.jpg","contentUrl":"https:\/\/glowpremium.fr\/wp-content\/uploads\/2024\/10\/screenshot_20241029_034909_chrome.jpg","width":866,"height":937,"caption":"Glow Premium"},"image":{"@id":"https:\/\/glowpremium.fr\/#\/schema\/logo\/image\/"}}]}},"_links":{"self":[{"href":"https:\/\/glowpremium.fr\/en\/wp-json\/wp\/v2\/product\/6392","targetHints":{"allow":["GET"]}}],"collection":[{"href":"https:\/\/glowpremium.fr\/en\/wp-json\/wp\/v2\/product"}],"about":[{"href":"https:\/\/glowpremium.fr\/en\/wp-json\/wp\/v2\/types\/product"}],"replies":[{"embeddable":true,"href":"https:\/\/glowpremium.fr\/en\/wp-json\/wp\/v2\/comments?post=6392"}],"version-history":[{"count":2,"href":"https:\/\/glowpremium.fr\/en\/wp-json\/wp\/v2\/product\/6392\/revisions"}],"predecessor-version":[{"id":7287,"href":"https:\/\/glowpremium.fr\/en\/wp-json\/wp\/v2\/product\/6392\/revisions\/7287"}],"wp:featuredmedia":[{"embeddable":true,"href":"https:\/\/glowpremium.fr\/en\/wp-json\/wp\/v2\/media\/6391"}],"wp:attachment":[{"href":"https:\/\/glowpremium.fr\/en\/wp-json\/wp\/v2\/media?parent=6392"}],"wp:term":[{"taxonomy":"brand","embeddable":true,"href":"https:\/\/glowpremium.fr\/en\/wp-json\/wp\/v2\/etheme_brands?post=6392"},{"taxonomy":"product_brand","embeddable":true,"href":"https:\/\/glowpremium.fr\/en\/wp-json\/wp\/v2\/product_brand?post=6392"},{"taxonomy":"product_cat","embeddable":true,"href":"https:\/\/glowpremium.fr\/en\/wp-json\/wp\/v2\/product_cat?post=6392"},{"taxonomy":"product_tag","embeddable":true,"href":"https:\/\/glowpremium.fr\/en\/wp-json\/wp\/v2\/product_tag?post=6392"}],"curies":[{"name":"wp","href":"https:\/\/api.w.org\/{rel}","templated":true}]}}