{"id":6364,"date":"2024-10-28T14:39:20","date_gmt":"2024-10-28T13:39:20","guid":{"rendered":"https:\/\/glowpremium.fr\/produit-eclaircissant\/gamme-gluta-banana-blanchissant-elimine-taches-boutons-rides-2\/"},"modified":"2024-11-02T18:02:17","modified_gmt":"2024-11-02T17:02:17","slug":"gamme-gluta-banana-blanchissant-elimine-taches-boutons-rides-2","status":"publish","type":"product","link":"https:\/\/glowpremium.fr\/en\/lightening-product\/gluta-banana-whitening-range-eliminates-spots-pimples-wrinkles-2\/","title":{"rendered":"Gluta Banana Whitening Range Eliminates spots and wrinkles"},"content":{"rendered":"<p><strong>How to use :<\/strong><\/p>\n<p>For best results, cleanse skin thoroughly and use at least twice a day.<\/p>\n<p><strong>Recommendation:<\/strong><\/p>\n<p>For external use. In case of contact with eyes, rinse immediately. Keep out of reach of children. Avoid UV rays.<\/p>\n<p><strong>Composition:<\/strong><\/p>\n<p>Aqua cetearyl water, Alchool Glycerin, Mineral oil Citric Acid, Kojic, Gluta, Sodium.<\/p>","protected":false},"excerpt":{"rendered":"<p>This range was developed to enhance and keep a naturally clear, even complexion.<\/p>\n<p>This range contains a clarifying, radiance-enhancing plant complex.<\/p>\n<p>Its melting texture leaves your skin soft and silky.<\/p>\n<p>1x Super Whitening Milk<\/p>\n<p>1x concentrated gluta Banana exfoliating anti-stretch mark, anti-stain whitening concentrate<\/p>\n<p>1x banana complexion oil<\/p>\n<p>super anti-wrinkle repairer and eliminates all types of complexion deformities<\/p>\n<p><strong>500 ml &amp;1 ultra-strong anti-spot serum<\/strong><\/p>\n<p>&nbsp;<\/p>","protected":false},"featured_media":6363,"comment_status":"closed","ping_status":"closed","template":"","meta":[],"etheme_brands":[],"product_brand":[],"product_cat":[80,82],"product_tag":[],"class_list":{"0":"post-6364","1":"product","2":"type-product","3":"status-publish","4":"has-post-thumbnail","6":"product_cat-blanchissants-et-eclaircissants","7":"product_cat-gammes-eclaircissantes","9":"first","10":"instock","11":"featured","12":"shipping-taxable","13":"purchasable","14":"product-type-simple"},"yoast_head":"<!-- This site is optimized with the Yoast SEO plugin v26.7 - https:\/\/yoast.com\/wordpress\/plugins\/seo\/ -->\n<title>Gamme Gluta Banana Blanchissant \u00c9limine T\u00e2ches Boutons rides - Glow Premium<\/title>\n<meta name=\"description\" content=\"gluta banane gamme \u00e9claircissante anti-t\u00e2ches uniformise peau noire et m\u00e9tisse produit cosm\u00e9tique blanchiment peau produit cosm\u00e9tique\" \/>\n<meta name=\"robots\" content=\"index, follow, max-snippet:-1, max-image-preview:large, max-video-preview:-1\" \/>\n<link rel=\"canonical\" href=\"https:\/\/glowpremium.fr\/en\/lightening-product\/gluta-banana-whitening-range-eliminates-spots-pimples-wrinkles-2\/\" \/>\n<meta property=\"og:locale\" content=\"en_GB\" \/>\n<meta property=\"og:type\" content=\"article\" \/>\n<meta property=\"og:title\" content=\"Gamme Gluta Banana Blanchissant \u00c9limine T\u00e2ches Boutons rides - Glow Premium\" \/>\n<meta property=\"og:description\" content=\"gluta banane gamme \u00e9claircissante anti-t\u00e2ches uniformise peau noire et m\u00e9tisse produit cosm\u00e9tique blanchiment peau produit cosm\u00e9tique\" \/>\n<meta property=\"og:url\" content=\"https:\/\/glowpremium.fr\/en\/lightening-product\/gluta-banana-whitening-range-eliminates-spots-pimples-wrinkles-2\/\" \/>\n<meta property=\"og:site_name\" content=\"Glow Premium\" \/>\n<meta property=\"article:modified_time\" content=\"2024-11-02T17:02:17+00:00\" \/>\n<meta property=\"og:image\" content=\"https:\/\/glowpremium.fr\/wp-content\/uploads\/2024\/10\/ab4f0db9-7940-42b6-a98e-bc1f6e1f9c14.jpg\" \/>\n\t<meta property=\"og:image:width\" content=\"1600\" \/>\n\t<meta property=\"og:image:height\" content=\"1424\" \/>\n\t<meta property=\"og:image:type\" content=\"image\/jpeg\" \/>\n<meta name=\"twitter:card\" content=\"summary_large_image\" \/>\n<meta name=\"twitter:label1\" content=\"Estimated reading time\" \/>\n\t<meta name=\"twitter:data1\" content=\"1 minute\" \/>\n<script type=\"application\/ld+json\" class=\"yoast-schema-graph\">{\"@context\":\"https:\/\/schema.org\",\"@graph\":[{\"@type\":\"WebPage\",\"@id\":\"https:\/\/glowpremium.fr\/produit-eclaircissant\/gamme-gluta-banana-blanchissant-elimine-taches-boutons-rides-2\/\",\"url\":\"https:\/\/glowpremium.fr\/produit-eclaircissant\/gamme-gluta-banana-blanchissant-elimine-taches-boutons-rides-2\/\",\"name\":\"Gamme Gluta Banana Blanchissant \u00c9limine T\u00e2ches Boutons rides - Glow Premium\",\"isPartOf\":{\"@id\":\"https:\/\/glowpremium.fr\/#website\"},\"primaryImageOfPage\":{\"@id\":\"https:\/\/glowpremium.fr\/produit-eclaircissant\/gamme-gluta-banana-blanchissant-elimine-taches-boutons-rides-2\/#primaryimage\"},\"image\":{\"@id\":\"https:\/\/glowpremium.fr\/produit-eclaircissant\/gamme-gluta-banana-blanchissant-elimine-taches-boutons-rides-2\/#primaryimage\"},\"thumbnailUrl\":\"https:\/\/glowpremium.fr\/wp-content\/uploads\/2024\/10\/ab4f0db9-7940-42b6-a98e-bc1f6e1f9c14.jpg\",\"datePublished\":\"2024-10-28T13:39:20+00:00\",\"dateModified\":\"2024-11-02T17:02:17+00:00\",\"description\":\"gluta banane gamme \u00e9claircissante anti-t\u00e2ches uniformise peau noire et m\u00e9tisse produit cosm\u00e9tique blanchiment peau produit cosm\u00e9tique\",\"breadcrumb\":{\"@id\":\"https:\/\/glowpremium.fr\/produit-eclaircissant\/gamme-gluta-banana-blanchissant-elimine-taches-boutons-rides-2\/#breadcrumb\"},\"inLanguage\":\"en-GB\",\"potentialAction\":[{\"@type\":\"ReadAction\",\"target\":[\"https:\/\/glowpremium.fr\/produit-eclaircissant\/gamme-gluta-banana-blanchissant-elimine-taches-boutons-rides-2\/\"]}]},{\"@type\":\"ImageObject\",\"inLanguage\":\"en-GB\",\"@id\":\"https:\/\/glowpremium.fr\/produit-eclaircissant\/gamme-gluta-banana-blanchissant-elimine-taches-boutons-rides-2\/#primaryimage\",\"url\":\"https:\/\/glowpremium.fr\/wp-content\/uploads\/2024\/10\/ab4f0db9-7940-42b6-a98e-bc1f6e1f9c14.jpg\",\"contentUrl\":\"https:\/\/glowpremium.fr\/wp-content\/uploads\/2024\/10\/ab4f0db9-7940-42b6-a98e-bc1f6e1f9c14.jpg\",\"width\":1600,\"height\":1424},{\"@type\":\"BreadcrumbList\",\"@id\":\"https:\/\/glowpremium.fr\/produit-eclaircissant\/gamme-gluta-banana-blanchissant-elimine-taches-boutons-rides-2\/#breadcrumb\",\"itemListElement\":[{\"@type\":\"ListItem\",\"position\":1,\"name\":\"Accueil\",\"item\":\"https:\/\/glowpremium.fr\/\"},{\"@type\":\"ListItem\",\"position\":2,\"name\":\"Boutique\",\"item\":\"https:\/\/glowpremium.fr\/boutique-produits-eclaircissants\/\"},{\"@type\":\"ListItem\",\"position\":3,\"name\":\"Gamme Gluta Banana Blanchissant \u00c9limine T\u00e2ches Boutons rides\"}]},{\"@type\":\"WebSite\",\"@id\":\"https:\/\/glowpremium.fr\/#website\",\"url\":\"https:\/\/glowpremium.fr\/\",\"name\":\"Glow Premium\",\"description\":\"\",\"publisher\":{\"@id\":\"https:\/\/glowpremium.fr\/#organization\"},\"potentialAction\":[{\"@type\":\"SearchAction\",\"target\":{\"@type\":\"EntryPoint\",\"urlTemplate\":\"https:\/\/glowpremium.fr\/?s={search_term_string}\"},\"query-input\":{\"@type\":\"PropertyValueSpecification\",\"valueRequired\":true,\"valueName\":\"search_term_string\"}}],\"inLanguage\":\"en-GB\"},{\"@type\":\"Organization\",\"@id\":\"https:\/\/glowpremium.fr\/#organization\",\"name\":\"Glow Premium\",\"url\":\"https:\/\/glowpremium.fr\/\",\"logo\":{\"@type\":\"ImageObject\",\"inLanguage\":\"en-GB\",\"@id\":\"https:\/\/glowpremium.fr\/#\/schema\/logo\/image\/\",\"url\":\"https:\/\/glowpremium.fr\/wp-content\/uploads\/2024\/10\/screenshot_20241029_034909_chrome.jpg\",\"contentUrl\":\"https:\/\/glowpremium.fr\/wp-content\/uploads\/2024\/10\/screenshot_20241029_034909_chrome.jpg\",\"width\":866,\"height\":937,\"caption\":\"Glow Premium\"},\"image\":{\"@id\":\"https:\/\/glowpremium.fr\/#\/schema\/logo\/image\/\"}}]}<\/script>\n<!-- \/ Yoast SEO plugin. -->","yoast_head_json":{"title":"Gamme Gluta Banana Blanchissant \u00c9limine T\u00e2ches Boutons rides - Glow Premium","description":"gluta banane gamme \u00e9claircissante anti-t\u00e2ches uniformise peau noire et m\u00e9tisse produit cosm\u00e9tique blanchiment peau produit cosm\u00e9tique","robots":{"index":"index","follow":"follow","max-snippet":"max-snippet:-1","max-image-preview":"max-image-preview:large","max-video-preview":"max-video-preview:-1"},"canonical":"https:\/\/glowpremium.fr\/en\/lightening-product\/gluta-banana-whitening-range-eliminates-spots-pimples-wrinkles-2\/","og_locale":"en_GB","og_type":"article","og_title":"Gamme Gluta Banana Blanchissant \u00c9limine T\u00e2ches Boutons rides - Glow Premium","og_description":"gluta banane gamme \u00e9claircissante anti-t\u00e2ches uniformise peau noire et m\u00e9tisse produit cosm\u00e9tique blanchiment peau produit cosm\u00e9tique","og_url":"https:\/\/glowpremium.fr\/en\/lightening-product\/gluta-banana-whitening-range-eliminates-spots-pimples-wrinkles-2\/","og_site_name":"Glow Premium","article_modified_time":"2024-11-02T17:02:17+00:00","og_image":[{"width":1600,"height":1424,"url":"https:\/\/glowpremium.fr\/wp-content\/uploads\/2024\/10\/ab4f0db9-7940-42b6-a98e-bc1f6e1f9c14.jpg","type":"image\/jpeg"}],"twitter_card":"summary_large_image","twitter_misc":{"Estimated reading time":"1 minute"},"schema":{"@context":"https:\/\/schema.org","@graph":[{"@type":"WebPage","@id":"https:\/\/glowpremium.fr\/produit-eclaircissant\/gamme-gluta-banana-blanchissant-elimine-taches-boutons-rides-2\/","url":"https:\/\/glowpremium.fr\/produit-eclaircissant\/gamme-gluta-banana-blanchissant-elimine-taches-boutons-rides-2\/","name":"Gamme Gluta Banana Blanchissant \u00c9limine T\u00e2ches Boutons rides - Glow Premium","isPartOf":{"@id":"https:\/\/glowpremium.fr\/#website"},"primaryImageOfPage":{"@id":"https:\/\/glowpremium.fr\/produit-eclaircissant\/gamme-gluta-banana-blanchissant-elimine-taches-boutons-rides-2\/#primaryimage"},"image":{"@id":"https:\/\/glowpremium.fr\/produit-eclaircissant\/gamme-gluta-banana-blanchissant-elimine-taches-boutons-rides-2\/#primaryimage"},"thumbnailUrl":"https:\/\/glowpremium.fr\/wp-content\/uploads\/2024\/10\/ab4f0db9-7940-42b6-a98e-bc1f6e1f9c14.jpg","datePublished":"2024-10-28T13:39:20+00:00","dateModified":"2024-11-02T17:02:17+00:00","description":"gluta banane gamme \u00e9claircissante anti-t\u00e2ches uniformise peau noire et m\u00e9tisse produit cosm\u00e9tique blanchiment peau produit cosm\u00e9tique","breadcrumb":{"@id":"https:\/\/glowpremium.fr\/produit-eclaircissant\/gamme-gluta-banana-blanchissant-elimine-taches-boutons-rides-2\/#breadcrumb"},"inLanguage":"en-GB","potentialAction":[{"@type":"ReadAction","target":["https:\/\/glowpremium.fr\/produit-eclaircissant\/gamme-gluta-banana-blanchissant-elimine-taches-boutons-rides-2\/"]}]},{"@type":"ImageObject","inLanguage":"en-GB","@id":"https:\/\/glowpremium.fr\/produit-eclaircissant\/gamme-gluta-banana-blanchissant-elimine-taches-boutons-rides-2\/#primaryimage","url":"https:\/\/glowpremium.fr\/wp-content\/uploads\/2024\/10\/ab4f0db9-7940-42b6-a98e-bc1f6e1f9c14.jpg","contentUrl":"https:\/\/glowpremium.fr\/wp-content\/uploads\/2024\/10\/ab4f0db9-7940-42b6-a98e-bc1f6e1f9c14.jpg","width":1600,"height":1424},{"@type":"BreadcrumbList","@id":"https:\/\/glowpremium.fr\/produit-eclaircissant\/gamme-gluta-banana-blanchissant-elimine-taches-boutons-rides-2\/#breadcrumb","itemListElement":[{"@type":"ListItem","position":1,"name":"Accueil","item":"https:\/\/glowpremium.fr\/"},{"@type":"ListItem","position":2,"name":"Boutique","item":"https:\/\/glowpremium.fr\/boutique-produits-eclaircissants\/"},{"@type":"ListItem","position":3,"name":"Gamme Gluta Banana Blanchissant \u00c9limine T\u00e2ches Boutons rides"}]},{"@type":"WebSite","@id":"https:\/\/glowpremium.fr\/#website","url":"https:\/\/glowpremium.fr\/","name":"Glow Premium","description":"","publisher":{"@id":"https:\/\/glowpremium.fr\/#organization"},"potentialAction":[{"@type":"SearchAction","target":{"@type":"EntryPoint","urlTemplate":"https:\/\/glowpremium.fr\/?s={search_term_string}"},"query-input":{"@type":"PropertyValueSpecification","valueRequired":true,"valueName":"search_term_string"}}],"inLanguage":"en-GB"},{"@type":"Organization","@id":"https:\/\/glowpremium.fr\/#organization","name":"Glow Premium","url":"https:\/\/glowpremium.fr\/","logo":{"@type":"ImageObject","inLanguage":"en-GB","@id":"https:\/\/glowpremium.fr\/#\/schema\/logo\/image\/","url":"https:\/\/glowpremium.fr\/wp-content\/uploads\/2024\/10\/screenshot_20241029_034909_chrome.jpg","contentUrl":"https:\/\/glowpremium.fr\/wp-content\/uploads\/2024\/10\/screenshot_20241029_034909_chrome.jpg","width":866,"height":937,"caption":"Glow Premium"},"image":{"@id":"https:\/\/glowpremium.fr\/#\/schema\/logo\/image\/"}}]}},"_links":{"self":[{"href":"https:\/\/glowpremium.fr\/en\/wp-json\/wp\/v2\/product\/6364","targetHints":{"allow":["GET"]}}],"collection":[{"href":"https:\/\/glowpremium.fr\/en\/wp-json\/wp\/v2\/product"}],"about":[{"href":"https:\/\/glowpremium.fr\/en\/wp-json\/wp\/v2\/types\/product"}],"replies":[{"embeddable":true,"href":"https:\/\/glowpremium.fr\/en\/wp-json\/wp\/v2\/comments?post=6364"}],"version-history":[{"count":1,"href":"https:\/\/glowpremium.fr\/en\/wp-json\/wp\/v2\/product\/6364\/revisions"}],"predecessor-version":[{"id":7222,"href":"https:\/\/glowpremium.fr\/en\/wp-json\/wp\/v2\/product\/6364\/revisions\/7222"}],"wp:featuredmedia":[{"embeddable":true,"href":"https:\/\/glowpremium.fr\/en\/wp-json\/wp\/v2\/media\/6363"}],"wp:attachment":[{"href":"https:\/\/glowpremium.fr\/en\/wp-json\/wp\/v2\/media?parent=6364"}],"wp:term":[{"taxonomy":"brand","embeddable":true,"href":"https:\/\/glowpremium.fr\/en\/wp-json\/wp\/v2\/etheme_brands?post=6364"},{"taxonomy":"product_brand","embeddable":true,"href":"https:\/\/glowpremium.fr\/en\/wp-json\/wp\/v2\/product_brand?post=6364"},{"taxonomy":"product_cat","embeddable":true,"href":"https:\/\/glowpremium.fr\/en\/wp-json\/wp\/v2\/product_cat?post=6364"},{"taxonomy":"product_tag","embeddable":true,"href":"https:\/\/glowpremium.fr\/en\/wp-json\/wp\/v2\/product_tag?post=6364"}],"curies":[{"name":"wp","href":"https:\/\/api.w.org\/{rel}","templated":true}]}}