{"id":6356,"date":"2024-10-28T14:39:15","date_gmt":"2024-10-28T13:39:15","guid":{"rendered":"https:\/\/glowpremium.fr\/produit-eclaircissant\/gamme-super-eclaircissante-belle-face-et-anti-taches-rajeunissant-2\/"},"modified":"2024-10-28T14:39:15","modified_gmt":"2024-10-28T13:39:15","slug":"gamme-super-eclaircissante-belle-face-et-anti-taches-rajeunissant-2","status":"publish","type":"product","link":"https:\/\/glowpremium.fr\/en\/lightening-product\/super-skin-lightening-and-anti-spot-rejuvenating-range-2\/","title":{"rendered":"Super Lightening Beautiful Face and Anti-Spot Rejuvenating range"},"content":{"rendered":"<p><strong>How to use :<\/strong><br \/>\nFor the neck, face, body and dark spots, we recommend mixing the Anti-Spot Concentrate into Belle Face Cleansing Milk.<br \/>\n<strong>Recommendation:<\/strong><br \/>\nFor external use only. If irritation occurs, discontinue use immediately.<br \/>\n<strong>Composition:<\/strong><br \/>\nEssential oils, Fruit acids, Vitamin E.<\/p>","protected":false},"excerpt":{"rendered":"<p>7-piece rangeGiven the difficulties encountered by many people, men and women alike, in finding a permanent solution to the problem of dark spots on elbows, hinges and around the eyes, not to mention harmonising the complexion. We've developed an ultra-strong anti-dark spot concentrate and serum for you. They act with precision on the softness of your skin. Permanently eradicate these various problems. They give you the possibility of correcting all skin problems in 5 days.<\/p>\n<p>3- Anti-stain whiteners<\/p>\n<p>-2 concentrates<\/p>\n<p>1-milk 300ml<\/p>\n<p>1- bottle fresh radiance serum, anti-wrinkle<\/p>\n<p>1-bottle Extra Shine Anti-Spot Anti-Redness Serum<\/p>\n<p>&nbsp;<\/p>","protected":false},"featured_media":6313,"comment_status":"open","ping_status":"closed","template":"","meta":[],"etheme_brands":[],"product_brand":[],"product_cat":[15],"product_tag":[],"class_list":{"0":"post-6356","1":"product","2":"type-product","3":"status-publish","4":"has-post-thumbnail","6":"product_cat-toutes-categories","8":"first","9":"instock","10":"shipping-taxable","11":"product-type-simple"},"yoast_head":"<!-- This site is optimized with the Yoast SEO plugin v26.7 - https:\/\/yoast.com\/wordpress\/plugins\/seo\/ -->\n<title>Gamme Super \u00e9claircissante Belle Face Et Anti-T\u00e2ches Rajeunissant - Glow Premium<\/title>\n<meta name=\"robots\" content=\"index, follow, max-snippet:-1, max-image-preview:large, max-video-preview:-1\" \/>\n<link rel=\"canonical\" href=\"https:\/\/glowpremium.fr\/en\/lightening-product\/super-skin-lightening-and-anti-spot-rejuvenating-range-2\/\" \/>\n<meta property=\"og:locale\" content=\"en_GB\" \/>\n<meta property=\"og:type\" content=\"article\" \/>\n<meta property=\"og:title\" content=\"Gamme Super \u00e9claircissante Belle Face Et Anti-T\u00e2ches Rajeunissant - Glow Premium\" \/>\n<meta property=\"og:description\" content=\"Gamme 7 piecesCompte tenue des difficult\u00e9s rencontr\u00e9es par plusieurs personne, homme comme femme \u00e0 r\u00e9soudre de fa\u00e7on d\u00e9finitive les probl\u00e8mes de t\u00e2ches noirs sur les coudes, les paumelles et autres contours des yeux sans oublier l&#039;harmonisation du teint. Nous avons \u00e9labor\u00e9 pour vous et avec une tr\u00e8s grande pr\u00e9cision un concentr\u00e9 et un s\u00e9rum anti-t\u00e2ches ultra-fort. Ils agissent avec pr\u00e9cision sur la douceur de votre peau. Eradiqu\u00e9 de fa\u00e7on d\u00e9finitive ces diff\u00e9rents maux. Ils vous donne la possibilit\u00e9s de corriger tous les probl\u00e8mes de peaux en 5 jours  3- Blanchisseurs anti-t\u00e2ches  -2 concentr\u00e9s  1-lait 300ml  1- bouteille s\u00e9rum \u00e9clat fraiche, anti-rides  1-bouteille s\u00e9rum extra brillance \u00a0anti-t\u00e2ches anti- rougeurs  &nbsp;\" \/>\n<meta property=\"og:url\" content=\"https:\/\/glowpremium.fr\/en\/lightening-product\/super-skin-lightening-and-anti-spot-rejuvenating-range-2\/\" \/>\n<meta property=\"og:site_name\" content=\"Glow Premium\" \/>\n<meta property=\"og:image\" content=\"https:\/\/glowpremium.fr\/wp-content\/uploads\/2024\/10\/PhotoRoom-20230418_163721.png\" \/>\n\t<meta property=\"og:image:width\" content=\"1974\" \/>\n\t<meta property=\"og:image:height\" content=\"1821\" \/>\n\t<meta property=\"og:image:type\" content=\"image\/png\" \/>\n<meta name=\"twitter:card\" content=\"summary_large_image\" \/>\n<script type=\"application\/ld+json\" class=\"yoast-schema-graph\">{\"@context\":\"https:\/\/schema.org\",\"@graph\":[{\"@type\":\"WebPage\",\"@id\":\"https:\/\/glowpremium.fr\/produit-eclaircissant\/gamme-super-eclaircissante-belle-face-et-anti-taches-rajeunissant-2\/\",\"url\":\"https:\/\/glowpremium.fr\/produit-eclaircissant\/gamme-super-eclaircissante-belle-face-et-anti-taches-rajeunissant-2\/\",\"name\":\"Gamme Super \u00e9claircissante Belle Face Et Anti-T\u00e2ches Rajeunissant - Glow Premium\",\"isPartOf\":{\"@id\":\"https:\/\/glowpremium.fr\/#website\"},\"primaryImageOfPage\":{\"@id\":\"https:\/\/glowpremium.fr\/produit-eclaircissant\/gamme-super-eclaircissante-belle-face-et-anti-taches-rajeunissant-2\/#primaryimage\"},\"image\":{\"@id\":\"https:\/\/glowpremium.fr\/produit-eclaircissant\/gamme-super-eclaircissante-belle-face-et-anti-taches-rajeunissant-2\/#primaryimage\"},\"thumbnailUrl\":\"https:\/\/glowpremium.fr\/wp-content\/uploads\/2024\/10\/PhotoRoom-20230418_163721.png\",\"datePublished\":\"2024-10-28T13:39:15+00:00\",\"breadcrumb\":{\"@id\":\"https:\/\/glowpremium.fr\/produit-eclaircissant\/gamme-super-eclaircissante-belle-face-et-anti-taches-rajeunissant-2\/#breadcrumb\"},\"inLanguage\":\"en-GB\",\"potentialAction\":[{\"@type\":\"ReadAction\",\"target\":[\"https:\/\/glowpremium.fr\/produit-eclaircissant\/gamme-super-eclaircissante-belle-face-et-anti-taches-rajeunissant-2\/\"]}]},{\"@type\":\"ImageObject\",\"inLanguage\":\"en-GB\",\"@id\":\"https:\/\/glowpremium.fr\/produit-eclaircissant\/gamme-super-eclaircissante-belle-face-et-anti-taches-rajeunissant-2\/#primaryimage\",\"url\":\"https:\/\/glowpremium.fr\/wp-content\/uploads\/2024\/10\/PhotoRoom-20230418_163721.png\",\"contentUrl\":\"https:\/\/glowpremium.fr\/wp-content\/uploads\/2024\/10\/PhotoRoom-20230418_163721.png\",\"width\":1974,\"height\":1821},{\"@type\":\"BreadcrumbList\",\"@id\":\"https:\/\/glowpremium.fr\/produit-eclaircissant\/gamme-super-eclaircissante-belle-face-et-anti-taches-rajeunissant-2\/#breadcrumb\",\"itemListElement\":[{\"@type\":\"ListItem\",\"position\":1,\"name\":\"Accueil\",\"item\":\"https:\/\/glowpremium.fr\/\"},{\"@type\":\"ListItem\",\"position\":2,\"name\":\"Boutique\",\"item\":\"https:\/\/glowpremium.fr\/boutique-produits-eclaircissants\/\"},{\"@type\":\"ListItem\",\"position\":3,\"name\":\"Gamme Super \u00e9claircissante Belle Face Et Anti-T\u00e2ches Rajeunissant\"}]},{\"@type\":\"WebSite\",\"@id\":\"https:\/\/glowpremium.fr\/#website\",\"url\":\"https:\/\/glowpremium.fr\/\",\"name\":\"Glow Premium\",\"description\":\"\",\"publisher\":{\"@id\":\"https:\/\/glowpremium.fr\/#organization\"},\"potentialAction\":[{\"@type\":\"SearchAction\",\"target\":{\"@type\":\"EntryPoint\",\"urlTemplate\":\"https:\/\/glowpremium.fr\/?s={search_term_string}\"},\"query-input\":{\"@type\":\"PropertyValueSpecification\",\"valueRequired\":true,\"valueName\":\"search_term_string\"}}],\"inLanguage\":\"en-GB\"},{\"@type\":\"Organization\",\"@id\":\"https:\/\/glowpremium.fr\/#organization\",\"name\":\"Glow Premium\",\"url\":\"https:\/\/glowpremium.fr\/\",\"logo\":{\"@type\":\"ImageObject\",\"inLanguage\":\"en-GB\",\"@id\":\"https:\/\/glowpremium.fr\/#\/schema\/logo\/image\/\",\"url\":\"https:\/\/glowpremium.fr\/wp-content\/uploads\/2024\/10\/screenshot_20241029_034909_chrome.jpg\",\"contentUrl\":\"https:\/\/glowpremium.fr\/wp-content\/uploads\/2024\/10\/screenshot_20241029_034909_chrome.jpg\",\"width\":866,\"height\":937,\"caption\":\"Glow Premium\"},\"image\":{\"@id\":\"https:\/\/glowpremium.fr\/#\/schema\/logo\/image\/\"}}]}<\/script>\n<!-- \/ Yoast SEO plugin. -->","yoast_head_json":{"title":"Gamme Super \u00e9claircissante Belle Face Et Anti-T\u00e2ches Rajeunissant - Glow Premium","robots":{"index":"index","follow":"follow","max-snippet":"max-snippet:-1","max-image-preview":"max-image-preview:large","max-video-preview":"max-video-preview:-1"},"canonical":"https:\/\/glowpremium.fr\/en\/lightening-product\/super-skin-lightening-and-anti-spot-rejuvenating-range-2\/","og_locale":"en_GB","og_type":"article","og_title":"Gamme Super \u00e9claircissante Belle Face Et Anti-T\u00e2ches Rajeunissant - Glow Premium","og_description":"Gamme 7 piecesCompte tenue des difficult\u00e9s rencontr\u00e9es par plusieurs personne, homme comme femme \u00e0 r\u00e9soudre de fa\u00e7on d\u00e9finitive les probl\u00e8mes de t\u00e2ches noirs sur les coudes, les paumelles et autres contours des yeux sans oublier l'harmonisation du teint. Nous avons \u00e9labor\u00e9 pour vous et avec une tr\u00e8s grande pr\u00e9cision un concentr\u00e9 et un s\u00e9rum anti-t\u00e2ches ultra-fort. Ils agissent avec pr\u00e9cision sur la douceur de votre peau. Eradiqu\u00e9 de fa\u00e7on d\u00e9finitive ces diff\u00e9rents maux. Ils vous donne la possibilit\u00e9s de corriger tous les probl\u00e8mes de peaux en 5 jours  3- Blanchisseurs anti-t\u00e2ches  -2 concentr\u00e9s  1-lait 300ml  1- bouteille s\u00e9rum \u00e9clat fraiche, anti-rides  1-bouteille s\u00e9rum extra brillance \u00a0anti-t\u00e2ches anti- rougeurs  &nbsp;","og_url":"https:\/\/glowpremium.fr\/en\/lightening-product\/super-skin-lightening-and-anti-spot-rejuvenating-range-2\/","og_site_name":"Glow Premium","og_image":[{"width":1974,"height":1821,"url":"https:\/\/glowpremium.fr\/wp-content\/uploads\/2024\/10\/PhotoRoom-20230418_163721.png","type":"image\/png"}],"twitter_card":"summary_large_image","schema":{"@context":"https:\/\/schema.org","@graph":[{"@type":"WebPage","@id":"https:\/\/glowpremium.fr\/produit-eclaircissant\/gamme-super-eclaircissante-belle-face-et-anti-taches-rajeunissant-2\/","url":"https:\/\/glowpremium.fr\/produit-eclaircissant\/gamme-super-eclaircissante-belle-face-et-anti-taches-rajeunissant-2\/","name":"Gamme Super \u00e9claircissante Belle Face Et Anti-T\u00e2ches Rajeunissant - Glow Premium","isPartOf":{"@id":"https:\/\/glowpremium.fr\/#website"},"primaryImageOfPage":{"@id":"https:\/\/glowpremium.fr\/produit-eclaircissant\/gamme-super-eclaircissante-belle-face-et-anti-taches-rajeunissant-2\/#primaryimage"},"image":{"@id":"https:\/\/glowpremium.fr\/produit-eclaircissant\/gamme-super-eclaircissante-belle-face-et-anti-taches-rajeunissant-2\/#primaryimage"},"thumbnailUrl":"https:\/\/glowpremium.fr\/wp-content\/uploads\/2024\/10\/PhotoRoom-20230418_163721.png","datePublished":"2024-10-28T13:39:15+00:00","breadcrumb":{"@id":"https:\/\/glowpremium.fr\/produit-eclaircissant\/gamme-super-eclaircissante-belle-face-et-anti-taches-rajeunissant-2\/#breadcrumb"},"inLanguage":"en-GB","potentialAction":[{"@type":"ReadAction","target":["https:\/\/glowpremium.fr\/produit-eclaircissant\/gamme-super-eclaircissante-belle-face-et-anti-taches-rajeunissant-2\/"]}]},{"@type":"ImageObject","inLanguage":"en-GB","@id":"https:\/\/glowpremium.fr\/produit-eclaircissant\/gamme-super-eclaircissante-belle-face-et-anti-taches-rajeunissant-2\/#primaryimage","url":"https:\/\/glowpremium.fr\/wp-content\/uploads\/2024\/10\/PhotoRoom-20230418_163721.png","contentUrl":"https:\/\/glowpremium.fr\/wp-content\/uploads\/2024\/10\/PhotoRoom-20230418_163721.png","width":1974,"height":1821},{"@type":"BreadcrumbList","@id":"https:\/\/glowpremium.fr\/produit-eclaircissant\/gamme-super-eclaircissante-belle-face-et-anti-taches-rajeunissant-2\/#breadcrumb","itemListElement":[{"@type":"ListItem","position":1,"name":"Accueil","item":"https:\/\/glowpremium.fr\/"},{"@type":"ListItem","position":2,"name":"Boutique","item":"https:\/\/glowpremium.fr\/boutique-produits-eclaircissants\/"},{"@type":"ListItem","position":3,"name":"Gamme Super \u00e9claircissante Belle Face Et Anti-T\u00e2ches Rajeunissant"}]},{"@type":"WebSite","@id":"https:\/\/glowpremium.fr\/#website","url":"https:\/\/glowpremium.fr\/","name":"Glow Premium","description":"","publisher":{"@id":"https:\/\/glowpremium.fr\/#organization"},"potentialAction":[{"@type":"SearchAction","target":{"@type":"EntryPoint","urlTemplate":"https:\/\/glowpremium.fr\/?s={search_term_string}"},"query-input":{"@type":"PropertyValueSpecification","valueRequired":true,"valueName":"search_term_string"}}],"inLanguage":"en-GB"},{"@type":"Organization","@id":"https:\/\/glowpremium.fr\/#organization","name":"Glow Premium","url":"https:\/\/glowpremium.fr\/","logo":{"@type":"ImageObject","inLanguage":"en-GB","@id":"https:\/\/glowpremium.fr\/#\/schema\/logo\/image\/","url":"https:\/\/glowpremium.fr\/wp-content\/uploads\/2024\/10\/screenshot_20241029_034909_chrome.jpg","contentUrl":"https:\/\/glowpremium.fr\/wp-content\/uploads\/2024\/10\/screenshot_20241029_034909_chrome.jpg","width":866,"height":937,"caption":"Glow Premium"},"image":{"@id":"https:\/\/glowpremium.fr\/#\/schema\/logo\/image\/"}}]}},"_links":{"self":[{"href":"https:\/\/glowpremium.fr\/en\/wp-json\/wp\/v2\/product\/6356","targetHints":{"allow":["GET"]}}],"collection":[{"href":"https:\/\/glowpremium.fr\/en\/wp-json\/wp\/v2\/product"}],"about":[{"href":"https:\/\/glowpremium.fr\/en\/wp-json\/wp\/v2\/types\/product"}],"replies":[{"embeddable":true,"href":"https:\/\/glowpremium.fr\/en\/wp-json\/wp\/v2\/comments?post=6356"}],"version-history":[{"count":0,"href":"https:\/\/glowpremium.fr\/en\/wp-json\/wp\/v2\/product\/6356\/revisions"}],"wp:featuredmedia":[{"embeddable":true,"href":"https:\/\/glowpremium.fr\/en\/wp-json\/wp\/v2\/media\/6313"}],"wp:attachment":[{"href":"https:\/\/glowpremium.fr\/en\/wp-json\/wp\/v2\/media?parent=6356"}],"wp:term":[{"taxonomy":"brand","embeddable":true,"href":"https:\/\/glowpremium.fr\/en\/wp-json\/wp\/v2\/etheme_brands?post=6356"},{"taxonomy":"product_brand","embeddable":true,"href":"https:\/\/glowpremium.fr\/en\/wp-json\/wp\/v2\/product_brand?post=6356"},{"taxonomy":"product_cat","embeddable":true,"href":"https:\/\/glowpremium.fr\/en\/wp-json\/wp\/v2\/product_cat?post=6356"},{"taxonomy":"product_tag","embeddable":true,"href":"https:\/\/glowpremium.fr\/en\/wp-json\/wp\/v2\/product_tag?post=6356"}],"curies":[{"name":"wp","href":"https:\/\/api.w.org\/{rel}","templated":true}]}}