{"id":6348,"date":"2024-10-28T14:39:10","date_gmt":"2024-10-28T13:39:10","guid":{"rendered":"https:\/\/glowpremium.fr\/produit-eclaircissant\/lait-eclaircissant-visage-et-corps-white-up-correcteur-de-taches-2\/"},"modified":"2024-11-02T18:46:28","modified_gmt":"2024-11-02T17:46:28","slug":"lait-eclaircissant-visage-et-corps-white-up-correcteur-de-taches-2","status":"publish","type":"product","link":"https:\/\/glowpremium.fr\/en\/lightening-product\/lightening-milk-for-face-and-body-white-up-spot-corrector-2\/","title":{"rendered":"White Up Spot Corrector Lightening Milk for Face and Body"},"content":{"rendered":"<p><strong>How to use :<\/strong><\/p>\n<p>Use morning and evening on clean skin.<\/p>\n<p><strong>Recommendation <\/strong>If skin irritation occurs, discontinue use of this product immediately.<\/p>\n<p><strong>Composition:<\/strong><\/p>\n<p>Natural oils, glycerine, Water glutathione, Kojic, alpha abrutine.<\/p>","protected":false},"excerpt":{"rendered":"<p>This white up Princess beauty milk has been specially created to harmonise the complexion and moisturise the epidermis. It effectively combats hyperpigmentation (dark areas such as elbows, knees, fingers and toes) and is rapidly absorbed.<\/p>\n<p>Thanks to its many virtues. This milk is a truly multi-active skin care product.<\/p>\n<p>Its delicately scented texture is quickly absorbed into the skin for optimum action and an immediate sensation of freshness.<\/p>\n<p>Its brightening agents work at the heart of the epidermis to combat sagging skin and effectively prevent the appearance of imperfections.<\/p>\n<p>This silky milk deeply nourishes and preserves the skin.<\/p>\n<p><strong>1x<\/strong><\/p>\n<p><strong>500 ml<\/strong><\/p>\n<p>&nbsp;<\/p>","protected":false},"featured_media":6347,"comment_status":"closed","ping_status":"closed","template":"","meta":[],"etheme_brands":[],"product_brand":[],"product_cat":[80,85],"product_tag":[],"class_list":{"0":"post-6348","1":"product","2":"type-product","3":"status-publish","4":"has-post-thumbnail","6":"product_cat-blanchissants-et-eclaircissants","7":"product_cat-laits-eclaircissants","9":"first","10":"instock","11":"shipping-taxable","12":"purchasable","13":"product-type-simple"},"yoast_head":"<!-- This site is optimized with the Yoast SEO plugin v26.7 - https:\/\/yoast.com\/wordpress\/plugins\/seo\/ -->\n<title>Lait \u00e9claircissant Visage et Corps White Up Correcteur De T\u00e2ches - Glow Premium<\/title>\n<meta name=\"description\" content=\"lait \u00e9claircissant princesse visage et corps soins peau blanchissant beaut\u00e9 peau noire m\u00e9tisse unificateur blanchissant anti-t\u00e2ches\" \/>\n<meta name=\"robots\" content=\"index, follow, max-snippet:-1, max-image-preview:large, max-video-preview:-1\" \/>\n<link rel=\"canonical\" href=\"https:\/\/glowpremium.fr\/en\/lightening-product\/lightening-milk-for-face-and-body-white-up-spot-corrector-2\/\" \/>\n<meta property=\"og:locale\" content=\"en_GB\" \/>\n<meta property=\"og:type\" content=\"article\" \/>\n<meta property=\"og:title\" content=\"Lait \u00e9claircissant Visage et Corps White Up Correcteur De T\u00e2ches - Glow Premium\" \/>\n<meta property=\"og:description\" content=\"lait \u00e9claircissant princesse visage et corps soins peau blanchissant beaut\u00e9 peau noire m\u00e9tisse unificateur blanchissant anti-t\u00e2ches\" \/>\n<meta property=\"og:url\" content=\"https:\/\/glowpremium.fr\/en\/lightening-product\/lightening-milk-for-face-and-body-white-up-spot-corrector-2\/\" \/>\n<meta property=\"og:site_name\" content=\"Glow Premium\" \/>\n<meta property=\"article:modified_time\" content=\"2024-11-02T17:46:28+00:00\" \/>\n<meta property=\"og:image\" content=\"https:\/\/glowpremium.fr\/wp-content\/uploads\/2024\/10\/7862ee54-07cf-4cda-bd2e-a1114972f751.jpg\" \/>\n\t<meta property=\"og:image:width\" content=\"2000\" \/>\n\t<meta property=\"og:image:height\" content=\"1775\" \/>\n\t<meta property=\"og:image:type\" content=\"image\/jpeg\" \/>\n<meta name=\"twitter:card\" content=\"summary_large_image\" \/>\n<meta name=\"twitter:label1\" content=\"Estimated reading time\" \/>\n\t<meta name=\"twitter:data1\" content=\"1 minute\" \/>\n<script type=\"application\/ld+json\" class=\"yoast-schema-graph\">{\"@context\":\"https:\/\/schema.org\",\"@graph\":[{\"@type\":\"WebPage\",\"@id\":\"https:\/\/glowpremium.fr\/produit-eclaircissant\/lait-eclaircissant-visage-et-corps-white-up-correcteur-de-taches-2\/\",\"url\":\"https:\/\/glowpremium.fr\/produit-eclaircissant\/lait-eclaircissant-visage-et-corps-white-up-correcteur-de-taches-2\/\",\"name\":\"Lait \u00e9claircissant Visage et Corps White Up Correcteur De T\u00e2ches - Glow Premium\",\"isPartOf\":{\"@id\":\"https:\/\/glowpremium.fr\/#website\"},\"primaryImageOfPage\":{\"@id\":\"https:\/\/glowpremium.fr\/produit-eclaircissant\/lait-eclaircissant-visage-et-corps-white-up-correcteur-de-taches-2\/#primaryimage\"},\"image\":{\"@id\":\"https:\/\/glowpremium.fr\/produit-eclaircissant\/lait-eclaircissant-visage-et-corps-white-up-correcteur-de-taches-2\/#primaryimage\"},\"thumbnailUrl\":\"https:\/\/glowpremium.fr\/wp-content\/uploads\/2024\/10\/7862ee54-07cf-4cda-bd2e-a1114972f751.jpg\",\"datePublished\":\"2024-10-28T13:39:10+00:00\",\"dateModified\":\"2024-11-02T17:46:28+00:00\",\"description\":\"lait \u00e9claircissant princesse visage et corps soins peau blanchissant beaut\u00e9 peau noire m\u00e9tisse unificateur blanchissant anti-t\u00e2ches\",\"breadcrumb\":{\"@id\":\"https:\/\/glowpremium.fr\/produit-eclaircissant\/lait-eclaircissant-visage-et-corps-white-up-correcteur-de-taches-2\/#breadcrumb\"},\"inLanguage\":\"en-GB\",\"potentialAction\":[{\"@type\":\"ReadAction\",\"target\":[\"https:\/\/glowpremium.fr\/produit-eclaircissant\/lait-eclaircissant-visage-et-corps-white-up-correcteur-de-taches-2\/\"]}]},{\"@type\":\"ImageObject\",\"inLanguage\":\"en-GB\",\"@id\":\"https:\/\/glowpremium.fr\/produit-eclaircissant\/lait-eclaircissant-visage-et-corps-white-up-correcteur-de-taches-2\/#primaryimage\",\"url\":\"https:\/\/glowpremium.fr\/wp-content\/uploads\/2024\/10\/7862ee54-07cf-4cda-bd2e-a1114972f751.jpg\",\"contentUrl\":\"https:\/\/glowpremium.fr\/wp-content\/uploads\/2024\/10\/7862ee54-07cf-4cda-bd2e-a1114972f751.jpg\",\"width\":2000,\"height\":1775},{\"@type\":\"BreadcrumbList\",\"@id\":\"https:\/\/glowpremium.fr\/produit-eclaircissant\/lait-eclaircissant-visage-et-corps-white-up-correcteur-de-taches-2\/#breadcrumb\",\"itemListElement\":[{\"@type\":\"ListItem\",\"position\":1,\"name\":\"Accueil\",\"item\":\"https:\/\/glowpremium.fr\/\"},{\"@type\":\"ListItem\",\"position\":2,\"name\":\"Boutique\",\"item\":\"https:\/\/glowpremium.fr\/boutique-produits-eclaircissants\/\"},{\"@type\":\"ListItem\",\"position\":3,\"name\":\"Lait \u00e9claircissant Visage et Corps White Up Correcteur De T\u00e2ches\"}]},{\"@type\":\"WebSite\",\"@id\":\"https:\/\/glowpremium.fr\/#website\",\"url\":\"https:\/\/glowpremium.fr\/\",\"name\":\"Glow Premium\",\"description\":\"\",\"publisher\":{\"@id\":\"https:\/\/glowpremium.fr\/#organization\"},\"potentialAction\":[{\"@type\":\"SearchAction\",\"target\":{\"@type\":\"EntryPoint\",\"urlTemplate\":\"https:\/\/glowpremium.fr\/?s={search_term_string}\"},\"query-input\":{\"@type\":\"PropertyValueSpecification\",\"valueRequired\":true,\"valueName\":\"search_term_string\"}}],\"inLanguage\":\"en-GB\"},{\"@type\":\"Organization\",\"@id\":\"https:\/\/glowpremium.fr\/#organization\",\"name\":\"Glow Premium\",\"url\":\"https:\/\/glowpremium.fr\/\",\"logo\":{\"@type\":\"ImageObject\",\"inLanguage\":\"en-GB\",\"@id\":\"https:\/\/glowpremium.fr\/#\/schema\/logo\/image\/\",\"url\":\"https:\/\/glowpremium.fr\/wp-content\/uploads\/2024\/10\/screenshot_20241029_034909_chrome.jpg\",\"contentUrl\":\"https:\/\/glowpremium.fr\/wp-content\/uploads\/2024\/10\/screenshot_20241029_034909_chrome.jpg\",\"width\":866,\"height\":937,\"caption\":\"Glow Premium\"},\"image\":{\"@id\":\"https:\/\/glowpremium.fr\/#\/schema\/logo\/image\/\"}}]}<\/script>\n<!-- \/ Yoast SEO plugin. -->","yoast_head_json":{"title":"Lait \u00e9claircissant Visage et Corps White Up Correcteur De T\u00e2ches - Glow Premium","description":"lait \u00e9claircissant princesse visage et corps soins peau blanchissant beaut\u00e9 peau noire m\u00e9tisse unificateur blanchissant anti-t\u00e2ches","robots":{"index":"index","follow":"follow","max-snippet":"max-snippet:-1","max-image-preview":"max-image-preview:large","max-video-preview":"max-video-preview:-1"},"canonical":"https:\/\/glowpremium.fr\/en\/lightening-product\/lightening-milk-for-face-and-body-white-up-spot-corrector-2\/","og_locale":"en_GB","og_type":"article","og_title":"Lait \u00e9claircissant Visage et Corps White Up Correcteur De T\u00e2ches - Glow Premium","og_description":"lait \u00e9claircissant princesse visage et corps soins peau blanchissant beaut\u00e9 peau noire m\u00e9tisse unificateur blanchissant anti-t\u00e2ches","og_url":"https:\/\/glowpremium.fr\/en\/lightening-product\/lightening-milk-for-face-and-body-white-up-spot-corrector-2\/","og_site_name":"Glow Premium","article_modified_time":"2024-11-02T17:46:28+00:00","og_image":[{"width":2000,"height":1775,"url":"https:\/\/glowpremium.fr\/wp-content\/uploads\/2024\/10\/7862ee54-07cf-4cda-bd2e-a1114972f751.jpg","type":"image\/jpeg"}],"twitter_card":"summary_large_image","twitter_misc":{"Estimated reading time":"1 minute"},"schema":{"@context":"https:\/\/schema.org","@graph":[{"@type":"WebPage","@id":"https:\/\/glowpremium.fr\/produit-eclaircissant\/lait-eclaircissant-visage-et-corps-white-up-correcteur-de-taches-2\/","url":"https:\/\/glowpremium.fr\/produit-eclaircissant\/lait-eclaircissant-visage-et-corps-white-up-correcteur-de-taches-2\/","name":"Lait \u00e9claircissant Visage et Corps White Up Correcteur De T\u00e2ches - Glow Premium","isPartOf":{"@id":"https:\/\/glowpremium.fr\/#website"},"primaryImageOfPage":{"@id":"https:\/\/glowpremium.fr\/produit-eclaircissant\/lait-eclaircissant-visage-et-corps-white-up-correcteur-de-taches-2\/#primaryimage"},"image":{"@id":"https:\/\/glowpremium.fr\/produit-eclaircissant\/lait-eclaircissant-visage-et-corps-white-up-correcteur-de-taches-2\/#primaryimage"},"thumbnailUrl":"https:\/\/glowpremium.fr\/wp-content\/uploads\/2024\/10\/7862ee54-07cf-4cda-bd2e-a1114972f751.jpg","datePublished":"2024-10-28T13:39:10+00:00","dateModified":"2024-11-02T17:46:28+00:00","description":"lait \u00e9claircissant princesse visage et corps soins peau blanchissant beaut\u00e9 peau noire m\u00e9tisse unificateur blanchissant anti-t\u00e2ches","breadcrumb":{"@id":"https:\/\/glowpremium.fr\/produit-eclaircissant\/lait-eclaircissant-visage-et-corps-white-up-correcteur-de-taches-2\/#breadcrumb"},"inLanguage":"en-GB","potentialAction":[{"@type":"ReadAction","target":["https:\/\/glowpremium.fr\/produit-eclaircissant\/lait-eclaircissant-visage-et-corps-white-up-correcteur-de-taches-2\/"]}]},{"@type":"ImageObject","inLanguage":"en-GB","@id":"https:\/\/glowpremium.fr\/produit-eclaircissant\/lait-eclaircissant-visage-et-corps-white-up-correcteur-de-taches-2\/#primaryimage","url":"https:\/\/glowpremium.fr\/wp-content\/uploads\/2024\/10\/7862ee54-07cf-4cda-bd2e-a1114972f751.jpg","contentUrl":"https:\/\/glowpremium.fr\/wp-content\/uploads\/2024\/10\/7862ee54-07cf-4cda-bd2e-a1114972f751.jpg","width":2000,"height":1775},{"@type":"BreadcrumbList","@id":"https:\/\/glowpremium.fr\/produit-eclaircissant\/lait-eclaircissant-visage-et-corps-white-up-correcteur-de-taches-2\/#breadcrumb","itemListElement":[{"@type":"ListItem","position":1,"name":"Accueil","item":"https:\/\/glowpremium.fr\/"},{"@type":"ListItem","position":2,"name":"Boutique","item":"https:\/\/glowpremium.fr\/boutique-produits-eclaircissants\/"},{"@type":"ListItem","position":3,"name":"Lait \u00e9claircissant Visage et Corps White Up Correcteur De T\u00e2ches"}]},{"@type":"WebSite","@id":"https:\/\/glowpremium.fr\/#website","url":"https:\/\/glowpremium.fr\/","name":"Glow Premium","description":"","publisher":{"@id":"https:\/\/glowpremium.fr\/#organization"},"potentialAction":[{"@type":"SearchAction","target":{"@type":"EntryPoint","urlTemplate":"https:\/\/glowpremium.fr\/?s={search_term_string}"},"query-input":{"@type":"PropertyValueSpecification","valueRequired":true,"valueName":"search_term_string"}}],"inLanguage":"en-GB"},{"@type":"Organization","@id":"https:\/\/glowpremium.fr\/#organization","name":"Glow Premium","url":"https:\/\/glowpremium.fr\/","logo":{"@type":"ImageObject","inLanguage":"en-GB","@id":"https:\/\/glowpremium.fr\/#\/schema\/logo\/image\/","url":"https:\/\/glowpremium.fr\/wp-content\/uploads\/2024\/10\/screenshot_20241029_034909_chrome.jpg","contentUrl":"https:\/\/glowpremium.fr\/wp-content\/uploads\/2024\/10\/screenshot_20241029_034909_chrome.jpg","width":866,"height":937,"caption":"Glow Premium"},"image":{"@id":"https:\/\/glowpremium.fr\/#\/schema\/logo\/image\/"}}]}},"_links":{"self":[{"href":"https:\/\/glowpremium.fr\/en\/wp-json\/wp\/v2\/product\/6348","targetHints":{"allow":["GET"]}}],"collection":[{"href":"https:\/\/glowpremium.fr\/en\/wp-json\/wp\/v2\/product"}],"about":[{"href":"https:\/\/glowpremium.fr\/en\/wp-json\/wp\/v2\/types\/product"}],"replies":[{"embeddable":true,"href":"https:\/\/glowpremium.fr\/en\/wp-json\/wp\/v2\/comments?post=6348"}],"version-history":[{"count":1,"href":"https:\/\/glowpremium.fr\/en\/wp-json\/wp\/v2\/product\/6348\/revisions"}],"predecessor-version":[{"id":7236,"href":"https:\/\/glowpremium.fr\/en\/wp-json\/wp\/v2\/product\/6348\/revisions\/7236"}],"wp:featuredmedia":[{"embeddable":true,"href":"https:\/\/glowpremium.fr\/en\/wp-json\/wp\/v2\/media\/6347"}],"wp:attachment":[{"href":"https:\/\/glowpremium.fr\/en\/wp-json\/wp\/v2\/media?parent=6348"}],"wp:term":[{"taxonomy":"brand","embeddable":true,"href":"https:\/\/glowpremium.fr\/en\/wp-json\/wp\/v2\/etheme_brands?post=6348"},{"taxonomy":"product_brand","embeddable":true,"href":"https:\/\/glowpremium.fr\/en\/wp-json\/wp\/v2\/product_brand?post=6348"},{"taxonomy":"product_cat","embeddable":true,"href":"https:\/\/glowpremium.fr\/en\/wp-json\/wp\/v2\/product_cat?post=6348"},{"taxonomy":"product_tag","embeddable":true,"href":"https:\/\/glowpremium.fr\/en\/wp-json\/wp\/v2\/product_tag?post=6348"}],"curies":[{"name":"wp","href":"https:\/\/api.w.org\/{rel}","templated":true}]}}