{"id":6342,"date":"2024-10-28T14:39:05","date_gmt":"2024-10-28T13:39:05","guid":{"rendered":"https:\/\/glowpremium.fr\/produit-eclaircissant\/gamme-teint-banane-extra-lumineux-anti-taches-anti-rides-2\/"},"modified":"2024-11-02T19:32:30","modified_gmt":"2024-11-02T18:32:30","slug":"gamme-teint-banane-extra-lumineux-anti-taches-anti-rides-2","status":"publish","type":"product","link":"https:\/\/glowpremium.fr\/en\/lightening-product\/banana-complexion-range-extra-luminous-anti-spots-anti-wrinkles-2\/","title":{"rendered":"Extra-luminous banana complexion Anti-spot Anti-wrinkle range."},"content":{"rendered":"<p><strong>How to use it: <\/strong><\/p>\n<p>Use in the evening only after showering with your shower gel.<\/p>\n<p><strong>Recommendation:\u00a0<\/strong><\/p>\n<p>For external use only. If irritation occurs, discontinue use.<\/p>\n<p><strong>Ingredients:\u00a0<\/strong><\/p>\n<p>extract from banana ,omega 3 6 9 giga white alpha arbutin aha Enzyme glutathione carotenoid<\/p>","protected":false},"excerpt":{"rendered":"<p>Utilisation: Utilisation le soir uniquement apr\u00e8s la douche avec son gel douche. Recommandation :\u00a0 Usage externe seulement. Si irritation, cessez l&rsquo;utilisation du produit. Ingr\u00e9dients :\u00a0&#8230;<\/p>","protected":false},"featured_media":6341,"comment_status":"closed","ping_status":"closed","template":"","meta":[],"etheme_brands":[],"product_brand":[],"product_cat":[80,82],"product_tag":[],"class_list":{"0":"post-6342","1":"product","2":"type-product","3":"status-publish","4":"has-post-thumbnail","6":"product_cat-blanchissants-et-eclaircissants","7":"product_cat-gammes-eclaircissantes","9":"first","10":"instock","11":"shipping-taxable","12":"purchasable","13":"product-type-simple"},"yoast_head":"<!-- This site is optimized with the Yoast SEO plugin v26.7 - https:\/\/yoast.com\/wordpress\/plugins\/seo\/ -->\n<title>Gamme teint banane extra lumineux Anti-t\u00e2ches Anti-rides. - Glow Premium<\/title>\n<meta name=\"description\" content=\"Gamme teint banana \u00e9claircissant extra-lumineux anti-t\u00e2ches produit csmetique peau lumineux blanchisseur peaux noire m\u00e9tisse\" \/>\n<meta name=\"robots\" content=\"index, follow, max-snippet:-1, max-image-preview:large, max-video-preview:-1\" \/>\n<link rel=\"canonical\" href=\"https:\/\/glowpremium.fr\/en\/lightening-product\/banana-complexion-range-extra-luminous-anti-spots-anti-wrinkles-2\/\" \/>\n<meta property=\"og:locale\" content=\"en_GB\" \/>\n<meta property=\"og:type\" content=\"article\" \/>\n<meta property=\"og:title\" content=\"Gamme teint banane extra lumineux Anti-t\u00e2ches Anti-rides. - Glow Premium\" \/>\n<meta property=\"og:description\" content=\"Gamme teint banana \u00e9claircissant extra-lumineux anti-t\u00e2ches produit csmetique peau lumineux blanchisseur peaux noire m\u00e9tisse\" \/>\n<meta property=\"og:url\" content=\"https:\/\/glowpremium.fr\/en\/lightening-product\/banana-complexion-range-extra-luminous-anti-spots-anti-wrinkles-2\/\" \/>\n<meta property=\"og:site_name\" content=\"Glow Premium\" \/>\n<meta property=\"article:modified_time\" content=\"2024-11-02T18:32:30+00:00\" \/>\n<meta property=\"og:image\" content=\"https:\/\/glowpremium.fr\/wp-content\/uploads\/2024\/10\/1000044205.jpg\" \/>\n\t<meta property=\"og:image:width\" content=\"2000\" \/>\n\t<meta property=\"og:image:height\" content=\"1765\" \/>\n\t<meta property=\"og:image:type\" content=\"image\/jpeg\" \/>\n<meta name=\"twitter:card\" content=\"summary_large_image\" \/>\n<meta name=\"twitter:label1\" content=\"Estimated reading time\" \/>\n\t<meta name=\"twitter:data1\" content=\"1 minute\" \/>\n<script type=\"application\/ld+json\" class=\"yoast-schema-graph\">{\"@context\":\"https:\/\/schema.org\",\"@graph\":[{\"@type\":\"WebPage\",\"@id\":\"https:\/\/glowpremium.fr\/produit-eclaircissant\/gamme-teint-banane-extra-lumineux-anti-taches-anti-rides-2\/\",\"url\":\"https:\/\/glowpremium.fr\/produit-eclaircissant\/gamme-teint-banane-extra-lumineux-anti-taches-anti-rides-2\/\",\"name\":\"Gamme teint banane extra lumineux Anti-t\u00e2ches Anti-rides. - Glow Premium\",\"isPartOf\":{\"@id\":\"https:\/\/glowpremium.fr\/#website\"},\"primaryImageOfPage\":{\"@id\":\"https:\/\/glowpremium.fr\/produit-eclaircissant\/gamme-teint-banane-extra-lumineux-anti-taches-anti-rides-2\/#primaryimage\"},\"image\":{\"@id\":\"https:\/\/glowpremium.fr\/produit-eclaircissant\/gamme-teint-banane-extra-lumineux-anti-taches-anti-rides-2\/#primaryimage\"},\"thumbnailUrl\":\"https:\/\/glowpremium.fr\/wp-content\/uploads\/2024\/10\/1000044205.jpg\",\"datePublished\":\"2024-10-28T13:39:05+00:00\",\"dateModified\":\"2024-11-02T18:32:30+00:00\",\"description\":\"Gamme teint banana \u00e9claircissant extra-lumineux anti-t\u00e2ches produit csmetique peau lumineux blanchisseur peaux noire m\u00e9tisse\",\"breadcrumb\":{\"@id\":\"https:\/\/glowpremium.fr\/produit-eclaircissant\/gamme-teint-banane-extra-lumineux-anti-taches-anti-rides-2\/#breadcrumb\"},\"inLanguage\":\"en-GB\",\"potentialAction\":[{\"@type\":\"ReadAction\",\"target\":[\"https:\/\/glowpremium.fr\/produit-eclaircissant\/gamme-teint-banane-extra-lumineux-anti-taches-anti-rides-2\/\"]}]},{\"@type\":\"ImageObject\",\"inLanguage\":\"en-GB\",\"@id\":\"https:\/\/glowpremium.fr\/produit-eclaircissant\/gamme-teint-banane-extra-lumineux-anti-taches-anti-rides-2\/#primaryimage\",\"url\":\"https:\/\/glowpremium.fr\/wp-content\/uploads\/2024\/10\/1000044205.jpg\",\"contentUrl\":\"https:\/\/glowpremium.fr\/wp-content\/uploads\/2024\/10\/1000044205.jpg\",\"width\":2000,\"height\":1765},{\"@type\":\"BreadcrumbList\",\"@id\":\"https:\/\/glowpremium.fr\/produit-eclaircissant\/gamme-teint-banane-extra-lumineux-anti-taches-anti-rides-2\/#breadcrumb\",\"itemListElement\":[{\"@type\":\"ListItem\",\"position\":1,\"name\":\"Accueil\",\"item\":\"https:\/\/glowpremium.fr\/\"},{\"@type\":\"ListItem\",\"position\":2,\"name\":\"Boutique\",\"item\":\"https:\/\/glowpremium.fr\/boutique-produits-eclaircissants\/\"},{\"@type\":\"ListItem\",\"position\":3,\"name\":\"Gamme teint banane extra lumineux Anti-t\u00e2ches Anti-rides.\"}]},{\"@type\":\"WebSite\",\"@id\":\"https:\/\/glowpremium.fr\/#website\",\"url\":\"https:\/\/glowpremium.fr\/\",\"name\":\"Glow Premium\",\"description\":\"\",\"publisher\":{\"@id\":\"https:\/\/glowpremium.fr\/#organization\"},\"potentialAction\":[{\"@type\":\"SearchAction\",\"target\":{\"@type\":\"EntryPoint\",\"urlTemplate\":\"https:\/\/glowpremium.fr\/?s={search_term_string}\"},\"query-input\":{\"@type\":\"PropertyValueSpecification\",\"valueRequired\":true,\"valueName\":\"search_term_string\"}}],\"inLanguage\":\"en-GB\"},{\"@type\":\"Organization\",\"@id\":\"https:\/\/glowpremium.fr\/#organization\",\"name\":\"Glow Premium\",\"url\":\"https:\/\/glowpremium.fr\/\",\"logo\":{\"@type\":\"ImageObject\",\"inLanguage\":\"en-GB\",\"@id\":\"https:\/\/glowpremium.fr\/#\/schema\/logo\/image\/\",\"url\":\"https:\/\/glowpremium.fr\/wp-content\/uploads\/2024\/10\/screenshot_20241029_034909_chrome.jpg\",\"contentUrl\":\"https:\/\/glowpremium.fr\/wp-content\/uploads\/2024\/10\/screenshot_20241029_034909_chrome.jpg\",\"width\":866,\"height\":937,\"caption\":\"Glow Premium\"},\"image\":{\"@id\":\"https:\/\/glowpremium.fr\/#\/schema\/logo\/image\/\"}}]}<\/script>\n<!-- \/ Yoast SEO plugin. -->","yoast_head_json":{"title":"Gamme teint banane extra lumineux Anti-t\u00e2ches Anti-rides. - Glow Premium","description":"Gamme teint banana \u00e9claircissant extra-lumineux anti-t\u00e2ches produit csmetique peau lumineux blanchisseur peaux noire m\u00e9tisse","robots":{"index":"index","follow":"follow","max-snippet":"max-snippet:-1","max-image-preview":"max-image-preview:large","max-video-preview":"max-video-preview:-1"},"canonical":"https:\/\/glowpremium.fr\/en\/lightening-product\/banana-complexion-range-extra-luminous-anti-spots-anti-wrinkles-2\/","og_locale":"en_GB","og_type":"article","og_title":"Gamme teint banane extra lumineux Anti-t\u00e2ches Anti-rides. - Glow Premium","og_description":"Gamme teint banana \u00e9claircissant extra-lumineux anti-t\u00e2ches produit csmetique peau lumineux blanchisseur peaux noire m\u00e9tisse","og_url":"https:\/\/glowpremium.fr\/en\/lightening-product\/banana-complexion-range-extra-luminous-anti-spots-anti-wrinkles-2\/","og_site_name":"Glow Premium","article_modified_time":"2024-11-02T18:32:30+00:00","og_image":[{"width":2000,"height":1765,"url":"https:\/\/glowpremium.fr\/wp-content\/uploads\/2024\/10\/1000044205.jpg","type":"image\/jpeg"}],"twitter_card":"summary_large_image","twitter_misc":{"Estimated reading time":"1 minute"},"schema":{"@context":"https:\/\/schema.org","@graph":[{"@type":"WebPage","@id":"https:\/\/glowpremium.fr\/produit-eclaircissant\/gamme-teint-banane-extra-lumineux-anti-taches-anti-rides-2\/","url":"https:\/\/glowpremium.fr\/produit-eclaircissant\/gamme-teint-banane-extra-lumineux-anti-taches-anti-rides-2\/","name":"Gamme teint banane extra lumineux Anti-t\u00e2ches Anti-rides. - Glow Premium","isPartOf":{"@id":"https:\/\/glowpremium.fr\/#website"},"primaryImageOfPage":{"@id":"https:\/\/glowpremium.fr\/produit-eclaircissant\/gamme-teint-banane-extra-lumineux-anti-taches-anti-rides-2\/#primaryimage"},"image":{"@id":"https:\/\/glowpremium.fr\/produit-eclaircissant\/gamme-teint-banane-extra-lumineux-anti-taches-anti-rides-2\/#primaryimage"},"thumbnailUrl":"https:\/\/glowpremium.fr\/wp-content\/uploads\/2024\/10\/1000044205.jpg","datePublished":"2024-10-28T13:39:05+00:00","dateModified":"2024-11-02T18:32:30+00:00","description":"Gamme teint banana \u00e9claircissant extra-lumineux anti-t\u00e2ches produit csmetique peau lumineux blanchisseur peaux noire m\u00e9tisse","breadcrumb":{"@id":"https:\/\/glowpremium.fr\/produit-eclaircissant\/gamme-teint-banane-extra-lumineux-anti-taches-anti-rides-2\/#breadcrumb"},"inLanguage":"en-GB","potentialAction":[{"@type":"ReadAction","target":["https:\/\/glowpremium.fr\/produit-eclaircissant\/gamme-teint-banane-extra-lumineux-anti-taches-anti-rides-2\/"]}]},{"@type":"ImageObject","inLanguage":"en-GB","@id":"https:\/\/glowpremium.fr\/produit-eclaircissant\/gamme-teint-banane-extra-lumineux-anti-taches-anti-rides-2\/#primaryimage","url":"https:\/\/glowpremium.fr\/wp-content\/uploads\/2024\/10\/1000044205.jpg","contentUrl":"https:\/\/glowpremium.fr\/wp-content\/uploads\/2024\/10\/1000044205.jpg","width":2000,"height":1765},{"@type":"BreadcrumbList","@id":"https:\/\/glowpremium.fr\/produit-eclaircissant\/gamme-teint-banane-extra-lumineux-anti-taches-anti-rides-2\/#breadcrumb","itemListElement":[{"@type":"ListItem","position":1,"name":"Accueil","item":"https:\/\/glowpremium.fr\/"},{"@type":"ListItem","position":2,"name":"Boutique","item":"https:\/\/glowpremium.fr\/boutique-produits-eclaircissants\/"},{"@type":"ListItem","position":3,"name":"Gamme teint banane extra lumineux Anti-t\u00e2ches Anti-rides."}]},{"@type":"WebSite","@id":"https:\/\/glowpremium.fr\/#website","url":"https:\/\/glowpremium.fr\/","name":"Glow Premium","description":"","publisher":{"@id":"https:\/\/glowpremium.fr\/#organization"},"potentialAction":[{"@type":"SearchAction","target":{"@type":"EntryPoint","urlTemplate":"https:\/\/glowpremium.fr\/?s={search_term_string}"},"query-input":{"@type":"PropertyValueSpecification","valueRequired":true,"valueName":"search_term_string"}}],"inLanguage":"en-GB"},{"@type":"Organization","@id":"https:\/\/glowpremium.fr\/#organization","name":"Glow Premium","url":"https:\/\/glowpremium.fr\/","logo":{"@type":"ImageObject","inLanguage":"en-GB","@id":"https:\/\/glowpremium.fr\/#\/schema\/logo\/image\/","url":"https:\/\/glowpremium.fr\/wp-content\/uploads\/2024\/10\/screenshot_20241029_034909_chrome.jpg","contentUrl":"https:\/\/glowpremium.fr\/wp-content\/uploads\/2024\/10\/screenshot_20241029_034909_chrome.jpg","width":866,"height":937,"caption":"Glow Premium"},"image":{"@id":"https:\/\/glowpremium.fr\/#\/schema\/logo\/image\/"}}]}},"_links":{"self":[{"href":"https:\/\/glowpremium.fr\/en\/wp-json\/wp\/v2\/product\/6342","targetHints":{"allow":["GET"]}}],"collection":[{"href":"https:\/\/glowpremium.fr\/en\/wp-json\/wp\/v2\/product"}],"about":[{"href":"https:\/\/glowpremium.fr\/en\/wp-json\/wp\/v2\/types\/product"}],"replies":[{"embeddable":true,"href":"https:\/\/glowpremium.fr\/en\/wp-json\/wp\/v2\/comments?post=6342"}],"version-history":[{"count":1,"href":"https:\/\/glowpremium.fr\/en\/wp-json\/wp\/v2\/product\/6342\/revisions"}],"predecessor-version":[{"id":7237,"href":"https:\/\/glowpremium.fr\/en\/wp-json\/wp\/v2\/product\/6342\/revisions\/7237"}],"wp:featuredmedia":[{"embeddable":true,"href":"https:\/\/glowpremium.fr\/en\/wp-json\/wp\/v2\/media\/6341"}],"wp:attachment":[{"href":"https:\/\/glowpremium.fr\/en\/wp-json\/wp\/v2\/media?parent=6342"}],"wp:term":[{"taxonomy":"brand","embeddable":true,"href":"https:\/\/glowpremium.fr\/en\/wp-json\/wp\/v2\/etheme_brands?post=6342"},{"taxonomy":"product_brand","embeddable":true,"href":"https:\/\/glowpremium.fr\/en\/wp-json\/wp\/v2\/product_brand?post=6342"},{"taxonomy":"product_cat","embeddable":true,"href":"https:\/\/glowpremium.fr\/en\/wp-json\/wp\/v2\/product_cat?post=6342"},{"taxonomy":"product_tag","embeddable":true,"href":"https:\/\/glowpremium.fr\/en\/wp-json\/wp\/v2\/product_tag?post=6342"}],"curies":[{"name":"wp","href":"https:\/\/api.w.org\/{rel}","templated":true}]}}