{"id":6337,"date":"2024-10-28T14:39:02","date_gmt":"2024-10-28T13:39:02","guid":{"rendered":"https:\/\/glowpremium.fr\/produit-eclaircissant\/lait-clarifiant-super-et-rapide-miss-soudan-a-la-carotte-2\/"},"modified":"2024-11-04T11:31:05","modified_gmt":"2024-11-04T10:31:05","slug":"lait-clarifiant-super-et-rapide-miss-soudan-a-la-carotte-2","status":"publish","type":"product","link":"https:\/\/glowpremium.fr\/en\/lightening-product\/miss-soudan-carrot-clarifying-milk-2\/","title":{"rendered":"Miss Soudan Super Quick Clarifying Milk with Carrot"},"content":{"rendered":"<p><strong>How to use :<\/strong><\/p>\n<p>Apply twice a day to clean skin all over the body.<\/p>\n<p><strong>Recommendation:<\/strong><\/p>\n<p>For external use only. If irritation occurs, discontinue use. Keep out of reach of children.<\/p>\n<p><strong>Composition:<\/strong><\/p>\n<p>Aqua, Essential oil, Citric acid, Glycerin, Carrot extract, EDTA, Lactic acid.<\/p>","protected":false},"excerpt":{"rendered":"<p>Miss SOUDAN milk has been specially developed to effectively combat dark spots on the skin and even out the complexion, thanks to its rich formula with carrot extracts. This milk eliminates hyperpigmented cells while intensely moisturising your skin. This new velvety texture, with its gentle fragrance, penetrates the skin's surface quickly and easily, for optimum action. The lightening active ingredients act at the heart of the epidermis, effectively preventing and eliminating depigmentation imperfections. This milk nourishes deep down and your complexion will become harmonious and clearer.<\/p>\n<p>&nbsp;<\/p>","protected":false},"featured_media":6336,"comment_status":"closed","ping_status":"closed","template":"","meta":[],"etheme_brands":[],"product_brand":[],"product_cat":[80,85],"product_tag":[],"class_list":{"0":"post-6337","1":"product","2":"type-product","3":"status-publish","4":"has-post-thumbnail","6":"product_cat-blanchissants-et-eclaircissants","7":"product_cat-laits-eclaircissants","9":"first","10":"instock","11":"shipping-taxable","12":"purchasable","13":"product-type-simple"},"yoast_head":"<!-- This site is optimized with the Yoast SEO plugin v26.7 - https:\/\/yoast.com\/wordpress\/plugins\/seo\/ -->\n<title>Lait clarifiant Super Et Rapide Miss Soudan \u00e0 la carotte - Glow Premium<\/title>\n<meta name=\"description\" content=\"Lait \u00e9claircissant miss Soudan anti-t\u00e2ches lait corporelle blanchissant peau noire m\u00e9tisse produit de beaut\u00e9 blanchissant uniformise\" \/>\n<meta name=\"robots\" content=\"index, follow, max-snippet:-1, max-image-preview:large, max-video-preview:-1\" \/>\n<link rel=\"canonical\" href=\"https:\/\/glowpremium.fr\/en\/lightening-product\/miss-soudan-carrot-clarifying-milk-2\/\" \/>\n<meta property=\"og:locale\" content=\"en_GB\" \/>\n<meta property=\"og:type\" content=\"article\" \/>\n<meta property=\"og:title\" content=\"Lait clarifiant Super Et Rapide Miss Soudan \u00e0 la carotte - Glow Premium\" \/>\n<meta property=\"og:description\" content=\"Lait \u00e9claircissant miss Soudan anti-t\u00e2ches lait corporelle blanchissant peau noire m\u00e9tisse produit de beaut\u00e9 blanchissant uniformise\" \/>\n<meta property=\"og:url\" content=\"https:\/\/glowpremium.fr\/en\/lightening-product\/miss-soudan-carrot-clarifying-milk-2\/\" \/>\n<meta property=\"og:site_name\" content=\"Glow Premium\" \/>\n<meta property=\"article:modified_time\" content=\"2024-11-04T10:31:05+00:00\" \/>\n<meta property=\"og:image\" content=\"https:\/\/glowpremium.fr\/wp-content\/uploads\/2024\/10\/59c1c5d2-7de0-4674-98b2-08301db3dcec.jpg\" \/>\n\t<meta property=\"og:image:width\" content=\"2000\" \/>\n\t<meta property=\"og:image:height\" content=\"1733\" \/>\n\t<meta property=\"og:image:type\" content=\"image\/jpeg\" \/>\n<meta name=\"twitter:card\" content=\"summary_large_image\" \/>\n<meta name=\"twitter:label1\" content=\"Estimated reading time\" \/>\n\t<meta name=\"twitter:data1\" content=\"1 minute\" \/>\n<script type=\"application\/ld+json\" class=\"yoast-schema-graph\">{\"@context\":\"https:\/\/schema.org\",\"@graph\":[{\"@type\":\"WebPage\",\"@id\":\"https:\/\/glowpremium.fr\/produit-eclaircissant\/lait-clarifiant-super-et-rapide-miss-soudan-a-la-carotte-2\/\",\"url\":\"https:\/\/glowpremium.fr\/produit-eclaircissant\/lait-clarifiant-super-et-rapide-miss-soudan-a-la-carotte-2\/\",\"name\":\"Lait clarifiant Super Et Rapide Miss Soudan \u00e0 la carotte - Glow Premium\",\"isPartOf\":{\"@id\":\"https:\/\/glowpremium.fr\/#website\"},\"primaryImageOfPage\":{\"@id\":\"https:\/\/glowpremium.fr\/produit-eclaircissant\/lait-clarifiant-super-et-rapide-miss-soudan-a-la-carotte-2\/#primaryimage\"},\"image\":{\"@id\":\"https:\/\/glowpremium.fr\/produit-eclaircissant\/lait-clarifiant-super-et-rapide-miss-soudan-a-la-carotte-2\/#primaryimage\"},\"thumbnailUrl\":\"https:\/\/glowpremium.fr\/wp-content\/uploads\/2024\/10\/59c1c5d2-7de0-4674-98b2-08301db3dcec.jpg\",\"datePublished\":\"2024-10-28T13:39:02+00:00\",\"dateModified\":\"2024-11-04T10:31:05+00:00\",\"description\":\"Lait \u00e9claircissant miss Soudan anti-t\u00e2ches lait corporelle blanchissant peau noire m\u00e9tisse produit de beaut\u00e9 blanchissant uniformise\",\"breadcrumb\":{\"@id\":\"https:\/\/glowpremium.fr\/produit-eclaircissant\/lait-clarifiant-super-et-rapide-miss-soudan-a-la-carotte-2\/#breadcrumb\"},\"inLanguage\":\"en-GB\",\"potentialAction\":[{\"@type\":\"ReadAction\",\"target\":[\"https:\/\/glowpremium.fr\/produit-eclaircissant\/lait-clarifiant-super-et-rapide-miss-soudan-a-la-carotte-2\/\"]}]},{\"@type\":\"ImageObject\",\"inLanguage\":\"en-GB\",\"@id\":\"https:\/\/glowpremium.fr\/produit-eclaircissant\/lait-clarifiant-super-et-rapide-miss-soudan-a-la-carotte-2\/#primaryimage\",\"url\":\"https:\/\/glowpremium.fr\/wp-content\/uploads\/2024\/10\/59c1c5d2-7de0-4674-98b2-08301db3dcec.jpg\",\"contentUrl\":\"https:\/\/glowpremium.fr\/wp-content\/uploads\/2024\/10\/59c1c5d2-7de0-4674-98b2-08301db3dcec.jpg\",\"width\":2000,\"height\":1733},{\"@type\":\"BreadcrumbList\",\"@id\":\"https:\/\/glowpremium.fr\/produit-eclaircissant\/lait-clarifiant-super-et-rapide-miss-soudan-a-la-carotte-2\/#breadcrumb\",\"itemListElement\":[{\"@type\":\"ListItem\",\"position\":1,\"name\":\"Accueil\",\"item\":\"https:\/\/glowpremium.fr\/\"},{\"@type\":\"ListItem\",\"position\":2,\"name\":\"Boutique\",\"item\":\"https:\/\/glowpremium.fr\/boutique-produits-eclaircissants\/\"},{\"@type\":\"ListItem\",\"position\":3,\"name\":\"Lait clarifiant Super Et Rapide Miss Soudan \u00e0 la carotte\"}]},{\"@type\":\"WebSite\",\"@id\":\"https:\/\/glowpremium.fr\/#website\",\"url\":\"https:\/\/glowpremium.fr\/\",\"name\":\"Glow Premium\",\"description\":\"\",\"publisher\":{\"@id\":\"https:\/\/glowpremium.fr\/#organization\"},\"potentialAction\":[{\"@type\":\"SearchAction\",\"target\":{\"@type\":\"EntryPoint\",\"urlTemplate\":\"https:\/\/glowpremium.fr\/?s={search_term_string}\"},\"query-input\":{\"@type\":\"PropertyValueSpecification\",\"valueRequired\":true,\"valueName\":\"search_term_string\"}}],\"inLanguage\":\"en-GB\"},{\"@type\":\"Organization\",\"@id\":\"https:\/\/glowpremium.fr\/#organization\",\"name\":\"Glow Premium\",\"url\":\"https:\/\/glowpremium.fr\/\",\"logo\":{\"@type\":\"ImageObject\",\"inLanguage\":\"en-GB\",\"@id\":\"https:\/\/glowpremium.fr\/#\/schema\/logo\/image\/\",\"url\":\"https:\/\/glowpremium.fr\/wp-content\/uploads\/2024\/10\/screenshot_20241029_034909_chrome.jpg\",\"contentUrl\":\"https:\/\/glowpremium.fr\/wp-content\/uploads\/2024\/10\/screenshot_20241029_034909_chrome.jpg\",\"width\":866,\"height\":937,\"caption\":\"Glow Premium\"},\"image\":{\"@id\":\"https:\/\/glowpremium.fr\/#\/schema\/logo\/image\/\"}}]}<\/script>\n<!-- \/ Yoast SEO plugin. -->","yoast_head_json":{"title":"Lait clarifiant Super Et Rapide Miss Soudan \u00e0 la carotte - Glow Premium","description":"Lait \u00e9claircissant miss Soudan anti-t\u00e2ches lait corporelle blanchissant peau noire m\u00e9tisse produit de beaut\u00e9 blanchissant uniformise","robots":{"index":"index","follow":"follow","max-snippet":"max-snippet:-1","max-image-preview":"max-image-preview:large","max-video-preview":"max-video-preview:-1"},"canonical":"https:\/\/glowpremium.fr\/en\/lightening-product\/miss-soudan-carrot-clarifying-milk-2\/","og_locale":"en_GB","og_type":"article","og_title":"Lait clarifiant Super Et Rapide Miss Soudan \u00e0 la carotte - Glow Premium","og_description":"Lait \u00e9claircissant miss Soudan anti-t\u00e2ches lait corporelle blanchissant peau noire m\u00e9tisse produit de beaut\u00e9 blanchissant uniformise","og_url":"https:\/\/glowpremium.fr\/en\/lightening-product\/miss-soudan-carrot-clarifying-milk-2\/","og_site_name":"Glow Premium","article_modified_time":"2024-11-04T10:31:05+00:00","og_image":[{"width":2000,"height":1733,"url":"https:\/\/glowpremium.fr\/wp-content\/uploads\/2024\/10\/59c1c5d2-7de0-4674-98b2-08301db3dcec.jpg","type":"image\/jpeg"}],"twitter_card":"summary_large_image","twitter_misc":{"Estimated reading time":"1 minute"},"schema":{"@context":"https:\/\/schema.org","@graph":[{"@type":"WebPage","@id":"https:\/\/glowpremium.fr\/produit-eclaircissant\/lait-clarifiant-super-et-rapide-miss-soudan-a-la-carotte-2\/","url":"https:\/\/glowpremium.fr\/produit-eclaircissant\/lait-clarifiant-super-et-rapide-miss-soudan-a-la-carotte-2\/","name":"Lait clarifiant Super Et Rapide Miss Soudan \u00e0 la carotte - Glow Premium","isPartOf":{"@id":"https:\/\/glowpremium.fr\/#website"},"primaryImageOfPage":{"@id":"https:\/\/glowpremium.fr\/produit-eclaircissant\/lait-clarifiant-super-et-rapide-miss-soudan-a-la-carotte-2\/#primaryimage"},"image":{"@id":"https:\/\/glowpremium.fr\/produit-eclaircissant\/lait-clarifiant-super-et-rapide-miss-soudan-a-la-carotte-2\/#primaryimage"},"thumbnailUrl":"https:\/\/glowpremium.fr\/wp-content\/uploads\/2024\/10\/59c1c5d2-7de0-4674-98b2-08301db3dcec.jpg","datePublished":"2024-10-28T13:39:02+00:00","dateModified":"2024-11-04T10:31:05+00:00","description":"Lait \u00e9claircissant miss Soudan anti-t\u00e2ches lait corporelle blanchissant peau noire m\u00e9tisse produit de beaut\u00e9 blanchissant uniformise","breadcrumb":{"@id":"https:\/\/glowpremium.fr\/produit-eclaircissant\/lait-clarifiant-super-et-rapide-miss-soudan-a-la-carotte-2\/#breadcrumb"},"inLanguage":"en-GB","potentialAction":[{"@type":"ReadAction","target":["https:\/\/glowpremium.fr\/produit-eclaircissant\/lait-clarifiant-super-et-rapide-miss-soudan-a-la-carotte-2\/"]}]},{"@type":"ImageObject","inLanguage":"en-GB","@id":"https:\/\/glowpremium.fr\/produit-eclaircissant\/lait-clarifiant-super-et-rapide-miss-soudan-a-la-carotte-2\/#primaryimage","url":"https:\/\/glowpremium.fr\/wp-content\/uploads\/2024\/10\/59c1c5d2-7de0-4674-98b2-08301db3dcec.jpg","contentUrl":"https:\/\/glowpremium.fr\/wp-content\/uploads\/2024\/10\/59c1c5d2-7de0-4674-98b2-08301db3dcec.jpg","width":2000,"height":1733},{"@type":"BreadcrumbList","@id":"https:\/\/glowpremium.fr\/produit-eclaircissant\/lait-clarifiant-super-et-rapide-miss-soudan-a-la-carotte-2\/#breadcrumb","itemListElement":[{"@type":"ListItem","position":1,"name":"Accueil","item":"https:\/\/glowpremium.fr\/"},{"@type":"ListItem","position":2,"name":"Boutique","item":"https:\/\/glowpremium.fr\/boutique-produits-eclaircissants\/"},{"@type":"ListItem","position":3,"name":"Lait clarifiant Super Et Rapide Miss Soudan \u00e0 la carotte"}]},{"@type":"WebSite","@id":"https:\/\/glowpremium.fr\/#website","url":"https:\/\/glowpremium.fr\/","name":"Glow Premium","description":"","publisher":{"@id":"https:\/\/glowpremium.fr\/#organization"},"potentialAction":[{"@type":"SearchAction","target":{"@type":"EntryPoint","urlTemplate":"https:\/\/glowpremium.fr\/?s={search_term_string}"},"query-input":{"@type":"PropertyValueSpecification","valueRequired":true,"valueName":"search_term_string"}}],"inLanguage":"en-GB"},{"@type":"Organization","@id":"https:\/\/glowpremium.fr\/#organization","name":"Glow Premium","url":"https:\/\/glowpremium.fr\/","logo":{"@type":"ImageObject","inLanguage":"en-GB","@id":"https:\/\/glowpremium.fr\/#\/schema\/logo\/image\/","url":"https:\/\/glowpremium.fr\/wp-content\/uploads\/2024\/10\/screenshot_20241029_034909_chrome.jpg","contentUrl":"https:\/\/glowpremium.fr\/wp-content\/uploads\/2024\/10\/screenshot_20241029_034909_chrome.jpg","width":866,"height":937,"caption":"Glow Premium"},"image":{"@id":"https:\/\/glowpremium.fr\/#\/schema\/logo\/image\/"}}]}},"_links":{"self":[{"href":"https:\/\/glowpremium.fr\/en\/wp-json\/wp\/v2\/product\/6337","targetHints":{"allow":["GET"]}}],"collection":[{"href":"https:\/\/glowpremium.fr\/en\/wp-json\/wp\/v2\/product"}],"about":[{"href":"https:\/\/glowpremium.fr\/en\/wp-json\/wp\/v2\/types\/product"}],"replies":[{"embeddable":true,"href":"https:\/\/glowpremium.fr\/en\/wp-json\/wp\/v2\/comments?post=6337"}],"version-history":[{"count":1,"href":"https:\/\/glowpremium.fr\/en\/wp-json\/wp\/v2\/product\/6337\/revisions"}],"predecessor-version":[{"id":7244,"href":"https:\/\/glowpremium.fr\/en\/wp-json\/wp\/v2\/product\/6337\/revisions\/7244"}],"wp:featuredmedia":[{"embeddable":true,"href":"https:\/\/glowpremium.fr\/en\/wp-json\/wp\/v2\/media\/6336"}],"wp:attachment":[{"href":"https:\/\/glowpremium.fr\/en\/wp-json\/wp\/v2\/media?parent=6337"}],"wp:term":[{"taxonomy":"brand","embeddable":true,"href":"https:\/\/glowpremium.fr\/en\/wp-json\/wp\/v2\/etheme_brands?post=6337"},{"taxonomy":"product_brand","embeddable":true,"href":"https:\/\/glowpremium.fr\/en\/wp-json\/wp\/v2\/product_brand?post=6337"},{"taxonomy":"product_cat","embeddable":true,"href":"https:\/\/glowpremium.fr\/en\/wp-json\/wp\/v2\/product_cat?post=6337"},{"taxonomy":"product_tag","embeddable":true,"href":"https:\/\/glowpremium.fr\/en\/wp-json\/wp\/v2\/product_tag?post=6337"}],"curies":[{"name":"wp","href":"https:\/\/api.w.org\/{rel}","templated":true}]}}