{"id":6335,"date":"2024-10-28T14:39:01","date_gmt":"2024-10-28T13:39:01","guid":{"rendered":"https:\/\/glowpremium.fr\/produit-eclaircissant\/gamme-eclaircissant-teint-jaune-super-rapide-2\/"},"modified":"2024-11-04T12:41:58","modified_gmt":"2024-11-04T11:41:58","slug":"gamme-eclaircissant-teint-jaune-super-rapide-2","status":"publish","type":"product","link":"https:\/\/glowpremium.fr\/en\/lightening-product\/super-fast-yellow-complexion-brightener-range-2\/","title":{"rendered":"Super Fast Yellow Complexion Lightening range"},"content":{"rendered":"<p><strong>How to use :<\/strong><br \/>\nApply morning and\/or evening to clean skin.<br \/>\n<strong>Recommendation:<\/strong><br \/>\nFor external use only. Avoid contact with eyes. If irritation occurs, discontinue use.<br \/>\n<strong>Composition:<\/strong><br \/>\nAqua, Petrolatum, Mineral oil, Imp, Cetostearyl alcohol, Carrot oil, Salicylic Acid, Sodium Metabisulfite, Sodium Sulfite, Allantoin, 1,4-Dihydroxybenzene, Citric Acid, Sodium lauryl ether sulfate, Stearic acid, Glycerin, Mpg, Propyl paraben Metyl Paraben, Vitamin E, Fragrance.<\/p>","protected":false},"excerpt":{"rendered":"<p>Teint Jaune ultra rapide has been developed to even out and moisturise your complexion. Thanks to fruit acid extracts and their multi-vitamins, this milk is a truly multi-active skin care product. Its clarifying agents act to blur and counteract acne blemishes. This milk clarifies your complexion and preserves your skin's youthful appearance.<\/p>","protected":false},"featured_media":6334,"comment_status":"closed","ping_status":"closed","template":"","meta":[],"etheme_brands":[],"product_brand":[],"product_cat":[80,82],"product_tag":[],"class_list":{"0":"post-6335","1":"product","2":"type-product","3":"status-publish","4":"has-post-thumbnail","6":"product_cat-blanchissants-et-eclaircissants","7":"product_cat-gammes-eclaircissantes","9":"first","10":"instock","11":"shipping-taxable","12":"purchasable","13":"product-type-simple"},"yoast_head":"<!-- This site is optimized with the Yoast SEO plugin v26.7 - https:\/\/yoast.com\/wordpress\/plugins\/seo\/ -->\n<title>Gamme \u00e9claircissant Teint Jaune Super rapide - Glow Premium<\/title>\n<meta name=\"description\" content=\"Gamme teint jaune \u00e9claircissant produit de beaut\u00e9 beaut\u00e9 \u00e9claircissant pour peau noire m\u00e9tisse uniformise la peau beaut\u00e9 blanchissante\" \/>\n<meta name=\"robots\" content=\"index, follow, max-snippet:-1, max-image-preview:large, max-video-preview:-1\" \/>\n<link rel=\"canonical\" href=\"https:\/\/glowpremium.fr\/en\/lightening-product\/super-fast-yellow-complexion-brightener-range-2\/\" \/>\n<meta property=\"og:locale\" content=\"en_GB\" \/>\n<meta property=\"og:type\" content=\"article\" \/>\n<meta property=\"og:title\" content=\"Gamme \u00e9claircissant Teint Jaune Super rapide - Glow Premium\" \/>\n<meta property=\"og:description\" content=\"Gamme teint jaune \u00e9claircissant produit de beaut\u00e9 beaut\u00e9 \u00e9claircissant pour peau noire m\u00e9tisse uniformise la peau beaut\u00e9 blanchissante\" \/>\n<meta property=\"og:url\" content=\"https:\/\/glowpremium.fr\/en\/lightening-product\/super-fast-yellow-complexion-brightener-range-2\/\" \/>\n<meta property=\"og:site_name\" content=\"Glow Premium\" \/>\n<meta property=\"article:modified_time\" content=\"2024-11-04T11:41:58+00:00\" \/>\n<meta property=\"og:image\" content=\"https:\/\/glowpremium.fr\/wp-content\/uploads\/2024\/10\/4fb58146-855d-444f-a00d-25a7ab572327.jpg\" \/>\n\t<meta property=\"og:image:width\" content=\"1600\" \/>\n\t<meta property=\"og:image:height\" content=\"1416\" \/>\n\t<meta property=\"og:image:type\" content=\"image\/jpeg\" \/>\n<meta name=\"twitter:card\" content=\"summary_large_image\" \/>\n<meta name=\"twitter:label1\" content=\"Estimated reading time\" \/>\n\t<meta name=\"twitter:data1\" content=\"1 minute\" \/>\n<script type=\"application\/ld+json\" class=\"yoast-schema-graph\">{\"@context\":\"https:\/\/schema.org\",\"@graph\":[{\"@type\":\"WebPage\",\"@id\":\"https:\/\/glowpremium.fr\/produit-eclaircissant\/gamme-eclaircissant-teint-jaune-super-rapide-2\/\",\"url\":\"https:\/\/glowpremium.fr\/produit-eclaircissant\/gamme-eclaircissant-teint-jaune-super-rapide-2\/\",\"name\":\"Gamme \u00e9claircissant Teint Jaune Super rapide - Glow Premium\",\"isPartOf\":{\"@id\":\"https:\/\/glowpremium.fr\/#website\"},\"primaryImageOfPage\":{\"@id\":\"https:\/\/glowpremium.fr\/produit-eclaircissant\/gamme-eclaircissant-teint-jaune-super-rapide-2\/#primaryimage\"},\"image\":{\"@id\":\"https:\/\/glowpremium.fr\/produit-eclaircissant\/gamme-eclaircissant-teint-jaune-super-rapide-2\/#primaryimage\"},\"thumbnailUrl\":\"https:\/\/glowpremium.fr\/wp-content\/uploads\/2024\/10\/4fb58146-855d-444f-a00d-25a7ab572327.jpg\",\"datePublished\":\"2024-10-28T13:39:01+00:00\",\"dateModified\":\"2024-11-04T11:41:58+00:00\",\"description\":\"Gamme teint jaune \u00e9claircissant produit de beaut\u00e9 beaut\u00e9 \u00e9claircissant pour peau noire m\u00e9tisse uniformise la peau beaut\u00e9 blanchissante\",\"breadcrumb\":{\"@id\":\"https:\/\/glowpremium.fr\/produit-eclaircissant\/gamme-eclaircissant-teint-jaune-super-rapide-2\/#breadcrumb\"},\"inLanguage\":\"en-GB\",\"potentialAction\":[{\"@type\":\"ReadAction\",\"target\":[\"https:\/\/glowpremium.fr\/produit-eclaircissant\/gamme-eclaircissant-teint-jaune-super-rapide-2\/\"]}]},{\"@type\":\"ImageObject\",\"inLanguage\":\"en-GB\",\"@id\":\"https:\/\/glowpremium.fr\/produit-eclaircissant\/gamme-eclaircissant-teint-jaune-super-rapide-2\/#primaryimage\",\"url\":\"https:\/\/glowpremium.fr\/wp-content\/uploads\/2024\/10\/4fb58146-855d-444f-a00d-25a7ab572327.jpg\",\"contentUrl\":\"https:\/\/glowpremium.fr\/wp-content\/uploads\/2024\/10\/4fb58146-855d-444f-a00d-25a7ab572327.jpg\",\"width\":1600,\"height\":1416},{\"@type\":\"BreadcrumbList\",\"@id\":\"https:\/\/glowpremium.fr\/produit-eclaircissant\/gamme-eclaircissant-teint-jaune-super-rapide-2\/#breadcrumb\",\"itemListElement\":[{\"@type\":\"ListItem\",\"position\":1,\"name\":\"Accueil\",\"item\":\"https:\/\/glowpremium.fr\/\"},{\"@type\":\"ListItem\",\"position\":2,\"name\":\"Boutique\",\"item\":\"https:\/\/glowpremium.fr\/boutique-produits-eclaircissants\/\"},{\"@type\":\"ListItem\",\"position\":3,\"name\":\"Gamme \u00e9claircissant Teint Jaune Super rapide\"}]},{\"@type\":\"WebSite\",\"@id\":\"https:\/\/glowpremium.fr\/#website\",\"url\":\"https:\/\/glowpremium.fr\/\",\"name\":\"Glow Premium\",\"description\":\"\",\"publisher\":{\"@id\":\"https:\/\/glowpremium.fr\/#organization\"},\"potentialAction\":[{\"@type\":\"SearchAction\",\"target\":{\"@type\":\"EntryPoint\",\"urlTemplate\":\"https:\/\/glowpremium.fr\/?s={search_term_string}\"},\"query-input\":{\"@type\":\"PropertyValueSpecification\",\"valueRequired\":true,\"valueName\":\"search_term_string\"}}],\"inLanguage\":\"en-GB\"},{\"@type\":\"Organization\",\"@id\":\"https:\/\/glowpremium.fr\/#organization\",\"name\":\"Glow Premium\",\"url\":\"https:\/\/glowpremium.fr\/\",\"logo\":{\"@type\":\"ImageObject\",\"inLanguage\":\"en-GB\",\"@id\":\"https:\/\/glowpremium.fr\/#\/schema\/logo\/image\/\",\"url\":\"https:\/\/glowpremium.fr\/wp-content\/uploads\/2024\/10\/screenshot_20241029_034909_chrome.jpg\",\"contentUrl\":\"https:\/\/glowpremium.fr\/wp-content\/uploads\/2024\/10\/screenshot_20241029_034909_chrome.jpg\",\"width\":866,\"height\":937,\"caption\":\"Glow Premium\"},\"image\":{\"@id\":\"https:\/\/glowpremium.fr\/#\/schema\/logo\/image\/\"}}]}<\/script>\n<!-- \/ Yoast SEO plugin. -->","yoast_head_json":{"title":"Gamme \u00e9claircissant Teint Jaune Super rapide - Glow Premium","description":"Gamme teint jaune \u00e9claircissant produit de beaut\u00e9 beaut\u00e9 \u00e9claircissant pour peau noire m\u00e9tisse uniformise la peau beaut\u00e9 blanchissante","robots":{"index":"index","follow":"follow","max-snippet":"max-snippet:-1","max-image-preview":"max-image-preview:large","max-video-preview":"max-video-preview:-1"},"canonical":"https:\/\/glowpremium.fr\/en\/lightening-product\/super-fast-yellow-complexion-brightener-range-2\/","og_locale":"en_GB","og_type":"article","og_title":"Gamme \u00e9claircissant Teint Jaune Super rapide - Glow Premium","og_description":"Gamme teint jaune \u00e9claircissant produit de beaut\u00e9 beaut\u00e9 \u00e9claircissant pour peau noire m\u00e9tisse uniformise la peau beaut\u00e9 blanchissante","og_url":"https:\/\/glowpremium.fr\/en\/lightening-product\/super-fast-yellow-complexion-brightener-range-2\/","og_site_name":"Glow Premium","article_modified_time":"2024-11-04T11:41:58+00:00","og_image":[{"width":1600,"height":1416,"url":"https:\/\/glowpremium.fr\/wp-content\/uploads\/2024\/10\/4fb58146-855d-444f-a00d-25a7ab572327.jpg","type":"image\/jpeg"}],"twitter_card":"summary_large_image","twitter_misc":{"Estimated reading time":"1 minute"},"schema":{"@context":"https:\/\/schema.org","@graph":[{"@type":"WebPage","@id":"https:\/\/glowpremium.fr\/produit-eclaircissant\/gamme-eclaircissant-teint-jaune-super-rapide-2\/","url":"https:\/\/glowpremium.fr\/produit-eclaircissant\/gamme-eclaircissant-teint-jaune-super-rapide-2\/","name":"Gamme \u00e9claircissant Teint Jaune Super rapide - Glow Premium","isPartOf":{"@id":"https:\/\/glowpremium.fr\/#website"},"primaryImageOfPage":{"@id":"https:\/\/glowpremium.fr\/produit-eclaircissant\/gamme-eclaircissant-teint-jaune-super-rapide-2\/#primaryimage"},"image":{"@id":"https:\/\/glowpremium.fr\/produit-eclaircissant\/gamme-eclaircissant-teint-jaune-super-rapide-2\/#primaryimage"},"thumbnailUrl":"https:\/\/glowpremium.fr\/wp-content\/uploads\/2024\/10\/4fb58146-855d-444f-a00d-25a7ab572327.jpg","datePublished":"2024-10-28T13:39:01+00:00","dateModified":"2024-11-04T11:41:58+00:00","description":"Gamme teint jaune \u00e9claircissant produit de beaut\u00e9 beaut\u00e9 \u00e9claircissant pour peau noire m\u00e9tisse uniformise la peau beaut\u00e9 blanchissante","breadcrumb":{"@id":"https:\/\/glowpremium.fr\/produit-eclaircissant\/gamme-eclaircissant-teint-jaune-super-rapide-2\/#breadcrumb"},"inLanguage":"en-GB","potentialAction":[{"@type":"ReadAction","target":["https:\/\/glowpremium.fr\/produit-eclaircissant\/gamme-eclaircissant-teint-jaune-super-rapide-2\/"]}]},{"@type":"ImageObject","inLanguage":"en-GB","@id":"https:\/\/glowpremium.fr\/produit-eclaircissant\/gamme-eclaircissant-teint-jaune-super-rapide-2\/#primaryimage","url":"https:\/\/glowpremium.fr\/wp-content\/uploads\/2024\/10\/4fb58146-855d-444f-a00d-25a7ab572327.jpg","contentUrl":"https:\/\/glowpremium.fr\/wp-content\/uploads\/2024\/10\/4fb58146-855d-444f-a00d-25a7ab572327.jpg","width":1600,"height":1416},{"@type":"BreadcrumbList","@id":"https:\/\/glowpremium.fr\/produit-eclaircissant\/gamme-eclaircissant-teint-jaune-super-rapide-2\/#breadcrumb","itemListElement":[{"@type":"ListItem","position":1,"name":"Accueil","item":"https:\/\/glowpremium.fr\/"},{"@type":"ListItem","position":2,"name":"Boutique","item":"https:\/\/glowpremium.fr\/boutique-produits-eclaircissants\/"},{"@type":"ListItem","position":3,"name":"Gamme \u00e9claircissant Teint Jaune Super rapide"}]},{"@type":"WebSite","@id":"https:\/\/glowpremium.fr\/#website","url":"https:\/\/glowpremium.fr\/","name":"Glow Premium","description":"","publisher":{"@id":"https:\/\/glowpremium.fr\/#organization"},"potentialAction":[{"@type":"SearchAction","target":{"@type":"EntryPoint","urlTemplate":"https:\/\/glowpremium.fr\/?s={search_term_string}"},"query-input":{"@type":"PropertyValueSpecification","valueRequired":true,"valueName":"search_term_string"}}],"inLanguage":"en-GB"},{"@type":"Organization","@id":"https:\/\/glowpremium.fr\/#organization","name":"Glow Premium","url":"https:\/\/glowpremium.fr\/","logo":{"@type":"ImageObject","inLanguage":"en-GB","@id":"https:\/\/glowpremium.fr\/#\/schema\/logo\/image\/","url":"https:\/\/glowpremium.fr\/wp-content\/uploads\/2024\/10\/screenshot_20241029_034909_chrome.jpg","contentUrl":"https:\/\/glowpremium.fr\/wp-content\/uploads\/2024\/10\/screenshot_20241029_034909_chrome.jpg","width":866,"height":937,"caption":"Glow Premium"},"image":{"@id":"https:\/\/glowpremium.fr\/#\/schema\/logo\/image\/"}}]}},"_links":{"self":[{"href":"https:\/\/glowpremium.fr\/en\/wp-json\/wp\/v2\/product\/6335","targetHints":{"allow":["GET"]}}],"collection":[{"href":"https:\/\/glowpremium.fr\/en\/wp-json\/wp\/v2\/product"}],"about":[{"href":"https:\/\/glowpremium.fr\/en\/wp-json\/wp\/v2\/types\/product"}],"replies":[{"embeddable":true,"href":"https:\/\/glowpremium.fr\/en\/wp-json\/wp\/v2\/comments?post=6335"}],"version-history":[{"count":1,"href":"https:\/\/glowpremium.fr\/en\/wp-json\/wp\/v2\/product\/6335\/revisions"}],"predecessor-version":[{"id":7247,"href":"https:\/\/glowpremium.fr\/en\/wp-json\/wp\/v2\/product\/6335\/revisions\/7247"}],"wp:featuredmedia":[{"embeddable":true,"href":"https:\/\/glowpremium.fr\/en\/wp-json\/wp\/v2\/media\/6334"}],"wp:attachment":[{"href":"https:\/\/glowpremium.fr\/en\/wp-json\/wp\/v2\/media?parent=6335"}],"wp:term":[{"taxonomy":"brand","embeddable":true,"href":"https:\/\/glowpremium.fr\/en\/wp-json\/wp\/v2\/etheme_brands?post=6335"},{"taxonomy":"product_brand","embeddable":true,"href":"https:\/\/glowpremium.fr\/en\/wp-json\/wp\/v2\/product_brand?post=6335"},{"taxonomy":"product_cat","embeddable":true,"href":"https:\/\/glowpremium.fr\/en\/wp-json\/wp\/v2\/product_cat?post=6335"},{"taxonomy":"product_tag","embeddable":true,"href":"https:\/\/glowpremium.fr\/en\/wp-json\/wp\/v2\/product_tag?post=6335"}],"curies":[{"name":"wp","href":"https:\/\/api.w.org\/{rel}","templated":true}]}}