{"id":6325,"date":"2024-10-28T14:38:52","date_gmt":"2024-10-28T13:38:52","guid":{"rendered":"https:\/\/glowpremium.fr\/produit-eclaircissant\/lait-de-toilette-eclaircissant-08-jours-caroclair-2\/"},"modified":"2024-11-04T11:52:50","modified_gmt":"2024-11-04T10:52:50","slug":"lait-de-toilette-eclaircissant-08-jours-caroclair-2","status":"publish","type":"product","link":"https:\/\/glowpremium.fr\/en\/lightening-product\/caroclair-2-08-day-lightening-cleansing-milk\/","title":{"rendered":"CaroClair 08-day Brightening Cleansing Milk"},"content":{"rendered":"<p><strong>How to use :<\/strong><\/p>\n<p>Use morning and evening on clean skin.<\/p>\n<p><strong>Recommendation:<\/strong><\/p>\n<p>If skin irritation occurs, discontinue use of this product immediately.<\/p>\n<p><strong>Composition:<\/strong><\/p>\n<p>Natural oils, AHA, Water Carrot, Lemon, Kojic.<\/p>","protected":false},"excerpt":{"rendered":"<p>This \"Peau de R\u00eave\" brightening beauty milk has been specially created to harmonise the complexion and moisturise the skin.<\/p>\n<p>Thanks to its many virtues. This milk is a truly multi-active skin care product.<\/p>\n<p>Its delicately scented texture is quickly absorbed into the skin for optimum action and an immediate sensation of freshness.<\/p>\n<p>Its brightening agents work at the heart of the epidermis to combat sagging skin and effectively prevent the appearance of imperfections.<\/p>\n<p>This silky milk deeply nourishes and preserves the skin.<\/p>\n<p><strong>1x<\/strong><\/p>\n<p><strong>300 ml<\/strong><\/p>\n<p>&nbsp;<\/p>","protected":false},"featured_media":6324,"comment_status":"closed","ping_status":"closed","template":"","meta":[],"etheme_brands":[],"product_brand":[],"product_cat":[80,85],"product_tag":[],"class_list":{"0":"post-6325","1":"product","2":"type-product","3":"status-publish","4":"has-post-thumbnail","6":"product_cat-blanchissants-et-eclaircissants","7":"product_cat-laits-eclaircissants","9":"first","10":"instock","11":"shipping-taxable","12":"purchasable","13":"product-type-simple"},"yoast_head":"<!-- This site is optimized with the Yoast SEO plugin v26.7 - https:\/\/yoast.com\/wordpress\/plugins\/seo\/ -->\n<title>Lait de toilette \u00e9claircissant 08 jours CaroClair - Glow Premium<\/title>\n<meta name=\"description\" content=\"lait caroclair \u00e9claircissant cosm\u00e9tique blanchissant produit de beaut\u00e9 peau noire m\u00e9tisse anti-t\u00e2ches lait \u00e9claircissant beaut\u00e9 teint claire\" \/>\n<meta name=\"robots\" content=\"index, follow, max-snippet:-1, max-image-preview:large, max-video-preview:-1\" \/>\n<link rel=\"canonical\" href=\"https:\/\/glowpremium.fr\/en\/lightening-product\/caroclair-2-08-day-lightening-cleansing-milk\/\" \/>\n<meta property=\"og:locale\" content=\"en_GB\" \/>\n<meta property=\"og:type\" content=\"article\" \/>\n<meta property=\"og:title\" content=\"Lait de toilette \u00e9claircissant 08 jours CaroClair - Glow Premium\" \/>\n<meta property=\"og:description\" content=\"lait caroclair \u00e9claircissant cosm\u00e9tique blanchissant produit de beaut\u00e9 peau noire m\u00e9tisse anti-t\u00e2ches lait \u00e9claircissant beaut\u00e9 teint claire\" \/>\n<meta property=\"og:url\" content=\"https:\/\/glowpremium.fr\/en\/lightening-product\/caroclair-2-08-day-lightening-cleansing-milk\/\" \/>\n<meta property=\"og:site_name\" content=\"Glow Premium\" \/>\n<meta property=\"article:modified_time\" content=\"2024-11-04T10:52:50+00:00\" \/>\n<meta property=\"og:image\" content=\"https:\/\/glowpremium.fr\/wp-content\/uploads\/2024\/10\/54a3f9f6-265a-4f06-8256-fce8471f80dd-2.jpg\" \/>\n\t<meta property=\"og:image:width\" content=\"1600\" \/>\n\t<meta property=\"og:image:height\" content=\"1416\" \/>\n\t<meta property=\"og:image:type\" content=\"image\/jpeg\" \/>\n<meta name=\"twitter:card\" content=\"summary_large_image\" \/>\n<meta name=\"twitter:label1\" content=\"Estimated reading time\" \/>\n\t<meta name=\"twitter:data1\" content=\"1 minute\" \/>\n<script type=\"application\/ld+json\" class=\"yoast-schema-graph\">{\"@context\":\"https:\/\/schema.org\",\"@graph\":[{\"@type\":\"WebPage\",\"@id\":\"https:\/\/glowpremium.fr\/produit-eclaircissant\/lait-de-toilette-eclaircissant-08-jours-caroclair-2\/\",\"url\":\"https:\/\/glowpremium.fr\/produit-eclaircissant\/lait-de-toilette-eclaircissant-08-jours-caroclair-2\/\",\"name\":\"Lait de toilette \u00e9claircissant 08 jours CaroClair - Glow Premium\",\"isPartOf\":{\"@id\":\"https:\/\/glowpremium.fr\/#website\"},\"primaryImageOfPage\":{\"@id\":\"https:\/\/glowpremium.fr\/produit-eclaircissant\/lait-de-toilette-eclaircissant-08-jours-caroclair-2\/#primaryimage\"},\"image\":{\"@id\":\"https:\/\/glowpremium.fr\/produit-eclaircissant\/lait-de-toilette-eclaircissant-08-jours-caroclair-2\/#primaryimage\"},\"thumbnailUrl\":\"https:\/\/glowpremium.fr\/wp-content\/uploads\/2024\/10\/54a3f9f6-265a-4f06-8256-fce8471f80dd-2.jpg\",\"datePublished\":\"2024-10-28T13:38:52+00:00\",\"dateModified\":\"2024-11-04T10:52:50+00:00\",\"description\":\"lait caroclair \u00e9claircissant cosm\u00e9tique blanchissant produit de beaut\u00e9 peau noire m\u00e9tisse anti-t\u00e2ches lait \u00e9claircissant beaut\u00e9 teint claire\",\"breadcrumb\":{\"@id\":\"https:\/\/glowpremium.fr\/produit-eclaircissant\/lait-de-toilette-eclaircissant-08-jours-caroclair-2\/#breadcrumb\"},\"inLanguage\":\"en-GB\",\"potentialAction\":[{\"@type\":\"ReadAction\",\"target\":[\"https:\/\/glowpremium.fr\/produit-eclaircissant\/lait-de-toilette-eclaircissant-08-jours-caroclair-2\/\"]}]},{\"@type\":\"ImageObject\",\"inLanguage\":\"en-GB\",\"@id\":\"https:\/\/glowpremium.fr\/produit-eclaircissant\/lait-de-toilette-eclaircissant-08-jours-caroclair-2\/#primaryimage\",\"url\":\"https:\/\/glowpremium.fr\/wp-content\/uploads\/2024\/10\/54a3f9f6-265a-4f06-8256-fce8471f80dd-2.jpg\",\"contentUrl\":\"https:\/\/glowpremium.fr\/wp-content\/uploads\/2024\/10\/54a3f9f6-265a-4f06-8256-fce8471f80dd-2.jpg\",\"width\":1600,\"height\":1416},{\"@type\":\"BreadcrumbList\",\"@id\":\"https:\/\/glowpremium.fr\/produit-eclaircissant\/lait-de-toilette-eclaircissant-08-jours-caroclair-2\/#breadcrumb\",\"itemListElement\":[{\"@type\":\"ListItem\",\"position\":1,\"name\":\"Accueil\",\"item\":\"https:\/\/glowpremium.fr\/\"},{\"@type\":\"ListItem\",\"position\":2,\"name\":\"Boutique\",\"item\":\"https:\/\/glowpremium.fr\/boutique-produits-eclaircissants\/\"},{\"@type\":\"ListItem\",\"position\":3,\"name\":\"Lait de toilette \u00e9claircissant 08 jours CaroClair\"}]},{\"@type\":\"WebSite\",\"@id\":\"https:\/\/glowpremium.fr\/#website\",\"url\":\"https:\/\/glowpremium.fr\/\",\"name\":\"Glow Premium\",\"description\":\"\",\"publisher\":{\"@id\":\"https:\/\/glowpremium.fr\/#organization\"},\"potentialAction\":[{\"@type\":\"SearchAction\",\"target\":{\"@type\":\"EntryPoint\",\"urlTemplate\":\"https:\/\/glowpremium.fr\/?s={search_term_string}\"},\"query-input\":{\"@type\":\"PropertyValueSpecification\",\"valueRequired\":true,\"valueName\":\"search_term_string\"}}],\"inLanguage\":\"en-GB\"},{\"@type\":\"Organization\",\"@id\":\"https:\/\/glowpremium.fr\/#organization\",\"name\":\"Glow Premium\",\"url\":\"https:\/\/glowpremium.fr\/\",\"logo\":{\"@type\":\"ImageObject\",\"inLanguage\":\"en-GB\",\"@id\":\"https:\/\/glowpremium.fr\/#\/schema\/logo\/image\/\",\"url\":\"https:\/\/glowpremium.fr\/wp-content\/uploads\/2024\/10\/screenshot_20241029_034909_chrome.jpg\",\"contentUrl\":\"https:\/\/glowpremium.fr\/wp-content\/uploads\/2024\/10\/screenshot_20241029_034909_chrome.jpg\",\"width\":866,\"height\":937,\"caption\":\"Glow Premium\"},\"image\":{\"@id\":\"https:\/\/glowpremium.fr\/#\/schema\/logo\/image\/\"}}]}<\/script>\n<!-- \/ Yoast SEO plugin. -->","yoast_head_json":{"title":"Lait de toilette \u00e9claircissant 08 jours CaroClair - Glow Premium","description":"lait caroclair \u00e9claircissant cosm\u00e9tique blanchissant produit de beaut\u00e9 peau noire m\u00e9tisse anti-t\u00e2ches lait \u00e9claircissant beaut\u00e9 teint claire","robots":{"index":"index","follow":"follow","max-snippet":"max-snippet:-1","max-image-preview":"max-image-preview:large","max-video-preview":"max-video-preview:-1"},"canonical":"https:\/\/glowpremium.fr\/en\/lightening-product\/caroclair-2-08-day-lightening-cleansing-milk\/","og_locale":"en_GB","og_type":"article","og_title":"Lait de toilette \u00e9claircissant 08 jours CaroClair - Glow Premium","og_description":"lait caroclair \u00e9claircissant cosm\u00e9tique blanchissant produit de beaut\u00e9 peau noire m\u00e9tisse anti-t\u00e2ches lait \u00e9claircissant beaut\u00e9 teint claire","og_url":"https:\/\/glowpremium.fr\/en\/lightening-product\/caroclair-2-08-day-lightening-cleansing-milk\/","og_site_name":"Glow Premium","article_modified_time":"2024-11-04T10:52:50+00:00","og_image":[{"width":1600,"height":1416,"url":"https:\/\/glowpremium.fr\/wp-content\/uploads\/2024\/10\/54a3f9f6-265a-4f06-8256-fce8471f80dd-2.jpg","type":"image\/jpeg"}],"twitter_card":"summary_large_image","twitter_misc":{"Estimated reading time":"1 minute"},"schema":{"@context":"https:\/\/schema.org","@graph":[{"@type":"WebPage","@id":"https:\/\/glowpremium.fr\/produit-eclaircissant\/lait-de-toilette-eclaircissant-08-jours-caroclair-2\/","url":"https:\/\/glowpremium.fr\/produit-eclaircissant\/lait-de-toilette-eclaircissant-08-jours-caroclair-2\/","name":"Lait de toilette \u00e9claircissant 08 jours CaroClair - Glow Premium","isPartOf":{"@id":"https:\/\/glowpremium.fr\/#website"},"primaryImageOfPage":{"@id":"https:\/\/glowpremium.fr\/produit-eclaircissant\/lait-de-toilette-eclaircissant-08-jours-caroclair-2\/#primaryimage"},"image":{"@id":"https:\/\/glowpremium.fr\/produit-eclaircissant\/lait-de-toilette-eclaircissant-08-jours-caroclair-2\/#primaryimage"},"thumbnailUrl":"https:\/\/glowpremium.fr\/wp-content\/uploads\/2024\/10\/54a3f9f6-265a-4f06-8256-fce8471f80dd-2.jpg","datePublished":"2024-10-28T13:38:52+00:00","dateModified":"2024-11-04T10:52:50+00:00","description":"lait caroclair \u00e9claircissant cosm\u00e9tique blanchissant produit de beaut\u00e9 peau noire m\u00e9tisse anti-t\u00e2ches lait \u00e9claircissant beaut\u00e9 teint claire","breadcrumb":{"@id":"https:\/\/glowpremium.fr\/produit-eclaircissant\/lait-de-toilette-eclaircissant-08-jours-caroclair-2\/#breadcrumb"},"inLanguage":"en-GB","potentialAction":[{"@type":"ReadAction","target":["https:\/\/glowpremium.fr\/produit-eclaircissant\/lait-de-toilette-eclaircissant-08-jours-caroclair-2\/"]}]},{"@type":"ImageObject","inLanguage":"en-GB","@id":"https:\/\/glowpremium.fr\/produit-eclaircissant\/lait-de-toilette-eclaircissant-08-jours-caroclair-2\/#primaryimage","url":"https:\/\/glowpremium.fr\/wp-content\/uploads\/2024\/10\/54a3f9f6-265a-4f06-8256-fce8471f80dd-2.jpg","contentUrl":"https:\/\/glowpremium.fr\/wp-content\/uploads\/2024\/10\/54a3f9f6-265a-4f06-8256-fce8471f80dd-2.jpg","width":1600,"height":1416},{"@type":"BreadcrumbList","@id":"https:\/\/glowpremium.fr\/produit-eclaircissant\/lait-de-toilette-eclaircissant-08-jours-caroclair-2\/#breadcrumb","itemListElement":[{"@type":"ListItem","position":1,"name":"Accueil","item":"https:\/\/glowpremium.fr\/"},{"@type":"ListItem","position":2,"name":"Boutique","item":"https:\/\/glowpremium.fr\/boutique-produits-eclaircissants\/"},{"@type":"ListItem","position":3,"name":"Lait de toilette \u00e9claircissant 08 jours CaroClair"}]},{"@type":"WebSite","@id":"https:\/\/glowpremium.fr\/#website","url":"https:\/\/glowpremium.fr\/","name":"Glow Premium","description":"","publisher":{"@id":"https:\/\/glowpremium.fr\/#organization"},"potentialAction":[{"@type":"SearchAction","target":{"@type":"EntryPoint","urlTemplate":"https:\/\/glowpremium.fr\/?s={search_term_string}"},"query-input":{"@type":"PropertyValueSpecification","valueRequired":true,"valueName":"search_term_string"}}],"inLanguage":"en-GB"},{"@type":"Organization","@id":"https:\/\/glowpremium.fr\/#organization","name":"Glow Premium","url":"https:\/\/glowpremium.fr\/","logo":{"@type":"ImageObject","inLanguage":"en-GB","@id":"https:\/\/glowpremium.fr\/#\/schema\/logo\/image\/","url":"https:\/\/glowpremium.fr\/wp-content\/uploads\/2024\/10\/screenshot_20241029_034909_chrome.jpg","contentUrl":"https:\/\/glowpremium.fr\/wp-content\/uploads\/2024\/10\/screenshot_20241029_034909_chrome.jpg","width":866,"height":937,"caption":"Glow Premium"},"image":{"@id":"https:\/\/glowpremium.fr\/#\/schema\/logo\/image\/"}}]}},"_links":{"self":[{"href":"https:\/\/glowpremium.fr\/en\/wp-json\/wp\/v2\/product\/6325","targetHints":{"allow":["GET"]}}],"collection":[{"href":"https:\/\/glowpremium.fr\/en\/wp-json\/wp\/v2\/product"}],"about":[{"href":"https:\/\/glowpremium.fr\/en\/wp-json\/wp\/v2\/types\/product"}],"replies":[{"embeddable":true,"href":"https:\/\/glowpremium.fr\/en\/wp-json\/wp\/v2\/comments?post=6325"}],"version-history":[{"count":1,"href":"https:\/\/glowpremium.fr\/en\/wp-json\/wp\/v2\/product\/6325\/revisions"}],"predecessor-version":[{"id":7245,"href":"https:\/\/glowpremium.fr\/en\/wp-json\/wp\/v2\/product\/6325\/revisions\/7245"}],"wp:featuredmedia":[{"embeddable":true,"href":"https:\/\/glowpremium.fr\/en\/wp-json\/wp\/v2\/media\/6324"}],"wp:attachment":[{"href":"https:\/\/glowpremium.fr\/en\/wp-json\/wp\/v2\/media?parent=6325"}],"wp:term":[{"taxonomy":"brand","embeddable":true,"href":"https:\/\/glowpremium.fr\/en\/wp-json\/wp\/v2\/etheme_brands?post=6325"},{"taxonomy":"product_brand","embeddable":true,"href":"https:\/\/glowpremium.fr\/en\/wp-json\/wp\/v2\/product_brand?post=6325"},{"taxonomy":"product_cat","embeddable":true,"href":"https:\/\/glowpremium.fr\/en\/wp-json\/wp\/v2\/product_cat?post=6325"},{"taxonomy":"product_tag","embeddable":true,"href":"https:\/\/glowpremium.fr\/en\/wp-json\/wp\/v2\/product_tag?post=6325"}],"curies":[{"name":"wp","href":"https:\/\/api.w.org\/{rel}","templated":true}]}}