{"id":6312,"date":"2024-10-28T14:38:42","date_gmt":"2024-10-28T13:38:42","guid":{"rendered":"https:\/\/glowpremium.fr\/produit-eclaircissant\/lait-super-eclaircissant-et-hydratant-eclat-totale-action-immediat-2\/"},"modified":"2024-11-04T12:50:05","modified_gmt":"2024-11-04T11:50:05","slug":"lait-super-eclaircissant-et-hydratant-eclat-totale-action-immediat-2","status":"publish","type":"product","link":"https:\/\/glowpremium.fr\/en\/lightening-product\/super-brightening-and-moisturising-milk-total-radiance-immediate-action-2\/","title":{"rendered":"Total Radiance Super Lightening &amp; Moisturising Milk Immediate Action"},"content":{"rendered":"<p><strong>How to use :<\/strong><\/p>\n<p>Apply the lotion evenly to the body and face. \u00a0 \u00a0 \u00a0 \u00a0\u00a0<strong style=\"color: var( --e-global-color-text );font-family: var( --e-global-typography-text-font-family ), Sans-serif\">Recommendation :<\/strong><\/p>\n<p>Suitable for all skin types.<\/p>\n<p>Avoid contact with eyes, lesions or irritated skin. Keep out of reach of children. Do not expose to sunlight.<\/p>\n<p><strong>Composition:<\/strong><\/p>\n<p>Aqua, Glycerin, Mineral acides de fruits AHA Parfum, Citric acid, Fragrance, Oil essence.<\/p>","protected":false},"excerpt":{"rendered":"<p>Total Radiance Lightening Moisturising Milk is a unique combination of the best lightening plant extracts with fruit acids. Designed to quickly reduce all hyperpigmentary dark spots and make the skin clear and even, daily use of this product causes skin imperfections to disappear. It also removes brown spots, fat marks and stubborn spots. Capacity 500 ML naturally illuminates the complexion for a long-lasting complexion.<\/p>","protected":false},"featured_media":6311,"comment_status":"closed","ping_status":"closed","template":"","meta":[],"etheme_brands":[],"product_brand":[],"product_cat":[80,85],"product_tag":[],"class_list":{"0":"post-6312","1":"product","2":"type-product","3":"status-publish","4":"has-post-thumbnail","6":"product_cat-blanchissants-et-eclaircissants","7":"product_cat-laits-eclaircissants","9":"first","10":"instock","11":"shipping-taxable","12":"purchasable","13":"product-type-simple"},"yoast_head":"<!-- This site is optimized with the Yoast SEO plugin v26.7 - https:\/\/yoast.com\/wordpress\/plugins\/seo\/ -->\n<title>Lait Super \u00e9claircissant Et Hydratant \u00c9clat Totale Action Imm\u00e9diat - Glow Premium<\/title>\n<meta name=\"description\" content=\"lait \u00e9claircissant imm\u00e9diat claire uniformise \u00e9claircissant produit de beaut\u00e9 cosm\u00e9tique peau noire et m\u00e9tisse anti-t\u00e2ches illumine\" \/>\n<meta name=\"robots\" content=\"index, follow, max-snippet:-1, max-image-preview:large, max-video-preview:-1\" \/>\n<link rel=\"canonical\" href=\"https:\/\/glowpremium.fr\/en\/lightening-product\/super-brightening-and-moisturising-milk-total-radiance-immediate-action-2\/\" \/>\n<meta property=\"og:locale\" content=\"en_GB\" \/>\n<meta property=\"og:type\" content=\"article\" \/>\n<meta property=\"og:title\" content=\"Lait Super \u00e9claircissant Et Hydratant \u00c9clat Totale Action Imm\u00e9diat - Glow Premium\" \/>\n<meta property=\"og:description\" content=\"lait \u00e9claircissant imm\u00e9diat claire uniformise \u00e9claircissant produit de beaut\u00e9 cosm\u00e9tique peau noire et m\u00e9tisse anti-t\u00e2ches illumine\" \/>\n<meta property=\"og:url\" content=\"https:\/\/glowpremium.fr\/en\/lightening-product\/super-brightening-and-moisturising-milk-total-radiance-immediate-action-2\/\" \/>\n<meta property=\"og:site_name\" content=\"Glow Premium\" \/>\n<meta property=\"article:modified_time\" content=\"2024-11-04T11:50:05+00:00\" \/>\n<meta property=\"og:image\" content=\"https:\/\/glowpremium.fr\/wp-content\/uploads\/2024\/10\/PhotoRoom-20230325_181658.png\" \/>\n\t<meta property=\"og:image:width\" content=\"2000\" \/>\n\t<meta property=\"og:image:height\" content=\"1811\" \/>\n\t<meta property=\"og:image:type\" content=\"image\/png\" \/>\n<meta name=\"twitter:card\" content=\"summary_large_image\" \/>\n<meta name=\"twitter:label1\" content=\"Estimated reading time\" \/>\n\t<meta name=\"twitter:data1\" content=\"1 minute\" \/>\n<script type=\"application\/ld+json\" class=\"yoast-schema-graph\">{\"@context\":\"https:\/\/schema.org\",\"@graph\":[{\"@type\":\"WebPage\",\"@id\":\"https:\/\/glowpremium.fr\/produit-eclaircissant\/lait-super-eclaircissant-et-hydratant-eclat-totale-action-immediat-2\/\",\"url\":\"https:\/\/glowpremium.fr\/produit-eclaircissant\/lait-super-eclaircissant-et-hydratant-eclat-totale-action-immediat-2\/\",\"name\":\"Lait Super \u00e9claircissant Et Hydratant \u00c9clat Totale Action Imm\u00e9diat - Glow Premium\",\"isPartOf\":{\"@id\":\"https:\/\/glowpremium.fr\/#website\"},\"primaryImageOfPage\":{\"@id\":\"https:\/\/glowpremium.fr\/produit-eclaircissant\/lait-super-eclaircissant-et-hydratant-eclat-totale-action-immediat-2\/#primaryimage\"},\"image\":{\"@id\":\"https:\/\/glowpremium.fr\/produit-eclaircissant\/lait-super-eclaircissant-et-hydratant-eclat-totale-action-immediat-2\/#primaryimage\"},\"thumbnailUrl\":\"https:\/\/glowpremium.fr\/wp-content\/uploads\/2024\/10\/PhotoRoom-20230325_181658.png\",\"datePublished\":\"2024-10-28T13:38:42+00:00\",\"dateModified\":\"2024-11-04T11:50:05+00:00\",\"description\":\"lait \u00e9claircissant imm\u00e9diat claire uniformise \u00e9claircissant produit de beaut\u00e9 cosm\u00e9tique peau noire et m\u00e9tisse anti-t\u00e2ches illumine\",\"breadcrumb\":{\"@id\":\"https:\/\/glowpremium.fr\/produit-eclaircissant\/lait-super-eclaircissant-et-hydratant-eclat-totale-action-immediat-2\/#breadcrumb\"},\"inLanguage\":\"en-GB\",\"potentialAction\":[{\"@type\":\"ReadAction\",\"target\":[\"https:\/\/glowpremium.fr\/produit-eclaircissant\/lait-super-eclaircissant-et-hydratant-eclat-totale-action-immediat-2\/\"]}]},{\"@type\":\"ImageObject\",\"inLanguage\":\"en-GB\",\"@id\":\"https:\/\/glowpremium.fr\/produit-eclaircissant\/lait-super-eclaircissant-et-hydratant-eclat-totale-action-immediat-2\/#primaryimage\",\"url\":\"https:\/\/glowpremium.fr\/wp-content\/uploads\/2024\/10\/PhotoRoom-20230325_181658.png\",\"contentUrl\":\"https:\/\/glowpremium.fr\/wp-content\/uploads\/2024\/10\/PhotoRoom-20230325_181658.png\",\"width\":2000,\"height\":1811},{\"@type\":\"BreadcrumbList\",\"@id\":\"https:\/\/glowpremium.fr\/produit-eclaircissant\/lait-super-eclaircissant-et-hydratant-eclat-totale-action-immediat-2\/#breadcrumb\",\"itemListElement\":[{\"@type\":\"ListItem\",\"position\":1,\"name\":\"Accueil\",\"item\":\"https:\/\/glowpremium.fr\/\"},{\"@type\":\"ListItem\",\"position\":2,\"name\":\"Boutique\",\"item\":\"https:\/\/glowpremium.fr\/boutique-produits-eclaircissants\/\"},{\"@type\":\"ListItem\",\"position\":3,\"name\":\"Lait Super \u00e9claircissant Et Hydratant \u00c9clat Totale Action Imm\u00e9diat\"}]},{\"@type\":\"WebSite\",\"@id\":\"https:\/\/glowpremium.fr\/#website\",\"url\":\"https:\/\/glowpremium.fr\/\",\"name\":\"Glow Premium\",\"description\":\"\",\"publisher\":{\"@id\":\"https:\/\/glowpremium.fr\/#organization\"},\"potentialAction\":[{\"@type\":\"SearchAction\",\"target\":{\"@type\":\"EntryPoint\",\"urlTemplate\":\"https:\/\/glowpremium.fr\/?s={search_term_string}\"},\"query-input\":{\"@type\":\"PropertyValueSpecification\",\"valueRequired\":true,\"valueName\":\"search_term_string\"}}],\"inLanguage\":\"en-GB\"},{\"@type\":\"Organization\",\"@id\":\"https:\/\/glowpremium.fr\/#organization\",\"name\":\"Glow Premium\",\"url\":\"https:\/\/glowpremium.fr\/\",\"logo\":{\"@type\":\"ImageObject\",\"inLanguage\":\"en-GB\",\"@id\":\"https:\/\/glowpremium.fr\/#\/schema\/logo\/image\/\",\"url\":\"https:\/\/glowpremium.fr\/wp-content\/uploads\/2024\/10\/screenshot_20241029_034909_chrome.jpg\",\"contentUrl\":\"https:\/\/glowpremium.fr\/wp-content\/uploads\/2024\/10\/screenshot_20241029_034909_chrome.jpg\",\"width\":866,\"height\":937,\"caption\":\"Glow Premium\"},\"image\":{\"@id\":\"https:\/\/glowpremium.fr\/#\/schema\/logo\/image\/\"}}]}<\/script>\n<!-- \/ Yoast SEO plugin. -->","yoast_head_json":{"title":"Lait Super \u00e9claircissant Et Hydratant \u00c9clat Totale Action Imm\u00e9diat - Glow Premium","description":"lait \u00e9claircissant imm\u00e9diat claire uniformise \u00e9claircissant produit de beaut\u00e9 cosm\u00e9tique peau noire et m\u00e9tisse anti-t\u00e2ches illumine","robots":{"index":"index","follow":"follow","max-snippet":"max-snippet:-1","max-image-preview":"max-image-preview:large","max-video-preview":"max-video-preview:-1"},"canonical":"https:\/\/glowpremium.fr\/en\/lightening-product\/super-brightening-and-moisturising-milk-total-radiance-immediate-action-2\/","og_locale":"en_GB","og_type":"article","og_title":"Lait Super \u00e9claircissant Et Hydratant \u00c9clat Totale Action Imm\u00e9diat - Glow Premium","og_description":"lait \u00e9claircissant imm\u00e9diat claire uniformise \u00e9claircissant produit de beaut\u00e9 cosm\u00e9tique peau noire et m\u00e9tisse anti-t\u00e2ches illumine","og_url":"https:\/\/glowpremium.fr\/en\/lightening-product\/super-brightening-and-moisturising-milk-total-radiance-immediate-action-2\/","og_site_name":"Glow Premium","article_modified_time":"2024-11-04T11:50:05+00:00","og_image":[{"width":2000,"height":1811,"url":"https:\/\/glowpremium.fr\/wp-content\/uploads\/2024\/10\/PhotoRoom-20230325_181658.png","type":"image\/png"}],"twitter_card":"summary_large_image","twitter_misc":{"Estimated reading time":"1 minute"},"schema":{"@context":"https:\/\/schema.org","@graph":[{"@type":"WebPage","@id":"https:\/\/glowpremium.fr\/produit-eclaircissant\/lait-super-eclaircissant-et-hydratant-eclat-totale-action-immediat-2\/","url":"https:\/\/glowpremium.fr\/produit-eclaircissant\/lait-super-eclaircissant-et-hydratant-eclat-totale-action-immediat-2\/","name":"Lait Super \u00e9claircissant Et Hydratant \u00c9clat Totale Action Imm\u00e9diat - Glow Premium","isPartOf":{"@id":"https:\/\/glowpremium.fr\/#website"},"primaryImageOfPage":{"@id":"https:\/\/glowpremium.fr\/produit-eclaircissant\/lait-super-eclaircissant-et-hydratant-eclat-totale-action-immediat-2\/#primaryimage"},"image":{"@id":"https:\/\/glowpremium.fr\/produit-eclaircissant\/lait-super-eclaircissant-et-hydratant-eclat-totale-action-immediat-2\/#primaryimage"},"thumbnailUrl":"https:\/\/glowpremium.fr\/wp-content\/uploads\/2024\/10\/PhotoRoom-20230325_181658.png","datePublished":"2024-10-28T13:38:42+00:00","dateModified":"2024-11-04T11:50:05+00:00","description":"lait \u00e9claircissant imm\u00e9diat claire uniformise \u00e9claircissant produit de beaut\u00e9 cosm\u00e9tique peau noire et m\u00e9tisse anti-t\u00e2ches illumine","breadcrumb":{"@id":"https:\/\/glowpremium.fr\/produit-eclaircissant\/lait-super-eclaircissant-et-hydratant-eclat-totale-action-immediat-2\/#breadcrumb"},"inLanguage":"en-GB","potentialAction":[{"@type":"ReadAction","target":["https:\/\/glowpremium.fr\/produit-eclaircissant\/lait-super-eclaircissant-et-hydratant-eclat-totale-action-immediat-2\/"]}]},{"@type":"ImageObject","inLanguage":"en-GB","@id":"https:\/\/glowpremium.fr\/produit-eclaircissant\/lait-super-eclaircissant-et-hydratant-eclat-totale-action-immediat-2\/#primaryimage","url":"https:\/\/glowpremium.fr\/wp-content\/uploads\/2024\/10\/PhotoRoom-20230325_181658.png","contentUrl":"https:\/\/glowpremium.fr\/wp-content\/uploads\/2024\/10\/PhotoRoom-20230325_181658.png","width":2000,"height":1811},{"@type":"BreadcrumbList","@id":"https:\/\/glowpremium.fr\/produit-eclaircissant\/lait-super-eclaircissant-et-hydratant-eclat-totale-action-immediat-2\/#breadcrumb","itemListElement":[{"@type":"ListItem","position":1,"name":"Accueil","item":"https:\/\/glowpremium.fr\/"},{"@type":"ListItem","position":2,"name":"Boutique","item":"https:\/\/glowpremium.fr\/boutique-produits-eclaircissants\/"},{"@type":"ListItem","position":3,"name":"Lait Super \u00e9claircissant Et Hydratant \u00c9clat Totale Action Imm\u00e9diat"}]},{"@type":"WebSite","@id":"https:\/\/glowpremium.fr\/#website","url":"https:\/\/glowpremium.fr\/","name":"Glow Premium","description":"","publisher":{"@id":"https:\/\/glowpremium.fr\/#organization"},"potentialAction":[{"@type":"SearchAction","target":{"@type":"EntryPoint","urlTemplate":"https:\/\/glowpremium.fr\/?s={search_term_string}"},"query-input":{"@type":"PropertyValueSpecification","valueRequired":true,"valueName":"search_term_string"}}],"inLanguage":"en-GB"},{"@type":"Organization","@id":"https:\/\/glowpremium.fr\/#organization","name":"Glow Premium","url":"https:\/\/glowpremium.fr\/","logo":{"@type":"ImageObject","inLanguage":"en-GB","@id":"https:\/\/glowpremium.fr\/#\/schema\/logo\/image\/","url":"https:\/\/glowpremium.fr\/wp-content\/uploads\/2024\/10\/screenshot_20241029_034909_chrome.jpg","contentUrl":"https:\/\/glowpremium.fr\/wp-content\/uploads\/2024\/10\/screenshot_20241029_034909_chrome.jpg","width":866,"height":937,"caption":"Glow Premium"},"image":{"@id":"https:\/\/glowpremium.fr\/#\/schema\/logo\/image\/"}}]}},"_links":{"self":[{"href":"https:\/\/glowpremium.fr\/en\/wp-json\/wp\/v2\/product\/6312","targetHints":{"allow":["GET"]}}],"collection":[{"href":"https:\/\/glowpremium.fr\/en\/wp-json\/wp\/v2\/product"}],"about":[{"href":"https:\/\/glowpremium.fr\/en\/wp-json\/wp\/v2\/types\/product"}],"replies":[{"embeddable":true,"href":"https:\/\/glowpremium.fr\/en\/wp-json\/wp\/v2\/comments?post=6312"}],"version-history":[{"count":1,"href":"https:\/\/glowpremium.fr\/en\/wp-json\/wp\/v2\/product\/6312\/revisions"}],"predecessor-version":[{"id":7249,"href":"https:\/\/glowpremium.fr\/en\/wp-json\/wp\/v2\/product\/6312\/revisions\/7249"}],"wp:featuredmedia":[{"embeddable":true,"href":"https:\/\/glowpremium.fr\/en\/wp-json\/wp\/v2\/media\/6311"}],"wp:attachment":[{"href":"https:\/\/glowpremium.fr\/en\/wp-json\/wp\/v2\/media?parent=6312"}],"wp:term":[{"taxonomy":"brand","embeddable":true,"href":"https:\/\/glowpremium.fr\/en\/wp-json\/wp\/v2\/etheme_brands?post=6312"},{"taxonomy":"product_brand","embeddable":true,"href":"https:\/\/glowpremium.fr\/en\/wp-json\/wp\/v2\/product_brand?post=6312"},{"taxonomy":"product_cat","embeddable":true,"href":"https:\/\/glowpremium.fr\/en\/wp-json\/wp\/v2\/product_cat?post=6312"},{"taxonomy":"product_tag","embeddable":true,"href":"https:\/\/glowpremium.fr\/en\/wp-json\/wp\/v2\/product_tag?post=6312"}],"curies":[{"name":"wp","href":"https:\/\/api.w.org\/{rel}","templated":true}]}}