{"id":6307,"date":"2024-10-28T14:38:37","date_gmt":"2024-10-28T13:38:37","guid":{"rendered":"https:\/\/glowpremium.fr\/produit-eclaircissant\/lait-eclaircissant-hydratant-et-extreme-glow-a-lhuile-dargan-2\/"},"modified":"2024-10-28T14:38:39","modified_gmt":"2024-10-28T13:38:39","slug":"lait-eclaircissant-hydratant-et-extreme-glow-a-lhuile-dargan-2","status":"publish","type":"product","link":"https:\/\/glowpremium.fr\/en\/lightening-product\/extreme-glow-and-moisturising-lightening-milk-with-dargan-oil-2\/","title":{"rendered":"Hydrating and Extreme Glow Lightening Milk with Argan Oil"},"content":{"rendered":"<p><strong>How to use :<\/strong><\/p>\n<p>Apply Extreme Glow Milk once or twice a day to the darkest areas of the body.<\/p>\n<p><strong>Recommendation:<\/strong><\/p>\n<p>Do not expose to the sun for long periods and avoid the face. Keep out of reach of children. Be careful how you use this stripping product.<\/p>\n<p><strong>Composition:<\/strong><\/p>\n<p>Aqua (water), Glyceryl Stearate, Isopropyl Myristate, Argan oil, Ascobirc acid, Vegeclairine, Sodium Lauryl Sulfate, Parrafinum.<\/p>","protected":false},"excerpt":{"rendered":"<p>Extreme Glow Lightening Beauty Milk is formulated with argan oil and vegeclairin extract, moisturising and repairing ingredients. Both work in synergy with our highly effective skin lightener and whitening ingredients to combat all the problems of hyper pigmentation of the skin such as pregnancy and acne marks.<\/p>\n<p>For best results, use the full range.<\/p>\n<p><strong>500 ml<\/strong><\/p>","protected":false},"featured_media":6306,"comment_status":"open","ping_status":"closed","template":"","meta":[],"etheme_brands":[],"product_brand":[],"product_cat":[15],"product_tag":[],"class_list":{"0":"post-6307","1":"product","2":"type-product","3":"status-publish","4":"has-post-thumbnail","6":"product_cat-toutes-categories","8":"first","9":"instock","10":"shipping-taxable","11":"product-type-simple"},"yoast_head":"<!-- This site is optimized with the Yoast SEO plugin v26.7 - https:\/\/yoast.com\/wordpress\/plugins\/seo\/ -->\n<title>Lait \u00e9claircissant Hydratant et Extr\u00eame Glow \u00e0 l&#039;huile d&#039;argan - Glow Premium<\/title>\n<meta name=\"robots\" content=\"index, follow, max-snippet:-1, max-image-preview:large, max-video-preview:-1\" \/>\n<link rel=\"canonical\" href=\"https:\/\/glowpremium.fr\/en\/lightening-product\/extreme-glow-and-moisturising-lightening-milk-with-dargan-oil-2\/\" \/>\n<meta property=\"og:locale\" content=\"en_GB\" \/>\n<meta property=\"og:type\" content=\"article\" \/>\n<meta property=\"og:title\" content=\"Lait \u00e9claircissant Hydratant et Extr\u00eame Glow \u00e0 l&#039;huile d&#039;argan - Glow Premium\" \/>\n<meta property=\"og:description\" content=\"Le lait de beaut\u00e9 \u00e9claircissant Extr\u00eame Glow est formul\u00e9 avec de l\u2019huile d\u2019argan et de l\u2019extrait de vegeclairine, des ingr\u00e9dients hydratants et r\u00e9parateurs. Les deux fonctionne en synergie avec notre \u00e9claircissant de peau tr\u00e8s efficace et des ingr\u00e9dients de blanchiment pour lutter contre tous les probl\u00e8mes de pigmentation hyper forte de la peau comme la grossesse et les marques d\u2019acn\u00e9.  Pour plus de r\u00e9sultat utiliser la gamme compl\u00e8te.  500 ml\" \/>\n<meta property=\"og:url\" content=\"https:\/\/glowpremium.fr\/en\/lightening-product\/extreme-glow-and-moisturising-lightening-milk-with-dargan-oil-2\/\" \/>\n<meta property=\"og:site_name\" content=\"Glow Premium\" \/>\n<meta property=\"article:modified_time\" content=\"2024-10-28T13:38:39+00:00\" \/>\n<meta property=\"og:image\" content=\"https:\/\/glowpremium.fr\/wp-content\/uploads\/2024\/10\/PhotoRoom-20230323_202017.png\" \/>\n\t<meta property=\"og:image:width\" content=\"2000\" \/>\n\t<meta property=\"og:image:height\" content=\"1812\" \/>\n\t<meta property=\"og:image:type\" content=\"image\/png\" \/>\n<meta name=\"twitter:card\" content=\"summary_large_image\" \/>\n<script type=\"application\/ld+json\" class=\"yoast-schema-graph\">{\"@context\":\"https:\/\/schema.org\",\"@graph\":[{\"@type\":\"WebPage\",\"@id\":\"https:\/\/glowpremium.fr\/produit-eclaircissant\/lait-eclaircissant-hydratant-et-extreme-glow-a-lhuile-dargan-2\/\",\"url\":\"https:\/\/glowpremium.fr\/produit-eclaircissant\/lait-eclaircissant-hydratant-et-extreme-glow-a-lhuile-dargan-2\/\",\"name\":\"Lait \u00e9claircissant Hydratant et Extr\u00eame Glow \u00e0 l'huile d'argan - Glow Premium\",\"isPartOf\":{\"@id\":\"https:\/\/glowpremium.fr\/#website\"},\"primaryImageOfPage\":{\"@id\":\"https:\/\/glowpremium.fr\/produit-eclaircissant\/lait-eclaircissant-hydratant-et-extreme-glow-a-lhuile-dargan-2\/#primaryimage\"},\"image\":{\"@id\":\"https:\/\/glowpremium.fr\/produit-eclaircissant\/lait-eclaircissant-hydratant-et-extreme-glow-a-lhuile-dargan-2\/#primaryimage\"},\"thumbnailUrl\":\"https:\/\/glowpremium.fr\/wp-content\/uploads\/2024\/10\/PhotoRoom-20230323_202017.png\",\"datePublished\":\"2024-10-28T13:38:37+00:00\",\"dateModified\":\"2024-10-28T13:38:39+00:00\",\"breadcrumb\":{\"@id\":\"https:\/\/glowpremium.fr\/produit-eclaircissant\/lait-eclaircissant-hydratant-et-extreme-glow-a-lhuile-dargan-2\/#breadcrumb\"},\"inLanguage\":\"en-GB\",\"potentialAction\":[{\"@type\":\"ReadAction\",\"target\":[\"https:\/\/glowpremium.fr\/produit-eclaircissant\/lait-eclaircissant-hydratant-et-extreme-glow-a-lhuile-dargan-2\/\"]}]},{\"@type\":\"ImageObject\",\"inLanguage\":\"en-GB\",\"@id\":\"https:\/\/glowpremium.fr\/produit-eclaircissant\/lait-eclaircissant-hydratant-et-extreme-glow-a-lhuile-dargan-2\/#primaryimage\",\"url\":\"https:\/\/glowpremium.fr\/wp-content\/uploads\/2024\/10\/PhotoRoom-20230323_202017.png\",\"contentUrl\":\"https:\/\/glowpremium.fr\/wp-content\/uploads\/2024\/10\/PhotoRoom-20230323_202017.png\",\"width\":2000,\"height\":1812},{\"@type\":\"BreadcrumbList\",\"@id\":\"https:\/\/glowpremium.fr\/produit-eclaircissant\/lait-eclaircissant-hydratant-et-extreme-glow-a-lhuile-dargan-2\/#breadcrumb\",\"itemListElement\":[{\"@type\":\"ListItem\",\"position\":1,\"name\":\"Accueil\",\"item\":\"https:\/\/glowpremium.fr\/\"},{\"@type\":\"ListItem\",\"position\":2,\"name\":\"Boutique\",\"item\":\"https:\/\/glowpremium.fr\/boutique-produits-eclaircissants\/\"},{\"@type\":\"ListItem\",\"position\":3,\"name\":\"Lait \u00e9claircissant Hydratant et Extr\u00eame Glow \u00e0 l&#8217;huile d&#8217;argan\"}]},{\"@type\":\"WebSite\",\"@id\":\"https:\/\/glowpremium.fr\/#website\",\"url\":\"https:\/\/glowpremium.fr\/\",\"name\":\"Glow Premium\",\"description\":\"\",\"publisher\":{\"@id\":\"https:\/\/glowpremium.fr\/#organization\"},\"potentialAction\":[{\"@type\":\"SearchAction\",\"target\":{\"@type\":\"EntryPoint\",\"urlTemplate\":\"https:\/\/glowpremium.fr\/?s={search_term_string}\"},\"query-input\":{\"@type\":\"PropertyValueSpecification\",\"valueRequired\":true,\"valueName\":\"search_term_string\"}}],\"inLanguage\":\"en-GB\"},{\"@type\":\"Organization\",\"@id\":\"https:\/\/glowpremium.fr\/#organization\",\"name\":\"Glow Premium\",\"url\":\"https:\/\/glowpremium.fr\/\",\"logo\":{\"@type\":\"ImageObject\",\"inLanguage\":\"en-GB\",\"@id\":\"https:\/\/glowpremium.fr\/#\/schema\/logo\/image\/\",\"url\":\"https:\/\/glowpremium.fr\/wp-content\/uploads\/2024\/10\/screenshot_20241029_034909_chrome.jpg\",\"contentUrl\":\"https:\/\/glowpremium.fr\/wp-content\/uploads\/2024\/10\/screenshot_20241029_034909_chrome.jpg\",\"width\":866,\"height\":937,\"caption\":\"Glow Premium\"},\"image\":{\"@id\":\"https:\/\/glowpremium.fr\/#\/schema\/logo\/image\/\"}}]}<\/script>\n<!-- \/ Yoast SEO plugin. -->","yoast_head_json":{"title":"Lait \u00e9claircissant Hydratant et Extr\u00eame Glow \u00e0 l'huile d'argan - Glow Premium","robots":{"index":"index","follow":"follow","max-snippet":"max-snippet:-1","max-image-preview":"max-image-preview:large","max-video-preview":"max-video-preview:-1"},"canonical":"https:\/\/glowpremium.fr\/en\/lightening-product\/extreme-glow-and-moisturising-lightening-milk-with-dargan-oil-2\/","og_locale":"en_GB","og_type":"article","og_title":"Lait \u00e9claircissant Hydratant et Extr\u00eame Glow \u00e0 l'huile d'argan - Glow Premium","og_description":"Le lait de beaut\u00e9 \u00e9claircissant Extr\u00eame Glow est formul\u00e9 avec de l\u2019huile d\u2019argan et de l\u2019extrait de vegeclairine, des ingr\u00e9dients hydratants et r\u00e9parateurs. Les deux fonctionne en synergie avec notre \u00e9claircissant de peau tr\u00e8s efficace et des ingr\u00e9dients de blanchiment pour lutter contre tous les probl\u00e8mes de pigmentation hyper forte de la peau comme la grossesse et les marques d\u2019acn\u00e9.  Pour plus de r\u00e9sultat utiliser la gamme compl\u00e8te.  500 ml","og_url":"https:\/\/glowpremium.fr\/en\/lightening-product\/extreme-glow-and-moisturising-lightening-milk-with-dargan-oil-2\/","og_site_name":"Glow Premium","article_modified_time":"2024-10-28T13:38:39+00:00","og_image":[{"width":2000,"height":1812,"url":"https:\/\/glowpremium.fr\/wp-content\/uploads\/2024\/10\/PhotoRoom-20230323_202017.png","type":"image\/png"}],"twitter_card":"summary_large_image","schema":{"@context":"https:\/\/schema.org","@graph":[{"@type":"WebPage","@id":"https:\/\/glowpremium.fr\/produit-eclaircissant\/lait-eclaircissant-hydratant-et-extreme-glow-a-lhuile-dargan-2\/","url":"https:\/\/glowpremium.fr\/produit-eclaircissant\/lait-eclaircissant-hydratant-et-extreme-glow-a-lhuile-dargan-2\/","name":"Lait \u00e9claircissant Hydratant et Extr\u00eame Glow \u00e0 l'huile d'argan - Glow Premium","isPartOf":{"@id":"https:\/\/glowpremium.fr\/#website"},"primaryImageOfPage":{"@id":"https:\/\/glowpremium.fr\/produit-eclaircissant\/lait-eclaircissant-hydratant-et-extreme-glow-a-lhuile-dargan-2\/#primaryimage"},"image":{"@id":"https:\/\/glowpremium.fr\/produit-eclaircissant\/lait-eclaircissant-hydratant-et-extreme-glow-a-lhuile-dargan-2\/#primaryimage"},"thumbnailUrl":"https:\/\/glowpremium.fr\/wp-content\/uploads\/2024\/10\/PhotoRoom-20230323_202017.png","datePublished":"2024-10-28T13:38:37+00:00","dateModified":"2024-10-28T13:38:39+00:00","breadcrumb":{"@id":"https:\/\/glowpremium.fr\/produit-eclaircissant\/lait-eclaircissant-hydratant-et-extreme-glow-a-lhuile-dargan-2\/#breadcrumb"},"inLanguage":"en-GB","potentialAction":[{"@type":"ReadAction","target":["https:\/\/glowpremium.fr\/produit-eclaircissant\/lait-eclaircissant-hydratant-et-extreme-glow-a-lhuile-dargan-2\/"]}]},{"@type":"ImageObject","inLanguage":"en-GB","@id":"https:\/\/glowpremium.fr\/produit-eclaircissant\/lait-eclaircissant-hydratant-et-extreme-glow-a-lhuile-dargan-2\/#primaryimage","url":"https:\/\/glowpremium.fr\/wp-content\/uploads\/2024\/10\/PhotoRoom-20230323_202017.png","contentUrl":"https:\/\/glowpremium.fr\/wp-content\/uploads\/2024\/10\/PhotoRoom-20230323_202017.png","width":2000,"height":1812},{"@type":"BreadcrumbList","@id":"https:\/\/glowpremium.fr\/produit-eclaircissant\/lait-eclaircissant-hydratant-et-extreme-glow-a-lhuile-dargan-2\/#breadcrumb","itemListElement":[{"@type":"ListItem","position":1,"name":"Accueil","item":"https:\/\/glowpremium.fr\/"},{"@type":"ListItem","position":2,"name":"Boutique","item":"https:\/\/glowpremium.fr\/boutique-produits-eclaircissants\/"},{"@type":"ListItem","position":3,"name":"Lait \u00e9claircissant Hydratant et Extr\u00eame Glow \u00e0 l&#8217;huile d&#8217;argan"}]},{"@type":"WebSite","@id":"https:\/\/glowpremium.fr\/#website","url":"https:\/\/glowpremium.fr\/","name":"Glow Premium","description":"","publisher":{"@id":"https:\/\/glowpremium.fr\/#organization"},"potentialAction":[{"@type":"SearchAction","target":{"@type":"EntryPoint","urlTemplate":"https:\/\/glowpremium.fr\/?s={search_term_string}"},"query-input":{"@type":"PropertyValueSpecification","valueRequired":true,"valueName":"search_term_string"}}],"inLanguage":"en-GB"},{"@type":"Organization","@id":"https:\/\/glowpremium.fr\/#organization","name":"Glow Premium","url":"https:\/\/glowpremium.fr\/","logo":{"@type":"ImageObject","inLanguage":"en-GB","@id":"https:\/\/glowpremium.fr\/#\/schema\/logo\/image\/","url":"https:\/\/glowpremium.fr\/wp-content\/uploads\/2024\/10\/screenshot_20241029_034909_chrome.jpg","contentUrl":"https:\/\/glowpremium.fr\/wp-content\/uploads\/2024\/10\/screenshot_20241029_034909_chrome.jpg","width":866,"height":937,"caption":"Glow Premium"},"image":{"@id":"https:\/\/glowpremium.fr\/#\/schema\/logo\/image\/"}}]}},"_links":{"self":[{"href":"https:\/\/glowpremium.fr\/en\/wp-json\/wp\/v2\/product\/6307","targetHints":{"allow":["GET"]}}],"collection":[{"href":"https:\/\/glowpremium.fr\/en\/wp-json\/wp\/v2\/product"}],"about":[{"href":"https:\/\/glowpremium.fr\/en\/wp-json\/wp\/v2\/types\/product"}],"replies":[{"embeddable":true,"href":"https:\/\/glowpremium.fr\/en\/wp-json\/wp\/v2\/comments?post=6307"}],"version-history":[{"count":0,"href":"https:\/\/glowpremium.fr\/en\/wp-json\/wp\/v2\/product\/6307\/revisions"}],"wp:featuredmedia":[{"embeddable":true,"href":"https:\/\/glowpremium.fr\/en\/wp-json\/wp\/v2\/media\/6306"}],"wp:attachment":[{"href":"https:\/\/glowpremium.fr\/en\/wp-json\/wp\/v2\/media?parent=6307"}],"wp:term":[{"taxonomy":"brand","embeddable":true,"href":"https:\/\/glowpremium.fr\/en\/wp-json\/wp\/v2\/etheme_brands?post=6307"},{"taxonomy":"product_brand","embeddable":true,"href":"https:\/\/glowpremium.fr\/en\/wp-json\/wp\/v2\/product_brand?post=6307"},{"taxonomy":"product_cat","embeddable":true,"href":"https:\/\/glowpremium.fr\/en\/wp-json\/wp\/v2\/product_cat?post=6307"},{"taxonomy":"product_tag","embeddable":true,"href":"https:\/\/glowpremium.fr\/en\/wp-json\/wp\/v2\/product_tag?post=6307"}],"curies":[{"name":"wp","href":"https:\/\/api.w.org\/{rel}","templated":true}]}}