{"id":6303,"date":"2024-10-28T14:38:32","date_gmt":"2024-10-28T13:38:32","guid":{"rendered":"https:\/\/glowpremium.fr\/produit-eclaircissant\/lait-extra-eclaircissant-10jours-glupa-au-glutathionepapaye-et-concombre-2\/"},"modified":"2024-11-04T15:17:03","modified_gmt":"2024-11-04T14:17:03","slug":"lait-extra-eclaircissant-10jours-glupa-au-glutathionepapaye-et-concombre-2","status":"publish","type":"product","link":"https:\/\/glowpremium.fr\/en\/lightening-product\/glupa-10-day-extra-lightening-milk-with-glutathioneepapaya-and-cucumber-2\/","title":{"rendered":"GluPa 10Day Lightening Body Lotion with gluta+papaya and cucumber"},"content":{"rendered":"<p><strong>How to use :<\/strong><\/p>\n<p>Use GluPa Milk morning and night on clean skin.<\/p>\n<p><strong>Recommendation:<\/strong><\/p>\n<p>For external use only. Avoid contact with eyes. If contact occurs, rinse thoroughly. If irritation occurs, discontinue use immediately.<\/p>\n<p><strong>Composition:<\/strong><\/p>\n<p>Aqua, Glutathione, Conconbre Lemon, Parfum, Kojic Acid Arbutin, Linoleic Acid, Vitis Vinifera (Grape) Seed Extracts Tocopherol ect ...<\/p>","protected":false},"excerpt":{"rendered":"<p>GluPa lightening milk with glutathione and papaya thanks to its non-greasy formulation leaves your skin with a lovely fragrance. A combination of papaya, glutathione, shea butter, alpha arbutin and others work together for beautiful, fragrant, blemish-free skin. SPF 15 protects your skin from the sun. In 7 days your skin will be radiant and hydrated.<\/p>\n<p><strong>300 ml<\/strong><\/p>","protected":false},"featured_media":6302,"comment_status":"closed","ping_status":"closed","template":"","meta":[],"etheme_brands":[],"product_brand":[],"product_cat":[80,85],"product_tag":[],"class_list":{"0":"post-6303","1":"product","2":"type-product","3":"status-publish","4":"has-post-thumbnail","6":"product_cat-blanchissants-et-eclaircissants","7":"product_cat-laits-eclaircissants","9":"first","10":"instock","11":"shipping-taxable","12":"purchasable","13":"product-type-simple"},"yoast_head":"<!-- This site is optimized with the Yoast SEO plugin v26.7 - https:\/\/yoast.com\/wordpress\/plugins\/seo\/ -->\n<title>Lait \u00e9claircissant 10Jours GluPa au gluta+papaye et concombre - Glow Premium<\/title>\n<meta name=\"description\" content=\"lait gluta papaye et concombre 10 jours \u00e9claircissant produit cosm\u00e9tique peau claire anti-t\u00e2ches cosm\u00e9tique peau noire m\u00e9tisse\" \/>\n<meta name=\"robots\" content=\"index, follow, max-snippet:-1, max-image-preview:large, max-video-preview:-1\" \/>\n<link rel=\"canonical\" href=\"https:\/\/glowpremium.fr\/en\/lightening-product\/glupa-10-day-extra-lightening-milk-with-glutathioneepapaya-and-cucumber-2\/\" \/>\n<meta property=\"og:locale\" content=\"en_GB\" \/>\n<meta property=\"og:type\" content=\"article\" \/>\n<meta property=\"og:title\" content=\"Lait \u00e9claircissant 10Jours GluPa au gluta+papaye et concombre - Glow Premium\" \/>\n<meta property=\"og:description\" content=\"lait gluta papaye et concombre 10 jours \u00e9claircissant produit cosm\u00e9tique peau claire anti-t\u00e2ches cosm\u00e9tique peau noire m\u00e9tisse\" \/>\n<meta property=\"og:url\" content=\"https:\/\/glowpremium.fr\/en\/lightening-product\/glupa-10-day-extra-lightening-milk-with-glutathioneepapaya-and-cucumber-2\/\" \/>\n<meta property=\"og:site_name\" content=\"Glow Premium\" \/>\n<meta property=\"article:modified_time\" content=\"2024-11-04T14:17:03+00:00\" \/>\n<meta property=\"og:image\" content=\"https:\/\/glowpremium.fr\/wp-content\/uploads\/2024\/10\/PhotoRoom-20230301_194307.png\" \/>\n\t<meta property=\"og:image:width\" content=\"2000\" \/>\n\t<meta property=\"og:image:height\" content=\"1826\" \/>\n\t<meta property=\"og:image:type\" content=\"image\/png\" \/>\n<meta name=\"twitter:card\" content=\"summary_large_image\" \/>\n<meta name=\"twitter:label1\" content=\"Estimated reading time\" \/>\n\t<meta name=\"twitter:data1\" content=\"1 minute\" \/>\n<script type=\"application\/ld+json\" class=\"yoast-schema-graph\">{\"@context\":\"https:\/\/schema.org\",\"@graph\":[{\"@type\":\"WebPage\",\"@id\":\"https:\/\/glowpremium.fr\/produit-eclaircissant\/lait-extra-eclaircissant-10jours-glupa-au-glutathionepapaye-et-concombre-2\/\",\"url\":\"https:\/\/glowpremium.fr\/produit-eclaircissant\/lait-extra-eclaircissant-10jours-glupa-au-glutathionepapaye-et-concombre-2\/\",\"name\":\"Lait \u00e9claircissant 10Jours GluPa au gluta+papaye et concombre - Glow Premium\",\"isPartOf\":{\"@id\":\"https:\/\/glowpremium.fr\/#website\"},\"primaryImageOfPage\":{\"@id\":\"https:\/\/glowpremium.fr\/produit-eclaircissant\/lait-extra-eclaircissant-10jours-glupa-au-glutathionepapaye-et-concombre-2\/#primaryimage\"},\"image\":{\"@id\":\"https:\/\/glowpremium.fr\/produit-eclaircissant\/lait-extra-eclaircissant-10jours-glupa-au-glutathionepapaye-et-concombre-2\/#primaryimage\"},\"thumbnailUrl\":\"https:\/\/glowpremium.fr\/wp-content\/uploads\/2024\/10\/PhotoRoom-20230301_194307.png\",\"datePublished\":\"2024-10-28T13:38:32+00:00\",\"dateModified\":\"2024-11-04T14:17:03+00:00\",\"description\":\"lait gluta papaye et concombre 10 jours \u00e9claircissant produit cosm\u00e9tique peau claire anti-t\u00e2ches cosm\u00e9tique peau noire m\u00e9tisse\",\"breadcrumb\":{\"@id\":\"https:\/\/glowpremium.fr\/produit-eclaircissant\/lait-extra-eclaircissant-10jours-glupa-au-glutathionepapaye-et-concombre-2\/#breadcrumb\"},\"inLanguage\":\"en-GB\",\"potentialAction\":[{\"@type\":\"ReadAction\",\"target\":[\"https:\/\/glowpremium.fr\/produit-eclaircissant\/lait-extra-eclaircissant-10jours-glupa-au-glutathionepapaye-et-concombre-2\/\"]}]},{\"@type\":\"ImageObject\",\"inLanguage\":\"en-GB\",\"@id\":\"https:\/\/glowpremium.fr\/produit-eclaircissant\/lait-extra-eclaircissant-10jours-glupa-au-glutathionepapaye-et-concombre-2\/#primaryimage\",\"url\":\"https:\/\/glowpremium.fr\/wp-content\/uploads\/2024\/10\/PhotoRoom-20230301_194307.png\",\"contentUrl\":\"https:\/\/glowpremium.fr\/wp-content\/uploads\/2024\/10\/PhotoRoom-20230301_194307.png\",\"width\":2000,\"height\":1826},{\"@type\":\"BreadcrumbList\",\"@id\":\"https:\/\/glowpremium.fr\/produit-eclaircissant\/lait-extra-eclaircissant-10jours-glupa-au-glutathionepapaye-et-concombre-2\/#breadcrumb\",\"itemListElement\":[{\"@type\":\"ListItem\",\"position\":1,\"name\":\"Accueil\",\"item\":\"https:\/\/glowpremium.fr\/\"},{\"@type\":\"ListItem\",\"position\":2,\"name\":\"Boutique\",\"item\":\"https:\/\/glowpremium.fr\/boutique-produits-eclaircissants\/\"},{\"@type\":\"ListItem\",\"position\":3,\"name\":\"Lait \u00e9claircissant 10Jours GluPa au gluta+papaye et concombre\"}]},{\"@type\":\"WebSite\",\"@id\":\"https:\/\/glowpremium.fr\/#website\",\"url\":\"https:\/\/glowpremium.fr\/\",\"name\":\"Glow Premium\",\"description\":\"\",\"publisher\":{\"@id\":\"https:\/\/glowpremium.fr\/#organization\"},\"potentialAction\":[{\"@type\":\"SearchAction\",\"target\":{\"@type\":\"EntryPoint\",\"urlTemplate\":\"https:\/\/glowpremium.fr\/?s={search_term_string}\"},\"query-input\":{\"@type\":\"PropertyValueSpecification\",\"valueRequired\":true,\"valueName\":\"search_term_string\"}}],\"inLanguage\":\"en-GB\"},{\"@type\":\"Organization\",\"@id\":\"https:\/\/glowpremium.fr\/#organization\",\"name\":\"Glow Premium\",\"url\":\"https:\/\/glowpremium.fr\/\",\"logo\":{\"@type\":\"ImageObject\",\"inLanguage\":\"en-GB\",\"@id\":\"https:\/\/glowpremium.fr\/#\/schema\/logo\/image\/\",\"url\":\"https:\/\/glowpremium.fr\/wp-content\/uploads\/2024\/10\/screenshot_20241029_034909_chrome.jpg\",\"contentUrl\":\"https:\/\/glowpremium.fr\/wp-content\/uploads\/2024\/10\/screenshot_20241029_034909_chrome.jpg\",\"width\":866,\"height\":937,\"caption\":\"Glow Premium\"},\"image\":{\"@id\":\"https:\/\/glowpremium.fr\/#\/schema\/logo\/image\/\"}}]}<\/script>\n<!-- \/ Yoast SEO plugin. -->","yoast_head_json":{"title":"Lait \u00e9claircissant 10Jours GluPa au gluta+papaye et concombre - Glow Premium","description":"lait gluta papaye et concombre 10 jours \u00e9claircissant produit cosm\u00e9tique peau claire anti-t\u00e2ches cosm\u00e9tique peau noire m\u00e9tisse","robots":{"index":"index","follow":"follow","max-snippet":"max-snippet:-1","max-image-preview":"max-image-preview:large","max-video-preview":"max-video-preview:-1"},"canonical":"https:\/\/glowpremium.fr\/en\/lightening-product\/glupa-10-day-extra-lightening-milk-with-glutathioneepapaya-and-cucumber-2\/","og_locale":"en_GB","og_type":"article","og_title":"Lait \u00e9claircissant 10Jours GluPa au gluta+papaye et concombre - Glow Premium","og_description":"lait gluta papaye et concombre 10 jours \u00e9claircissant produit cosm\u00e9tique peau claire anti-t\u00e2ches cosm\u00e9tique peau noire m\u00e9tisse","og_url":"https:\/\/glowpremium.fr\/en\/lightening-product\/glupa-10-day-extra-lightening-milk-with-glutathioneepapaya-and-cucumber-2\/","og_site_name":"Glow Premium","article_modified_time":"2024-11-04T14:17:03+00:00","og_image":[{"width":2000,"height":1826,"url":"https:\/\/glowpremium.fr\/wp-content\/uploads\/2024\/10\/PhotoRoom-20230301_194307.png","type":"image\/png"}],"twitter_card":"summary_large_image","twitter_misc":{"Estimated reading time":"1 minute"},"schema":{"@context":"https:\/\/schema.org","@graph":[{"@type":"WebPage","@id":"https:\/\/glowpremium.fr\/produit-eclaircissant\/lait-extra-eclaircissant-10jours-glupa-au-glutathionepapaye-et-concombre-2\/","url":"https:\/\/glowpremium.fr\/produit-eclaircissant\/lait-extra-eclaircissant-10jours-glupa-au-glutathionepapaye-et-concombre-2\/","name":"Lait \u00e9claircissant 10Jours GluPa au gluta+papaye et concombre - Glow Premium","isPartOf":{"@id":"https:\/\/glowpremium.fr\/#website"},"primaryImageOfPage":{"@id":"https:\/\/glowpremium.fr\/produit-eclaircissant\/lait-extra-eclaircissant-10jours-glupa-au-glutathionepapaye-et-concombre-2\/#primaryimage"},"image":{"@id":"https:\/\/glowpremium.fr\/produit-eclaircissant\/lait-extra-eclaircissant-10jours-glupa-au-glutathionepapaye-et-concombre-2\/#primaryimage"},"thumbnailUrl":"https:\/\/glowpremium.fr\/wp-content\/uploads\/2024\/10\/PhotoRoom-20230301_194307.png","datePublished":"2024-10-28T13:38:32+00:00","dateModified":"2024-11-04T14:17:03+00:00","description":"lait gluta papaye et concombre 10 jours \u00e9claircissant produit cosm\u00e9tique peau claire anti-t\u00e2ches cosm\u00e9tique peau noire m\u00e9tisse","breadcrumb":{"@id":"https:\/\/glowpremium.fr\/produit-eclaircissant\/lait-extra-eclaircissant-10jours-glupa-au-glutathionepapaye-et-concombre-2\/#breadcrumb"},"inLanguage":"en-GB","potentialAction":[{"@type":"ReadAction","target":["https:\/\/glowpremium.fr\/produit-eclaircissant\/lait-extra-eclaircissant-10jours-glupa-au-glutathionepapaye-et-concombre-2\/"]}]},{"@type":"ImageObject","inLanguage":"en-GB","@id":"https:\/\/glowpremium.fr\/produit-eclaircissant\/lait-extra-eclaircissant-10jours-glupa-au-glutathionepapaye-et-concombre-2\/#primaryimage","url":"https:\/\/glowpremium.fr\/wp-content\/uploads\/2024\/10\/PhotoRoom-20230301_194307.png","contentUrl":"https:\/\/glowpremium.fr\/wp-content\/uploads\/2024\/10\/PhotoRoom-20230301_194307.png","width":2000,"height":1826},{"@type":"BreadcrumbList","@id":"https:\/\/glowpremium.fr\/produit-eclaircissant\/lait-extra-eclaircissant-10jours-glupa-au-glutathionepapaye-et-concombre-2\/#breadcrumb","itemListElement":[{"@type":"ListItem","position":1,"name":"Accueil","item":"https:\/\/glowpremium.fr\/"},{"@type":"ListItem","position":2,"name":"Boutique","item":"https:\/\/glowpremium.fr\/boutique-produits-eclaircissants\/"},{"@type":"ListItem","position":3,"name":"Lait \u00e9claircissant 10Jours GluPa au gluta+papaye et concombre"}]},{"@type":"WebSite","@id":"https:\/\/glowpremium.fr\/#website","url":"https:\/\/glowpremium.fr\/","name":"Glow Premium","description":"","publisher":{"@id":"https:\/\/glowpremium.fr\/#organization"},"potentialAction":[{"@type":"SearchAction","target":{"@type":"EntryPoint","urlTemplate":"https:\/\/glowpremium.fr\/?s={search_term_string}"},"query-input":{"@type":"PropertyValueSpecification","valueRequired":true,"valueName":"search_term_string"}}],"inLanguage":"en-GB"},{"@type":"Organization","@id":"https:\/\/glowpremium.fr\/#organization","name":"Glow Premium","url":"https:\/\/glowpremium.fr\/","logo":{"@type":"ImageObject","inLanguage":"en-GB","@id":"https:\/\/glowpremium.fr\/#\/schema\/logo\/image\/","url":"https:\/\/glowpremium.fr\/wp-content\/uploads\/2024\/10\/screenshot_20241029_034909_chrome.jpg","contentUrl":"https:\/\/glowpremium.fr\/wp-content\/uploads\/2024\/10\/screenshot_20241029_034909_chrome.jpg","width":866,"height":937,"caption":"Glow Premium"},"image":{"@id":"https:\/\/glowpremium.fr\/#\/schema\/logo\/image\/"}}]}},"_links":{"self":[{"href":"https:\/\/glowpremium.fr\/en\/wp-json\/wp\/v2\/product\/6303","targetHints":{"allow":["GET"]}}],"collection":[{"href":"https:\/\/glowpremium.fr\/en\/wp-json\/wp\/v2\/product"}],"about":[{"href":"https:\/\/glowpremium.fr\/en\/wp-json\/wp\/v2\/types\/product"}],"replies":[{"embeddable":true,"href":"https:\/\/glowpremium.fr\/en\/wp-json\/wp\/v2\/comments?post=6303"}],"version-history":[{"count":2,"href":"https:\/\/glowpremium.fr\/en\/wp-json\/wp\/v2\/product\/6303\/revisions"}],"predecessor-version":[{"id":7255,"href":"https:\/\/glowpremium.fr\/en\/wp-json\/wp\/v2\/product\/6303\/revisions\/7255"}],"wp:featuredmedia":[{"embeddable":true,"href":"https:\/\/glowpremium.fr\/en\/wp-json\/wp\/v2\/media\/6302"}],"wp:attachment":[{"href":"https:\/\/glowpremium.fr\/en\/wp-json\/wp\/v2\/media?parent=6303"}],"wp:term":[{"taxonomy":"brand","embeddable":true,"href":"https:\/\/glowpremium.fr\/en\/wp-json\/wp\/v2\/etheme_brands?post=6303"},{"taxonomy":"product_brand","embeddable":true,"href":"https:\/\/glowpremium.fr\/en\/wp-json\/wp\/v2\/product_brand?post=6303"},{"taxonomy":"product_cat","embeddable":true,"href":"https:\/\/glowpremium.fr\/en\/wp-json\/wp\/v2\/product_cat?post=6303"},{"taxonomy":"product_tag","embeddable":true,"href":"https:\/\/glowpremium.fr\/en\/wp-json\/wp\/v2\/product_tag?post=6303"}],"curies":[{"name":"wp","href":"https:\/\/api.w.org\/{rel}","templated":true}]}}