{"id":6300,"date":"2024-10-28T14:38:30","date_gmt":"2024-10-28T13:38:30","guid":{"rendered":"https:\/\/glowpremium.fr\/produit-eclaircissant\/lait-super-blanchissant-gluta-kojic-huile-essentielle-de-carotte-2\/"},"modified":"2024-10-28T14:38:30","modified_gmt":"2024-10-28T13:38:30","slug":"lait-super-blanchissant-gluta-kojic-huile-essentielle-de-carotte-2","status":"publish","type":"product","link":"https:\/\/glowpremium.fr\/en\/lightening-product\/gluta-kojic-super-whitening-milk-carrot-essential-oil-2\/","title":{"rendered":"Gluta &amp; Kojic Super Whitening Milk Carrot Essential Oil"},"content":{"rendered":"<p><strong>How to use :<\/strong><\/p>\n<p>Apply morning and evening to clean skin.<\/p>\n<p><strong>Recommendation:<\/strong><\/p>\n<p>If irritation develops, discontinue use of the product. Avoid contact with eyes. In case of contact, rinse with plenty of water.<\/p>\n<p><strong>Ingredients:\u00a0<\/strong><\/p>\n<p>Glycerin, Carbomer, Rosa Canina, Tocopherol Accetate Niacinamide,Ceteareth-20, Collagen, Glutathione,Rose hip oil.<\/p>","protected":false},"excerpt":{"rendered":"<p>Gluta &amp; Kojic White Glutahione is a whitening body lotion that is specially formulated with natural lightening agents, including a highly effective ingredient that is arbutin evenly and safely lighten your skin combine argan oil, Egyptian oil and carrot extract. It helps smooth wrinkles.<\/p>\n<p>&nbsp;<\/p>\n<p><strong>500 ml<\/strong><\/p>","protected":false},"featured_media":6299,"comment_status":"open","ping_status":"closed","template":"","meta":[],"etheme_brands":[],"product_brand":[],"product_cat":[15],"product_tag":[],"class_list":{"0":"post-6300","1":"product","2":"type-product","3":"status-publish","4":"has-post-thumbnail","6":"product_cat-toutes-categories","8":"first","9":"instock","10":"shipping-taxable","11":"product-type-simple"},"yoast_head":"<!-- This site is optimized with the Yoast SEO plugin v26.7 - https:\/\/yoast.com\/wordpress\/plugins\/seo\/ -->\n<title>Lait Super Blanchissant Gluta &amp; Kojic Huile Essentielle de Carotte - Glow Premium<\/title>\n<meta name=\"robots\" content=\"index, follow, max-snippet:-1, max-image-preview:large, max-video-preview:-1\" \/>\n<link rel=\"canonical\" href=\"https:\/\/glowpremium.fr\/en\/lightening-product\/gluta-kojic-super-whitening-milk-carrot-essential-oil-2\/\" \/>\n<meta property=\"og:locale\" content=\"en_GB\" \/>\n<meta property=\"og:type\" content=\"article\" \/>\n<meta property=\"og:title\" content=\"Lait Super Blanchissant Gluta &amp; Kojic Huile Essentielle de Carotte - Glow Premium\" \/>\n<meta property=\"og:description\" content=\"Gluta &amp; Kojic White Glutahione est une lotion pour le corps blanchissant qui est sp\u00e9cialement formul\u00e9 avec des agents \u00e9claircissants naturels, y compris un ingr\u00e9dient tr\u00e8s efficace qui est l&#039;arbutin uniform\u00e9ment et en toute s\u00e9curit\u00e9 \u00e9claircir votre peau combiner l\u2019huile d\u2019argan, huile \u00e9gyptienne et extrait de carotte. Il aide \u00e0 lisser les rides.  &nbsp;  500 ml\" \/>\n<meta property=\"og:url\" content=\"https:\/\/glowpremium.fr\/en\/lightening-product\/gluta-kojic-super-whitening-milk-carrot-essential-oil-2\/\" \/>\n<meta property=\"og:site_name\" content=\"Glow Premium\" \/>\n<meta property=\"og:image\" content=\"https:\/\/glowpremium.fr\/wp-content\/uploads\/2024\/10\/Capture-decran-2023-02-05-a-14.31.08.png\" \/>\n\t<meta property=\"og:image:width\" content=\"430\" \/>\n\t<meta property=\"og:image:height\" content=\"512\" \/>\n\t<meta property=\"og:image:type\" content=\"image\/png\" \/>\n<meta name=\"twitter:card\" content=\"summary_large_image\" \/>\n<script type=\"application\/ld+json\" class=\"yoast-schema-graph\">{\"@context\":\"https:\/\/schema.org\",\"@graph\":[{\"@type\":\"WebPage\",\"@id\":\"https:\/\/glowpremium.fr\/produit-eclaircissant\/lait-super-blanchissant-gluta-kojic-huile-essentielle-de-carotte-2\/\",\"url\":\"https:\/\/glowpremium.fr\/produit-eclaircissant\/lait-super-blanchissant-gluta-kojic-huile-essentielle-de-carotte-2\/\",\"name\":\"Lait Super Blanchissant Gluta &amp; Kojic Huile Essentielle de Carotte - Glow Premium\",\"isPartOf\":{\"@id\":\"https:\/\/glowpremium.fr\/#website\"},\"primaryImageOfPage\":{\"@id\":\"https:\/\/glowpremium.fr\/produit-eclaircissant\/lait-super-blanchissant-gluta-kojic-huile-essentielle-de-carotte-2\/#primaryimage\"},\"image\":{\"@id\":\"https:\/\/glowpremium.fr\/produit-eclaircissant\/lait-super-blanchissant-gluta-kojic-huile-essentielle-de-carotte-2\/#primaryimage\"},\"thumbnailUrl\":\"https:\/\/glowpremium.fr\/wp-content\/uploads\/2024\/10\/Capture-decran-2023-02-05-a-14.31.08.png\",\"datePublished\":\"2024-10-28T13:38:30+00:00\",\"breadcrumb\":{\"@id\":\"https:\/\/glowpremium.fr\/produit-eclaircissant\/lait-super-blanchissant-gluta-kojic-huile-essentielle-de-carotte-2\/#breadcrumb\"},\"inLanguage\":\"en-GB\",\"potentialAction\":[{\"@type\":\"ReadAction\",\"target\":[\"https:\/\/glowpremium.fr\/produit-eclaircissant\/lait-super-blanchissant-gluta-kojic-huile-essentielle-de-carotte-2\/\"]}]},{\"@type\":\"ImageObject\",\"inLanguage\":\"en-GB\",\"@id\":\"https:\/\/glowpremium.fr\/produit-eclaircissant\/lait-super-blanchissant-gluta-kojic-huile-essentielle-de-carotte-2\/#primaryimage\",\"url\":\"https:\/\/glowpremium.fr\/wp-content\/uploads\/2024\/10\/Capture-decran-2023-02-05-a-14.31.08.png\",\"contentUrl\":\"https:\/\/glowpremium.fr\/wp-content\/uploads\/2024\/10\/Capture-decran-2023-02-05-a-14.31.08.png\",\"width\":430,\"height\":512},{\"@type\":\"BreadcrumbList\",\"@id\":\"https:\/\/glowpremium.fr\/produit-eclaircissant\/lait-super-blanchissant-gluta-kojic-huile-essentielle-de-carotte-2\/#breadcrumb\",\"itemListElement\":[{\"@type\":\"ListItem\",\"position\":1,\"name\":\"Accueil\",\"item\":\"https:\/\/glowpremium.fr\/\"},{\"@type\":\"ListItem\",\"position\":2,\"name\":\"Boutique\",\"item\":\"https:\/\/glowpremium.fr\/boutique-produits-eclaircissants\/\"},{\"@type\":\"ListItem\",\"position\":3,\"name\":\"Lait Super Blanchissant Gluta &amp; Kojic Huile Essentielle de Carotte\"}]},{\"@type\":\"WebSite\",\"@id\":\"https:\/\/glowpremium.fr\/#website\",\"url\":\"https:\/\/glowpremium.fr\/\",\"name\":\"Glow Premium\",\"description\":\"\",\"publisher\":{\"@id\":\"https:\/\/glowpremium.fr\/#organization\"},\"potentialAction\":[{\"@type\":\"SearchAction\",\"target\":{\"@type\":\"EntryPoint\",\"urlTemplate\":\"https:\/\/glowpremium.fr\/?s={search_term_string}\"},\"query-input\":{\"@type\":\"PropertyValueSpecification\",\"valueRequired\":true,\"valueName\":\"search_term_string\"}}],\"inLanguage\":\"en-GB\"},{\"@type\":\"Organization\",\"@id\":\"https:\/\/glowpremium.fr\/#organization\",\"name\":\"Glow Premium\",\"url\":\"https:\/\/glowpremium.fr\/\",\"logo\":{\"@type\":\"ImageObject\",\"inLanguage\":\"en-GB\",\"@id\":\"https:\/\/glowpremium.fr\/#\/schema\/logo\/image\/\",\"url\":\"https:\/\/glowpremium.fr\/wp-content\/uploads\/2024\/10\/screenshot_20241029_034909_chrome.jpg\",\"contentUrl\":\"https:\/\/glowpremium.fr\/wp-content\/uploads\/2024\/10\/screenshot_20241029_034909_chrome.jpg\",\"width\":866,\"height\":937,\"caption\":\"Glow Premium\"},\"image\":{\"@id\":\"https:\/\/glowpremium.fr\/#\/schema\/logo\/image\/\"}}]}<\/script>\n<!-- \/ Yoast SEO plugin. -->","yoast_head_json":{"title":"Lait Super Blanchissant Gluta &amp; Kojic Huile Essentielle de Carotte - Glow Premium","robots":{"index":"index","follow":"follow","max-snippet":"max-snippet:-1","max-image-preview":"max-image-preview:large","max-video-preview":"max-video-preview:-1"},"canonical":"https:\/\/glowpremium.fr\/en\/lightening-product\/gluta-kojic-super-whitening-milk-carrot-essential-oil-2\/","og_locale":"en_GB","og_type":"article","og_title":"Lait Super Blanchissant Gluta &amp; Kojic Huile Essentielle de Carotte - Glow Premium","og_description":"Gluta &amp; Kojic White Glutahione est une lotion pour le corps blanchissant qui est sp\u00e9cialement formul\u00e9 avec des agents \u00e9claircissants naturels, y compris un ingr\u00e9dient tr\u00e8s efficace qui est l'arbutin uniform\u00e9ment et en toute s\u00e9curit\u00e9 \u00e9claircir votre peau combiner l\u2019huile d\u2019argan, huile \u00e9gyptienne et extrait de carotte. Il aide \u00e0 lisser les rides.  &nbsp;  500 ml","og_url":"https:\/\/glowpremium.fr\/en\/lightening-product\/gluta-kojic-super-whitening-milk-carrot-essential-oil-2\/","og_site_name":"Glow Premium","og_image":[{"width":430,"height":512,"url":"https:\/\/glowpremium.fr\/wp-content\/uploads\/2024\/10\/Capture-decran-2023-02-05-a-14.31.08.png","type":"image\/png"}],"twitter_card":"summary_large_image","schema":{"@context":"https:\/\/schema.org","@graph":[{"@type":"WebPage","@id":"https:\/\/glowpremium.fr\/produit-eclaircissant\/lait-super-blanchissant-gluta-kojic-huile-essentielle-de-carotte-2\/","url":"https:\/\/glowpremium.fr\/produit-eclaircissant\/lait-super-blanchissant-gluta-kojic-huile-essentielle-de-carotte-2\/","name":"Lait Super Blanchissant Gluta &amp; Kojic Huile Essentielle de Carotte - Glow Premium","isPartOf":{"@id":"https:\/\/glowpremium.fr\/#website"},"primaryImageOfPage":{"@id":"https:\/\/glowpremium.fr\/produit-eclaircissant\/lait-super-blanchissant-gluta-kojic-huile-essentielle-de-carotte-2\/#primaryimage"},"image":{"@id":"https:\/\/glowpremium.fr\/produit-eclaircissant\/lait-super-blanchissant-gluta-kojic-huile-essentielle-de-carotte-2\/#primaryimage"},"thumbnailUrl":"https:\/\/glowpremium.fr\/wp-content\/uploads\/2024\/10\/Capture-decran-2023-02-05-a-14.31.08.png","datePublished":"2024-10-28T13:38:30+00:00","breadcrumb":{"@id":"https:\/\/glowpremium.fr\/produit-eclaircissant\/lait-super-blanchissant-gluta-kojic-huile-essentielle-de-carotte-2\/#breadcrumb"},"inLanguage":"en-GB","potentialAction":[{"@type":"ReadAction","target":["https:\/\/glowpremium.fr\/produit-eclaircissant\/lait-super-blanchissant-gluta-kojic-huile-essentielle-de-carotte-2\/"]}]},{"@type":"ImageObject","inLanguage":"en-GB","@id":"https:\/\/glowpremium.fr\/produit-eclaircissant\/lait-super-blanchissant-gluta-kojic-huile-essentielle-de-carotte-2\/#primaryimage","url":"https:\/\/glowpremium.fr\/wp-content\/uploads\/2024\/10\/Capture-decran-2023-02-05-a-14.31.08.png","contentUrl":"https:\/\/glowpremium.fr\/wp-content\/uploads\/2024\/10\/Capture-decran-2023-02-05-a-14.31.08.png","width":430,"height":512},{"@type":"BreadcrumbList","@id":"https:\/\/glowpremium.fr\/produit-eclaircissant\/lait-super-blanchissant-gluta-kojic-huile-essentielle-de-carotte-2\/#breadcrumb","itemListElement":[{"@type":"ListItem","position":1,"name":"Accueil","item":"https:\/\/glowpremium.fr\/"},{"@type":"ListItem","position":2,"name":"Boutique","item":"https:\/\/glowpremium.fr\/boutique-produits-eclaircissants\/"},{"@type":"ListItem","position":3,"name":"Lait Super Blanchissant Gluta &amp; Kojic Huile Essentielle de Carotte"}]},{"@type":"WebSite","@id":"https:\/\/glowpremium.fr\/#website","url":"https:\/\/glowpremium.fr\/","name":"Glow Premium","description":"","publisher":{"@id":"https:\/\/glowpremium.fr\/#organization"},"potentialAction":[{"@type":"SearchAction","target":{"@type":"EntryPoint","urlTemplate":"https:\/\/glowpremium.fr\/?s={search_term_string}"},"query-input":{"@type":"PropertyValueSpecification","valueRequired":true,"valueName":"search_term_string"}}],"inLanguage":"en-GB"},{"@type":"Organization","@id":"https:\/\/glowpremium.fr\/#organization","name":"Glow Premium","url":"https:\/\/glowpremium.fr\/","logo":{"@type":"ImageObject","inLanguage":"en-GB","@id":"https:\/\/glowpremium.fr\/#\/schema\/logo\/image\/","url":"https:\/\/glowpremium.fr\/wp-content\/uploads\/2024\/10\/screenshot_20241029_034909_chrome.jpg","contentUrl":"https:\/\/glowpremium.fr\/wp-content\/uploads\/2024\/10\/screenshot_20241029_034909_chrome.jpg","width":866,"height":937,"caption":"Glow Premium"},"image":{"@id":"https:\/\/glowpremium.fr\/#\/schema\/logo\/image\/"}}]}},"_links":{"self":[{"href":"https:\/\/glowpremium.fr\/en\/wp-json\/wp\/v2\/product\/6300","targetHints":{"allow":["GET"]}}],"collection":[{"href":"https:\/\/glowpremium.fr\/en\/wp-json\/wp\/v2\/product"}],"about":[{"href":"https:\/\/glowpremium.fr\/en\/wp-json\/wp\/v2\/types\/product"}],"replies":[{"embeddable":true,"href":"https:\/\/glowpremium.fr\/en\/wp-json\/wp\/v2\/comments?post=6300"}],"version-history":[{"count":0,"href":"https:\/\/glowpremium.fr\/en\/wp-json\/wp\/v2\/product\/6300\/revisions"}],"wp:featuredmedia":[{"embeddable":true,"href":"https:\/\/glowpremium.fr\/en\/wp-json\/wp\/v2\/media\/6299"}],"wp:attachment":[{"href":"https:\/\/glowpremium.fr\/en\/wp-json\/wp\/v2\/media?parent=6300"}],"wp:term":[{"taxonomy":"brand","embeddable":true,"href":"https:\/\/glowpremium.fr\/en\/wp-json\/wp\/v2\/etheme_brands?post=6300"},{"taxonomy":"product_brand","embeddable":true,"href":"https:\/\/glowpremium.fr\/en\/wp-json\/wp\/v2\/product_brand?post=6300"},{"taxonomy":"product_cat","embeddable":true,"href":"https:\/\/glowpremium.fr\/en\/wp-json\/wp\/v2\/product_cat?post=6300"},{"taxonomy":"product_tag","embeddable":true,"href":"https:\/\/glowpremium.fr\/en\/wp-json\/wp\/v2\/product_tag?post=6300"}],"curies":[{"name":"wp","href":"https:\/\/api.w.org\/{rel}","templated":true}]}}