{"id":6296,"date":"2024-10-28T14:38:27","date_gmt":"2024-10-28T13:38:27","guid":{"rendered":"https:\/\/glowpremium.fr\/produit-eclaircissant\/lait-glutathione-eclaircissant-et-adoucissant-riche-en-proteine-nourrissant-2\/"},"modified":"2024-11-04T16:19:45","modified_gmt":"2024-11-04T15:19:45","slug":"lait-glutathione-eclaircissant-et-adoucissant-riche-en-proteine-nourrissant-2","status":"publish","type":"product","link":"https:\/\/glowpremium.fr\/en\/lightening-product\/glutathione-lightening-and-softening-milk-rich-in-nourishing-protein-2\/","title":{"rendered":"Glutathione Lightening And Softening Milk Rich In Proteins"},"content":{"rendered":"<p><strong>How to use :<\/strong><br \/>\nApply the milk morning and evening until the desired result is achieved<br \/>\n<strong>Recommendation:<\/strong><br \/>\nIf irritation develops, discontinue use of the product. Avoid contact with eyes. In case of contact, rinse with plenty of water.<\/p>","protected":false},"excerpt":{"rendered":"<p>Fresh Skinlab Lightening Milk is a truly innovative skin care product, specially designed for black and mixed-race skin. Its formula is rich in glutathione and nourishes, rejuvenates and brightens your skin naturally, moisturises and repairs unattractive, un-fresh complexions thanks to its high milk and glutathione content.<\/p>\n<p>Thanks to its formula with glutathione and milk, your whitened skin will be soft, supple and even. Your complexion will be radiant! 450ML<\/p>","protected":false},"featured_media":6295,"comment_status":"closed","ping_status":"closed","template":"","meta":[],"etheme_brands":[],"product_brand":[],"product_cat":[80,85],"product_tag":[],"class_list":{"0":"post-6296","1":"product","2":"type-product","3":"status-publish","4":"has-post-thumbnail","6":"product_cat-blanchissants-et-eclaircissants","7":"product_cat-laits-eclaircissants","9":"first","10":"instock","11":"shipping-taxable","12":"purchasable","13":"product-type-simple"},"yoast_head":"<!-- This site is optimized with the Yoast SEO plugin v26.7 - https:\/\/yoast.com\/wordpress\/plugins\/seo\/ -->\n<title>Lait Glutathione \u00c9claircissant Et adoucissant riche En Proteine - Glow Premium<\/title>\n<meta name=\"description\" content=\"Lait glutathion aux prot\u00e9ines \u00e9claircissant pour beaut\u00e9 cosm\u00e9tique peau noire et m\u00e9tisse anti-t\u00e2ches produit pour teint uniformiser\" \/>\n<meta name=\"robots\" content=\"index, follow, max-snippet:-1, max-image-preview:large, max-video-preview:-1\" \/>\n<link rel=\"canonical\" href=\"https:\/\/glowpremium.fr\/en\/lightening-product\/glutathione-lightening-and-softening-milk-rich-in-nourishing-protein-2\/\" \/>\n<meta property=\"og:locale\" content=\"en_GB\" \/>\n<meta property=\"og:type\" content=\"article\" \/>\n<meta property=\"og:title\" content=\"Lait Glutathione \u00c9claircissant Et adoucissant riche En Proteine - Glow Premium\" \/>\n<meta property=\"og:description\" content=\"Lait glutathion aux prot\u00e9ines \u00e9claircissant pour beaut\u00e9 cosm\u00e9tique peau noire et m\u00e9tisse anti-t\u00e2ches produit pour teint uniformiser\" \/>\n<meta property=\"og:url\" content=\"https:\/\/glowpremium.fr\/en\/lightening-product\/glutathione-lightening-and-softening-milk-rich-in-nourishing-protein-2\/\" \/>\n<meta property=\"og:site_name\" content=\"Glow Premium\" \/>\n<meta property=\"article:modified_time\" content=\"2024-11-04T15:19:45+00:00\" \/>\n<meta property=\"og:image\" content=\"https:\/\/glowpremium.fr\/wp-content\/uploads\/2024\/10\/PhotoRoom-20230120_111408.png\" \/>\n\t<meta property=\"og:image:width\" content=\"2000\" \/>\n\t<meta property=\"og:image:height\" content=\"1815\" \/>\n\t<meta property=\"og:image:type\" content=\"image\/png\" \/>\n<meta name=\"twitter:card\" content=\"summary_large_image\" \/>\n<meta name=\"twitter:label1\" content=\"Estimated reading time\" \/>\n\t<meta name=\"twitter:data1\" content=\"1 minute\" \/>\n<script type=\"application\/ld+json\" class=\"yoast-schema-graph\">{\"@context\":\"https:\/\/schema.org\",\"@graph\":[{\"@type\":\"WebPage\",\"@id\":\"https:\/\/glowpremium.fr\/produit-eclaircissant\/lait-glutathione-eclaircissant-et-adoucissant-riche-en-proteine-nourrissant-2\/\",\"url\":\"https:\/\/glowpremium.fr\/produit-eclaircissant\/lait-glutathione-eclaircissant-et-adoucissant-riche-en-proteine-nourrissant-2\/\",\"name\":\"Lait Glutathione \u00c9claircissant Et adoucissant riche En Proteine - Glow Premium\",\"isPartOf\":{\"@id\":\"https:\/\/glowpremium.fr\/#website\"},\"primaryImageOfPage\":{\"@id\":\"https:\/\/glowpremium.fr\/produit-eclaircissant\/lait-glutathione-eclaircissant-et-adoucissant-riche-en-proteine-nourrissant-2\/#primaryimage\"},\"image\":{\"@id\":\"https:\/\/glowpremium.fr\/produit-eclaircissant\/lait-glutathione-eclaircissant-et-adoucissant-riche-en-proteine-nourrissant-2\/#primaryimage\"},\"thumbnailUrl\":\"https:\/\/glowpremium.fr\/wp-content\/uploads\/2024\/10\/PhotoRoom-20230120_111408.png\",\"datePublished\":\"2024-10-28T13:38:27+00:00\",\"dateModified\":\"2024-11-04T15:19:45+00:00\",\"description\":\"Lait glutathion aux prot\u00e9ines \u00e9claircissant pour beaut\u00e9 cosm\u00e9tique peau noire et m\u00e9tisse anti-t\u00e2ches produit pour teint uniformiser\",\"breadcrumb\":{\"@id\":\"https:\/\/glowpremium.fr\/produit-eclaircissant\/lait-glutathione-eclaircissant-et-adoucissant-riche-en-proteine-nourrissant-2\/#breadcrumb\"},\"inLanguage\":\"en-GB\",\"potentialAction\":[{\"@type\":\"ReadAction\",\"target\":[\"https:\/\/glowpremium.fr\/produit-eclaircissant\/lait-glutathione-eclaircissant-et-adoucissant-riche-en-proteine-nourrissant-2\/\"]}]},{\"@type\":\"ImageObject\",\"inLanguage\":\"en-GB\",\"@id\":\"https:\/\/glowpremium.fr\/produit-eclaircissant\/lait-glutathione-eclaircissant-et-adoucissant-riche-en-proteine-nourrissant-2\/#primaryimage\",\"url\":\"https:\/\/glowpremium.fr\/wp-content\/uploads\/2024\/10\/PhotoRoom-20230120_111408.png\",\"contentUrl\":\"https:\/\/glowpremium.fr\/wp-content\/uploads\/2024\/10\/PhotoRoom-20230120_111408.png\",\"width\":2000,\"height\":1815},{\"@type\":\"BreadcrumbList\",\"@id\":\"https:\/\/glowpremium.fr\/produit-eclaircissant\/lait-glutathione-eclaircissant-et-adoucissant-riche-en-proteine-nourrissant-2\/#breadcrumb\",\"itemListElement\":[{\"@type\":\"ListItem\",\"position\":1,\"name\":\"Accueil\",\"item\":\"https:\/\/glowpremium.fr\/\"},{\"@type\":\"ListItem\",\"position\":2,\"name\":\"Boutique\",\"item\":\"https:\/\/glowpremium.fr\/boutique-produits-eclaircissants\/\"},{\"@type\":\"ListItem\",\"position\":3,\"name\":\"Lait Glutathione \u00c9claircissant Et adoucissant riche En Proteine\"}]},{\"@type\":\"WebSite\",\"@id\":\"https:\/\/glowpremium.fr\/#website\",\"url\":\"https:\/\/glowpremium.fr\/\",\"name\":\"Glow Premium\",\"description\":\"\",\"publisher\":{\"@id\":\"https:\/\/glowpremium.fr\/#organization\"},\"potentialAction\":[{\"@type\":\"SearchAction\",\"target\":{\"@type\":\"EntryPoint\",\"urlTemplate\":\"https:\/\/glowpremium.fr\/?s={search_term_string}\"},\"query-input\":{\"@type\":\"PropertyValueSpecification\",\"valueRequired\":true,\"valueName\":\"search_term_string\"}}],\"inLanguage\":\"en-GB\"},{\"@type\":\"Organization\",\"@id\":\"https:\/\/glowpremium.fr\/#organization\",\"name\":\"Glow Premium\",\"url\":\"https:\/\/glowpremium.fr\/\",\"logo\":{\"@type\":\"ImageObject\",\"inLanguage\":\"en-GB\",\"@id\":\"https:\/\/glowpremium.fr\/#\/schema\/logo\/image\/\",\"url\":\"https:\/\/glowpremium.fr\/wp-content\/uploads\/2024\/10\/screenshot_20241029_034909_chrome.jpg\",\"contentUrl\":\"https:\/\/glowpremium.fr\/wp-content\/uploads\/2024\/10\/screenshot_20241029_034909_chrome.jpg\",\"width\":866,\"height\":937,\"caption\":\"Glow Premium\"},\"image\":{\"@id\":\"https:\/\/glowpremium.fr\/#\/schema\/logo\/image\/\"}}]}<\/script>\n<!-- \/ Yoast SEO plugin. -->","yoast_head_json":{"title":"Lait Glutathione \u00c9claircissant Et adoucissant riche En Proteine - Glow Premium","description":"Lait glutathion aux prot\u00e9ines \u00e9claircissant pour beaut\u00e9 cosm\u00e9tique peau noire et m\u00e9tisse anti-t\u00e2ches produit pour teint uniformiser","robots":{"index":"index","follow":"follow","max-snippet":"max-snippet:-1","max-image-preview":"max-image-preview:large","max-video-preview":"max-video-preview:-1"},"canonical":"https:\/\/glowpremium.fr\/en\/lightening-product\/glutathione-lightening-and-softening-milk-rich-in-nourishing-protein-2\/","og_locale":"en_GB","og_type":"article","og_title":"Lait Glutathione \u00c9claircissant Et adoucissant riche En Proteine - Glow Premium","og_description":"Lait glutathion aux prot\u00e9ines \u00e9claircissant pour beaut\u00e9 cosm\u00e9tique peau noire et m\u00e9tisse anti-t\u00e2ches produit pour teint uniformiser","og_url":"https:\/\/glowpremium.fr\/en\/lightening-product\/glutathione-lightening-and-softening-milk-rich-in-nourishing-protein-2\/","og_site_name":"Glow Premium","article_modified_time":"2024-11-04T15:19:45+00:00","og_image":[{"width":2000,"height":1815,"url":"https:\/\/glowpremium.fr\/wp-content\/uploads\/2024\/10\/PhotoRoom-20230120_111408.png","type":"image\/png"}],"twitter_card":"summary_large_image","twitter_misc":{"Estimated reading time":"1 minute"},"schema":{"@context":"https:\/\/schema.org","@graph":[{"@type":"WebPage","@id":"https:\/\/glowpremium.fr\/produit-eclaircissant\/lait-glutathione-eclaircissant-et-adoucissant-riche-en-proteine-nourrissant-2\/","url":"https:\/\/glowpremium.fr\/produit-eclaircissant\/lait-glutathione-eclaircissant-et-adoucissant-riche-en-proteine-nourrissant-2\/","name":"Lait Glutathione \u00c9claircissant Et adoucissant riche En Proteine - Glow Premium","isPartOf":{"@id":"https:\/\/glowpremium.fr\/#website"},"primaryImageOfPage":{"@id":"https:\/\/glowpremium.fr\/produit-eclaircissant\/lait-glutathione-eclaircissant-et-adoucissant-riche-en-proteine-nourrissant-2\/#primaryimage"},"image":{"@id":"https:\/\/glowpremium.fr\/produit-eclaircissant\/lait-glutathione-eclaircissant-et-adoucissant-riche-en-proteine-nourrissant-2\/#primaryimage"},"thumbnailUrl":"https:\/\/glowpremium.fr\/wp-content\/uploads\/2024\/10\/PhotoRoom-20230120_111408.png","datePublished":"2024-10-28T13:38:27+00:00","dateModified":"2024-11-04T15:19:45+00:00","description":"Lait glutathion aux prot\u00e9ines \u00e9claircissant pour beaut\u00e9 cosm\u00e9tique peau noire et m\u00e9tisse anti-t\u00e2ches produit pour teint uniformiser","breadcrumb":{"@id":"https:\/\/glowpremium.fr\/produit-eclaircissant\/lait-glutathione-eclaircissant-et-adoucissant-riche-en-proteine-nourrissant-2\/#breadcrumb"},"inLanguage":"en-GB","potentialAction":[{"@type":"ReadAction","target":["https:\/\/glowpremium.fr\/produit-eclaircissant\/lait-glutathione-eclaircissant-et-adoucissant-riche-en-proteine-nourrissant-2\/"]}]},{"@type":"ImageObject","inLanguage":"en-GB","@id":"https:\/\/glowpremium.fr\/produit-eclaircissant\/lait-glutathione-eclaircissant-et-adoucissant-riche-en-proteine-nourrissant-2\/#primaryimage","url":"https:\/\/glowpremium.fr\/wp-content\/uploads\/2024\/10\/PhotoRoom-20230120_111408.png","contentUrl":"https:\/\/glowpremium.fr\/wp-content\/uploads\/2024\/10\/PhotoRoom-20230120_111408.png","width":2000,"height":1815},{"@type":"BreadcrumbList","@id":"https:\/\/glowpremium.fr\/produit-eclaircissant\/lait-glutathione-eclaircissant-et-adoucissant-riche-en-proteine-nourrissant-2\/#breadcrumb","itemListElement":[{"@type":"ListItem","position":1,"name":"Accueil","item":"https:\/\/glowpremium.fr\/"},{"@type":"ListItem","position":2,"name":"Boutique","item":"https:\/\/glowpremium.fr\/boutique-produits-eclaircissants\/"},{"@type":"ListItem","position":3,"name":"Lait Glutathione \u00c9claircissant Et adoucissant riche En Proteine"}]},{"@type":"WebSite","@id":"https:\/\/glowpremium.fr\/#website","url":"https:\/\/glowpremium.fr\/","name":"Glow Premium","description":"","publisher":{"@id":"https:\/\/glowpremium.fr\/#organization"},"potentialAction":[{"@type":"SearchAction","target":{"@type":"EntryPoint","urlTemplate":"https:\/\/glowpremium.fr\/?s={search_term_string}"},"query-input":{"@type":"PropertyValueSpecification","valueRequired":true,"valueName":"search_term_string"}}],"inLanguage":"en-GB"},{"@type":"Organization","@id":"https:\/\/glowpremium.fr\/#organization","name":"Glow Premium","url":"https:\/\/glowpremium.fr\/","logo":{"@type":"ImageObject","inLanguage":"en-GB","@id":"https:\/\/glowpremium.fr\/#\/schema\/logo\/image\/","url":"https:\/\/glowpremium.fr\/wp-content\/uploads\/2024\/10\/screenshot_20241029_034909_chrome.jpg","contentUrl":"https:\/\/glowpremium.fr\/wp-content\/uploads\/2024\/10\/screenshot_20241029_034909_chrome.jpg","width":866,"height":937,"caption":"Glow Premium"},"image":{"@id":"https:\/\/glowpremium.fr\/#\/schema\/logo\/image\/"}}]}},"_links":{"self":[{"href":"https:\/\/glowpremium.fr\/en\/wp-json\/wp\/v2\/product\/6296","targetHints":{"allow":["GET"]}}],"collection":[{"href":"https:\/\/glowpremium.fr\/en\/wp-json\/wp\/v2\/product"}],"about":[{"href":"https:\/\/glowpremium.fr\/en\/wp-json\/wp\/v2\/types\/product"}],"replies":[{"embeddable":true,"href":"https:\/\/glowpremium.fr\/en\/wp-json\/wp\/v2\/comments?post=6296"}],"version-history":[{"count":2,"href":"https:\/\/glowpremium.fr\/en\/wp-json\/wp\/v2\/product\/6296\/revisions"}],"predecessor-version":[{"id":7257,"href":"https:\/\/glowpremium.fr\/en\/wp-json\/wp\/v2\/product\/6296\/revisions\/7257"}],"wp:featuredmedia":[{"embeddable":true,"href":"https:\/\/glowpremium.fr\/en\/wp-json\/wp\/v2\/media\/6295"}],"wp:attachment":[{"href":"https:\/\/glowpremium.fr\/en\/wp-json\/wp\/v2\/media?parent=6296"}],"wp:term":[{"taxonomy":"brand","embeddable":true,"href":"https:\/\/glowpremium.fr\/en\/wp-json\/wp\/v2\/etheme_brands?post=6296"},{"taxonomy":"product_brand","embeddable":true,"href":"https:\/\/glowpremium.fr\/en\/wp-json\/wp\/v2\/product_brand?post=6296"},{"taxonomy":"product_cat","embeddable":true,"href":"https:\/\/glowpremium.fr\/en\/wp-json\/wp\/v2\/product_cat?post=6296"},{"taxonomy":"product_tag","embeddable":true,"href":"https:\/\/glowpremium.fr\/en\/wp-json\/wp\/v2\/product_tag?post=6296"}],"curies":[{"name":"wp","href":"https:\/\/api.w.org\/{rel}","templated":true}]}}