{"id":6293,"date":"2024-10-28T14:38:23","date_gmt":"2024-10-28T13:38:23","guid":{"rendered":"https:\/\/glowpremium.fr\/produit-eclaircissant\/lait-blanchissant-ultra-rapide-bio-oil-anti-vergetures-et-huile-de-carotte-2\/"},"modified":"2024-11-05T07:39:18","modified_gmt":"2024-11-05T06:39:18","slug":"lait-blanchissant-ultra-rapide-bio-oil-anti-vergetures-et-huile-de-carotte-2","status":"publish","type":"product","link":"https:\/\/glowpremium.fr\/en\/lightening-product\/bio-oil-ultra-fast-whitening-milk-anti-stretch-marks-and-carrot-oil-2\/","title":{"rendered":"Bio-Oil Stretch Mark Control Quick Whitening Milk with carrot oil."},"content":{"rendered":"<p><strong>How to use :<\/strong><br \/>\nApply the milk morning and evening until the desired result is achieved<br \/>\n<strong>Recommendation:<\/strong><br \/>\nIf irritation develops, discontinue use of the product. Avoid contact with eyes. In case of contact, rinse with plenty of water.<\/p>","protected":false},"excerpt":{"rendered":"<p>Organic whitening milk is a truly innovative treatment, specially designed for black and mixed-race skin. Its formula is rich in nourishing plant active ingredients and carrot oil, which naturally rejuvenate and lighten your skin, moisturise and repair it.<\/p>\n<p>Thanks to bio your skin will become soft, supple and even. Your complexion will glow! 600ML<\/p>","protected":false},"featured_media":6292,"comment_status":"closed","ping_status":"closed","template":"","meta":[],"etheme_brands":[],"product_brand":[],"product_cat":[15],"product_tag":[],"class_list":{"0":"post-6293","1":"product","2":"type-product","3":"status-publish","4":"has-post-thumbnail","6":"product_cat-toutes-categories","8":"first","9":"instock","10":"shipping-taxable","11":"purchasable","12":"product-type-simple"},"yoast_head":"<!-- This site is optimized with the Yoast SEO plugin v26.7 - https:\/\/yoast.com\/wordpress\/plugins\/seo\/ -->\n<title>Lait Blanchissant rapide Bio-Oil Anti-vergetures a l&quot;huile de carotte. - Glow Premium<\/title>\n<meta name=\"description\" content=\"lait blanchissant ultra rapide bio-oil anti-vergeture anti-t\u00e2ches \u00e9claircissant peau noire m\u00e9tisse cosm\u00e9tique beaut\u00e9 peau claire teint illumin\u00e9\" \/>\n<meta name=\"robots\" content=\"index, follow, max-snippet:-1, max-image-preview:large, max-video-preview:-1\" \/>\n<link rel=\"canonical\" href=\"https:\/\/glowpremium.fr\/en\/lightening-product\/bio-oil-ultra-fast-whitening-milk-anti-stretch-marks-and-carrot-oil-2\/\" \/>\n<meta property=\"og:locale\" content=\"en_GB\" \/>\n<meta property=\"og:type\" content=\"article\" \/>\n<meta property=\"og:title\" content=\"Lait Blanchissant rapide Bio-Oil Anti-vergetures a l&quot;huile de carotte. - Glow Premium\" \/>\n<meta property=\"og:description\" content=\"lait blanchissant ultra rapide bio-oil anti-vergeture anti-t\u00e2ches \u00e9claircissant peau noire m\u00e9tisse cosm\u00e9tique beaut\u00e9 peau claire teint illumin\u00e9\" \/>\n<meta property=\"og:url\" content=\"https:\/\/glowpremium.fr\/en\/lightening-product\/bio-oil-ultra-fast-whitening-milk-anti-stretch-marks-and-carrot-oil-2\/\" \/>\n<meta property=\"og:site_name\" content=\"Glow Premium\" \/>\n<meta property=\"article:modified_time\" content=\"2024-11-05T06:39:18+00:00\" \/>\n<meta property=\"og:image\" content=\"https:\/\/glowpremium.fr\/wp-content\/uploads\/2024\/10\/PhotoRoom-20230119_190243.png\" \/>\n\t<meta property=\"og:image:width\" content=\"2000\" \/>\n\t<meta property=\"og:image:height\" content=\"1823\" \/>\n\t<meta property=\"og:image:type\" content=\"image\/png\" \/>\n<meta name=\"twitter:card\" content=\"summary_large_image\" \/>\n<meta name=\"twitter:label1\" content=\"Estimated reading time\" \/>\n\t<meta name=\"twitter:data1\" content=\"1 minute\" \/>\n<script type=\"application\/ld+json\" class=\"yoast-schema-graph\">{\"@context\":\"https:\/\/schema.org\",\"@graph\":[{\"@type\":\"WebPage\",\"@id\":\"https:\/\/glowpremium.fr\/produit-eclaircissant\/lait-blanchissant-ultra-rapide-bio-oil-anti-vergetures-et-huile-de-carotte-2\/\",\"url\":\"https:\/\/glowpremium.fr\/produit-eclaircissant\/lait-blanchissant-ultra-rapide-bio-oil-anti-vergetures-et-huile-de-carotte-2\/\",\"name\":\"Lait Blanchissant rapide Bio-Oil Anti-vergetures a l\\\"huile de carotte. - Glow Premium\",\"isPartOf\":{\"@id\":\"https:\/\/glowpremium.fr\/#website\"},\"primaryImageOfPage\":{\"@id\":\"https:\/\/glowpremium.fr\/produit-eclaircissant\/lait-blanchissant-ultra-rapide-bio-oil-anti-vergetures-et-huile-de-carotte-2\/#primaryimage\"},\"image\":{\"@id\":\"https:\/\/glowpremium.fr\/produit-eclaircissant\/lait-blanchissant-ultra-rapide-bio-oil-anti-vergetures-et-huile-de-carotte-2\/#primaryimage\"},\"thumbnailUrl\":\"https:\/\/glowpremium.fr\/wp-content\/uploads\/2024\/10\/PhotoRoom-20230119_190243.png\",\"datePublished\":\"2024-10-28T13:38:23+00:00\",\"dateModified\":\"2024-11-05T06:39:18+00:00\",\"description\":\"lait blanchissant ultra rapide bio-oil anti-vergeture anti-t\u00e2ches \u00e9claircissant peau noire m\u00e9tisse cosm\u00e9tique beaut\u00e9 peau claire teint illumin\u00e9\",\"breadcrumb\":{\"@id\":\"https:\/\/glowpremium.fr\/produit-eclaircissant\/lait-blanchissant-ultra-rapide-bio-oil-anti-vergetures-et-huile-de-carotte-2\/#breadcrumb\"},\"inLanguage\":\"en-GB\",\"potentialAction\":[{\"@type\":\"ReadAction\",\"target\":[\"https:\/\/glowpremium.fr\/produit-eclaircissant\/lait-blanchissant-ultra-rapide-bio-oil-anti-vergetures-et-huile-de-carotte-2\/\"]}]},{\"@type\":\"ImageObject\",\"inLanguage\":\"en-GB\",\"@id\":\"https:\/\/glowpremium.fr\/produit-eclaircissant\/lait-blanchissant-ultra-rapide-bio-oil-anti-vergetures-et-huile-de-carotte-2\/#primaryimage\",\"url\":\"https:\/\/glowpremium.fr\/wp-content\/uploads\/2024\/10\/PhotoRoom-20230119_190243.png\",\"contentUrl\":\"https:\/\/glowpremium.fr\/wp-content\/uploads\/2024\/10\/PhotoRoom-20230119_190243.png\",\"width\":2000,\"height\":1823},{\"@type\":\"BreadcrumbList\",\"@id\":\"https:\/\/glowpremium.fr\/produit-eclaircissant\/lait-blanchissant-ultra-rapide-bio-oil-anti-vergetures-et-huile-de-carotte-2\/#breadcrumb\",\"itemListElement\":[{\"@type\":\"ListItem\",\"position\":1,\"name\":\"Accueil\",\"item\":\"https:\/\/glowpremium.fr\/\"},{\"@type\":\"ListItem\",\"position\":2,\"name\":\"Boutique\",\"item\":\"https:\/\/glowpremium.fr\/boutique-produits-eclaircissants\/\"},{\"@type\":\"ListItem\",\"position\":3,\"name\":\"Lait Blanchissant rapide Bio-Oil Anti-vergetures a l&#8221;huile de carotte.\"}]},{\"@type\":\"WebSite\",\"@id\":\"https:\/\/glowpremium.fr\/#website\",\"url\":\"https:\/\/glowpremium.fr\/\",\"name\":\"Glow Premium\",\"description\":\"\",\"publisher\":{\"@id\":\"https:\/\/glowpremium.fr\/#organization\"},\"potentialAction\":[{\"@type\":\"SearchAction\",\"target\":{\"@type\":\"EntryPoint\",\"urlTemplate\":\"https:\/\/glowpremium.fr\/?s={search_term_string}\"},\"query-input\":{\"@type\":\"PropertyValueSpecification\",\"valueRequired\":true,\"valueName\":\"search_term_string\"}}],\"inLanguage\":\"en-GB\"},{\"@type\":\"Organization\",\"@id\":\"https:\/\/glowpremium.fr\/#organization\",\"name\":\"Glow Premium\",\"url\":\"https:\/\/glowpremium.fr\/\",\"logo\":{\"@type\":\"ImageObject\",\"inLanguage\":\"en-GB\",\"@id\":\"https:\/\/glowpremium.fr\/#\/schema\/logo\/image\/\",\"url\":\"https:\/\/glowpremium.fr\/wp-content\/uploads\/2024\/10\/screenshot_20241029_034909_chrome.jpg\",\"contentUrl\":\"https:\/\/glowpremium.fr\/wp-content\/uploads\/2024\/10\/screenshot_20241029_034909_chrome.jpg\",\"width\":866,\"height\":937,\"caption\":\"Glow Premium\"},\"image\":{\"@id\":\"https:\/\/glowpremium.fr\/#\/schema\/logo\/image\/\"}}]}<\/script>\n<!-- \/ Yoast SEO plugin. -->","yoast_head_json":{"title":"Lait Blanchissant rapide Bio-Oil Anti-vergetures a l\"huile de carotte. - Glow Premium","description":"lait blanchissant ultra rapide bio-oil anti-vergeture anti-t\u00e2ches \u00e9claircissant peau noire m\u00e9tisse cosm\u00e9tique beaut\u00e9 peau claire teint illumin\u00e9","robots":{"index":"index","follow":"follow","max-snippet":"max-snippet:-1","max-image-preview":"max-image-preview:large","max-video-preview":"max-video-preview:-1"},"canonical":"https:\/\/glowpremium.fr\/en\/lightening-product\/bio-oil-ultra-fast-whitening-milk-anti-stretch-marks-and-carrot-oil-2\/","og_locale":"en_GB","og_type":"article","og_title":"Lait Blanchissant rapide Bio-Oil Anti-vergetures a l\"huile de carotte. - Glow Premium","og_description":"lait blanchissant ultra rapide bio-oil anti-vergeture anti-t\u00e2ches \u00e9claircissant peau noire m\u00e9tisse cosm\u00e9tique beaut\u00e9 peau claire teint illumin\u00e9","og_url":"https:\/\/glowpremium.fr\/en\/lightening-product\/bio-oil-ultra-fast-whitening-milk-anti-stretch-marks-and-carrot-oil-2\/","og_site_name":"Glow Premium","article_modified_time":"2024-11-05T06:39:18+00:00","og_image":[{"width":2000,"height":1823,"url":"https:\/\/glowpremium.fr\/wp-content\/uploads\/2024\/10\/PhotoRoom-20230119_190243.png","type":"image\/png"}],"twitter_card":"summary_large_image","twitter_misc":{"Estimated reading time":"1 minute"},"schema":{"@context":"https:\/\/schema.org","@graph":[{"@type":"WebPage","@id":"https:\/\/glowpremium.fr\/produit-eclaircissant\/lait-blanchissant-ultra-rapide-bio-oil-anti-vergetures-et-huile-de-carotte-2\/","url":"https:\/\/glowpremium.fr\/produit-eclaircissant\/lait-blanchissant-ultra-rapide-bio-oil-anti-vergetures-et-huile-de-carotte-2\/","name":"Lait Blanchissant rapide Bio-Oil Anti-vergetures a l\"huile de carotte. - Glow Premium","isPartOf":{"@id":"https:\/\/glowpremium.fr\/#website"},"primaryImageOfPage":{"@id":"https:\/\/glowpremium.fr\/produit-eclaircissant\/lait-blanchissant-ultra-rapide-bio-oil-anti-vergetures-et-huile-de-carotte-2\/#primaryimage"},"image":{"@id":"https:\/\/glowpremium.fr\/produit-eclaircissant\/lait-blanchissant-ultra-rapide-bio-oil-anti-vergetures-et-huile-de-carotte-2\/#primaryimage"},"thumbnailUrl":"https:\/\/glowpremium.fr\/wp-content\/uploads\/2024\/10\/PhotoRoom-20230119_190243.png","datePublished":"2024-10-28T13:38:23+00:00","dateModified":"2024-11-05T06:39:18+00:00","description":"lait blanchissant ultra rapide bio-oil anti-vergeture anti-t\u00e2ches \u00e9claircissant peau noire m\u00e9tisse cosm\u00e9tique beaut\u00e9 peau claire teint illumin\u00e9","breadcrumb":{"@id":"https:\/\/glowpremium.fr\/produit-eclaircissant\/lait-blanchissant-ultra-rapide-bio-oil-anti-vergetures-et-huile-de-carotte-2\/#breadcrumb"},"inLanguage":"en-GB","potentialAction":[{"@type":"ReadAction","target":["https:\/\/glowpremium.fr\/produit-eclaircissant\/lait-blanchissant-ultra-rapide-bio-oil-anti-vergetures-et-huile-de-carotte-2\/"]}]},{"@type":"ImageObject","inLanguage":"en-GB","@id":"https:\/\/glowpremium.fr\/produit-eclaircissant\/lait-blanchissant-ultra-rapide-bio-oil-anti-vergetures-et-huile-de-carotte-2\/#primaryimage","url":"https:\/\/glowpremium.fr\/wp-content\/uploads\/2024\/10\/PhotoRoom-20230119_190243.png","contentUrl":"https:\/\/glowpremium.fr\/wp-content\/uploads\/2024\/10\/PhotoRoom-20230119_190243.png","width":2000,"height":1823},{"@type":"BreadcrumbList","@id":"https:\/\/glowpremium.fr\/produit-eclaircissant\/lait-blanchissant-ultra-rapide-bio-oil-anti-vergetures-et-huile-de-carotte-2\/#breadcrumb","itemListElement":[{"@type":"ListItem","position":1,"name":"Accueil","item":"https:\/\/glowpremium.fr\/"},{"@type":"ListItem","position":2,"name":"Boutique","item":"https:\/\/glowpremium.fr\/boutique-produits-eclaircissants\/"},{"@type":"ListItem","position":3,"name":"Lait Blanchissant rapide Bio-Oil Anti-vergetures a l&#8221;huile de carotte."}]},{"@type":"WebSite","@id":"https:\/\/glowpremium.fr\/#website","url":"https:\/\/glowpremium.fr\/","name":"Glow Premium","description":"","publisher":{"@id":"https:\/\/glowpremium.fr\/#organization"},"potentialAction":[{"@type":"SearchAction","target":{"@type":"EntryPoint","urlTemplate":"https:\/\/glowpremium.fr\/?s={search_term_string}"},"query-input":{"@type":"PropertyValueSpecification","valueRequired":true,"valueName":"search_term_string"}}],"inLanguage":"en-GB"},{"@type":"Organization","@id":"https:\/\/glowpremium.fr\/#organization","name":"Glow Premium","url":"https:\/\/glowpremium.fr\/","logo":{"@type":"ImageObject","inLanguage":"en-GB","@id":"https:\/\/glowpremium.fr\/#\/schema\/logo\/image\/","url":"https:\/\/glowpremium.fr\/wp-content\/uploads\/2024\/10\/screenshot_20241029_034909_chrome.jpg","contentUrl":"https:\/\/glowpremium.fr\/wp-content\/uploads\/2024\/10\/screenshot_20241029_034909_chrome.jpg","width":866,"height":937,"caption":"Glow Premium"},"image":{"@id":"https:\/\/glowpremium.fr\/#\/schema\/logo\/image\/"}}]}},"_links":{"self":[{"href":"https:\/\/glowpremium.fr\/en\/wp-json\/wp\/v2\/product\/6293","targetHints":{"allow":["GET"]}}],"collection":[{"href":"https:\/\/glowpremium.fr\/en\/wp-json\/wp\/v2\/product"}],"about":[{"href":"https:\/\/glowpremium.fr\/en\/wp-json\/wp\/v2\/types\/product"}],"replies":[{"embeddable":true,"href":"https:\/\/glowpremium.fr\/en\/wp-json\/wp\/v2\/comments?post=6293"}],"version-history":[{"count":2,"href":"https:\/\/glowpremium.fr\/en\/wp-json\/wp\/v2\/product\/6293\/revisions"}],"predecessor-version":[{"id":7283,"href":"https:\/\/glowpremium.fr\/en\/wp-json\/wp\/v2\/product\/6293\/revisions\/7283"}],"wp:featuredmedia":[{"embeddable":true,"href":"https:\/\/glowpremium.fr\/en\/wp-json\/wp\/v2\/media\/6292"}],"wp:attachment":[{"href":"https:\/\/glowpremium.fr\/en\/wp-json\/wp\/v2\/media?parent=6293"}],"wp:term":[{"taxonomy":"brand","embeddable":true,"href":"https:\/\/glowpremium.fr\/en\/wp-json\/wp\/v2\/etheme_brands?post=6293"},{"taxonomy":"product_brand","embeddable":true,"href":"https:\/\/glowpremium.fr\/en\/wp-json\/wp\/v2\/product_brand?post=6293"},{"taxonomy":"product_cat","embeddable":true,"href":"https:\/\/glowpremium.fr\/en\/wp-json\/wp\/v2\/product_cat?post=6293"},{"taxonomy":"product_tag","embeddable":true,"href":"https:\/\/glowpremium.fr\/en\/wp-json\/wp\/v2\/product_tag?post=6293"}],"curies":[{"name":"wp","href":"https:\/\/api.w.org\/{rel}","templated":true}]}}