{"id":6288,"date":"2024-10-28T14:38:14","date_gmt":"2024-10-28T13:38:14","guid":{"rendered":"https:\/\/glowpremium.fr\/produit-eclaircissant\/gamme-eclaircissant-eclat-dor-teint-sans-taches-et-lumineux-2\/"},"modified":"2024-11-06T03:08:45","modified_gmt":"2024-11-06T02:08:45","slug":"gamme-eclaircissant-eclat-dor-teint-sans-taches-et-lumineux-2","status":"publish","type":"product","link":"https:\/\/glowpremium.fr\/en\/lightening-product\/eclat-dor-brightening-range-spotless-luminous-complexion-2\/","title":{"rendered":"\u00c9clat d'or Brightening Range Spotless, luminous complexion"},"content":{"rendered":"<p><strong>How to use :<\/strong><\/p>\n<p>Use daily for visible results.<\/p>\n<p><strong>Recommendation:<\/strong><\/p>\n<p>Do not expose to the sun for long periods.<\/p>\n<p>If irritation occurs, stop using the products.<\/p>\n<p>Keep out of reach of children.<\/p>\n<p><strong>Composition:<\/strong><\/p>\n<p>Aqua, parraffinum,liquidum,glyc\u00e9rine,cetearyl,alc-hol sodium lauryl,sulfate,and sodium cetearyl,sulfate,stearyl alcohol,isopropyl palmitat, stearic acid, petroleum jelly, silicone fluid,whitening agents, propyl parab\u00e8ne, methyl paraben,fragrance,edta,citric acid.<\/p>","protected":false},"excerpt":{"rendered":"<p>The \u00c9clat d'or toiletries range lightens, moisturises and softens your skin without harming it. Suitable for all skin types, its high-tolerance formula is based on powerful lightening active ingredients that work at the heart of the cells to block the pigmentation process and help brown spots disappear. You'll love the sensation of a gentle skin care product that blends in perfectly with the skin.<\/p>\n<p><em>Lait \u00e9clat d'or : \u00a0 \u00a0 \u00a0 \u00a0 \u00a0 \u00a0\u00a0<\/em><\/p>\n<p><strong>500ml \u00a0 \u00a0 \u00a0 \u00a0 \u00a0 \u00a0 \u00a0 \u00a0 \u00a0 \u00a0 \u00a0 \u00a0 \u00a0 \u00a0 \u00a0 \u00a0 \u00a0<\/strong><\/p>\n<p><em>Lotion \u00e9clat d'or : \u00a0 \u00a0 \u00a0 \u00a0 \u00a0\u00a0<\/em><\/p>\n<p><strong>60 ml<\/strong><\/p>\n<p><em>Golden shine soap :<\/em><\/p>\n<p><strong>150 g<\/strong><\/p>\n<p><em>Action Jolie concentrate:\u00a0<\/em><\/p>\n<p><strong>125 ml<\/strong><\/p>\n<p>Blanchisseur Le Laveur :<\/p>\n<p><strong>15 ml<\/strong><\/p>\n<p>&nbsp;<\/p>\n<p>&nbsp;<\/p>","protected":false},"featured_media":6287,"comment_status":"closed","ping_status":"closed","template":"","meta":[],"etheme_brands":[],"product_brand":[],"product_cat":[80,82],"product_tag":[],"class_list":{"0":"post-6288","1":"product","2":"type-product","3":"status-publish","4":"has-post-thumbnail","6":"product_cat-blanchissants-et-eclaircissants","7":"product_cat-gammes-eclaircissantes","9":"first","10":"instock","11":"shipping-taxable","12":"purchasable","13":"product-type-simple"},"yoast_head":"<!-- This site is optimized with the Yoast SEO plugin v26.7 - https:\/\/yoast.com\/wordpress\/plugins\/seo\/ -->\n<title>Gamme \u00e9claircissant \u00c9clat d&#039;or Teint Sans T\u00e2ches Et Lumineux - Glow Premium<\/title>\n<meta name=\"description\" content=\"Gamme \u00e9clat d&quot;or \u00e9claircissante produit cosm\u00e9tique peau noire et m\u00e9tisse uniformise beaut\u00e9 teint claire anti-t\u00e2ches peau lumineuse\" \/>\n<meta name=\"robots\" content=\"index, follow, max-snippet:-1, max-image-preview:large, max-video-preview:-1\" \/>\n<link rel=\"canonical\" href=\"https:\/\/glowpremium.fr\/en\/lightening-product\/eclat-dor-brightening-range-spotless-luminous-complexion-2\/\" \/>\n<meta property=\"og:locale\" content=\"en_GB\" \/>\n<meta property=\"og:type\" content=\"article\" \/>\n<meta property=\"og:title\" content=\"Gamme \u00e9claircissant \u00c9clat d&#039;or Teint Sans T\u00e2ches Et Lumineux - Glow Premium\" \/>\n<meta property=\"og:description\" content=\"Gamme \u00e9clat d&quot;or \u00e9claircissante produit cosm\u00e9tique peau noire et m\u00e9tisse uniformise beaut\u00e9 teint claire anti-t\u00e2ches peau lumineuse\" \/>\n<meta property=\"og:url\" content=\"https:\/\/glowpremium.fr\/en\/lightening-product\/eclat-dor-brightening-range-spotless-luminous-complexion-2\/\" \/>\n<meta property=\"og:site_name\" content=\"Glow Premium\" \/>\n<meta property=\"article:modified_time\" content=\"2024-11-06T02:08:45+00:00\" \/>\n<meta property=\"og:image\" content=\"https:\/\/glowpremium.fr\/wp-content\/uploads\/2024\/10\/PhotoRoom-20230119_185056-1.png\" \/>\n\t<meta property=\"og:image:width\" content=\"2000\" \/>\n\t<meta property=\"og:image:height\" content=\"1819\" \/>\n\t<meta property=\"og:image:type\" content=\"image\/png\" \/>\n<meta name=\"twitter:card\" content=\"summary_large_image\" \/>\n<meta name=\"twitter:label1\" content=\"Estimated reading time\" \/>\n\t<meta name=\"twitter:data1\" content=\"1 minute\" \/>\n<script type=\"application\/ld+json\" class=\"yoast-schema-graph\">{\"@context\":\"https:\/\/schema.org\",\"@graph\":[{\"@type\":\"WebPage\",\"@id\":\"https:\/\/glowpremium.fr\/produit-eclaircissant\/gamme-eclaircissant-eclat-dor-teint-sans-taches-et-lumineux-2\/\",\"url\":\"https:\/\/glowpremium.fr\/produit-eclaircissant\/gamme-eclaircissant-eclat-dor-teint-sans-taches-et-lumineux-2\/\",\"name\":\"Gamme \u00e9claircissant \u00c9clat d'or Teint Sans T\u00e2ches Et Lumineux - Glow Premium\",\"isPartOf\":{\"@id\":\"https:\/\/glowpremium.fr\/#website\"},\"primaryImageOfPage\":{\"@id\":\"https:\/\/glowpremium.fr\/produit-eclaircissant\/gamme-eclaircissant-eclat-dor-teint-sans-taches-et-lumineux-2\/#primaryimage\"},\"image\":{\"@id\":\"https:\/\/glowpremium.fr\/produit-eclaircissant\/gamme-eclaircissant-eclat-dor-teint-sans-taches-et-lumineux-2\/#primaryimage\"},\"thumbnailUrl\":\"https:\/\/glowpremium.fr\/wp-content\/uploads\/2024\/10\/PhotoRoom-20230119_185056-1.png\",\"datePublished\":\"2024-10-28T13:38:14+00:00\",\"dateModified\":\"2024-11-06T02:08:45+00:00\",\"description\":\"Gamme \u00e9clat d\\\"or \u00e9claircissante produit cosm\u00e9tique peau noire et m\u00e9tisse uniformise beaut\u00e9 teint claire anti-t\u00e2ches peau lumineuse\",\"breadcrumb\":{\"@id\":\"https:\/\/glowpremium.fr\/produit-eclaircissant\/gamme-eclaircissant-eclat-dor-teint-sans-taches-et-lumineux-2\/#breadcrumb\"},\"inLanguage\":\"en-GB\",\"potentialAction\":[{\"@type\":\"ReadAction\",\"target\":[\"https:\/\/glowpremium.fr\/produit-eclaircissant\/gamme-eclaircissant-eclat-dor-teint-sans-taches-et-lumineux-2\/\"]}]},{\"@type\":\"ImageObject\",\"inLanguage\":\"en-GB\",\"@id\":\"https:\/\/glowpremium.fr\/produit-eclaircissant\/gamme-eclaircissant-eclat-dor-teint-sans-taches-et-lumineux-2\/#primaryimage\",\"url\":\"https:\/\/glowpremium.fr\/wp-content\/uploads\/2024\/10\/PhotoRoom-20230119_185056-1.png\",\"contentUrl\":\"https:\/\/glowpremium.fr\/wp-content\/uploads\/2024\/10\/PhotoRoom-20230119_185056-1.png\",\"width\":2000,\"height\":1819},{\"@type\":\"BreadcrumbList\",\"@id\":\"https:\/\/glowpremium.fr\/produit-eclaircissant\/gamme-eclaircissant-eclat-dor-teint-sans-taches-et-lumineux-2\/#breadcrumb\",\"itemListElement\":[{\"@type\":\"ListItem\",\"position\":1,\"name\":\"Accueil\",\"item\":\"https:\/\/glowpremium.fr\/\"},{\"@type\":\"ListItem\",\"position\":2,\"name\":\"Boutique\",\"item\":\"https:\/\/glowpremium.fr\/boutique-produits-eclaircissants\/\"},{\"@type\":\"ListItem\",\"position\":3,\"name\":\"Gamme \u00e9claircissant \u00c9clat d&#8217;or Teint Sans T\u00e2ches Et Lumineux\"}]},{\"@type\":\"WebSite\",\"@id\":\"https:\/\/glowpremium.fr\/#website\",\"url\":\"https:\/\/glowpremium.fr\/\",\"name\":\"Glow Premium\",\"description\":\"\",\"publisher\":{\"@id\":\"https:\/\/glowpremium.fr\/#organization\"},\"potentialAction\":[{\"@type\":\"SearchAction\",\"target\":{\"@type\":\"EntryPoint\",\"urlTemplate\":\"https:\/\/glowpremium.fr\/?s={search_term_string}\"},\"query-input\":{\"@type\":\"PropertyValueSpecification\",\"valueRequired\":true,\"valueName\":\"search_term_string\"}}],\"inLanguage\":\"en-GB\"},{\"@type\":\"Organization\",\"@id\":\"https:\/\/glowpremium.fr\/#organization\",\"name\":\"Glow Premium\",\"url\":\"https:\/\/glowpremium.fr\/\",\"logo\":{\"@type\":\"ImageObject\",\"inLanguage\":\"en-GB\",\"@id\":\"https:\/\/glowpremium.fr\/#\/schema\/logo\/image\/\",\"url\":\"https:\/\/glowpremium.fr\/wp-content\/uploads\/2024\/10\/screenshot_20241029_034909_chrome.jpg\",\"contentUrl\":\"https:\/\/glowpremium.fr\/wp-content\/uploads\/2024\/10\/screenshot_20241029_034909_chrome.jpg\",\"width\":866,\"height\":937,\"caption\":\"Glow Premium\"},\"image\":{\"@id\":\"https:\/\/glowpremium.fr\/#\/schema\/logo\/image\/\"}}]}<\/script>\n<!-- \/ Yoast SEO plugin. -->","yoast_head_json":{"title":"Gamme \u00e9claircissant \u00c9clat d'or Teint Sans T\u00e2ches Et Lumineux - Glow Premium","description":"Gamme \u00e9clat d\"or \u00e9claircissante produit cosm\u00e9tique peau noire et m\u00e9tisse uniformise beaut\u00e9 teint claire anti-t\u00e2ches peau lumineuse","robots":{"index":"index","follow":"follow","max-snippet":"max-snippet:-1","max-image-preview":"max-image-preview:large","max-video-preview":"max-video-preview:-1"},"canonical":"https:\/\/glowpremium.fr\/en\/lightening-product\/eclat-dor-brightening-range-spotless-luminous-complexion-2\/","og_locale":"en_GB","og_type":"article","og_title":"Gamme \u00e9claircissant \u00c9clat d'or Teint Sans T\u00e2ches Et Lumineux - Glow Premium","og_description":"Gamme \u00e9clat d\"or \u00e9claircissante produit cosm\u00e9tique peau noire et m\u00e9tisse uniformise beaut\u00e9 teint claire anti-t\u00e2ches peau lumineuse","og_url":"https:\/\/glowpremium.fr\/en\/lightening-product\/eclat-dor-brightening-range-spotless-luminous-complexion-2\/","og_site_name":"Glow Premium","article_modified_time":"2024-11-06T02:08:45+00:00","og_image":[{"width":2000,"height":1819,"url":"https:\/\/glowpremium.fr\/wp-content\/uploads\/2024\/10\/PhotoRoom-20230119_185056-1.png","type":"image\/png"}],"twitter_card":"summary_large_image","twitter_misc":{"Estimated reading time":"1 minute"},"schema":{"@context":"https:\/\/schema.org","@graph":[{"@type":"WebPage","@id":"https:\/\/glowpremium.fr\/produit-eclaircissant\/gamme-eclaircissant-eclat-dor-teint-sans-taches-et-lumineux-2\/","url":"https:\/\/glowpremium.fr\/produit-eclaircissant\/gamme-eclaircissant-eclat-dor-teint-sans-taches-et-lumineux-2\/","name":"Gamme \u00e9claircissant \u00c9clat d'or Teint Sans T\u00e2ches Et Lumineux - Glow Premium","isPartOf":{"@id":"https:\/\/glowpremium.fr\/#website"},"primaryImageOfPage":{"@id":"https:\/\/glowpremium.fr\/produit-eclaircissant\/gamme-eclaircissant-eclat-dor-teint-sans-taches-et-lumineux-2\/#primaryimage"},"image":{"@id":"https:\/\/glowpremium.fr\/produit-eclaircissant\/gamme-eclaircissant-eclat-dor-teint-sans-taches-et-lumineux-2\/#primaryimage"},"thumbnailUrl":"https:\/\/glowpremium.fr\/wp-content\/uploads\/2024\/10\/PhotoRoom-20230119_185056-1.png","datePublished":"2024-10-28T13:38:14+00:00","dateModified":"2024-11-06T02:08:45+00:00","description":"Gamme \u00e9clat d\"or \u00e9claircissante produit cosm\u00e9tique peau noire et m\u00e9tisse uniformise beaut\u00e9 teint claire anti-t\u00e2ches peau lumineuse","breadcrumb":{"@id":"https:\/\/glowpremium.fr\/produit-eclaircissant\/gamme-eclaircissant-eclat-dor-teint-sans-taches-et-lumineux-2\/#breadcrumb"},"inLanguage":"en-GB","potentialAction":[{"@type":"ReadAction","target":["https:\/\/glowpremium.fr\/produit-eclaircissant\/gamme-eclaircissant-eclat-dor-teint-sans-taches-et-lumineux-2\/"]}]},{"@type":"ImageObject","inLanguage":"en-GB","@id":"https:\/\/glowpremium.fr\/produit-eclaircissant\/gamme-eclaircissant-eclat-dor-teint-sans-taches-et-lumineux-2\/#primaryimage","url":"https:\/\/glowpremium.fr\/wp-content\/uploads\/2024\/10\/PhotoRoom-20230119_185056-1.png","contentUrl":"https:\/\/glowpremium.fr\/wp-content\/uploads\/2024\/10\/PhotoRoom-20230119_185056-1.png","width":2000,"height":1819},{"@type":"BreadcrumbList","@id":"https:\/\/glowpremium.fr\/produit-eclaircissant\/gamme-eclaircissant-eclat-dor-teint-sans-taches-et-lumineux-2\/#breadcrumb","itemListElement":[{"@type":"ListItem","position":1,"name":"Accueil","item":"https:\/\/glowpremium.fr\/"},{"@type":"ListItem","position":2,"name":"Boutique","item":"https:\/\/glowpremium.fr\/boutique-produits-eclaircissants\/"},{"@type":"ListItem","position":3,"name":"Gamme \u00e9claircissant \u00c9clat d&#8217;or Teint Sans T\u00e2ches Et Lumineux"}]},{"@type":"WebSite","@id":"https:\/\/glowpremium.fr\/#website","url":"https:\/\/glowpremium.fr\/","name":"Glow Premium","description":"","publisher":{"@id":"https:\/\/glowpremium.fr\/#organization"},"potentialAction":[{"@type":"SearchAction","target":{"@type":"EntryPoint","urlTemplate":"https:\/\/glowpremium.fr\/?s={search_term_string}"},"query-input":{"@type":"PropertyValueSpecification","valueRequired":true,"valueName":"search_term_string"}}],"inLanguage":"en-GB"},{"@type":"Organization","@id":"https:\/\/glowpremium.fr\/#organization","name":"Glow Premium","url":"https:\/\/glowpremium.fr\/","logo":{"@type":"ImageObject","inLanguage":"en-GB","@id":"https:\/\/glowpremium.fr\/#\/schema\/logo\/image\/","url":"https:\/\/glowpremium.fr\/wp-content\/uploads\/2024\/10\/screenshot_20241029_034909_chrome.jpg","contentUrl":"https:\/\/glowpremium.fr\/wp-content\/uploads\/2024\/10\/screenshot_20241029_034909_chrome.jpg","width":866,"height":937,"caption":"Glow Premium"},"image":{"@id":"https:\/\/glowpremium.fr\/#\/schema\/logo\/image\/"}}]}},"_links":{"self":[{"href":"https:\/\/glowpremium.fr\/en\/wp-json\/wp\/v2\/product\/6288","targetHints":{"allow":["GET"]}}],"collection":[{"href":"https:\/\/glowpremium.fr\/en\/wp-json\/wp\/v2\/product"}],"about":[{"href":"https:\/\/glowpremium.fr\/en\/wp-json\/wp\/v2\/types\/product"}],"replies":[{"embeddable":true,"href":"https:\/\/glowpremium.fr\/en\/wp-json\/wp\/v2\/comments?post=6288"}],"version-history":[{"count":1,"href":"https:\/\/glowpremium.fr\/en\/wp-json\/wp\/v2\/product\/6288\/revisions"}],"predecessor-version":[{"id":7288,"href":"https:\/\/glowpremium.fr\/en\/wp-json\/wp\/v2\/product\/6288\/revisions\/7288"}],"wp:featuredmedia":[{"embeddable":true,"href":"https:\/\/glowpremium.fr\/en\/wp-json\/wp\/v2\/media\/6287"}],"wp:attachment":[{"href":"https:\/\/glowpremium.fr\/en\/wp-json\/wp\/v2\/media?parent=6288"}],"wp:term":[{"taxonomy":"brand","embeddable":true,"href":"https:\/\/glowpremium.fr\/en\/wp-json\/wp\/v2\/etheme_brands?post=6288"},{"taxonomy":"product_brand","embeddable":true,"href":"https:\/\/glowpremium.fr\/en\/wp-json\/wp\/v2\/product_brand?post=6288"},{"taxonomy":"product_cat","embeddable":true,"href":"https:\/\/glowpremium.fr\/en\/wp-json\/wp\/v2\/product_cat?post=6288"},{"taxonomy":"product_tag","embeddable":true,"href":"https:\/\/glowpremium.fr\/en\/wp-json\/wp\/v2\/product_tag?post=6288"}],"curies":[{"name":"wp","href":"https:\/\/api.w.org\/{rel}","templated":true}]}}