{"id":6263,"date":"2024-10-28T14:37:38","date_gmt":"2024-10-28T13:37:38","guid":{"rendered":"https:\/\/glowpremium.fr\/produit-eclaircissant\/gammes-eclaircissant-intense-exclusive-glutathione-2\/"},"modified":"2024-11-06T04:19:20","modified_gmt":"2024-11-06T03:19:20","slug":"gammes-eclaircissant-intense-exclusive-glutathione-2","status":"publish","type":"product","link":"https:\/\/glowpremium.fr\/en\/lightening-product\/exclusive-glutathione-2-intense-brightening-range\/","title":{"rendered":"Exclusive Glutathione intense lightening range"},"content":{"rendered":"<p><strong>How to use :<\/strong><\/p>\n<p>Apply morning and evening to clean, dry skin. Massage in until completely absorbed.<\/p>\n<p><strong>Recommendation:<\/strong><\/p>\n<p>For external use. In the event of irritation or allergic reaction, discontinue use of the product. Keep out of reach of children.<\/p>\n<p><strong>Composition:<\/strong><\/p>\n<p>Aqua, Glycerin, Mineral oil, Parfum, Citric acid lactic, Fragrance, Plants extract, Glutathione, Oil essent.<\/p>","protected":false},"excerpt":{"rendered":"<p>Glutathione is a unique combination of the best lightening plant extracts. Daily use of this product makes skin imperfections disappear. It also removes brown spots, pregnancy marks and stubborn blemishes, making your skin and you feel more comfortable in less than 7 days.<\/p>\n<p>&nbsp;<\/p>","protected":false},"featured_media":6262,"comment_status":"closed","ping_status":"closed","template":"","meta":[],"etheme_brands":[],"product_brand":[],"product_cat":[80,81,82],"product_tag":[],"class_list":{"0":"post-6263","1":"product","2":"type-product","3":"status-publish","4":"has-post-thumbnail","6":"product_cat-blanchissants-et-eclaircissants","7":"product_cat-cremes-eclaircissantes","8":"product_cat-gammes-eclaircissantes","10":"first","11":"instock","12":"shipping-taxable","13":"purchasable","14":"product-type-simple"},"yoast_head":"<!-- This site is optimized with the Yoast SEO plugin v26.7 - https:\/\/yoast.com\/wordpress\/plugins\/seo\/ -->\n<title>Gammes \u00e9claircissant intense Exclusive Glutathione - Glow Premium<\/title>\n<meta name=\"description\" content=\"Gamme \u00e9claircissant intense exclusif glutathione cosm\u00e9tique produit de beaut\u00e9 pour peau noire et m\u00e9tisse anti-t\u00e2ches uniformise le teint illumine la peau\" \/>\n<meta name=\"robots\" content=\"index, follow, max-snippet:-1, max-image-preview:large, max-video-preview:-1\" \/>\n<link rel=\"canonical\" href=\"https:\/\/glowpremium.fr\/en\/lightening-product\/exclusive-glutathione-2-intense-brightening-range\/\" \/>\n<meta property=\"og:locale\" content=\"en_GB\" \/>\n<meta property=\"og:type\" content=\"article\" \/>\n<meta property=\"og:title\" content=\"Gammes \u00e9claircissant intense Exclusive Glutathione - Glow Premium\" \/>\n<meta property=\"og:description\" content=\"Gamme \u00e9claircissant intense exclusif glutathione cosm\u00e9tique produit de beaut\u00e9 pour peau noire et m\u00e9tisse anti-t\u00e2ches uniformise le teint illumine la peau\" \/>\n<meta property=\"og:url\" content=\"https:\/\/glowpremium.fr\/en\/lightening-product\/exclusive-glutathione-2-intense-brightening-range\/\" \/>\n<meta property=\"og:site_name\" content=\"Glow Premium\" \/>\n<meta property=\"article:modified_time\" content=\"2024-11-06T03:19:20+00:00\" \/>\n<meta property=\"og:image\" content=\"https:\/\/glowpremium.fr\/wp-content\/uploads\/2024\/10\/PhotoRoom-20221016_194434.png\" \/>\n\t<meta property=\"og:image:width\" content=\"1995\" \/>\n\t<meta property=\"og:image:height\" content=\"1822\" \/>\n\t<meta property=\"og:image:type\" content=\"image\/png\" \/>\n<meta name=\"twitter:card\" content=\"summary_large_image\" \/>\n<meta name=\"twitter:label1\" content=\"Estimated reading time\" \/>\n\t<meta name=\"twitter:data1\" content=\"1 minute\" \/>\n<script type=\"application\/ld+json\" class=\"yoast-schema-graph\">{\"@context\":\"https:\/\/schema.org\",\"@graph\":[{\"@type\":\"WebPage\",\"@id\":\"https:\/\/glowpremium.fr\/produit-eclaircissant\/gammes-eclaircissant-intense-exclusive-glutathione-2\/\",\"url\":\"https:\/\/glowpremium.fr\/produit-eclaircissant\/gammes-eclaircissant-intense-exclusive-glutathione-2\/\",\"name\":\"Gammes \u00e9claircissant intense Exclusive Glutathione - Glow Premium\",\"isPartOf\":{\"@id\":\"https:\/\/glowpremium.fr\/#website\"},\"primaryImageOfPage\":{\"@id\":\"https:\/\/glowpremium.fr\/produit-eclaircissant\/gammes-eclaircissant-intense-exclusive-glutathione-2\/#primaryimage\"},\"image\":{\"@id\":\"https:\/\/glowpremium.fr\/produit-eclaircissant\/gammes-eclaircissant-intense-exclusive-glutathione-2\/#primaryimage\"},\"thumbnailUrl\":\"https:\/\/glowpremium.fr\/wp-content\/uploads\/2024\/10\/PhotoRoom-20221016_194434.png\",\"datePublished\":\"2024-10-28T13:37:38+00:00\",\"dateModified\":\"2024-11-06T03:19:20+00:00\",\"description\":\"Gamme \u00e9claircissant intense exclusif glutathione cosm\u00e9tique produit de beaut\u00e9 pour peau noire et m\u00e9tisse anti-t\u00e2ches uniformise le teint illumine la peau\",\"breadcrumb\":{\"@id\":\"https:\/\/glowpremium.fr\/produit-eclaircissant\/gammes-eclaircissant-intense-exclusive-glutathione-2\/#breadcrumb\"},\"inLanguage\":\"en-GB\",\"potentialAction\":[{\"@type\":\"ReadAction\",\"target\":[\"https:\/\/glowpremium.fr\/produit-eclaircissant\/gammes-eclaircissant-intense-exclusive-glutathione-2\/\"]}]},{\"@type\":\"ImageObject\",\"inLanguage\":\"en-GB\",\"@id\":\"https:\/\/glowpremium.fr\/produit-eclaircissant\/gammes-eclaircissant-intense-exclusive-glutathione-2\/#primaryimage\",\"url\":\"https:\/\/glowpremium.fr\/wp-content\/uploads\/2024\/10\/PhotoRoom-20221016_194434.png\",\"contentUrl\":\"https:\/\/glowpremium.fr\/wp-content\/uploads\/2024\/10\/PhotoRoom-20221016_194434.png\",\"width\":1995,\"height\":1822},{\"@type\":\"BreadcrumbList\",\"@id\":\"https:\/\/glowpremium.fr\/produit-eclaircissant\/gammes-eclaircissant-intense-exclusive-glutathione-2\/#breadcrumb\",\"itemListElement\":[{\"@type\":\"ListItem\",\"position\":1,\"name\":\"Accueil\",\"item\":\"https:\/\/glowpremium.fr\/\"},{\"@type\":\"ListItem\",\"position\":2,\"name\":\"Boutique\",\"item\":\"https:\/\/glowpremium.fr\/boutique-produits-eclaircissants\/\"},{\"@type\":\"ListItem\",\"position\":3,\"name\":\"Gammes \u00e9claircissant intense Exclusive Glutathione\"}]},{\"@type\":\"WebSite\",\"@id\":\"https:\/\/glowpremium.fr\/#website\",\"url\":\"https:\/\/glowpremium.fr\/\",\"name\":\"Glow Premium\",\"description\":\"\",\"publisher\":{\"@id\":\"https:\/\/glowpremium.fr\/#organization\"},\"potentialAction\":[{\"@type\":\"SearchAction\",\"target\":{\"@type\":\"EntryPoint\",\"urlTemplate\":\"https:\/\/glowpremium.fr\/?s={search_term_string}\"},\"query-input\":{\"@type\":\"PropertyValueSpecification\",\"valueRequired\":true,\"valueName\":\"search_term_string\"}}],\"inLanguage\":\"en-GB\"},{\"@type\":\"Organization\",\"@id\":\"https:\/\/glowpremium.fr\/#organization\",\"name\":\"Glow Premium\",\"url\":\"https:\/\/glowpremium.fr\/\",\"logo\":{\"@type\":\"ImageObject\",\"inLanguage\":\"en-GB\",\"@id\":\"https:\/\/glowpremium.fr\/#\/schema\/logo\/image\/\",\"url\":\"https:\/\/glowpremium.fr\/wp-content\/uploads\/2024\/10\/screenshot_20241029_034909_chrome.jpg\",\"contentUrl\":\"https:\/\/glowpremium.fr\/wp-content\/uploads\/2024\/10\/screenshot_20241029_034909_chrome.jpg\",\"width\":866,\"height\":937,\"caption\":\"Glow Premium\"},\"image\":{\"@id\":\"https:\/\/glowpremium.fr\/#\/schema\/logo\/image\/\"}}]}<\/script>\n<!-- \/ Yoast SEO plugin. -->","yoast_head_json":{"title":"Gammes \u00e9claircissant intense Exclusive Glutathione - Glow Premium","description":"Gamme \u00e9claircissant intense exclusif glutathione cosm\u00e9tique produit de beaut\u00e9 pour peau noire et m\u00e9tisse anti-t\u00e2ches uniformise le teint illumine la peau","robots":{"index":"index","follow":"follow","max-snippet":"max-snippet:-1","max-image-preview":"max-image-preview:large","max-video-preview":"max-video-preview:-1"},"canonical":"https:\/\/glowpremium.fr\/en\/lightening-product\/exclusive-glutathione-2-intense-brightening-range\/","og_locale":"en_GB","og_type":"article","og_title":"Gammes \u00e9claircissant intense Exclusive Glutathione - Glow Premium","og_description":"Gamme \u00e9claircissant intense exclusif glutathione cosm\u00e9tique produit de beaut\u00e9 pour peau noire et m\u00e9tisse anti-t\u00e2ches uniformise le teint illumine la peau","og_url":"https:\/\/glowpremium.fr\/en\/lightening-product\/exclusive-glutathione-2-intense-brightening-range\/","og_site_name":"Glow Premium","article_modified_time":"2024-11-06T03:19:20+00:00","og_image":[{"width":1995,"height":1822,"url":"https:\/\/glowpremium.fr\/wp-content\/uploads\/2024\/10\/PhotoRoom-20221016_194434.png","type":"image\/png"}],"twitter_card":"summary_large_image","twitter_misc":{"Estimated reading time":"1 minute"},"schema":{"@context":"https:\/\/schema.org","@graph":[{"@type":"WebPage","@id":"https:\/\/glowpremium.fr\/produit-eclaircissant\/gammes-eclaircissant-intense-exclusive-glutathione-2\/","url":"https:\/\/glowpremium.fr\/produit-eclaircissant\/gammes-eclaircissant-intense-exclusive-glutathione-2\/","name":"Gammes \u00e9claircissant intense Exclusive Glutathione - Glow Premium","isPartOf":{"@id":"https:\/\/glowpremium.fr\/#website"},"primaryImageOfPage":{"@id":"https:\/\/glowpremium.fr\/produit-eclaircissant\/gammes-eclaircissant-intense-exclusive-glutathione-2\/#primaryimage"},"image":{"@id":"https:\/\/glowpremium.fr\/produit-eclaircissant\/gammes-eclaircissant-intense-exclusive-glutathione-2\/#primaryimage"},"thumbnailUrl":"https:\/\/glowpremium.fr\/wp-content\/uploads\/2024\/10\/PhotoRoom-20221016_194434.png","datePublished":"2024-10-28T13:37:38+00:00","dateModified":"2024-11-06T03:19:20+00:00","description":"Gamme \u00e9claircissant intense exclusif glutathione cosm\u00e9tique produit de beaut\u00e9 pour peau noire et m\u00e9tisse anti-t\u00e2ches uniformise le teint illumine la peau","breadcrumb":{"@id":"https:\/\/glowpremium.fr\/produit-eclaircissant\/gammes-eclaircissant-intense-exclusive-glutathione-2\/#breadcrumb"},"inLanguage":"en-GB","potentialAction":[{"@type":"ReadAction","target":["https:\/\/glowpremium.fr\/produit-eclaircissant\/gammes-eclaircissant-intense-exclusive-glutathione-2\/"]}]},{"@type":"ImageObject","inLanguage":"en-GB","@id":"https:\/\/glowpremium.fr\/produit-eclaircissant\/gammes-eclaircissant-intense-exclusive-glutathione-2\/#primaryimage","url":"https:\/\/glowpremium.fr\/wp-content\/uploads\/2024\/10\/PhotoRoom-20221016_194434.png","contentUrl":"https:\/\/glowpremium.fr\/wp-content\/uploads\/2024\/10\/PhotoRoom-20221016_194434.png","width":1995,"height":1822},{"@type":"BreadcrumbList","@id":"https:\/\/glowpremium.fr\/produit-eclaircissant\/gammes-eclaircissant-intense-exclusive-glutathione-2\/#breadcrumb","itemListElement":[{"@type":"ListItem","position":1,"name":"Accueil","item":"https:\/\/glowpremium.fr\/"},{"@type":"ListItem","position":2,"name":"Boutique","item":"https:\/\/glowpremium.fr\/boutique-produits-eclaircissants\/"},{"@type":"ListItem","position":3,"name":"Gammes \u00e9claircissant intense Exclusive Glutathione"}]},{"@type":"WebSite","@id":"https:\/\/glowpremium.fr\/#website","url":"https:\/\/glowpremium.fr\/","name":"Glow Premium","description":"","publisher":{"@id":"https:\/\/glowpremium.fr\/#organization"},"potentialAction":[{"@type":"SearchAction","target":{"@type":"EntryPoint","urlTemplate":"https:\/\/glowpremium.fr\/?s={search_term_string}"},"query-input":{"@type":"PropertyValueSpecification","valueRequired":true,"valueName":"search_term_string"}}],"inLanguage":"en-GB"},{"@type":"Organization","@id":"https:\/\/glowpremium.fr\/#organization","name":"Glow Premium","url":"https:\/\/glowpremium.fr\/","logo":{"@type":"ImageObject","inLanguage":"en-GB","@id":"https:\/\/glowpremium.fr\/#\/schema\/logo\/image\/","url":"https:\/\/glowpremium.fr\/wp-content\/uploads\/2024\/10\/screenshot_20241029_034909_chrome.jpg","contentUrl":"https:\/\/glowpremium.fr\/wp-content\/uploads\/2024\/10\/screenshot_20241029_034909_chrome.jpg","width":866,"height":937,"caption":"Glow Premium"},"image":{"@id":"https:\/\/glowpremium.fr\/#\/schema\/logo\/image\/"}}]}},"_links":{"self":[{"href":"https:\/\/glowpremium.fr\/en\/wp-json\/wp\/v2\/product\/6263","targetHints":{"allow":["GET"]}}],"collection":[{"href":"https:\/\/glowpremium.fr\/en\/wp-json\/wp\/v2\/product"}],"about":[{"href":"https:\/\/glowpremium.fr\/en\/wp-json\/wp\/v2\/types\/product"}],"replies":[{"embeddable":true,"href":"https:\/\/glowpremium.fr\/en\/wp-json\/wp\/v2\/comments?post=6263"}],"version-history":[{"count":1,"href":"https:\/\/glowpremium.fr\/en\/wp-json\/wp\/v2\/product\/6263\/revisions"}],"predecessor-version":[{"id":7298,"href":"https:\/\/glowpremium.fr\/en\/wp-json\/wp\/v2\/product\/6263\/revisions\/7298"}],"wp:featuredmedia":[{"embeddable":true,"href":"https:\/\/glowpremium.fr\/en\/wp-json\/wp\/v2\/media\/6262"}],"wp:attachment":[{"href":"https:\/\/glowpremium.fr\/en\/wp-json\/wp\/v2\/media?parent=6263"}],"wp:term":[{"taxonomy":"brand","embeddable":true,"href":"https:\/\/glowpremium.fr\/en\/wp-json\/wp\/v2\/etheme_brands?post=6263"},{"taxonomy":"product_brand","embeddable":true,"href":"https:\/\/glowpremium.fr\/en\/wp-json\/wp\/v2\/product_brand?post=6263"},{"taxonomy":"product_cat","embeddable":true,"href":"https:\/\/glowpremium.fr\/en\/wp-json\/wp\/v2\/product_cat?post=6263"},{"taxonomy":"product_tag","embeddable":true,"href":"https:\/\/glowpremium.fr\/en\/wp-json\/wp\/v2\/product_tag?post=6263"}],"curies":[{"name":"wp","href":"https:\/\/api.w.org\/{rel}","templated":true}]}}