{"id":6258,"date":"2024-10-28T14:37:28","date_gmt":"2024-10-28T13:37:28","guid":{"rendered":"https:\/\/glowpremium.fr\/produit-eclaircissant\/gamme-radiance-7-blanchisseur-unifiante-zero-tache-2\/"},"modified":"2024-11-06T04:27:59","modified_gmt":"2024-11-06T03:27:59","slug":"gamme-radiance-7-blanchisseur-unifiante-zero-tache-2","status":"publish","type":"product","link":"https:\/\/glowpremium.fr\/en\/lightening-product\/radiance-7-range-zero-spot-whitener-2\/","title":{"rendered":"Radiance 7 Unifying Whitener Zero Stain range"},"content":{"rendered":"<p><strong>How to use :<\/strong><\/p>\n<p>Use Radiance 7 once a day on clean skin, preferably in the evening.<\/p>\n<p><strong>Recommendation:<\/strong><\/p>\n<p>For external use. In case of contact with eyes, rinse immediately. Keep out of reach of children.<\/p>\n<p><strong>Composition:<\/strong><\/p>\n<p>Gluta kojique, Water, Essential oils, Alcohol, Kojic acid, Citric acid, Vitamin E &amp; C.<\/p>","protected":false},"excerpt":{"rendered":"<p>Radiance 7 strong exfoliating and whitening anti-stain range gently eliminates impurities and dead skin. It leaves your skin smooth and luminous.gomme your skin more clean, unifies whitens, removes the unsightly tasks such as quintos, scars. the range contains 6 pieces 1 shower gel 750 ml, 1 milk, 300 ml, 1 duo anti-quintaux permanent (erases the tasks permanently) a whitening cream face, oil fresh radiance anti-wrinkle anti-redness, 1 serum anti-taches whitener.7 days complexion clear.<\/p>","protected":false},"featured_media":6257,"comment_status":"closed","ping_status":"closed","template":"","meta":[],"etheme_brands":[],"product_brand":[],"product_cat":[80,82],"product_tag":[],"class_list":{"0":"post-6258","1":"product","2":"type-product","3":"status-publish","4":"has-post-thumbnail","6":"product_cat-blanchissants-et-eclaircissants","7":"product_cat-gammes-eclaircissantes","9":"first","10":"instock","11":"shipping-taxable","12":"purchasable","13":"product-type-simple"},"yoast_head":"<!-- This site is optimized with the Yoast SEO plugin v26.7 - https:\/\/yoast.com\/wordpress\/plugins\/seo\/ -->\n<title>Gamme Radiance 7 Blanchisseur Unifiante Z\u00e9ro t\u00e2che - Glow Premium<\/title>\n<meta name=\"description\" content=\"Gamme radiance 7 \u00e9claircissant blanchisseur produit de beaut\u00e9 pour peau noire et m\u00e9tisse anti-t\u00e2che uniformise cosm\u00e9tique teint claire\" \/>\n<meta name=\"robots\" content=\"index, follow, max-snippet:-1, max-image-preview:large, max-video-preview:-1\" \/>\n<link rel=\"canonical\" href=\"https:\/\/glowpremium.fr\/en\/lightening-product\/radiance-7-range-zero-spot-whitener-2\/\" \/>\n<meta property=\"og:locale\" content=\"en_GB\" \/>\n<meta property=\"og:type\" content=\"article\" \/>\n<meta property=\"og:title\" content=\"Gamme Radiance 7 Blanchisseur Unifiante Z\u00e9ro t\u00e2che - Glow Premium\" \/>\n<meta property=\"og:description\" content=\"Gamme radiance 7 \u00e9claircissant blanchisseur produit de beaut\u00e9 pour peau noire et m\u00e9tisse anti-t\u00e2che uniformise cosm\u00e9tique teint claire\" \/>\n<meta property=\"og:url\" content=\"https:\/\/glowpremium.fr\/en\/lightening-product\/radiance-7-range-zero-spot-whitener-2\/\" \/>\n<meta property=\"og:site_name\" content=\"Glow Premium\" \/>\n<meta property=\"article:modified_time\" content=\"2024-11-06T03:27:59+00:00\" \/>\n<meta property=\"og:image\" content=\"https:\/\/glowpremium.fr\/wp-content\/uploads\/2024\/10\/PhotoRoom-20221108_201200.png\" \/>\n\t<meta property=\"og:image:width\" content=\"2000\" \/>\n\t<meta property=\"og:image:height\" content=\"1819\" \/>\n\t<meta property=\"og:image:type\" content=\"image\/png\" \/>\n<meta name=\"twitter:card\" content=\"summary_large_image\" \/>\n<meta name=\"twitter:label1\" content=\"Estimated reading time\" \/>\n\t<meta name=\"twitter:data1\" content=\"1 minute\" \/>\n<script type=\"application\/ld+json\" class=\"yoast-schema-graph\">{\"@context\":\"https:\/\/schema.org\",\"@graph\":[{\"@type\":\"WebPage\",\"@id\":\"https:\/\/glowpremium.fr\/produit-eclaircissant\/gamme-radiance-7-blanchisseur-unifiante-zero-tache-2\/\",\"url\":\"https:\/\/glowpremium.fr\/produit-eclaircissant\/gamme-radiance-7-blanchisseur-unifiante-zero-tache-2\/\",\"name\":\"Gamme Radiance 7 Blanchisseur Unifiante Z\u00e9ro t\u00e2che - Glow Premium\",\"isPartOf\":{\"@id\":\"https:\/\/glowpremium.fr\/#website\"},\"primaryImageOfPage\":{\"@id\":\"https:\/\/glowpremium.fr\/produit-eclaircissant\/gamme-radiance-7-blanchisseur-unifiante-zero-tache-2\/#primaryimage\"},\"image\":{\"@id\":\"https:\/\/glowpremium.fr\/produit-eclaircissant\/gamme-radiance-7-blanchisseur-unifiante-zero-tache-2\/#primaryimage\"},\"thumbnailUrl\":\"https:\/\/glowpremium.fr\/wp-content\/uploads\/2024\/10\/PhotoRoom-20221108_201200.png\",\"datePublished\":\"2024-10-28T13:37:28+00:00\",\"dateModified\":\"2024-11-06T03:27:59+00:00\",\"description\":\"Gamme radiance 7 \u00e9claircissant blanchisseur produit de beaut\u00e9 pour peau noire et m\u00e9tisse anti-t\u00e2che uniformise cosm\u00e9tique teint claire\",\"breadcrumb\":{\"@id\":\"https:\/\/glowpremium.fr\/produit-eclaircissant\/gamme-radiance-7-blanchisseur-unifiante-zero-tache-2\/#breadcrumb\"},\"inLanguage\":\"en-GB\",\"potentialAction\":[{\"@type\":\"ReadAction\",\"target\":[\"https:\/\/glowpremium.fr\/produit-eclaircissant\/gamme-radiance-7-blanchisseur-unifiante-zero-tache-2\/\"]}]},{\"@type\":\"ImageObject\",\"inLanguage\":\"en-GB\",\"@id\":\"https:\/\/glowpremium.fr\/produit-eclaircissant\/gamme-radiance-7-blanchisseur-unifiante-zero-tache-2\/#primaryimage\",\"url\":\"https:\/\/glowpremium.fr\/wp-content\/uploads\/2024\/10\/PhotoRoom-20221108_201200.png\",\"contentUrl\":\"https:\/\/glowpremium.fr\/wp-content\/uploads\/2024\/10\/PhotoRoom-20221108_201200.png\",\"width\":2000,\"height\":1819},{\"@type\":\"BreadcrumbList\",\"@id\":\"https:\/\/glowpremium.fr\/produit-eclaircissant\/gamme-radiance-7-blanchisseur-unifiante-zero-tache-2\/#breadcrumb\",\"itemListElement\":[{\"@type\":\"ListItem\",\"position\":1,\"name\":\"Accueil\",\"item\":\"https:\/\/glowpremium.fr\/\"},{\"@type\":\"ListItem\",\"position\":2,\"name\":\"Boutique\",\"item\":\"https:\/\/glowpremium.fr\/boutique-produits-eclaircissants\/\"},{\"@type\":\"ListItem\",\"position\":3,\"name\":\"Gamme Radiance 7 Blanchisseur Unifiante Z\u00e9ro t\u00e2che\"}]},{\"@type\":\"WebSite\",\"@id\":\"https:\/\/glowpremium.fr\/#website\",\"url\":\"https:\/\/glowpremium.fr\/\",\"name\":\"Glow Premium\",\"description\":\"\",\"publisher\":{\"@id\":\"https:\/\/glowpremium.fr\/#organization\"},\"potentialAction\":[{\"@type\":\"SearchAction\",\"target\":{\"@type\":\"EntryPoint\",\"urlTemplate\":\"https:\/\/glowpremium.fr\/?s={search_term_string}\"},\"query-input\":{\"@type\":\"PropertyValueSpecification\",\"valueRequired\":true,\"valueName\":\"search_term_string\"}}],\"inLanguage\":\"en-GB\"},{\"@type\":\"Organization\",\"@id\":\"https:\/\/glowpremium.fr\/#organization\",\"name\":\"Glow Premium\",\"url\":\"https:\/\/glowpremium.fr\/\",\"logo\":{\"@type\":\"ImageObject\",\"inLanguage\":\"en-GB\",\"@id\":\"https:\/\/glowpremium.fr\/#\/schema\/logo\/image\/\",\"url\":\"https:\/\/glowpremium.fr\/wp-content\/uploads\/2024\/10\/screenshot_20241029_034909_chrome.jpg\",\"contentUrl\":\"https:\/\/glowpremium.fr\/wp-content\/uploads\/2024\/10\/screenshot_20241029_034909_chrome.jpg\",\"width\":866,\"height\":937,\"caption\":\"Glow Premium\"},\"image\":{\"@id\":\"https:\/\/glowpremium.fr\/#\/schema\/logo\/image\/\"}}]}<\/script>\n<!-- \/ Yoast SEO plugin. -->","yoast_head_json":{"title":"Gamme Radiance 7 Blanchisseur Unifiante Z\u00e9ro t\u00e2che - Glow Premium","description":"Gamme radiance 7 \u00e9claircissant blanchisseur produit de beaut\u00e9 pour peau noire et m\u00e9tisse anti-t\u00e2che uniformise cosm\u00e9tique teint claire","robots":{"index":"index","follow":"follow","max-snippet":"max-snippet:-1","max-image-preview":"max-image-preview:large","max-video-preview":"max-video-preview:-1"},"canonical":"https:\/\/glowpremium.fr\/en\/lightening-product\/radiance-7-range-zero-spot-whitener-2\/","og_locale":"en_GB","og_type":"article","og_title":"Gamme Radiance 7 Blanchisseur Unifiante Z\u00e9ro t\u00e2che - Glow Premium","og_description":"Gamme radiance 7 \u00e9claircissant blanchisseur produit de beaut\u00e9 pour peau noire et m\u00e9tisse anti-t\u00e2che uniformise cosm\u00e9tique teint claire","og_url":"https:\/\/glowpremium.fr\/en\/lightening-product\/radiance-7-range-zero-spot-whitener-2\/","og_site_name":"Glow Premium","article_modified_time":"2024-11-06T03:27:59+00:00","og_image":[{"width":2000,"height":1819,"url":"https:\/\/glowpremium.fr\/wp-content\/uploads\/2024\/10\/PhotoRoom-20221108_201200.png","type":"image\/png"}],"twitter_card":"summary_large_image","twitter_misc":{"Estimated reading time":"1 minute"},"schema":{"@context":"https:\/\/schema.org","@graph":[{"@type":"WebPage","@id":"https:\/\/glowpremium.fr\/produit-eclaircissant\/gamme-radiance-7-blanchisseur-unifiante-zero-tache-2\/","url":"https:\/\/glowpremium.fr\/produit-eclaircissant\/gamme-radiance-7-blanchisseur-unifiante-zero-tache-2\/","name":"Gamme Radiance 7 Blanchisseur Unifiante Z\u00e9ro t\u00e2che - Glow Premium","isPartOf":{"@id":"https:\/\/glowpremium.fr\/#website"},"primaryImageOfPage":{"@id":"https:\/\/glowpremium.fr\/produit-eclaircissant\/gamme-radiance-7-blanchisseur-unifiante-zero-tache-2\/#primaryimage"},"image":{"@id":"https:\/\/glowpremium.fr\/produit-eclaircissant\/gamme-radiance-7-blanchisseur-unifiante-zero-tache-2\/#primaryimage"},"thumbnailUrl":"https:\/\/glowpremium.fr\/wp-content\/uploads\/2024\/10\/PhotoRoom-20221108_201200.png","datePublished":"2024-10-28T13:37:28+00:00","dateModified":"2024-11-06T03:27:59+00:00","description":"Gamme radiance 7 \u00e9claircissant blanchisseur produit de beaut\u00e9 pour peau noire et m\u00e9tisse anti-t\u00e2che uniformise cosm\u00e9tique teint claire","breadcrumb":{"@id":"https:\/\/glowpremium.fr\/produit-eclaircissant\/gamme-radiance-7-blanchisseur-unifiante-zero-tache-2\/#breadcrumb"},"inLanguage":"en-GB","potentialAction":[{"@type":"ReadAction","target":["https:\/\/glowpremium.fr\/produit-eclaircissant\/gamme-radiance-7-blanchisseur-unifiante-zero-tache-2\/"]}]},{"@type":"ImageObject","inLanguage":"en-GB","@id":"https:\/\/glowpremium.fr\/produit-eclaircissant\/gamme-radiance-7-blanchisseur-unifiante-zero-tache-2\/#primaryimage","url":"https:\/\/glowpremium.fr\/wp-content\/uploads\/2024\/10\/PhotoRoom-20221108_201200.png","contentUrl":"https:\/\/glowpremium.fr\/wp-content\/uploads\/2024\/10\/PhotoRoom-20221108_201200.png","width":2000,"height":1819},{"@type":"BreadcrumbList","@id":"https:\/\/glowpremium.fr\/produit-eclaircissant\/gamme-radiance-7-blanchisseur-unifiante-zero-tache-2\/#breadcrumb","itemListElement":[{"@type":"ListItem","position":1,"name":"Accueil","item":"https:\/\/glowpremium.fr\/"},{"@type":"ListItem","position":2,"name":"Boutique","item":"https:\/\/glowpremium.fr\/boutique-produits-eclaircissants\/"},{"@type":"ListItem","position":3,"name":"Gamme Radiance 7 Blanchisseur Unifiante Z\u00e9ro t\u00e2che"}]},{"@type":"WebSite","@id":"https:\/\/glowpremium.fr\/#website","url":"https:\/\/glowpremium.fr\/","name":"Glow Premium","description":"","publisher":{"@id":"https:\/\/glowpremium.fr\/#organization"},"potentialAction":[{"@type":"SearchAction","target":{"@type":"EntryPoint","urlTemplate":"https:\/\/glowpremium.fr\/?s={search_term_string}"},"query-input":{"@type":"PropertyValueSpecification","valueRequired":true,"valueName":"search_term_string"}}],"inLanguage":"en-GB"},{"@type":"Organization","@id":"https:\/\/glowpremium.fr\/#organization","name":"Glow Premium","url":"https:\/\/glowpremium.fr\/","logo":{"@type":"ImageObject","inLanguage":"en-GB","@id":"https:\/\/glowpremium.fr\/#\/schema\/logo\/image\/","url":"https:\/\/glowpremium.fr\/wp-content\/uploads\/2024\/10\/screenshot_20241029_034909_chrome.jpg","contentUrl":"https:\/\/glowpremium.fr\/wp-content\/uploads\/2024\/10\/screenshot_20241029_034909_chrome.jpg","width":866,"height":937,"caption":"Glow Premium"},"image":{"@id":"https:\/\/glowpremium.fr\/#\/schema\/logo\/image\/"}}]}},"_links":{"self":[{"href":"https:\/\/glowpremium.fr\/en\/wp-json\/wp\/v2\/product\/6258","targetHints":{"allow":["GET"]}}],"collection":[{"href":"https:\/\/glowpremium.fr\/en\/wp-json\/wp\/v2\/product"}],"about":[{"href":"https:\/\/glowpremium.fr\/en\/wp-json\/wp\/v2\/types\/product"}],"replies":[{"embeddable":true,"href":"https:\/\/glowpremium.fr\/en\/wp-json\/wp\/v2\/comments?post=6258"}],"version-history":[{"count":1,"href":"https:\/\/glowpremium.fr\/en\/wp-json\/wp\/v2\/product\/6258\/revisions"}],"predecessor-version":[{"id":7299,"href":"https:\/\/glowpremium.fr\/en\/wp-json\/wp\/v2\/product\/6258\/revisions\/7299"}],"wp:featuredmedia":[{"embeddable":true,"href":"https:\/\/glowpremium.fr\/en\/wp-json\/wp\/v2\/media\/6257"}],"wp:attachment":[{"href":"https:\/\/glowpremium.fr\/en\/wp-json\/wp\/v2\/media?parent=6258"}],"wp:term":[{"taxonomy":"brand","embeddable":true,"href":"https:\/\/glowpremium.fr\/en\/wp-json\/wp\/v2\/etheme_brands?post=6258"},{"taxonomy":"product_brand","embeddable":true,"href":"https:\/\/glowpremium.fr\/en\/wp-json\/wp\/v2\/product_brand?post=6258"},{"taxonomy":"product_cat","embeddable":true,"href":"https:\/\/glowpremium.fr\/en\/wp-json\/wp\/v2\/product_cat?post=6258"},{"taxonomy":"product_tag","embeddable":true,"href":"https:\/\/glowpremium.fr\/en\/wp-json\/wp\/v2\/product_tag?post=6258"}],"curies":[{"name":"wp","href":"https:\/\/api.w.org\/{rel}","templated":true}]}}