{"id":6235,"date":"2024-10-28T14:36:55","date_gmt":"2024-10-28T13:36:55","guid":{"rendered":"https:\/\/glowpremium.fr\/produit-eclaircissant\/gamme-6-pieces-super-eclaircissant-peau-jaune-zero-taches-2\/"},"modified":"2024-11-06T04:37:46","modified_gmt":"2024-11-06T03:37:46","slug":"gamme-6-pieces-super-eclaircissant-peau-jaune-zero-taches-2","status":"publish","type":"product","link":"https:\/\/glowpremium.fr\/en\/lightening-product\/6-piece-range-super-yellow-skin-lightener-zero-spots-2\/","title":{"rendered":"6-piece range Super Lightening Yellow Skin Zero Stains"},"content":{"rendered":"<p><strong>How to use :<\/strong><\/p>\n<p>Mix with your cleansing milk or body cream and apply preferably in the evening, 3 or 4 times a week to clean skin.<\/p>\n<p><strong>Recommendation:<\/strong><\/p>\n<p>For external use only. If irritation occurs, discontinue use. Keep out of reach of children.<\/p>\n<p><strong>Composition:<\/strong><\/p>\n<p>Essential oils, AHA, Demineralised water, Polyacrilamide, Fruit essences, Hydroxyethyl cellulose, Collagen, Aloe Vera, Propylene glycol.<\/p>","protected":false},"excerpt":{"rendered":"<p>Peau Jaune has been designed for people who want a brighter, clearer complexion. It rapidly brightens the skin by eliminating brown spots, stubborn spots and pregnancy marks, smoothing the skin and eliminating wrinkles and dark circles. 6 products in one pack. Eliminates hyper-pigmented cells while intensively moisturising your skin. These lightening active ingredients act on the epidermis to give a very clear, spotless complexion.<\/p>","protected":false},"featured_media":6234,"comment_status":"closed","ping_status":"closed","template":"","meta":[],"etheme_brands":[],"product_brand":[],"product_cat":[80,82],"product_tag":[],"class_list":{"0":"post-6235","1":"product","2":"type-product","3":"status-publish","4":"has-post-thumbnail","6":"product_cat-blanchissants-et-eclaircissants","7":"product_cat-gammes-eclaircissantes","9":"first","10":"instock","11":"shipping-taxable","12":"purchasable","13":"product-type-simple"},"yoast_head":"<!-- This site is optimized with the Yoast SEO plugin v26.7 - https:\/\/yoast.com\/wordpress\/plugins\/seo\/ -->\n<title>Gamme 6 Pieces Super \u00e9claircissant Peau Jaune  Z\u00e9ro T\u00e2ches - Glow Premium<\/title>\n<meta name=\"description\" content=\"Gamme peau jaune 6 pi\u00e8ces \u00e9claircissant produit cosm\u00e9tique peau noire e m\u00e9tisse cosm\u00e9tique pour teint claire uniformise anti-t\u00e2ches\" \/>\n<meta name=\"robots\" content=\"index, follow, max-snippet:-1, max-image-preview:large, max-video-preview:-1\" \/>\n<link rel=\"canonical\" href=\"https:\/\/glowpremium.fr\/en\/lightening-product\/6-piece-range-super-yellow-skin-lightener-zero-spots-2\/\" \/>\n<meta property=\"og:locale\" content=\"en_GB\" \/>\n<meta property=\"og:type\" content=\"article\" \/>\n<meta property=\"og:title\" content=\"Gamme 6 Pieces Super \u00e9claircissant Peau Jaune  Z\u00e9ro T\u00e2ches - Glow Premium\" \/>\n<meta property=\"og:description\" content=\"Gamme peau jaune 6 pi\u00e8ces \u00e9claircissant produit cosm\u00e9tique peau noire e m\u00e9tisse cosm\u00e9tique pour teint claire uniformise anti-t\u00e2ches\" \/>\n<meta property=\"og:url\" content=\"https:\/\/glowpremium.fr\/en\/lightening-product\/6-piece-range-super-yellow-skin-lightener-zero-spots-2\/\" \/>\n<meta property=\"og:site_name\" content=\"Glow Premium\" \/>\n<meta property=\"article:modified_time\" content=\"2024-11-06T03:37:46+00:00\" \/>\n<meta property=\"og:image\" content=\"https:\/\/glowpremium.fr\/wp-content\/uploads\/2024\/10\/PhotoRoom-20220928_042558.png\" \/>\n\t<meta property=\"og:image:width\" content=\"2000\" \/>\n\t<meta property=\"og:image:height\" content=\"1814\" \/>\n\t<meta property=\"og:image:type\" content=\"image\/png\" \/>\n<meta name=\"twitter:card\" content=\"summary_large_image\" \/>\n<meta name=\"twitter:label1\" content=\"Estimated reading time\" \/>\n\t<meta name=\"twitter:data1\" content=\"1 minute\" \/>\n<script type=\"application\/ld+json\" class=\"yoast-schema-graph\">{\"@context\":\"https:\/\/schema.org\",\"@graph\":[{\"@type\":\"WebPage\",\"@id\":\"https:\/\/glowpremium.fr\/produit-eclaircissant\/gamme-6-pieces-super-eclaircissant-peau-jaune-zero-taches-2\/\",\"url\":\"https:\/\/glowpremium.fr\/produit-eclaircissant\/gamme-6-pieces-super-eclaircissant-peau-jaune-zero-taches-2\/\",\"name\":\"Gamme 6 Pieces Super \u00e9claircissant Peau Jaune Z\u00e9ro T\u00e2ches - Glow Premium\",\"isPartOf\":{\"@id\":\"https:\/\/glowpremium.fr\/#website\"},\"primaryImageOfPage\":{\"@id\":\"https:\/\/glowpremium.fr\/produit-eclaircissant\/gamme-6-pieces-super-eclaircissant-peau-jaune-zero-taches-2\/#primaryimage\"},\"image\":{\"@id\":\"https:\/\/glowpremium.fr\/produit-eclaircissant\/gamme-6-pieces-super-eclaircissant-peau-jaune-zero-taches-2\/#primaryimage\"},\"thumbnailUrl\":\"https:\/\/glowpremium.fr\/wp-content\/uploads\/2024\/10\/PhotoRoom-20220928_042558.png\",\"datePublished\":\"2024-10-28T13:36:55+00:00\",\"dateModified\":\"2024-11-06T03:37:46+00:00\",\"description\":\"Gamme peau jaune 6 pi\u00e8ces \u00e9claircissant produit cosm\u00e9tique peau noire e m\u00e9tisse cosm\u00e9tique pour teint claire uniformise anti-t\u00e2ches\",\"breadcrumb\":{\"@id\":\"https:\/\/glowpremium.fr\/produit-eclaircissant\/gamme-6-pieces-super-eclaircissant-peau-jaune-zero-taches-2\/#breadcrumb\"},\"inLanguage\":\"en-GB\",\"potentialAction\":[{\"@type\":\"ReadAction\",\"target\":[\"https:\/\/glowpremium.fr\/produit-eclaircissant\/gamme-6-pieces-super-eclaircissant-peau-jaune-zero-taches-2\/\"]}]},{\"@type\":\"ImageObject\",\"inLanguage\":\"en-GB\",\"@id\":\"https:\/\/glowpremium.fr\/produit-eclaircissant\/gamme-6-pieces-super-eclaircissant-peau-jaune-zero-taches-2\/#primaryimage\",\"url\":\"https:\/\/glowpremium.fr\/wp-content\/uploads\/2024\/10\/PhotoRoom-20220928_042558.png\",\"contentUrl\":\"https:\/\/glowpremium.fr\/wp-content\/uploads\/2024\/10\/PhotoRoom-20220928_042558.png\",\"width\":2000,\"height\":1814},{\"@type\":\"BreadcrumbList\",\"@id\":\"https:\/\/glowpremium.fr\/produit-eclaircissant\/gamme-6-pieces-super-eclaircissant-peau-jaune-zero-taches-2\/#breadcrumb\",\"itemListElement\":[{\"@type\":\"ListItem\",\"position\":1,\"name\":\"Accueil\",\"item\":\"https:\/\/glowpremium.fr\/\"},{\"@type\":\"ListItem\",\"position\":2,\"name\":\"Boutique\",\"item\":\"https:\/\/glowpremium.fr\/boutique-produits-eclaircissants\/\"},{\"@type\":\"ListItem\",\"position\":3,\"name\":\"Gamme 6 Pieces Super \u00e9claircissant Peau Jaune Z\u00e9ro T\u00e2ches\"}]},{\"@type\":\"WebSite\",\"@id\":\"https:\/\/glowpremium.fr\/#website\",\"url\":\"https:\/\/glowpremium.fr\/\",\"name\":\"Glow Premium\",\"description\":\"\",\"publisher\":{\"@id\":\"https:\/\/glowpremium.fr\/#organization\"},\"potentialAction\":[{\"@type\":\"SearchAction\",\"target\":{\"@type\":\"EntryPoint\",\"urlTemplate\":\"https:\/\/glowpremium.fr\/?s={search_term_string}\"},\"query-input\":{\"@type\":\"PropertyValueSpecification\",\"valueRequired\":true,\"valueName\":\"search_term_string\"}}],\"inLanguage\":\"en-GB\"},{\"@type\":\"Organization\",\"@id\":\"https:\/\/glowpremium.fr\/#organization\",\"name\":\"Glow Premium\",\"url\":\"https:\/\/glowpremium.fr\/\",\"logo\":{\"@type\":\"ImageObject\",\"inLanguage\":\"en-GB\",\"@id\":\"https:\/\/glowpremium.fr\/#\/schema\/logo\/image\/\",\"url\":\"https:\/\/glowpremium.fr\/wp-content\/uploads\/2024\/10\/screenshot_20241029_034909_chrome.jpg\",\"contentUrl\":\"https:\/\/glowpremium.fr\/wp-content\/uploads\/2024\/10\/screenshot_20241029_034909_chrome.jpg\",\"width\":866,\"height\":937,\"caption\":\"Glow Premium\"},\"image\":{\"@id\":\"https:\/\/glowpremium.fr\/#\/schema\/logo\/image\/\"}}]}<\/script>\n<!-- \/ Yoast SEO plugin. -->","yoast_head_json":{"title":"Gamme 6 Pieces Super \u00e9claircissant Peau Jaune  Z\u00e9ro T\u00e2ches - Glow Premium","description":"Gamme peau jaune 6 pi\u00e8ces \u00e9claircissant produit cosm\u00e9tique peau noire e m\u00e9tisse cosm\u00e9tique pour teint claire uniformise anti-t\u00e2ches","robots":{"index":"index","follow":"follow","max-snippet":"max-snippet:-1","max-image-preview":"max-image-preview:large","max-video-preview":"max-video-preview:-1"},"canonical":"https:\/\/glowpremium.fr\/en\/lightening-product\/6-piece-range-super-yellow-skin-lightener-zero-spots-2\/","og_locale":"en_GB","og_type":"article","og_title":"Gamme 6 Pieces Super \u00e9claircissant Peau Jaune  Z\u00e9ro T\u00e2ches - Glow Premium","og_description":"Gamme peau jaune 6 pi\u00e8ces \u00e9claircissant produit cosm\u00e9tique peau noire e m\u00e9tisse cosm\u00e9tique pour teint claire uniformise anti-t\u00e2ches","og_url":"https:\/\/glowpremium.fr\/en\/lightening-product\/6-piece-range-super-yellow-skin-lightener-zero-spots-2\/","og_site_name":"Glow Premium","article_modified_time":"2024-11-06T03:37:46+00:00","og_image":[{"width":2000,"height":1814,"url":"https:\/\/glowpremium.fr\/wp-content\/uploads\/2024\/10\/PhotoRoom-20220928_042558.png","type":"image\/png"}],"twitter_card":"summary_large_image","twitter_misc":{"Estimated reading time":"1 minute"},"schema":{"@context":"https:\/\/schema.org","@graph":[{"@type":"WebPage","@id":"https:\/\/glowpremium.fr\/produit-eclaircissant\/gamme-6-pieces-super-eclaircissant-peau-jaune-zero-taches-2\/","url":"https:\/\/glowpremium.fr\/produit-eclaircissant\/gamme-6-pieces-super-eclaircissant-peau-jaune-zero-taches-2\/","name":"Gamme 6 Pieces Super \u00e9claircissant Peau Jaune Z\u00e9ro T\u00e2ches - Glow Premium","isPartOf":{"@id":"https:\/\/glowpremium.fr\/#website"},"primaryImageOfPage":{"@id":"https:\/\/glowpremium.fr\/produit-eclaircissant\/gamme-6-pieces-super-eclaircissant-peau-jaune-zero-taches-2\/#primaryimage"},"image":{"@id":"https:\/\/glowpremium.fr\/produit-eclaircissant\/gamme-6-pieces-super-eclaircissant-peau-jaune-zero-taches-2\/#primaryimage"},"thumbnailUrl":"https:\/\/glowpremium.fr\/wp-content\/uploads\/2024\/10\/PhotoRoom-20220928_042558.png","datePublished":"2024-10-28T13:36:55+00:00","dateModified":"2024-11-06T03:37:46+00:00","description":"Gamme peau jaune 6 pi\u00e8ces \u00e9claircissant produit cosm\u00e9tique peau noire e m\u00e9tisse cosm\u00e9tique pour teint claire uniformise anti-t\u00e2ches","breadcrumb":{"@id":"https:\/\/glowpremium.fr\/produit-eclaircissant\/gamme-6-pieces-super-eclaircissant-peau-jaune-zero-taches-2\/#breadcrumb"},"inLanguage":"en-GB","potentialAction":[{"@type":"ReadAction","target":["https:\/\/glowpremium.fr\/produit-eclaircissant\/gamme-6-pieces-super-eclaircissant-peau-jaune-zero-taches-2\/"]}]},{"@type":"ImageObject","inLanguage":"en-GB","@id":"https:\/\/glowpremium.fr\/produit-eclaircissant\/gamme-6-pieces-super-eclaircissant-peau-jaune-zero-taches-2\/#primaryimage","url":"https:\/\/glowpremium.fr\/wp-content\/uploads\/2024\/10\/PhotoRoom-20220928_042558.png","contentUrl":"https:\/\/glowpremium.fr\/wp-content\/uploads\/2024\/10\/PhotoRoom-20220928_042558.png","width":2000,"height":1814},{"@type":"BreadcrumbList","@id":"https:\/\/glowpremium.fr\/produit-eclaircissant\/gamme-6-pieces-super-eclaircissant-peau-jaune-zero-taches-2\/#breadcrumb","itemListElement":[{"@type":"ListItem","position":1,"name":"Accueil","item":"https:\/\/glowpremium.fr\/"},{"@type":"ListItem","position":2,"name":"Boutique","item":"https:\/\/glowpremium.fr\/boutique-produits-eclaircissants\/"},{"@type":"ListItem","position":3,"name":"Gamme 6 Pieces Super \u00e9claircissant Peau Jaune Z\u00e9ro T\u00e2ches"}]},{"@type":"WebSite","@id":"https:\/\/glowpremium.fr\/#website","url":"https:\/\/glowpremium.fr\/","name":"Glow Premium","description":"","publisher":{"@id":"https:\/\/glowpremium.fr\/#organization"},"potentialAction":[{"@type":"SearchAction","target":{"@type":"EntryPoint","urlTemplate":"https:\/\/glowpremium.fr\/?s={search_term_string}"},"query-input":{"@type":"PropertyValueSpecification","valueRequired":true,"valueName":"search_term_string"}}],"inLanguage":"en-GB"},{"@type":"Organization","@id":"https:\/\/glowpremium.fr\/#organization","name":"Glow Premium","url":"https:\/\/glowpremium.fr\/","logo":{"@type":"ImageObject","inLanguage":"en-GB","@id":"https:\/\/glowpremium.fr\/#\/schema\/logo\/image\/","url":"https:\/\/glowpremium.fr\/wp-content\/uploads\/2024\/10\/screenshot_20241029_034909_chrome.jpg","contentUrl":"https:\/\/glowpremium.fr\/wp-content\/uploads\/2024\/10\/screenshot_20241029_034909_chrome.jpg","width":866,"height":937,"caption":"Glow Premium"},"image":{"@id":"https:\/\/glowpremium.fr\/#\/schema\/logo\/image\/"}}]}},"_links":{"self":[{"href":"https:\/\/glowpremium.fr\/en\/wp-json\/wp\/v2\/product\/6235","targetHints":{"allow":["GET"]}}],"collection":[{"href":"https:\/\/glowpremium.fr\/en\/wp-json\/wp\/v2\/product"}],"about":[{"href":"https:\/\/glowpremium.fr\/en\/wp-json\/wp\/v2\/types\/product"}],"replies":[{"embeddable":true,"href":"https:\/\/glowpremium.fr\/en\/wp-json\/wp\/v2\/comments?post=6235"}],"version-history":[{"count":1,"href":"https:\/\/glowpremium.fr\/en\/wp-json\/wp\/v2\/product\/6235\/revisions"}],"predecessor-version":[{"id":7300,"href":"https:\/\/glowpremium.fr\/en\/wp-json\/wp\/v2\/product\/6235\/revisions\/7300"}],"wp:featuredmedia":[{"embeddable":true,"href":"https:\/\/glowpremium.fr\/en\/wp-json\/wp\/v2\/media\/6234"}],"wp:attachment":[{"href":"https:\/\/glowpremium.fr\/en\/wp-json\/wp\/v2\/media?parent=6235"}],"wp:term":[{"taxonomy":"brand","embeddable":true,"href":"https:\/\/glowpremium.fr\/en\/wp-json\/wp\/v2\/etheme_brands?post=6235"},{"taxonomy":"product_brand","embeddable":true,"href":"https:\/\/glowpremium.fr\/en\/wp-json\/wp\/v2\/product_brand?post=6235"},{"taxonomy":"product_cat","embeddable":true,"href":"https:\/\/glowpremium.fr\/en\/wp-json\/wp\/v2\/product_cat?post=6235"},{"taxonomy":"product_tag","embeddable":true,"href":"https:\/\/glowpremium.fr\/en\/wp-json\/wp\/v2\/product_tag?post=6235"}],"curies":[{"name":"wp","href":"https:\/\/api.w.org\/{rel}","templated":true}]}}