{"id":6218,"date":"2024-10-28T14:36:40","date_gmt":"2024-10-28T13:36:40","guid":{"rendered":"https:\/\/glowpremium.fr\/produit-eclaircissant\/gamme-eclaircissant-white-up-star-au-kojic-dipalmitate-2\/"},"modified":"2024-11-06T05:14:58","modified_gmt":"2024-11-06T04:14:58","slug":"gamme-eclaircissant-white-up-star-au-kojic-dipalmitate-2","status":"publish","type":"product","link":"https:\/\/glowpremium.fr\/en\/lightening-product\/white-up-star-brightening-range-with-kojic-dipalmitate-2\/","title":{"rendered":"White Up Star lightening range with Kojic Dipalmitate 5Days"},"content":{"rendered":"<p><strong>How to use :<\/strong><\/p>\n<p>Apply the cream lotion evenly to your cleansed body every day.<\/p>\n<p><strong>Recommendation:<\/strong><\/p>\n<p>Avoid contact with eyes, lesions or irritated skin. Keep out of reach of children. Do not expose to sunlight.<\/p>\n<p><strong>Composition:<\/strong><\/p>\n<p>Aqua (water), Glycerin, Acetyl Alcohol, kojic,allantoin, Coconut oil,glutathion,kenacol Kojic Dipalmitate.<\/p>","protected":false},"excerpt":{"rendered":"<p>White Up whitening body range is a high-quality, nourishing skin care product enriched with amino acids, vitamins, trace elements, fatty acids and essential oils. Its active ingredients help to reduce scars, eliminate marks caused by pregnancy and spots caused by regular exposure to the wind and other unsightly imperfections. Thanks to its immediate action, Star White Up care gives your skin softness, hydration, suppleness and clarity. an even, radiant complexion, Star White Up care is a real ally.500 ml<\/p>","protected":false},"featured_media":6217,"comment_status":"closed","ping_status":"closed","template":"","meta":[],"etheme_brands":[],"product_brand":[],"product_cat":[80,82],"product_tag":[],"class_list":{"0":"post-6218","1":"product","2":"type-product","3":"status-publish","4":"has-post-thumbnail","6":"product_cat-blanchissants-et-eclaircissants","7":"product_cat-gammes-eclaircissantes","9":"first","10":"instock","11":"shipping-taxable","12":"purchasable","13":"product-type-simple"},"yoast_head":"<!-- This site is optimized with the Yoast SEO plugin v26.7 - https:\/\/yoast.com\/wordpress\/plugins\/seo\/ -->\n<title>Gamme \u00e9claircissant White Up Star au Kojic Dipalmitate 5Jours - Glow Premium<\/title>\n<meta name=\"description\" content=\"Gamme \u00e9claircissant white up star 5 jours produit cosm\u00e9tique peau noire et m\u00e9tisse uniformise anti-t\u00e2ches illumine le teint blanchissant\" \/>\n<meta name=\"robots\" content=\"index, follow, max-snippet:-1, max-image-preview:large, max-video-preview:-1\" \/>\n<link rel=\"canonical\" href=\"https:\/\/glowpremium.fr\/en\/lightening-product\/white-up-star-brightening-range-with-kojic-dipalmitate-2\/\" \/>\n<meta property=\"og:locale\" content=\"en_GB\" \/>\n<meta property=\"og:type\" content=\"article\" \/>\n<meta property=\"og:title\" content=\"Gamme \u00e9claircissant White Up Star au Kojic Dipalmitate 5Jours - Glow Premium\" \/>\n<meta property=\"og:description\" content=\"Gamme \u00e9claircissant white up star 5 jours produit cosm\u00e9tique peau noire et m\u00e9tisse uniformise anti-t\u00e2ches illumine le teint blanchissant\" \/>\n<meta property=\"og:url\" content=\"https:\/\/glowpremium.fr\/en\/lightening-product\/white-up-star-brightening-range-with-kojic-dipalmitate-2\/\" \/>\n<meta property=\"og:site_name\" content=\"Glow Premium\" \/>\n<meta property=\"article:modified_time\" content=\"2024-11-06T04:14:58+00:00\" \/>\n<meta property=\"og:image\" content=\"https:\/\/glowpremium.fr\/wp-content\/uploads\/2024\/10\/ea2e7787-ee30-4665-86ef-c594b672a9aa.jpg\" \/>\n\t<meta property=\"og:image:width\" content=\"2000\" \/>\n\t<meta property=\"og:image:height\" content=\"1832\" \/>\n\t<meta property=\"og:image:type\" content=\"image\/jpeg\" \/>\n<meta name=\"twitter:card\" content=\"summary_large_image\" \/>\n<meta name=\"twitter:label1\" content=\"Estimated reading time\" \/>\n\t<meta name=\"twitter:data1\" content=\"1 minute\" \/>\n<script type=\"application\/ld+json\" class=\"yoast-schema-graph\">{\"@context\":\"https:\/\/schema.org\",\"@graph\":[{\"@type\":\"WebPage\",\"@id\":\"https:\/\/glowpremium.fr\/produit-eclaircissant\/gamme-eclaircissant-white-up-star-au-kojic-dipalmitate-2\/\",\"url\":\"https:\/\/glowpremium.fr\/produit-eclaircissant\/gamme-eclaircissant-white-up-star-au-kojic-dipalmitate-2\/\",\"name\":\"Gamme \u00e9claircissant White Up Star au Kojic Dipalmitate 5Jours - Glow Premium\",\"isPartOf\":{\"@id\":\"https:\/\/glowpremium.fr\/#website\"},\"primaryImageOfPage\":{\"@id\":\"https:\/\/glowpremium.fr\/produit-eclaircissant\/gamme-eclaircissant-white-up-star-au-kojic-dipalmitate-2\/#primaryimage\"},\"image\":{\"@id\":\"https:\/\/glowpremium.fr\/produit-eclaircissant\/gamme-eclaircissant-white-up-star-au-kojic-dipalmitate-2\/#primaryimage\"},\"thumbnailUrl\":\"https:\/\/glowpremium.fr\/wp-content\/uploads\/2024\/10\/ea2e7787-ee30-4665-86ef-c594b672a9aa.jpg\",\"datePublished\":\"2024-10-28T13:36:40+00:00\",\"dateModified\":\"2024-11-06T04:14:58+00:00\",\"description\":\"Gamme \u00e9claircissant white up star 5 jours produit cosm\u00e9tique peau noire et m\u00e9tisse uniformise anti-t\u00e2ches illumine le teint blanchissant\",\"breadcrumb\":{\"@id\":\"https:\/\/glowpremium.fr\/produit-eclaircissant\/gamme-eclaircissant-white-up-star-au-kojic-dipalmitate-2\/#breadcrumb\"},\"inLanguage\":\"en-GB\",\"potentialAction\":[{\"@type\":\"ReadAction\",\"target\":[\"https:\/\/glowpremium.fr\/produit-eclaircissant\/gamme-eclaircissant-white-up-star-au-kojic-dipalmitate-2\/\"]}]},{\"@type\":\"ImageObject\",\"inLanguage\":\"en-GB\",\"@id\":\"https:\/\/glowpremium.fr\/produit-eclaircissant\/gamme-eclaircissant-white-up-star-au-kojic-dipalmitate-2\/#primaryimage\",\"url\":\"https:\/\/glowpremium.fr\/wp-content\/uploads\/2024\/10\/ea2e7787-ee30-4665-86ef-c594b672a9aa.jpg\",\"contentUrl\":\"https:\/\/glowpremium.fr\/wp-content\/uploads\/2024\/10\/ea2e7787-ee30-4665-86ef-c594b672a9aa.jpg\",\"width\":2000,\"height\":1832},{\"@type\":\"BreadcrumbList\",\"@id\":\"https:\/\/glowpremium.fr\/produit-eclaircissant\/gamme-eclaircissant-white-up-star-au-kojic-dipalmitate-2\/#breadcrumb\",\"itemListElement\":[{\"@type\":\"ListItem\",\"position\":1,\"name\":\"Accueil\",\"item\":\"https:\/\/glowpremium.fr\/\"},{\"@type\":\"ListItem\",\"position\":2,\"name\":\"Boutique\",\"item\":\"https:\/\/glowpremium.fr\/boutique-produits-eclaircissants\/\"},{\"@type\":\"ListItem\",\"position\":3,\"name\":\"Gamme \u00e9claircissant White Up Star au Kojic Dipalmitate 5Jours\"}]},{\"@type\":\"WebSite\",\"@id\":\"https:\/\/glowpremium.fr\/#website\",\"url\":\"https:\/\/glowpremium.fr\/\",\"name\":\"Glow Premium\",\"description\":\"\",\"publisher\":{\"@id\":\"https:\/\/glowpremium.fr\/#organization\"},\"potentialAction\":[{\"@type\":\"SearchAction\",\"target\":{\"@type\":\"EntryPoint\",\"urlTemplate\":\"https:\/\/glowpremium.fr\/?s={search_term_string}\"},\"query-input\":{\"@type\":\"PropertyValueSpecification\",\"valueRequired\":true,\"valueName\":\"search_term_string\"}}],\"inLanguage\":\"en-GB\"},{\"@type\":\"Organization\",\"@id\":\"https:\/\/glowpremium.fr\/#organization\",\"name\":\"Glow Premium\",\"url\":\"https:\/\/glowpremium.fr\/\",\"logo\":{\"@type\":\"ImageObject\",\"inLanguage\":\"en-GB\",\"@id\":\"https:\/\/glowpremium.fr\/#\/schema\/logo\/image\/\",\"url\":\"https:\/\/glowpremium.fr\/wp-content\/uploads\/2024\/10\/screenshot_20241029_034909_chrome.jpg\",\"contentUrl\":\"https:\/\/glowpremium.fr\/wp-content\/uploads\/2024\/10\/screenshot_20241029_034909_chrome.jpg\",\"width\":866,\"height\":937,\"caption\":\"Glow Premium\"},\"image\":{\"@id\":\"https:\/\/glowpremium.fr\/#\/schema\/logo\/image\/\"}}]}<\/script>\n<!-- \/ Yoast SEO plugin. -->","yoast_head_json":{"title":"Gamme \u00e9claircissant White Up Star au Kojic Dipalmitate 5Jours - Glow Premium","description":"Gamme \u00e9claircissant white up star 5 jours produit cosm\u00e9tique peau noire et m\u00e9tisse uniformise anti-t\u00e2ches illumine le teint blanchissant","robots":{"index":"index","follow":"follow","max-snippet":"max-snippet:-1","max-image-preview":"max-image-preview:large","max-video-preview":"max-video-preview:-1"},"canonical":"https:\/\/glowpremium.fr\/en\/lightening-product\/white-up-star-brightening-range-with-kojic-dipalmitate-2\/","og_locale":"en_GB","og_type":"article","og_title":"Gamme \u00e9claircissant White Up Star au Kojic Dipalmitate 5Jours - Glow Premium","og_description":"Gamme \u00e9claircissant white up star 5 jours produit cosm\u00e9tique peau noire et m\u00e9tisse uniformise anti-t\u00e2ches illumine le teint blanchissant","og_url":"https:\/\/glowpremium.fr\/en\/lightening-product\/white-up-star-brightening-range-with-kojic-dipalmitate-2\/","og_site_name":"Glow Premium","article_modified_time":"2024-11-06T04:14:58+00:00","og_image":[{"width":2000,"height":1832,"url":"https:\/\/glowpremium.fr\/wp-content\/uploads\/2024\/10\/ea2e7787-ee30-4665-86ef-c594b672a9aa.jpg","type":"image\/jpeg"}],"twitter_card":"summary_large_image","twitter_misc":{"Estimated reading time":"1 minute"},"schema":{"@context":"https:\/\/schema.org","@graph":[{"@type":"WebPage","@id":"https:\/\/glowpremium.fr\/produit-eclaircissant\/gamme-eclaircissant-white-up-star-au-kojic-dipalmitate-2\/","url":"https:\/\/glowpremium.fr\/produit-eclaircissant\/gamme-eclaircissant-white-up-star-au-kojic-dipalmitate-2\/","name":"Gamme \u00e9claircissant White Up Star au Kojic Dipalmitate 5Jours - Glow Premium","isPartOf":{"@id":"https:\/\/glowpremium.fr\/#website"},"primaryImageOfPage":{"@id":"https:\/\/glowpremium.fr\/produit-eclaircissant\/gamme-eclaircissant-white-up-star-au-kojic-dipalmitate-2\/#primaryimage"},"image":{"@id":"https:\/\/glowpremium.fr\/produit-eclaircissant\/gamme-eclaircissant-white-up-star-au-kojic-dipalmitate-2\/#primaryimage"},"thumbnailUrl":"https:\/\/glowpremium.fr\/wp-content\/uploads\/2024\/10\/ea2e7787-ee30-4665-86ef-c594b672a9aa.jpg","datePublished":"2024-10-28T13:36:40+00:00","dateModified":"2024-11-06T04:14:58+00:00","description":"Gamme \u00e9claircissant white up star 5 jours produit cosm\u00e9tique peau noire et m\u00e9tisse uniformise anti-t\u00e2ches illumine le teint blanchissant","breadcrumb":{"@id":"https:\/\/glowpremium.fr\/produit-eclaircissant\/gamme-eclaircissant-white-up-star-au-kojic-dipalmitate-2\/#breadcrumb"},"inLanguage":"en-GB","potentialAction":[{"@type":"ReadAction","target":["https:\/\/glowpremium.fr\/produit-eclaircissant\/gamme-eclaircissant-white-up-star-au-kojic-dipalmitate-2\/"]}]},{"@type":"ImageObject","inLanguage":"en-GB","@id":"https:\/\/glowpremium.fr\/produit-eclaircissant\/gamme-eclaircissant-white-up-star-au-kojic-dipalmitate-2\/#primaryimage","url":"https:\/\/glowpremium.fr\/wp-content\/uploads\/2024\/10\/ea2e7787-ee30-4665-86ef-c594b672a9aa.jpg","contentUrl":"https:\/\/glowpremium.fr\/wp-content\/uploads\/2024\/10\/ea2e7787-ee30-4665-86ef-c594b672a9aa.jpg","width":2000,"height":1832},{"@type":"BreadcrumbList","@id":"https:\/\/glowpremium.fr\/produit-eclaircissant\/gamme-eclaircissant-white-up-star-au-kojic-dipalmitate-2\/#breadcrumb","itemListElement":[{"@type":"ListItem","position":1,"name":"Accueil","item":"https:\/\/glowpremium.fr\/"},{"@type":"ListItem","position":2,"name":"Boutique","item":"https:\/\/glowpremium.fr\/boutique-produits-eclaircissants\/"},{"@type":"ListItem","position":3,"name":"Gamme \u00e9claircissant White Up Star au Kojic Dipalmitate 5Jours"}]},{"@type":"WebSite","@id":"https:\/\/glowpremium.fr\/#website","url":"https:\/\/glowpremium.fr\/","name":"Glow Premium","description":"","publisher":{"@id":"https:\/\/glowpremium.fr\/#organization"},"potentialAction":[{"@type":"SearchAction","target":{"@type":"EntryPoint","urlTemplate":"https:\/\/glowpremium.fr\/?s={search_term_string}"},"query-input":{"@type":"PropertyValueSpecification","valueRequired":true,"valueName":"search_term_string"}}],"inLanguage":"en-GB"},{"@type":"Organization","@id":"https:\/\/glowpremium.fr\/#organization","name":"Glow Premium","url":"https:\/\/glowpremium.fr\/","logo":{"@type":"ImageObject","inLanguage":"en-GB","@id":"https:\/\/glowpremium.fr\/#\/schema\/logo\/image\/","url":"https:\/\/glowpremium.fr\/wp-content\/uploads\/2024\/10\/screenshot_20241029_034909_chrome.jpg","contentUrl":"https:\/\/glowpremium.fr\/wp-content\/uploads\/2024\/10\/screenshot_20241029_034909_chrome.jpg","width":866,"height":937,"caption":"Glow Premium"},"image":{"@id":"https:\/\/glowpremium.fr\/#\/schema\/logo\/image\/"}}]}},"_links":{"self":[{"href":"https:\/\/glowpremium.fr\/en\/wp-json\/wp\/v2\/product\/6218","targetHints":{"allow":["GET"]}}],"collection":[{"href":"https:\/\/glowpremium.fr\/en\/wp-json\/wp\/v2\/product"}],"about":[{"href":"https:\/\/glowpremium.fr\/en\/wp-json\/wp\/v2\/types\/product"}],"replies":[{"embeddable":true,"href":"https:\/\/glowpremium.fr\/en\/wp-json\/wp\/v2\/comments?post=6218"}],"version-history":[{"count":2,"href":"https:\/\/glowpremium.fr\/en\/wp-json\/wp\/v2\/product\/6218\/revisions"}],"predecessor-version":[{"id":7306,"href":"https:\/\/glowpremium.fr\/en\/wp-json\/wp\/v2\/product\/6218\/revisions\/7306"}],"wp:featuredmedia":[{"embeddable":true,"href":"https:\/\/glowpremium.fr\/en\/wp-json\/wp\/v2\/media\/6217"}],"wp:attachment":[{"href":"https:\/\/glowpremium.fr\/en\/wp-json\/wp\/v2\/media?parent=6218"}],"wp:term":[{"taxonomy":"brand","embeddable":true,"href":"https:\/\/glowpremium.fr\/en\/wp-json\/wp\/v2\/etheme_brands?post=6218"},{"taxonomy":"product_brand","embeddable":true,"href":"https:\/\/glowpremium.fr\/en\/wp-json\/wp\/v2\/product_brand?post=6218"},{"taxonomy":"product_cat","embeddable":true,"href":"https:\/\/glowpremium.fr\/en\/wp-json\/wp\/v2\/product_cat?post=6218"},{"taxonomy":"product_tag","embeddable":true,"href":"https:\/\/glowpremium.fr\/en\/wp-json\/wp\/v2\/product_tag?post=6218"}],"curies":[{"name":"wp","href":"https:\/\/api.w.org\/{rel}","templated":true}]}}