{"id":6211,"date":"2024-10-28T14:36:35","date_gmt":"2024-10-28T13:36:35","guid":{"rendered":"https:\/\/glowpremium.fr\/produit-eclaircissant\/lait-5x-super-eclaircissant-precious-beauty-uv-2\/"},"modified":"2024-11-07T13:51:12","modified_gmt":"2024-11-07T12:51:12","slug":"lait-5x-super-eclaircissant-precious-beauty-uv-2","status":"publish","type":"product","link":"https:\/\/glowpremium.fr\/en\/lightening-product\/precious-beauty-uv-2-super-lightening-milk-5x\/","title":{"rendered":"Precious Beauty UV 5x Super Lightening Milk"},"content":{"rendered":"<p><strong>How to use :<\/strong><\/p>\n<p>Apply Precious Beauty Miracle Milk UV glutathione all over the body to pre-cleansed skin.<\/p>\n<p><strong>Recommendation:<\/strong><\/p>\n<p>For adults only. Not recommended for children, pregnant or breast-feeding mothers. New users may experience an increase in intestinal activity. If irritation occurs, discontinue use.<\/p>\n<p><strong>Composition:<\/strong><\/p>\n<p>Water, Mineral Oil, Sorbitol Petrolatum, Cetyl Alcohol Dimethicone, Glyceryl Stearate PEG-10 stearate, Glycerin Glutathione, Tomato fruit extract, Kojic, Rosehip extract.<\/p>","protected":false},"excerpt":{"rendered":"<p>Precious Beauty Miracle milk with tomato extract is an innovative concentrated milk lotion formula, enriched with lycopene tomato extract, rosehip extract and skin nutrients from natural essences, including UV protection to brighten skin and leave it smooth with a healthy glow.<\/p>\n<p>Its light texture is fast absorbing and non-greasy.<\/p>\n<p>Milk Protein- Moisturises the skin, making it irresistibly soft, smooth and supple Gluta- Reduces dark spots and slows seed pigmentation;Naturally lightens skin tone Kojic- Prevents the formation of melanin, conditions the skin so that freckles and spots gradually disappear Tomato Exract- Is rich in Lycopene a known antioxidant, anti-ageing agent, moisturiser, with enhanced SPF properties.<\/p>\n<p>Reduces the formation of free radicals, forms UV exposure, fights free radicals, prevents wrinkles, keeps skin soft and smooth - also treats sun spots, freckles, liver spots and age spots, scars.<\/p>","protected":false},"featured_media":6210,"comment_status":"closed","ping_status":"closed","template":"","meta":[],"etheme_brands":[],"product_brand":[],"product_cat":[80,85],"product_tag":[],"class_list":{"0":"post-6211","1":"product","2":"type-product","3":"status-publish","4":"has-post-thumbnail","6":"product_cat-blanchissants-et-eclaircissants","7":"product_cat-laits-eclaircissants","9":"first","10":"instock","11":"shipping-taxable","12":"purchasable","13":"product-type-simple"},"yoast_head":"<!-- This site is optimized with the Yoast SEO plugin v26.7 - https:\/\/yoast.com\/wordpress\/plugins\/seo\/ -->\n<title>Lait 5x super \u00e9claircissant Precious Beauty UV - Glow Premium<\/title>\n<meta name=\"description\" content=\"Lait 5 X \u00e9claircissant precious beajty avec UV produit cosm\u00e9tique pour peau noires et m\u00e9tisse beaut\u00e9 du teint anti-t\u00e2ches clarifiant unifiant teint claire\" \/>\n<meta name=\"robots\" content=\"index, follow, max-snippet:-1, max-image-preview:large, max-video-preview:-1\" \/>\n<link rel=\"canonical\" href=\"https:\/\/glowpremium.fr\/en\/lightening-product\/precious-beauty-uv-2-super-lightening-milk-5x\/\" \/>\n<meta property=\"og:locale\" content=\"en_GB\" \/>\n<meta property=\"og:type\" content=\"article\" \/>\n<meta property=\"og:title\" content=\"Lait 5x super \u00e9claircissant Precious Beauty UV - Glow Premium\" \/>\n<meta property=\"og:description\" content=\"Lait 5 X \u00e9claircissant precious beajty avec UV produit cosm\u00e9tique pour peau noires et m\u00e9tisse beaut\u00e9 du teint anti-t\u00e2ches clarifiant unifiant teint claire\" \/>\n<meta property=\"og:url\" content=\"https:\/\/glowpremium.fr\/en\/lightening-product\/precious-beauty-uv-2-super-lightening-milk-5x\/\" \/>\n<meta property=\"og:site_name\" content=\"Glow Premium\" \/>\n<meta property=\"article:modified_time\" content=\"2024-11-07T12:51:12+00:00\" \/>\n<meta property=\"og:image\" content=\"https:\/\/glowpremium.fr\/wp-content\/uploads\/2024\/10\/PHOTO-2022-09-14-18-56-49.jpg\" \/>\n\t<meta property=\"og:image:width\" content=\"2000\" \/>\n\t<meta property=\"og:image:height\" content=\"1826\" \/>\n\t<meta property=\"og:image:type\" content=\"image\/jpeg\" \/>\n<meta name=\"twitter:card\" content=\"summary_large_image\" \/>\n<meta name=\"twitter:label1\" content=\"Estimated reading time\" \/>\n\t<meta name=\"twitter:data1\" content=\"1 minute\" \/>\n<script type=\"application\/ld+json\" class=\"yoast-schema-graph\">{\"@context\":\"https:\/\/schema.org\",\"@graph\":[{\"@type\":\"WebPage\",\"@id\":\"https:\/\/glowpremium.fr\/produit-eclaircissant\/lait-5x-super-eclaircissant-precious-beauty-uv-2\/\",\"url\":\"https:\/\/glowpremium.fr\/produit-eclaircissant\/lait-5x-super-eclaircissant-precious-beauty-uv-2\/\",\"name\":\"Lait 5x super \u00e9claircissant Precious Beauty UV - Glow Premium\",\"isPartOf\":{\"@id\":\"https:\/\/glowpremium.fr\/#website\"},\"primaryImageOfPage\":{\"@id\":\"https:\/\/glowpremium.fr\/produit-eclaircissant\/lait-5x-super-eclaircissant-precious-beauty-uv-2\/#primaryimage\"},\"image\":{\"@id\":\"https:\/\/glowpremium.fr\/produit-eclaircissant\/lait-5x-super-eclaircissant-precious-beauty-uv-2\/#primaryimage\"},\"thumbnailUrl\":\"https:\/\/glowpremium.fr\/wp-content\/uploads\/2024\/10\/PHOTO-2022-09-14-18-56-49.jpg\",\"datePublished\":\"2024-10-28T13:36:35+00:00\",\"dateModified\":\"2024-11-07T12:51:12+00:00\",\"description\":\"Lait 5 X \u00e9claircissant precious beajty avec UV produit cosm\u00e9tique pour peau noires et m\u00e9tisse beaut\u00e9 du teint anti-t\u00e2ches clarifiant unifiant teint claire\",\"breadcrumb\":{\"@id\":\"https:\/\/glowpremium.fr\/produit-eclaircissant\/lait-5x-super-eclaircissant-precious-beauty-uv-2\/#breadcrumb\"},\"inLanguage\":\"en-GB\",\"potentialAction\":[{\"@type\":\"ReadAction\",\"target\":[\"https:\/\/glowpremium.fr\/produit-eclaircissant\/lait-5x-super-eclaircissant-precious-beauty-uv-2\/\"]}]},{\"@type\":\"ImageObject\",\"inLanguage\":\"en-GB\",\"@id\":\"https:\/\/glowpremium.fr\/produit-eclaircissant\/lait-5x-super-eclaircissant-precious-beauty-uv-2\/#primaryimage\",\"url\":\"https:\/\/glowpremium.fr\/wp-content\/uploads\/2024\/10\/PHOTO-2022-09-14-18-56-49.jpg\",\"contentUrl\":\"https:\/\/glowpremium.fr\/wp-content\/uploads\/2024\/10\/PHOTO-2022-09-14-18-56-49.jpg\",\"width\":2000,\"height\":1826},{\"@type\":\"BreadcrumbList\",\"@id\":\"https:\/\/glowpremium.fr\/produit-eclaircissant\/lait-5x-super-eclaircissant-precious-beauty-uv-2\/#breadcrumb\",\"itemListElement\":[{\"@type\":\"ListItem\",\"position\":1,\"name\":\"Accueil\",\"item\":\"https:\/\/glowpremium.fr\/\"},{\"@type\":\"ListItem\",\"position\":2,\"name\":\"Boutique\",\"item\":\"https:\/\/glowpremium.fr\/boutique-produits-eclaircissants\/\"},{\"@type\":\"ListItem\",\"position\":3,\"name\":\"Lait 5x super \u00e9claircissant Precious Beauty UV\"}]},{\"@type\":\"WebSite\",\"@id\":\"https:\/\/glowpremium.fr\/#website\",\"url\":\"https:\/\/glowpremium.fr\/\",\"name\":\"Glow Premium\",\"description\":\"\",\"publisher\":{\"@id\":\"https:\/\/glowpremium.fr\/#organization\"},\"potentialAction\":[{\"@type\":\"SearchAction\",\"target\":{\"@type\":\"EntryPoint\",\"urlTemplate\":\"https:\/\/glowpremium.fr\/?s={search_term_string}\"},\"query-input\":{\"@type\":\"PropertyValueSpecification\",\"valueRequired\":true,\"valueName\":\"search_term_string\"}}],\"inLanguage\":\"en-GB\"},{\"@type\":\"Organization\",\"@id\":\"https:\/\/glowpremium.fr\/#organization\",\"name\":\"Glow Premium\",\"url\":\"https:\/\/glowpremium.fr\/\",\"logo\":{\"@type\":\"ImageObject\",\"inLanguage\":\"en-GB\",\"@id\":\"https:\/\/glowpremium.fr\/#\/schema\/logo\/image\/\",\"url\":\"https:\/\/glowpremium.fr\/wp-content\/uploads\/2024\/10\/screenshot_20241029_034909_chrome.jpg\",\"contentUrl\":\"https:\/\/glowpremium.fr\/wp-content\/uploads\/2024\/10\/screenshot_20241029_034909_chrome.jpg\",\"width\":866,\"height\":937,\"caption\":\"Glow Premium\"},\"image\":{\"@id\":\"https:\/\/glowpremium.fr\/#\/schema\/logo\/image\/\"}}]}<\/script>\n<!-- \/ Yoast SEO plugin. -->","yoast_head_json":{"title":"Lait 5x super \u00e9claircissant Precious Beauty UV - Glow Premium","description":"Lait 5 X \u00e9claircissant precious beajty avec UV produit cosm\u00e9tique pour peau noires et m\u00e9tisse beaut\u00e9 du teint anti-t\u00e2ches clarifiant unifiant teint claire","robots":{"index":"index","follow":"follow","max-snippet":"max-snippet:-1","max-image-preview":"max-image-preview:large","max-video-preview":"max-video-preview:-1"},"canonical":"https:\/\/glowpremium.fr\/en\/lightening-product\/precious-beauty-uv-2-super-lightening-milk-5x\/","og_locale":"en_GB","og_type":"article","og_title":"Lait 5x super \u00e9claircissant Precious Beauty UV - Glow Premium","og_description":"Lait 5 X \u00e9claircissant precious beajty avec UV produit cosm\u00e9tique pour peau noires et m\u00e9tisse beaut\u00e9 du teint anti-t\u00e2ches clarifiant unifiant teint claire","og_url":"https:\/\/glowpremium.fr\/en\/lightening-product\/precious-beauty-uv-2-super-lightening-milk-5x\/","og_site_name":"Glow Premium","article_modified_time":"2024-11-07T12:51:12+00:00","og_image":[{"width":2000,"height":1826,"url":"https:\/\/glowpremium.fr\/wp-content\/uploads\/2024\/10\/PHOTO-2022-09-14-18-56-49.jpg","type":"image\/jpeg"}],"twitter_card":"summary_large_image","twitter_misc":{"Estimated reading time":"1 minute"},"schema":{"@context":"https:\/\/schema.org","@graph":[{"@type":"WebPage","@id":"https:\/\/glowpremium.fr\/produit-eclaircissant\/lait-5x-super-eclaircissant-precious-beauty-uv-2\/","url":"https:\/\/glowpremium.fr\/produit-eclaircissant\/lait-5x-super-eclaircissant-precious-beauty-uv-2\/","name":"Lait 5x super \u00e9claircissant Precious Beauty UV - Glow Premium","isPartOf":{"@id":"https:\/\/glowpremium.fr\/#website"},"primaryImageOfPage":{"@id":"https:\/\/glowpremium.fr\/produit-eclaircissant\/lait-5x-super-eclaircissant-precious-beauty-uv-2\/#primaryimage"},"image":{"@id":"https:\/\/glowpremium.fr\/produit-eclaircissant\/lait-5x-super-eclaircissant-precious-beauty-uv-2\/#primaryimage"},"thumbnailUrl":"https:\/\/glowpremium.fr\/wp-content\/uploads\/2024\/10\/PHOTO-2022-09-14-18-56-49.jpg","datePublished":"2024-10-28T13:36:35+00:00","dateModified":"2024-11-07T12:51:12+00:00","description":"Lait 5 X \u00e9claircissant precious beajty avec UV produit cosm\u00e9tique pour peau noires et m\u00e9tisse beaut\u00e9 du teint anti-t\u00e2ches clarifiant unifiant teint claire","breadcrumb":{"@id":"https:\/\/glowpremium.fr\/produit-eclaircissant\/lait-5x-super-eclaircissant-precious-beauty-uv-2\/#breadcrumb"},"inLanguage":"en-GB","potentialAction":[{"@type":"ReadAction","target":["https:\/\/glowpremium.fr\/produit-eclaircissant\/lait-5x-super-eclaircissant-precious-beauty-uv-2\/"]}]},{"@type":"ImageObject","inLanguage":"en-GB","@id":"https:\/\/glowpremium.fr\/produit-eclaircissant\/lait-5x-super-eclaircissant-precious-beauty-uv-2\/#primaryimage","url":"https:\/\/glowpremium.fr\/wp-content\/uploads\/2024\/10\/PHOTO-2022-09-14-18-56-49.jpg","contentUrl":"https:\/\/glowpremium.fr\/wp-content\/uploads\/2024\/10\/PHOTO-2022-09-14-18-56-49.jpg","width":2000,"height":1826},{"@type":"BreadcrumbList","@id":"https:\/\/glowpremium.fr\/produit-eclaircissant\/lait-5x-super-eclaircissant-precious-beauty-uv-2\/#breadcrumb","itemListElement":[{"@type":"ListItem","position":1,"name":"Accueil","item":"https:\/\/glowpremium.fr\/"},{"@type":"ListItem","position":2,"name":"Boutique","item":"https:\/\/glowpremium.fr\/boutique-produits-eclaircissants\/"},{"@type":"ListItem","position":3,"name":"Lait 5x super \u00e9claircissant Precious Beauty UV"}]},{"@type":"WebSite","@id":"https:\/\/glowpremium.fr\/#website","url":"https:\/\/glowpremium.fr\/","name":"Glow Premium","description":"","publisher":{"@id":"https:\/\/glowpremium.fr\/#organization"},"potentialAction":[{"@type":"SearchAction","target":{"@type":"EntryPoint","urlTemplate":"https:\/\/glowpremium.fr\/?s={search_term_string}"},"query-input":{"@type":"PropertyValueSpecification","valueRequired":true,"valueName":"search_term_string"}}],"inLanguage":"en-GB"},{"@type":"Organization","@id":"https:\/\/glowpremium.fr\/#organization","name":"Glow Premium","url":"https:\/\/glowpremium.fr\/","logo":{"@type":"ImageObject","inLanguage":"en-GB","@id":"https:\/\/glowpremium.fr\/#\/schema\/logo\/image\/","url":"https:\/\/glowpremium.fr\/wp-content\/uploads\/2024\/10\/screenshot_20241029_034909_chrome.jpg","contentUrl":"https:\/\/glowpremium.fr\/wp-content\/uploads\/2024\/10\/screenshot_20241029_034909_chrome.jpg","width":866,"height":937,"caption":"Glow Premium"},"image":{"@id":"https:\/\/glowpremium.fr\/#\/schema\/logo\/image\/"}}]}},"_links":{"self":[{"href":"https:\/\/glowpremium.fr\/en\/wp-json\/wp\/v2\/product\/6211","targetHints":{"allow":["GET"]}}],"collection":[{"href":"https:\/\/glowpremium.fr\/en\/wp-json\/wp\/v2\/product"}],"about":[{"href":"https:\/\/glowpremium.fr\/en\/wp-json\/wp\/v2\/types\/product"}],"replies":[{"embeddable":true,"href":"https:\/\/glowpremium.fr\/en\/wp-json\/wp\/v2\/comments?post=6211"}],"version-history":[{"count":1,"href":"https:\/\/glowpremium.fr\/en\/wp-json\/wp\/v2\/product\/6211\/revisions"}],"predecessor-version":[{"id":7307,"href":"https:\/\/glowpremium.fr\/en\/wp-json\/wp\/v2\/product\/6211\/revisions\/7307"}],"wp:featuredmedia":[{"embeddable":true,"href":"https:\/\/glowpremium.fr\/en\/wp-json\/wp\/v2\/media\/6210"}],"wp:attachment":[{"href":"https:\/\/glowpremium.fr\/en\/wp-json\/wp\/v2\/media?parent=6211"}],"wp:term":[{"taxonomy":"brand","embeddable":true,"href":"https:\/\/glowpremium.fr\/en\/wp-json\/wp\/v2\/etheme_brands?post=6211"},{"taxonomy":"product_brand","embeddable":true,"href":"https:\/\/glowpremium.fr\/en\/wp-json\/wp\/v2\/product_brand?post=6211"},{"taxonomy":"product_cat","embeddable":true,"href":"https:\/\/glowpremium.fr\/en\/wp-json\/wp\/v2\/product_cat?post=6211"},{"taxonomy":"product_tag","embeddable":true,"href":"https:\/\/glowpremium.fr\/en\/wp-json\/wp\/v2\/product_tag?post=6211"}],"curies":[{"name":"wp","href":"https:\/\/api.w.org\/{rel}","templated":true}]}}