{"id":6205,"date":"2024-10-28T14:36:32","date_gmt":"2024-10-28T13:36:32","guid":{"rendered":"https:\/\/glowpremium.fr\/produit-eclaircissant\/savon-eclaircissant-active-white-l-glutathion-2\/"},"modified":"2024-11-07T14:43:32","modified_gmt":"2024-11-07T13:43:32","slug":"savon-eclaircissant-active-white-l-glutathion-2","status":"publish","type":"product","link":"https:\/\/glowpremium.fr\/en\/lightening-product\/active-white-l-lightening-soap-glutathione-2\/","title":{"rendered":"Active White L-Glutathion Lightening Soap"},"content":{"rendered":"<p><strong>How to use :<\/strong><\/p>\n<p>4 capsules a day, preferably with a meal.   Combine with vitamin C. Vitamin C is necessary for the synthesis of glutathione, collagen and red blood cells and plays a role in the immune system.<br \/>\nThe first two months of glutathione use are crucial. This is the time when the glutathione builds its foundation (realignment chemistry).<\/p>\n<p><strong>Recommendation:<\/strong><\/p>\n<p>Skin lightening is gradual (speed depends on your metabolism and body chemistry). You'll notice that your skin is brighter and healthier than before.<br \/>\nAfter this process, you'll notice that your complexion will gradually become brighter and brighter.<\/p>\n<p>don't forget that glutathione acts on the original complexion (your true complexion)<\/p>\n<p>results vary according to each metabolism and each person<\/p>\n<p>Not suitable:<br \/>\n- Pregnant &amp; breast-feeding women<br \/>\n- People allergic to vitamins (all types)<br \/>\n- Anyone with cardiovascular problems<\/p>\n<p><strong>Advice :<\/strong><\/p>\n<p>Drink plenty of water during the day, at least 2 litres a day for your glutathione cure; the more you drink, the more you eliminate the toxins in your blood.<br \/>\n- You can combine this with our booster or vitamin C capsules for faster results.<\/p>\n<p><strong>Composition:<\/strong><\/p>\n<p>L - Glutathione, Vitamin C Grape seeds, Cellulose glycerine.<\/p>","protected":false},"excerpt":{"rendered":"<div id=\"ds_div\">\n<p dir=\"ltr\">ACTIVE WHITE Women's beauty secret starts with a good lightening soap that gives you a clear, blemish-free complexion on all parts of your body.<\/p>\n<p dir=\"ltr\">The ACTIVE WHITE brand specialises in skin care and beauty, offering soaps, capsules and food supplements to help brighten, hydrate and repair the skin.<\/p>\n<p dir=\"ltr\">Soap works on your face and body by providing your skin with all the essential elements it needs to nourish itself, maintain its balance, brighten, rejuvenate and maintain its beauty.<\/p>\n<p dir=\"ltr\">Active White soap intensively brightens thanks to its high glutathione content. Rejuvenates reduces hyper pigmentation spots, illuminates, moisturises, softens and is also a super radiance booster. Say goodbye to dull complexions. It's a perfect complexion secret long used by the stars. Corrects all types of complexion problems, rejuvenates, anti-ageing and corrects complexion.<\/p>\n<\/div>","protected":false},"featured_media":6204,"comment_status":"closed","ping_status":"closed","template":"","meta":[],"etheme_brands":[],"product_brand":[],"product_cat":[80,87],"product_tag":[],"class_list":{"0":"post-6205","1":"product","2":"type-product","3":"status-publish","4":"has-post-thumbnail","6":"product_cat-blanchissants-et-eclaircissants","7":"product_cat-savons-eclaircissants","9":"first","10":"instock","11":"shipping-taxable","12":"purchasable","13":"product-type-simple"},"yoast_head":"<!-- This site is optimized with the Yoast SEO plugin v26.7 - https:\/\/yoast.com\/wordpress\/plugins\/seo\/ -->\n<title>Savon \u00e9claircissant Active White L-Glutathion - Glow Premium<\/title>\n<meta name=\"description\" content=\"Savon \u00e9claircissant active whiteL-glutathion cosm\u00e9tique pour \u00e9claircir blanchissant teint uniforme beaut\u00e9 teint claire cosm\u00e9tique pour la peau claire\" \/>\n<meta name=\"robots\" content=\"index, follow, max-snippet:-1, max-image-preview:large, max-video-preview:-1\" \/>\n<link rel=\"canonical\" href=\"https:\/\/glowpremium.fr\/en\/lightening-product\/active-white-l-lightening-soap-glutathione-2\/\" \/>\n<meta property=\"og:locale\" content=\"en_GB\" \/>\n<meta property=\"og:type\" content=\"article\" \/>\n<meta property=\"og:title\" content=\"Savon \u00e9claircissant Active White L-Glutathion - Glow Premium\" \/>\n<meta property=\"og:description\" content=\"Savon \u00e9claircissant active whiteL-glutathion cosm\u00e9tique pour \u00e9claircir blanchissant teint uniforme beaut\u00e9 teint claire cosm\u00e9tique pour la peau claire\" \/>\n<meta property=\"og:url\" content=\"https:\/\/glowpremium.fr\/en\/lightening-product\/active-white-l-lightening-soap-glutathione-2\/\" \/>\n<meta property=\"og:site_name\" content=\"Glow Premium\" \/>\n<meta property=\"article:modified_time\" content=\"2024-11-07T13:43:32+00:00\" \/>\n<meta property=\"og:image\" content=\"https:\/\/glowpremium.fr\/wp-content\/uploads\/2024\/10\/41f36764-c712-4db9-b26d-4157e0f9cb2c.jpg\" \/>\n\t<meta property=\"og:image:width\" content=\"1164\" \/>\n\t<meta property=\"og:image:height\" content=\"786\" \/>\n\t<meta property=\"og:image:type\" content=\"image\/jpeg\" \/>\n<meta name=\"twitter:card\" content=\"summary_large_image\" \/>\n<meta name=\"twitter:label1\" content=\"Estimated reading time\" \/>\n\t<meta name=\"twitter:data1\" content=\"2 minutes\" \/>\n<script type=\"application\/ld+json\" class=\"yoast-schema-graph\">{\"@context\":\"https:\/\/schema.org\",\"@graph\":[{\"@type\":\"WebPage\",\"@id\":\"https:\/\/glowpremium.fr\/produit-eclaircissant\/savon-eclaircissant-active-white-l-glutathion-2\/\",\"url\":\"https:\/\/glowpremium.fr\/produit-eclaircissant\/savon-eclaircissant-active-white-l-glutathion-2\/\",\"name\":\"Savon \u00e9claircissant Active White L-Glutathion - Glow Premium\",\"isPartOf\":{\"@id\":\"https:\/\/glowpremium.fr\/#website\"},\"primaryImageOfPage\":{\"@id\":\"https:\/\/glowpremium.fr\/produit-eclaircissant\/savon-eclaircissant-active-white-l-glutathion-2\/#primaryimage\"},\"image\":{\"@id\":\"https:\/\/glowpremium.fr\/produit-eclaircissant\/savon-eclaircissant-active-white-l-glutathion-2\/#primaryimage\"},\"thumbnailUrl\":\"https:\/\/glowpremium.fr\/wp-content\/uploads\/2024\/10\/41f36764-c712-4db9-b26d-4157e0f9cb2c.jpg\",\"datePublished\":\"2024-10-28T13:36:32+00:00\",\"dateModified\":\"2024-11-07T13:43:32+00:00\",\"description\":\"Savon \u00e9claircissant active whiteL-glutathion cosm\u00e9tique pour \u00e9claircir blanchissant teint uniforme beaut\u00e9 teint claire cosm\u00e9tique pour la peau claire\",\"breadcrumb\":{\"@id\":\"https:\/\/glowpremium.fr\/produit-eclaircissant\/savon-eclaircissant-active-white-l-glutathion-2\/#breadcrumb\"},\"inLanguage\":\"en-GB\",\"potentialAction\":[{\"@type\":\"ReadAction\",\"target\":[\"https:\/\/glowpremium.fr\/produit-eclaircissant\/savon-eclaircissant-active-white-l-glutathion-2\/\"]}]},{\"@type\":\"ImageObject\",\"inLanguage\":\"en-GB\",\"@id\":\"https:\/\/glowpremium.fr\/produit-eclaircissant\/savon-eclaircissant-active-white-l-glutathion-2\/#primaryimage\",\"url\":\"https:\/\/glowpremium.fr\/wp-content\/uploads\/2024\/10\/41f36764-c712-4db9-b26d-4157e0f9cb2c.jpg\",\"contentUrl\":\"https:\/\/glowpremium.fr\/wp-content\/uploads\/2024\/10\/41f36764-c712-4db9-b26d-4157e0f9cb2c.jpg\",\"width\":1164,\"height\":786},{\"@type\":\"BreadcrumbList\",\"@id\":\"https:\/\/glowpremium.fr\/produit-eclaircissant\/savon-eclaircissant-active-white-l-glutathion-2\/#breadcrumb\",\"itemListElement\":[{\"@type\":\"ListItem\",\"position\":1,\"name\":\"Accueil\",\"item\":\"https:\/\/glowpremium.fr\/\"},{\"@type\":\"ListItem\",\"position\":2,\"name\":\"Boutique\",\"item\":\"https:\/\/glowpremium.fr\/boutique-produits-eclaircissants\/\"},{\"@type\":\"ListItem\",\"position\":3,\"name\":\"Savon \u00e9claircissant Active White L-Glutathion\"}]},{\"@type\":\"WebSite\",\"@id\":\"https:\/\/glowpremium.fr\/#website\",\"url\":\"https:\/\/glowpremium.fr\/\",\"name\":\"Glow Premium\",\"description\":\"\",\"publisher\":{\"@id\":\"https:\/\/glowpremium.fr\/#organization\"},\"potentialAction\":[{\"@type\":\"SearchAction\",\"target\":{\"@type\":\"EntryPoint\",\"urlTemplate\":\"https:\/\/glowpremium.fr\/?s={search_term_string}\"},\"query-input\":{\"@type\":\"PropertyValueSpecification\",\"valueRequired\":true,\"valueName\":\"search_term_string\"}}],\"inLanguage\":\"en-GB\"},{\"@type\":\"Organization\",\"@id\":\"https:\/\/glowpremium.fr\/#organization\",\"name\":\"Glow Premium\",\"url\":\"https:\/\/glowpremium.fr\/\",\"logo\":{\"@type\":\"ImageObject\",\"inLanguage\":\"en-GB\",\"@id\":\"https:\/\/glowpremium.fr\/#\/schema\/logo\/image\/\",\"url\":\"https:\/\/glowpremium.fr\/wp-content\/uploads\/2024\/10\/screenshot_20241029_034909_chrome.jpg\",\"contentUrl\":\"https:\/\/glowpremium.fr\/wp-content\/uploads\/2024\/10\/screenshot_20241029_034909_chrome.jpg\",\"width\":866,\"height\":937,\"caption\":\"Glow Premium\"},\"image\":{\"@id\":\"https:\/\/glowpremium.fr\/#\/schema\/logo\/image\/\"}}]}<\/script>\n<!-- \/ Yoast SEO plugin. -->","yoast_head_json":{"title":"Savon \u00e9claircissant Active White L-Glutathion - Glow Premium","description":"Savon \u00e9claircissant active whiteL-glutathion cosm\u00e9tique pour \u00e9claircir blanchissant teint uniforme beaut\u00e9 teint claire cosm\u00e9tique pour la peau claire","robots":{"index":"index","follow":"follow","max-snippet":"max-snippet:-1","max-image-preview":"max-image-preview:large","max-video-preview":"max-video-preview:-1"},"canonical":"https:\/\/glowpremium.fr\/en\/lightening-product\/active-white-l-lightening-soap-glutathione-2\/","og_locale":"en_GB","og_type":"article","og_title":"Savon \u00e9claircissant Active White L-Glutathion - Glow Premium","og_description":"Savon \u00e9claircissant active whiteL-glutathion cosm\u00e9tique pour \u00e9claircir blanchissant teint uniforme beaut\u00e9 teint claire cosm\u00e9tique pour la peau claire","og_url":"https:\/\/glowpremium.fr\/en\/lightening-product\/active-white-l-lightening-soap-glutathione-2\/","og_site_name":"Glow Premium","article_modified_time":"2024-11-07T13:43:32+00:00","og_image":[{"width":1164,"height":786,"url":"https:\/\/glowpremium.fr\/wp-content\/uploads\/2024\/10\/41f36764-c712-4db9-b26d-4157e0f9cb2c.jpg","type":"image\/jpeg"}],"twitter_card":"summary_large_image","twitter_misc":{"Estimated reading time":"2 minutes"},"schema":{"@context":"https:\/\/schema.org","@graph":[{"@type":"WebPage","@id":"https:\/\/glowpremium.fr\/produit-eclaircissant\/savon-eclaircissant-active-white-l-glutathion-2\/","url":"https:\/\/glowpremium.fr\/produit-eclaircissant\/savon-eclaircissant-active-white-l-glutathion-2\/","name":"Savon \u00e9claircissant Active White L-Glutathion - Glow Premium","isPartOf":{"@id":"https:\/\/glowpremium.fr\/#website"},"primaryImageOfPage":{"@id":"https:\/\/glowpremium.fr\/produit-eclaircissant\/savon-eclaircissant-active-white-l-glutathion-2\/#primaryimage"},"image":{"@id":"https:\/\/glowpremium.fr\/produit-eclaircissant\/savon-eclaircissant-active-white-l-glutathion-2\/#primaryimage"},"thumbnailUrl":"https:\/\/glowpremium.fr\/wp-content\/uploads\/2024\/10\/41f36764-c712-4db9-b26d-4157e0f9cb2c.jpg","datePublished":"2024-10-28T13:36:32+00:00","dateModified":"2024-11-07T13:43:32+00:00","description":"Savon \u00e9claircissant active whiteL-glutathion cosm\u00e9tique pour \u00e9claircir blanchissant teint uniforme beaut\u00e9 teint claire cosm\u00e9tique pour la peau claire","breadcrumb":{"@id":"https:\/\/glowpremium.fr\/produit-eclaircissant\/savon-eclaircissant-active-white-l-glutathion-2\/#breadcrumb"},"inLanguage":"en-GB","potentialAction":[{"@type":"ReadAction","target":["https:\/\/glowpremium.fr\/produit-eclaircissant\/savon-eclaircissant-active-white-l-glutathion-2\/"]}]},{"@type":"ImageObject","inLanguage":"en-GB","@id":"https:\/\/glowpremium.fr\/produit-eclaircissant\/savon-eclaircissant-active-white-l-glutathion-2\/#primaryimage","url":"https:\/\/glowpremium.fr\/wp-content\/uploads\/2024\/10\/41f36764-c712-4db9-b26d-4157e0f9cb2c.jpg","contentUrl":"https:\/\/glowpremium.fr\/wp-content\/uploads\/2024\/10\/41f36764-c712-4db9-b26d-4157e0f9cb2c.jpg","width":1164,"height":786},{"@type":"BreadcrumbList","@id":"https:\/\/glowpremium.fr\/produit-eclaircissant\/savon-eclaircissant-active-white-l-glutathion-2\/#breadcrumb","itemListElement":[{"@type":"ListItem","position":1,"name":"Accueil","item":"https:\/\/glowpremium.fr\/"},{"@type":"ListItem","position":2,"name":"Boutique","item":"https:\/\/glowpremium.fr\/boutique-produits-eclaircissants\/"},{"@type":"ListItem","position":3,"name":"Savon \u00e9claircissant Active White L-Glutathion"}]},{"@type":"WebSite","@id":"https:\/\/glowpremium.fr\/#website","url":"https:\/\/glowpremium.fr\/","name":"Glow Premium","description":"","publisher":{"@id":"https:\/\/glowpremium.fr\/#organization"},"potentialAction":[{"@type":"SearchAction","target":{"@type":"EntryPoint","urlTemplate":"https:\/\/glowpremium.fr\/?s={search_term_string}"},"query-input":{"@type":"PropertyValueSpecification","valueRequired":true,"valueName":"search_term_string"}}],"inLanguage":"en-GB"},{"@type":"Organization","@id":"https:\/\/glowpremium.fr\/#organization","name":"Glow Premium","url":"https:\/\/glowpremium.fr\/","logo":{"@type":"ImageObject","inLanguage":"en-GB","@id":"https:\/\/glowpremium.fr\/#\/schema\/logo\/image\/","url":"https:\/\/glowpremium.fr\/wp-content\/uploads\/2024\/10\/screenshot_20241029_034909_chrome.jpg","contentUrl":"https:\/\/glowpremium.fr\/wp-content\/uploads\/2024\/10\/screenshot_20241029_034909_chrome.jpg","width":866,"height":937,"caption":"Glow Premium"},"image":{"@id":"https:\/\/glowpremium.fr\/#\/schema\/logo\/image\/"}}]}},"_links":{"self":[{"href":"https:\/\/glowpremium.fr\/en\/wp-json\/wp\/v2\/product\/6205","targetHints":{"allow":["GET"]}}],"collection":[{"href":"https:\/\/glowpremium.fr\/en\/wp-json\/wp\/v2\/product"}],"about":[{"href":"https:\/\/glowpremium.fr\/en\/wp-json\/wp\/v2\/types\/product"}],"replies":[{"embeddable":true,"href":"https:\/\/glowpremium.fr\/en\/wp-json\/wp\/v2\/comments?post=6205"}],"version-history":[{"count":1,"href":"https:\/\/glowpremium.fr\/en\/wp-json\/wp\/v2\/product\/6205\/revisions"}],"predecessor-version":[{"id":7311,"href":"https:\/\/glowpremium.fr\/en\/wp-json\/wp\/v2\/product\/6205\/revisions\/7311"}],"wp:featuredmedia":[{"embeddable":true,"href":"https:\/\/glowpremium.fr\/en\/wp-json\/wp\/v2\/media\/6204"}],"wp:attachment":[{"href":"https:\/\/glowpremium.fr\/en\/wp-json\/wp\/v2\/media?parent=6205"}],"wp:term":[{"taxonomy":"brand","embeddable":true,"href":"https:\/\/glowpremium.fr\/en\/wp-json\/wp\/v2\/etheme_brands?post=6205"},{"taxonomy":"product_brand","embeddable":true,"href":"https:\/\/glowpremium.fr\/en\/wp-json\/wp\/v2\/product_brand?post=6205"},{"taxonomy":"product_cat","embeddable":true,"href":"https:\/\/glowpremium.fr\/en\/wp-json\/wp\/v2\/product_cat?post=6205"},{"taxonomy":"product_tag","embeddable":true,"href":"https:\/\/glowpremium.fr\/en\/wp-json\/wp\/v2\/product_tag?post=6205"}],"curies":[{"name":"wp","href":"https:\/\/api.w.org\/{rel}","templated":true}]}}