{"id":6191,"date":"2024-10-28T14:36:22","date_gmt":"2024-10-28T13:36:22","guid":{"rendered":"https:\/\/glowpremium.fr\/produit-eclaircissant\/lait-eclaircissant-makari-naturalle-multi-action-extreme-2\/"},"modified":"2025-05-04T11:27:56","modified_gmt":"2025-05-04T09:27:56","slug":"lait-eclaircissant-makari-naturalle-multi-action-extreme-2","status":"publish","type":"product","link":"https:\/\/glowpremium.fr\/en\/lightening-product\/makari-naturalle-multi-action-extreme-2-lightening-milk\/","title":{"rendered":"Makari Naturalle Extreme Multi-Action Lightening Milk"},"content":{"rendered":"<p><strong>How to use :<\/strong><br \/>\nAfter showering, apply the lotion to the entire body morning and evening, using gentle circular movements. Massage until completely absorbed.<br \/>\n<strong>Recommendation:<\/strong><br \/>\nAvoid contact with eyes and if contact occurs, rinse thoroughly. Discontinue use if irritation occurs.<br \/>\n<strong>Composition:<\/strong><br \/>\nWater, Parraffinum,liquidum,glyc\u00e9rine,cetearyl, alcohol and sodium, lauryl sulfate and sodium cetearyl sulfate, isopropyl, myristate, dimethicone, stearic acid, white petrolatum jelly, whitening plants extracts, stearyl alcohol, fragrance, vitamin E, Edta, methyl paraben, propyl paraben citrique acid.<\/p>","protected":false},"excerpt":{"rendered":"<p>Makari Naturalle Multi-Action Extreme Clarifying Milk has been designed to help black and mixed-race skin with irregular pigmentation. Its active plant ingredients are rigorously selected for their effectiveness and quality. From the very first applications, you'll find your skin soft and satin-smooth thanks to their high efficacy and quality. From the very first applications, you'll be left with soft, satin-smooth skin that's clear and spotless.<\/p>\n<p><strong>500 ml<\/strong><\/p>","protected":false},"featured_media":6190,"comment_status":"closed","ping_status":"closed","template":"","meta":[],"etheme_brands":[],"product_brand":[],"product_cat":[80,85],"product_tag":[],"class_list":{"0":"post-6191","1":"product","2":"type-product","3":"status-publish","4":"has-post-thumbnail","6":"product_cat-blanchissants-et-eclaircissants","7":"product_cat-laits-eclaircissants","9":"first","10":"instock","11":"shipping-taxable","12":"purchasable","13":"product-type-simple"},"yoast_head":"<!-- This site is optimized with the Yoast SEO plugin v26.7 - https:\/\/yoast.com\/wordpress\/plugins\/seo\/ -->\n<title>Lait \u00e9claircissant Makari Naturalle Multi-Action Extr\u00eame - Glow Premium<\/title>\n<meta name=\"description\" content=\"Lait \u00e9claircissant makari naturelle multi-action cosm\u00e9tique \u00e9claircissant de la peau unifiant anti-t\u00e2ches beaut\u00e9 de la peau clarifie le teint\" \/>\n<meta name=\"robots\" content=\"index, follow, max-snippet:-1, max-image-preview:large, max-video-preview:-1\" \/>\n<link rel=\"canonical\" href=\"https:\/\/glowpremium.fr\/en\/lightening-product\/makari-naturalle-multi-action-extreme-2-lightening-milk\/\" \/>\n<meta property=\"og:locale\" content=\"en_GB\" \/>\n<meta property=\"og:type\" content=\"article\" \/>\n<meta property=\"og:title\" content=\"Lait \u00e9claircissant Makari Naturalle Multi-Action Extr\u00eame - Glow Premium\" \/>\n<meta property=\"og:description\" content=\"Lait \u00e9claircissant makari naturelle multi-action cosm\u00e9tique \u00e9claircissant de la peau unifiant anti-t\u00e2ches beaut\u00e9 de la peau clarifie le teint\" \/>\n<meta property=\"og:url\" content=\"https:\/\/glowpremium.fr\/en\/lightening-product\/makari-naturalle-multi-action-extreme-2-lightening-milk\/\" \/>\n<meta property=\"og:site_name\" content=\"Glow Premium\" \/>\n<meta property=\"article:modified_time\" content=\"2025-05-04T09:27:56+00:00\" \/>\n<meta property=\"og:image\" content=\"https:\/\/glowpremium.fr\/wp-content\/uploads\/2024\/10\/Capture-decran-2023-04-15-a-23.59.33.png\" \/>\n\t<meta property=\"og:image:width\" content=\"322\" \/>\n\t<meta property=\"og:image:height\" content=\"469\" \/>\n\t<meta property=\"og:image:type\" content=\"image\/png\" \/>\n<meta name=\"twitter:card\" content=\"summary_large_image\" \/>\n<meta name=\"twitter:label1\" content=\"Estimated reading time\" \/>\n\t<meta name=\"twitter:data1\" content=\"1 minute\" \/>\n<script type=\"application\/ld+json\" class=\"yoast-schema-graph\">{\"@context\":\"https:\/\/schema.org\",\"@graph\":[{\"@type\":\"WebPage\",\"@id\":\"https:\/\/glowpremium.fr\/produit-eclaircissant\/lait-eclaircissant-makari-naturalle-multi-action-extreme-2\/\",\"url\":\"https:\/\/glowpremium.fr\/produit-eclaircissant\/lait-eclaircissant-makari-naturalle-multi-action-extreme-2\/\",\"name\":\"Lait \u00e9claircissant Makari Naturalle Multi-Action Extr\u00eame - Glow Premium\",\"isPartOf\":{\"@id\":\"https:\/\/glowpremium.fr\/#website\"},\"primaryImageOfPage\":{\"@id\":\"https:\/\/glowpremium.fr\/produit-eclaircissant\/lait-eclaircissant-makari-naturalle-multi-action-extreme-2\/#primaryimage\"},\"image\":{\"@id\":\"https:\/\/glowpremium.fr\/produit-eclaircissant\/lait-eclaircissant-makari-naturalle-multi-action-extreme-2\/#primaryimage\"},\"thumbnailUrl\":\"https:\/\/glowpremium.fr\/wp-content\/uploads\/2024\/10\/Capture-decran-2023-04-15-a-23.59.33.png\",\"datePublished\":\"2024-10-28T13:36:22+00:00\",\"dateModified\":\"2025-05-04T09:27:56+00:00\",\"description\":\"Lait \u00e9claircissant makari naturelle multi-action cosm\u00e9tique \u00e9claircissant de la peau unifiant anti-t\u00e2ches beaut\u00e9 de la peau clarifie le teint\",\"breadcrumb\":{\"@id\":\"https:\/\/glowpremium.fr\/produit-eclaircissant\/lait-eclaircissant-makari-naturalle-multi-action-extreme-2\/#breadcrumb\"},\"inLanguage\":\"en-GB\",\"potentialAction\":[{\"@type\":\"ReadAction\",\"target\":[\"https:\/\/glowpremium.fr\/produit-eclaircissant\/lait-eclaircissant-makari-naturalle-multi-action-extreme-2\/\"]}]},{\"@type\":\"ImageObject\",\"inLanguage\":\"en-GB\",\"@id\":\"https:\/\/glowpremium.fr\/produit-eclaircissant\/lait-eclaircissant-makari-naturalle-multi-action-extreme-2\/#primaryimage\",\"url\":\"https:\/\/glowpremium.fr\/wp-content\/uploads\/2024\/10\/Capture-decran-2023-04-15-a-23.59.33.png\",\"contentUrl\":\"https:\/\/glowpremium.fr\/wp-content\/uploads\/2024\/10\/Capture-decran-2023-04-15-a-23.59.33.png\",\"width\":322,\"height\":469},{\"@type\":\"BreadcrumbList\",\"@id\":\"https:\/\/glowpremium.fr\/produit-eclaircissant\/lait-eclaircissant-makari-naturalle-multi-action-extreme-2\/#breadcrumb\",\"itemListElement\":[{\"@type\":\"ListItem\",\"position\":1,\"name\":\"Accueil\",\"item\":\"https:\/\/glowpremium.fr\/\"},{\"@type\":\"ListItem\",\"position\":2,\"name\":\"Boutique\",\"item\":\"https:\/\/glowpremium.fr\/boutique-produits-eclaircissants\/\"},{\"@type\":\"ListItem\",\"position\":3,\"name\":\"Lait \u00e9claircissant Makari Naturalle Multi-Action Extr\u00eame\"}]},{\"@type\":\"WebSite\",\"@id\":\"https:\/\/glowpremium.fr\/#website\",\"url\":\"https:\/\/glowpremium.fr\/\",\"name\":\"Glow Premium\",\"description\":\"\",\"publisher\":{\"@id\":\"https:\/\/glowpremium.fr\/#organization\"},\"potentialAction\":[{\"@type\":\"SearchAction\",\"target\":{\"@type\":\"EntryPoint\",\"urlTemplate\":\"https:\/\/glowpremium.fr\/?s={search_term_string}\"},\"query-input\":{\"@type\":\"PropertyValueSpecification\",\"valueRequired\":true,\"valueName\":\"search_term_string\"}}],\"inLanguage\":\"en-GB\"},{\"@type\":\"Organization\",\"@id\":\"https:\/\/glowpremium.fr\/#organization\",\"name\":\"Glow Premium\",\"url\":\"https:\/\/glowpremium.fr\/\",\"logo\":{\"@type\":\"ImageObject\",\"inLanguage\":\"en-GB\",\"@id\":\"https:\/\/glowpremium.fr\/#\/schema\/logo\/image\/\",\"url\":\"https:\/\/glowpremium.fr\/wp-content\/uploads\/2024\/10\/screenshot_20241029_034909_chrome.jpg\",\"contentUrl\":\"https:\/\/glowpremium.fr\/wp-content\/uploads\/2024\/10\/screenshot_20241029_034909_chrome.jpg\",\"width\":866,\"height\":937,\"caption\":\"Glow Premium\"},\"image\":{\"@id\":\"https:\/\/glowpremium.fr\/#\/schema\/logo\/image\/\"}}]}<\/script>\n<!-- \/ Yoast SEO plugin. -->","yoast_head_json":{"title":"Lait \u00e9claircissant Makari Naturalle Multi-Action Extr\u00eame - Glow Premium","description":"Lait \u00e9claircissant makari naturelle multi-action cosm\u00e9tique \u00e9claircissant de la peau unifiant anti-t\u00e2ches beaut\u00e9 de la peau clarifie le teint","robots":{"index":"index","follow":"follow","max-snippet":"max-snippet:-1","max-image-preview":"max-image-preview:large","max-video-preview":"max-video-preview:-1"},"canonical":"https:\/\/glowpremium.fr\/en\/lightening-product\/makari-naturalle-multi-action-extreme-2-lightening-milk\/","og_locale":"en_GB","og_type":"article","og_title":"Lait \u00e9claircissant Makari Naturalle Multi-Action Extr\u00eame - Glow Premium","og_description":"Lait \u00e9claircissant makari naturelle multi-action cosm\u00e9tique \u00e9claircissant de la peau unifiant anti-t\u00e2ches beaut\u00e9 de la peau clarifie le teint","og_url":"https:\/\/glowpremium.fr\/en\/lightening-product\/makari-naturalle-multi-action-extreme-2-lightening-milk\/","og_site_name":"Glow Premium","article_modified_time":"2025-05-04T09:27:56+00:00","og_image":[{"width":322,"height":469,"url":"https:\/\/glowpremium.fr\/wp-content\/uploads\/2024\/10\/Capture-decran-2023-04-15-a-23.59.33.png","type":"image\/png"}],"twitter_card":"summary_large_image","twitter_misc":{"Estimated reading time":"1 minute"},"schema":{"@context":"https:\/\/schema.org","@graph":[{"@type":"WebPage","@id":"https:\/\/glowpremium.fr\/produit-eclaircissant\/lait-eclaircissant-makari-naturalle-multi-action-extreme-2\/","url":"https:\/\/glowpremium.fr\/produit-eclaircissant\/lait-eclaircissant-makari-naturalle-multi-action-extreme-2\/","name":"Lait \u00e9claircissant Makari Naturalle Multi-Action Extr\u00eame - Glow Premium","isPartOf":{"@id":"https:\/\/glowpremium.fr\/#website"},"primaryImageOfPage":{"@id":"https:\/\/glowpremium.fr\/produit-eclaircissant\/lait-eclaircissant-makari-naturalle-multi-action-extreme-2\/#primaryimage"},"image":{"@id":"https:\/\/glowpremium.fr\/produit-eclaircissant\/lait-eclaircissant-makari-naturalle-multi-action-extreme-2\/#primaryimage"},"thumbnailUrl":"https:\/\/glowpremium.fr\/wp-content\/uploads\/2024\/10\/Capture-decran-2023-04-15-a-23.59.33.png","datePublished":"2024-10-28T13:36:22+00:00","dateModified":"2025-05-04T09:27:56+00:00","description":"Lait \u00e9claircissant makari naturelle multi-action cosm\u00e9tique \u00e9claircissant de la peau unifiant anti-t\u00e2ches beaut\u00e9 de la peau clarifie le teint","breadcrumb":{"@id":"https:\/\/glowpremium.fr\/produit-eclaircissant\/lait-eclaircissant-makari-naturalle-multi-action-extreme-2\/#breadcrumb"},"inLanguage":"en-GB","potentialAction":[{"@type":"ReadAction","target":["https:\/\/glowpremium.fr\/produit-eclaircissant\/lait-eclaircissant-makari-naturalle-multi-action-extreme-2\/"]}]},{"@type":"ImageObject","inLanguage":"en-GB","@id":"https:\/\/glowpremium.fr\/produit-eclaircissant\/lait-eclaircissant-makari-naturalle-multi-action-extreme-2\/#primaryimage","url":"https:\/\/glowpremium.fr\/wp-content\/uploads\/2024\/10\/Capture-decran-2023-04-15-a-23.59.33.png","contentUrl":"https:\/\/glowpremium.fr\/wp-content\/uploads\/2024\/10\/Capture-decran-2023-04-15-a-23.59.33.png","width":322,"height":469},{"@type":"BreadcrumbList","@id":"https:\/\/glowpremium.fr\/produit-eclaircissant\/lait-eclaircissant-makari-naturalle-multi-action-extreme-2\/#breadcrumb","itemListElement":[{"@type":"ListItem","position":1,"name":"Accueil","item":"https:\/\/glowpremium.fr\/"},{"@type":"ListItem","position":2,"name":"Boutique","item":"https:\/\/glowpremium.fr\/boutique-produits-eclaircissants\/"},{"@type":"ListItem","position":3,"name":"Lait \u00e9claircissant Makari Naturalle Multi-Action Extr\u00eame"}]},{"@type":"WebSite","@id":"https:\/\/glowpremium.fr\/#website","url":"https:\/\/glowpremium.fr\/","name":"Glow Premium","description":"","publisher":{"@id":"https:\/\/glowpremium.fr\/#organization"},"potentialAction":[{"@type":"SearchAction","target":{"@type":"EntryPoint","urlTemplate":"https:\/\/glowpremium.fr\/?s={search_term_string}"},"query-input":{"@type":"PropertyValueSpecification","valueRequired":true,"valueName":"search_term_string"}}],"inLanguage":"en-GB"},{"@type":"Organization","@id":"https:\/\/glowpremium.fr\/#organization","name":"Glow Premium","url":"https:\/\/glowpremium.fr\/","logo":{"@type":"ImageObject","inLanguage":"en-GB","@id":"https:\/\/glowpremium.fr\/#\/schema\/logo\/image\/","url":"https:\/\/glowpremium.fr\/wp-content\/uploads\/2024\/10\/screenshot_20241029_034909_chrome.jpg","contentUrl":"https:\/\/glowpremium.fr\/wp-content\/uploads\/2024\/10\/screenshot_20241029_034909_chrome.jpg","width":866,"height":937,"caption":"Glow Premium"},"image":{"@id":"https:\/\/glowpremium.fr\/#\/schema\/logo\/image\/"}}]}},"_links":{"self":[{"href":"https:\/\/glowpremium.fr\/en\/wp-json\/wp\/v2\/product\/6191","targetHints":{"allow":["GET"]}}],"collection":[{"href":"https:\/\/glowpremium.fr\/en\/wp-json\/wp\/v2\/product"}],"about":[{"href":"https:\/\/glowpremium.fr\/en\/wp-json\/wp\/v2\/types\/product"}],"replies":[{"embeddable":true,"href":"https:\/\/glowpremium.fr\/en\/wp-json\/wp\/v2\/comments?post=6191"}],"version-history":[{"count":1,"href":"https:\/\/glowpremium.fr\/en\/wp-json\/wp\/v2\/product\/6191\/revisions"}],"predecessor-version":[{"id":7314,"href":"https:\/\/glowpremium.fr\/en\/wp-json\/wp\/v2\/product\/6191\/revisions\/7314"}],"wp:featuredmedia":[{"embeddable":true,"href":"https:\/\/glowpremium.fr\/en\/wp-json\/wp\/v2\/media\/6190"}],"wp:attachment":[{"href":"https:\/\/glowpremium.fr\/en\/wp-json\/wp\/v2\/media?parent=6191"}],"wp:term":[{"taxonomy":"brand","embeddable":true,"href":"https:\/\/glowpremium.fr\/en\/wp-json\/wp\/v2\/etheme_brands?post=6191"},{"taxonomy":"product_brand","embeddable":true,"href":"https:\/\/glowpremium.fr\/en\/wp-json\/wp\/v2\/product_brand?post=6191"},{"taxonomy":"product_cat","embeddable":true,"href":"https:\/\/glowpremium.fr\/en\/wp-json\/wp\/v2\/product_cat?post=6191"},{"taxonomy":"product_tag","embeddable":true,"href":"https:\/\/glowpremium.fr\/en\/wp-json\/wp\/v2\/product_tag?post=6191"}],"curies":[{"name":"wp","href":"https:\/\/api.w.org\/{rel}","templated":true}]}}