{"id":6179,"date":"2024-10-28T14:36:15","date_gmt":"2024-10-28T13:36:15","guid":{"rendered":"https:\/\/glowpremium.fr\/produit-eclaircissant\/lait-et-concentre-eclaircissant-anti-taches-2\/"},"modified":"2024-11-07T17:06:44","modified_gmt":"2024-11-07T16:06:44","slug":"lait-et-concentre-eclaircissant-anti-taches-2","status":"publish","type":"product","link":"https:\/\/glowpremium.fr\/en\/lightening-product\/anti-stain-lightening-milk-and-concentrate-2\/","title":{"rendered":"Anti-stain lightening milk and concentrate"},"content":{"rendered":"<p><strong>How to use :<\/strong><\/p>\n<p>Combine milk and concentrate for optimum results.<\/p>\n<p><strong>Recommendation:<\/strong><\/p>\n<p>Avoid sensitive mucous areas. If lesions or irritated skin occur, discontinue use.<\/p>\n<p><strong>Composition:<\/strong><\/p>\n<p>Aqua, Collagen, Glutathione Vitamins, Kojic White, Essential oils, Fruit acids.<\/p>","protected":false},"excerpt":{"rendered":"<p>Gluta Kojic White+ Lightening Body and Face Milk is formulated with 50g glutathione tablets, kojic injection and another is a milk that hydrates your skin while gently lightening it. <strong>400ml<\/strong><\/p>\n<p>Gluta Max Lightening Concentrate is a super anti-spot agent for use with your cleansing milk. Its ingredients have super lightening effects. <strong>100ml<\/strong><\/p>\n<p>&nbsp;<\/p>","protected":false},"featured_media":6178,"comment_status":"closed","ping_status":"closed","template":"","meta":[],"etheme_brands":[],"product_brand":[],"product_cat":[80,82],"product_tag":[],"class_list":{"0":"post-6179","1":"product","2":"type-product","3":"status-publish","4":"has-post-thumbnail","6":"product_cat-blanchissants-et-eclaircissants","7":"product_cat-gammes-eclaircissantes","9":"first","10":"instock","11":"shipping-taxable","12":"purchasable","13":"product-type-simple"},"yoast_head":"<!-- This site is optimized with the Yoast SEO plugin v26.7 - https:\/\/yoast.com\/wordpress\/plugins\/seo\/ -->\n<title>Lait et concentr\u00e9 \u00e9claircissant anti t\u00e2ches - Glow Premium<\/title>\n<meta name=\"description\" content=\"lait et concentr\u00e9 \u00e9claircissant anti-t\u00e2ches cosm\u00e9tique pur \u00e9claircir la peau uniformise beaut\u00e9 pour \u00e9claircit le teint illumine\" \/>\n<meta name=\"robots\" content=\"index, follow, max-snippet:-1, max-image-preview:large, max-video-preview:-1\" \/>\n<link rel=\"canonical\" href=\"https:\/\/glowpremium.fr\/en\/lightening-product\/anti-stain-lightening-milk-and-concentrate-2\/\" \/>\n<meta property=\"og:locale\" content=\"en_GB\" \/>\n<meta property=\"og:type\" content=\"article\" \/>\n<meta property=\"og:title\" content=\"Lait et concentr\u00e9 \u00e9claircissant anti t\u00e2ches - Glow Premium\" \/>\n<meta property=\"og:description\" content=\"lait et concentr\u00e9 \u00e9claircissant anti-t\u00e2ches cosm\u00e9tique pur \u00e9claircir la peau uniformise beaut\u00e9 pour \u00e9claircit le teint illumine\" \/>\n<meta property=\"og:url\" content=\"https:\/\/glowpremium.fr\/en\/lightening-product\/anti-stain-lightening-milk-and-concentrate-2\/\" \/>\n<meta property=\"og:site_name\" content=\"Glow Premium\" \/>\n<meta property=\"article:modified_time\" content=\"2024-11-07T16:06:44+00:00\" \/>\n<meta property=\"og:image\" content=\"https:\/\/glowpremium.fr\/wp-content\/uploads\/2024\/10\/3e03b54d-8b44-4d13-ab42-9636395ad6d6-2.jpg\" \/>\n\t<meta property=\"og:image:width\" content=\"1589\" \/>\n\t<meta property=\"og:image:height\" content=\"1831\" \/>\n\t<meta property=\"og:image:type\" content=\"image\/jpeg\" \/>\n<meta name=\"twitter:card\" content=\"summary_large_image\" \/>\n<meta name=\"twitter:label1\" content=\"Estimated reading time\" \/>\n\t<meta name=\"twitter:data1\" content=\"1 minute\" \/>\n<script type=\"application\/ld+json\" class=\"yoast-schema-graph\">{\"@context\":\"https:\/\/schema.org\",\"@graph\":[{\"@type\":\"WebPage\",\"@id\":\"https:\/\/glowpremium.fr\/produit-eclaircissant\/lait-et-concentre-eclaircissant-anti-taches-2\/\",\"url\":\"https:\/\/glowpremium.fr\/produit-eclaircissant\/lait-et-concentre-eclaircissant-anti-taches-2\/\",\"name\":\"Lait et concentr\u00e9 \u00e9claircissant anti t\u00e2ches - Glow Premium\",\"isPartOf\":{\"@id\":\"https:\/\/glowpremium.fr\/#website\"},\"primaryImageOfPage\":{\"@id\":\"https:\/\/glowpremium.fr\/produit-eclaircissant\/lait-et-concentre-eclaircissant-anti-taches-2\/#primaryimage\"},\"image\":{\"@id\":\"https:\/\/glowpremium.fr\/produit-eclaircissant\/lait-et-concentre-eclaircissant-anti-taches-2\/#primaryimage\"},\"thumbnailUrl\":\"https:\/\/glowpremium.fr\/wp-content\/uploads\/2024\/10\/3e03b54d-8b44-4d13-ab42-9636395ad6d6-2.jpg\",\"datePublished\":\"2024-10-28T13:36:15+00:00\",\"dateModified\":\"2024-11-07T16:06:44+00:00\",\"description\":\"lait et concentr\u00e9 \u00e9claircissant anti-t\u00e2ches cosm\u00e9tique pur \u00e9claircir la peau uniformise beaut\u00e9 pour \u00e9claircit le teint illumine\",\"breadcrumb\":{\"@id\":\"https:\/\/glowpremium.fr\/produit-eclaircissant\/lait-et-concentre-eclaircissant-anti-taches-2\/#breadcrumb\"},\"inLanguage\":\"en-GB\",\"potentialAction\":[{\"@type\":\"ReadAction\",\"target\":[\"https:\/\/glowpremium.fr\/produit-eclaircissant\/lait-et-concentre-eclaircissant-anti-taches-2\/\"]}]},{\"@type\":\"ImageObject\",\"inLanguage\":\"en-GB\",\"@id\":\"https:\/\/glowpremium.fr\/produit-eclaircissant\/lait-et-concentre-eclaircissant-anti-taches-2\/#primaryimage\",\"url\":\"https:\/\/glowpremium.fr\/wp-content\/uploads\/2024\/10\/3e03b54d-8b44-4d13-ab42-9636395ad6d6-2.jpg\",\"contentUrl\":\"https:\/\/glowpremium.fr\/wp-content\/uploads\/2024\/10\/3e03b54d-8b44-4d13-ab42-9636395ad6d6-2.jpg\",\"width\":1589,\"height\":1831},{\"@type\":\"BreadcrumbList\",\"@id\":\"https:\/\/glowpremium.fr\/produit-eclaircissant\/lait-et-concentre-eclaircissant-anti-taches-2\/#breadcrumb\",\"itemListElement\":[{\"@type\":\"ListItem\",\"position\":1,\"name\":\"Accueil\",\"item\":\"https:\/\/glowpremium.fr\/\"},{\"@type\":\"ListItem\",\"position\":2,\"name\":\"Boutique\",\"item\":\"https:\/\/glowpremium.fr\/boutique-produits-eclaircissants\/\"},{\"@type\":\"ListItem\",\"position\":3,\"name\":\"Lait et concentr\u00e9 \u00e9claircissant anti t\u00e2ches\"}]},{\"@type\":\"WebSite\",\"@id\":\"https:\/\/glowpremium.fr\/#website\",\"url\":\"https:\/\/glowpremium.fr\/\",\"name\":\"Glow Premium\",\"description\":\"\",\"publisher\":{\"@id\":\"https:\/\/glowpremium.fr\/#organization\"},\"potentialAction\":[{\"@type\":\"SearchAction\",\"target\":{\"@type\":\"EntryPoint\",\"urlTemplate\":\"https:\/\/glowpremium.fr\/?s={search_term_string}\"},\"query-input\":{\"@type\":\"PropertyValueSpecification\",\"valueRequired\":true,\"valueName\":\"search_term_string\"}}],\"inLanguage\":\"en-GB\"},{\"@type\":\"Organization\",\"@id\":\"https:\/\/glowpremium.fr\/#organization\",\"name\":\"Glow Premium\",\"url\":\"https:\/\/glowpremium.fr\/\",\"logo\":{\"@type\":\"ImageObject\",\"inLanguage\":\"en-GB\",\"@id\":\"https:\/\/glowpremium.fr\/#\/schema\/logo\/image\/\",\"url\":\"https:\/\/glowpremium.fr\/wp-content\/uploads\/2024\/10\/screenshot_20241029_034909_chrome.jpg\",\"contentUrl\":\"https:\/\/glowpremium.fr\/wp-content\/uploads\/2024\/10\/screenshot_20241029_034909_chrome.jpg\",\"width\":866,\"height\":937,\"caption\":\"Glow Premium\"},\"image\":{\"@id\":\"https:\/\/glowpremium.fr\/#\/schema\/logo\/image\/\"}}]}<\/script>\n<!-- \/ Yoast SEO plugin. -->","yoast_head_json":{"title":"Lait et concentr\u00e9 \u00e9claircissant anti t\u00e2ches - Glow Premium","description":"lait et concentr\u00e9 \u00e9claircissant anti-t\u00e2ches cosm\u00e9tique pur \u00e9claircir la peau uniformise beaut\u00e9 pour \u00e9claircit le teint illumine","robots":{"index":"index","follow":"follow","max-snippet":"max-snippet:-1","max-image-preview":"max-image-preview:large","max-video-preview":"max-video-preview:-1"},"canonical":"https:\/\/glowpremium.fr\/en\/lightening-product\/anti-stain-lightening-milk-and-concentrate-2\/","og_locale":"en_GB","og_type":"article","og_title":"Lait et concentr\u00e9 \u00e9claircissant anti t\u00e2ches - Glow Premium","og_description":"lait et concentr\u00e9 \u00e9claircissant anti-t\u00e2ches cosm\u00e9tique pur \u00e9claircir la peau uniformise beaut\u00e9 pour \u00e9claircit le teint illumine","og_url":"https:\/\/glowpremium.fr\/en\/lightening-product\/anti-stain-lightening-milk-and-concentrate-2\/","og_site_name":"Glow Premium","article_modified_time":"2024-11-07T16:06:44+00:00","og_image":[{"width":1589,"height":1831,"url":"https:\/\/glowpremium.fr\/wp-content\/uploads\/2024\/10\/3e03b54d-8b44-4d13-ab42-9636395ad6d6-2.jpg","type":"image\/jpeg"}],"twitter_card":"summary_large_image","twitter_misc":{"Estimated reading time":"1 minute"},"schema":{"@context":"https:\/\/schema.org","@graph":[{"@type":"WebPage","@id":"https:\/\/glowpremium.fr\/produit-eclaircissant\/lait-et-concentre-eclaircissant-anti-taches-2\/","url":"https:\/\/glowpremium.fr\/produit-eclaircissant\/lait-et-concentre-eclaircissant-anti-taches-2\/","name":"Lait et concentr\u00e9 \u00e9claircissant anti t\u00e2ches - Glow Premium","isPartOf":{"@id":"https:\/\/glowpremium.fr\/#website"},"primaryImageOfPage":{"@id":"https:\/\/glowpremium.fr\/produit-eclaircissant\/lait-et-concentre-eclaircissant-anti-taches-2\/#primaryimage"},"image":{"@id":"https:\/\/glowpremium.fr\/produit-eclaircissant\/lait-et-concentre-eclaircissant-anti-taches-2\/#primaryimage"},"thumbnailUrl":"https:\/\/glowpremium.fr\/wp-content\/uploads\/2024\/10\/3e03b54d-8b44-4d13-ab42-9636395ad6d6-2.jpg","datePublished":"2024-10-28T13:36:15+00:00","dateModified":"2024-11-07T16:06:44+00:00","description":"lait et concentr\u00e9 \u00e9claircissant anti-t\u00e2ches cosm\u00e9tique pur \u00e9claircir la peau uniformise beaut\u00e9 pour \u00e9claircit le teint illumine","breadcrumb":{"@id":"https:\/\/glowpremium.fr\/produit-eclaircissant\/lait-et-concentre-eclaircissant-anti-taches-2\/#breadcrumb"},"inLanguage":"en-GB","potentialAction":[{"@type":"ReadAction","target":["https:\/\/glowpremium.fr\/produit-eclaircissant\/lait-et-concentre-eclaircissant-anti-taches-2\/"]}]},{"@type":"ImageObject","inLanguage":"en-GB","@id":"https:\/\/glowpremium.fr\/produit-eclaircissant\/lait-et-concentre-eclaircissant-anti-taches-2\/#primaryimage","url":"https:\/\/glowpremium.fr\/wp-content\/uploads\/2024\/10\/3e03b54d-8b44-4d13-ab42-9636395ad6d6-2.jpg","contentUrl":"https:\/\/glowpremium.fr\/wp-content\/uploads\/2024\/10\/3e03b54d-8b44-4d13-ab42-9636395ad6d6-2.jpg","width":1589,"height":1831},{"@type":"BreadcrumbList","@id":"https:\/\/glowpremium.fr\/produit-eclaircissant\/lait-et-concentre-eclaircissant-anti-taches-2\/#breadcrumb","itemListElement":[{"@type":"ListItem","position":1,"name":"Accueil","item":"https:\/\/glowpremium.fr\/"},{"@type":"ListItem","position":2,"name":"Boutique","item":"https:\/\/glowpremium.fr\/boutique-produits-eclaircissants\/"},{"@type":"ListItem","position":3,"name":"Lait et concentr\u00e9 \u00e9claircissant anti t\u00e2ches"}]},{"@type":"WebSite","@id":"https:\/\/glowpremium.fr\/#website","url":"https:\/\/glowpremium.fr\/","name":"Glow Premium","description":"","publisher":{"@id":"https:\/\/glowpremium.fr\/#organization"},"potentialAction":[{"@type":"SearchAction","target":{"@type":"EntryPoint","urlTemplate":"https:\/\/glowpremium.fr\/?s={search_term_string}"},"query-input":{"@type":"PropertyValueSpecification","valueRequired":true,"valueName":"search_term_string"}}],"inLanguage":"en-GB"},{"@type":"Organization","@id":"https:\/\/glowpremium.fr\/#organization","name":"Glow Premium","url":"https:\/\/glowpremium.fr\/","logo":{"@type":"ImageObject","inLanguage":"en-GB","@id":"https:\/\/glowpremium.fr\/#\/schema\/logo\/image\/","url":"https:\/\/glowpremium.fr\/wp-content\/uploads\/2024\/10\/screenshot_20241029_034909_chrome.jpg","contentUrl":"https:\/\/glowpremium.fr\/wp-content\/uploads\/2024\/10\/screenshot_20241029_034909_chrome.jpg","width":866,"height":937,"caption":"Glow Premium"},"image":{"@id":"https:\/\/glowpremium.fr\/#\/schema\/logo\/image\/"}}]}},"_links":{"self":[{"href":"https:\/\/glowpremium.fr\/en\/wp-json\/wp\/v2\/product\/6179","targetHints":{"allow":["GET"]}}],"collection":[{"href":"https:\/\/glowpremium.fr\/en\/wp-json\/wp\/v2\/product"}],"about":[{"href":"https:\/\/glowpremium.fr\/en\/wp-json\/wp\/v2\/types\/product"}],"replies":[{"embeddable":true,"href":"https:\/\/glowpremium.fr\/en\/wp-json\/wp\/v2\/comments?post=6179"}],"version-history":[{"count":1,"href":"https:\/\/glowpremium.fr\/en\/wp-json\/wp\/v2\/product\/6179\/revisions"}],"predecessor-version":[{"id":7318,"href":"https:\/\/glowpremium.fr\/en\/wp-json\/wp\/v2\/product\/6179\/revisions\/7318"}],"wp:featuredmedia":[{"embeddable":true,"href":"https:\/\/glowpremium.fr\/en\/wp-json\/wp\/v2\/media\/6178"}],"wp:attachment":[{"href":"https:\/\/glowpremium.fr\/en\/wp-json\/wp\/v2\/media?parent=6179"}],"wp:term":[{"taxonomy":"brand","embeddable":true,"href":"https:\/\/glowpremium.fr\/en\/wp-json\/wp\/v2\/etheme_brands?post=6179"},{"taxonomy":"product_brand","embeddable":true,"href":"https:\/\/glowpremium.fr\/en\/wp-json\/wp\/v2\/product_brand?post=6179"},{"taxonomy":"product_cat","embeddable":true,"href":"https:\/\/glowpremium.fr\/en\/wp-json\/wp\/v2\/product_cat?post=6179"},{"taxonomy":"product_tag","embeddable":true,"href":"https:\/\/glowpremium.fr\/en\/wp-json\/wp\/v2\/product_tag?post=6179"}],"curies":[{"name":"wp","href":"https:\/\/api.w.org\/{rel}","templated":true}]}}