{"id":6175,"date":"2024-10-28T14:36:13","date_gmt":"2024-10-28T13:36:13","guid":{"rendered":"https:\/\/glowpremium.fr\/produit-eclaircissant\/gamme-eclaircissant-magic-egyptian-2\/"},"modified":"2024-11-07T17:45:21","modified_gmt":"2024-11-07T16:45:21","slug":"gamme-eclaircissant-magic-egyptian-2","status":"publish","type":"product","link":"https:\/\/glowpremium.fr\/en\/lightening-product\/magic-egyptian-2-lightening-range\/","title":{"rendered":"Magic Egyptian Lightening range"},"content":{"rendered":"<p><strong>How to use :<\/strong><\/p>\n<p>Apply morning and evening to cleansed skin. Massage gently until completely absorbed.<\/p>\n<p><strong>Recommendation:<\/strong><\/p>\n<p>Do not expose to the sun for long periods and avoid the face. Keep out of reach of children. Be careful how you use it.<\/p>\n<p><strong>Composition:<\/strong><\/p>\n<p>Water, Cetyl Stearylic Alcohol, Stearic Acid, Petrolatum, Mineral Oil, Isopropyl Myristate, Sodium Sulfite, Sodium Metabisulfite, Ascorbic Acid, Allantoin, Egg Yolk, Carrot Oil, BHT, UVA, UVB, Tocopheryl Acetate, Propylene Glycol, Collagen, Fragrance.<\/p>","protected":false},"excerpt":{"rendered":"<p>Whitening range of the best quality that helps in treatments of the body \/ face removes blemishes, burns, age spots and the defense of pimples with egg yolk and L-glutathione as main ingredient. It gives an overall whitening and firming complexion to the face and body in 14 days of use. milk 300ml<\/p>","protected":false},"featured_media":6174,"comment_status":"closed","ping_status":"closed","template":"","meta":[],"etheme_brands":[],"product_brand":[],"product_cat":[80,82],"product_tag":[],"class_list":{"0":"post-6175","1":"product","2":"type-product","3":"status-publish","4":"has-post-thumbnail","6":"product_cat-blanchissants-et-eclaircissants","7":"product_cat-gammes-eclaircissantes","9":"first","10":"instock","11":"shipping-taxable","12":"purchasable","13":"product-type-simple"},"yoast_head":"<!-- This site is optimized with the Yoast SEO plugin v26.7 - https:\/\/yoast.com\/wordpress\/plugins\/seo\/ -->\n<title>Gamme \u00e9claircissant Magic Egyptian - Glow Premium<\/title>\n<meta name=\"description\" content=\"Gamme \u00e9claircissante magic \u00e9gyptien Cosm\u00e9tique pour \u00e9claircir la peau unifiant anti-t\u00e2ches produit pour blanchit le teint\" \/>\n<meta name=\"robots\" content=\"index, follow, max-snippet:-1, max-image-preview:large, max-video-preview:-1\" \/>\n<link rel=\"canonical\" href=\"https:\/\/glowpremium.fr\/en\/lightening-product\/magic-egyptian-2-lightening-range\/\" \/>\n<meta property=\"og:locale\" content=\"en_GB\" \/>\n<meta property=\"og:type\" content=\"article\" \/>\n<meta property=\"og:title\" content=\"Gamme \u00e9claircissant Magic Egyptian - Glow Premium\" \/>\n<meta property=\"og:description\" content=\"Gamme \u00e9claircissante magic \u00e9gyptien Cosm\u00e9tique pour \u00e9claircir la peau unifiant anti-t\u00e2ches produit pour blanchit le teint\" \/>\n<meta property=\"og:url\" content=\"https:\/\/glowpremium.fr\/en\/lightening-product\/magic-egyptian-2-lightening-range\/\" \/>\n<meta property=\"og:site_name\" content=\"Glow Premium\" \/>\n<meta property=\"article:modified_time\" content=\"2024-11-07T16:45:21+00:00\" \/>\n<meta property=\"og:image\" content=\"https:\/\/glowpremium.fr\/wp-content\/uploads\/2024\/10\/d16f2281-4db1-4d66-a1d8-de174317ba2f.jpg\" \/>\n\t<meta property=\"og:image:width\" content=\"1600\" \/>\n\t<meta property=\"og:image:height\" content=\"1456\" \/>\n\t<meta property=\"og:image:type\" content=\"image\/jpeg\" \/>\n<meta name=\"twitter:card\" content=\"summary_large_image\" \/>\n<meta name=\"twitter:label1\" content=\"Estimated reading time\" \/>\n\t<meta name=\"twitter:data1\" content=\"1 minute\" \/>\n<script type=\"application\/ld+json\" class=\"yoast-schema-graph\">{\"@context\":\"https:\/\/schema.org\",\"@graph\":[{\"@type\":\"WebPage\",\"@id\":\"https:\/\/glowpremium.fr\/produit-eclaircissant\/gamme-eclaircissant-magic-egyptian-2\/\",\"url\":\"https:\/\/glowpremium.fr\/produit-eclaircissant\/gamme-eclaircissant-magic-egyptian-2\/\",\"name\":\"Gamme \u00e9claircissant Magic Egyptian - Glow Premium\",\"isPartOf\":{\"@id\":\"https:\/\/glowpremium.fr\/#website\"},\"primaryImageOfPage\":{\"@id\":\"https:\/\/glowpremium.fr\/produit-eclaircissant\/gamme-eclaircissant-magic-egyptian-2\/#primaryimage\"},\"image\":{\"@id\":\"https:\/\/glowpremium.fr\/produit-eclaircissant\/gamme-eclaircissant-magic-egyptian-2\/#primaryimage\"},\"thumbnailUrl\":\"https:\/\/glowpremium.fr\/wp-content\/uploads\/2024\/10\/d16f2281-4db1-4d66-a1d8-de174317ba2f.jpg\",\"datePublished\":\"2024-10-28T13:36:13+00:00\",\"dateModified\":\"2024-11-07T16:45:21+00:00\",\"description\":\"Gamme \u00e9claircissante magic \u00e9gyptien Cosm\u00e9tique pour \u00e9claircir la peau unifiant anti-t\u00e2ches produit pour blanchit le teint\",\"breadcrumb\":{\"@id\":\"https:\/\/glowpremium.fr\/produit-eclaircissant\/gamme-eclaircissant-magic-egyptian-2\/#breadcrumb\"},\"inLanguage\":\"en-GB\",\"potentialAction\":[{\"@type\":\"ReadAction\",\"target\":[\"https:\/\/glowpremium.fr\/produit-eclaircissant\/gamme-eclaircissant-magic-egyptian-2\/\"]}]},{\"@type\":\"ImageObject\",\"inLanguage\":\"en-GB\",\"@id\":\"https:\/\/glowpremium.fr\/produit-eclaircissant\/gamme-eclaircissant-magic-egyptian-2\/#primaryimage\",\"url\":\"https:\/\/glowpremium.fr\/wp-content\/uploads\/2024\/10\/d16f2281-4db1-4d66-a1d8-de174317ba2f.jpg\",\"contentUrl\":\"https:\/\/glowpremium.fr\/wp-content\/uploads\/2024\/10\/d16f2281-4db1-4d66-a1d8-de174317ba2f.jpg\",\"width\":1600,\"height\":1456},{\"@type\":\"BreadcrumbList\",\"@id\":\"https:\/\/glowpremium.fr\/produit-eclaircissant\/gamme-eclaircissant-magic-egyptian-2\/#breadcrumb\",\"itemListElement\":[{\"@type\":\"ListItem\",\"position\":1,\"name\":\"Accueil\",\"item\":\"https:\/\/glowpremium.fr\/\"},{\"@type\":\"ListItem\",\"position\":2,\"name\":\"Boutique\",\"item\":\"https:\/\/glowpremium.fr\/boutique-produits-eclaircissants\/\"},{\"@type\":\"ListItem\",\"position\":3,\"name\":\"Gamme \u00e9claircissant Magic Egyptian\"}]},{\"@type\":\"WebSite\",\"@id\":\"https:\/\/glowpremium.fr\/#website\",\"url\":\"https:\/\/glowpremium.fr\/\",\"name\":\"Glow Premium\",\"description\":\"\",\"publisher\":{\"@id\":\"https:\/\/glowpremium.fr\/#organization\"},\"potentialAction\":[{\"@type\":\"SearchAction\",\"target\":{\"@type\":\"EntryPoint\",\"urlTemplate\":\"https:\/\/glowpremium.fr\/?s={search_term_string}\"},\"query-input\":{\"@type\":\"PropertyValueSpecification\",\"valueRequired\":true,\"valueName\":\"search_term_string\"}}],\"inLanguage\":\"en-GB\"},{\"@type\":\"Organization\",\"@id\":\"https:\/\/glowpremium.fr\/#organization\",\"name\":\"Glow Premium\",\"url\":\"https:\/\/glowpremium.fr\/\",\"logo\":{\"@type\":\"ImageObject\",\"inLanguage\":\"en-GB\",\"@id\":\"https:\/\/glowpremium.fr\/#\/schema\/logo\/image\/\",\"url\":\"https:\/\/glowpremium.fr\/wp-content\/uploads\/2024\/10\/screenshot_20241029_034909_chrome.jpg\",\"contentUrl\":\"https:\/\/glowpremium.fr\/wp-content\/uploads\/2024\/10\/screenshot_20241029_034909_chrome.jpg\",\"width\":866,\"height\":937,\"caption\":\"Glow Premium\"},\"image\":{\"@id\":\"https:\/\/glowpremium.fr\/#\/schema\/logo\/image\/\"}}]}<\/script>\n<!-- \/ Yoast SEO plugin. -->","yoast_head_json":{"title":"Gamme \u00e9claircissant Magic Egyptian - Glow Premium","description":"Gamme \u00e9claircissante magic \u00e9gyptien Cosm\u00e9tique pour \u00e9claircir la peau unifiant anti-t\u00e2ches produit pour blanchit le teint","robots":{"index":"index","follow":"follow","max-snippet":"max-snippet:-1","max-image-preview":"max-image-preview:large","max-video-preview":"max-video-preview:-1"},"canonical":"https:\/\/glowpremium.fr\/en\/lightening-product\/magic-egyptian-2-lightening-range\/","og_locale":"en_GB","og_type":"article","og_title":"Gamme \u00e9claircissant Magic Egyptian - Glow Premium","og_description":"Gamme \u00e9claircissante magic \u00e9gyptien Cosm\u00e9tique pour \u00e9claircir la peau unifiant anti-t\u00e2ches produit pour blanchit le teint","og_url":"https:\/\/glowpremium.fr\/en\/lightening-product\/magic-egyptian-2-lightening-range\/","og_site_name":"Glow Premium","article_modified_time":"2024-11-07T16:45:21+00:00","og_image":[{"width":1600,"height":1456,"url":"https:\/\/glowpremium.fr\/wp-content\/uploads\/2024\/10\/d16f2281-4db1-4d66-a1d8-de174317ba2f.jpg","type":"image\/jpeg"}],"twitter_card":"summary_large_image","twitter_misc":{"Estimated reading time":"1 minute"},"schema":{"@context":"https:\/\/schema.org","@graph":[{"@type":"WebPage","@id":"https:\/\/glowpremium.fr\/produit-eclaircissant\/gamme-eclaircissant-magic-egyptian-2\/","url":"https:\/\/glowpremium.fr\/produit-eclaircissant\/gamme-eclaircissant-magic-egyptian-2\/","name":"Gamme \u00e9claircissant Magic Egyptian - Glow Premium","isPartOf":{"@id":"https:\/\/glowpremium.fr\/#website"},"primaryImageOfPage":{"@id":"https:\/\/glowpremium.fr\/produit-eclaircissant\/gamme-eclaircissant-magic-egyptian-2\/#primaryimage"},"image":{"@id":"https:\/\/glowpremium.fr\/produit-eclaircissant\/gamme-eclaircissant-magic-egyptian-2\/#primaryimage"},"thumbnailUrl":"https:\/\/glowpremium.fr\/wp-content\/uploads\/2024\/10\/d16f2281-4db1-4d66-a1d8-de174317ba2f.jpg","datePublished":"2024-10-28T13:36:13+00:00","dateModified":"2024-11-07T16:45:21+00:00","description":"Gamme \u00e9claircissante magic \u00e9gyptien Cosm\u00e9tique pour \u00e9claircir la peau unifiant anti-t\u00e2ches produit pour blanchit le teint","breadcrumb":{"@id":"https:\/\/glowpremium.fr\/produit-eclaircissant\/gamme-eclaircissant-magic-egyptian-2\/#breadcrumb"},"inLanguage":"en-GB","potentialAction":[{"@type":"ReadAction","target":["https:\/\/glowpremium.fr\/produit-eclaircissant\/gamme-eclaircissant-magic-egyptian-2\/"]}]},{"@type":"ImageObject","inLanguage":"en-GB","@id":"https:\/\/glowpremium.fr\/produit-eclaircissant\/gamme-eclaircissant-magic-egyptian-2\/#primaryimage","url":"https:\/\/glowpremium.fr\/wp-content\/uploads\/2024\/10\/d16f2281-4db1-4d66-a1d8-de174317ba2f.jpg","contentUrl":"https:\/\/glowpremium.fr\/wp-content\/uploads\/2024\/10\/d16f2281-4db1-4d66-a1d8-de174317ba2f.jpg","width":1600,"height":1456},{"@type":"BreadcrumbList","@id":"https:\/\/glowpremium.fr\/produit-eclaircissant\/gamme-eclaircissant-magic-egyptian-2\/#breadcrumb","itemListElement":[{"@type":"ListItem","position":1,"name":"Accueil","item":"https:\/\/glowpremium.fr\/"},{"@type":"ListItem","position":2,"name":"Boutique","item":"https:\/\/glowpremium.fr\/boutique-produits-eclaircissants\/"},{"@type":"ListItem","position":3,"name":"Gamme \u00e9claircissant Magic Egyptian"}]},{"@type":"WebSite","@id":"https:\/\/glowpremium.fr\/#website","url":"https:\/\/glowpremium.fr\/","name":"Glow Premium","description":"","publisher":{"@id":"https:\/\/glowpremium.fr\/#organization"},"potentialAction":[{"@type":"SearchAction","target":{"@type":"EntryPoint","urlTemplate":"https:\/\/glowpremium.fr\/?s={search_term_string}"},"query-input":{"@type":"PropertyValueSpecification","valueRequired":true,"valueName":"search_term_string"}}],"inLanguage":"en-GB"},{"@type":"Organization","@id":"https:\/\/glowpremium.fr\/#organization","name":"Glow Premium","url":"https:\/\/glowpremium.fr\/","logo":{"@type":"ImageObject","inLanguage":"en-GB","@id":"https:\/\/glowpremium.fr\/#\/schema\/logo\/image\/","url":"https:\/\/glowpremium.fr\/wp-content\/uploads\/2024\/10\/screenshot_20241029_034909_chrome.jpg","contentUrl":"https:\/\/glowpremium.fr\/wp-content\/uploads\/2024\/10\/screenshot_20241029_034909_chrome.jpg","width":866,"height":937,"caption":"Glow Premium"},"image":{"@id":"https:\/\/glowpremium.fr\/#\/schema\/logo\/image\/"}}]}},"_links":{"self":[{"href":"https:\/\/glowpremium.fr\/en\/wp-json\/wp\/v2\/product\/6175","targetHints":{"allow":["GET"]}}],"collection":[{"href":"https:\/\/glowpremium.fr\/en\/wp-json\/wp\/v2\/product"}],"about":[{"href":"https:\/\/glowpremium.fr\/en\/wp-json\/wp\/v2\/types\/product"}],"replies":[{"embeddable":true,"href":"https:\/\/glowpremium.fr\/en\/wp-json\/wp\/v2\/comments?post=6175"}],"version-history":[{"count":1,"href":"https:\/\/glowpremium.fr\/en\/wp-json\/wp\/v2\/product\/6175\/revisions"}],"predecessor-version":[{"id":7319,"href":"https:\/\/glowpremium.fr\/en\/wp-json\/wp\/v2\/product\/6175\/revisions\/7319"}],"wp:featuredmedia":[{"embeddable":true,"href":"https:\/\/glowpremium.fr\/en\/wp-json\/wp\/v2\/media\/6174"}],"wp:attachment":[{"href":"https:\/\/glowpremium.fr\/en\/wp-json\/wp\/v2\/media?parent=6175"}],"wp:term":[{"taxonomy":"brand","embeddable":true,"href":"https:\/\/glowpremium.fr\/en\/wp-json\/wp\/v2\/etheme_brands?post=6175"},{"taxonomy":"product_brand","embeddable":true,"href":"https:\/\/glowpremium.fr\/en\/wp-json\/wp\/v2\/product_brand?post=6175"},{"taxonomy":"product_cat","embeddable":true,"href":"https:\/\/glowpremium.fr\/en\/wp-json\/wp\/v2\/product_cat?post=6175"},{"taxonomy":"product_tag","embeddable":true,"href":"https:\/\/glowpremium.fr\/en\/wp-json\/wp\/v2\/product_tag?post=6175"}],"curies":[{"name":"wp","href":"https:\/\/api.w.org\/{rel}","templated":true}]}}