{"id":6167,"date":"2024-10-28T14:36:10","date_gmt":"2024-10-28T13:36:10","guid":{"rendered":"https:\/\/glowpremium.fr\/produit-eclaircissant\/kit-cle-de-nature-blanchiment-lissage-de-peau-2\/"},"modified":"2024-11-07T19:05:33","modified_gmt":"2024-11-07T18:05:33","slug":"kit-cle-de-nature-blanchiment-lissage-de-peau-2","status":"publish","type":"product","link":"https:\/\/glowpremium.fr\/en\/lightening-product\/kit-cle-de-nature-whitening-skin-smoothing-2\/","title":{"rendered":"Nature's Key Skin Whitening &amp; Smoothing Kit"},"content":{"rendered":"<p><strong>How to use :<\/strong><\/p>\n<p>Apply morning\/evening to clean, cleansed skin.<\/p>\n<p><strong>Recommendation:<\/strong><\/p>\n<p>For external use only, avoid contact with the eyes, and if irritation occurs, discontinue use. Do not use on children.<\/p>\n<p><strong>Composition:<\/strong><\/p>\n<p>Aqua, Tetrasodium EDTA, Shea Butter Collagen, Alpha arbutin Glycerin, Sodium Sulfate, CI 19140, Fragrance, Citric acid Lactic acid, Sodium hydroxide.<\/p>","protected":false},"excerpt":{"rendered":"<p>The Cl\u00e9 de Nature lightening, whitening, skin smoothing and strong moisturising range hydrates you while lightening your skin.<\/p>\n<p>Its composition is enriched with ingredients such as alpha arbutin and collagen, shea butter, aha acid, lactic acid.<\/p>\n<p>Specially designed for black and mixed-race skin, Cl\u00e9 de Nature gives you a clear complexion without dark spots and hydrated, softer, younger-looking skin. 400ML<\/p>","protected":false},"featured_media":6166,"comment_status":"closed","ping_status":"closed","template":"","meta":[],"etheme_brands":[],"product_brand":[],"product_cat":[80,82],"product_tag":[],"class_list":{"0":"post-6167","1":"product","2":"type-product","3":"status-publish","4":"has-post-thumbnail","6":"product_cat-blanchissants-et-eclaircissants","7":"product_cat-gammes-eclaircissantes","9":"first","10":"instock","11":"shipping-taxable","12":"purchasable","13":"product-type-simple"},"yoast_head":"<!-- This site is optimized with the Yoast SEO plugin v26.7 - https:\/\/yoast.com\/wordpress\/plugins\/seo\/ -->\n<title>Kit Cl\u00e9 de Nature Blanchiment Lissage De Peau - Glow Premium<\/title>\n<meta name=\"description\" content=\"kit cl\u00e9 de nature blanchiment lissage de la peau produit cosm\u00e9tique pour \u00e9claircir la peau anti-t\u00e2ches pour beaut\u00e9 de la peau illumine le teint uniformise\" \/>\n<meta name=\"robots\" content=\"index, follow, max-snippet:-1, max-image-preview:large, max-video-preview:-1\" \/>\n<link rel=\"canonical\" href=\"https:\/\/glowpremium.fr\/en\/lightening-product\/kit-cle-de-nature-whitening-skin-smoothing-2\/\" \/>\n<meta property=\"og:locale\" content=\"en_GB\" \/>\n<meta property=\"og:type\" content=\"article\" \/>\n<meta property=\"og:title\" content=\"Kit Cl\u00e9 de Nature Blanchiment Lissage De Peau - Glow Premium\" \/>\n<meta property=\"og:description\" content=\"kit cl\u00e9 de nature blanchiment lissage de la peau produit cosm\u00e9tique pour \u00e9claircir la peau anti-t\u00e2ches pour beaut\u00e9 de la peau illumine le teint uniformise\" \/>\n<meta property=\"og:url\" content=\"https:\/\/glowpremium.fr\/en\/lightening-product\/kit-cle-de-nature-whitening-skin-smoothing-2\/\" \/>\n<meta property=\"og:site_name\" content=\"Glow Premium\" \/>\n<meta property=\"article:modified_time\" content=\"2024-11-07T18:05:33+00:00\" \/>\n<meta property=\"og:image\" content=\"https:\/\/glowpremium.fr\/wp-content\/uploads\/2024\/10\/0046f2b1-6f58-4306-b8ef-385bdf2cb9e5-2.jpg\" \/>\n\t<meta property=\"og:image:width\" content=\"1600\" \/>\n\t<meta property=\"og:image:height\" content=\"1442\" \/>\n\t<meta property=\"og:image:type\" content=\"image\/jpeg\" \/>\n<meta name=\"twitter:card\" content=\"summary_large_image\" \/>\n<meta name=\"twitter:label1\" content=\"Estimated reading time\" \/>\n\t<meta name=\"twitter:data1\" content=\"1 minute\" \/>\n<script type=\"application\/ld+json\" class=\"yoast-schema-graph\">{\"@context\":\"https:\/\/schema.org\",\"@graph\":[{\"@type\":\"WebPage\",\"@id\":\"https:\/\/glowpremium.fr\/produit-eclaircissant\/kit-cle-de-nature-blanchiment-lissage-de-peau-2\/\",\"url\":\"https:\/\/glowpremium.fr\/produit-eclaircissant\/kit-cle-de-nature-blanchiment-lissage-de-peau-2\/\",\"name\":\"Kit Cl\u00e9 de Nature Blanchiment Lissage De Peau - Glow Premium\",\"isPartOf\":{\"@id\":\"https:\/\/glowpremium.fr\/#website\"},\"primaryImageOfPage\":{\"@id\":\"https:\/\/glowpremium.fr\/produit-eclaircissant\/kit-cle-de-nature-blanchiment-lissage-de-peau-2\/#primaryimage\"},\"image\":{\"@id\":\"https:\/\/glowpremium.fr\/produit-eclaircissant\/kit-cle-de-nature-blanchiment-lissage-de-peau-2\/#primaryimage\"},\"thumbnailUrl\":\"https:\/\/glowpremium.fr\/wp-content\/uploads\/2024\/10\/0046f2b1-6f58-4306-b8ef-385bdf2cb9e5-2.jpg\",\"datePublished\":\"2024-10-28T13:36:10+00:00\",\"dateModified\":\"2024-11-07T18:05:33+00:00\",\"description\":\"kit cl\u00e9 de nature blanchiment lissage de la peau produit cosm\u00e9tique pour \u00e9claircir la peau anti-t\u00e2ches pour beaut\u00e9 de la peau illumine le teint uniformise\",\"breadcrumb\":{\"@id\":\"https:\/\/glowpremium.fr\/produit-eclaircissant\/kit-cle-de-nature-blanchiment-lissage-de-peau-2\/#breadcrumb\"},\"inLanguage\":\"en-GB\",\"potentialAction\":[{\"@type\":\"ReadAction\",\"target\":[\"https:\/\/glowpremium.fr\/produit-eclaircissant\/kit-cle-de-nature-blanchiment-lissage-de-peau-2\/\"]}]},{\"@type\":\"ImageObject\",\"inLanguage\":\"en-GB\",\"@id\":\"https:\/\/glowpremium.fr\/produit-eclaircissant\/kit-cle-de-nature-blanchiment-lissage-de-peau-2\/#primaryimage\",\"url\":\"https:\/\/glowpremium.fr\/wp-content\/uploads\/2024\/10\/0046f2b1-6f58-4306-b8ef-385bdf2cb9e5-2.jpg\",\"contentUrl\":\"https:\/\/glowpremium.fr\/wp-content\/uploads\/2024\/10\/0046f2b1-6f58-4306-b8ef-385bdf2cb9e5-2.jpg\",\"width\":1600,\"height\":1442},{\"@type\":\"BreadcrumbList\",\"@id\":\"https:\/\/glowpremium.fr\/produit-eclaircissant\/kit-cle-de-nature-blanchiment-lissage-de-peau-2\/#breadcrumb\",\"itemListElement\":[{\"@type\":\"ListItem\",\"position\":1,\"name\":\"Accueil\",\"item\":\"https:\/\/glowpremium.fr\/\"},{\"@type\":\"ListItem\",\"position\":2,\"name\":\"Boutique\",\"item\":\"https:\/\/glowpremium.fr\/boutique-produits-eclaircissants\/\"},{\"@type\":\"ListItem\",\"position\":3,\"name\":\"Kit Cl\u00e9 de Nature Blanchiment Lissage De Peau\"}]},{\"@type\":\"WebSite\",\"@id\":\"https:\/\/glowpremium.fr\/#website\",\"url\":\"https:\/\/glowpremium.fr\/\",\"name\":\"Glow Premium\",\"description\":\"\",\"publisher\":{\"@id\":\"https:\/\/glowpremium.fr\/#organization\"},\"potentialAction\":[{\"@type\":\"SearchAction\",\"target\":{\"@type\":\"EntryPoint\",\"urlTemplate\":\"https:\/\/glowpremium.fr\/?s={search_term_string}\"},\"query-input\":{\"@type\":\"PropertyValueSpecification\",\"valueRequired\":true,\"valueName\":\"search_term_string\"}}],\"inLanguage\":\"en-GB\"},{\"@type\":\"Organization\",\"@id\":\"https:\/\/glowpremium.fr\/#organization\",\"name\":\"Glow Premium\",\"url\":\"https:\/\/glowpremium.fr\/\",\"logo\":{\"@type\":\"ImageObject\",\"inLanguage\":\"en-GB\",\"@id\":\"https:\/\/glowpremium.fr\/#\/schema\/logo\/image\/\",\"url\":\"https:\/\/glowpremium.fr\/wp-content\/uploads\/2024\/10\/screenshot_20241029_034909_chrome.jpg\",\"contentUrl\":\"https:\/\/glowpremium.fr\/wp-content\/uploads\/2024\/10\/screenshot_20241029_034909_chrome.jpg\",\"width\":866,\"height\":937,\"caption\":\"Glow Premium\"},\"image\":{\"@id\":\"https:\/\/glowpremium.fr\/#\/schema\/logo\/image\/\"}}]}<\/script>\n<!-- \/ Yoast SEO plugin. -->","yoast_head_json":{"title":"Kit Cl\u00e9 de Nature Blanchiment Lissage De Peau - Glow Premium","description":"kit cl\u00e9 de nature blanchiment lissage de la peau produit cosm\u00e9tique pour \u00e9claircir la peau anti-t\u00e2ches pour beaut\u00e9 de la peau illumine le teint uniformise","robots":{"index":"index","follow":"follow","max-snippet":"max-snippet:-1","max-image-preview":"max-image-preview:large","max-video-preview":"max-video-preview:-1"},"canonical":"https:\/\/glowpremium.fr\/en\/lightening-product\/kit-cle-de-nature-whitening-skin-smoothing-2\/","og_locale":"en_GB","og_type":"article","og_title":"Kit Cl\u00e9 de Nature Blanchiment Lissage De Peau - Glow Premium","og_description":"kit cl\u00e9 de nature blanchiment lissage de la peau produit cosm\u00e9tique pour \u00e9claircir la peau anti-t\u00e2ches pour beaut\u00e9 de la peau illumine le teint uniformise","og_url":"https:\/\/glowpremium.fr\/en\/lightening-product\/kit-cle-de-nature-whitening-skin-smoothing-2\/","og_site_name":"Glow Premium","article_modified_time":"2024-11-07T18:05:33+00:00","og_image":[{"width":1600,"height":1442,"url":"https:\/\/glowpremium.fr\/wp-content\/uploads\/2024\/10\/0046f2b1-6f58-4306-b8ef-385bdf2cb9e5-2.jpg","type":"image\/jpeg"}],"twitter_card":"summary_large_image","twitter_misc":{"Estimated reading time":"1 minute"},"schema":{"@context":"https:\/\/schema.org","@graph":[{"@type":"WebPage","@id":"https:\/\/glowpremium.fr\/produit-eclaircissant\/kit-cle-de-nature-blanchiment-lissage-de-peau-2\/","url":"https:\/\/glowpremium.fr\/produit-eclaircissant\/kit-cle-de-nature-blanchiment-lissage-de-peau-2\/","name":"Kit Cl\u00e9 de Nature Blanchiment Lissage De Peau - Glow Premium","isPartOf":{"@id":"https:\/\/glowpremium.fr\/#website"},"primaryImageOfPage":{"@id":"https:\/\/glowpremium.fr\/produit-eclaircissant\/kit-cle-de-nature-blanchiment-lissage-de-peau-2\/#primaryimage"},"image":{"@id":"https:\/\/glowpremium.fr\/produit-eclaircissant\/kit-cle-de-nature-blanchiment-lissage-de-peau-2\/#primaryimage"},"thumbnailUrl":"https:\/\/glowpremium.fr\/wp-content\/uploads\/2024\/10\/0046f2b1-6f58-4306-b8ef-385bdf2cb9e5-2.jpg","datePublished":"2024-10-28T13:36:10+00:00","dateModified":"2024-11-07T18:05:33+00:00","description":"kit cl\u00e9 de nature blanchiment lissage de la peau produit cosm\u00e9tique pour \u00e9claircir la peau anti-t\u00e2ches pour beaut\u00e9 de la peau illumine le teint uniformise","breadcrumb":{"@id":"https:\/\/glowpremium.fr\/produit-eclaircissant\/kit-cle-de-nature-blanchiment-lissage-de-peau-2\/#breadcrumb"},"inLanguage":"en-GB","potentialAction":[{"@type":"ReadAction","target":["https:\/\/glowpremium.fr\/produit-eclaircissant\/kit-cle-de-nature-blanchiment-lissage-de-peau-2\/"]}]},{"@type":"ImageObject","inLanguage":"en-GB","@id":"https:\/\/glowpremium.fr\/produit-eclaircissant\/kit-cle-de-nature-blanchiment-lissage-de-peau-2\/#primaryimage","url":"https:\/\/glowpremium.fr\/wp-content\/uploads\/2024\/10\/0046f2b1-6f58-4306-b8ef-385bdf2cb9e5-2.jpg","contentUrl":"https:\/\/glowpremium.fr\/wp-content\/uploads\/2024\/10\/0046f2b1-6f58-4306-b8ef-385bdf2cb9e5-2.jpg","width":1600,"height":1442},{"@type":"BreadcrumbList","@id":"https:\/\/glowpremium.fr\/produit-eclaircissant\/kit-cle-de-nature-blanchiment-lissage-de-peau-2\/#breadcrumb","itemListElement":[{"@type":"ListItem","position":1,"name":"Accueil","item":"https:\/\/glowpremium.fr\/"},{"@type":"ListItem","position":2,"name":"Boutique","item":"https:\/\/glowpremium.fr\/boutique-produits-eclaircissants\/"},{"@type":"ListItem","position":3,"name":"Kit Cl\u00e9 de Nature Blanchiment Lissage De Peau"}]},{"@type":"WebSite","@id":"https:\/\/glowpremium.fr\/#website","url":"https:\/\/glowpremium.fr\/","name":"Glow Premium","description":"","publisher":{"@id":"https:\/\/glowpremium.fr\/#organization"},"potentialAction":[{"@type":"SearchAction","target":{"@type":"EntryPoint","urlTemplate":"https:\/\/glowpremium.fr\/?s={search_term_string}"},"query-input":{"@type":"PropertyValueSpecification","valueRequired":true,"valueName":"search_term_string"}}],"inLanguage":"en-GB"},{"@type":"Organization","@id":"https:\/\/glowpremium.fr\/#organization","name":"Glow Premium","url":"https:\/\/glowpremium.fr\/","logo":{"@type":"ImageObject","inLanguage":"en-GB","@id":"https:\/\/glowpremium.fr\/#\/schema\/logo\/image\/","url":"https:\/\/glowpremium.fr\/wp-content\/uploads\/2024\/10\/screenshot_20241029_034909_chrome.jpg","contentUrl":"https:\/\/glowpremium.fr\/wp-content\/uploads\/2024\/10\/screenshot_20241029_034909_chrome.jpg","width":866,"height":937,"caption":"Glow Premium"},"image":{"@id":"https:\/\/glowpremium.fr\/#\/schema\/logo\/image\/"}}]}},"_links":{"self":[{"href":"https:\/\/glowpremium.fr\/en\/wp-json\/wp\/v2\/product\/6167","targetHints":{"allow":["GET"]}}],"collection":[{"href":"https:\/\/glowpremium.fr\/en\/wp-json\/wp\/v2\/product"}],"about":[{"href":"https:\/\/glowpremium.fr\/en\/wp-json\/wp\/v2\/types\/product"}],"replies":[{"embeddable":true,"href":"https:\/\/glowpremium.fr\/en\/wp-json\/wp\/v2\/comments?post=6167"}],"version-history":[{"count":1,"href":"https:\/\/glowpremium.fr\/en\/wp-json\/wp\/v2\/product\/6167\/revisions"}],"predecessor-version":[{"id":7325,"href":"https:\/\/glowpremium.fr\/en\/wp-json\/wp\/v2\/product\/6167\/revisions\/7325"}],"wp:featuredmedia":[{"embeddable":true,"href":"https:\/\/glowpremium.fr\/en\/wp-json\/wp\/v2\/media\/6166"}],"wp:attachment":[{"href":"https:\/\/glowpremium.fr\/en\/wp-json\/wp\/v2\/media?parent=6167"}],"wp:term":[{"taxonomy":"brand","embeddable":true,"href":"https:\/\/glowpremium.fr\/en\/wp-json\/wp\/v2\/etheme_brands?post=6167"},{"taxonomy":"product_brand","embeddable":true,"href":"https:\/\/glowpremium.fr\/en\/wp-json\/wp\/v2\/product_brand?post=6167"},{"taxonomy":"product_cat","embeddable":true,"href":"https:\/\/glowpremium.fr\/en\/wp-json\/wp\/v2\/product_cat?post=6167"},{"taxonomy":"product_tag","embeddable":true,"href":"https:\/\/glowpremium.fr\/en\/wp-json\/wp\/v2\/product_tag?post=6167"}],"curies":[{"name":"wp","href":"https:\/\/api.w.org\/{rel}","templated":true}]}}