{"id":6164,"date":"2024-10-28T14:36:09","date_gmt":"2024-10-28T13:36:09","guid":{"rendered":"https:\/\/glowpremium.fr\/produit-eclaircissant\/gamme-eclaircissant-purifiant-bio-pur-paris-2\/"},"modified":"2024-11-07T19:25:39","modified_gmt":"2024-11-07T18:25:39","slug":"gamme-eclaircissant-purifiant-bio-pur-paris-2","status":"publish","type":"product","link":"https:\/\/glowpremium.fr\/en\/lightening-product\/organic-purifying-lightening-range-pur-paris-2\/","title":{"rendered":"Purifying Lightening range Bio pur Paris"},"content":{"rendered":"<p><strong>How to use :<\/strong><br \/>\nAfter showering, apply Biopur High-Clarity Clarifying Milk Cream morning and night to the entire body, using light, circular movements. Massage until completely absorbed.<br \/>\n<strong>Recommendation:<\/strong><br \/>\nExposure after contact with the sun.<br \/>\n<strong>Composition:<\/strong><br \/>\nWater, Parraffinum,liquidum,glyc\u00e9rine,cetearyl, alcohol and sodium, lauryl sulfate and sodium cetearyl sulfate, isopropyl, myristate, dimethicone, stearic acid, white petrolatum jelly, whitening plants extracts, stearyl alcohol, fragrance, vitamin E, Edta, methyl paraben, propyl paraben citrique acid.<\/p>","protected":false},"excerpt":{"rendered":"<p>Biopur's high-performance clarifying range has been designed to help black and mixed-race skin with irregular pigmentation. Its active plant ingredients are rigorously selected for their high efficacy and quality. From the very first applications, you'll find your skin soft and satin-smooth thanks to their high efficacy and quality. From the very first applications, you'll be left with soft, satin-smooth skin. Its daily application will give you a clear, even complexion all over your body and prevent the appearance of dark spots. Highly demanding clarifying milk repairs, tones and nourishes your epidermis, leaving it supple, smooth and elastic. It will leave your skin silky-smooth with a sensation of well-being. Milk 400 ML<\/p>","protected":false},"featured_media":6163,"comment_status":"closed","ping_status":"closed","template":"","meta":[],"etheme_brands":[],"product_brand":[],"product_cat":[15,82],"product_tag":[],"class_list":{"0":"post-6164","1":"product","2":"type-product","3":"status-publish","4":"has-post-thumbnail","6":"product_cat-toutes-categories","7":"product_cat-gammes-eclaircissantes","9":"first","10":"instock","11":"shipping-taxable","12":"purchasable","13":"product-type-simple"},"yoast_head":"<!-- This site is optimized with the Yoast SEO plugin v26.7 - https:\/\/yoast.com\/wordpress\/plugins\/seo\/ -->\n<title>Gamme \u00e9claircissant Purifiant Bio pur Paris - Glow Premium<\/title>\n<meta name=\"description\" content=\"Gamme bio-pur \u00e9claircissante pour \u00e9claircir la peau produit pour anti -t\u00e2ches uniformise beaut\u00e9 de la peau cosm\u00e9tique blanchissante pour le teint\" \/>\n<meta name=\"robots\" content=\"index, follow, max-snippet:-1, max-image-preview:large, max-video-preview:-1\" \/>\n<link rel=\"canonical\" href=\"https:\/\/glowpremium.fr\/en\/lightening-product\/organic-purifying-lightening-range-pur-paris-2\/\" \/>\n<meta property=\"og:locale\" content=\"en_GB\" \/>\n<meta property=\"og:type\" content=\"article\" \/>\n<meta property=\"og:title\" content=\"Gamme \u00e9claircissant Purifiant Bio pur Paris - Glow Premium\" \/>\n<meta property=\"og:description\" content=\"Gamme bio-pur \u00e9claircissante pour \u00e9claircir la peau produit pour anti -t\u00e2ches uniformise beaut\u00e9 de la peau cosm\u00e9tique blanchissante pour le teint\" \/>\n<meta property=\"og:url\" content=\"https:\/\/glowpremium.fr\/en\/lightening-product\/organic-purifying-lightening-range-pur-paris-2\/\" \/>\n<meta property=\"og:site_name\" content=\"Glow Premium\" \/>\n<meta property=\"article:modified_time\" content=\"2024-11-07T18:25:39+00:00\" \/>\n<meta property=\"og:image\" content=\"https:\/\/glowpremium.fr\/wp-content\/uploads\/2024\/10\/784825d2-ce00-40be-9c9d-6c045ddc6565-1.jpg\" \/>\n\t<meta property=\"og:image:width\" content=\"1600\" \/>\n\t<meta property=\"og:image:height\" content=\"1461\" \/>\n\t<meta property=\"og:image:type\" content=\"image\/jpeg\" \/>\n<meta name=\"twitter:card\" content=\"summary_large_image\" \/>\n<meta name=\"twitter:label1\" content=\"Estimated reading time\" \/>\n\t<meta name=\"twitter:data1\" content=\"1 minute\" \/>\n<script type=\"application\/ld+json\" class=\"yoast-schema-graph\">{\"@context\":\"https:\/\/schema.org\",\"@graph\":[{\"@type\":\"WebPage\",\"@id\":\"https:\/\/glowpremium.fr\/produit-eclaircissant\/gamme-eclaircissant-purifiant-bio-pur-paris-2\/\",\"url\":\"https:\/\/glowpremium.fr\/produit-eclaircissant\/gamme-eclaircissant-purifiant-bio-pur-paris-2\/\",\"name\":\"Gamme \u00e9claircissant Purifiant Bio pur Paris - Glow Premium\",\"isPartOf\":{\"@id\":\"https:\/\/glowpremium.fr\/#website\"},\"primaryImageOfPage\":{\"@id\":\"https:\/\/glowpremium.fr\/produit-eclaircissant\/gamme-eclaircissant-purifiant-bio-pur-paris-2\/#primaryimage\"},\"image\":{\"@id\":\"https:\/\/glowpremium.fr\/produit-eclaircissant\/gamme-eclaircissant-purifiant-bio-pur-paris-2\/#primaryimage\"},\"thumbnailUrl\":\"https:\/\/glowpremium.fr\/wp-content\/uploads\/2024\/10\/784825d2-ce00-40be-9c9d-6c045ddc6565-1.jpg\",\"datePublished\":\"2024-10-28T13:36:09+00:00\",\"dateModified\":\"2024-11-07T18:25:39+00:00\",\"description\":\"Gamme bio-pur \u00e9claircissante pour \u00e9claircir la peau produit pour anti -t\u00e2ches uniformise beaut\u00e9 de la peau cosm\u00e9tique blanchissante pour le teint\",\"breadcrumb\":{\"@id\":\"https:\/\/glowpremium.fr\/produit-eclaircissant\/gamme-eclaircissant-purifiant-bio-pur-paris-2\/#breadcrumb\"},\"inLanguage\":\"en-GB\",\"potentialAction\":[{\"@type\":\"ReadAction\",\"target\":[\"https:\/\/glowpremium.fr\/produit-eclaircissant\/gamme-eclaircissant-purifiant-bio-pur-paris-2\/\"]}]},{\"@type\":\"ImageObject\",\"inLanguage\":\"en-GB\",\"@id\":\"https:\/\/glowpremium.fr\/produit-eclaircissant\/gamme-eclaircissant-purifiant-bio-pur-paris-2\/#primaryimage\",\"url\":\"https:\/\/glowpremium.fr\/wp-content\/uploads\/2024\/10\/784825d2-ce00-40be-9c9d-6c045ddc6565-1.jpg\",\"contentUrl\":\"https:\/\/glowpremium.fr\/wp-content\/uploads\/2024\/10\/784825d2-ce00-40be-9c9d-6c045ddc6565-1.jpg\",\"width\":1600,\"height\":1461},{\"@type\":\"BreadcrumbList\",\"@id\":\"https:\/\/glowpremium.fr\/produit-eclaircissant\/gamme-eclaircissant-purifiant-bio-pur-paris-2\/#breadcrumb\",\"itemListElement\":[{\"@type\":\"ListItem\",\"position\":1,\"name\":\"Accueil\",\"item\":\"https:\/\/glowpremium.fr\/\"},{\"@type\":\"ListItem\",\"position\":2,\"name\":\"Boutique\",\"item\":\"https:\/\/glowpremium.fr\/boutique-produits-eclaircissants\/\"},{\"@type\":\"ListItem\",\"position\":3,\"name\":\"Gamme \u00e9claircissant Purifiant Bio pur Paris\"}]},{\"@type\":\"WebSite\",\"@id\":\"https:\/\/glowpremium.fr\/#website\",\"url\":\"https:\/\/glowpremium.fr\/\",\"name\":\"Glow Premium\",\"description\":\"\",\"publisher\":{\"@id\":\"https:\/\/glowpremium.fr\/#organization\"},\"potentialAction\":[{\"@type\":\"SearchAction\",\"target\":{\"@type\":\"EntryPoint\",\"urlTemplate\":\"https:\/\/glowpremium.fr\/?s={search_term_string}\"},\"query-input\":{\"@type\":\"PropertyValueSpecification\",\"valueRequired\":true,\"valueName\":\"search_term_string\"}}],\"inLanguage\":\"en-GB\"},{\"@type\":\"Organization\",\"@id\":\"https:\/\/glowpremium.fr\/#organization\",\"name\":\"Glow Premium\",\"url\":\"https:\/\/glowpremium.fr\/\",\"logo\":{\"@type\":\"ImageObject\",\"inLanguage\":\"en-GB\",\"@id\":\"https:\/\/glowpremium.fr\/#\/schema\/logo\/image\/\",\"url\":\"https:\/\/glowpremium.fr\/wp-content\/uploads\/2024\/10\/screenshot_20241029_034909_chrome.jpg\",\"contentUrl\":\"https:\/\/glowpremium.fr\/wp-content\/uploads\/2024\/10\/screenshot_20241029_034909_chrome.jpg\",\"width\":866,\"height\":937,\"caption\":\"Glow Premium\"},\"image\":{\"@id\":\"https:\/\/glowpremium.fr\/#\/schema\/logo\/image\/\"}}]}<\/script>\n<!-- \/ Yoast SEO plugin. -->","yoast_head_json":{"title":"Gamme \u00e9claircissant Purifiant Bio pur Paris - Glow Premium","description":"Gamme bio-pur \u00e9claircissante pour \u00e9claircir la peau produit pour anti -t\u00e2ches uniformise beaut\u00e9 de la peau cosm\u00e9tique blanchissante pour le teint","robots":{"index":"index","follow":"follow","max-snippet":"max-snippet:-1","max-image-preview":"max-image-preview:large","max-video-preview":"max-video-preview:-1"},"canonical":"https:\/\/glowpremium.fr\/en\/lightening-product\/organic-purifying-lightening-range-pur-paris-2\/","og_locale":"en_GB","og_type":"article","og_title":"Gamme \u00e9claircissant Purifiant Bio pur Paris - Glow Premium","og_description":"Gamme bio-pur \u00e9claircissante pour \u00e9claircir la peau produit pour anti -t\u00e2ches uniformise beaut\u00e9 de la peau cosm\u00e9tique blanchissante pour le teint","og_url":"https:\/\/glowpremium.fr\/en\/lightening-product\/organic-purifying-lightening-range-pur-paris-2\/","og_site_name":"Glow Premium","article_modified_time":"2024-11-07T18:25:39+00:00","og_image":[{"width":1600,"height":1461,"url":"https:\/\/glowpremium.fr\/wp-content\/uploads\/2024\/10\/784825d2-ce00-40be-9c9d-6c045ddc6565-1.jpg","type":"image\/jpeg"}],"twitter_card":"summary_large_image","twitter_misc":{"Estimated reading time":"1 minute"},"schema":{"@context":"https:\/\/schema.org","@graph":[{"@type":"WebPage","@id":"https:\/\/glowpremium.fr\/produit-eclaircissant\/gamme-eclaircissant-purifiant-bio-pur-paris-2\/","url":"https:\/\/glowpremium.fr\/produit-eclaircissant\/gamme-eclaircissant-purifiant-bio-pur-paris-2\/","name":"Gamme \u00e9claircissant Purifiant Bio pur Paris - Glow Premium","isPartOf":{"@id":"https:\/\/glowpremium.fr\/#website"},"primaryImageOfPage":{"@id":"https:\/\/glowpremium.fr\/produit-eclaircissant\/gamme-eclaircissant-purifiant-bio-pur-paris-2\/#primaryimage"},"image":{"@id":"https:\/\/glowpremium.fr\/produit-eclaircissant\/gamme-eclaircissant-purifiant-bio-pur-paris-2\/#primaryimage"},"thumbnailUrl":"https:\/\/glowpremium.fr\/wp-content\/uploads\/2024\/10\/784825d2-ce00-40be-9c9d-6c045ddc6565-1.jpg","datePublished":"2024-10-28T13:36:09+00:00","dateModified":"2024-11-07T18:25:39+00:00","description":"Gamme bio-pur \u00e9claircissante pour \u00e9claircir la peau produit pour anti -t\u00e2ches uniformise beaut\u00e9 de la peau cosm\u00e9tique blanchissante pour le teint","breadcrumb":{"@id":"https:\/\/glowpremium.fr\/produit-eclaircissant\/gamme-eclaircissant-purifiant-bio-pur-paris-2\/#breadcrumb"},"inLanguage":"en-GB","potentialAction":[{"@type":"ReadAction","target":["https:\/\/glowpremium.fr\/produit-eclaircissant\/gamme-eclaircissant-purifiant-bio-pur-paris-2\/"]}]},{"@type":"ImageObject","inLanguage":"en-GB","@id":"https:\/\/glowpremium.fr\/produit-eclaircissant\/gamme-eclaircissant-purifiant-bio-pur-paris-2\/#primaryimage","url":"https:\/\/glowpremium.fr\/wp-content\/uploads\/2024\/10\/784825d2-ce00-40be-9c9d-6c045ddc6565-1.jpg","contentUrl":"https:\/\/glowpremium.fr\/wp-content\/uploads\/2024\/10\/784825d2-ce00-40be-9c9d-6c045ddc6565-1.jpg","width":1600,"height":1461},{"@type":"BreadcrumbList","@id":"https:\/\/glowpremium.fr\/produit-eclaircissant\/gamme-eclaircissant-purifiant-bio-pur-paris-2\/#breadcrumb","itemListElement":[{"@type":"ListItem","position":1,"name":"Accueil","item":"https:\/\/glowpremium.fr\/"},{"@type":"ListItem","position":2,"name":"Boutique","item":"https:\/\/glowpremium.fr\/boutique-produits-eclaircissants\/"},{"@type":"ListItem","position":3,"name":"Gamme \u00e9claircissant Purifiant Bio pur Paris"}]},{"@type":"WebSite","@id":"https:\/\/glowpremium.fr\/#website","url":"https:\/\/glowpremium.fr\/","name":"Glow Premium","description":"","publisher":{"@id":"https:\/\/glowpremium.fr\/#organization"},"potentialAction":[{"@type":"SearchAction","target":{"@type":"EntryPoint","urlTemplate":"https:\/\/glowpremium.fr\/?s={search_term_string}"},"query-input":{"@type":"PropertyValueSpecification","valueRequired":true,"valueName":"search_term_string"}}],"inLanguage":"en-GB"},{"@type":"Organization","@id":"https:\/\/glowpremium.fr\/#organization","name":"Glow Premium","url":"https:\/\/glowpremium.fr\/","logo":{"@type":"ImageObject","inLanguage":"en-GB","@id":"https:\/\/glowpremium.fr\/#\/schema\/logo\/image\/","url":"https:\/\/glowpremium.fr\/wp-content\/uploads\/2024\/10\/screenshot_20241029_034909_chrome.jpg","contentUrl":"https:\/\/glowpremium.fr\/wp-content\/uploads\/2024\/10\/screenshot_20241029_034909_chrome.jpg","width":866,"height":937,"caption":"Glow Premium"},"image":{"@id":"https:\/\/glowpremium.fr\/#\/schema\/logo\/image\/"}}]}},"_links":{"self":[{"href":"https:\/\/glowpremium.fr\/en\/wp-json\/wp\/v2\/product\/6164","targetHints":{"allow":["GET"]}}],"collection":[{"href":"https:\/\/glowpremium.fr\/en\/wp-json\/wp\/v2\/product"}],"about":[{"href":"https:\/\/glowpremium.fr\/en\/wp-json\/wp\/v2\/types\/product"}],"replies":[{"embeddable":true,"href":"https:\/\/glowpremium.fr\/en\/wp-json\/wp\/v2\/comments?post=6164"}],"version-history":[{"count":1,"href":"https:\/\/glowpremium.fr\/en\/wp-json\/wp\/v2\/product\/6164\/revisions"}],"predecessor-version":[{"id":7326,"href":"https:\/\/glowpremium.fr\/en\/wp-json\/wp\/v2\/product\/6164\/revisions\/7326"}],"wp:featuredmedia":[{"embeddable":true,"href":"https:\/\/glowpremium.fr\/en\/wp-json\/wp\/v2\/media\/6163"}],"wp:attachment":[{"href":"https:\/\/glowpremium.fr\/en\/wp-json\/wp\/v2\/media?parent=6164"}],"wp:term":[{"taxonomy":"brand","embeddable":true,"href":"https:\/\/glowpremium.fr\/en\/wp-json\/wp\/v2\/etheme_brands?post=6164"},{"taxonomy":"product_brand","embeddable":true,"href":"https:\/\/glowpremium.fr\/en\/wp-json\/wp\/v2\/product_brand?post=6164"},{"taxonomy":"product_cat","embeddable":true,"href":"https:\/\/glowpremium.fr\/en\/wp-json\/wp\/v2\/product_cat?post=6164"},{"taxonomy":"product_tag","embeddable":true,"href":"https:\/\/glowpremium.fr\/en\/wp-json\/wp\/v2\/product_tag?post=6164"}],"curies":[{"name":"wp","href":"https:\/\/api.w.org\/{rel}","templated":true}]}}