{"id":6160,"date":"2024-10-28T14:36:07","date_gmt":"2024-10-28T13:36:07","guid":{"rendered":"https:\/\/glowpremium.fr\/produit-eclaircissant\/lait-savon-eclaircissant-72-h-triple-action-2\/"},"modified":"2024-11-07T19:50:33","modified_gmt":"2024-11-07T18:50:33","slug":"lait-savon-eclaircissant-72-h-triple-action-2","status":"publish","type":"product","link":"https:\/\/glowpremium.fr\/en\/lightening-product\/72-h-triple-action-lightening-milk-soap-2\/","title":{"rendered":"72 H Triple Action Lightening Milk &amp; Soap"},"content":{"rendered":"<p><strong>How to use :<\/strong><\/p>\n<p>Apply daily to persistent brown spots on the body (elbows, knuckles, neck, knees, joints, etc.).<\/p>\n<p><strong>Recommendation:<\/strong><\/p>\n<p>Avoid contact with eyes, lesions or irritated skin. Keep out of reach of children.<\/p>\n<p><strong>Composition:<\/strong><\/p>\n<p>Aqua, Vitamine B3, Vitamine E Kojic acid, Collagen, Fragrance Glycerin, Niacimide, EDTA, Rose hip oil.<\/p>","protected":false},"excerpt":{"rendered":"<p>The 72-hour multi-lightening body lotion and soap has been designed to meet the special needs of black skin. Its original formula, made with fruit acids, promotes natural skin lightening by moisturising, nourishing and softening the skin. A genuine actfi skin care product, the 72-hour milk opens your pores while leaving your skin satin-smooth and deeply and gently cleansed. Milk 300 ML, soap 125 G.<\/p>","protected":false},"featured_media":6159,"comment_status":"closed","ping_status":"closed","template":"","meta":[],"etheme_brands":[],"product_brand":[],"product_cat":[80,81],"product_tag":[],"class_list":{"0":"post-6160","1":"product","2":"type-product","3":"status-publish","4":"has-post-thumbnail","6":"product_cat-blanchissants-et-eclaircissants","7":"product_cat-cremes-eclaircissantes","9":"first","10":"instock","11":"shipping-taxable","12":"purchasable","13":"product-type-simple"},"yoast_head":"<!-- This site is optimized with the Yoast SEO plugin v26.7 - https:\/\/yoast.com\/wordpress\/plugins\/seo\/ -->\n<title>Lait &amp; savon \u00e9claircissant 72 H triple Action - Glow Premium<\/title>\n<meta name=\"description\" content=\"lait et savon \u00e9claircissant 72 h triple action cosm\u00e9tique pour \u00e9claircir la peau produit unifiant teint claire anti-t\u00e2che beaut\u00e9 du teint illumin\u00e9\" \/>\n<meta name=\"robots\" content=\"index, follow, max-snippet:-1, max-image-preview:large, max-video-preview:-1\" \/>\n<link rel=\"canonical\" href=\"https:\/\/glowpremium.fr\/en\/lightening-product\/72-h-triple-action-lightening-milk-soap-2\/\" \/>\n<meta property=\"og:locale\" content=\"en_GB\" \/>\n<meta property=\"og:type\" content=\"article\" \/>\n<meta property=\"og:title\" content=\"Lait &amp; savon \u00e9claircissant 72 H triple Action - Glow Premium\" \/>\n<meta property=\"og:description\" content=\"lait et savon \u00e9claircissant 72 h triple action cosm\u00e9tique pour \u00e9claircir la peau produit unifiant teint claire anti-t\u00e2che beaut\u00e9 du teint illumin\u00e9\" \/>\n<meta property=\"og:url\" content=\"https:\/\/glowpremium.fr\/en\/lightening-product\/72-h-triple-action-lightening-milk-soap-2\/\" \/>\n<meta property=\"og:site_name\" content=\"Glow Premium\" \/>\n<meta property=\"article:modified_time\" content=\"2024-11-07T18:50:33+00:00\" \/>\n<meta property=\"og:image\" content=\"https:\/\/glowpremium.fr\/wp-content\/uploads\/2024\/10\/743982db-ea2a-467d-8ddb-3d93064fee5b.jpg\" \/>\n\t<meta property=\"og:image:width\" content=\"1600\" \/>\n\t<meta property=\"og:image:height\" content=\"1464\" \/>\n\t<meta property=\"og:image:type\" content=\"image\/jpeg\" \/>\n<meta name=\"twitter:card\" content=\"summary_large_image\" \/>\n<meta name=\"twitter:label1\" content=\"Estimated reading time\" \/>\n\t<meta name=\"twitter:data1\" content=\"1 minute\" \/>\n<script type=\"application\/ld+json\" class=\"yoast-schema-graph\">{\"@context\":\"https:\/\/schema.org\",\"@graph\":[{\"@type\":\"WebPage\",\"@id\":\"https:\/\/glowpremium.fr\/produit-eclaircissant\/lait-savon-eclaircissant-72-h-triple-action-2\/\",\"url\":\"https:\/\/glowpremium.fr\/produit-eclaircissant\/lait-savon-eclaircissant-72-h-triple-action-2\/\",\"name\":\"Lait &amp; savon \u00e9claircissant 72 H triple Action - Glow Premium\",\"isPartOf\":{\"@id\":\"https:\/\/glowpremium.fr\/#website\"},\"primaryImageOfPage\":{\"@id\":\"https:\/\/glowpremium.fr\/produit-eclaircissant\/lait-savon-eclaircissant-72-h-triple-action-2\/#primaryimage\"},\"image\":{\"@id\":\"https:\/\/glowpremium.fr\/produit-eclaircissant\/lait-savon-eclaircissant-72-h-triple-action-2\/#primaryimage\"},\"thumbnailUrl\":\"https:\/\/glowpremium.fr\/wp-content\/uploads\/2024\/10\/743982db-ea2a-467d-8ddb-3d93064fee5b.jpg\",\"datePublished\":\"2024-10-28T13:36:07+00:00\",\"dateModified\":\"2024-11-07T18:50:33+00:00\",\"description\":\"lait et savon \u00e9claircissant 72 h triple action cosm\u00e9tique pour \u00e9claircir la peau produit unifiant teint claire anti-t\u00e2che beaut\u00e9 du teint illumin\u00e9\",\"breadcrumb\":{\"@id\":\"https:\/\/glowpremium.fr\/produit-eclaircissant\/lait-savon-eclaircissant-72-h-triple-action-2\/#breadcrumb\"},\"inLanguage\":\"en-GB\",\"potentialAction\":[{\"@type\":\"ReadAction\",\"target\":[\"https:\/\/glowpremium.fr\/produit-eclaircissant\/lait-savon-eclaircissant-72-h-triple-action-2\/\"]}]},{\"@type\":\"ImageObject\",\"inLanguage\":\"en-GB\",\"@id\":\"https:\/\/glowpremium.fr\/produit-eclaircissant\/lait-savon-eclaircissant-72-h-triple-action-2\/#primaryimage\",\"url\":\"https:\/\/glowpremium.fr\/wp-content\/uploads\/2024\/10\/743982db-ea2a-467d-8ddb-3d93064fee5b.jpg\",\"contentUrl\":\"https:\/\/glowpremium.fr\/wp-content\/uploads\/2024\/10\/743982db-ea2a-467d-8ddb-3d93064fee5b.jpg\",\"width\":1600,\"height\":1464},{\"@type\":\"BreadcrumbList\",\"@id\":\"https:\/\/glowpremium.fr\/produit-eclaircissant\/lait-savon-eclaircissant-72-h-triple-action-2\/#breadcrumb\",\"itemListElement\":[{\"@type\":\"ListItem\",\"position\":1,\"name\":\"Accueil\",\"item\":\"https:\/\/glowpremium.fr\/\"},{\"@type\":\"ListItem\",\"position\":2,\"name\":\"Boutique\",\"item\":\"https:\/\/glowpremium.fr\/boutique-produits-eclaircissants\/\"},{\"@type\":\"ListItem\",\"position\":3,\"name\":\"Lait &amp; savon \u00e9claircissant 72 H triple Action\"}]},{\"@type\":\"WebSite\",\"@id\":\"https:\/\/glowpremium.fr\/#website\",\"url\":\"https:\/\/glowpremium.fr\/\",\"name\":\"Glow Premium\",\"description\":\"\",\"publisher\":{\"@id\":\"https:\/\/glowpremium.fr\/#organization\"},\"potentialAction\":[{\"@type\":\"SearchAction\",\"target\":{\"@type\":\"EntryPoint\",\"urlTemplate\":\"https:\/\/glowpremium.fr\/?s={search_term_string}\"},\"query-input\":{\"@type\":\"PropertyValueSpecification\",\"valueRequired\":true,\"valueName\":\"search_term_string\"}}],\"inLanguage\":\"en-GB\"},{\"@type\":\"Organization\",\"@id\":\"https:\/\/glowpremium.fr\/#organization\",\"name\":\"Glow Premium\",\"url\":\"https:\/\/glowpremium.fr\/\",\"logo\":{\"@type\":\"ImageObject\",\"inLanguage\":\"en-GB\",\"@id\":\"https:\/\/glowpremium.fr\/#\/schema\/logo\/image\/\",\"url\":\"https:\/\/glowpremium.fr\/wp-content\/uploads\/2024\/10\/screenshot_20241029_034909_chrome.jpg\",\"contentUrl\":\"https:\/\/glowpremium.fr\/wp-content\/uploads\/2024\/10\/screenshot_20241029_034909_chrome.jpg\",\"width\":866,\"height\":937,\"caption\":\"Glow Premium\"},\"image\":{\"@id\":\"https:\/\/glowpremium.fr\/#\/schema\/logo\/image\/\"}}]}<\/script>\n<!-- \/ Yoast SEO plugin. -->","yoast_head_json":{"title":"Lait &amp; savon \u00e9claircissant 72 H triple Action - Glow Premium","description":"lait et savon \u00e9claircissant 72 h triple action cosm\u00e9tique pour \u00e9claircir la peau produit unifiant teint claire anti-t\u00e2che beaut\u00e9 du teint illumin\u00e9","robots":{"index":"index","follow":"follow","max-snippet":"max-snippet:-1","max-image-preview":"max-image-preview:large","max-video-preview":"max-video-preview:-1"},"canonical":"https:\/\/glowpremium.fr\/en\/lightening-product\/72-h-triple-action-lightening-milk-soap-2\/","og_locale":"en_GB","og_type":"article","og_title":"Lait &amp; savon \u00e9claircissant 72 H triple Action - Glow Premium","og_description":"lait et savon \u00e9claircissant 72 h triple action cosm\u00e9tique pour \u00e9claircir la peau produit unifiant teint claire anti-t\u00e2che beaut\u00e9 du teint illumin\u00e9","og_url":"https:\/\/glowpremium.fr\/en\/lightening-product\/72-h-triple-action-lightening-milk-soap-2\/","og_site_name":"Glow Premium","article_modified_time":"2024-11-07T18:50:33+00:00","og_image":[{"width":1600,"height":1464,"url":"https:\/\/glowpremium.fr\/wp-content\/uploads\/2024\/10\/743982db-ea2a-467d-8ddb-3d93064fee5b.jpg","type":"image\/jpeg"}],"twitter_card":"summary_large_image","twitter_misc":{"Estimated reading time":"1 minute"},"schema":{"@context":"https:\/\/schema.org","@graph":[{"@type":"WebPage","@id":"https:\/\/glowpremium.fr\/produit-eclaircissant\/lait-savon-eclaircissant-72-h-triple-action-2\/","url":"https:\/\/glowpremium.fr\/produit-eclaircissant\/lait-savon-eclaircissant-72-h-triple-action-2\/","name":"Lait &amp; savon \u00e9claircissant 72 H triple Action - Glow Premium","isPartOf":{"@id":"https:\/\/glowpremium.fr\/#website"},"primaryImageOfPage":{"@id":"https:\/\/glowpremium.fr\/produit-eclaircissant\/lait-savon-eclaircissant-72-h-triple-action-2\/#primaryimage"},"image":{"@id":"https:\/\/glowpremium.fr\/produit-eclaircissant\/lait-savon-eclaircissant-72-h-triple-action-2\/#primaryimage"},"thumbnailUrl":"https:\/\/glowpremium.fr\/wp-content\/uploads\/2024\/10\/743982db-ea2a-467d-8ddb-3d93064fee5b.jpg","datePublished":"2024-10-28T13:36:07+00:00","dateModified":"2024-11-07T18:50:33+00:00","description":"lait et savon \u00e9claircissant 72 h triple action cosm\u00e9tique pour \u00e9claircir la peau produit unifiant teint claire anti-t\u00e2che beaut\u00e9 du teint illumin\u00e9","breadcrumb":{"@id":"https:\/\/glowpremium.fr\/produit-eclaircissant\/lait-savon-eclaircissant-72-h-triple-action-2\/#breadcrumb"},"inLanguage":"en-GB","potentialAction":[{"@type":"ReadAction","target":["https:\/\/glowpremium.fr\/produit-eclaircissant\/lait-savon-eclaircissant-72-h-triple-action-2\/"]}]},{"@type":"ImageObject","inLanguage":"en-GB","@id":"https:\/\/glowpremium.fr\/produit-eclaircissant\/lait-savon-eclaircissant-72-h-triple-action-2\/#primaryimage","url":"https:\/\/glowpremium.fr\/wp-content\/uploads\/2024\/10\/743982db-ea2a-467d-8ddb-3d93064fee5b.jpg","contentUrl":"https:\/\/glowpremium.fr\/wp-content\/uploads\/2024\/10\/743982db-ea2a-467d-8ddb-3d93064fee5b.jpg","width":1600,"height":1464},{"@type":"BreadcrumbList","@id":"https:\/\/glowpremium.fr\/produit-eclaircissant\/lait-savon-eclaircissant-72-h-triple-action-2\/#breadcrumb","itemListElement":[{"@type":"ListItem","position":1,"name":"Accueil","item":"https:\/\/glowpremium.fr\/"},{"@type":"ListItem","position":2,"name":"Boutique","item":"https:\/\/glowpremium.fr\/boutique-produits-eclaircissants\/"},{"@type":"ListItem","position":3,"name":"Lait &amp; savon \u00e9claircissant 72 H triple Action"}]},{"@type":"WebSite","@id":"https:\/\/glowpremium.fr\/#website","url":"https:\/\/glowpremium.fr\/","name":"Glow Premium","description":"","publisher":{"@id":"https:\/\/glowpremium.fr\/#organization"},"potentialAction":[{"@type":"SearchAction","target":{"@type":"EntryPoint","urlTemplate":"https:\/\/glowpremium.fr\/?s={search_term_string}"},"query-input":{"@type":"PropertyValueSpecification","valueRequired":true,"valueName":"search_term_string"}}],"inLanguage":"en-GB"},{"@type":"Organization","@id":"https:\/\/glowpremium.fr\/#organization","name":"Glow Premium","url":"https:\/\/glowpremium.fr\/","logo":{"@type":"ImageObject","inLanguage":"en-GB","@id":"https:\/\/glowpremium.fr\/#\/schema\/logo\/image\/","url":"https:\/\/glowpremium.fr\/wp-content\/uploads\/2024\/10\/screenshot_20241029_034909_chrome.jpg","contentUrl":"https:\/\/glowpremium.fr\/wp-content\/uploads\/2024\/10\/screenshot_20241029_034909_chrome.jpg","width":866,"height":937,"caption":"Glow Premium"},"image":{"@id":"https:\/\/glowpremium.fr\/#\/schema\/logo\/image\/"}}]}},"_links":{"self":[{"href":"https:\/\/glowpremium.fr\/en\/wp-json\/wp\/v2\/product\/6160","targetHints":{"allow":["GET"]}}],"collection":[{"href":"https:\/\/glowpremium.fr\/en\/wp-json\/wp\/v2\/product"}],"about":[{"href":"https:\/\/glowpremium.fr\/en\/wp-json\/wp\/v2\/types\/product"}],"replies":[{"embeddable":true,"href":"https:\/\/glowpremium.fr\/en\/wp-json\/wp\/v2\/comments?post=6160"}],"version-history":[{"count":1,"href":"https:\/\/glowpremium.fr\/en\/wp-json\/wp\/v2\/product\/6160\/revisions"}],"predecessor-version":[{"id":7329,"href":"https:\/\/glowpremium.fr\/en\/wp-json\/wp\/v2\/product\/6160\/revisions\/7329"}],"wp:featuredmedia":[{"embeddable":true,"href":"https:\/\/glowpremium.fr\/en\/wp-json\/wp\/v2\/media\/6159"}],"wp:attachment":[{"href":"https:\/\/glowpremium.fr\/en\/wp-json\/wp\/v2\/media?parent=6160"}],"wp:term":[{"taxonomy":"brand","embeddable":true,"href":"https:\/\/glowpremium.fr\/en\/wp-json\/wp\/v2\/etheme_brands?post=6160"},{"taxonomy":"product_brand","embeddable":true,"href":"https:\/\/glowpremium.fr\/en\/wp-json\/wp\/v2\/product_brand?post=6160"},{"taxonomy":"product_cat","embeddable":true,"href":"https:\/\/glowpremium.fr\/en\/wp-json\/wp\/v2\/product_cat?post=6160"},{"taxonomy":"product_tag","embeddable":true,"href":"https:\/\/glowpremium.fr\/en\/wp-json\/wp\/v2\/product_tag?post=6160"}],"curies":[{"name":"wp","href":"https:\/\/api.w.org\/{rel}","templated":true}]}}