{"id":6154,"date":"2024-10-28T14:36:03","date_gmt":"2024-10-28T13:36:03","guid":{"rendered":"https:\/\/glowpremium.fr\/produit-eclaircissant\/mini-gamme-eclaircissant-belle-face-extra-2\/"},"modified":"2024-10-28T14:36:05","modified_gmt":"2024-10-28T13:36:05","slug":"mini-gamme-eclaircissant-belle-face-extra-2","status":"publish","type":"product","link":"https:\/\/glowpremium.fr\/en\/lightening-product\/mini-lightening-range-belle-face-extra-2\/","title":{"rendered":"Belle Face Extra Lightening Mini Range"},"content":{"rendered":"<p><strong>How to use :<\/strong><\/p>\n<p>For the neck, face, body and dark spots, we recommend mixing the Anti-Spot Concentrate into Belle Face Cleansing Milk.<\/p>\n<p><strong>Recommendation:<\/strong><\/p>\n<p>For external use only. If irritation occurs, discontinue use immediately.<\/p>\n<p><strong>Composition:<\/strong><\/p>\n<p>Essential oils, fruit acids, vitamin E, snail slime, glutathione, salicylic acid, carrot extract, essential oil.<\/p>","protected":false},"excerpt":{"rendered":"<p>Given the difficulties encountered by many people, men and women alike, in finding a permanent solution to the problem of dark spots on elbows, hinges and around the eyes, not to mention harmonising the complexion. We've developed an ultra-strong anti-spot concentrate and belle face range for you. They act with precision on the softness of your skin. Permanently eradicate these various problems. They give you the possibility of correcting all skin problems in 5 days. belle face milk with glutathione snail slime glutathione, fruit acid, salicylic acid, carrot extract kojic acid, vitamin E is 3 times whitening.300ML,<\/p>","protected":false},"featured_media":6153,"comment_status":"open","ping_status":"closed","template":"","meta":[],"etheme_brands":[],"product_brand":[],"product_cat":[15],"product_tag":[],"class_list":{"0":"post-6154","1":"product","2":"type-product","3":"status-publish","4":"has-post-thumbnail","6":"product_cat-toutes-categories","8":"first","9":"instock","10":"shipping-taxable","11":"product-type-simple"},"yoast_head":"<!-- This site is optimized with the Yoast SEO plugin v26.7 - https:\/\/yoast.com\/wordpress\/plugins\/seo\/ -->\n<title>Mini Gamme \u00e9claircissant Belle Face Extra - Glow Premium<\/title>\n<meta name=\"robots\" content=\"index, follow, max-snippet:-1, max-image-preview:large, max-video-preview:-1\" \/>\n<link rel=\"canonical\" href=\"https:\/\/glowpremium.fr\/en\/lightening-product\/mini-lightening-range-belle-face-extra-2\/\" \/>\n<meta property=\"og:locale\" content=\"en_GB\" \/>\n<meta property=\"og:type\" content=\"article\" \/>\n<meta property=\"og:title\" content=\"Mini Gamme \u00e9claircissant Belle Face Extra - Glow Premium\" \/>\n<meta property=\"og:description\" content=\"Compte tenue des difficult\u00e9s rencontr\u00e9es par plusieurs personne, homme comme femme \u00e0 r\u00e9soudre de fa\u00e7on d\u00e9finitive les probl\u00e8mes de t\u00e2ches noirs sur les coudes, les paumelles et autres contours des yeux sans oublier l&#039;harmonisation du teint. Nous avons \u00e9labor\u00e9 pour vous et avec une tr\u00e8s grande pr\u00e9cision un concentr\u00e9 et la gamme belle face \u00a0 anti-t\u00e2ches ultra-fort. Ils agissent avec pr\u00e9cision sur la douceur de votre peau. Eradiqu\u00e9 de fa\u00e7on d\u00e9finitive ces diff\u00e9rents maux. Ils vous donne la possibilit\u00e9s de corriger tous les probl\u00e8mes de peaux en 5 jours.Le lait belle face au glutathione bave d&quot;escargot glutathione, acide de fruit , acides salicylique, extrait de carotte acide kojique, vitamine E est 3 fois plus blanchissant.300ML,\" \/>\n<meta property=\"og:url\" content=\"https:\/\/glowpremium.fr\/en\/lightening-product\/mini-lightening-range-belle-face-extra-2\/\" \/>\n<meta property=\"og:site_name\" content=\"Glow Premium\" \/>\n<meta property=\"article:modified_time\" content=\"2024-10-28T13:36:05+00:00\" \/>\n<meta property=\"og:image\" content=\"https:\/\/glowpremium.fr\/wp-content\/uploads\/2024\/10\/8f499b98-1f50-4dae-98a5-ecf00bacff0c.jpg\" \/>\n\t<meta property=\"og:image:width\" content=\"1600\" \/>\n\t<meta property=\"og:image:height\" content=\"1446\" \/>\n\t<meta property=\"og:image:type\" content=\"image\/jpeg\" \/>\n<meta name=\"twitter:card\" content=\"summary_large_image\" \/>\n<script type=\"application\/ld+json\" class=\"yoast-schema-graph\">{\"@context\":\"https:\/\/schema.org\",\"@graph\":[{\"@type\":\"WebPage\",\"@id\":\"https:\/\/glowpremium.fr\/produit-eclaircissant\/mini-gamme-eclaircissant-belle-face-extra-2\/\",\"url\":\"https:\/\/glowpremium.fr\/produit-eclaircissant\/mini-gamme-eclaircissant-belle-face-extra-2\/\",\"name\":\"Mini Gamme \u00e9claircissant Belle Face Extra - Glow Premium\",\"isPartOf\":{\"@id\":\"https:\/\/glowpremium.fr\/#website\"},\"primaryImageOfPage\":{\"@id\":\"https:\/\/glowpremium.fr\/produit-eclaircissant\/mini-gamme-eclaircissant-belle-face-extra-2\/#primaryimage\"},\"image\":{\"@id\":\"https:\/\/glowpremium.fr\/produit-eclaircissant\/mini-gamme-eclaircissant-belle-face-extra-2\/#primaryimage\"},\"thumbnailUrl\":\"https:\/\/glowpremium.fr\/wp-content\/uploads\/2024\/10\/8f499b98-1f50-4dae-98a5-ecf00bacff0c.jpg\",\"datePublished\":\"2024-10-28T13:36:03+00:00\",\"dateModified\":\"2024-10-28T13:36:05+00:00\",\"breadcrumb\":{\"@id\":\"https:\/\/glowpremium.fr\/produit-eclaircissant\/mini-gamme-eclaircissant-belle-face-extra-2\/#breadcrumb\"},\"inLanguage\":\"en-GB\",\"potentialAction\":[{\"@type\":\"ReadAction\",\"target\":[\"https:\/\/glowpremium.fr\/produit-eclaircissant\/mini-gamme-eclaircissant-belle-face-extra-2\/\"]}]},{\"@type\":\"ImageObject\",\"inLanguage\":\"en-GB\",\"@id\":\"https:\/\/glowpremium.fr\/produit-eclaircissant\/mini-gamme-eclaircissant-belle-face-extra-2\/#primaryimage\",\"url\":\"https:\/\/glowpremium.fr\/wp-content\/uploads\/2024\/10\/8f499b98-1f50-4dae-98a5-ecf00bacff0c.jpg\",\"contentUrl\":\"https:\/\/glowpremium.fr\/wp-content\/uploads\/2024\/10\/8f499b98-1f50-4dae-98a5-ecf00bacff0c.jpg\",\"width\":1600,\"height\":1446},{\"@type\":\"BreadcrumbList\",\"@id\":\"https:\/\/glowpremium.fr\/produit-eclaircissant\/mini-gamme-eclaircissant-belle-face-extra-2\/#breadcrumb\",\"itemListElement\":[{\"@type\":\"ListItem\",\"position\":1,\"name\":\"Accueil\",\"item\":\"https:\/\/glowpremium.fr\/\"},{\"@type\":\"ListItem\",\"position\":2,\"name\":\"Boutique\",\"item\":\"https:\/\/glowpremium.fr\/boutique-produits-eclaircissants\/\"},{\"@type\":\"ListItem\",\"position\":3,\"name\":\"Mini Gamme \u00e9claircissant Belle Face Extra\"}]},{\"@type\":\"WebSite\",\"@id\":\"https:\/\/glowpremium.fr\/#website\",\"url\":\"https:\/\/glowpremium.fr\/\",\"name\":\"Glow Premium\",\"description\":\"\",\"publisher\":{\"@id\":\"https:\/\/glowpremium.fr\/#organization\"},\"potentialAction\":[{\"@type\":\"SearchAction\",\"target\":{\"@type\":\"EntryPoint\",\"urlTemplate\":\"https:\/\/glowpremium.fr\/?s={search_term_string}\"},\"query-input\":{\"@type\":\"PropertyValueSpecification\",\"valueRequired\":true,\"valueName\":\"search_term_string\"}}],\"inLanguage\":\"en-GB\"},{\"@type\":\"Organization\",\"@id\":\"https:\/\/glowpremium.fr\/#organization\",\"name\":\"Glow Premium\",\"url\":\"https:\/\/glowpremium.fr\/\",\"logo\":{\"@type\":\"ImageObject\",\"inLanguage\":\"en-GB\",\"@id\":\"https:\/\/glowpremium.fr\/#\/schema\/logo\/image\/\",\"url\":\"https:\/\/glowpremium.fr\/wp-content\/uploads\/2024\/10\/screenshot_20241029_034909_chrome.jpg\",\"contentUrl\":\"https:\/\/glowpremium.fr\/wp-content\/uploads\/2024\/10\/screenshot_20241029_034909_chrome.jpg\",\"width\":866,\"height\":937,\"caption\":\"Glow Premium\"},\"image\":{\"@id\":\"https:\/\/glowpremium.fr\/#\/schema\/logo\/image\/\"}}]}<\/script>\n<!-- \/ Yoast SEO plugin. -->","yoast_head_json":{"title":"Mini Gamme \u00e9claircissant Belle Face Extra - Glow Premium","robots":{"index":"index","follow":"follow","max-snippet":"max-snippet:-1","max-image-preview":"max-image-preview:large","max-video-preview":"max-video-preview:-1"},"canonical":"https:\/\/glowpremium.fr\/en\/lightening-product\/mini-lightening-range-belle-face-extra-2\/","og_locale":"en_GB","og_type":"article","og_title":"Mini Gamme \u00e9claircissant Belle Face Extra - Glow Premium","og_description":"Compte tenue des difficult\u00e9s rencontr\u00e9es par plusieurs personne, homme comme femme \u00e0 r\u00e9soudre de fa\u00e7on d\u00e9finitive les probl\u00e8mes de t\u00e2ches noirs sur les coudes, les paumelles et autres contours des yeux sans oublier l'harmonisation du teint. Nous avons \u00e9labor\u00e9 pour vous et avec une tr\u00e8s grande pr\u00e9cision un concentr\u00e9 et la gamme belle face \u00a0 anti-t\u00e2ches ultra-fort. Ils agissent avec pr\u00e9cision sur la douceur de votre peau. Eradiqu\u00e9 de fa\u00e7on d\u00e9finitive ces diff\u00e9rents maux. Ils vous donne la possibilit\u00e9s de corriger tous les probl\u00e8mes de peaux en 5 jours.Le lait belle face au glutathione bave d\"escargot glutathione, acide de fruit , acides salicylique, extrait de carotte acide kojique, vitamine E est 3 fois plus blanchissant.300ML,","og_url":"https:\/\/glowpremium.fr\/en\/lightening-product\/mini-lightening-range-belle-face-extra-2\/","og_site_name":"Glow Premium","article_modified_time":"2024-10-28T13:36:05+00:00","og_image":[{"width":1600,"height":1446,"url":"https:\/\/glowpremium.fr\/wp-content\/uploads\/2024\/10\/8f499b98-1f50-4dae-98a5-ecf00bacff0c.jpg","type":"image\/jpeg"}],"twitter_card":"summary_large_image","schema":{"@context":"https:\/\/schema.org","@graph":[{"@type":"WebPage","@id":"https:\/\/glowpremium.fr\/produit-eclaircissant\/mini-gamme-eclaircissant-belle-face-extra-2\/","url":"https:\/\/glowpremium.fr\/produit-eclaircissant\/mini-gamme-eclaircissant-belle-face-extra-2\/","name":"Mini Gamme \u00e9claircissant Belle Face Extra - Glow Premium","isPartOf":{"@id":"https:\/\/glowpremium.fr\/#website"},"primaryImageOfPage":{"@id":"https:\/\/glowpremium.fr\/produit-eclaircissant\/mini-gamme-eclaircissant-belle-face-extra-2\/#primaryimage"},"image":{"@id":"https:\/\/glowpremium.fr\/produit-eclaircissant\/mini-gamme-eclaircissant-belle-face-extra-2\/#primaryimage"},"thumbnailUrl":"https:\/\/glowpremium.fr\/wp-content\/uploads\/2024\/10\/8f499b98-1f50-4dae-98a5-ecf00bacff0c.jpg","datePublished":"2024-10-28T13:36:03+00:00","dateModified":"2024-10-28T13:36:05+00:00","breadcrumb":{"@id":"https:\/\/glowpremium.fr\/produit-eclaircissant\/mini-gamme-eclaircissant-belle-face-extra-2\/#breadcrumb"},"inLanguage":"en-GB","potentialAction":[{"@type":"ReadAction","target":["https:\/\/glowpremium.fr\/produit-eclaircissant\/mini-gamme-eclaircissant-belle-face-extra-2\/"]}]},{"@type":"ImageObject","inLanguage":"en-GB","@id":"https:\/\/glowpremium.fr\/produit-eclaircissant\/mini-gamme-eclaircissant-belle-face-extra-2\/#primaryimage","url":"https:\/\/glowpremium.fr\/wp-content\/uploads\/2024\/10\/8f499b98-1f50-4dae-98a5-ecf00bacff0c.jpg","contentUrl":"https:\/\/glowpremium.fr\/wp-content\/uploads\/2024\/10\/8f499b98-1f50-4dae-98a5-ecf00bacff0c.jpg","width":1600,"height":1446},{"@type":"BreadcrumbList","@id":"https:\/\/glowpremium.fr\/produit-eclaircissant\/mini-gamme-eclaircissant-belle-face-extra-2\/#breadcrumb","itemListElement":[{"@type":"ListItem","position":1,"name":"Accueil","item":"https:\/\/glowpremium.fr\/"},{"@type":"ListItem","position":2,"name":"Boutique","item":"https:\/\/glowpremium.fr\/boutique-produits-eclaircissants\/"},{"@type":"ListItem","position":3,"name":"Mini Gamme \u00e9claircissant Belle Face Extra"}]},{"@type":"WebSite","@id":"https:\/\/glowpremium.fr\/#website","url":"https:\/\/glowpremium.fr\/","name":"Glow Premium","description":"","publisher":{"@id":"https:\/\/glowpremium.fr\/#organization"},"potentialAction":[{"@type":"SearchAction","target":{"@type":"EntryPoint","urlTemplate":"https:\/\/glowpremium.fr\/?s={search_term_string}"},"query-input":{"@type":"PropertyValueSpecification","valueRequired":true,"valueName":"search_term_string"}}],"inLanguage":"en-GB"},{"@type":"Organization","@id":"https:\/\/glowpremium.fr\/#organization","name":"Glow Premium","url":"https:\/\/glowpremium.fr\/","logo":{"@type":"ImageObject","inLanguage":"en-GB","@id":"https:\/\/glowpremium.fr\/#\/schema\/logo\/image\/","url":"https:\/\/glowpremium.fr\/wp-content\/uploads\/2024\/10\/screenshot_20241029_034909_chrome.jpg","contentUrl":"https:\/\/glowpremium.fr\/wp-content\/uploads\/2024\/10\/screenshot_20241029_034909_chrome.jpg","width":866,"height":937,"caption":"Glow Premium"},"image":{"@id":"https:\/\/glowpremium.fr\/#\/schema\/logo\/image\/"}}]}},"_links":{"self":[{"href":"https:\/\/glowpremium.fr\/en\/wp-json\/wp\/v2\/product\/6154","targetHints":{"allow":["GET"]}}],"collection":[{"href":"https:\/\/glowpremium.fr\/en\/wp-json\/wp\/v2\/product"}],"about":[{"href":"https:\/\/glowpremium.fr\/en\/wp-json\/wp\/v2\/types\/product"}],"replies":[{"embeddable":true,"href":"https:\/\/glowpremium.fr\/en\/wp-json\/wp\/v2\/comments?post=6154"}],"version-history":[{"count":0,"href":"https:\/\/glowpremium.fr\/en\/wp-json\/wp\/v2\/product\/6154\/revisions"}],"wp:featuredmedia":[{"embeddable":true,"href":"https:\/\/glowpremium.fr\/en\/wp-json\/wp\/v2\/media\/6153"}],"wp:attachment":[{"href":"https:\/\/glowpremium.fr\/en\/wp-json\/wp\/v2\/media?parent=6154"}],"wp:term":[{"taxonomy":"brand","embeddable":true,"href":"https:\/\/glowpremium.fr\/en\/wp-json\/wp\/v2\/etheme_brands?post=6154"},{"taxonomy":"product_brand","embeddable":true,"href":"https:\/\/glowpremium.fr\/en\/wp-json\/wp\/v2\/product_brand?post=6154"},{"taxonomy":"product_cat","embeddable":true,"href":"https:\/\/glowpremium.fr\/en\/wp-json\/wp\/v2\/product_cat?post=6154"},{"taxonomy":"product_tag","embeddable":true,"href":"https:\/\/glowpremium.fr\/en\/wp-json\/wp\/v2\/product_tag?post=6154"}],"curies":[{"name":"wp","href":"https:\/\/api.w.org\/{rel}","templated":true}]}}