{"id":6138,"date":"2024-10-28T14:35:52","date_gmt":"2024-10-28T13:35:52","guid":{"rendered":"https:\/\/glowpremium.fr\/produit-eclaircissant\/lait-eclaircissant-gluta-white-nutri-glow-pro-2\/"},"modified":"2024-11-08T15:16:42","modified_gmt":"2024-11-08T14:16:42","slug":"lait-eclaircissant-gluta-white-nutri-glow-pro-2","status":"publish","type":"product","link":"https:\/\/glowpremium.fr\/en\/lightening-product\/gluta-white-nutri-glow-pro-2-lightening-milk\/","title":{"rendered":"Gluta White Nutri Glow Pro Lightening Milk"},"content":{"rendered":"<p><strong>How to use :<\/strong><\/p>\n<p>Use preferably with an oil or glycerine to prevent skin dryness. Apply evenly to the body 3 times a week. Do NOT apply all over face.<\/p>\n<p><strong>Recommendation:<\/strong><\/p>\n<p>Avoid contact with eyes. Do not use on children under 12. For external use only. Store in a cool, dry place. If irritation occurs, discontinue use.<\/p>\n<p><strong>Composition:<\/strong><\/p>\n<p>Water, collagen ,,glutathione, coenzyme Q10, hyaruronic acid,U VA, UVB, Mineral oil, Ascobic Acid, Sodium, Fragrance, Vitamine A palmitate, Benzyl Benzoate, Lactate, Cinnamal, Citral, Linalool, Arbutin, Ko<\/p>","protected":false},"excerpt":{"rendered":"<p>Gluta white concentrated anti-spot milk with glutathione tablet illuminates, hydrates and brings glow to the appearance of the skin with repairing ingredients and natural vitamins to whiten the skin from face to toe. Nourishing and revitalising plant oils plus glutathione, arbutin, collagen, hyaruronic acid, vitamin c and super brightening ingredients help problem skin regain a flawless radiance. Vitamin-enriched formula specifically treats hyperpigmentation problems, improves the appearance and texture of the skin and brightens the complexion for a rejuvenated appearance.<\/p>","protected":false},"featured_media":6137,"comment_status":"closed","ping_status":"closed","template":"","meta":[],"etheme_brands":[],"product_brand":[],"product_cat":[80,85],"product_tag":[],"class_list":{"0":"post-6138","1":"product","2":"type-product","3":"status-publish","4":"has-post-thumbnail","6":"product_cat-blanchissants-et-eclaircissants","7":"product_cat-laits-eclaircissants","9":"first","10":"instock","11":"shipping-taxable","12":"purchasable","13":"product-type-simple"},"yoast_head":"<!-- This site is optimized with the Yoast SEO plugin v26.7 - https:\/\/yoast.com\/wordpress\/plugins\/seo\/ -->\n<title>Lait \u00e9claircissant Gluta White Nutri Glow Pro - Glow Premium<\/title>\n<meta name=\"description\" content=\"Lait \u00e9claircissant gluta whit nutri glow soins blanchissant produit de d\u00e9pigmentation pour peau noires soins unifiant peau noire et m\u00e9tisse beaut\u00e9 du teint\" \/>\n<meta name=\"robots\" content=\"index, follow, max-snippet:-1, max-image-preview:large, max-video-preview:-1\" \/>\n<link rel=\"canonical\" href=\"https:\/\/glowpremium.fr\/en\/lightening-product\/gluta-white-nutri-glow-pro-2-lightening-milk\/\" \/>\n<meta property=\"og:locale\" content=\"en_GB\" \/>\n<meta property=\"og:type\" content=\"article\" \/>\n<meta property=\"og:title\" content=\"Lait \u00e9claircissant Gluta White Nutri Glow Pro - Glow Premium\" \/>\n<meta property=\"og:description\" content=\"Lait \u00e9claircissant gluta whit nutri glow soins blanchissant produit de d\u00e9pigmentation pour peau noires soins unifiant peau noire et m\u00e9tisse beaut\u00e9 du teint\" \/>\n<meta property=\"og:url\" content=\"https:\/\/glowpremium.fr\/en\/lightening-product\/gluta-white-nutri-glow-pro-2-lightening-milk\/\" \/>\n<meta property=\"og:site_name\" content=\"Glow Premium\" \/>\n<meta property=\"article:modified_time\" content=\"2024-11-08T14:16:42+00:00\" \/>\n<meta property=\"og:image\" content=\"https:\/\/glowpremium.fr\/wp-content\/uploads\/2024\/10\/74e522b3-5afe-4ecb-9432-1819a6ff63cc.jpg\" \/>\n\t<meta property=\"og:image:width\" content=\"1600\" \/>\n\t<meta property=\"og:image:height\" content=\"1488\" \/>\n\t<meta property=\"og:image:type\" content=\"image\/jpeg\" \/>\n<meta name=\"twitter:card\" content=\"summary_large_image\" \/>\n<meta name=\"twitter:label1\" content=\"Estimated reading time\" \/>\n\t<meta name=\"twitter:data1\" content=\"1 minute\" \/>\n<script type=\"application\/ld+json\" class=\"yoast-schema-graph\">{\"@context\":\"https:\/\/schema.org\",\"@graph\":[{\"@type\":\"WebPage\",\"@id\":\"https:\/\/glowpremium.fr\/produit-eclaircissant\/lait-eclaircissant-gluta-white-nutri-glow-pro-2\/\",\"url\":\"https:\/\/glowpremium.fr\/produit-eclaircissant\/lait-eclaircissant-gluta-white-nutri-glow-pro-2\/\",\"name\":\"Lait \u00e9claircissant Gluta White Nutri Glow Pro - Glow Premium\",\"isPartOf\":{\"@id\":\"https:\/\/glowpremium.fr\/#website\"},\"primaryImageOfPage\":{\"@id\":\"https:\/\/glowpremium.fr\/produit-eclaircissant\/lait-eclaircissant-gluta-white-nutri-glow-pro-2\/#primaryimage\"},\"image\":{\"@id\":\"https:\/\/glowpremium.fr\/produit-eclaircissant\/lait-eclaircissant-gluta-white-nutri-glow-pro-2\/#primaryimage\"},\"thumbnailUrl\":\"https:\/\/glowpremium.fr\/wp-content\/uploads\/2024\/10\/74e522b3-5afe-4ecb-9432-1819a6ff63cc.jpg\",\"datePublished\":\"2024-10-28T13:35:52+00:00\",\"dateModified\":\"2024-11-08T14:16:42+00:00\",\"description\":\"Lait \u00e9claircissant gluta whit nutri glow soins blanchissant produit de d\u00e9pigmentation pour peau noires soins unifiant peau noire et m\u00e9tisse beaut\u00e9 du teint\",\"breadcrumb\":{\"@id\":\"https:\/\/glowpremium.fr\/produit-eclaircissant\/lait-eclaircissant-gluta-white-nutri-glow-pro-2\/#breadcrumb\"},\"inLanguage\":\"en-GB\",\"potentialAction\":[{\"@type\":\"ReadAction\",\"target\":[\"https:\/\/glowpremium.fr\/produit-eclaircissant\/lait-eclaircissant-gluta-white-nutri-glow-pro-2\/\"]}]},{\"@type\":\"ImageObject\",\"inLanguage\":\"en-GB\",\"@id\":\"https:\/\/glowpremium.fr\/produit-eclaircissant\/lait-eclaircissant-gluta-white-nutri-glow-pro-2\/#primaryimage\",\"url\":\"https:\/\/glowpremium.fr\/wp-content\/uploads\/2024\/10\/74e522b3-5afe-4ecb-9432-1819a6ff63cc.jpg\",\"contentUrl\":\"https:\/\/glowpremium.fr\/wp-content\/uploads\/2024\/10\/74e522b3-5afe-4ecb-9432-1819a6ff63cc.jpg\",\"width\":1600,\"height\":1488},{\"@type\":\"BreadcrumbList\",\"@id\":\"https:\/\/glowpremium.fr\/produit-eclaircissant\/lait-eclaircissant-gluta-white-nutri-glow-pro-2\/#breadcrumb\",\"itemListElement\":[{\"@type\":\"ListItem\",\"position\":1,\"name\":\"Accueil\",\"item\":\"https:\/\/glowpremium.fr\/\"},{\"@type\":\"ListItem\",\"position\":2,\"name\":\"Boutique\",\"item\":\"https:\/\/glowpremium.fr\/boutique-produits-eclaircissants\/\"},{\"@type\":\"ListItem\",\"position\":3,\"name\":\"Lait \u00e9claircissant Gluta White Nutri Glow Pro\"}]},{\"@type\":\"WebSite\",\"@id\":\"https:\/\/glowpremium.fr\/#website\",\"url\":\"https:\/\/glowpremium.fr\/\",\"name\":\"Glow Premium\",\"description\":\"\",\"publisher\":{\"@id\":\"https:\/\/glowpremium.fr\/#organization\"},\"potentialAction\":[{\"@type\":\"SearchAction\",\"target\":{\"@type\":\"EntryPoint\",\"urlTemplate\":\"https:\/\/glowpremium.fr\/?s={search_term_string}\"},\"query-input\":{\"@type\":\"PropertyValueSpecification\",\"valueRequired\":true,\"valueName\":\"search_term_string\"}}],\"inLanguage\":\"en-GB\"},{\"@type\":\"Organization\",\"@id\":\"https:\/\/glowpremium.fr\/#organization\",\"name\":\"Glow Premium\",\"url\":\"https:\/\/glowpremium.fr\/\",\"logo\":{\"@type\":\"ImageObject\",\"inLanguage\":\"en-GB\",\"@id\":\"https:\/\/glowpremium.fr\/#\/schema\/logo\/image\/\",\"url\":\"https:\/\/glowpremium.fr\/wp-content\/uploads\/2024\/10\/screenshot_20241029_034909_chrome.jpg\",\"contentUrl\":\"https:\/\/glowpremium.fr\/wp-content\/uploads\/2024\/10\/screenshot_20241029_034909_chrome.jpg\",\"width\":866,\"height\":937,\"caption\":\"Glow Premium\"},\"image\":{\"@id\":\"https:\/\/glowpremium.fr\/#\/schema\/logo\/image\/\"}}]}<\/script>\n<!-- \/ Yoast SEO plugin. -->","yoast_head_json":{"title":"Lait \u00e9claircissant Gluta White Nutri Glow Pro - Glow Premium","description":"Lait \u00e9claircissant gluta whit nutri glow soins blanchissant produit de d\u00e9pigmentation pour peau noires soins unifiant peau noire et m\u00e9tisse beaut\u00e9 du teint","robots":{"index":"index","follow":"follow","max-snippet":"max-snippet:-1","max-image-preview":"max-image-preview:large","max-video-preview":"max-video-preview:-1"},"canonical":"https:\/\/glowpremium.fr\/en\/lightening-product\/gluta-white-nutri-glow-pro-2-lightening-milk\/","og_locale":"en_GB","og_type":"article","og_title":"Lait \u00e9claircissant Gluta White Nutri Glow Pro - Glow Premium","og_description":"Lait \u00e9claircissant gluta whit nutri glow soins blanchissant produit de d\u00e9pigmentation pour peau noires soins unifiant peau noire et m\u00e9tisse beaut\u00e9 du teint","og_url":"https:\/\/glowpremium.fr\/en\/lightening-product\/gluta-white-nutri-glow-pro-2-lightening-milk\/","og_site_name":"Glow Premium","article_modified_time":"2024-11-08T14:16:42+00:00","og_image":[{"width":1600,"height":1488,"url":"https:\/\/glowpremium.fr\/wp-content\/uploads\/2024\/10\/74e522b3-5afe-4ecb-9432-1819a6ff63cc.jpg","type":"image\/jpeg"}],"twitter_card":"summary_large_image","twitter_misc":{"Estimated reading time":"1 minute"},"schema":{"@context":"https:\/\/schema.org","@graph":[{"@type":"WebPage","@id":"https:\/\/glowpremium.fr\/produit-eclaircissant\/lait-eclaircissant-gluta-white-nutri-glow-pro-2\/","url":"https:\/\/glowpremium.fr\/produit-eclaircissant\/lait-eclaircissant-gluta-white-nutri-glow-pro-2\/","name":"Lait \u00e9claircissant Gluta White Nutri Glow Pro - Glow Premium","isPartOf":{"@id":"https:\/\/glowpremium.fr\/#website"},"primaryImageOfPage":{"@id":"https:\/\/glowpremium.fr\/produit-eclaircissant\/lait-eclaircissant-gluta-white-nutri-glow-pro-2\/#primaryimage"},"image":{"@id":"https:\/\/glowpremium.fr\/produit-eclaircissant\/lait-eclaircissant-gluta-white-nutri-glow-pro-2\/#primaryimage"},"thumbnailUrl":"https:\/\/glowpremium.fr\/wp-content\/uploads\/2024\/10\/74e522b3-5afe-4ecb-9432-1819a6ff63cc.jpg","datePublished":"2024-10-28T13:35:52+00:00","dateModified":"2024-11-08T14:16:42+00:00","description":"Lait \u00e9claircissant gluta whit nutri glow soins blanchissant produit de d\u00e9pigmentation pour peau noires soins unifiant peau noire et m\u00e9tisse beaut\u00e9 du teint","breadcrumb":{"@id":"https:\/\/glowpremium.fr\/produit-eclaircissant\/lait-eclaircissant-gluta-white-nutri-glow-pro-2\/#breadcrumb"},"inLanguage":"en-GB","potentialAction":[{"@type":"ReadAction","target":["https:\/\/glowpremium.fr\/produit-eclaircissant\/lait-eclaircissant-gluta-white-nutri-glow-pro-2\/"]}]},{"@type":"ImageObject","inLanguage":"en-GB","@id":"https:\/\/glowpremium.fr\/produit-eclaircissant\/lait-eclaircissant-gluta-white-nutri-glow-pro-2\/#primaryimage","url":"https:\/\/glowpremium.fr\/wp-content\/uploads\/2024\/10\/74e522b3-5afe-4ecb-9432-1819a6ff63cc.jpg","contentUrl":"https:\/\/glowpremium.fr\/wp-content\/uploads\/2024\/10\/74e522b3-5afe-4ecb-9432-1819a6ff63cc.jpg","width":1600,"height":1488},{"@type":"BreadcrumbList","@id":"https:\/\/glowpremium.fr\/produit-eclaircissant\/lait-eclaircissant-gluta-white-nutri-glow-pro-2\/#breadcrumb","itemListElement":[{"@type":"ListItem","position":1,"name":"Accueil","item":"https:\/\/glowpremium.fr\/"},{"@type":"ListItem","position":2,"name":"Boutique","item":"https:\/\/glowpremium.fr\/boutique-produits-eclaircissants\/"},{"@type":"ListItem","position":3,"name":"Lait \u00e9claircissant Gluta White Nutri Glow Pro"}]},{"@type":"WebSite","@id":"https:\/\/glowpremium.fr\/#website","url":"https:\/\/glowpremium.fr\/","name":"Glow Premium","description":"","publisher":{"@id":"https:\/\/glowpremium.fr\/#organization"},"potentialAction":[{"@type":"SearchAction","target":{"@type":"EntryPoint","urlTemplate":"https:\/\/glowpremium.fr\/?s={search_term_string}"},"query-input":{"@type":"PropertyValueSpecification","valueRequired":true,"valueName":"search_term_string"}}],"inLanguage":"en-GB"},{"@type":"Organization","@id":"https:\/\/glowpremium.fr\/#organization","name":"Glow Premium","url":"https:\/\/glowpremium.fr\/","logo":{"@type":"ImageObject","inLanguage":"en-GB","@id":"https:\/\/glowpremium.fr\/#\/schema\/logo\/image\/","url":"https:\/\/glowpremium.fr\/wp-content\/uploads\/2024\/10\/screenshot_20241029_034909_chrome.jpg","contentUrl":"https:\/\/glowpremium.fr\/wp-content\/uploads\/2024\/10\/screenshot_20241029_034909_chrome.jpg","width":866,"height":937,"caption":"Glow Premium"},"image":{"@id":"https:\/\/glowpremium.fr\/#\/schema\/logo\/image\/"}}]}},"_links":{"self":[{"href":"https:\/\/glowpremium.fr\/en\/wp-json\/wp\/v2\/product\/6138","targetHints":{"allow":["GET"]}}],"collection":[{"href":"https:\/\/glowpremium.fr\/en\/wp-json\/wp\/v2\/product"}],"about":[{"href":"https:\/\/glowpremium.fr\/en\/wp-json\/wp\/v2\/types\/product"}],"replies":[{"embeddable":true,"href":"https:\/\/glowpremium.fr\/en\/wp-json\/wp\/v2\/comments?post=6138"}],"version-history":[{"count":1,"href":"https:\/\/glowpremium.fr\/en\/wp-json\/wp\/v2\/product\/6138\/revisions"}],"predecessor-version":[{"id":7332,"href":"https:\/\/glowpremium.fr\/en\/wp-json\/wp\/v2\/product\/6138\/revisions\/7332"}],"wp:featuredmedia":[{"embeddable":true,"href":"https:\/\/glowpremium.fr\/en\/wp-json\/wp\/v2\/media\/6137"}],"wp:attachment":[{"href":"https:\/\/glowpremium.fr\/en\/wp-json\/wp\/v2\/media?parent=6138"}],"wp:term":[{"taxonomy":"brand","embeddable":true,"href":"https:\/\/glowpremium.fr\/en\/wp-json\/wp\/v2\/etheme_brands?post=6138"},{"taxonomy":"product_brand","embeddable":true,"href":"https:\/\/glowpremium.fr\/en\/wp-json\/wp\/v2\/product_brand?post=6138"},{"taxonomy":"product_cat","embeddable":true,"href":"https:\/\/glowpremium.fr\/en\/wp-json\/wp\/v2\/product_cat?post=6138"},{"taxonomy":"product_tag","embeddable":true,"href":"https:\/\/glowpremium.fr\/en\/wp-json\/wp\/v2\/product_tag?post=6138"}],"curies":[{"name":"wp","href":"https:\/\/api.w.org\/{rel}","templated":true}]}}