{"id":6132,"date":"2024-10-28T14:35:48","date_gmt":"2024-10-28T13:35:48","guid":{"rendered":"https:\/\/glowpremium.fr\/produit-eclaircissant\/lait-eclaircissant-extreme-shine-carotte-qe-i-2\/"},"modified":"2024-11-08T15:56:08","modified_gmt":"2024-11-08T14:56:08","slug":"lait-eclaircissant-extreme-shine-carotte-qe-i-2","status":"publish","type":"product","link":"https:\/\/glowpremium.fr\/en\/lightening-product\/extreme-shine-lightening-milk-carrot-qe-i-2\/","title":{"rendered":"EXTR\u00caME SHINE Lightening Body Lotion Carrot QE I+"},"content":{"rendered":"<p><strong>How to use :<\/strong><\/p>\n<p>Apply the lotion once or twice a day to skin cleansed with Gentle Shower Gel or Active Efficiency Exfoliating Soap, paying particular attention to the hands, elbows and knees.<\/p>\n<p><strong>Recommendation:<\/strong><\/p>\n<p>For external use only, avoid contact with the eyes, and if irritation occurs, discontinue use. Do not use on children.<\/p>\n<p><strong>Composition:<\/strong><\/p>\n<p>Aqua (Water), Glyceryl, stearate, Glycerin, isopropal Myristate, Cetearyl alcohol, Petrolatum, Parfum (Fragrance), Sodium lactate, Dipropylene glycol, Betula alba leaf extract, Citrus limon peel extract, Morus nigra leaf extract, Glycyrrhiza glabra root extract, Sambucus nigra flower extract, Tilia tomentosa extract, Potassium sorbate, Daucus carota sativa root extract, Tocopheryl acetate, Sodium benzoat, Ethylhe methoxycinnamate, Linalool, Benzyl salicylate, Benzylbenzoate, Amyl cinnamal, Geraniol, Henyl cinnamal, Isoeugenol, limonene, Benzyl alcohol, Allantoin, Ascorbic acid, citric acid, Sodium lauryl sulfate, Sodium metabisulfite,Disodium edta Methyparaben Propylparaben, Sodium hydroxide, BHT.<\/p>","protected":false},"excerpt":{"rendered":"<p>Ever more innovative in its creations, QEI+ has created the must-have <strong>lightening body lotion<\/strong> Extreme Shine at <strong>carrot extract <\/strong>that will sublimate your body.<\/p>\n<p>Its fantastic active plant ingredients, with their lightening properties, will restore <strong>your skin corrected and evened out<\/strong>...day after day, your skin will be back to normal. <strong>Radiant and illuminated. 500ML<\/strong><\/p>","protected":false},"featured_media":6091,"comment_status":"closed","ping_status":"closed","template":"","meta":[],"etheme_brands":[],"product_brand":[],"product_cat":[80,85],"product_tag":[],"class_list":{"0":"post-6132","1":"product","2":"type-product","3":"status-publish","4":"has-post-thumbnail","6":"product_cat-blanchissants-et-eclaircissants","7":"product_cat-laits-eclaircissants","9":"first","10":"instock","11":"shipping-taxable","12":"purchasable","13":"product-type-simple"},"yoast_head":"<!-- This site is optimized with the Yoast SEO plugin v26.7 - https:\/\/yoast.com\/wordpress\/plugins\/seo\/ -->\n<title>Lait \u00e9claircissant EXTR\u00caME SHINE Carotte QE I+ - Glow Premium<\/title>\n<meta name=\"description\" content=\"Lait \u00e9claircissant extr\u00eame shine produit d\u00e9pigmentant pour peau noire et m\u00e9tisse cosm\u00e9tique pour blanchiment de la peau beaut\u00e9 anti-t\u00e2ches uniformise\" \/>\n<meta name=\"robots\" content=\"index, follow, max-snippet:-1, max-image-preview:large, max-video-preview:-1\" \/>\n<link rel=\"canonical\" href=\"https:\/\/glowpremium.fr\/en\/lightening-product\/extreme-shine-lightening-milk-carrot-qe-i-2\/\" \/>\n<meta property=\"og:locale\" content=\"en_GB\" \/>\n<meta property=\"og:type\" content=\"article\" \/>\n<meta property=\"og:title\" content=\"Lait \u00e9claircissant EXTR\u00caME SHINE Carotte QE I+ - Glow Premium\" \/>\n<meta property=\"og:description\" content=\"Lait \u00e9claircissant extr\u00eame shine produit d\u00e9pigmentant pour peau noire et m\u00e9tisse cosm\u00e9tique pour blanchiment de la peau beaut\u00e9 anti-t\u00e2ches uniformise\" \/>\n<meta property=\"og:url\" content=\"https:\/\/glowpremium.fr\/en\/lightening-product\/extreme-shine-lightening-milk-carrot-qe-i-2\/\" \/>\n<meta property=\"og:site_name\" content=\"Glow Premium\" \/>\n<meta property=\"article:modified_time\" content=\"2024-11-08T14:56:08+00:00\" \/>\n<meta property=\"og:image\" content=\"https:\/\/glowpremium.fr\/wp-content\/uploads\/2024\/10\/Capture-decran-2022-06-15-a-21.30.32.png\" \/>\n\t<meta property=\"og:image:width\" content=\"406\" \/>\n\t<meta property=\"og:image:height\" content=\"430\" \/>\n\t<meta property=\"og:image:type\" content=\"image\/png\" \/>\n<meta name=\"twitter:card\" content=\"summary_large_image\" \/>\n<meta name=\"twitter:label1\" content=\"Estimated reading time\" \/>\n\t<meta name=\"twitter:data1\" content=\"1 minute\" \/>\n<script type=\"application\/ld+json\" class=\"yoast-schema-graph\">{\"@context\":\"https:\/\/schema.org\",\"@graph\":[{\"@type\":\"WebPage\",\"@id\":\"https:\/\/glowpremium.fr\/produit-eclaircissant\/lait-eclaircissant-extreme-shine-carotte-qe-i-2\/\",\"url\":\"https:\/\/glowpremium.fr\/produit-eclaircissant\/lait-eclaircissant-extreme-shine-carotte-qe-i-2\/\",\"name\":\"Lait \u00e9claircissant EXTR\u00caME SHINE Carotte QE I+ - Glow Premium\",\"isPartOf\":{\"@id\":\"https:\/\/glowpremium.fr\/#website\"},\"primaryImageOfPage\":{\"@id\":\"https:\/\/glowpremium.fr\/produit-eclaircissant\/lait-eclaircissant-extreme-shine-carotte-qe-i-2\/#primaryimage\"},\"image\":{\"@id\":\"https:\/\/glowpremium.fr\/produit-eclaircissant\/lait-eclaircissant-extreme-shine-carotte-qe-i-2\/#primaryimage\"},\"thumbnailUrl\":\"https:\/\/glowpremium.fr\/wp-content\/uploads\/2024\/10\/Capture-decran-2022-06-15-a-21.30.32.png\",\"datePublished\":\"2024-10-28T13:35:48+00:00\",\"dateModified\":\"2024-11-08T14:56:08+00:00\",\"description\":\"Lait \u00e9claircissant extr\u00eame shine produit d\u00e9pigmentant pour peau noire et m\u00e9tisse cosm\u00e9tique pour blanchiment de la peau beaut\u00e9 anti-t\u00e2ches uniformise\",\"breadcrumb\":{\"@id\":\"https:\/\/glowpremium.fr\/produit-eclaircissant\/lait-eclaircissant-extreme-shine-carotte-qe-i-2\/#breadcrumb\"},\"inLanguage\":\"en-GB\",\"potentialAction\":[{\"@type\":\"ReadAction\",\"target\":[\"https:\/\/glowpremium.fr\/produit-eclaircissant\/lait-eclaircissant-extreme-shine-carotte-qe-i-2\/\"]}]},{\"@type\":\"ImageObject\",\"inLanguage\":\"en-GB\",\"@id\":\"https:\/\/glowpremium.fr\/produit-eclaircissant\/lait-eclaircissant-extreme-shine-carotte-qe-i-2\/#primaryimage\",\"url\":\"https:\/\/glowpremium.fr\/wp-content\/uploads\/2024\/10\/Capture-decran-2022-06-15-a-21.30.32.png\",\"contentUrl\":\"https:\/\/glowpremium.fr\/wp-content\/uploads\/2024\/10\/Capture-decran-2022-06-15-a-21.30.32.png\",\"width\":406,\"height\":430},{\"@type\":\"BreadcrumbList\",\"@id\":\"https:\/\/glowpremium.fr\/produit-eclaircissant\/lait-eclaircissant-extreme-shine-carotte-qe-i-2\/#breadcrumb\",\"itemListElement\":[{\"@type\":\"ListItem\",\"position\":1,\"name\":\"Accueil\",\"item\":\"https:\/\/glowpremium.fr\/\"},{\"@type\":\"ListItem\",\"position\":2,\"name\":\"Boutique\",\"item\":\"https:\/\/glowpremium.fr\/boutique-produits-eclaircissants\/\"},{\"@type\":\"ListItem\",\"position\":3,\"name\":\"Lait \u00e9claircissant EXTR\u00caME SHINE Carotte QE I+\"}]},{\"@type\":\"WebSite\",\"@id\":\"https:\/\/glowpremium.fr\/#website\",\"url\":\"https:\/\/glowpremium.fr\/\",\"name\":\"Glow Premium\",\"description\":\"\",\"publisher\":{\"@id\":\"https:\/\/glowpremium.fr\/#organization\"},\"potentialAction\":[{\"@type\":\"SearchAction\",\"target\":{\"@type\":\"EntryPoint\",\"urlTemplate\":\"https:\/\/glowpremium.fr\/?s={search_term_string}\"},\"query-input\":{\"@type\":\"PropertyValueSpecification\",\"valueRequired\":true,\"valueName\":\"search_term_string\"}}],\"inLanguage\":\"en-GB\"},{\"@type\":\"Organization\",\"@id\":\"https:\/\/glowpremium.fr\/#organization\",\"name\":\"Glow Premium\",\"url\":\"https:\/\/glowpremium.fr\/\",\"logo\":{\"@type\":\"ImageObject\",\"inLanguage\":\"en-GB\",\"@id\":\"https:\/\/glowpremium.fr\/#\/schema\/logo\/image\/\",\"url\":\"https:\/\/glowpremium.fr\/wp-content\/uploads\/2024\/10\/screenshot_20241029_034909_chrome.jpg\",\"contentUrl\":\"https:\/\/glowpremium.fr\/wp-content\/uploads\/2024\/10\/screenshot_20241029_034909_chrome.jpg\",\"width\":866,\"height\":937,\"caption\":\"Glow Premium\"},\"image\":{\"@id\":\"https:\/\/glowpremium.fr\/#\/schema\/logo\/image\/\"}}]}<\/script>\n<!-- \/ Yoast SEO plugin. -->","yoast_head_json":{"title":"Lait \u00e9claircissant EXTR\u00caME SHINE Carotte QE I+ - Glow Premium","description":"Lait \u00e9claircissant extr\u00eame shine produit d\u00e9pigmentant pour peau noire et m\u00e9tisse cosm\u00e9tique pour blanchiment de la peau beaut\u00e9 anti-t\u00e2ches uniformise","robots":{"index":"index","follow":"follow","max-snippet":"max-snippet:-1","max-image-preview":"max-image-preview:large","max-video-preview":"max-video-preview:-1"},"canonical":"https:\/\/glowpremium.fr\/en\/lightening-product\/extreme-shine-lightening-milk-carrot-qe-i-2\/","og_locale":"en_GB","og_type":"article","og_title":"Lait \u00e9claircissant EXTR\u00caME SHINE Carotte QE I+ - Glow Premium","og_description":"Lait \u00e9claircissant extr\u00eame shine produit d\u00e9pigmentant pour peau noire et m\u00e9tisse cosm\u00e9tique pour blanchiment de la peau beaut\u00e9 anti-t\u00e2ches uniformise","og_url":"https:\/\/glowpremium.fr\/en\/lightening-product\/extreme-shine-lightening-milk-carrot-qe-i-2\/","og_site_name":"Glow Premium","article_modified_time":"2024-11-08T14:56:08+00:00","og_image":[{"width":406,"height":430,"url":"https:\/\/glowpremium.fr\/wp-content\/uploads\/2024\/10\/Capture-decran-2022-06-15-a-21.30.32.png","type":"image\/png"}],"twitter_card":"summary_large_image","twitter_misc":{"Estimated reading time":"1 minute"},"schema":{"@context":"https:\/\/schema.org","@graph":[{"@type":"WebPage","@id":"https:\/\/glowpremium.fr\/produit-eclaircissant\/lait-eclaircissant-extreme-shine-carotte-qe-i-2\/","url":"https:\/\/glowpremium.fr\/produit-eclaircissant\/lait-eclaircissant-extreme-shine-carotte-qe-i-2\/","name":"Lait \u00e9claircissant EXTR\u00caME SHINE Carotte QE I+ - Glow Premium","isPartOf":{"@id":"https:\/\/glowpremium.fr\/#website"},"primaryImageOfPage":{"@id":"https:\/\/glowpremium.fr\/produit-eclaircissant\/lait-eclaircissant-extreme-shine-carotte-qe-i-2\/#primaryimage"},"image":{"@id":"https:\/\/glowpremium.fr\/produit-eclaircissant\/lait-eclaircissant-extreme-shine-carotte-qe-i-2\/#primaryimage"},"thumbnailUrl":"https:\/\/glowpremium.fr\/wp-content\/uploads\/2024\/10\/Capture-decran-2022-06-15-a-21.30.32.png","datePublished":"2024-10-28T13:35:48+00:00","dateModified":"2024-11-08T14:56:08+00:00","description":"Lait \u00e9claircissant extr\u00eame shine produit d\u00e9pigmentant pour peau noire et m\u00e9tisse cosm\u00e9tique pour blanchiment de la peau beaut\u00e9 anti-t\u00e2ches uniformise","breadcrumb":{"@id":"https:\/\/glowpremium.fr\/produit-eclaircissant\/lait-eclaircissant-extreme-shine-carotte-qe-i-2\/#breadcrumb"},"inLanguage":"en-GB","potentialAction":[{"@type":"ReadAction","target":["https:\/\/glowpremium.fr\/produit-eclaircissant\/lait-eclaircissant-extreme-shine-carotte-qe-i-2\/"]}]},{"@type":"ImageObject","inLanguage":"en-GB","@id":"https:\/\/glowpremium.fr\/produit-eclaircissant\/lait-eclaircissant-extreme-shine-carotte-qe-i-2\/#primaryimage","url":"https:\/\/glowpremium.fr\/wp-content\/uploads\/2024\/10\/Capture-decran-2022-06-15-a-21.30.32.png","contentUrl":"https:\/\/glowpremium.fr\/wp-content\/uploads\/2024\/10\/Capture-decran-2022-06-15-a-21.30.32.png","width":406,"height":430},{"@type":"BreadcrumbList","@id":"https:\/\/glowpremium.fr\/produit-eclaircissant\/lait-eclaircissant-extreme-shine-carotte-qe-i-2\/#breadcrumb","itemListElement":[{"@type":"ListItem","position":1,"name":"Accueil","item":"https:\/\/glowpremium.fr\/"},{"@type":"ListItem","position":2,"name":"Boutique","item":"https:\/\/glowpremium.fr\/boutique-produits-eclaircissants\/"},{"@type":"ListItem","position":3,"name":"Lait \u00e9claircissant EXTR\u00caME SHINE Carotte QE I+"}]},{"@type":"WebSite","@id":"https:\/\/glowpremium.fr\/#website","url":"https:\/\/glowpremium.fr\/","name":"Glow Premium","description":"","publisher":{"@id":"https:\/\/glowpremium.fr\/#organization"},"potentialAction":[{"@type":"SearchAction","target":{"@type":"EntryPoint","urlTemplate":"https:\/\/glowpremium.fr\/?s={search_term_string}"},"query-input":{"@type":"PropertyValueSpecification","valueRequired":true,"valueName":"search_term_string"}}],"inLanguage":"en-GB"},{"@type":"Organization","@id":"https:\/\/glowpremium.fr\/#organization","name":"Glow Premium","url":"https:\/\/glowpremium.fr\/","logo":{"@type":"ImageObject","inLanguage":"en-GB","@id":"https:\/\/glowpremium.fr\/#\/schema\/logo\/image\/","url":"https:\/\/glowpremium.fr\/wp-content\/uploads\/2024\/10\/screenshot_20241029_034909_chrome.jpg","contentUrl":"https:\/\/glowpremium.fr\/wp-content\/uploads\/2024\/10\/screenshot_20241029_034909_chrome.jpg","width":866,"height":937,"caption":"Glow Premium"},"image":{"@id":"https:\/\/glowpremium.fr\/#\/schema\/logo\/image\/"}}]}},"_links":{"self":[{"href":"https:\/\/glowpremium.fr\/en\/wp-json\/wp\/v2\/product\/6132","targetHints":{"allow":["GET"]}}],"collection":[{"href":"https:\/\/glowpremium.fr\/en\/wp-json\/wp\/v2\/product"}],"about":[{"href":"https:\/\/glowpremium.fr\/en\/wp-json\/wp\/v2\/types\/product"}],"replies":[{"embeddable":true,"href":"https:\/\/glowpremium.fr\/en\/wp-json\/wp\/v2\/comments?post=6132"}],"version-history":[{"count":1,"href":"https:\/\/glowpremium.fr\/en\/wp-json\/wp\/v2\/product\/6132\/revisions"}],"predecessor-version":[{"id":7334,"href":"https:\/\/glowpremium.fr\/en\/wp-json\/wp\/v2\/product\/6132\/revisions\/7334"}],"wp:featuredmedia":[{"embeddable":true,"href":"https:\/\/glowpremium.fr\/en\/wp-json\/wp\/v2\/media\/6091"}],"wp:attachment":[{"href":"https:\/\/glowpremium.fr\/en\/wp-json\/wp\/v2\/media?parent=6132"}],"wp:term":[{"taxonomy":"brand","embeddable":true,"href":"https:\/\/glowpremium.fr\/en\/wp-json\/wp\/v2\/etheme_brands?post=6132"},{"taxonomy":"product_brand","embeddable":true,"href":"https:\/\/glowpremium.fr\/en\/wp-json\/wp\/v2\/product_brand?post=6132"},{"taxonomy":"product_cat","embeddable":true,"href":"https:\/\/glowpremium.fr\/en\/wp-json\/wp\/v2\/product_cat?post=6132"},{"taxonomy":"product_tag","embeddable":true,"href":"https:\/\/glowpremium.fr\/en\/wp-json\/wp\/v2\/product_tag?post=6132"}],"curies":[{"name":"wp","href":"https:\/\/api.w.org\/{rel}","templated":true}]}}