{"id":6117,"date":"2024-10-28T14:35:42","date_gmt":"2024-10-28T13:35:42","guid":{"rendered":"https:\/\/glowpremium.fr\/produit-eclaircissant\/savon-noir-africain-exfoliant-dudu-osun-2\/"},"modified":"2024-11-09T04:11:23","modified_gmt":"2024-11-09T03:11:23","slug":"savon-noir-africain-exfoliant-dudu-osun-2","status":"publish","type":"product","link":"https:\/\/glowpremium.fr\/en\/lightening-product\/dudu-osun-exfoliating-african-black-soap-2\/","title":{"rendered":"Dudu Osun Natural African Black Soap Exfoliating Perfector"},"content":{"rendered":"<p><strong>How to use :<\/strong><\/p>\n<p>To use, apply to dampened skin, leave to work, rinse thoroughly with warm water and rub in with a kessa glove.<\/p>\n<p><strong>Recommendation:<\/strong><\/p>\n<p>Store in a dry place, away from light and heat. In the event of contact with eyes, rinse immediately. For external use only. Do not swallow. Keep out of reach of children.<\/p>\n<p><strong>Composition:<\/strong><\/p>\n<p>Shea butter, Cocoa butter.<\/p>","protected":false},"excerpt":{"rendered":"<p>Our unique African black soap is safe for your face, hands and whole body. Our African black soap is commonly used to improve skin tone. It specialises in the overall improvement of your skin thanks to its exfoliating, cleansing and healing properties.<\/p>","protected":false},"featured_media":6116,"comment_status":"closed","ping_status":"closed","template":"","meta":[],"etheme_brands":[],"product_brand":[],"product_cat":[80,87],"product_tag":[],"class_list":{"0":"post-6117","1":"product","2":"type-product","3":"status-publish","4":"has-post-thumbnail","6":"product_cat-blanchissants-et-eclaircissants","7":"product_cat-savons-eclaircissants","9":"first","10":"instock","11":"shipping-taxable","12":"purchasable","13":"product-type-simple"},"yoast_head":"<!-- This site is optimized with the Yoast SEO plugin v26.7 - https:\/\/yoast.com\/wordpress\/plugins\/seo\/ -->\n<title>Savon noir africain exfoliant Perfecteur Dudu Osun naturelle - Glow Premium<\/title>\n<meta name=\"description\" content=\"\u00c9claircissant pour peaux fonc\u00e9es Soin \u00e9claircissant pour peaux m\u00e9tiss\u00e9es Produit de d\u00e9pigmentation pour peaux noires \u00e9claircissant pour peaux melan\u00e9es\" \/>\n<meta name=\"robots\" content=\"index, follow, max-snippet:-1, max-image-preview:large, max-video-preview:-1\" \/>\n<link rel=\"canonical\" href=\"https:\/\/glowpremium.fr\/en\/lightening-product\/dudu-osun-exfoliating-african-black-soap-2\/\" \/>\n<meta property=\"og:locale\" content=\"en_GB\" \/>\n<meta property=\"og:type\" content=\"article\" \/>\n<meta property=\"og:title\" content=\"Savon noir africain exfoliant Perfecteur Dudu Osun naturelle - Glow Premium\" \/>\n<meta property=\"og:description\" content=\"\u00c9claircissant pour peaux fonc\u00e9es Soin \u00e9claircissant pour peaux m\u00e9tiss\u00e9es Produit de d\u00e9pigmentation pour peaux noires \u00e9claircissant pour peaux melan\u00e9es\" \/>\n<meta property=\"og:url\" content=\"https:\/\/glowpremium.fr\/en\/lightening-product\/dudu-osun-exfoliating-african-black-soap-2\/\" \/>\n<meta property=\"og:site_name\" content=\"Glow Premium\" \/>\n<meta property=\"article:modified_time\" content=\"2024-11-09T03:11:23+00:00\" \/>\n<meta property=\"og:image\" content=\"https:\/\/glowpremium.fr\/wp-content\/uploads\/2024\/10\/IMG_4916.jpg\" \/>\n\t<meta property=\"og:image:width\" content=\"617\" \/>\n\t<meta property=\"og:image:height\" content=\"658\" \/>\n\t<meta property=\"og:image:type\" content=\"image\/jpeg\" \/>\n<meta name=\"twitter:card\" content=\"summary_large_image\" \/>\n<meta name=\"twitter:label1\" content=\"Estimated reading time\" \/>\n\t<meta name=\"twitter:data1\" content=\"1 minute\" \/>\n<script type=\"application\/ld+json\" class=\"yoast-schema-graph\">{\"@context\":\"https:\/\/schema.org\",\"@graph\":[{\"@type\":\"WebPage\",\"@id\":\"https:\/\/glowpremium.fr\/produit-eclaircissant\/savon-noir-africain-exfoliant-dudu-osun-2\/\",\"url\":\"https:\/\/glowpremium.fr\/produit-eclaircissant\/savon-noir-africain-exfoliant-dudu-osun-2\/\",\"name\":\"Savon noir africain exfoliant Perfecteur Dudu Osun naturelle - Glow Premium\",\"isPartOf\":{\"@id\":\"https:\/\/glowpremium.fr\/#website\"},\"primaryImageOfPage\":{\"@id\":\"https:\/\/glowpremium.fr\/produit-eclaircissant\/savon-noir-africain-exfoliant-dudu-osun-2\/#primaryimage\"},\"image\":{\"@id\":\"https:\/\/glowpremium.fr\/produit-eclaircissant\/savon-noir-africain-exfoliant-dudu-osun-2\/#primaryimage\"},\"thumbnailUrl\":\"https:\/\/glowpremium.fr\/wp-content\/uploads\/2024\/10\/IMG_4916.jpg\",\"datePublished\":\"2024-10-28T13:35:42+00:00\",\"dateModified\":\"2024-11-09T03:11:23+00:00\",\"description\":\"\u00c9claircissant pour peaux fonc\u00e9es Soin \u00e9claircissant pour peaux m\u00e9tiss\u00e9es Produit de d\u00e9pigmentation pour peaux noires \u00e9claircissant pour peaux melan\u00e9es\",\"breadcrumb\":{\"@id\":\"https:\/\/glowpremium.fr\/produit-eclaircissant\/savon-noir-africain-exfoliant-dudu-osun-2\/#breadcrumb\"},\"inLanguage\":\"en-GB\",\"potentialAction\":[{\"@type\":\"ReadAction\",\"target\":[\"https:\/\/glowpremium.fr\/produit-eclaircissant\/savon-noir-africain-exfoliant-dudu-osun-2\/\"]}]},{\"@type\":\"ImageObject\",\"inLanguage\":\"en-GB\",\"@id\":\"https:\/\/glowpremium.fr\/produit-eclaircissant\/savon-noir-africain-exfoliant-dudu-osun-2\/#primaryimage\",\"url\":\"https:\/\/glowpremium.fr\/wp-content\/uploads\/2024\/10\/IMG_4916.jpg\",\"contentUrl\":\"https:\/\/glowpremium.fr\/wp-content\/uploads\/2024\/10\/IMG_4916.jpg\",\"width\":617,\"height\":658},{\"@type\":\"BreadcrumbList\",\"@id\":\"https:\/\/glowpremium.fr\/produit-eclaircissant\/savon-noir-africain-exfoliant-dudu-osun-2\/#breadcrumb\",\"itemListElement\":[{\"@type\":\"ListItem\",\"position\":1,\"name\":\"Accueil\",\"item\":\"https:\/\/glowpremium.fr\/\"},{\"@type\":\"ListItem\",\"position\":2,\"name\":\"Boutique\",\"item\":\"https:\/\/glowpremium.fr\/boutique-produits-eclaircissants\/\"},{\"@type\":\"ListItem\",\"position\":3,\"name\":\"Savon noir africain exfoliant Perfecteur Dudu Osun naturelle\"}]},{\"@type\":\"WebSite\",\"@id\":\"https:\/\/glowpremium.fr\/#website\",\"url\":\"https:\/\/glowpremium.fr\/\",\"name\":\"Glow Premium\",\"description\":\"\",\"publisher\":{\"@id\":\"https:\/\/glowpremium.fr\/#organization\"},\"potentialAction\":[{\"@type\":\"SearchAction\",\"target\":{\"@type\":\"EntryPoint\",\"urlTemplate\":\"https:\/\/glowpremium.fr\/?s={search_term_string}\"},\"query-input\":{\"@type\":\"PropertyValueSpecification\",\"valueRequired\":true,\"valueName\":\"search_term_string\"}}],\"inLanguage\":\"en-GB\"},{\"@type\":\"Organization\",\"@id\":\"https:\/\/glowpremium.fr\/#organization\",\"name\":\"Glow Premium\",\"url\":\"https:\/\/glowpremium.fr\/\",\"logo\":{\"@type\":\"ImageObject\",\"inLanguage\":\"en-GB\",\"@id\":\"https:\/\/glowpremium.fr\/#\/schema\/logo\/image\/\",\"url\":\"https:\/\/glowpremium.fr\/wp-content\/uploads\/2024\/10\/screenshot_20241029_034909_chrome.jpg\",\"contentUrl\":\"https:\/\/glowpremium.fr\/wp-content\/uploads\/2024\/10\/screenshot_20241029_034909_chrome.jpg\",\"width\":866,\"height\":937,\"caption\":\"Glow Premium\"},\"image\":{\"@id\":\"https:\/\/glowpremium.fr\/#\/schema\/logo\/image\/\"}}]}<\/script>\n<!-- \/ Yoast SEO plugin. -->","yoast_head_json":{"title":"Savon noir africain exfoliant Perfecteur Dudu Osun naturelle - Glow Premium","description":"\u00c9claircissant pour peaux fonc\u00e9es Soin \u00e9claircissant pour peaux m\u00e9tiss\u00e9es Produit de d\u00e9pigmentation pour peaux noires \u00e9claircissant pour peaux melan\u00e9es","robots":{"index":"index","follow":"follow","max-snippet":"max-snippet:-1","max-image-preview":"max-image-preview:large","max-video-preview":"max-video-preview:-1"},"canonical":"https:\/\/glowpremium.fr\/en\/lightening-product\/dudu-osun-exfoliating-african-black-soap-2\/","og_locale":"en_GB","og_type":"article","og_title":"Savon noir africain exfoliant Perfecteur Dudu Osun naturelle - Glow Premium","og_description":"\u00c9claircissant pour peaux fonc\u00e9es Soin \u00e9claircissant pour peaux m\u00e9tiss\u00e9es Produit de d\u00e9pigmentation pour peaux noires \u00e9claircissant pour peaux melan\u00e9es","og_url":"https:\/\/glowpremium.fr\/en\/lightening-product\/dudu-osun-exfoliating-african-black-soap-2\/","og_site_name":"Glow Premium","article_modified_time":"2024-11-09T03:11:23+00:00","og_image":[{"width":617,"height":658,"url":"https:\/\/glowpremium.fr\/wp-content\/uploads\/2024\/10\/IMG_4916.jpg","type":"image\/jpeg"}],"twitter_card":"summary_large_image","twitter_misc":{"Estimated reading time":"1 minute"},"schema":{"@context":"https:\/\/schema.org","@graph":[{"@type":"WebPage","@id":"https:\/\/glowpremium.fr\/produit-eclaircissant\/savon-noir-africain-exfoliant-dudu-osun-2\/","url":"https:\/\/glowpremium.fr\/produit-eclaircissant\/savon-noir-africain-exfoliant-dudu-osun-2\/","name":"Savon noir africain exfoliant Perfecteur Dudu Osun naturelle - Glow Premium","isPartOf":{"@id":"https:\/\/glowpremium.fr\/#website"},"primaryImageOfPage":{"@id":"https:\/\/glowpremium.fr\/produit-eclaircissant\/savon-noir-africain-exfoliant-dudu-osun-2\/#primaryimage"},"image":{"@id":"https:\/\/glowpremium.fr\/produit-eclaircissant\/savon-noir-africain-exfoliant-dudu-osun-2\/#primaryimage"},"thumbnailUrl":"https:\/\/glowpremium.fr\/wp-content\/uploads\/2024\/10\/IMG_4916.jpg","datePublished":"2024-10-28T13:35:42+00:00","dateModified":"2024-11-09T03:11:23+00:00","description":"\u00c9claircissant pour peaux fonc\u00e9es Soin \u00e9claircissant pour peaux m\u00e9tiss\u00e9es Produit de d\u00e9pigmentation pour peaux noires \u00e9claircissant pour peaux melan\u00e9es","breadcrumb":{"@id":"https:\/\/glowpremium.fr\/produit-eclaircissant\/savon-noir-africain-exfoliant-dudu-osun-2\/#breadcrumb"},"inLanguage":"en-GB","potentialAction":[{"@type":"ReadAction","target":["https:\/\/glowpremium.fr\/produit-eclaircissant\/savon-noir-africain-exfoliant-dudu-osun-2\/"]}]},{"@type":"ImageObject","inLanguage":"en-GB","@id":"https:\/\/glowpremium.fr\/produit-eclaircissant\/savon-noir-africain-exfoliant-dudu-osun-2\/#primaryimage","url":"https:\/\/glowpremium.fr\/wp-content\/uploads\/2024\/10\/IMG_4916.jpg","contentUrl":"https:\/\/glowpremium.fr\/wp-content\/uploads\/2024\/10\/IMG_4916.jpg","width":617,"height":658},{"@type":"BreadcrumbList","@id":"https:\/\/glowpremium.fr\/produit-eclaircissant\/savon-noir-africain-exfoliant-dudu-osun-2\/#breadcrumb","itemListElement":[{"@type":"ListItem","position":1,"name":"Accueil","item":"https:\/\/glowpremium.fr\/"},{"@type":"ListItem","position":2,"name":"Boutique","item":"https:\/\/glowpremium.fr\/boutique-produits-eclaircissants\/"},{"@type":"ListItem","position":3,"name":"Savon noir africain exfoliant Perfecteur Dudu Osun naturelle"}]},{"@type":"WebSite","@id":"https:\/\/glowpremium.fr\/#website","url":"https:\/\/glowpremium.fr\/","name":"Glow Premium","description":"","publisher":{"@id":"https:\/\/glowpremium.fr\/#organization"},"potentialAction":[{"@type":"SearchAction","target":{"@type":"EntryPoint","urlTemplate":"https:\/\/glowpremium.fr\/?s={search_term_string}"},"query-input":{"@type":"PropertyValueSpecification","valueRequired":true,"valueName":"search_term_string"}}],"inLanguage":"en-GB"},{"@type":"Organization","@id":"https:\/\/glowpremium.fr\/#organization","name":"Glow Premium","url":"https:\/\/glowpremium.fr\/","logo":{"@type":"ImageObject","inLanguage":"en-GB","@id":"https:\/\/glowpremium.fr\/#\/schema\/logo\/image\/","url":"https:\/\/glowpremium.fr\/wp-content\/uploads\/2024\/10\/screenshot_20241029_034909_chrome.jpg","contentUrl":"https:\/\/glowpremium.fr\/wp-content\/uploads\/2024\/10\/screenshot_20241029_034909_chrome.jpg","width":866,"height":937,"caption":"Glow Premium"},"image":{"@id":"https:\/\/glowpremium.fr\/#\/schema\/logo\/image\/"}}]}},"_links":{"self":[{"href":"https:\/\/glowpremium.fr\/en\/wp-json\/wp\/v2\/product\/6117","targetHints":{"allow":["GET"]}}],"collection":[{"href":"https:\/\/glowpremium.fr\/en\/wp-json\/wp\/v2\/product"}],"about":[{"href":"https:\/\/glowpremium.fr\/en\/wp-json\/wp\/v2\/types\/product"}],"replies":[{"embeddable":true,"href":"https:\/\/glowpremium.fr\/en\/wp-json\/wp\/v2\/comments?post=6117"}],"version-history":[{"count":2,"href":"https:\/\/glowpremium.fr\/en\/wp-json\/wp\/v2\/product\/6117\/revisions"}],"predecessor-version":[{"id":7343,"href":"https:\/\/glowpremium.fr\/en\/wp-json\/wp\/v2\/product\/6117\/revisions\/7343"}],"wp:featuredmedia":[{"embeddable":true,"href":"https:\/\/glowpremium.fr\/en\/wp-json\/wp\/v2\/media\/6116"}],"wp:attachment":[{"href":"https:\/\/glowpremium.fr\/en\/wp-json\/wp\/v2\/media?parent=6117"}],"wp:term":[{"taxonomy":"brand","embeddable":true,"href":"https:\/\/glowpremium.fr\/en\/wp-json\/wp\/v2\/etheme_brands?post=6117"},{"taxonomy":"product_brand","embeddable":true,"href":"https:\/\/glowpremium.fr\/en\/wp-json\/wp\/v2\/product_brand?post=6117"},{"taxonomy":"product_cat","embeddable":true,"href":"https:\/\/glowpremium.fr\/en\/wp-json\/wp\/v2\/product_cat?post=6117"},{"taxonomy":"product_tag","embeddable":true,"href":"https:\/\/glowpremium.fr\/en\/wp-json\/wp\/v2\/product_tag?post=6117"}],"curies":[{"name":"wp","href":"https:\/\/api.w.org\/{rel}","templated":true}]}}