{"id":6112,"date":"2024-10-28T14:35:40","date_gmt":"2024-10-28T13:35:40","guid":{"rendered":"https:\/\/glowpremium.fr\/produit-eclaircissant\/gamme-eclaircissant-qei-carotte-harmonie-2\/"},"modified":"2024-11-09T04:24:12","modified_gmt":"2024-11-09T03:24:12","slug":"gamme-eclaircissant-qei-carotte-harmonie-2","status":"publish","type":"product","link":"https:\/\/glowpremium.fr\/en\/lightening-product\/whitening-range-qei-carrot-harmony-2\/","title":{"rendered":"QEI+ Carrot Harmonie Repair Lightening range"},"content":{"rendered":"<p><strong>How to use :<\/strong><br \/>\nOn cleansed, dry skin, apply Harmonie Lightening Body Lotion all over the body once or twice a day. Massage lightly to ensure rapid absorption, paying particular attention to the hands, elbows and knees.<br \/>\n<strong>Recommendation:<\/strong><br \/>\nFor external use only. If irritation occurs, discontinue use immediately.<br \/>\n<strong>Composition:<\/strong><br \/>\nQUA, GLYCERYL STEARATE, ISOPROPYL PALMITATE, GLYCERIN, GLYCYRRHIZA GLABRA (LICORICE) ROOT EXTRACT, CETEARYL ALCOHOL, PARFUM, PETROLATUM, ASPERGILLUS FERMENT, SODIUM LACTATE, SODIUM LAURYL SULFATE, ETHYLHEXYL METHOXYCINNAMATE, ETHOXYDIGLYCOL, SODIUM METABISULFITE, ASCORBIC ACID, METHYLPARABEN, LINALOOL, BENZYL SALICYLATE, ALPHA - ISOMETHYL IONONE, ALLANTOIN, DISODIUM EDTA, P-CHLORO-M-CRESOL, PROPYLPARABEN, LACTIC ACID, CITRONELLOL, DAUCUS CAROTA SATIVA ROOT EXTRACT, BUTYLPHENYL METHYLPROPIONAL, BENZYL BENZOATE, SODIUM HYDROXIDE, GERANIOL, AMYL CINNAMAL, SORBIC ACID, HEXYL CINNAMAL, ISOEUGENOL, EUGENOL, POTASSIUM SORBATE, SODIUM BENZOATE, LIMONENE, BENZYL ALCOHOL, BHT.<\/p>","protected":false},"excerpt":{"rendered":"<p>The Harmonie Carotte QEI+ Lightening range is a cosmetic treatment for the body. It is specially formulated for black, dark and mixed-race skin, which is often prone to pigmentation problems. This anti-spot treatment helps to reduce hyperpigmentation due to excessive melanin production. It is an effective treatment for naturally lightening the skin and evening out the complexion over the long term.<br \/>\nRich in vitamins, carrots act as a skin barrier and protect the epidermis. A real ally in combating dullness, carrots are renowned for illuminating the skin. This skin-lightening cream leaves the skin moisturised, protected, supple and radiant.<\/p>","protected":false},"featured_media":6111,"comment_status":"closed","ping_status":"closed","template":"","meta":[],"etheme_brands":[],"product_brand":[],"product_cat":[80,82],"product_tag":[],"class_list":{"0":"post-6112","1":"product","2":"type-product","3":"status-publish","4":"has-post-thumbnail","6":"product_cat-blanchissants-et-eclaircissants","7":"product_cat-gammes-eclaircissantes","9":"first","10":"instock","11":"shipping-taxable","12":"purchasable","13":"product-type-simple"},"yoast_head":"<!-- This site is optimized with the Yoast SEO plugin v26.7 - https:\/\/yoast.com\/wordpress\/plugins\/seo\/ -->\n<title>Gamme \u00e9claircissant QEI+ Carotte Harmonie R\u00e9parateur - Glow Premium<\/title>\n<meta name=\"description\" content=\"\u00c9claircissant pour peaux fonc\u00e9e Soin \u00e9claircissant pour peaux m\u00e9tiss\u00e9esProduit de d\u00e9pigmentation pour peaux noiresl ait \u00e9claircissant pour peaux melan\u00e9es\" \/>\n<meta name=\"robots\" content=\"index, follow, max-snippet:-1, max-image-preview:large, max-video-preview:-1\" \/>\n<link rel=\"canonical\" href=\"https:\/\/glowpremium.fr\/en\/lightening-product\/whitening-range-qei-carrot-harmony-2\/\" \/>\n<meta property=\"og:locale\" content=\"en_GB\" \/>\n<meta property=\"og:type\" content=\"article\" \/>\n<meta property=\"og:title\" content=\"Gamme \u00e9claircissant QEI+ Carotte Harmonie R\u00e9parateur - Glow Premium\" \/>\n<meta property=\"og:description\" content=\"\u00c9claircissant pour peaux fonc\u00e9e Soin \u00e9claircissant pour peaux m\u00e9tiss\u00e9esProduit de d\u00e9pigmentation pour peaux noiresl ait \u00e9claircissant pour peaux melan\u00e9es\" \/>\n<meta property=\"og:url\" content=\"https:\/\/glowpremium.fr\/en\/lightening-product\/whitening-range-qei-carrot-harmony-2\/\" \/>\n<meta property=\"og:site_name\" content=\"Glow Premium\" \/>\n<meta property=\"article:modified_time\" content=\"2024-11-09T03:24:12+00:00\" \/>\n<meta property=\"og:image\" content=\"https:\/\/glowpremium.fr\/wp-content\/uploads\/2024\/10\/Capture-decran-2022-06-17-a-23.12.13.png\" \/>\n\t<meta property=\"og:image:width\" content=\"355\" \/>\n\t<meta property=\"og:image:height\" content=\"389\" \/>\n\t<meta property=\"og:image:type\" content=\"image\/png\" \/>\n<meta name=\"twitter:card\" content=\"summary_large_image\" \/>\n<meta name=\"twitter:label1\" content=\"Estimated reading time\" \/>\n\t<meta name=\"twitter:data1\" content=\"1 minute\" \/>\n<script type=\"application\/ld+json\" class=\"yoast-schema-graph\">{\"@context\":\"https:\/\/schema.org\",\"@graph\":[{\"@type\":\"WebPage\",\"@id\":\"https:\/\/glowpremium.fr\/produit-eclaircissant\/gamme-eclaircissant-qei-carotte-harmonie-2\/\",\"url\":\"https:\/\/glowpremium.fr\/produit-eclaircissant\/gamme-eclaircissant-qei-carotte-harmonie-2\/\",\"name\":\"Gamme \u00e9claircissant QEI+ Carotte Harmonie R\u00e9parateur - Glow Premium\",\"isPartOf\":{\"@id\":\"https:\/\/glowpremium.fr\/#website\"},\"primaryImageOfPage\":{\"@id\":\"https:\/\/glowpremium.fr\/produit-eclaircissant\/gamme-eclaircissant-qei-carotte-harmonie-2\/#primaryimage\"},\"image\":{\"@id\":\"https:\/\/glowpremium.fr\/produit-eclaircissant\/gamme-eclaircissant-qei-carotte-harmonie-2\/#primaryimage\"},\"thumbnailUrl\":\"https:\/\/glowpremium.fr\/wp-content\/uploads\/2024\/10\/Capture-decran-2022-06-17-a-23.12.13.png\",\"datePublished\":\"2024-10-28T13:35:40+00:00\",\"dateModified\":\"2024-11-09T03:24:12+00:00\",\"description\":\"\u00c9claircissant pour peaux fonc\u00e9e Soin \u00e9claircissant pour peaux m\u00e9tiss\u00e9esProduit de d\u00e9pigmentation pour peaux noiresl ait \u00e9claircissant pour peaux melan\u00e9es\",\"breadcrumb\":{\"@id\":\"https:\/\/glowpremium.fr\/produit-eclaircissant\/gamme-eclaircissant-qei-carotte-harmonie-2\/#breadcrumb\"},\"inLanguage\":\"en-GB\",\"potentialAction\":[{\"@type\":\"ReadAction\",\"target\":[\"https:\/\/glowpremium.fr\/produit-eclaircissant\/gamme-eclaircissant-qei-carotte-harmonie-2\/\"]}]},{\"@type\":\"ImageObject\",\"inLanguage\":\"en-GB\",\"@id\":\"https:\/\/glowpremium.fr\/produit-eclaircissant\/gamme-eclaircissant-qei-carotte-harmonie-2\/#primaryimage\",\"url\":\"https:\/\/glowpremium.fr\/wp-content\/uploads\/2024\/10\/Capture-decran-2022-06-17-a-23.12.13.png\",\"contentUrl\":\"https:\/\/glowpremium.fr\/wp-content\/uploads\/2024\/10\/Capture-decran-2022-06-17-a-23.12.13.png\",\"width\":355,\"height\":389},{\"@type\":\"BreadcrumbList\",\"@id\":\"https:\/\/glowpremium.fr\/produit-eclaircissant\/gamme-eclaircissant-qei-carotte-harmonie-2\/#breadcrumb\",\"itemListElement\":[{\"@type\":\"ListItem\",\"position\":1,\"name\":\"Accueil\",\"item\":\"https:\/\/glowpremium.fr\/\"},{\"@type\":\"ListItem\",\"position\":2,\"name\":\"Boutique\",\"item\":\"https:\/\/glowpremium.fr\/boutique-produits-eclaircissants\/\"},{\"@type\":\"ListItem\",\"position\":3,\"name\":\"Gamme \u00e9claircissant QEI+ Carotte Harmonie R\u00e9parateur\"}]},{\"@type\":\"WebSite\",\"@id\":\"https:\/\/glowpremium.fr\/#website\",\"url\":\"https:\/\/glowpremium.fr\/\",\"name\":\"Glow Premium\",\"description\":\"\",\"publisher\":{\"@id\":\"https:\/\/glowpremium.fr\/#organization\"},\"potentialAction\":[{\"@type\":\"SearchAction\",\"target\":{\"@type\":\"EntryPoint\",\"urlTemplate\":\"https:\/\/glowpremium.fr\/?s={search_term_string}\"},\"query-input\":{\"@type\":\"PropertyValueSpecification\",\"valueRequired\":true,\"valueName\":\"search_term_string\"}}],\"inLanguage\":\"en-GB\"},{\"@type\":\"Organization\",\"@id\":\"https:\/\/glowpremium.fr\/#organization\",\"name\":\"Glow Premium\",\"url\":\"https:\/\/glowpremium.fr\/\",\"logo\":{\"@type\":\"ImageObject\",\"inLanguage\":\"en-GB\",\"@id\":\"https:\/\/glowpremium.fr\/#\/schema\/logo\/image\/\",\"url\":\"https:\/\/glowpremium.fr\/wp-content\/uploads\/2024\/10\/screenshot_20241029_034909_chrome.jpg\",\"contentUrl\":\"https:\/\/glowpremium.fr\/wp-content\/uploads\/2024\/10\/screenshot_20241029_034909_chrome.jpg\",\"width\":866,\"height\":937,\"caption\":\"Glow Premium\"},\"image\":{\"@id\":\"https:\/\/glowpremium.fr\/#\/schema\/logo\/image\/\"}}]}<\/script>\n<!-- \/ Yoast SEO plugin. -->","yoast_head_json":{"title":"Gamme \u00e9claircissant QEI+ Carotte Harmonie R\u00e9parateur - Glow Premium","description":"\u00c9claircissant pour peaux fonc\u00e9e Soin \u00e9claircissant pour peaux m\u00e9tiss\u00e9esProduit de d\u00e9pigmentation pour peaux noiresl ait \u00e9claircissant pour peaux melan\u00e9es","robots":{"index":"index","follow":"follow","max-snippet":"max-snippet:-1","max-image-preview":"max-image-preview:large","max-video-preview":"max-video-preview:-1"},"canonical":"https:\/\/glowpremium.fr\/en\/lightening-product\/whitening-range-qei-carrot-harmony-2\/","og_locale":"en_GB","og_type":"article","og_title":"Gamme \u00e9claircissant QEI+ Carotte Harmonie R\u00e9parateur - Glow Premium","og_description":"\u00c9claircissant pour peaux fonc\u00e9e Soin \u00e9claircissant pour peaux m\u00e9tiss\u00e9esProduit de d\u00e9pigmentation pour peaux noiresl ait \u00e9claircissant pour peaux melan\u00e9es","og_url":"https:\/\/glowpremium.fr\/en\/lightening-product\/whitening-range-qei-carrot-harmony-2\/","og_site_name":"Glow Premium","article_modified_time":"2024-11-09T03:24:12+00:00","og_image":[{"width":355,"height":389,"url":"https:\/\/glowpremium.fr\/wp-content\/uploads\/2024\/10\/Capture-decran-2022-06-17-a-23.12.13.png","type":"image\/png"}],"twitter_card":"summary_large_image","twitter_misc":{"Estimated reading time":"1 minute"},"schema":{"@context":"https:\/\/schema.org","@graph":[{"@type":"WebPage","@id":"https:\/\/glowpremium.fr\/produit-eclaircissant\/gamme-eclaircissant-qei-carotte-harmonie-2\/","url":"https:\/\/glowpremium.fr\/produit-eclaircissant\/gamme-eclaircissant-qei-carotte-harmonie-2\/","name":"Gamme \u00e9claircissant QEI+ Carotte Harmonie R\u00e9parateur - Glow Premium","isPartOf":{"@id":"https:\/\/glowpremium.fr\/#website"},"primaryImageOfPage":{"@id":"https:\/\/glowpremium.fr\/produit-eclaircissant\/gamme-eclaircissant-qei-carotte-harmonie-2\/#primaryimage"},"image":{"@id":"https:\/\/glowpremium.fr\/produit-eclaircissant\/gamme-eclaircissant-qei-carotte-harmonie-2\/#primaryimage"},"thumbnailUrl":"https:\/\/glowpremium.fr\/wp-content\/uploads\/2024\/10\/Capture-decran-2022-06-17-a-23.12.13.png","datePublished":"2024-10-28T13:35:40+00:00","dateModified":"2024-11-09T03:24:12+00:00","description":"\u00c9claircissant pour peaux fonc\u00e9e Soin \u00e9claircissant pour peaux m\u00e9tiss\u00e9esProduit de d\u00e9pigmentation pour peaux noiresl ait \u00e9claircissant pour peaux melan\u00e9es","breadcrumb":{"@id":"https:\/\/glowpremium.fr\/produit-eclaircissant\/gamme-eclaircissant-qei-carotte-harmonie-2\/#breadcrumb"},"inLanguage":"en-GB","potentialAction":[{"@type":"ReadAction","target":["https:\/\/glowpremium.fr\/produit-eclaircissant\/gamme-eclaircissant-qei-carotte-harmonie-2\/"]}]},{"@type":"ImageObject","inLanguage":"en-GB","@id":"https:\/\/glowpremium.fr\/produit-eclaircissant\/gamme-eclaircissant-qei-carotte-harmonie-2\/#primaryimage","url":"https:\/\/glowpremium.fr\/wp-content\/uploads\/2024\/10\/Capture-decran-2022-06-17-a-23.12.13.png","contentUrl":"https:\/\/glowpremium.fr\/wp-content\/uploads\/2024\/10\/Capture-decran-2022-06-17-a-23.12.13.png","width":355,"height":389},{"@type":"BreadcrumbList","@id":"https:\/\/glowpremium.fr\/produit-eclaircissant\/gamme-eclaircissant-qei-carotte-harmonie-2\/#breadcrumb","itemListElement":[{"@type":"ListItem","position":1,"name":"Accueil","item":"https:\/\/glowpremium.fr\/"},{"@type":"ListItem","position":2,"name":"Boutique","item":"https:\/\/glowpremium.fr\/boutique-produits-eclaircissants\/"},{"@type":"ListItem","position":3,"name":"Gamme \u00e9claircissant QEI+ Carotte Harmonie R\u00e9parateur"}]},{"@type":"WebSite","@id":"https:\/\/glowpremium.fr\/#website","url":"https:\/\/glowpremium.fr\/","name":"Glow Premium","description":"","publisher":{"@id":"https:\/\/glowpremium.fr\/#organization"},"potentialAction":[{"@type":"SearchAction","target":{"@type":"EntryPoint","urlTemplate":"https:\/\/glowpremium.fr\/?s={search_term_string}"},"query-input":{"@type":"PropertyValueSpecification","valueRequired":true,"valueName":"search_term_string"}}],"inLanguage":"en-GB"},{"@type":"Organization","@id":"https:\/\/glowpremium.fr\/#organization","name":"Glow Premium","url":"https:\/\/glowpremium.fr\/","logo":{"@type":"ImageObject","inLanguage":"en-GB","@id":"https:\/\/glowpremium.fr\/#\/schema\/logo\/image\/","url":"https:\/\/glowpremium.fr\/wp-content\/uploads\/2024\/10\/screenshot_20241029_034909_chrome.jpg","contentUrl":"https:\/\/glowpremium.fr\/wp-content\/uploads\/2024\/10\/screenshot_20241029_034909_chrome.jpg","width":866,"height":937,"caption":"Glow Premium"},"image":{"@id":"https:\/\/glowpremium.fr\/#\/schema\/logo\/image\/"}}]}},"_links":{"self":[{"href":"https:\/\/glowpremium.fr\/en\/wp-json\/wp\/v2\/product\/6112","targetHints":{"allow":["GET"]}}],"collection":[{"href":"https:\/\/glowpremium.fr\/en\/wp-json\/wp\/v2\/product"}],"about":[{"href":"https:\/\/glowpremium.fr\/en\/wp-json\/wp\/v2\/types\/product"}],"replies":[{"embeddable":true,"href":"https:\/\/glowpremium.fr\/en\/wp-json\/wp\/v2\/comments?post=6112"}],"version-history":[{"count":2,"href":"https:\/\/glowpremium.fr\/en\/wp-json\/wp\/v2\/product\/6112\/revisions"}],"predecessor-version":[{"id":7347,"href":"https:\/\/glowpremium.fr\/en\/wp-json\/wp\/v2\/product\/6112\/revisions\/7347"}],"wp:featuredmedia":[{"embeddable":true,"href":"https:\/\/glowpremium.fr\/en\/wp-json\/wp\/v2\/media\/6111"}],"wp:attachment":[{"href":"https:\/\/glowpremium.fr\/en\/wp-json\/wp\/v2\/media?parent=6112"}],"wp:term":[{"taxonomy":"brand","embeddable":true,"href":"https:\/\/glowpremium.fr\/en\/wp-json\/wp\/v2\/etheme_brands?post=6112"},{"taxonomy":"product_brand","embeddable":true,"href":"https:\/\/glowpremium.fr\/en\/wp-json\/wp\/v2\/product_brand?post=6112"},{"taxonomy":"product_cat","embeddable":true,"href":"https:\/\/glowpremium.fr\/en\/wp-json\/wp\/v2\/product_cat?post=6112"},{"taxonomy":"product_tag","embeddable":true,"href":"https:\/\/glowpremium.fr\/en\/wp-json\/wp\/v2\/product_tag?post=6112"}],"curies":[{"name":"wp","href":"https:\/\/api.w.org\/{rel}","templated":true}]}}