{"id":6096,"date":"2024-10-28T14:35:31","date_gmt":"2024-10-28T13:35:31","guid":{"rendered":"https:\/\/glowpremium.fr\/produit-eclaircissant\/savon-et-serum-eclaircissant-ower-white-2\/"},"modified":"2024-11-09T05:05:11","modified_gmt":"2024-11-09T04:05:11","slug":"savon-et-serum-eclaircissant-ower-white-2","status":"publish","type":"product","link":"https:\/\/glowpremium.fr\/en\/lightening-product\/ower-white-2-lightening-soap-and-serum\/","title":{"rendered":"Ower white Very Lightening Soap and Serum"},"content":{"rendered":"<p><strong>How to use :<\/strong><\/p>\n<p>Use all over the body and especially on areas of skin with imperfections, massaging until completely absorbed.<\/p>\n<p><strong>Recommendation:<\/strong><\/p>\n<p>Suitable for all skin types.<\/p>\n<p>Avoid contact with eyes.<\/p>\n<p>Keep out of reach of children.<\/p>\n<p>Do not expose to sunlight.<\/p>\n<p><strong>Composition:<\/strong><\/p>\n<p>Apricot, sodium, citric acid, glycerine, essential oils.<\/p>","protected":false},"excerpt":{"rendered":"<p>The Over White Paris lightening soap and serum were specially designed for problem skin.<\/p>\n<p>Thanks to the exfoliating properties of apricot kernels, they thoroughly cleanse the epidermis, giving you a pure, even complexion.<\/p>\n<p>They also treat acne and its scars.<\/p>\n<p><em>Over White soap :\u00a0<\/em><\/p>\n<p><strong>200 g<\/strong><\/p>\n<p><em>Ower White Serum :\u00a0<\/em><\/p>\n<p><strong>60 ml<\/strong><\/p>\n<p>&nbsp;<\/p>\n<p>&nbsp;<\/p>","protected":false},"featured_media":6095,"comment_status":"closed","ping_status":"closed","template":"","meta":[],"etheme_brands":[],"product_brand":[],"product_cat":[80,82],"product_tag":[],"class_list":{"0":"post-6096","1":"product","2":"type-product","3":"status-publish","4":"has-post-thumbnail","6":"product_cat-blanchissants-et-eclaircissants","7":"product_cat-gammes-eclaircissantes","9":"first","10":"instock","11":"shipping-taxable","12":"purchasable","13":"product-type-simple"},"yoast_head":"<!-- This site is optimized with the Yoast SEO plugin v26.7 - https:\/\/yoast.com\/wordpress\/plugins\/seo\/ -->\n<title>Savon et S\u00e9rum Tr\u00e8s \u00e9claircissant Ower white - Glow Premium<\/title>\n<meta name=\"description\" content=\"\u00c9claircissant pour peaux fonc\u00e9esSoin \u00e9claircissant pour peaux m\u00e9tiss\u00e9es Produit de d\u00e9pigmentation pour peaux noires S\u00e9rum \u00e9claircissant pour peaux melan\u00e9es\" \/>\n<meta name=\"robots\" content=\"index, follow, max-snippet:-1, max-image-preview:large, max-video-preview:-1\" \/>\n<link rel=\"canonical\" href=\"https:\/\/glowpremium.fr\/en\/lightening-product\/ower-white-2-lightening-soap-and-serum\/\" \/>\n<meta property=\"og:locale\" content=\"en_GB\" \/>\n<meta property=\"og:type\" content=\"article\" \/>\n<meta property=\"og:title\" content=\"Savon et S\u00e9rum Tr\u00e8s \u00e9claircissant Ower white - Glow Premium\" \/>\n<meta property=\"og:description\" content=\"\u00c9claircissant pour peaux fonc\u00e9esSoin \u00e9claircissant pour peaux m\u00e9tiss\u00e9es Produit de d\u00e9pigmentation pour peaux noires S\u00e9rum \u00e9claircissant pour peaux melan\u00e9es\" \/>\n<meta property=\"og:url\" content=\"https:\/\/glowpremium.fr\/en\/lightening-product\/ower-white-2-lightening-soap-and-serum\/\" \/>\n<meta property=\"og:site_name\" content=\"Glow Premium\" \/>\n<meta property=\"article:modified_time\" content=\"2024-11-09T04:05:11+00:00\" \/>\n<meta property=\"og:image\" content=\"https:\/\/glowpremium.fr\/wp-content\/uploads\/2024\/10\/5f621f2a-5828-4051-a882-217d29a31ad1.jpg\" \/>\n\t<meta property=\"og:image:width\" content=\"1600\" \/>\n\t<meta property=\"og:image:height\" content=\"1460\" \/>\n\t<meta property=\"og:image:type\" content=\"image\/jpeg\" \/>\n<meta name=\"twitter:card\" content=\"summary_large_image\" \/>\n<meta name=\"twitter:label1\" content=\"Estimated reading time\" \/>\n\t<meta name=\"twitter:data1\" content=\"1 minute\" \/>\n<script type=\"application\/ld+json\" class=\"yoast-schema-graph\">{\"@context\":\"https:\/\/schema.org\",\"@graph\":[{\"@type\":\"WebPage\",\"@id\":\"https:\/\/glowpremium.fr\/produit-eclaircissant\/savon-et-serum-eclaircissant-ower-white-2\/\",\"url\":\"https:\/\/glowpremium.fr\/produit-eclaircissant\/savon-et-serum-eclaircissant-ower-white-2\/\",\"name\":\"Savon et S\u00e9rum Tr\u00e8s \u00e9claircissant Ower white - Glow Premium\",\"isPartOf\":{\"@id\":\"https:\/\/glowpremium.fr\/#website\"},\"primaryImageOfPage\":{\"@id\":\"https:\/\/glowpremium.fr\/produit-eclaircissant\/savon-et-serum-eclaircissant-ower-white-2\/#primaryimage\"},\"image\":{\"@id\":\"https:\/\/glowpremium.fr\/produit-eclaircissant\/savon-et-serum-eclaircissant-ower-white-2\/#primaryimage\"},\"thumbnailUrl\":\"https:\/\/glowpremium.fr\/wp-content\/uploads\/2024\/10\/5f621f2a-5828-4051-a882-217d29a31ad1.jpg\",\"datePublished\":\"2024-10-28T13:35:31+00:00\",\"dateModified\":\"2024-11-09T04:05:11+00:00\",\"description\":\"\u00c9claircissant pour peaux fonc\u00e9esSoin \u00e9claircissant pour peaux m\u00e9tiss\u00e9es Produit de d\u00e9pigmentation pour peaux noires S\u00e9rum \u00e9claircissant pour peaux melan\u00e9es\",\"breadcrumb\":{\"@id\":\"https:\/\/glowpremium.fr\/produit-eclaircissant\/savon-et-serum-eclaircissant-ower-white-2\/#breadcrumb\"},\"inLanguage\":\"en-GB\",\"potentialAction\":[{\"@type\":\"ReadAction\",\"target\":[\"https:\/\/glowpremium.fr\/produit-eclaircissant\/savon-et-serum-eclaircissant-ower-white-2\/\"]}]},{\"@type\":\"ImageObject\",\"inLanguage\":\"en-GB\",\"@id\":\"https:\/\/glowpremium.fr\/produit-eclaircissant\/savon-et-serum-eclaircissant-ower-white-2\/#primaryimage\",\"url\":\"https:\/\/glowpremium.fr\/wp-content\/uploads\/2024\/10\/5f621f2a-5828-4051-a882-217d29a31ad1.jpg\",\"contentUrl\":\"https:\/\/glowpremium.fr\/wp-content\/uploads\/2024\/10\/5f621f2a-5828-4051-a882-217d29a31ad1.jpg\",\"width\":1600,\"height\":1460},{\"@type\":\"BreadcrumbList\",\"@id\":\"https:\/\/glowpremium.fr\/produit-eclaircissant\/savon-et-serum-eclaircissant-ower-white-2\/#breadcrumb\",\"itemListElement\":[{\"@type\":\"ListItem\",\"position\":1,\"name\":\"Accueil\",\"item\":\"https:\/\/glowpremium.fr\/\"},{\"@type\":\"ListItem\",\"position\":2,\"name\":\"Boutique\",\"item\":\"https:\/\/glowpremium.fr\/boutique-produits-eclaircissants\/\"},{\"@type\":\"ListItem\",\"position\":3,\"name\":\"Savon et S\u00e9rum Tr\u00e8s \u00e9claircissant Ower white\"}]},{\"@type\":\"WebSite\",\"@id\":\"https:\/\/glowpremium.fr\/#website\",\"url\":\"https:\/\/glowpremium.fr\/\",\"name\":\"Glow Premium\",\"description\":\"\",\"publisher\":{\"@id\":\"https:\/\/glowpremium.fr\/#organization\"},\"potentialAction\":[{\"@type\":\"SearchAction\",\"target\":{\"@type\":\"EntryPoint\",\"urlTemplate\":\"https:\/\/glowpremium.fr\/?s={search_term_string}\"},\"query-input\":{\"@type\":\"PropertyValueSpecification\",\"valueRequired\":true,\"valueName\":\"search_term_string\"}}],\"inLanguage\":\"en-GB\"},{\"@type\":\"Organization\",\"@id\":\"https:\/\/glowpremium.fr\/#organization\",\"name\":\"Glow Premium\",\"url\":\"https:\/\/glowpremium.fr\/\",\"logo\":{\"@type\":\"ImageObject\",\"inLanguage\":\"en-GB\",\"@id\":\"https:\/\/glowpremium.fr\/#\/schema\/logo\/image\/\",\"url\":\"https:\/\/glowpremium.fr\/wp-content\/uploads\/2024\/10\/screenshot_20241029_034909_chrome.jpg\",\"contentUrl\":\"https:\/\/glowpremium.fr\/wp-content\/uploads\/2024\/10\/screenshot_20241029_034909_chrome.jpg\",\"width\":866,\"height\":937,\"caption\":\"Glow Premium\"},\"image\":{\"@id\":\"https:\/\/glowpremium.fr\/#\/schema\/logo\/image\/\"}}]}<\/script>\n<!-- \/ Yoast SEO plugin. -->","yoast_head_json":{"title":"Savon et S\u00e9rum Tr\u00e8s \u00e9claircissant Ower white - Glow Premium","description":"\u00c9claircissant pour peaux fonc\u00e9esSoin \u00e9claircissant pour peaux m\u00e9tiss\u00e9es Produit de d\u00e9pigmentation pour peaux noires S\u00e9rum \u00e9claircissant pour peaux melan\u00e9es","robots":{"index":"index","follow":"follow","max-snippet":"max-snippet:-1","max-image-preview":"max-image-preview:large","max-video-preview":"max-video-preview:-1"},"canonical":"https:\/\/glowpremium.fr\/en\/lightening-product\/ower-white-2-lightening-soap-and-serum\/","og_locale":"en_GB","og_type":"article","og_title":"Savon et S\u00e9rum Tr\u00e8s \u00e9claircissant Ower white - Glow Premium","og_description":"\u00c9claircissant pour peaux fonc\u00e9esSoin \u00e9claircissant pour peaux m\u00e9tiss\u00e9es Produit de d\u00e9pigmentation pour peaux noires S\u00e9rum \u00e9claircissant pour peaux melan\u00e9es","og_url":"https:\/\/glowpremium.fr\/en\/lightening-product\/ower-white-2-lightening-soap-and-serum\/","og_site_name":"Glow Premium","article_modified_time":"2024-11-09T04:05:11+00:00","og_image":[{"width":1600,"height":1460,"url":"https:\/\/glowpremium.fr\/wp-content\/uploads\/2024\/10\/5f621f2a-5828-4051-a882-217d29a31ad1.jpg","type":"image\/jpeg"}],"twitter_card":"summary_large_image","twitter_misc":{"Estimated reading time":"1 minute"},"schema":{"@context":"https:\/\/schema.org","@graph":[{"@type":"WebPage","@id":"https:\/\/glowpremium.fr\/produit-eclaircissant\/savon-et-serum-eclaircissant-ower-white-2\/","url":"https:\/\/glowpremium.fr\/produit-eclaircissant\/savon-et-serum-eclaircissant-ower-white-2\/","name":"Savon et S\u00e9rum Tr\u00e8s \u00e9claircissant Ower white - Glow Premium","isPartOf":{"@id":"https:\/\/glowpremium.fr\/#website"},"primaryImageOfPage":{"@id":"https:\/\/glowpremium.fr\/produit-eclaircissant\/savon-et-serum-eclaircissant-ower-white-2\/#primaryimage"},"image":{"@id":"https:\/\/glowpremium.fr\/produit-eclaircissant\/savon-et-serum-eclaircissant-ower-white-2\/#primaryimage"},"thumbnailUrl":"https:\/\/glowpremium.fr\/wp-content\/uploads\/2024\/10\/5f621f2a-5828-4051-a882-217d29a31ad1.jpg","datePublished":"2024-10-28T13:35:31+00:00","dateModified":"2024-11-09T04:05:11+00:00","description":"\u00c9claircissant pour peaux fonc\u00e9esSoin \u00e9claircissant pour peaux m\u00e9tiss\u00e9es Produit de d\u00e9pigmentation pour peaux noires S\u00e9rum \u00e9claircissant pour peaux melan\u00e9es","breadcrumb":{"@id":"https:\/\/glowpremium.fr\/produit-eclaircissant\/savon-et-serum-eclaircissant-ower-white-2\/#breadcrumb"},"inLanguage":"en-GB","potentialAction":[{"@type":"ReadAction","target":["https:\/\/glowpremium.fr\/produit-eclaircissant\/savon-et-serum-eclaircissant-ower-white-2\/"]}]},{"@type":"ImageObject","inLanguage":"en-GB","@id":"https:\/\/glowpremium.fr\/produit-eclaircissant\/savon-et-serum-eclaircissant-ower-white-2\/#primaryimage","url":"https:\/\/glowpremium.fr\/wp-content\/uploads\/2024\/10\/5f621f2a-5828-4051-a882-217d29a31ad1.jpg","contentUrl":"https:\/\/glowpremium.fr\/wp-content\/uploads\/2024\/10\/5f621f2a-5828-4051-a882-217d29a31ad1.jpg","width":1600,"height":1460},{"@type":"BreadcrumbList","@id":"https:\/\/glowpremium.fr\/produit-eclaircissant\/savon-et-serum-eclaircissant-ower-white-2\/#breadcrumb","itemListElement":[{"@type":"ListItem","position":1,"name":"Accueil","item":"https:\/\/glowpremium.fr\/"},{"@type":"ListItem","position":2,"name":"Boutique","item":"https:\/\/glowpremium.fr\/boutique-produits-eclaircissants\/"},{"@type":"ListItem","position":3,"name":"Savon et S\u00e9rum Tr\u00e8s \u00e9claircissant Ower white"}]},{"@type":"WebSite","@id":"https:\/\/glowpremium.fr\/#website","url":"https:\/\/glowpremium.fr\/","name":"Glow Premium","description":"","publisher":{"@id":"https:\/\/glowpremium.fr\/#organization"},"potentialAction":[{"@type":"SearchAction","target":{"@type":"EntryPoint","urlTemplate":"https:\/\/glowpremium.fr\/?s={search_term_string}"},"query-input":{"@type":"PropertyValueSpecification","valueRequired":true,"valueName":"search_term_string"}}],"inLanguage":"en-GB"},{"@type":"Organization","@id":"https:\/\/glowpremium.fr\/#organization","name":"Glow Premium","url":"https:\/\/glowpremium.fr\/","logo":{"@type":"ImageObject","inLanguage":"en-GB","@id":"https:\/\/glowpremium.fr\/#\/schema\/logo\/image\/","url":"https:\/\/glowpremium.fr\/wp-content\/uploads\/2024\/10\/screenshot_20241029_034909_chrome.jpg","contentUrl":"https:\/\/glowpremium.fr\/wp-content\/uploads\/2024\/10\/screenshot_20241029_034909_chrome.jpg","width":866,"height":937,"caption":"Glow Premium"},"image":{"@id":"https:\/\/glowpremium.fr\/#\/schema\/logo\/image\/"}}]}},"_links":{"self":[{"href":"https:\/\/glowpremium.fr\/en\/wp-json\/wp\/v2\/product\/6096","targetHints":{"allow":["GET"]}}],"collection":[{"href":"https:\/\/glowpremium.fr\/en\/wp-json\/wp\/v2\/product"}],"about":[{"href":"https:\/\/glowpremium.fr\/en\/wp-json\/wp\/v2\/types\/product"}],"replies":[{"embeddable":true,"href":"https:\/\/glowpremium.fr\/en\/wp-json\/wp\/v2\/comments?post=6096"}],"version-history":[{"count":2,"href":"https:\/\/glowpremium.fr\/en\/wp-json\/wp\/v2\/product\/6096\/revisions"}],"predecessor-version":[{"id":7355,"href":"https:\/\/glowpremium.fr\/en\/wp-json\/wp\/v2\/product\/6096\/revisions\/7355"}],"wp:featuredmedia":[{"embeddable":true,"href":"https:\/\/glowpremium.fr\/en\/wp-json\/wp\/v2\/media\/6095"}],"wp:attachment":[{"href":"https:\/\/glowpremium.fr\/en\/wp-json\/wp\/v2\/media?parent=6096"}],"wp:term":[{"taxonomy":"brand","embeddable":true,"href":"https:\/\/glowpremium.fr\/en\/wp-json\/wp\/v2\/etheme_brands?post=6096"},{"taxonomy":"product_brand","embeddable":true,"href":"https:\/\/glowpremium.fr\/en\/wp-json\/wp\/v2\/product_brand?post=6096"},{"taxonomy":"product_cat","embeddable":true,"href":"https:\/\/glowpremium.fr\/en\/wp-json\/wp\/v2\/product_cat?post=6096"},{"taxonomy":"product_tag","embeddable":true,"href":"https:\/\/glowpremium.fr\/en\/wp-json\/wp\/v2\/product_tag?post=6096"}],"curies":[{"name":"wp","href":"https:\/\/api.w.org\/{rel}","templated":true}]}}