{"id":6088,"date":"2024-10-28T14:35:29","date_gmt":"2024-10-28T13:35:29","guid":{"rendered":"https:\/\/glowpremium.fr\/produit-eclaircissant\/savon-eclaircisssant-anti-taches-palmers-skin-sucess-100-g-2\/"},"modified":"2024-11-09T05:29:31","modified_gmt":"2024-11-09T04:29:31","slug":"savon-eclaircisssant-anti-taches-palmers-skin-sucess-100-g-2","status":"publish","type":"product","link":"https:\/\/glowpremium.fr\/en\/lightening-product\/palmers-skin-sucess-spot-lightening-soap-100-g-2\/","title":{"rendered":"Palmer's Skin Sucess Anti-Spot Lightening Soap 100 G"},"content":{"rendered":"<p><strong>How to use :<\/strong><\/p>\n<p>Apply Palmer's Skin Success Anti-Spot Cream to the affected areas on clean, dry skin.<\/p>\n<p>Can be applied morning and evening.<\/p>\n<p><strong>Recommendation:<\/strong><\/p>\n<p>Suitable for all skin types.<\/p>\n<p>Avoid contact with eyes, lesions or irritated skin.<\/p>\n<p><strong>Composition:<\/strong><\/p>\n<p>Water (Aqua), glyceryl stearate, mineral oil (paraffinum liquidum), stearyl stearate, niacinamide, propylene glycol, cetearyl alcohol, Peg-75 lanolin, Peg-100 stearate, Ceteareth-20, dimethicone, isopropyl myristate, retinol, tricholoma matsutake extract, ascorbyl glucoside, tocopheryl acetate, ethylhexyl salicylate, leuconostoc \/ radish root ferment filtrate, citric acid, disodium edta, butylene glycol, magnesium aluminium silicate, xanthan gum, caprylic\/capric triglyceride, sodium lauryl sulphite, sodium metabisulphite, sodium sulphite, sodium bisulfite , Ethylhexylglycerine, Parfum (Perfume), Citronellol, Hydroxycitronellal, Butylphenyl Methylpropional, Linalol, Hydroxyisohexyl 3-Cyclohexene Carboxaldehyde, Limonene, Alpha-Isomethyl Ionone.<\/p>","protected":false},"excerpt":{"rendered":"<p>PALMER'S Anti-Spot Lightening Soap eliminates and prevents the epidermal discolouration of spots and skin imperfections. It lightens the skin without damaging it and evens out the complexion thanks to its hydroquinone-free formula.<\/p>\n<p>Results :<br \/>\n1. Ensures effective action against brown spots.<br \/>\n2. The skin gradually recovers a clearer, more natural and even complexion.<br \/>\n3. It brightens the skin and improves the radiance of the complexion.<\/p>","protected":false},"featured_media":6087,"comment_status":"closed","ping_status":"closed","template":"","meta":[],"etheme_brands":[],"product_brand":[],"product_cat":[80,87],"product_tag":[],"class_list":{"0":"post-6088","1":"product","2":"type-product","3":"status-publish","4":"has-post-thumbnail","6":"product_cat-blanchissants-et-eclaircissants","7":"product_cat-savons-eclaircissants","9":"first","10":"instock","11":"shipping-taxable","12":"purchasable","13":"product-type-simple"},"yoast_head":"<!-- This site is optimized with the Yoast SEO plugin v26.7 - https:\/\/yoast.com\/wordpress\/plugins\/seo\/ -->\n<title>Savon \u00e9claircisssant anti-t\u00e2ches Palmer&#039;s Skin Sucess 100 G - Glow Premium<\/title>\n<meta name=\"description\" content=\"\u00c9claircissant pour peaux fonc\u00e9esSoin \u00e9claircissant pour peaux m\u00e9tiss\u00e9esProduit de d\u00e9pigmentation pour peaux noires savon \u00e9claircissant pour peaux melan\u00e9\" \/>\n<meta name=\"robots\" content=\"index, follow, max-snippet:-1, max-image-preview:large, max-video-preview:-1\" \/>\n<link rel=\"canonical\" href=\"https:\/\/glowpremium.fr\/en\/lightening-product\/palmers-skin-sucess-spot-lightening-soap-100-g-2\/\" \/>\n<meta property=\"og:locale\" content=\"en_GB\" \/>\n<meta property=\"og:type\" content=\"article\" \/>\n<meta property=\"og:title\" content=\"Savon \u00e9claircisssant anti-t\u00e2ches Palmer&#039;s Skin Sucess 100 G - Glow Premium\" \/>\n<meta property=\"og:description\" content=\"\u00c9claircissant pour peaux fonc\u00e9esSoin \u00e9claircissant pour peaux m\u00e9tiss\u00e9esProduit de d\u00e9pigmentation pour peaux noires savon \u00e9claircissant pour peaux melan\u00e9\" \/>\n<meta property=\"og:url\" content=\"https:\/\/glowpremium.fr\/en\/lightening-product\/palmers-skin-sucess-spot-lightening-soap-100-g-2\/\" \/>\n<meta property=\"og:site_name\" content=\"Glow Premium\" \/>\n<meta property=\"article:modified_time\" content=\"2024-11-09T04:29:31+00:00\" \/>\n<meta property=\"og:image\" content=\"https:\/\/glowpremium.fr\/wp-content\/uploads\/2024\/10\/Capture-decran-2022-06-09-a-10.03.04.png\" \/>\n\t<meta property=\"og:image:width\" content=\"622\" \/>\n\t<meta property=\"og:image:height\" content=\"444\" \/>\n\t<meta property=\"og:image:type\" content=\"image\/png\" \/>\n<meta name=\"twitter:card\" content=\"summary_large_image\" \/>\n<meta name=\"twitter:label1\" content=\"Estimated reading time\" \/>\n\t<meta name=\"twitter:data1\" content=\"1 minute\" \/>\n<script type=\"application\/ld+json\" class=\"yoast-schema-graph\">{\"@context\":\"https:\/\/schema.org\",\"@graph\":[{\"@type\":\"WebPage\",\"@id\":\"https:\/\/glowpremium.fr\/produit-eclaircissant\/savon-eclaircisssant-anti-taches-palmers-skin-sucess-100-g-2\/\",\"url\":\"https:\/\/glowpremium.fr\/produit-eclaircissant\/savon-eclaircisssant-anti-taches-palmers-skin-sucess-100-g-2\/\",\"name\":\"Savon \u00e9claircisssant anti-t\u00e2ches Palmer's Skin Sucess 100 G - Glow Premium\",\"isPartOf\":{\"@id\":\"https:\/\/glowpremium.fr\/#website\"},\"primaryImageOfPage\":{\"@id\":\"https:\/\/glowpremium.fr\/produit-eclaircissant\/savon-eclaircisssant-anti-taches-palmers-skin-sucess-100-g-2\/#primaryimage\"},\"image\":{\"@id\":\"https:\/\/glowpremium.fr\/produit-eclaircissant\/savon-eclaircisssant-anti-taches-palmers-skin-sucess-100-g-2\/#primaryimage\"},\"thumbnailUrl\":\"https:\/\/glowpremium.fr\/wp-content\/uploads\/2024\/10\/Capture-decran-2022-06-09-a-10.03.04.png\",\"datePublished\":\"2024-10-28T13:35:29+00:00\",\"dateModified\":\"2024-11-09T04:29:31+00:00\",\"description\":\"\u00c9claircissant pour peaux fonc\u00e9esSoin \u00e9claircissant pour peaux m\u00e9tiss\u00e9esProduit de d\u00e9pigmentation pour peaux noires savon \u00e9claircissant pour peaux melan\u00e9\",\"breadcrumb\":{\"@id\":\"https:\/\/glowpremium.fr\/produit-eclaircissant\/savon-eclaircisssant-anti-taches-palmers-skin-sucess-100-g-2\/#breadcrumb\"},\"inLanguage\":\"en-GB\",\"potentialAction\":[{\"@type\":\"ReadAction\",\"target\":[\"https:\/\/glowpremium.fr\/produit-eclaircissant\/savon-eclaircisssant-anti-taches-palmers-skin-sucess-100-g-2\/\"]}]},{\"@type\":\"ImageObject\",\"inLanguage\":\"en-GB\",\"@id\":\"https:\/\/glowpremium.fr\/produit-eclaircissant\/savon-eclaircisssant-anti-taches-palmers-skin-sucess-100-g-2\/#primaryimage\",\"url\":\"https:\/\/glowpremium.fr\/wp-content\/uploads\/2024\/10\/Capture-decran-2022-06-09-a-10.03.04.png\",\"contentUrl\":\"https:\/\/glowpremium.fr\/wp-content\/uploads\/2024\/10\/Capture-decran-2022-06-09-a-10.03.04.png\",\"width\":622,\"height\":444},{\"@type\":\"BreadcrumbList\",\"@id\":\"https:\/\/glowpremium.fr\/produit-eclaircissant\/savon-eclaircisssant-anti-taches-palmers-skin-sucess-100-g-2\/#breadcrumb\",\"itemListElement\":[{\"@type\":\"ListItem\",\"position\":1,\"name\":\"Accueil\",\"item\":\"https:\/\/glowpremium.fr\/\"},{\"@type\":\"ListItem\",\"position\":2,\"name\":\"Boutique\",\"item\":\"https:\/\/glowpremium.fr\/boutique-produits-eclaircissants\/\"},{\"@type\":\"ListItem\",\"position\":3,\"name\":\"Savon \u00e9claircisssant anti-t\u00e2ches Palmer&#8217;s Skin Sucess 100 G\"}]},{\"@type\":\"WebSite\",\"@id\":\"https:\/\/glowpremium.fr\/#website\",\"url\":\"https:\/\/glowpremium.fr\/\",\"name\":\"Glow Premium\",\"description\":\"\",\"publisher\":{\"@id\":\"https:\/\/glowpremium.fr\/#organization\"},\"potentialAction\":[{\"@type\":\"SearchAction\",\"target\":{\"@type\":\"EntryPoint\",\"urlTemplate\":\"https:\/\/glowpremium.fr\/?s={search_term_string}\"},\"query-input\":{\"@type\":\"PropertyValueSpecification\",\"valueRequired\":true,\"valueName\":\"search_term_string\"}}],\"inLanguage\":\"en-GB\"},{\"@type\":\"Organization\",\"@id\":\"https:\/\/glowpremium.fr\/#organization\",\"name\":\"Glow Premium\",\"url\":\"https:\/\/glowpremium.fr\/\",\"logo\":{\"@type\":\"ImageObject\",\"inLanguage\":\"en-GB\",\"@id\":\"https:\/\/glowpremium.fr\/#\/schema\/logo\/image\/\",\"url\":\"https:\/\/glowpremium.fr\/wp-content\/uploads\/2024\/10\/screenshot_20241029_034909_chrome.jpg\",\"contentUrl\":\"https:\/\/glowpremium.fr\/wp-content\/uploads\/2024\/10\/screenshot_20241029_034909_chrome.jpg\",\"width\":866,\"height\":937,\"caption\":\"Glow Premium\"},\"image\":{\"@id\":\"https:\/\/glowpremium.fr\/#\/schema\/logo\/image\/\"}}]}<\/script>\n<!-- \/ Yoast SEO plugin. -->","yoast_head_json":{"title":"Savon \u00e9claircisssant anti-t\u00e2ches Palmer's Skin Sucess 100 G - Glow Premium","description":"\u00c9claircissant pour peaux fonc\u00e9esSoin \u00e9claircissant pour peaux m\u00e9tiss\u00e9esProduit de d\u00e9pigmentation pour peaux noires savon \u00e9claircissant pour peaux melan\u00e9","robots":{"index":"index","follow":"follow","max-snippet":"max-snippet:-1","max-image-preview":"max-image-preview:large","max-video-preview":"max-video-preview:-1"},"canonical":"https:\/\/glowpremium.fr\/en\/lightening-product\/palmers-skin-sucess-spot-lightening-soap-100-g-2\/","og_locale":"en_GB","og_type":"article","og_title":"Savon \u00e9claircisssant anti-t\u00e2ches Palmer's Skin Sucess 100 G - Glow Premium","og_description":"\u00c9claircissant pour peaux fonc\u00e9esSoin \u00e9claircissant pour peaux m\u00e9tiss\u00e9esProduit de d\u00e9pigmentation pour peaux noires savon \u00e9claircissant pour peaux melan\u00e9","og_url":"https:\/\/glowpremium.fr\/en\/lightening-product\/palmers-skin-sucess-spot-lightening-soap-100-g-2\/","og_site_name":"Glow Premium","article_modified_time":"2024-11-09T04:29:31+00:00","og_image":[{"width":622,"height":444,"url":"https:\/\/glowpremium.fr\/wp-content\/uploads\/2024\/10\/Capture-decran-2022-06-09-a-10.03.04.png","type":"image\/png"}],"twitter_card":"summary_large_image","twitter_misc":{"Estimated reading time":"1 minute"},"schema":{"@context":"https:\/\/schema.org","@graph":[{"@type":"WebPage","@id":"https:\/\/glowpremium.fr\/produit-eclaircissant\/savon-eclaircisssant-anti-taches-palmers-skin-sucess-100-g-2\/","url":"https:\/\/glowpremium.fr\/produit-eclaircissant\/savon-eclaircisssant-anti-taches-palmers-skin-sucess-100-g-2\/","name":"Savon \u00e9claircisssant anti-t\u00e2ches Palmer's Skin Sucess 100 G - Glow Premium","isPartOf":{"@id":"https:\/\/glowpremium.fr\/#website"},"primaryImageOfPage":{"@id":"https:\/\/glowpremium.fr\/produit-eclaircissant\/savon-eclaircisssant-anti-taches-palmers-skin-sucess-100-g-2\/#primaryimage"},"image":{"@id":"https:\/\/glowpremium.fr\/produit-eclaircissant\/savon-eclaircisssant-anti-taches-palmers-skin-sucess-100-g-2\/#primaryimage"},"thumbnailUrl":"https:\/\/glowpremium.fr\/wp-content\/uploads\/2024\/10\/Capture-decran-2022-06-09-a-10.03.04.png","datePublished":"2024-10-28T13:35:29+00:00","dateModified":"2024-11-09T04:29:31+00:00","description":"\u00c9claircissant pour peaux fonc\u00e9esSoin \u00e9claircissant pour peaux m\u00e9tiss\u00e9esProduit de d\u00e9pigmentation pour peaux noires savon \u00e9claircissant pour peaux melan\u00e9","breadcrumb":{"@id":"https:\/\/glowpremium.fr\/produit-eclaircissant\/savon-eclaircisssant-anti-taches-palmers-skin-sucess-100-g-2\/#breadcrumb"},"inLanguage":"en-GB","potentialAction":[{"@type":"ReadAction","target":["https:\/\/glowpremium.fr\/produit-eclaircissant\/savon-eclaircisssant-anti-taches-palmers-skin-sucess-100-g-2\/"]}]},{"@type":"ImageObject","inLanguage":"en-GB","@id":"https:\/\/glowpremium.fr\/produit-eclaircissant\/savon-eclaircisssant-anti-taches-palmers-skin-sucess-100-g-2\/#primaryimage","url":"https:\/\/glowpremium.fr\/wp-content\/uploads\/2024\/10\/Capture-decran-2022-06-09-a-10.03.04.png","contentUrl":"https:\/\/glowpremium.fr\/wp-content\/uploads\/2024\/10\/Capture-decran-2022-06-09-a-10.03.04.png","width":622,"height":444},{"@type":"BreadcrumbList","@id":"https:\/\/glowpremium.fr\/produit-eclaircissant\/savon-eclaircisssant-anti-taches-palmers-skin-sucess-100-g-2\/#breadcrumb","itemListElement":[{"@type":"ListItem","position":1,"name":"Accueil","item":"https:\/\/glowpremium.fr\/"},{"@type":"ListItem","position":2,"name":"Boutique","item":"https:\/\/glowpremium.fr\/boutique-produits-eclaircissants\/"},{"@type":"ListItem","position":3,"name":"Savon \u00e9claircisssant anti-t\u00e2ches Palmer&#8217;s Skin Sucess 100 G"}]},{"@type":"WebSite","@id":"https:\/\/glowpremium.fr\/#website","url":"https:\/\/glowpremium.fr\/","name":"Glow Premium","description":"","publisher":{"@id":"https:\/\/glowpremium.fr\/#organization"},"potentialAction":[{"@type":"SearchAction","target":{"@type":"EntryPoint","urlTemplate":"https:\/\/glowpremium.fr\/?s={search_term_string}"},"query-input":{"@type":"PropertyValueSpecification","valueRequired":true,"valueName":"search_term_string"}}],"inLanguage":"en-GB"},{"@type":"Organization","@id":"https:\/\/glowpremium.fr\/#organization","name":"Glow Premium","url":"https:\/\/glowpremium.fr\/","logo":{"@type":"ImageObject","inLanguage":"en-GB","@id":"https:\/\/glowpremium.fr\/#\/schema\/logo\/image\/","url":"https:\/\/glowpremium.fr\/wp-content\/uploads\/2024\/10\/screenshot_20241029_034909_chrome.jpg","contentUrl":"https:\/\/glowpremium.fr\/wp-content\/uploads\/2024\/10\/screenshot_20241029_034909_chrome.jpg","width":866,"height":937,"caption":"Glow Premium"},"image":{"@id":"https:\/\/glowpremium.fr\/#\/schema\/logo\/image\/"}}]}},"_links":{"self":[{"href":"https:\/\/glowpremium.fr\/en\/wp-json\/wp\/v2\/product\/6088","targetHints":{"allow":["GET"]}}],"collection":[{"href":"https:\/\/glowpremium.fr\/en\/wp-json\/wp\/v2\/product"}],"about":[{"href":"https:\/\/glowpremium.fr\/en\/wp-json\/wp\/v2\/types\/product"}],"replies":[{"embeddable":true,"href":"https:\/\/glowpremium.fr\/en\/wp-json\/wp\/v2\/comments?post=6088"}],"version-history":[{"count":1,"href":"https:\/\/glowpremium.fr\/en\/wp-json\/wp\/v2\/product\/6088\/revisions"}],"predecessor-version":[{"id":7360,"href":"https:\/\/glowpremium.fr\/en\/wp-json\/wp\/v2\/product\/6088\/revisions\/7360"}],"wp:featuredmedia":[{"embeddable":true,"href":"https:\/\/glowpremium.fr\/en\/wp-json\/wp\/v2\/media\/6087"}],"wp:attachment":[{"href":"https:\/\/glowpremium.fr\/en\/wp-json\/wp\/v2\/media?parent=6088"}],"wp:term":[{"taxonomy":"brand","embeddable":true,"href":"https:\/\/glowpremium.fr\/en\/wp-json\/wp\/v2\/etheme_brands?post=6088"},{"taxonomy":"product_brand","embeddable":true,"href":"https:\/\/glowpremium.fr\/en\/wp-json\/wp\/v2\/product_brand?post=6088"},{"taxonomy":"product_cat","embeddable":true,"href":"https:\/\/glowpremium.fr\/en\/wp-json\/wp\/v2\/product_cat?post=6088"},{"taxonomy":"product_tag","embeddable":true,"href":"https:\/\/glowpremium.fr\/en\/wp-json\/wp\/v2\/product_tag?post=6088"}],"curies":[{"name":"wp","href":"https:\/\/api.w.org\/{rel}","templated":true}]}}