{"id":6077,"date":"2024-10-28T14:35:16","date_gmt":"2024-10-28T13:35:16","guid":{"rendered":"https:\/\/glowpremium.fr\/produit-eclaircissant\/lait-eclaircisssant-anti-taches-milk-palmers-skin-sucess-2\/"},"modified":"2024-11-09T05:45:51","modified_gmt":"2024-11-09T04:45:51","slug":"lait-eclaircisssant-anti-taches-milk-palmers-skin-sucess-2","status":"publish","type":"product","link":"https:\/\/glowpremium.fr\/en\/lightening-product\/milk-palmers-skin-sucess-2-anti-spot-lightening-milk\/","title":{"rendered":"Milk Palmer's Skin Sucess Anti-Spot Lightening Milk"},"content":{"rendered":"<p><strong>How to use :<\/strong><\/p>\n<p>Apply Milk Palmer's Skin Success Anti-Spot Milk to clean skin morning and night.<\/p>\n<p>Can be applied morning and evening.<\/p>\n<p><strong>Recommendation:<\/strong><\/p>\n<p>Suitable for all skin types.<\/p>\n<p>Avoid contact with eyes, lesions or irritated skin.<\/p>\n<p><strong>Composition:<\/strong><\/p>\n<p>Water (Aqua), glyceryl stearate, mineral oil (paraffinum liquidum), stearyl stearate, niacinamide, propylene glycol, cetearyl alcohol, Peg-75 lanolin, Peg-100 stearate, Ceteareth-20, dimethicone, isopropyl myristate, retinol, tricholoma matsutake extract, ascorbyl glucoside, tocopheryl acetate, ethylhexyl salicylate, leuconostoc \/ radish root ferment filtrate, citric acid, disodium edta, butylene glycol, magnesium aluminium silicate, xanthan gum, caprylic\/capric triglyceride, sodium lauryl sulphite, sodium metabisulphite, sodium sulphite, sodium bisulfite , Ethylhexylglycerine, Parfum (Perfume), Citronellol, Hydroxycitronellal, Butylphenyl Methylpropional, Linalol, Hydroxyisohexyl 3-Cyclohexene Carboxaldehyde, Limonene, Alpha-Isomethyl Ionone.<\/p>","protected":false},"excerpt":{"rendered":"<p>Targets dark spots, age spots and uneven skin tone. Balances uneven skin tone and discolouration. Helps improve skin suppleness and elasticity. Minimises the appearance of fine lines and wrinkles. Brighter, more radiant skin Formulated for the whole body; perfect for arms, legs, knees, elbows, d\u00e9collet\u00e9 Visible results in as little as 2 weeks (may take up to 6 weeks) RESULTS: % of women who saw an improvement 100% balanced complexion 100% visibly improved discolouration, uneven tone 100% improved radiance and glow 96% helped lighten acne scars and dark spots 94% reduce blemishes 96% improved clarity 98% youthful, healthier-looking skin based on an independent clinical study of 100 people after 8 weeks Free from hydroquinone, parabens, phthalates, sulphates, IM and dye38<\/p>","protected":false},"featured_media":6076,"comment_status":"closed","ping_status":"closed","template":"","meta":[],"etheme_brands":[],"product_brand":[],"product_cat":[80,85],"product_tag":[],"class_list":{"0":"post-6077","1":"product","2":"type-product","3":"status-publish","4":"has-post-thumbnail","6":"product_cat-blanchissants-et-eclaircissants","7":"product_cat-laits-eclaircissants","9":"first","10":"instock","11":"shipping-taxable","12":"purchasable","13":"product-type-simple"},"yoast_head":"<!-- This site is optimized with the Yoast SEO plugin v26.7 - https:\/\/yoast.com\/wordpress\/plugins\/seo\/ -->\n<title>Lait \u00e9claircisssant anti-t\u00e2ches Milk Palmer&#039;s Skin Sucess - Glow Premium<\/title>\n<meta name=\"description\" content=\"\u00c9claircissant pour peaux fonc\u00e9esSoin \u00e9claircissant pour peaux m\u00e9tiss\u00e9esProduit de d\u00e9pigmentation pour peaux noire lait blanchissantt pour peaux melan\u00e9es\" \/>\n<meta name=\"robots\" content=\"index, follow, max-snippet:-1, max-image-preview:large, max-video-preview:-1\" \/>\n<link rel=\"canonical\" href=\"https:\/\/glowpremium.fr\/en\/lightening-product\/milk-palmers-skin-sucess-2-anti-spot-lightening-milk\/\" \/>\n<meta property=\"og:locale\" content=\"en_GB\" \/>\n<meta property=\"og:type\" content=\"article\" \/>\n<meta property=\"og:title\" content=\"Lait \u00e9claircisssant anti-t\u00e2ches Milk Palmer&#039;s Skin Sucess - Glow Premium\" \/>\n<meta property=\"og:description\" content=\"\u00c9claircissant pour peaux fonc\u00e9esSoin \u00e9claircissant pour peaux m\u00e9tiss\u00e9esProduit de d\u00e9pigmentation pour peaux noire lait blanchissantt pour peaux melan\u00e9es\" \/>\n<meta property=\"og:url\" content=\"https:\/\/glowpremium.fr\/en\/lightening-product\/milk-palmers-skin-sucess-2-anti-spot-lightening-milk\/\" \/>\n<meta property=\"og:site_name\" content=\"Glow Premium\" \/>\n<meta property=\"article:modified_time\" content=\"2024-11-09T04:45:51+00:00\" \/>\n<meta property=\"og:image\" content=\"https:\/\/glowpremium.fr\/wp-content\/uploads\/2024\/10\/Capture-decran-2022-05-31-a-22.06.29.png\" \/>\n\t<meta property=\"og:image:width\" content=\"367\" \/>\n\t<meta property=\"og:image:height\" content=\"517\" \/>\n\t<meta property=\"og:image:type\" content=\"image\/png\" \/>\n<meta name=\"twitter:card\" content=\"summary_large_image\" \/>\n<meta name=\"twitter:label1\" content=\"Estimated reading time\" \/>\n\t<meta name=\"twitter:data1\" content=\"1 minute\" \/>\n<script type=\"application\/ld+json\" class=\"yoast-schema-graph\">{\"@context\":\"https:\/\/schema.org\",\"@graph\":[{\"@type\":\"WebPage\",\"@id\":\"https:\/\/glowpremium.fr\/produit-eclaircissant\/lait-eclaircisssant-anti-taches-milk-palmers-skin-sucess-2\/\",\"url\":\"https:\/\/glowpremium.fr\/produit-eclaircissant\/lait-eclaircisssant-anti-taches-milk-palmers-skin-sucess-2\/\",\"name\":\"Lait \u00e9claircisssant anti-t\u00e2ches Milk Palmer's Skin Sucess - Glow Premium\",\"isPartOf\":{\"@id\":\"https:\/\/glowpremium.fr\/#website\"},\"primaryImageOfPage\":{\"@id\":\"https:\/\/glowpremium.fr\/produit-eclaircissant\/lait-eclaircisssant-anti-taches-milk-palmers-skin-sucess-2\/#primaryimage\"},\"image\":{\"@id\":\"https:\/\/glowpremium.fr\/produit-eclaircissant\/lait-eclaircisssant-anti-taches-milk-palmers-skin-sucess-2\/#primaryimage\"},\"thumbnailUrl\":\"https:\/\/glowpremium.fr\/wp-content\/uploads\/2024\/10\/Capture-decran-2022-05-31-a-22.06.29.png\",\"datePublished\":\"2024-10-28T13:35:16+00:00\",\"dateModified\":\"2024-11-09T04:45:51+00:00\",\"description\":\"\u00c9claircissant pour peaux fonc\u00e9esSoin \u00e9claircissant pour peaux m\u00e9tiss\u00e9esProduit de d\u00e9pigmentation pour peaux noire lait blanchissantt pour peaux melan\u00e9es\",\"breadcrumb\":{\"@id\":\"https:\/\/glowpremium.fr\/produit-eclaircissant\/lait-eclaircisssant-anti-taches-milk-palmers-skin-sucess-2\/#breadcrumb\"},\"inLanguage\":\"en-GB\",\"potentialAction\":[{\"@type\":\"ReadAction\",\"target\":[\"https:\/\/glowpremium.fr\/produit-eclaircissant\/lait-eclaircisssant-anti-taches-milk-palmers-skin-sucess-2\/\"]}]},{\"@type\":\"ImageObject\",\"inLanguage\":\"en-GB\",\"@id\":\"https:\/\/glowpremium.fr\/produit-eclaircissant\/lait-eclaircisssant-anti-taches-milk-palmers-skin-sucess-2\/#primaryimage\",\"url\":\"https:\/\/glowpremium.fr\/wp-content\/uploads\/2024\/10\/Capture-decran-2022-05-31-a-22.06.29.png\",\"contentUrl\":\"https:\/\/glowpremium.fr\/wp-content\/uploads\/2024\/10\/Capture-decran-2022-05-31-a-22.06.29.png\",\"width\":367,\"height\":517},{\"@type\":\"BreadcrumbList\",\"@id\":\"https:\/\/glowpremium.fr\/produit-eclaircissant\/lait-eclaircisssant-anti-taches-milk-palmers-skin-sucess-2\/#breadcrumb\",\"itemListElement\":[{\"@type\":\"ListItem\",\"position\":1,\"name\":\"Accueil\",\"item\":\"https:\/\/glowpremium.fr\/\"},{\"@type\":\"ListItem\",\"position\":2,\"name\":\"Boutique\",\"item\":\"https:\/\/glowpremium.fr\/boutique-produits-eclaircissants\/\"},{\"@type\":\"ListItem\",\"position\":3,\"name\":\"Lait \u00e9claircisssant anti-t\u00e2ches Milk Palmer&#8217;s Skin Sucess\"}]},{\"@type\":\"WebSite\",\"@id\":\"https:\/\/glowpremium.fr\/#website\",\"url\":\"https:\/\/glowpremium.fr\/\",\"name\":\"Glow Premium\",\"description\":\"\",\"publisher\":{\"@id\":\"https:\/\/glowpremium.fr\/#organization\"},\"potentialAction\":[{\"@type\":\"SearchAction\",\"target\":{\"@type\":\"EntryPoint\",\"urlTemplate\":\"https:\/\/glowpremium.fr\/?s={search_term_string}\"},\"query-input\":{\"@type\":\"PropertyValueSpecification\",\"valueRequired\":true,\"valueName\":\"search_term_string\"}}],\"inLanguage\":\"en-GB\"},{\"@type\":\"Organization\",\"@id\":\"https:\/\/glowpremium.fr\/#organization\",\"name\":\"Glow Premium\",\"url\":\"https:\/\/glowpremium.fr\/\",\"logo\":{\"@type\":\"ImageObject\",\"inLanguage\":\"en-GB\",\"@id\":\"https:\/\/glowpremium.fr\/#\/schema\/logo\/image\/\",\"url\":\"https:\/\/glowpremium.fr\/wp-content\/uploads\/2024\/10\/screenshot_20241029_034909_chrome.jpg\",\"contentUrl\":\"https:\/\/glowpremium.fr\/wp-content\/uploads\/2024\/10\/screenshot_20241029_034909_chrome.jpg\",\"width\":866,\"height\":937,\"caption\":\"Glow Premium\"},\"image\":{\"@id\":\"https:\/\/glowpremium.fr\/#\/schema\/logo\/image\/\"}}]}<\/script>\n<!-- \/ Yoast SEO plugin. -->","yoast_head_json":{"title":"Lait \u00e9claircisssant anti-t\u00e2ches Milk Palmer's Skin Sucess - Glow Premium","description":"\u00c9claircissant pour peaux fonc\u00e9esSoin \u00e9claircissant pour peaux m\u00e9tiss\u00e9esProduit de d\u00e9pigmentation pour peaux noire lait blanchissantt pour peaux melan\u00e9es","robots":{"index":"index","follow":"follow","max-snippet":"max-snippet:-1","max-image-preview":"max-image-preview:large","max-video-preview":"max-video-preview:-1"},"canonical":"https:\/\/glowpremium.fr\/en\/lightening-product\/milk-palmers-skin-sucess-2-anti-spot-lightening-milk\/","og_locale":"en_GB","og_type":"article","og_title":"Lait \u00e9claircisssant anti-t\u00e2ches Milk Palmer's Skin Sucess - Glow Premium","og_description":"\u00c9claircissant pour peaux fonc\u00e9esSoin \u00e9claircissant pour peaux m\u00e9tiss\u00e9esProduit de d\u00e9pigmentation pour peaux noire lait blanchissantt pour peaux melan\u00e9es","og_url":"https:\/\/glowpremium.fr\/en\/lightening-product\/milk-palmers-skin-sucess-2-anti-spot-lightening-milk\/","og_site_name":"Glow Premium","article_modified_time":"2024-11-09T04:45:51+00:00","og_image":[{"width":367,"height":517,"url":"https:\/\/glowpremium.fr\/wp-content\/uploads\/2024\/10\/Capture-decran-2022-05-31-a-22.06.29.png","type":"image\/png"}],"twitter_card":"summary_large_image","twitter_misc":{"Estimated reading time":"1 minute"},"schema":{"@context":"https:\/\/schema.org","@graph":[{"@type":"WebPage","@id":"https:\/\/glowpremium.fr\/produit-eclaircissant\/lait-eclaircisssant-anti-taches-milk-palmers-skin-sucess-2\/","url":"https:\/\/glowpremium.fr\/produit-eclaircissant\/lait-eclaircisssant-anti-taches-milk-palmers-skin-sucess-2\/","name":"Lait \u00e9claircisssant anti-t\u00e2ches Milk Palmer's Skin Sucess - Glow Premium","isPartOf":{"@id":"https:\/\/glowpremium.fr\/#website"},"primaryImageOfPage":{"@id":"https:\/\/glowpremium.fr\/produit-eclaircissant\/lait-eclaircisssant-anti-taches-milk-palmers-skin-sucess-2\/#primaryimage"},"image":{"@id":"https:\/\/glowpremium.fr\/produit-eclaircissant\/lait-eclaircisssant-anti-taches-milk-palmers-skin-sucess-2\/#primaryimage"},"thumbnailUrl":"https:\/\/glowpremium.fr\/wp-content\/uploads\/2024\/10\/Capture-decran-2022-05-31-a-22.06.29.png","datePublished":"2024-10-28T13:35:16+00:00","dateModified":"2024-11-09T04:45:51+00:00","description":"\u00c9claircissant pour peaux fonc\u00e9esSoin \u00e9claircissant pour peaux m\u00e9tiss\u00e9esProduit de d\u00e9pigmentation pour peaux noire lait blanchissantt pour peaux melan\u00e9es","breadcrumb":{"@id":"https:\/\/glowpremium.fr\/produit-eclaircissant\/lait-eclaircisssant-anti-taches-milk-palmers-skin-sucess-2\/#breadcrumb"},"inLanguage":"en-GB","potentialAction":[{"@type":"ReadAction","target":["https:\/\/glowpremium.fr\/produit-eclaircissant\/lait-eclaircisssant-anti-taches-milk-palmers-skin-sucess-2\/"]}]},{"@type":"ImageObject","inLanguage":"en-GB","@id":"https:\/\/glowpremium.fr\/produit-eclaircissant\/lait-eclaircisssant-anti-taches-milk-palmers-skin-sucess-2\/#primaryimage","url":"https:\/\/glowpremium.fr\/wp-content\/uploads\/2024\/10\/Capture-decran-2022-05-31-a-22.06.29.png","contentUrl":"https:\/\/glowpremium.fr\/wp-content\/uploads\/2024\/10\/Capture-decran-2022-05-31-a-22.06.29.png","width":367,"height":517},{"@type":"BreadcrumbList","@id":"https:\/\/glowpremium.fr\/produit-eclaircissant\/lait-eclaircisssant-anti-taches-milk-palmers-skin-sucess-2\/#breadcrumb","itemListElement":[{"@type":"ListItem","position":1,"name":"Accueil","item":"https:\/\/glowpremium.fr\/"},{"@type":"ListItem","position":2,"name":"Boutique","item":"https:\/\/glowpremium.fr\/boutique-produits-eclaircissants\/"},{"@type":"ListItem","position":3,"name":"Lait \u00e9claircisssant anti-t\u00e2ches Milk Palmer&#8217;s Skin Sucess"}]},{"@type":"WebSite","@id":"https:\/\/glowpremium.fr\/#website","url":"https:\/\/glowpremium.fr\/","name":"Glow Premium","description":"","publisher":{"@id":"https:\/\/glowpremium.fr\/#organization"},"potentialAction":[{"@type":"SearchAction","target":{"@type":"EntryPoint","urlTemplate":"https:\/\/glowpremium.fr\/?s={search_term_string}"},"query-input":{"@type":"PropertyValueSpecification","valueRequired":true,"valueName":"search_term_string"}}],"inLanguage":"en-GB"},{"@type":"Organization","@id":"https:\/\/glowpremium.fr\/#organization","name":"Glow Premium","url":"https:\/\/glowpremium.fr\/","logo":{"@type":"ImageObject","inLanguage":"en-GB","@id":"https:\/\/glowpremium.fr\/#\/schema\/logo\/image\/","url":"https:\/\/glowpremium.fr\/wp-content\/uploads\/2024\/10\/screenshot_20241029_034909_chrome.jpg","contentUrl":"https:\/\/glowpremium.fr\/wp-content\/uploads\/2024\/10\/screenshot_20241029_034909_chrome.jpg","width":866,"height":937,"caption":"Glow Premium"},"image":{"@id":"https:\/\/glowpremium.fr\/#\/schema\/logo\/image\/"}}]}},"_links":{"self":[{"href":"https:\/\/glowpremium.fr\/en\/wp-json\/wp\/v2\/product\/6077","targetHints":{"allow":["GET"]}}],"collection":[{"href":"https:\/\/glowpremium.fr\/en\/wp-json\/wp\/v2\/product"}],"about":[{"href":"https:\/\/glowpremium.fr\/en\/wp-json\/wp\/v2\/types\/product"}],"replies":[{"embeddable":true,"href":"https:\/\/glowpremium.fr\/en\/wp-json\/wp\/v2\/comments?post=6077"}],"version-history":[{"count":1,"href":"https:\/\/glowpremium.fr\/en\/wp-json\/wp\/v2\/product\/6077\/revisions"}],"predecessor-version":[{"id":7364,"href":"https:\/\/glowpremium.fr\/en\/wp-json\/wp\/v2\/product\/6077\/revisions\/7364"}],"wp:featuredmedia":[{"embeddable":true,"href":"https:\/\/glowpremium.fr\/en\/wp-json\/wp\/v2\/media\/6076"}],"wp:attachment":[{"href":"https:\/\/glowpremium.fr\/en\/wp-json\/wp\/v2\/media?parent=6077"}],"wp:term":[{"taxonomy":"brand","embeddable":true,"href":"https:\/\/glowpremium.fr\/en\/wp-json\/wp\/v2\/etheme_brands?post=6077"},{"taxonomy":"product_brand","embeddable":true,"href":"https:\/\/glowpremium.fr\/en\/wp-json\/wp\/v2\/product_brand?post=6077"},{"taxonomy":"product_cat","embeddable":true,"href":"https:\/\/glowpremium.fr\/en\/wp-json\/wp\/v2\/product_cat?post=6077"},{"taxonomy":"product_tag","embeddable":true,"href":"https:\/\/glowpremium.fr\/en\/wp-json\/wp\/v2\/product_tag?post=6077"}],"curies":[{"name":"wp","href":"https:\/\/api.w.org\/{rel}","templated":true}]}}