{"id":6071,"date":"2024-10-28T14:35:12","date_gmt":"2024-10-28T13:35:12","guid":{"rendered":"https:\/\/glowpremium.fr\/produit-eclaircissant\/lait-eclaircissant-reparateur-francoise-bebon-500-ml-2\/"},"modified":"2024-11-09T06:02:10","modified_gmt":"2024-11-09T05:02:10","slug":"lait-eclaircissant-reparateur-francoise-bebon-500-ml-2","status":"publish","type":"product","link":"https:\/\/glowpremium.fr\/en\/lightening-product\/lait-eclaircissant-reparateur-francoise-bebon-500-ml-2\/","title":{"rendered":"Repairing Lightening Body Milk - Fran\u00e7oise Bebon 500 ml"},"content":{"rendered":"<p><strong>How to use :<\/strong><\/p>\n<p>Apply every morning and evening to clean skin.<\/p>\n<p><strong>Recommendation:<\/strong><\/p>\n<p>For external use only. If irritation develops, discontinue use.<\/p>\n<p><strong>Composition:<\/strong><\/p>\n<p>Allantoin,Aqua (Water), Ascorbic Acid, Aspergillus Ferment, Benzyl Benzoate, Betula Alba Leaf Extract, Cetearyl alcohol, Citric acid, Citronellol Coumarin, Dipropylene glycol, Disodium EDTA, Ethoxydiglycol, Ethylhexyl methoxycinnamate, Eugenol, Geraniol, Glyceryl stearate, Glycyrrhiza Glabra (licorice) root extract, Isopropyl palmitate, Lactic acid, Linalool, Morus nigra leaf extract, P-CHLORO-M-CRESOL, Parfum (Fragrance) Persea gratissima (avocado) oil, Petrolatum, Sambucus nigra flower extract, Sodium hydroxide, Sodium lactate, Sodium lauryl sulfate, Sorbic acid, Tilia tomentosa extract, Tocopheryl acetate.<\/p>","protected":false},"excerpt":{"rendered":"<p>Lait r\u00e9parateur du Professeur Fran\u00e7oise Bedon, specially adapted to black and mixed skins, is based on natural Verbena 100%. Its formula treats and eliminates scars, age spots, pregnancy spots and sun spots, to restore clear, smooth, clear skin.<\/p>","protected":false},"featured_media":6070,"comment_status":"closed","ping_status":"closed","template":"","meta":[],"etheme_brands":[],"product_brand":[],"product_cat":[80,85],"product_tag":[],"class_list":{"0":"post-6071","1":"product","2":"type-product","3":"status-publish","4":"has-post-thumbnail","6":"product_cat-blanchissants-et-eclaircissants","7":"product_cat-laits-eclaircissants","9":"first","10":"instock","11":"shipping-taxable","12":"purchasable","13":"product-type-simple"},"yoast_head":"<!-- This site is optimized with the Yoast SEO plugin v26.7 - https:\/\/yoast.com\/wordpress\/plugins\/seo\/ -->\n<title>Lait \u00e9claircissant R\u00e9parateur - Fran\u00e7oise Bebon 500 ml - Glow Premium<\/title>\n<meta name=\"description\" content=\"\u00c9claircissant pour peaux fonc\u00e9es Soin \u00e9claircissant pour peaux m\u00e9tiss\u00e9es Produit de d\u00e9pigmentation pour peaux noires \u00e9claircissant pour peaux melan\u00e9es lait\" \/>\n<meta name=\"robots\" content=\"index, follow, max-snippet:-1, max-image-preview:large, max-video-preview:-1\" \/>\n<link rel=\"canonical\" href=\"https:\/\/glowpremium.fr\/en\/lightening-product\/lait-eclaircissant-reparateur-francoise-bebon-500-ml-2\/\" \/>\n<meta property=\"og:locale\" content=\"en_GB\" \/>\n<meta property=\"og:type\" content=\"article\" \/>\n<meta property=\"og:title\" content=\"Lait \u00e9claircissant R\u00e9parateur - Fran\u00e7oise Bebon 500 ml - Glow Premium\" \/>\n<meta property=\"og:description\" content=\"\u00c9claircissant pour peaux fonc\u00e9es Soin \u00e9claircissant pour peaux m\u00e9tiss\u00e9es Produit de d\u00e9pigmentation pour peaux noires \u00e9claircissant pour peaux melan\u00e9es lait\" \/>\n<meta property=\"og:url\" content=\"https:\/\/glowpremium.fr\/en\/lightening-product\/lait-eclaircissant-reparateur-francoise-bebon-500-ml-2\/\" \/>\n<meta property=\"og:site_name\" content=\"Glow Premium\" \/>\n<meta property=\"article:modified_time\" content=\"2024-11-09T05:02:10+00:00\" \/>\n<meta property=\"og:image\" content=\"https:\/\/glowpremium.fr\/wp-content\/uploads\/2024\/10\/Capture-decran-2022-05-29-a-23.41.14.png\" \/>\n\t<meta property=\"og:image:width\" content=\"451\" \/>\n\t<meta property=\"og:image:height\" content=\"413\" \/>\n\t<meta property=\"og:image:type\" content=\"image\/png\" \/>\n<meta name=\"twitter:card\" content=\"summary_large_image\" \/>\n<meta name=\"twitter:label1\" content=\"Estimated reading time\" \/>\n\t<meta name=\"twitter:data1\" content=\"1 minute\" \/>\n<script type=\"application\/ld+json\" class=\"yoast-schema-graph\">{\"@context\":\"https:\/\/schema.org\",\"@graph\":[{\"@type\":\"WebPage\",\"@id\":\"https:\/\/glowpremium.fr\/produit-eclaircissant\/lait-eclaircissant-reparateur-francoise-bebon-500-ml-2\/\",\"url\":\"https:\/\/glowpremium.fr\/produit-eclaircissant\/lait-eclaircissant-reparateur-francoise-bebon-500-ml-2\/\",\"name\":\"Lait \u00e9claircissant R\u00e9parateur - Fran\u00e7oise Bebon 500 ml - Glow Premium\",\"isPartOf\":{\"@id\":\"https:\/\/glowpremium.fr\/#website\"},\"primaryImageOfPage\":{\"@id\":\"https:\/\/glowpremium.fr\/produit-eclaircissant\/lait-eclaircissant-reparateur-francoise-bebon-500-ml-2\/#primaryimage\"},\"image\":{\"@id\":\"https:\/\/glowpremium.fr\/produit-eclaircissant\/lait-eclaircissant-reparateur-francoise-bebon-500-ml-2\/#primaryimage\"},\"thumbnailUrl\":\"https:\/\/glowpremium.fr\/wp-content\/uploads\/2024\/10\/Capture-decran-2022-05-29-a-23.41.14.png\",\"datePublished\":\"2024-10-28T13:35:12+00:00\",\"dateModified\":\"2024-11-09T05:02:10+00:00\",\"description\":\"\u00c9claircissant pour peaux fonc\u00e9es Soin \u00e9claircissant pour peaux m\u00e9tiss\u00e9es Produit de d\u00e9pigmentation pour peaux noires \u00e9claircissant pour peaux melan\u00e9es lait\",\"breadcrumb\":{\"@id\":\"https:\/\/glowpremium.fr\/produit-eclaircissant\/lait-eclaircissant-reparateur-francoise-bebon-500-ml-2\/#breadcrumb\"},\"inLanguage\":\"en-GB\",\"potentialAction\":[{\"@type\":\"ReadAction\",\"target\":[\"https:\/\/glowpremium.fr\/produit-eclaircissant\/lait-eclaircissant-reparateur-francoise-bebon-500-ml-2\/\"]}]},{\"@type\":\"ImageObject\",\"inLanguage\":\"en-GB\",\"@id\":\"https:\/\/glowpremium.fr\/produit-eclaircissant\/lait-eclaircissant-reparateur-francoise-bebon-500-ml-2\/#primaryimage\",\"url\":\"https:\/\/glowpremium.fr\/wp-content\/uploads\/2024\/10\/Capture-decran-2022-05-29-a-23.41.14.png\",\"contentUrl\":\"https:\/\/glowpremium.fr\/wp-content\/uploads\/2024\/10\/Capture-decran-2022-05-29-a-23.41.14.png\",\"width\":451,\"height\":413},{\"@type\":\"BreadcrumbList\",\"@id\":\"https:\/\/glowpremium.fr\/produit-eclaircissant\/lait-eclaircissant-reparateur-francoise-bebon-500-ml-2\/#breadcrumb\",\"itemListElement\":[{\"@type\":\"ListItem\",\"position\":1,\"name\":\"Accueil\",\"item\":\"https:\/\/glowpremium.fr\/\"},{\"@type\":\"ListItem\",\"position\":2,\"name\":\"Boutique\",\"item\":\"https:\/\/glowpremium.fr\/boutique-produits-eclaircissants\/\"},{\"@type\":\"ListItem\",\"position\":3,\"name\":\"Lait \u00e9claircissant R\u00e9parateur &#8211; Fran\u00e7oise Bebon 500 ml\"}]},{\"@type\":\"WebSite\",\"@id\":\"https:\/\/glowpremium.fr\/#website\",\"url\":\"https:\/\/glowpremium.fr\/\",\"name\":\"Glow Premium\",\"description\":\"\",\"publisher\":{\"@id\":\"https:\/\/glowpremium.fr\/#organization\"},\"potentialAction\":[{\"@type\":\"SearchAction\",\"target\":{\"@type\":\"EntryPoint\",\"urlTemplate\":\"https:\/\/glowpremium.fr\/?s={search_term_string}\"},\"query-input\":{\"@type\":\"PropertyValueSpecification\",\"valueRequired\":true,\"valueName\":\"search_term_string\"}}],\"inLanguage\":\"en-GB\"},{\"@type\":\"Organization\",\"@id\":\"https:\/\/glowpremium.fr\/#organization\",\"name\":\"Glow Premium\",\"url\":\"https:\/\/glowpremium.fr\/\",\"logo\":{\"@type\":\"ImageObject\",\"inLanguage\":\"en-GB\",\"@id\":\"https:\/\/glowpremium.fr\/#\/schema\/logo\/image\/\",\"url\":\"https:\/\/glowpremium.fr\/wp-content\/uploads\/2024\/10\/screenshot_20241029_034909_chrome.jpg\",\"contentUrl\":\"https:\/\/glowpremium.fr\/wp-content\/uploads\/2024\/10\/screenshot_20241029_034909_chrome.jpg\",\"width\":866,\"height\":937,\"caption\":\"Glow Premium\"},\"image\":{\"@id\":\"https:\/\/glowpremium.fr\/#\/schema\/logo\/image\/\"}}]}<\/script>\n<!-- \/ Yoast SEO plugin. -->","yoast_head_json":{"title":"Lait \u00e9claircissant R\u00e9parateur - Fran\u00e7oise Bebon 500 ml - Glow Premium","description":"\u00c9claircissant pour peaux fonc\u00e9es Soin \u00e9claircissant pour peaux m\u00e9tiss\u00e9es Produit de d\u00e9pigmentation pour peaux noires \u00e9claircissant pour peaux melan\u00e9es lait","robots":{"index":"index","follow":"follow","max-snippet":"max-snippet:-1","max-image-preview":"max-image-preview:large","max-video-preview":"max-video-preview:-1"},"canonical":"https:\/\/glowpremium.fr\/en\/lightening-product\/lait-eclaircissant-reparateur-francoise-bebon-500-ml-2\/","og_locale":"en_GB","og_type":"article","og_title":"Lait \u00e9claircissant R\u00e9parateur - Fran\u00e7oise Bebon 500 ml - Glow Premium","og_description":"\u00c9claircissant pour peaux fonc\u00e9es Soin \u00e9claircissant pour peaux m\u00e9tiss\u00e9es Produit de d\u00e9pigmentation pour peaux noires \u00e9claircissant pour peaux melan\u00e9es lait","og_url":"https:\/\/glowpremium.fr\/en\/lightening-product\/lait-eclaircissant-reparateur-francoise-bebon-500-ml-2\/","og_site_name":"Glow Premium","article_modified_time":"2024-11-09T05:02:10+00:00","og_image":[{"width":451,"height":413,"url":"https:\/\/glowpremium.fr\/wp-content\/uploads\/2024\/10\/Capture-decran-2022-05-29-a-23.41.14.png","type":"image\/png"}],"twitter_card":"summary_large_image","twitter_misc":{"Estimated reading time":"1 minute"},"schema":{"@context":"https:\/\/schema.org","@graph":[{"@type":"WebPage","@id":"https:\/\/glowpremium.fr\/produit-eclaircissant\/lait-eclaircissant-reparateur-francoise-bebon-500-ml-2\/","url":"https:\/\/glowpremium.fr\/produit-eclaircissant\/lait-eclaircissant-reparateur-francoise-bebon-500-ml-2\/","name":"Lait \u00e9claircissant R\u00e9parateur - Fran\u00e7oise Bebon 500 ml - Glow Premium","isPartOf":{"@id":"https:\/\/glowpremium.fr\/#website"},"primaryImageOfPage":{"@id":"https:\/\/glowpremium.fr\/produit-eclaircissant\/lait-eclaircissant-reparateur-francoise-bebon-500-ml-2\/#primaryimage"},"image":{"@id":"https:\/\/glowpremium.fr\/produit-eclaircissant\/lait-eclaircissant-reparateur-francoise-bebon-500-ml-2\/#primaryimage"},"thumbnailUrl":"https:\/\/glowpremium.fr\/wp-content\/uploads\/2024\/10\/Capture-decran-2022-05-29-a-23.41.14.png","datePublished":"2024-10-28T13:35:12+00:00","dateModified":"2024-11-09T05:02:10+00:00","description":"\u00c9claircissant pour peaux fonc\u00e9es Soin \u00e9claircissant pour peaux m\u00e9tiss\u00e9es Produit de d\u00e9pigmentation pour peaux noires \u00e9claircissant pour peaux melan\u00e9es lait","breadcrumb":{"@id":"https:\/\/glowpremium.fr\/produit-eclaircissant\/lait-eclaircissant-reparateur-francoise-bebon-500-ml-2\/#breadcrumb"},"inLanguage":"en-GB","potentialAction":[{"@type":"ReadAction","target":["https:\/\/glowpremium.fr\/produit-eclaircissant\/lait-eclaircissant-reparateur-francoise-bebon-500-ml-2\/"]}]},{"@type":"ImageObject","inLanguage":"en-GB","@id":"https:\/\/glowpremium.fr\/produit-eclaircissant\/lait-eclaircissant-reparateur-francoise-bebon-500-ml-2\/#primaryimage","url":"https:\/\/glowpremium.fr\/wp-content\/uploads\/2024\/10\/Capture-decran-2022-05-29-a-23.41.14.png","contentUrl":"https:\/\/glowpremium.fr\/wp-content\/uploads\/2024\/10\/Capture-decran-2022-05-29-a-23.41.14.png","width":451,"height":413},{"@type":"BreadcrumbList","@id":"https:\/\/glowpremium.fr\/produit-eclaircissant\/lait-eclaircissant-reparateur-francoise-bebon-500-ml-2\/#breadcrumb","itemListElement":[{"@type":"ListItem","position":1,"name":"Accueil","item":"https:\/\/glowpremium.fr\/"},{"@type":"ListItem","position":2,"name":"Boutique","item":"https:\/\/glowpremium.fr\/boutique-produits-eclaircissants\/"},{"@type":"ListItem","position":3,"name":"Lait \u00e9claircissant R\u00e9parateur &#8211; Fran\u00e7oise Bebon 500 ml"}]},{"@type":"WebSite","@id":"https:\/\/glowpremium.fr\/#website","url":"https:\/\/glowpremium.fr\/","name":"Glow Premium","description":"","publisher":{"@id":"https:\/\/glowpremium.fr\/#organization"},"potentialAction":[{"@type":"SearchAction","target":{"@type":"EntryPoint","urlTemplate":"https:\/\/glowpremium.fr\/?s={search_term_string}"},"query-input":{"@type":"PropertyValueSpecification","valueRequired":true,"valueName":"search_term_string"}}],"inLanguage":"en-GB"},{"@type":"Organization","@id":"https:\/\/glowpremium.fr\/#organization","name":"Glow Premium","url":"https:\/\/glowpremium.fr\/","logo":{"@type":"ImageObject","inLanguage":"en-GB","@id":"https:\/\/glowpremium.fr\/#\/schema\/logo\/image\/","url":"https:\/\/glowpremium.fr\/wp-content\/uploads\/2024\/10\/screenshot_20241029_034909_chrome.jpg","contentUrl":"https:\/\/glowpremium.fr\/wp-content\/uploads\/2024\/10\/screenshot_20241029_034909_chrome.jpg","width":866,"height":937,"caption":"Glow Premium"},"image":{"@id":"https:\/\/glowpremium.fr\/#\/schema\/logo\/image\/"}}]}},"_links":{"self":[{"href":"https:\/\/glowpremium.fr\/en\/wp-json\/wp\/v2\/product\/6071","targetHints":{"allow":["GET"]}}],"collection":[{"href":"https:\/\/glowpremium.fr\/en\/wp-json\/wp\/v2\/product"}],"about":[{"href":"https:\/\/glowpremium.fr\/en\/wp-json\/wp\/v2\/types\/product"}],"replies":[{"embeddable":true,"href":"https:\/\/glowpremium.fr\/en\/wp-json\/wp\/v2\/comments?post=6071"}],"version-history":[{"count":1,"href":"https:\/\/glowpremium.fr\/en\/wp-json\/wp\/v2\/product\/6071\/revisions"}],"predecessor-version":[{"id":7368,"href":"https:\/\/glowpremium.fr\/en\/wp-json\/wp\/v2\/product\/6071\/revisions\/7368"}],"wp:featuredmedia":[{"embeddable":true,"href":"https:\/\/glowpremium.fr\/en\/wp-json\/wp\/v2\/media\/6070"}],"wp:attachment":[{"href":"https:\/\/glowpremium.fr\/en\/wp-json\/wp\/v2\/media?parent=6071"}],"wp:term":[{"taxonomy":"brand","embeddable":true,"href":"https:\/\/glowpremium.fr\/en\/wp-json\/wp\/v2\/etheme_brands?post=6071"},{"taxonomy":"product_brand","embeddable":true,"href":"https:\/\/glowpremium.fr\/en\/wp-json\/wp\/v2\/product_brand?post=6071"},{"taxonomy":"product_cat","embeddable":true,"href":"https:\/\/glowpremium.fr\/en\/wp-json\/wp\/v2\/product_cat?post=6071"},{"taxonomy":"product_tag","embeddable":true,"href":"https:\/\/glowpremium.fr\/en\/wp-json\/wp\/v2\/product_tag?post=6071"}],"curies":[{"name":"wp","href":"https:\/\/api.w.org\/{rel}","templated":true}]}}