{"id":6063,"date":"2024-10-28T14:35:09","date_gmt":"2024-10-28T13:35:09","guid":{"rendered":"https:\/\/glowpremium.fr\/produit-eclaircissant\/gamme-eclaircissant-miss-white-teint-chinois-fair-white-500ml-2\/"},"modified":"2024-11-09T06:16:11","modified_gmt":"2024-11-09T05:16:11","slug":"gamme-eclaircissant-miss-white-teint-chinois-fair-white-500ml-2","status":"publish","type":"product","link":"https:\/\/glowpremium.fr\/en\/lightening-product\/miss-white-brightening-range-fair-white-chinese-complexion-500ml-2\/","title":{"rendered":"Miss White Chinese Fair &amp; White Lightening Range 500ml"},"content":{"rendered":"<p><strong>How to use :<\/strong><\/p>\n<p>On cleansed, dry skin, apply Miss White Milk all over the body once or twice a day. Massage lightly to ensure rapid absorption, paying particular attention to darker areas.<\/p>\n<p><strong>Recommmdation :<\/strong><\/p>\n<p>External use if you stop using the product.<\/p>\n<p><strong>Composition:\u00a0<\/strong><\/p>\n<p>Aqua (water), paraffinum liquidum (mineral oil), sodium lactate, glycerine, cetearyl alcohol, PEG-100 stearate, lactic acid, ceteareth-33, cyclopentasiloxane, triethanolamine, imidazolidinyl urea, methylparaben, propylparaben, parfum (fragrance), alpha-isomethyl ionone, benzyl benzoate, benzyl salicylate, butylphenyl methylpropional, citronellol, isoeugenol.<\/p>","protected":false},"excerpt":{"rendered":"<p class=\"p1\"><b><span style=\"font-family: Lucida Grande\">Miss White brightening range for mixed-race complexions from Fair &amp; White<\/span><\/b><span style=\"font-family: Lucida Grande\">\u00a0gives you visibly more beautiful, clearer, spot-free, even-toned, matte skin.<\/span><\/p>\n<p class=\"p1\"><span style=\"font-family: Lucida Grande\">Your skin is deeply nourished and smoothed! After just a few days, you'll notice that pigmentation spots are reduced and skin texture refined.\u00a0<\/span><\/p>\n<p class=\"p1\"><span style=\"font-family: Lucida Grande\"><b>Miss White\u00a0<\/b><b>is a whitening range from the Fair &amp; White brand<\/b>\u00a0which offers skincare products that will satisfy even the most demanding customers looking for a brighter complexion. A wide range of<b> FACE CARE<\/b>with voluptuous textures and a gourmet fragrance.\u00a0<b><\/b><\/span><\/p>\n<p class=\"p1\"><span style=\"font-family: Lucida Grande\">Targeted at <b>problems specific to each skin type<\/b>The range of treatments allows everyone to find their own personalised programme, with the pleasure of pampering themselves.\u00a0\u00a0<b><\/b><\/span><\/p>\n<p class=\"p1\"><span style=\"font-family: Lucida Grande\">Miss White, these are <b>products <\/b><b>reliable, tried and tested,<\/b> with no irreversible effects on health, manufactured in France by leaders in the <b>cosmetology for black and mixed-race skin<\/b>Fair &amp; White.<b>\u00a0<\/b><\/span><\/p>","protected":false},"featured_media":6062,"comment_status":"closed","ping_status":"closed","template":"","meta":[],"etheme_brands":[],"product_brand":[],"product_cat":[80,82],"product_tag":[],"class_list":{"0":"post-6063","1":"product","2":"type-product","3":"status-publish","4":"has-post-thumbnail","6":"product_cat-blanchissants-et-eclaircissants","7":"product_cat-gammes-eclaircissantes","9":"first","10":"instock","11":"shipping-taxable","12":"purchasable","13":"product-type-simple"},"yoast_head":"<!-- This site is optimized with the Yoast SEO plugin v26.7 - https:\/\/yoast.com\/wordpress\/plugins\/seo\/ -->\n<title>Gamme \u00c9claircissant Miss White Teint chinois Fair &amp; White 500ml - Glow Premium<\/title>\n<meta name=\"description\" content=\"\u00c9claircissant pour peaux fonc\u00e9es Soin \u00e9claircissant pour peaux m\u00e9tiss\u00e9esProduit de d\u00e9pigmentation pour peaux noires \u00e9claircissant pour peaux melan\u00e9es\" \/>\n<meta name=\"robots\" content=\"index, follow, max-snippet:-1, max-image-preview:large, max-video-preview:-1\" \/>\n<link rel=\"canonical\" href=\"https:\/\/glowpremium.fr\/en\/lightening-product\/miss-white-brightening-range-fair-white-chinese-complexion-500ml-2\/\" \/>\n<meta property=\"og:locale\" content=\"en_GB\" \/>\n<meta property=\"og:type\" content=\"article\" \/>\n<meta property=\"og:title\" content=\"Gamme \u00c9claircissant Miss White Teint chinois Fair &amp; White 500ml - Glow Premium\" \/>\n<meta property=\"og:description\" content=\"\u00c9claircissant pour peaux fonc\u00e9es Soin \u00e9claircissant pour peaux m\u00e9tiss\u00e9esProduit de d\u00e9pigmentation pour peaux noires \u00e9claircissant pour peaux melan\u00e9es\" \/>\n<meta property=\"og:url\" content=\"https:\/\/glowpremium.fr\/en\/lightening-product\/miss-white-brightening-range-fair-white-chinese-complexion-500ml-2\/\" \/>\n<meta property=\"og:site_name\" content=\"Glow Premium\" \/>\n<meta property=\"article:modified_time\" content=\"2024-11-09T05:16:11+00:00\" \/>\n<meta property=\"og:image\" content=\"https:\/\/glowpremium.fr\/wp-content\/uploads\/2024\/10\/PhotoRoom_20220430_180146-2.jpg\" \/>\n\t<meta property=\"og:image:width\" content=\"1790\" \/>\n\t<meta property=\"og:image:height\" content=\"2240\" \/>\n\t<meta property=\"og:image:type\" content=\"image\/jpeg\" \/>\n<meta name=\"twitter:card\" content=\"summary_large_image\" \/>\n<meta name=\"twitter:label1\" content=\"Estimated reading time\" \/>\n\t<meta name=\"twitter:data1\" content=\"1 minute\" \/>\n<script type=\"application\/ld+json\" class=\"yoast-schema-graph\">{\"@context\":\"https:\/\/schema.org\",\"@graph\":[{\"@type\":\"WebPage\",\"@id\":\"https:\/\/glowpremium.fr\/produit-eclaircissant\/gamme-eclaircissant-miss-white-teint-chinois-fair-white-500ml-2\/\",\"url\":\"https:\/\/glowpremium.fr\/produit-eclaircissant\/gamme-eclaircissant-miss-white-teint-chinois-fair-white-500ml-2\/\",\"name\":\"Gamme \u00c9claircissant Miss White Teint chinois Fair &amp; White 500ml - Glow Premium\",\"isPartOf\":{\"@id\":\"https:\/\/glowpremium.fr\/#website\"},\"primaryImageOfPage\":{\"@id\":\"https:\/\/glowpremium.fr\/produit-eclaircissant\/gamme-eclaircissant-miss-white-teint-chinois-fair-white-500ml-2\/#primaryimage\"},\"image\":{\"@id\":\"https:\/\/glowpremium.fr\/produit-eclaircissant\/gamme-eclaircissant-miss-white-teint-chinois-fair-white-500ml-2\/#primaryimage\"},\"thumbnailUrl\":\"https:\/\/glowpremium.fr\/wp-content\/uploads\/2024\/10\/PhotoRoom_20220430_180146-2.jpg\",\"datePublished\":\"2024-10-28T13:35:09+00:00\",\"dateModified\":\"2024-11-09T05:16:11+00:00\",\"description\":\"\u00c9claircissant pour peaux fonc\u00e9es Soin \u00e9claircissant pour peaux m\u00e9tiss\u00e9esProduit de d\u00e9pigmentation pour peaux noires \u00e9claircissant pour peaux melan\u00e9es\",\"breadcrumb\":{\"@id\":\"https:\/\/glowpremium.fr\/produit-eclaircissant\/gamme-eclaircissant-miss-white-teint-chinois-fair-white-500ml-2\/#breadcrumb\"},\"inLanguage\":\"en-GB\",\"potentialAction\":[{\"@type\":\"ReadAction\",\"target\":[\"https:\/\/glowpremium.fr\/produit-eclaircissant\/gamme-eclaircissant-miss-white-teint-chinois-fair-white-500ml-2\/\"]}]},{\"@type\":\"ImageObject\",\"inLanguage\":\"en-GB\",\"@id\":\"https:\/\/glowpremium.fr\/produit-eclaircissant\/gamme-eclaircissant-miss-white-teint-chinois-fair-white-500ml-2\/#primaryimage\",\"url\":\"https:\/\/glowpremium.fr\/wp-content\/uploads\/2024\/10\/PhotoRoom_20220430_180146-2.jpg\",\"contentUrl\":\"https:\/\/glowpremium.fr\/wp-content\/uploads\/2024\/10\/PhotoRoom_20220430_180146-2.jpg\",\"width\":1790,\"height\":2240},{\"@type\":\"BreadcrumbList\",\"@id\":\"https:\/\/glowpremium.fr\/produit-eclaircissant\/gamme-eclaircissant-miss-white-teint-chinois-fair-white-500ml-2\/#breadcrumb\",\"itemListElement\":[{\"@type\":\"ListItem\",\"position\":1,\"name\":\"Accueil\",\"item\":\"https:\/\/glowpremium.fr\/\"},{\"@type\":\"ListItem\",\"position\":2,\"name\":\"Boutique\",\"item\":\"https:\/\/glowpremium.fr\/boutique-produits-eclaircissants\/\"},{\"@type\":\"ListItem\",\"position\":3,\"name\":\"Gamme \u00c9claircissant Miss White Teint chinois Fair &amp; White 500ml\"}]},{\"@type\":\"WebSite\",\"@id\":\"https:\/\/glowpremium.fr\/#website\",\"url\":\"https:\/\/glowpremium.fr\/\",\"name\":\"Glow Premium\",\"description\":\"\",\"publisher\":{\"@id\":\"https:\/\/glowpremium.fr\/#organization\"},\"potentialAction\":[{\"@type\":\"SearchAction\",\"target\":{\"@type\":\"EntryPoint\",\"urlTemplate\":\"https:\/\/glowpremium.fr\/?s={search_term_string}\"},\"query-input\":{\"@type\":\"PropertyValueSpecification\",\"valueRequired\":true,\"valueName\":\"search_term_string\"}}],\"inLanguage\":\"en-GB\"},{\"@type\":\"Organization\",\"@id\":\"https:\/\/glowpremium.fr\/#organization\",\"name\":\"Glow Premium\",\"url\":\"https:\/\/glowpremium.fr\/\",\"logo\":{\"@type\":\"ImageObject\",\"inLanguage\":\"en-GB\",\"@id\":\"https:\/\/glowpremium.fr\/#\/schema\/logo\/image\/\",\"url\":\"https:\/\/glowpremium.fr\/wp-content\/uploads\/2024\/10\/screenshot_20241029_034909_chrome.jpg\",\"contentUrl\":\"https:\/\/glowpremium.fr\/wp-content\/uploads\/2024\/10\/screenshot_20241029_034909_chrome.jpg\",\"width\":866,\"height\":937,\"caption\":\"Glow Premium\"},\"image\":{\"@id\":\"https:\/\/glowpremium.fr\/#\/schema\/logo\/image\/\"}}]}<\/script>\n<!-- \/ Yoast SEO plugin. -->","yoast_head_json":{"title":"Gamme \u00c9claircissant Miss White Teint chinois Fair &amp; White 500ml - Glow Premium","description":"\u00c9claircissant pour peaux fonc\u00e9es Soin \u00e9claircissant pour peaux m\u00e9tiss\u00e9esProduit de d\u00e9pigmentation pour peaux noires \u00e9claircissant pour peaux melan\u00e9es","robots":{"index":"index","follow":"follow","max-snippet":"max-snippet:-1","max-image-preview":"max-image-preview:large","max-video-preview":"max-video-preview:-1"},"canonical":"https:\/\/glowpremium.fr\/en\/lightening-product\/miss-white-brightening-range-fair-white-chinese-complexion-500ml-2\/","og_locale":"en_GB","og_type":"article","og_title":"Gamme \u00c9claircissant Miss White Teint chinois Fair &amp; White 500ml - Glow Premium","og_description":"\u00c9claircissant pour peaux fonc\u00e9es Soin \u00e9claircissant pour peaux m\u00e9tiss\u00e9esProduit de d\u00e9pigmentation pour peaux noires \u00e9claircissant pour peaux melan\u00e9es","og_url":"https:\/\/glowpremium.fr\/en\/lightening-product\/miss-white-brightening-range-fair-white-chinese-complexion-500ml-2\/","og_site_name":"Glow Premium","article_modified_time":"2024-11-09T05:16:11+00:00","og_image":[{"width":1790,"height":2240,"url":"https:\/\/glowpremium.fr\/wp-content\/uploads\/2024\/10\/PhotoRoom_20220430_180146-2.jpg","type":"image\/jpeg"}],"twitter_card":"summary_large_image","twitter_misc":{"Estimated reading time":"1 minute"},"schema":{"@context":"https:\/\/schema.org","@graph":[{"@type":"WebPage","@id":"https:\/\/glowpremium.fr\/produit-eclaircissant\/gamme-eclaircissant-miss-white-teint-chinois-fair-white-500ml-2\/","url":"https:\/\/glowpremium.fr\/produit-eclaircissant\/gamme-eclaircissant-miss-white-teint-chinois-fair-white-500ml-2\/","name":"Gamme \u00c9claircissant Miss White Teint chinois Fair &amp; White 500ml - Glow Premium","isPartOf":{"@id":"https:\/\/glowpremium.fr\/#website"},"primaryImageOfPage":{"@id":"https:\/\/glowpremium.fr\/produit-eclaircissant\/gamme-eclaircissant-miss-white-teint-chinois-fair-white-500ml-2\/#primaryimage"},"image":{"@id":"https:\/\/glowpremium.fr\/produit-eclaircissant\/gamme-eclaircissant-miss-white-teint-chinois-fair-white-500ml-2\/#primaryimage"},"thumbnailUrl":"https:\/\/glowpremium.fr\/wp-content\/uploads\/2024\/10\/PhotoRoom_20220430_180146-2.jpg","datePublished":"2024-10-28T13:35:09+00:00","dateModified":"2024-11-09T05:16:11+00:00","description":"\u00c9claircissant pour peaux fonc\u00e9es Soin \u00e9claircissant pour peaux m\u00e9tiss\u00e9esProduit de d\u00e9pigmentation pour peaux noires \u00e9claircissant pour peaux melan\u00e9es","breadcrumb":{"@id":"https:\/\/glowpremium.fr\/produit-eclaircissant\/gamme-eclaircissant-miss-white-teint-chinois-fair-white-500ml-2\/#breadcrumb"},"inLanguage":"en-GB","potentialAction":[{"@type":"ReadAction","target":["https:\/\/glowpremium.fr\/produit-eclaircissant\/gamme-eclaircissant-miss-white-teint-chinois-fair-white-500ml-2\/"]}]},{"@type":"ImageObject","inLanguage":"en-GB","@id":"https:\/\/glowpremium.fr\/produit-eclaircissant\/gamme-eclaircissant-miss-white-teint-chinois-fair-white-500ml-2\/#primaryimage","url":"https:\/\/glowpremium.fr\/wp-content\/uploads\/2024\/10\/PhotoRoom_20220430_180146-2.jpg","contentUrl":"https:\/\/glowpremium.fr\/wp-content\/uploads\/2024\/10\/PhotoRoom_20220430_180146-2.jpg","width":1790,"height":2240},{"@type":"BreadcrumbList","@id":"https:\/\/glowpremium.fr\/produit-eclaircissant\/gamme-eclaircissant-miss-white-teint-chinois-fair-white-500ml-2\/#breadcrumb","itemListElement":[{"@type":"ListItem","position":1,"name":"Accueil","item":"https:\/\/glowpremium.fr\/"},{"@type":"ListItem","position":2,"name":"Boutique","item":"https:\/\/glowpremium.fr\/boutique-produits-eclaircissants\/"},{"@type":"ListItem","position":3,"name":"Gamme \u00c9claircissant Miss White Teint chinois Fair &amp; White 500ml"}]},{"@type":"WebSite","@id":"https:\/\/glowpremium.fr\/#website","url":"https:\/\/glowpremium.fr\/","name":"Glow Premium","description":"","publisher":{"@id":"https:\/\/glowpremium.fr\/#organization"},"potentialAction":[{"@type":"SearchAction","target":{"@type":"EntryPoint","urlTemplate":"https:\/\/glowpremium.fr\/?s={search_term_string}"},"query-input":{"@type":"PropertyValueSpecification","valueRequired":true,"valueName":"search_term_string"}}],"inLanguage":"en-GB"},{"@type":"Organization","@id":"https:\/\/glowpremium.fr\/#organization","name":"Glow Premium","url":"https:\/\/glowpremium.fr\/","logo":{"@type":"ImageObject","inLanguage":"en-GB","@id":"https:\/\/glowpremium.fr\/#\/schema\/logo\/image\/","url":"https:\/\/glowpremium.fr\/wp-content\/uploads\/2024\/10\/screenshot_20241029_034909_chrome.jpg","contentUrl":"https:\/\/glowpremium.fr\/wp-content\/uploads\/2024\/10\/screenshot_20241029_034909_chrome.jpg","width":866,"height":937,"caption":"Glow Premium"},"image":{"@id":"https:\/\/glowpremium.fr\/#\/schema\/logo\/image\/"}}]}},"_links":{"self":[{"href":"https:\/\/glowpremium.fr\/en\/wp-json\/wp\/v2\/product\/6063","targetHints":{"allow":["GET"]}}],"collection":[{"href":"https:\/\/glowpremium.fr\/en\/wp-json\/wp\/v2\/product"}],"about":[{"href":"https:\/\/glowpremium.fr\/en\/wp-json\/wp\/v2\/types\/product"}],"replies":[{"embeddable":true,"href":"https:\/\/glowpremium.fr\/en\/wp-json\/wp\/v2\/comments?post=6063"}],"version-history":[{"count":1,"href":"https:\/\/glowpremium.fr\/en\/wp-json\/wp\/v2\/product\/6063\/revisions"}],"predecessor-version":[{"id":7371,"href":"https:\/\/glowpremium.fr\/en\/wp-json\/wp\/v2\/product\/6063\/revisions\/7371"}],"wp:featuredmedia":[{"embeddable":true,"href":"https:\/\/glowpremium.fr\/en\/wp-json\/wp\/v2\/media\/6062"}],"wp:attachment":[{"href":"https:\/\/glowpremium.fr\/en\/wp-json\/wp\/v2\/media?parent=6063"}],"wp:term":[{"taxonomy":"brand","embeddable":true,"href":"https:\/\/glowpremium.fr\/en\/wp-json\/wp\/v2\/etheme_brands?post=6063"},{"taxonomy":"product_brand","embeddable":true,"href":"https:\/\/glowpremium.fr\/en\/wp-json\/wp\/v2\/product_brand?post=6063"},{"taxonomy":"product_cat","embeddable":true,"href":"https:\/\/glowpremium.fr\/en\/wp-json\/wp\/v2\/product_cat?post=6063"},{"taxonomy":"product_tag","embeddable":true,"href":"https:\/\/glowpremium.fr\/en\/wp-json\/wp\/v2\/product_tag?post=6063"}],"curies":[{"name":"wp","href":"https:\/\/api.w.org\/{rel}","templated":true}]}}