{"id":6038,"date":"2024-10-28T14:34:51","date_gmt":"2024-10-28T13:34:51","guid":{"rendered":"https:\/\/glowpremium.fr\/produit-eclaircissant\/kit-makari-serum-lait-et-savon-tonifiants-exclusifs-4\/"},"modified":"2024-11-09T08:42:35","modified_gmt":"2024-11-09T07:42:35","slug":"kit-makari-serum-lait-et-savon-tonifiants-exclusifs-4","status":"publish","type":"product","link":"https:\/\/glowpremium.fr\/en\/lightening-product\/makari-kit-exclusive-toning-milk-and-soap-4\/","title":{"rendered":"Makari Exclusive Toning Serum, Milk and Soap Kit"},"content":{"rendered":"<p><strong>How to use :<\/strong><\/p>\n<p><strong>Exclusive Toning Milk<\/strong><\/p>\n<ul>\n<li>First apply Toning Glycerin, Extreme Botanical Body Oil, BeBe Almond Massage Oil or another botanical oil to your freshly cleansed body.<\/li>\n<li>Apply evenly to the body to <strong>night 3x a week<\/strong>.<\/li>\n<li>Apply sparingly to lightened areas such as the inner arms, thighs and legs.<\/li>\n<li>This product is for the\u00a0<strong>BODY ONLY, DO NOT USE ON FACE!!!<\/strong><\/li>\n<li>Do not use more than <strong>3 times a week<\/strong>. Excessive use can damage the skin.<\/li>\n<li>Do not use for more than 3-4 consecutive months.<\/li>\n<li>We recommend using Naturalle SPF 15 toning cream, appropriate for your skin type, or a sunscreen during the day.<\/li>\n<li>We recommend using Voile de Corps hand and body lotion every other night to keep your skin moisturised.<\/li>\n<li>We recommend using Clarifying Cream and Exclusive Toning Serum to brighten knuckles, elbows, knees and toes.<\/li>\n<\/ul>\n<p><strong>Exclusive Exfoliating Soap<\/strong><\/p>\n<ul>\n<li>Massage gently in circular motions and rinse.<\/li>\n<li>Use 3 times a week, morning and evening, on the face and body<\/li>\n<li>For the face, follow with Extreme Toning Gel or Naturalle Serum appropriate for your skin type.<\/li>\n<li>For the body, follow with Extreme Botanical Body Oil or Extreme Glycerin<\/li>\n<li>Use a soap suited to your skin type alternately day and night<\/li>\n<\/ul>\n<p><strong>Exclusive Toning Serum<\/strong><\/p>\n<ul>\n<li>DO NOT apply to the entire face or body<\/li>\n<li>To lighten discolouration on the face or body, dab a cotton bud directly onto the deeply pigmented area.<\/li>\n<li>To stimulate lightening, mix a few pumps into milks, lotions, creams, gels or serums and apply as directed.<\/li>\n<li>The product should be used 3 times a week in the evening<\/li>\n<li>Must use sunscreen during the day to prevent future hyperpigmentation<\/li>\n<\/ul>\n<p><strong>Recommendation:<\/strong><\/p>\n<p>For external use only. Discontinue use if skin becomes irritated.<\/p>\n<p><strong>Composition:<\/strong><\/p>\n<p><strong>Exclusive Toning Milk<\/strong><\/p>\n<p>Aqua (water), glyceryl stearate, isopropyl myristate, glycerine, PEG-100 stearate, cetearyl alcohol, sorbitan stearate, mineral oil, dimethicone, carbomer, lemon limonum, glycyrrhiza glabra extract (liquorice), carrot oil (Daucus Catota Sativa), retinyl palmitate, allantoin, lanolin oil, benzyl alcohol, hydroxyethylcellulose, panthenol, mulberry root extract (Morus Alba), citric acid, sodium lactate, fragrance (parfum), ascorbic acid, sodium lauryl sulphate, sodium hydroxide, sodium metabisulphite, disodium EDTA, methylparaben, arbutin, propylparaben, A-isomethylionone, benzyl alcohol, benzyl salicylate.<\/p>\n<p><strong>Exclusive Exfoliating Soap<\/strong><\/p>\n<p>Sodium palmate, Aqua (water), glycerine, Butyrospernum Parkii (shea butter), carrot oil, retinyl palmitate, glycyrrhiza glabra extract (liquorice), carrot oil (Daucus Catota Sativa), sodium chloride, arbutin, Prunus Armeniaca extract (apricot seed), sodium hydroxide, Parfum (Perfume), tetrasodium EDTA, BHT, A-Isomethyl Ionone, benzyl alcohol, benzyl salicylate, FD &amp; C Red #4, FD &amp; C Red #33.<\/p>\n<p><strong>Exclusive Toning Serum<\/strong><\/p>\n<p>Aqua (water), propylene glycol, carbomer, glycerine, sodium lactate, glycyrrhiza glabra extract (liquorice), mulberry root extract (Morus Alba), lemon limonum, arbutin, retinyl palmitate, phenoxyethanol, parfum (fragrance), citrus acid, allantoin, ascorbic acid, sodium sulphite, disodium EDTA, A-isomethylionone, benzyl alcohol, benzyl salicylate.<\/p>","protected":false},"excerpt":{"rendered":"<p><strong>Exclusive Toning Milk<\/strong><\/p>\n<p>A powerful skin-lightening toner infused with a potent concentration of skin-lightening botanicals effectively brightens skin tone by diminishing the appearance of stubborn hyperpigmented discolouration and helps create an even, even complexion. Should be used with glycerine or vegetable oil to keep skin well hydrated.\u00a0\u00a0<strong>BODY ONLY<\/strong>\u00a0 <strong>product. DO NOT USE ON THE FACE.<\/strong><\/p>\n<ul>\n<li>Illuminates and brightens skin tone<\/li>\n<li>Evens out the complexion<\/li>\n<li>Moisturises and softens<\/li>\n<li><strong>Recommended for all skin types except sensitive<\/strong><\/li>\n<\/ul>\n<p><strong>Exclusive Exfoliating Soap\u00a0<\/strong><\/p>\n<p>Reveal luminous skin with this advanced exfoliating brightening bar that cleanses impurities, exfoliates dull, dead skin and promotes a clear, even complexion.<\/p>\n<ul>\n<li>Detoxifies and exfoliates<\/li>\n<li>Clarifies brown spots and imperfections<\/li>\n<li>Improves skin radiance<\/li>\n<li><strong>Recommended for all skin types, except sensitive<\/strong><\/li>\n<\/ul>\n<p><strong>Exclusive Toning Serum<\/strong><\/p>\n<div class=\"O1\">This powerful skin brightening serum is a light, powerful gel-cream that effectively brightens deeply pigmented skin problems such as brown spots, sunburn, dark knuckles and acne blemishes or can be used as a brightening booster to intensify skin radiance when mixed. with milks, lotions, creams, gels or serums.<\/div>\n<div class=\"O1\">\n<ul>\n<li>Promotes a clear, even complexion<\/li>\n<li>Used to treat and eliminate areas of discolouration on the face and body<\/li>\n<li>Helps stimulate lightening when mixed with other products for stubborn skin<\/li>\n<li>Use as recommended for best results<\/li>\n<li><strong>Recommended for all skin types except sensitive skin<\/strong><\/li>\n<li><strong>Do not apply to the whole face or body!<\/strong><\/li>\n<\/ul>\n<\/div>\n<p>&nbsp;<\/p>","protected":false},"featured_media":6037,"comment_status":"closed","ping_status":"closed","template":"","meta":[],"etheme_brands":[],"product_brand":[],"product_cat":[80,82],"product_tag":[],"class_list":{"0":"post-6038","1":"product","2":"type-product","3":"status-publish","4":"has-post-thumbnail","6":"product_cat-blanchissants-et-eclaircissants","7":"product_cat-gammes-eclaircissantes","9":"first","10":"instock","11":"shipping-taxable","12":"purchasable","13":"product-type-simple"},"yoast_head":"<!-- This site is optimized with the Yoast SEO plugin v26.7 - https:\/\/yoast.com\/wordpress\/plugins\/seo\/ -->\n<title>Kit Makari S\u00e9rum, Lait et Savon Tonifiants Exclusifs - Glow Premium<\/title>\n<meta name=\"description\" content=\"\u00c9claircissant pour peaux fonc\u00e9esSoin \u00e9claircissant pour peaux m\u00e9tiss\u00e9esProduit de d\u00e9pigmentation pour peaux noires \u00e9claircissant pour peaux melan\u00e9es\" \/>\n<meta name=\"robots\" content=\"index, follow, max-snippet:-1, max-image-preview:large, max-video-preview:-1\" \/>\n<link rel=\"canonical\" href=\"https:\/\/glowpremium.fr\/en\/lightening-product\/makari-kit-exclusive-toning-milk-and-soap-4\/\" \/>\n<meta property=\"og:locale\" content=\"en_GB\" \/>\n<meta property=\"og:type\" content=\"article\" \/>\n<meta property=\"og:title\" content=\"Kit Makari S\u00e9rum, Lait et Savon Tonifiants Exclusifs - Glow Premium\" \/>\n<meta property=\"og:description\" content=\"\u00c9claircissant pour peaux fonc\u00e9esSoin \u00e9claircissant pour peaux m\u00e9tiss\u00e9esProduit de d\u00e9pigmentation pour peaux noires \u00e9claircissant pour peaux melan\u00e9es\" \/>\n<meta property=\"og:url\" content=\"https:\/\/glowpremium.fr\/en\/lightening-product\/makari-kit-exclusive-toning-milk-and-soap-4\/\" \/>\n<meta property=\"og:site_name\" content=\"Glow Premium\" \/>\n<meta property=\"article:modified_time\" content=\"2024-11-09T07:42:35+00:00\" \/>\n<meta property=\"og:image\" content=\"https:\/\/glowpremium.fr\/wp-content\/uploads\/2024\/10\/PhotoRoom_20220518_101225.jpg\" \/>\n\t<meta property=\"og:image:width\" content=\"2048\" \/>\n\t<meta property=\"og:image:height\" content=\"1875\" \/>\n\t<meta property=\"og:image:type\" content=\"image\/jpeg\" \/>\n<meta name=\"twitter:card\" content=\"summary_large_image\" \/>\n<meta name=\"twitter:label1\" content=\"Estimated reading time\" \/>\n\t<meta name=\"twitter:data1\" content=\"3 minutes\" \/>\n<script type=\"application\/ld+json\" class=\"yoast-schema-graph\">{\"@context\":\"https:\/\/schema.org\",\"@graph\":[{\"@type\":\"WebPage\",\"@id\":\"https:\/\/glowpremium.fr\/produit-eclaircissant\/kit-makari-serum-lait-et-savon-tonifiants-exclusifs-4\/\",\"url\":\"https:\/\/glowpremium.fr\/produit-eclaircissant\/kit-makari-serum-lait-et-savon-tonifiants-exclusifs-4\/\",\"name\":\"Kit Makari S\u00e9rum, Lait et Savon Tonifiants Exclusifs - Glow Premium\",\"isPartOf\":{\"@id\":\"https:\/\/glowpremium.fr\/#website\"},\"primaryImageOfPage\":{\"@id\":\"https:\/\/glowpremium.fr\/produit-eclaircissant\/kit-makari-serum-lait-et-savon-tonifiants-exclusifs-4\/#primaryimage\"},\"image\":{\"@id\":\"https:\/\/glowpremium.fr\/produit-eclaircissant\/kit-makari-serum-lait-et-savon-tonifiants-exclusifs-4\/#primaryimage\"},\"thumbnailUrl\":\"https:\/\/glowpremium.fr\/wp-content\/uploads\/2024\/10\/PhotoRoom_20220518_101225.jpg\",\"datePublished\":\"2024-10-28T13:34:51+00:00\",\"dateModified\":\"2024-11-09T07:42:35+00:00\",\"description\":\"\u00c9claircissant pour peaux fonc\u00e9esSoin \u00e9claircissant pour peaux m\u00e9tiss\u00e9esProduit de d\u00e9pigmentation pour peaux noires \u00e9claircissant pour peaux melan\u00e9es\",\"breadcrumb\":{\"@id\":\"https:\/\/glowpremium.fr\/produit-eclaircissant\/kit-makari-serum-lait-et-savon-tonifiants-exclusifs-4\/#breadcrumb\"},\"inLanguage\":\"en-GB\",\"potentialAction\":[{\"@type\":\"ReadAction\",\"target\":[\"https:\/\/glowpremium.fr\/produit-eclaircissant\/kit-makari-serum-lait-et-savon-tonifiants-exclusifs-4\/\"]}]},{\"@type\":\"ImageObject\",\"inLanguage\":\"en-GB\",\"@id\":\"https:\/\/glowpremium.fr\/produit-eclaircissant\/kit-makari-serum-lait-et-savon-tonifiants-exclusifs-4\/#primaryimage\",\"url\":\"https:\/\/glowpremium.fr\/wp-content\/uploads\/2024\/10\/PhotoRoom_20220518_101225.jpg\",\"contentUrl\":\"https:\/\/glowpremium.fr\/wp-content\/uploads\/2024\/10\/PhotoRoom_20220518_101225.jpg\",\"width\":2048,\"height\":1875},{\"@type\":\"BreadcrumbList\",\"@id\":\"https:\/\/glowpremium.fr\/produit-eclaircissant\/kit-makari-serum-lait-et-savon-tonifiants-exclusifs-4\/#breadcrumb\",\"itemListElement\":[{\"@type\":\"ListItem\",\"position\":1,\"name\":\"Accueil\",\"item\":\"https:\/\/glowpremium.fr\/\"},{\"@type\":\"ListItem\",\"position\":2,\"name\":\"Boutique\",\"item\":\"https:\/\/glowpremium.fr\/boutique-produits-eclaircissants\/\"},{\"@type\":\"ListItem\",\"position\":3,\"name\":\"Kit Makari S\u00e9rum, Lait et Savon Tonifiants Exclusifs\"}]},{\"@type\":\"WebSite\",\"@id\":\"https:\/\/glowpremium.fr\/#website\",\"url\":\"https:\/\/glowpremium.fr\/\",\"name\":\"Glow Premium\",\"description\":\"\",\"publisher\":{\"@id\":\"https:\/\/glowpremium.fr\/#organization\"},\"potentialAction\":[{\"@type\":\"SearchAction\",\"target\":{\"@type\":\"EntryPoint\",\"urlTemplate\":\"https:\/\/glowpremium.fr\/?s={search_term_string}\"},\"query-input\":{\"@type\":\"PropertyValueSpecification\",\"valueRequired\":true,\"valueName\":\"search_term_string\"}}],\"inLanguage\":\"en-GB\"},{\"@type\":\"Organization\",\"@id\":\"https:\/\/glowpremium.fr\/#organization\",\"name\":\"Glow Premium\",\"url\":\"https:\/\/glowpremium.fr\/\",\"logo\":{\"@type\":\"ImageObject\",\"inLanguage\":\"en-GB\",\"@id\":\"https:\/\/glowpremium.fr\/#\/schema\/logo\/image\/\",\"url\":\"https:\/\/glowpremium.fr\/wp-content\/uploads\/2024\/10\/screenshot_20241029_034909_chrome.jpg\",\"contentUrl\":\"https:\/\/glowpremium.fr\/wp-content\/uploads\/2024\/10\/screenshot_20241029_034909_chrome.jpg\",\"width\":866,\"height\":937,\"caption\":\"Glow Premium\"},\"image\":{\"@id\":\"https:\/\/glowpremium.fr\/#\/schema\/logo\/image\/\"}}]}<\/script>\n<!-- \/ Yoast SEO plugin. -->","yoast_head_json":{"title":"Kit Makari S\u00e9rum, Lait et Savon Tonifiants Exclusifs - Glow Premium","description":"\u00c9claircissant pour peaux fonc\u00e9esSoin \u00e9claircissant pour peaux m\u00e9tiss\u00e9esProduit de d\u00e9pigmentation pour peaux noires \u00e9claircissant pour peaux melan\u00e9es","robots":{"index":"index","follow":"follow","max-snippet":"max-snippet:-1","max-image-preview":"max-image-preview:large","max-video-preview":"max-video-preview:-1"},"canonical":"https:\/\/glowpremium.fr\/en\/lightening-product\/makari-kit-exclusive-toning-milk-and-soap-4\/","og_locale":"en_GB","og_type":"article","og_title":"Kit Makari S\u00e9rum, Lait et Savon Tonifiants Exclusifs - Glow Premium","og_description":"\u00c9claircissant pour peaux fonc\u00e9esSoin \u00e9claircissant pour peaux m\u00e9tiss\u00e9esProduit de d\u00e9pigmentation pour peaux noires \u00e9claircissant pour peaux melan\u00e9es","og_url":"https:\/\/glowpremium.fr\/en\/lightening-product\/makari-kit-exclusive-toning-milk-and-soap-4\/","og_site_name":"Glow Premium","article_modified_time":"2024-11-09T07:42:35+00:00","og_image":[{"width":2048,"height":1875,"url":"https:\/\/glowpremium.fr\/wp-content\/uploads\/2024\/10\/PhotoRoom_20220518_101225.jpg","type":"image\/jpeg"}],"twitter_card":"summary_large_image","twitter_misc":{"Estimated reading time":"3 minutes"},"schema":{"@context":"https:\/\/schema.org","@graph":[{"@type":"WebPage","@id":"https:\/\/glowpremium.fr\/produit-eclaircissant\/kit-makari-serum-lait-et-savon-tonifiants-exclusifs-4\/","url":"https:\/\/glowpremium.fr\/produit-eclaircissant\/kit-makari-serum-lait-et-savon-tonifiants-exclusifs-4\/","name":"Kit Makari S\u00e9rum, Lait et Savon Tonifiants Exclusifs - Glow Premium","isPartOf":{"@id":"https:\/\/glowpremium.fr\/#website"},"primaryImageOfPage":{"@id":"https:\/\/glowpremium.fr\/produit-eclaircissant\/kit-makari-serum-lait-et-savon-tonifiants-exclusifs-4\/#primaryimage"},"image":{"@id":"https:\/\/glowpremium.fr\/produit-eclaircissant\/kit-makari-serum-lait-et-savon-tonifiants-exclusifs-4\/#primaryimage"},"thumbnailUrl":"https:\/\/glowpremium.fr\/wp-content\/uploads\/2024\/10\/PhotoRoom_20220518_101225.jpg","datePublished":"2024-10-28T13:34:51+00:00","dateModified":"2024-11-09T07:42:35+00:00","description":"\u00c9claircissant pour peaux fonc\u00e9esSoin \u00e9claircissant pour peaux m\u00e9tiss\u00e9esProduit de d\u00e9pigmentation pour peaux noires \u00e9claircissant pour peaux melan\u00e9es","breadcrumb":{"@id":"https:\/\/glowpremium.fr\/produit-eclaircissant\/kit-makari-serum-lait-et-savon-tonifiants-exclusifs-4\/#breadcrumb"},"inLanguage":"en-GB","potentialAction":[{"@type":"ReadAction","target":["https:\/\/glowpremium.fr\/produit-eclaircissant\/kit-makari-serum-lait-et-savon-tonifiants-exclusifs-4\/"]}]},{"@type":"ImageObject","inLanguage":"en-GB","@id":"https:\/\/glowpremium.fr\/produit-eclaircissant\/kit-makari-serum-lait-et-savon-tonifiants-exclusifs-4\/#primaryimage","url":"https:\/\/glowpremium.fr\/wp-content\/uploads\/2024\/10\/PhotoRoom_20220518_101225.jpg","contentUrl":"https:\/\/glowpremium.fr\/wp-content\/uploads\/2024\/10\/PhotoRoom_20220518_101225.jpg","width":2048,"height":1875},{"@type":"BreadcrumbList","@id":"https:\/\/glowpremium.fr\/produit-eclaircissant\/kit-makari-serum-lait-et-savon-tonifiants-exclusifs-4\/#breadcrumb","itemListElement":[{"@type":"ListItem","position":1,"name":"Accueil","item":"https:\/\/glowpremium.fr\/"},{"@type":"ListItem","position":2,"name":"Boutique","item":"https:\/\/glowpremium.fr\/boutique-produits-eclaircissants\/"},{"@type":"ListItem","position":3,"name":"Kit Makari S\u00e9rum, Lait et Savon Tonifiants Exclusifs"}]},{"@type":"WebSite","@id":"https:\/\/glowpremium.fr\/#website","url":"https:\/\/glowpremium.fr\/","name":"Glow Premium","description":"","publisher":{"@id":"https:\/\/glowpremium.fr\/#organization"},"potentialAction":[{"@type":"SearchAction","target":{"@type":"EntryPoint","urlTemplate":"https:\/\/glowpremium.fr\/?s={search_term_string}"},"query-input":{"@type":"PropertyValueSpecification","valueRequired":true,"valueName":"search_term_string"}}],"inLanguage":"en-GB"},{"@type":"Organization","@id":"https:\/\/glowpremium.fr\/#organization","name":"Glow Premium","url":"https:\/\/glowpremium.fr\/","logo":{"@type":"ImageObject","inLanguage":"en-GB","@id":"https:\/\/glowpremium.fr\/#\/schema\/logo\/image\/","url":"https:\/\/glowpremium.fr\/wp-content\/uploads\/2024\/10\/screenshot_20241029_034909_chrome.jpg","contentUrl":"https:\/\/glowpremium.fr\/wp-content\/uploads\/2024\/10\/screenshot_20241029_034909_chrome.jpg","width":866,"height":937,"caption":"Glow Premium"},"image":{"@id":"https:\/\/glowpremium.fr\/#\/schema\/logo\/image\/"}}]}},"_links":{"self":[{"href":"https:\/\/glowpremium.fr\/en\/wp-json\/wp\/v2\/product\/6038","targetHints":{"allow":["GET"]}}],"collection":[{"href":"https:\/\/glowpremium.fr\/en\/wp-json\/wp\/v2\/product"}],"about":[{"href":"https:\/\/glowpremium.fr\/en\/wp-json\/wp\/v2\/types\/product"}],"replies":[{"embeddable":true,"href":"https:\/\/glowpremium.fr\/en\/wp-json\/wp\/v2\/comments?post=6038"}],"version-history":[{"count":1,"href":"https:\/\/glowpremium.fr\/en\/wp-json\/wp\/v2\/product\/6038\/revisions"}],"predecessor-version":[{"id":7390,"href":"https:\/\/glowpremium.fr\/en\/wp-json\/wp\/v2\/product\/6038\/revisions\/7390"}],"wp:featuredmedia":[{"embeddable":true,"href":"https:\/\/glowpremium.fr\/en\/wp-json\/wp\/v2\/media\/6037"}],"wp:attachment":[{"href":"https:\/\/glowpremium.fr\/en\/wp-json\/wp\/v2\/media?parent=6038"}],"wp:term":[{"taxonomy":"brand","embeddable":true,"href":"https:\/\/glowpremium.fr\/en\/wp-json\/wp\/v2\/etheme_brands?post=6038"},{"taxonomy":"product_brand","embeddable":true,"href":"https:\/\/glowpremium.fr\/en\/wp-json\/wp\/v2\/product_brand?post=6038"},{"taxonomy":"product_cat","embeddable":true,"href":"https:\/\/glowpremium.fr\/en\/wp-json\/wp\/v2\/product_cat?post=6038"},{"taxonomy":"product_tag","embeddable":true,"href":"https:\/\/glowpremium.fr\/en\/wp-json\/wp\/v2\/product_tag?post=6038"}],"curies":[{"name":"wp","href":"https:\/\/api.w.org\/{rel}","templated":true}]}}