{"id":6018,"date":"2024-10-28T14:34:40","date_gmt":"2024-10-28T13:34:40","guid":{"rendered":"https:\/\/glowpremium.fr\/produit-eclaircissant\/gamme-de-beaute-eclaircissant-makari-de-suisse-2\/"},"modified":"2024-11-09T10:36:50","modified_gmt":"2024-11-09T09:36:50","slug":"gamme-de-beaute-eclaircissant-makari-de-suisse-2","status":"publish","type":"product","link":"https:\/\/glowpremium.fr\/en\/lightening-product\/makari-lightening-beauty-range-from-switzerland-2\/","title":{"rendered":"Makari de Suisse lightening beauty range"},"content":{"rendered":"<p><strong>How to use :<\/strong><\/p>\n<p>To get the best results from the Makari de Suisse lightening range, we recommend applying it once or twice a day to cleansed skin.<\/p>\n<p><strong>Recommendation:<\/strong><\/p>\n<p>Do not apply to the face. If irritation occurs, discontinue use immediately.<\/p>\n<p><strong>Composition:<\/strong><\/p>\n<p><em><strong>Makari de Beaut\u00e9 beauty milk\u00a0<\/strong><\/em><\/p>\n<p>Purified water, Vegetable oil, Cyclomethicone, Cetearyl alcohol, Stearic acid, Cetyl phosphate, Glyceryl stearate, Glyc\u00e9rine, Tridecyl stearate, Cetearyl glucoside, Carbom\u00e8re, Sodium hydroxide, Sorbitan stearate, Panthenol, Evening primrose oil, Dim\u00e9thicone mulberry root extract, Bearberry leaf extract, Licorice extract, Propyl\u00e8ne glycol (pg) USP, Escin, Hawthorn berry, Glycyrrhetinic acid, Carrot oil, Retinyl propionate, Tocopheryl acetate, Allantoin, Disodium EDTA, Citric acid Hydroxypropyl methylcellulose Phenoxyethanol, methylparaben, dmdm Hydantoin, Carrageenan extract, Fragrance (parfum) Hexyl cinnamal, Benzyl benzoate, Citronellol, isoeugenol, Geraniol, Limonene, Linalool, Hydroxyisohexyl 3-cyclohexene carboxaldehyde, Benzyl salicylate.<\/p>\n<p><em><strong>Makari Repair Serum\u00a0<\/strong><\/em><\/p>\n<p>Aqua (Water), Grape Extract, Propylene Glycol, Glycolic Acid, Carrageenan Extract, Wheat Germ Protein, Corn Extract, Mulberry (Morus Alba) Root Extract, Hydrolyzed Soy Protein, Hydroxyethylcellulose, Acrylates Copolymer, Allantoin, Mimosa Tenuiflora (Bark) Extract, Locust Bean Extract, Phenoxyethanol, Methylparaben, DMDM Hydantoin, Disodium EDTA, Fragrance (Parfum), Ascorbic Acid.<\/p>\n<p><em><strong>Repairing soap<\/strong><\/em><\/p>\n<p>Sodium Palmate, Sodium Kernelate, Aqua, Parfum, Glycerin, Tetrasodium EDTA, Triclosan, Mulberry Extract, Prunus Armeniaca (Apricot Seed) Extract, Sodium Chloride, Sodium Hydroxide, Citric Acid.<\/p>","protected":false},"excerpt":{"rendered":"<p>The Makari beauty range from Switzerland is your daily ally for softness.  It's a lightening range with a light texture that gives your skin a soft appearance and quickly reduces excessive melanin formation.<\/p>\n<p>The range consists of :<\/p>\n<ul>\n<li>\u00a0<strong>Makari de Beaut\u00e9 beauty milk 140 ML<\/strong><\/li>\n<li><strong>Makari Repair Serum 40 ML<\/strong><\/li>\n<li><strong>Exfoliating Soap 200 g<\/strong><\/li>\n<\/ul>","protected":false},"featured_media":6017,"comment_status":"closed","ping_status":"closed","template":"","meta":[],"etheme_brands":[],"product_brand":[],"product_cat":[80,82],"product_tag":[],"class_list":{"0":"post-6018","1":"product","2":"type-product","3":"status-publish","4":"has-post-thumbnail","6":"product_cat-blanchissants-et-eclaircissants","7":"product_cat-gammes-eclaircissantes","9":"first","10":"instock","11":"shipping-taxable","12":"purchasable","13":"product-type-simple"},"yoast_head":"<!-- This site is optimized with the Yoast SEO plugin v26.7 - https:\/\/yoast.com\/wordpress\/plugins\/seo\/ -->\n<title>Gamme de beaut\u00e9 \u00e9claircissant Makari De Suisse - Glow Premium<\/title>\n<meta name=\"description\" content=\"\u00c9claircissant pour peaux fonc\u00e9esSoin \u00e9claircissant pour peaux m\u00e9tiss\u00e9esProduit de d\u00e9pigmentation pour peaux noiresS\u00e9rum \u00e9claircissant pour peaux melan\u00e9e\" \/>\n<meta name=\"robots\" content=\"index, follow, max-snippet:-1, max-image-preview:large, max-video-preview:-1\" \/>\n<link rel=\"canonical\" href=\"https:\/\/glowpremium.fr\/en\/lightening-product\/makari-lightening-beauty-range-from-switzerland-2\/\" \/>\n<meta property=\"og:locale\" content=\"en_GB\" \/>\n<meta property=\"og:type\" content=\"article\" \/>\n<meta property=\"og:title\" content=\"Gamme de beaut\u00e9 \u00e9claircissant Makari De Suisse - Glow Premium\" \/>\n<meta property=\"og:description\" content=\"\u00c9claircissant pour peaux fonc\u00e9esSoin \u00e9claircissant pour peaux m\u00e9tiss\u00e9esProduit de d\u00e9pigmentation pour peaux noiresS\u00e9rum \u00e9claircissant pour peaux melan\u00e9e\" \/>\n<meta property=\"og:url\" content=\"https:\/\/glowpremium.fr\/en\/lightening-product\/makari-lightening-beauty-range-from-switzerland-2\/\" \/>\n<meta property=\"og:site_name\" content=\"Glow Premium\" \/>\n<meta property=\"article:modified_time\" content=\"2024-11-09T09:36:50+00:00\" \/>\n<meta property=\"og:image\" content=\"https:\/\/glowpremium.fr\/wp-content\/uploads\/2024\/10\/PhotoRoom_20220517_054040.jpg\" \/>\n\t<meta property=\"og:image:width\" content=\"2000\" \/>\n\t<meta property=\"og:image:height\" content=\"1825\" \/>\n\t<meta property=\"og:image:type\" content=\"image\/jpeg\" \/>\n<meta name=\"twitter:card\" content=\"summary_large_image\" \/>\n<meta name=\"twitter:label1\" content=\"Estimated reading time\" \/>\n\t<meta name=\"twitter:data1\" content=\"2 minutes\" \/>\n<script type=\"application\/ld+json\" class=\"yoast-schema-graph\">{\"@context\":\"https:\/\/schema.org\",\"@graph\":[{\"@type\":\"WebPage\",\"@id\":\"https:\/\/glowpremium.fr\/produit-eclaircissant\/gamme-de-beaute-eclaircissant-makari-de-suisse-2\/\",\"url\":\"https:\/\/glowpremium.fr\/produit-eclaircissant\/gamme-de-beaute-eclaircissant-makari-de-suisse-2\/\",\"name\":\"Gamme de beaut\u00e9 \u00e9claircissant Makari De Suisse - Glow Premium\",\"isPartOf\":{\"@id\":\"https:\/\/glowpremium.fr\/#website\"},\"primaryImageOfPage\":{\"@id\":\"https:\/\/glowpremium.fr\/produit-eclaircissant\/gamme-de-beaute-eclaircissant-makari-de-suisse-2\/#primaryimage\"},\"image\":{\"@id\":\"https:\/\/glowpremium.fr\/produit-eclaircissant\/gamme-de-beaute-eclaircissant-makari-de-suisse-2\/#primaryimage\"},\"thumbnailUrl\":\"https:\/\/glowpremium.fr\/wp-content\/uploads\/2024\/10\/PhotoRoom_20220517_054040.jpg\",\"datePublished\":\"2024-10-28T13:34:40+00:00\",\"dateModified\":\"2024-11-09T09:36:50+00:00\",\"description\":\"\u00c9claircissant pour peaux fonc\u00e9esSoin \u00e9claircissant pour peaux m\u00e9tiss\u00e9esProduit de d\u00e9pigmentation pour peaux noiresS\u00e9rum \u00e9claircissant pour peaux melan\u00e9e\",\"breadcrumb\":{\"@id\":\"https:\/\/glowpremium.fr\/produit-eclaircissant\/gamme-de-beaute-eclaircissant-makari-de-suisse-2\/#breadcrumb\"},\"inLanguage\":\"en-GB\",\"potentialAction\":[{\"@type\":\"ReadAction\",\"target\":[\"https:\/\/glowpremium.fr\/produit-eclaircissant\/gamme-de-beaute-eclaircissant-makari-de-suisse-2\/\"]}]},{\"@type\":\"ImageObject\",\"inLanguage\":\"en-GB\",\"@id\":\"https:\/\/glowpremium.fr\/produit-eclaircissant\/gamme-de-beaute-eclaircissant-makari-de-suisse-2\/#primaryimage\",\"url\":\"https:\/\/glowpremium.fr\/wp-content\/uploads\/2024\/10\/PhotoRoom_20220517_054040.jpg\",\"contentUrl\":\"https:\/\/glowpremium.fr\/wp-content\/uploads\/2024\/10\/PhotoRoom_20220517_054040.jpg\",\"width\":2000,\"height\":1825},{\"@type\":\"BreadcrumbList\",\"@id\":\"https:\/\/glowpremium.fr\/produit-eclaircissant\/gamme-de-beaute-eclaircissant-makari-de-suisse-2\/#breadcrumb\",\"itemListElement\":[{\"@type\":\"ListItem\",\"position\":1,\"name\":\"Accueil\",\"item\":\"https:\/\/glowpremium.fr\/\"},{\"@type\":\"ListItem\",\"position\":2,\"name\":\"Boutique\",\"item\":\"https:\/\/glowpremium.fr\/boutique-produits-eclaircissants\/\"},{\"@type\":\"ListItem\",\"position\":3,\"name\":\"Gamme de beaut\u00e9 \u00e9claircissant Makari De Suisse\"}]},{\"@type\":\"WebSite\",\"@id\":\"https:\/\/glowpremium.fr\/#website\",\"url\":\"https:\/\/glowpremium.fr\/\",\"name\":\"Glow Premium\",\"description\":\"\",\"publisher\":{\"@id\":\"https:\/\/glowpremium.fr\/#organization\"},\"potentialAction\":[{\"@type\":\"SearchAction\",\"target\":{\"@type\":\"EntryPoint\",\"urlTemplate\":\"https:\/\/glowpremium.fr\/?s={search_term_string}\"},\"query-input\":{\"@type\":\"PropertyValueSpecification\",\"valueRequired\":true,\"valueName\":\"search_term_string\"}}],\"inLanguage\":\"en-GB\"},{\"@type\":\"Organization\",\"@id\":\"https:\/\/glowpremium.fr\/#organization\",\"name\":\"Glow Premium\",\"url\":\"https:\/\/glowpremium.fr\/\",\"logo\":{\"@type\":\"ImageObject\",\"inLanguage\":\"en-GB\",\"@id\":\"https:\/\/glowpremium.fr\/#\/schema\/logo\/image\/\",\"url\":\"https:\/\/glowpremium.fr\/wp-content\/uploads\/2024\/10\/screenshot_20241029_034909_chrome.jpg\",\"contentUrl\":\"https:\/\/glowpremium.fr\/wp-content\/uploads\/2024\/10\/screenshot_20241029_034909_chrome.jpg\",\"width\":866,\"height\":937,\"caption\":\"Glow Premium\"},\"image\":{\"@id\":\"https:\/\/glowpremium.fr\/#\/schema\/logo\/image\/\"}}]}<\/script>\n<!-- \/ Yoast SEO plugin. -->","yoast_head_json":{"title":"Gamme de beaut\u00e9 \u00e9claircissant Makari De Suisse - Glow Premium","description":"\u00c9claircissant pour peaux fonc\u00e9esSoin \u00e9claircissant pour peaux m\u00e9tiss\u00e9esProduit de d\u00e9pigmentation pour peaux noiresS\u00e9rum \u00e9claircissant pour peaux melan\u00e9e","robots":{"index":"index","follow":"follow","max-snippet":"max-snippet:-1","max-image-preview":"max-image-preview:large","max-video-preview":"max-video-preview:-1"},"canonical":"https:\/\/glowpremium.fr\/en\/lightening-product\/makari-lightening-beauty-range-from-switzerland-2\/","og_locale":"en_GB","og_type":"article","og_title":"Gamme de beaut\u00e9 \u00e9claircissant Makari De Suisse - Glow Premium","og_description":"\u00c9claircissant pour peaux fonc\u00e9esSoin \u00e9claircissant pour peaux m\u00e9tiss\u00e9esProduit de d\u00e9pigmentation pour peaux noiresS\u00e9rum \u00e9claircissant pour peaux melan\u00e9e","og_url":"https:\/\/glowpremium.fr\/en\/lightening-product\/makari-lightening-beauty-range-from-switzerland-2\/","og_site_name":"Glow Premium","article_modified_time":"2024-11-09T09:36:50+00:00","og_image":[{"width":2000,"height":1825,"url":"https:\/\/glowpremium.fr\/wp-content\/uploads\/2024\/10\/PhotoRoom_20220517_054040.jpg","type":"image\/jpeg"}],"twitter_card":"summary_large_image","twitter_misc":{"Estimated reading time":"2 minutes"},"schema":{"@context":"https:\/\/schema.org","@graph":[{"@type":"WebPage","@id":"https:\/\/glowpremium.fr\/produit-eclaircissant\/gamme-de-beaute-eclaircissant-makari-de-suisse-2\/","url":"https:\/\/glowpremium.fr\/produit-eclaircissant\/gamme-de-beaute-eclaircissant-makari-de-suisse-2\/","name":"Gamme de beaut\u00e9 \u00e9claircissant Makari De Suisse - Glow Premium","isPartOf":{"@id":"https:\/\/glowpremium.fr\/#website"},"primaryImageOfPage":{"@id":"https:\/\/glowpremium.fr\/produit-eclaircissant\/gamme-de-beaute-eclaircissant-makari-de-suisse-2\/#primaryimage"},"image":{"@id":"https:\/\/glowpremium.fr\/produit-eclaircissant\/gamme-de-beaute-eclaircissant-makari-de-suisse-2\/#primaryimage"},"thumbnailUrl":"https:\/\/glowpremium.fr\/wp-content\/uploads\/2024\/10\/PhotoRoom_20220517_054040.jpg","datePublished":"2024-10-28T13:34:40+00:00","dateModified":"2024-11-09T09:36:50+00:00","description":"\u00c9claircissant pour peaux fonc\u00e9esSoin \u00e9claircissant pour peaux m\u00e9tiss\u00e9esProduit de d\u00e9pigmentation pour peaux noiresS\u00e9rum \u00e9claircissant pour peaux melan\u00e9e","breadcrumb":{"@id":"https:\/\/glowpremium.fr\/produit-eclaircissant\/gamme-de-beaute-eclaircissant-makari-de-suisse-2\/#breadcrumb"},"inLanguage":"en-GB","potentialAction":[{"@type":"ReadAction","target":["https:\/\/glowpremium.fr\/produit-eclaircissant\/gamme-de-beaute-eclaircissant-makari-de-suisse-2\/"]}]},{"@type":"ImageObject","inLanguage":"en-GB","@id":"https:\/\/glowpremium.fr\/produit-eclaircissant\/gamme-de-beaute-eclaircissant-makari-de-suisse-2\/#primaryimage","url":"https:\/\/glowpremium.fr\/wp-content\/uploads\/2024\/10\/PhotoRoom_20220517_054040.jpg","contentUrl":"https:\/\/glowpremium.fr\/wp-content\/uploads\/2024\/10\/PhotoRoom_20220517_054040.jpg","width":2000,"height":1825},{"@type":"BreadcrumbList","@id":"https:\/\/glowpremium.fr\/produit-eclaircissant\/gamme-de-beaute-eclaircissant-makari-de-suisse-2\/#breadcrumb","itemListElement":[{"@type":"ListItem","position":1,"name":"Accueil","item":"https:\/\/glowpremium.fr\/"},{"@type":"ListItem","position":2,"name":"Boutique","item":"https:\/\/glowpremium.fr\/boutique-produits-eclaircissants\/"},{"@type":"ListItem","position":3,"name":"Gamme de beaut\u00e9 \u00e9claircissant Makari De Suisse"}]},{"@type":"WebSite","@id":"https:\/\/glowpremium.fr\/#website","url":"https:\/\/glowpremium.fr\/","name":"Glow Premium","description":"","publisher":{"@id":"https:\/\/glowpremium.fr\/#organization"},"potentialAction":[{"@type":"SearchAction","target":{"@type":"EntryPoint","urlTemplate":"https:\/\/glowpremium.fr\/?s={search_term_string}"},"query-input":{"@type":"PropertyValueSpecification","valueRequired":true,"valueName":"search_term_string"}}],"inLanguage":"en-GB"},{"@type":"Organization","@id":"https:\/\/glowpremium.fr\/#organization","name":"Glow Premium","url":"https:\/\/glowpremium.fr\/","logo":{"@type":"ImageObject","inLanguage":"en-GB","@id":"https:\/\/glowpremium.fr\/#\/schema\/logo\/image\/","url":"https:\/\/glowpremium.fr\/wp-content\/uploads\/2024\/10\/screenshot_20241029_034909_chrome.jpg","contentUrl":"https:\/\/glowpremium.fr\/wp-content\/uploads\/2024\/10\/screenshot_20241029_034909_chrome.jpg","width":866,"height":937,"caption":"Glow Premium"},"image":{"@id":"https:\/\/glowpremium.fr\/#\/schema\/logo\/image\/"}}]}},"_links":{"self":[{"href":"https:\/\/glowpremium.fr\/en\/wp-json\/wp\/v2\/product\/6018","targetHints":{"allow":["GET"]}}],"collection":[{"href":"https:\/\/glowpremium.fr\/en\/wp-json\/wp\/v2\/product"}],"about":[{"href":"https:\/\/glowpremium.fr\/en\/wp-json\/wp\/v2\/types\/product"}],"replies":[{"embeddable":true,"href":"https:\/\/glowpremium.fr\/en\/wp-json\/wp\/v2\/comments?post=6018"}],"version-history":[{"count":1,"href":"https:\/\/glowpremium.fr\/en\/wp-json\/wp\/v2\/product\/6018\/revisions"}],"predecessor-version":[{"id":7402,"href":"https:\/\/glowpremium.fr\/en\/wp-json\/wp\/v2\/product\/6018\/revisions\/7402"}],"wp:featuredmedia":[{"embeddable":true,"href":"https:\/\/glowpremium.fr\/en\/wp-json\/wp\/v2\/media\/6017"}],"wp:attachment":[{"href":"https:\/\/glowpremium.fr\/en\/wp-json\/wp\/v2\/media?parent=6018"}],"wp:term":[{"taxonomy":"brand","embeddable":true,"href":"https:\/\/glowpremium.fr\/en\/wp-json\/wp\/v2\/etheme_brands?post=6018"},{"taxonomy":"product_brand","embeddable":true,"href":"https:\/\/glowpremium.fr\/en\/wp-json\/wp\/v2\/product_brand?post=6018"},{"taxonomy":"product_cat","embeddable":true,"href":"https:\/\/glowpremium.fr\/en\/wp-json\/wp\/v2\/product_cat?post=6018"},{"taxonomy":"product_tag","embeddable":true,"href":"https:\/\/glowpremium.fr\/en\/wp-json\/wp\/v2\/product_tag?post=6018"}],"curies":[{"name":"wp","href":"https:\/\/api.w.org\/{rel}","templated":true}]}}