{"id":5988,"date":"2024-10-28T14:34:24","date_gmt":"2024-10-28T13:34:24","guid":{"rendered":"https:\/\/glowpremium.fr\/produit-eclaircissant\/makari-naturalle-carotonic-extreme-lotion-corps-eclaircissant-4\/"},"modified":"2024-11-09T16:51:23","modified_gmt":"2024-11-09T15:51:23","slug":"makari-naturalle-carotonic-extreme-lotion-corps-eclaircissant-4","status":"publish","type":"product","link":"https:\/\/glowpremium.fr\/en\/lightening-product\/makari-naturalle-carotonic-extreme-brightening-body-lotion-4\/","title":{"rendered":"Makari Naturalle Carotonic Extreme Lightening Body Lotion"},"content":{"rendered":"<p><strong>How to use :<\/strong><br \/>\nApply the body lotion once or twice a day to skin cleansed with MAKARI NATURALLE exfoliating and purifying soap.  Pay particular attention to hands, elbows and knees!  To boost results on hard-to-treat areas, use a MAKARI NATURALLE cream or serum.<br \/>\n<strong>Recommendation:<\/strong><br \/>\nFor use on the body only. Keep out of reach of children. For external use only.<br \/>\n<strong>Composition:<\/strong><br \/>\nAqua (Water), Glyceryl Stearate, Cetearyl Alcohol, Glycerin, Propylene Glycol, Ceteareth-20, Isopropyl Myristate, Mulberry (Morus Alba) Root Extract, Benzophenone-3, Octyl Methoxycinnamate, Octyl Dimethyl PABA, Lanolin Oil, Daucus Carota Sativa (Carrot) Seed Oil, Citrus Limonum (Lemon), Glycyrrhiza Glabra (Licorice) Root Extract, Sambucus Nigra (Black Elder), Rubus Fructicosus (Blackberry), Tilia Vulgaris (Linden), Dimethicone, Decyl Oleate, Paraffinum Liquidum, (Mineral Oil), Fragrance (Parfum), Sodium Lactate, Allantoin, Tocopherol Acetate (Vitamin E), Ascorbic Acid (Vitamin C), Sodium Lauryl Sulfate, Retinyl Palmitate (Vitamin A Palmitate), Sodium Metabisulfite, Disodium EDTA, Methylparaben, Propylparaben, P-Chloro-M (Cresol) Benzyl Alcohol, Benzyl Benzoate, Benzyl Cinnamate, Benzyl Salicylate..<\/p>","protected":false},"excerpt":{"rendered":"<p>Carotonic Extr\u00eame Multivitamin Body Soap is a nourishing skin care product that can lighten and even out skin tone while providing the necessary moisturising effect. Recommended in pharmacies and dermatology clinics, it will be your ally against unsightly spots.<\/p>","protected":false},"featured_media":5987,"comment_status":"closed","ping_status":"closed","template":"","meta":[],"etheme_brands":[],"product_brand":[],"product_cat":[80,87],"product_tag":[],"class_list":{"0":"post-5988","1":"product","2":"type-product","3":"status-publish","4":"has-post-thumbnail","6":"product_cat-blanchissants-et-eclaircissants","7":"product_cat-savons-eclaircissants","9":"first","10":"instock","11":"shipping-taxable","12":"purchasable","13":"product-type-simple"},"yoast_head":"<!-- This site is optimized with the Yoast SEO plugin v26.7 - https:\/\/yoast.com\/wordpress\/plugins\/seo\/ -->\n<title>Makari Naturalle Carotonic Extr\u00eame Lotion Corps \u00e9claircissant - Glow Premium<\/title>\n<meta name=\"description\" content=\"\u00c9claircissant pour peaux fonc\u00e9esSoin \u00e9claircissant pour peaux m\u00e9tiss\u00e9esProduit de d\u00e9pigmentation pour peaux noires \u00e9claircissant pour peaux melan\u00e9\" \/>\n<meta name=\"robots\" content=\"index, follow, max-snippet:-1, max-image-preview:large, max-video-preview:-1\" \/>\n<link rel=\"canonical\" href=\"https:\/\/glowpremium.fr\/en\/lightening-product\/makari-naturalle-carotonic-extreme-brightening-body-lotion-4\/\" \/>\n<meta property=\"og:locale\" content=\"en_GB\" \/>\n<meta property=\"og:type\" content=\"article\" \/>\n<meta property=\"og:title\" content=\"Makari Naturalle Carotonic Extr\u00eame Lotion Corps \u00e9claircissant - Glow Premium\" \/>\n<meta property=\"og:description\" content=\"\u00c9claircissant pour peaux fonc\u00e9esSoin \u00e9claircissant pour peaux m\u00e9tiss\u00e9esProduit de d\u00e9pigmentation pour peaux noires \u00e9claircissant pour peaux melan\u00e9\" \/>\n<meta property=\"og:url\" content=\"https:\/\/glowpremium.fr\/en\/lightening-product\/makari-naturalle-carotonic-extreme-brightening-body-lotion-4\/\" \/>\n<meta property=\"og:site_name\" content=\"Glow Premium\" \/>\n<meta property=\"article:modified_time\" content=\"2024-11-09T15:51:23+00:00\" \/>\n<meta property=\"og:image\" content=\"https:\/\/glowpremium.fr\/wp-content\/uploads\/2024\/10\/Capture-decran-2021-08-04-a-20.19.28.png\" \/>\n\t<meta property=\"og:image:width\" content=\"610\" \/>\n\t<meta property=\"og:image:height\" content=\"579\" \/>\n\t<meta property=\"og:image:type\" content=\"image\/png\" \/>\n<meta name=\"twitter:card\" content=\"summary_large_image\" \/>\n<meta name=\"twitter:label1\" content=\"Estimated reading time\" \/>\n\t<meta name=\"twitter:data1\" content=\"2 minutes\" \/>\n<script type=\"application\/ld+json\" class=\"yoast-schema-graph\">{\"@context\":\"https:\/\/schema.org\",\"@graph\":[{\"@type\":\"WebPage\",\"@id\":\"https:\/\/glowpremium.fr\/produit-eclaircissant\/makari-naturalle-carotonic-extreme-lotion-corps-eclaircissant-4\/\",\"url\":\"https:\/\/glowpremium.fr\/produit-eclaircissant\/makari-naturalle-carotonic-extreme-lotion-corps-eclaircissant-4\/\",\"name\":\"Makari Naturalle Carotonic Extr\u00eame Lotion Corps \u00e9claircissant - Glow Premium\",\"isPartOf\":{\"@id\":\"https:\/\/glowpremium.fr\/#website\"},\"primaryImageOfPage\":{\"@id\":\"https:\/\/glowpremium.fr\/produit-eclaircissant\/makari-naturalle-carotonic-extreme-lotion-corps-eclaircissant-4\/#primaryimage\"},\"image\":{\"@id\":\"https:\/\/glowpremium.fr\/produit-eclaircissant\/makari-naturalle-carotonic-extreme-lotion-corps-eclaircissant-4\/#primaryimage\"},\"thumbnailUrl\":\"https:\/\/glowpremium.fr\/wp-content\/uploads\/2024\/10\/Capture-decran-2021-08-04-a-20.19.28.png\",\"datePublished\":\"2024-10-28T13:34:24+00:00\",\"dateModified\":\"2024-11-09T15:51:23+00:00\",\"description\":\"\u00c9claircissant pour peaux fonc\u00e9esSoin \u00e9claircissant pour peaux m\u00e9tiss\u00e9esProduit de d\u00e9pigmentation pour peaux noires \u00e9claircissant pour peaux melan\u00e9\",\"breadcrumb\":{\"@id\":\"https:\/\/glowpremium.fr\/produit-eclaircissant\/makari-naturalle-carotonic-extreme-lotion-corps-eclaircissant-4\/#breadcrumb\"},\"inLanguage\":\"en-GB\",\"potentialAction\":[{\"@type\":\"ReadAction\",\"target\":[\"https:\/\/glowpremium.fr\/produit-eclaircissant\/makari-naturalle-carotonic-extreme-lotion-corps-eclaircissant-4\/\"]}]},{\"@type\":\"ImageObject\",\"inLanguage\":\"en-GB\",\"@id\":\"https:\/\/glowpremium.fr\/produit-eclaircissant\/makari-naturalle-carotonic-extreme-lotion-corps-eclaircissant-4\/#primaryimage\",\"url\":\"https:\/\/glowpremium.fr\/wp-content\/uploads\/2024\/10\/Capture-decran-2021-08-04-a-20.19.28.png\",\"contentUrl\":\"https:\/\/glowpremium.fr\/wp-content\/uploads\/2024\/10\/Capture-decran-2021-08-04-a-20.19.28.png\",\"width\":610,\"height\":579},{\"@type\":\"BreadcrumbList\",\"@id\":\"https:\/\/glowpremium.fr\/produit-eclaircissant\/makari-naturalle-carotonic-extreme-lotion-corps-eclaircissant-4\/#breadcrumb\",\"itemListElement\":[{\"@type\":\"ListItem\",\"position\":1,\"name\":\"Accueil\",\"item\":\"https:\/\/glowpremium.fr\/\"},{\"@type\":\"ListItem\",\"position\":2,\"name\":\"Boutique\",\"item\":\"https:\/\/glowpremium.fr\/boutique-produits-eclaircissants\/\"},{\"@type\":\"ListItem\",\"position\":3,\"name\":\"Makari Naturalle Carotonic Extr\u00eame Lotion Corps \u00e9claircissant\"}]},{\"@type\":\"WebSite\",\"@id\":\"https:\/\/glowpremium.fr\/#website\",\"url\":\"https:\/\/glowpremium.fr\/\",\"name\":\"Glow Premium\",\"description\":\"\",\"publisher\":{\"@id\":\"https:\/\/glowpremium.fr\/#organization\"},\"potentialAction\":[{\"@type\":\"SearchAction\",\"target\":{\"@type\":\"EntryPoint\",\"urlTemplate\":\"https:\/\/glowpremium.fr\/?s={search_term_string}\"},\"query-input\":{\"@type\":\"PropertyValueSpecification\",\"valueRequired\":true,\"valueName\":\"search_term_string\"}}],\"inLanguage\":\"en-GB\"},{\"@type\":\"Organization\",\"@id\":\"https:\/\/glowpremium.fr\/#organization\",\"name\":\"Glow Premium\",\"url\":\"https:\/\/glowpremium.fr\/\",\"logo\":{\"@type\":\"ImageObject\",\"inLanguage\":\"en-GB\",\"@id\":\"https:\/\/glowpremium.fr\/#\/schema\/logo\/image\/\",\"url\":\"https:\/\/glowpremium.fr\/wp-content\/uploads\/2024\/10\/screenshot_20241029_034909_chrome.jpg\",\"contentUrl\":\"https:\/\/glowpremium.fr\/wp-content\/uploads\/2024\/10\/screenshot_20241029_034909_chrome.jpg\",\"width\":866,\"height\":937,\"caption\":\"Glow Premium\"},\"image\":{\"@id\":\"https:\/\/glowpremium.fr\/#\/schema\/logo\/image\/\"}}]}<\/script>\n<!-- \/ Yoast SEO plugin. -->","yoast_head_json":{"title":"Makari Naturalle Carotonic Extr\u00eame Lotion Corps \u00e9claircissant - Glow Premium","description":"\u00c9claircissant pour peaux fonc\u00e9esSoin \u00e9claircissant pour peaux m\u00e9tiss\u00e9esProduit de d\u00e9pigmentation pour peaux noires \u00e9claircissant pour peaux melan\u00e9","robots":{"index":"index","follow":"follow","max-snippet":"max-snippet:-1","max-image-preview":"max-image-preview:large","max-video-preview":"max-video-preview:-1"},"canonical":"https:\/\/glowpremium.fr\/en\/lightening-product\/makari-naturalle-carotonic-extreme-brightening-body-lotion-4\/","og_locale":"en_GB","og_type":"article","og_title":"Makari Naturalle Carotonic Extr\u00eame Lotion Corps \u00e9claircissant - Glow Premium","og_description":"\u00c9claircissant pour peaux fonc\u00e9esSoin \u00e9claircissant pour peaux m\u00e9tiss\u00e9esProduit de d\u00e9pigmentation pour peaux noires \u00e9claircissant pour peaux melan\u00e9","og_url":"https:\/\/glowpremium.fr\/en\/lightening-product\/makari-naturalle-carotonic-extreme-brightening-body-lotion-4\/","og_site_name":"Glow Premium","article_modified_time":"2024-11-09T15:51:23+00:00","og_image":[{"width":610,"height":579,"url":"https:\/\/glowpremium.fr\/wp-content\/uploads\/2024\/10\/Capture-decran-2021-08-04-a-20.19.28.png","type":"image\/png"}],"twitter_card":"summary_large_image","twitter_misc":{"Estimated reading time":"2 minutes"},"schema":{"@context":"https:\/\/schema.org","@graph":[{"@type":"WebPage","@id":"https:\/\/glowpremium.fr\/produit-eclaircissant\/makari-naturalle-carotonic-extreme-lotion-corps-eclaircissant-4\/","url":"https:\/\/glowpremium.fr\/produit-eclaircissant\/makari-naturalle-carotonic-extreme-lotion-corps-eclaircissant-4\/","name":"Makari Naturalle Carotonic Extr\u00eame Lotion Corps \u00e9claircissant - Glow Premium","isPartOf":{"@id":"https:\/\/glowpremium.fr\/#website"},"primaryImageOfPage":{"@id":"https:\/\/glowpremium.fr\/produit-eclaircissant\/makari-naturalle-carotonic-extreme-lotion-corps-eclaircissant-4\/#primaryimage"},"image":{"@id":"https:\/\/glowpremium.fr\/produit-eclaircissant\/makari-naturalle-carotonic-extreme-lotion-corps-eclaircissant-4\/#primaryimage"},"thumbnailUrl":"https:\/\/glowpremium.fr\/wp-content\/uploads\/2024\/10\/Capture-decran-2021-08-04-a-20.19.28.png","datePublished":"2024-10-28T13:34:24+00:00","dateModified":"2024-11-09T15:51:23+00:00","description":"\u00c9claircissant pour peaux fonc\u00e9esSoin \u00e9claircissant pour peaux m\u00e9tiss\u00e9esProduit de d\u00e9pigmentation pour peaux noires \u00e9claircissant pour peaux melan\u00e9","breadcrumb":{"@id":"https:\/\/glowpremium.fr\/produit-eclaircissant\/makari-naturalle-carotonic-extreme-lotion-corps-eclaircissant-4\/#breadcrumb"},"inLanguage":"en-GB","potentialAction":[{"@type":"ReadAction","target":["https:\/\/glowpremium.fr\/produit-eclaircissant\/makari-naturalle-carotonic-extreme-lotion-corps-eclaircissant-4\/"]}]},{"@type":"ImageObject","inLanguage":"en-GB","@id":"https:\/\/glowpremium.fr\/produit-eclaircissant\/makari-naturalle-carotonic-extreme-lotion-corps-eclaircissant-4\/#primaryimage","url":"https:\/\/glowpremium.fr\/wp-content\/uploads\/2024\/10\/Capture-decran-2021-08-04-a-20.19.28.png","contentUrl":"https:\/\/glowpremium.fr\/wp-content\/uploads\/2024\/10\/Capture-decran-2021-08-04-a-20.19.28.png","width":610,"height":579},{"@type":"BreadcrumbList","@id":"https:\/\/glowpremium.fr\/produit-eclaircissant\/makari-naturalle-carotonic-extreme-lotion-corps-eclaircissant-4\/#breadcrumb","itemListElement":[{"@type":"ListItem","position":1,"name":"Accueil","item":"https:\/\/glowpremium.fr\/"},{"@type":"ListItem","position":2,"name":"Boutique","item":"https:\/\/glowpremium.fr\/boutique-produits-eclaircissants\/"},{"@type":"ListItem","position":3,"name":"Makari Naturalle Carotonic Extr\u00eame Lotion Corps \u00e9claircissant"}]},{"@type":"WebSite","@id":"https:\/\/glowpremium.fr\/#website","url":"https:\/\/glowpremium.fr\/","name":"Glow Premium","description":"","publisher":{"@id":"https:\/\/glowpremium.fr\/#organization"},"potentialAction":[{"@type":"SearchAction","target":{"@type":"EntryPoint","urlTemplate":"https:\/\/glowpremium.fr\/?s={search_term_string}"},"query-input":{"@type":"PropertyValueSpecification","valueRequired":true,"valueName":"search_term_string"}}],"inLanguage":"en-GB"},{"@type":"Organization","@id":"https:\/\/glowpremium.fr\/#organization","name":"Glow Premium","url":"https:\/\/glowpremium.fr\/","logo":{"@type":"ImageObject","inLanguage":"en-GB","@id":"https:\/\/glowpremium.fr\/#\/schema\/logo\/image\/","url":"https:\/\/glowpremium.fr\/wp-content\/uploads\/2024\/10\/screenshot_20241029_034909_chrome.jpg","contentUrl":"https:\/\/glowpremium.fr\/wp-content\/uploads\/2024\/10\/screenshot_20241029_034909_chrome.jpg","width":866,"height":937,"caption":"Glow Premium"},"image":{"@id":"https:\/\/glowpremium.fr\/#\/schema\/logo\/image\/"}}]}},"_links":{"self":[{"href":"https:\/\/glowpremium.fr\/en\/wp-json\/wp\/v2\/product\/5988","targetHints":{"allow":["GET"]}}],"collection":[{"href":"https:\/\/glowpremium.fr\/en\/wp-json\/wp\/v2\/product"}],"about":[{"href":"https:\/\/glowpremium.fr\/en\/wp-json\/wp\/v2\/types\/product"}],"replies":[{"embeddable":true,"href":"https:\/\/glowpremium.fr\/en\/wp-json\/wp\/v2\/comments?post=5988"}],"version-history":[{"count":1,"href":"https:\/\/glowpremium.fr\/en\/wp-json\/wp\/v2\/product\/5988\/revisions"}],"predecessor-version":[{"id":7417,"href":"https:\/\/glowpremium.fr\/en\/wp-json\/wp\/v2\/product\/5988\/revisions\/7417"}],"wp:featuredmedia":[{"embeddable":true,"href":"https:\/\/glowpremium.fr\/en\/wp-json\/wp\/v2\/media\/5987"}],"wp:attachment":[{"href":"https:\/\/glowpremium.fr\/en\/wp-json\/wp\/v2\/media?parent=5988"}],"wp:term":[{"taxonomy":"brand","embeddable":true,"href":"https:\/\/glowpremium.fr\/en\/wp-json\/wp\/v2\/etheme_brands?post=5988"},{"taxonomy":"product_brand","embeddable":true,"href":"https:\/\/glowpremium.fr\/en\/wp-json\/wp\/v2\/product_brand?post=5988"},{"taxonomy":"product_cat","embeddable":true,"href":"https:\/\/glowpremium.fr\/en\/wp-json\/wp\/v2\/product_cat?post=5988"},{"taxonomy":"product_tag","embeddable":true,"href":"https:\/\/glowpremium.fr\/en\/wp-json\/wp\/v2\/product_tag?post=5988"}],"curies":[{"name":"wp","href":"https:\/\/api.w.org\/{rel}","templated":true}]}}