{"id":5973,"date":"2024-10-28T14:34:16","date_gmt":"2024-10-28T13:34:16","guid":{"rendered":"https:\/\/glowpremium.fr\/produit-eclaircissant\/lait-eclaircissant-gold-skin-a-la-bave-descragot-et-concentre-eclaircissant-seducteur-clair-au-glutathione-bave-descargot-2\/"},"modified":"2024-11-09T17:56:27","modified_gmt":"2024-11-09T16:56:27","slug":"lait-eclaircissant-gold-skin-a-la-bave-descragot-et-concentre-eclaircissant-seducteur-clair-au-glutathione-bave-descargot-2","status":"publish","type":"product","link":"https:\/\/glowpremium.fr\/en\/lightening-product\/gold-skin-lightening-milk-with-descargot-slime-and-clear-seductive-lightening-concentrate-with-glutathione-descargot-slime-2\/","title":{"rendered":"Gold Skin lightening duo with escragot slime"},"content":{"rendered":"<p><strong>How to use :<\/strong><\/p>\n<p>Use the range on clean, dry skin. You can add S\u00e9ducteur Clair concentrate to Gold Skin milk.<\/p>\n<p><strong>Recommendation:<\/strong><\/p>\n<p>If irritated, discontinue use. Keep out of reach of children.<\/p>\n<p><strong>Composition:<\/strong><\/p>\n<p>Glutahione, Snail slime, Collagen, Fruit acid, EDTA Water.<\/p>","protected":false},"excerpt":{"rendered":"<p>GOLD SKIN milk is a clarifying and repairing skin care product formulated with snail slime. This highly repairing, sublimating and anti-ageing active ingredient moisturises, evens out and firms your skin day after day, while respecting its natural integrity. Protected and enhanced, your skin regains its softness, radiance and firmness.<\/p>\n<p>S\u00e9ducteur Clair concentrate is an anti-spot. It gives the skin a luminous, radiant, clear and smooth complexion on all parts of the body.<\/p>","protected":false},"featured_media":5972,"comment_status":"closed","ping_status":"closed","template":"","meta":[],"etheme_brands":[],"product_brand":[],"product_cat":[80,82],"product_tag":[],"class_list":{"0":"post-5973","1":"product","2":"type-product","3":"status-publish","4":"has-post-thumbnail","6":"product_cat-blanchissants-et-eclaircissants","7":"product_cat-gammes-eclaircissantes","9":"first","10":"instock","11":"shipping-taxable","12":"purchasable","13":"product-type-simple"},"yoast_head":"<!-- This site is optimized with the Yoast SEO plugin v26.7 - https:\/\/yoast.com\/wordpress\/plugins\/seo\/ -->\n<title>Duo \u00e9claircissant Gold Skin \u00e0 la bave d&#039;escragot - Glow Premium<\/title>\n<meta name=\"description\" content=\"\u00c9claircissant pour peaux fonc\u00e9esSoin \u00e9claircissant pour peaux m\u00e9tiss\u00e9esProduit de d\u00e9pigmentation pour peaux noiresS\u00e9rum \u00e9claircissant pour peaux melan\u00e9es\" \/>\n<meta name=\"robots\" content=\"index, follow, max-snippet:-1, max-image-preview:large, max-video-preview:-1\" \/>\n<link rel=\"canonical\" href=\"https:\/\/glowpremium.fr\/en\/lightening-product\/gold-skin-lightening-milk-with-descargot-slime-and-clear-seductive-lightening-concentrate-with-glutathione-descargot-slime-2\/\" \/>\n<meta property=\"og:locale\" content=\"en_GB\" \/>\n<meta property=\"og:type\" content=\"article\" \/>\n<meta property=\"og:title\" content=\"Duo \u00e9claircissant Gold Skin \u00e0 la bave d&#039;escragot - Glow Premium\" \/>\n<meta property=\"og:description\" content=\"\u00c9claircissant pour peaux fonc\u00e9esSoin \u00e9claircissant pour peaux m\u00e9tiss\u00e9esProduit de d\u00e9pigmentation pour peaux noiresS\u00e9rum \u00e9claircissant pour peaux melan\u00e9es\" \/>\n<meta property=\"og:url\" content=\"https:\/\/glowpremium.fr\/en\/lightening-product\/gold-skin-lightening-milk-with-descargot-slime-and-clear-seductive-lightening-concentrate-with-glutathione-descargot-slime-2\/\" \/>\n<meta property=\"og:site_name\" content=\"Glow Premium\" \/>\n<meta property=\"article:modified_time\" content=\"2024-11-09T16:56:27+00:00\" \/>\n<meta property=\"og:image\" content=\"https:\/\/glowpremium.fr\/wp-content\/uploads\/2024\/10\/PhotoRoom_20220430_180612.jpg\" \/>\n\t<meta property=\"og:image:width\" content=\"1078\" \/>\n\t<meta property=\"og:image:height\" content=\"1808\" \/>\n\t<meta property=\"og:image:type\" content=\"image\/jpeg\" \/>\n<meta name=\"twitter:card\" content=\"summary_large_image\" \/>\n<meta name=\"twitter:label1\" content=\"Estimated reading time\" \/>\n\t<meta name=\"twitter:data1\" content=\"1 minute\" \/>\n<script type=\"application\/ld+json\" class=\"yoast-schema-graph\">{\"@context\":\"https:\/\/schema.org\",\"@graph\":[{\"@type\":\"WebPage\",\"@id\":\"https:\/\/glowpremium.fr\/produit-eclaircissant\/lait-eclaircissant-gold-skin-a-la-bave-descragot-et-concentre-eclaircissant-seducteur-clair-au-glutathione-bave-descargot-2\/\",\"url\":\"https:\/\/glowpremium.fr\/produit-eclaircissant\/lait-eclaircissant-gold-skin-a-la-bave-descragot-et-concentre-eclaircissant-seducteur-clair-au-glutathione-bave-descargot-2\/\",\"name\":\"Duo \u00e9claircissant Gold Skin \u00e0 la bave d'escragot - Glow Premium\",\"isPartOf\":{\"@id\":\"https:\/\/glowpremium.fr\/#website\"},\"primaryImageOfPage\":{\"@id\":\"https:\/\/glowpremium.fr\/produit-eclaircissant\/lait-eclaircissant-gold-skin-a-la-bave-descragot-et-concentre-eclaircissant-seducteur-clair-au-glutathione-bave-descargot-2\/#primaryimage\"},\"image\":{\"@id\":\"https:\/\/glowpremium.fr\/produit-eclaircissant\/lait-eclaircissant-gold-skin-a-la-bave-descragot-et-concentre-eclaircissant-seducteur-clair-au-glutathione-bave-descargot-2\/#primaryimage\"},\"thumbnailUrl\":\"https:\/\/glowpremium.fr\/wp-content\/uploads\/2024\/10\/PhotoRoom_20220430_180612.jpg\",\"datePublished\":\"2024-10-28T13:34:16+00:00\",\"dateModified\":\"2024-11-09T16:56:27+00:00\",\"description\":\"\u00c9claircissant pour peaux fonc\u00e9esSoin \u00e9claircissant pour peaux m\u00e9tiss\u00e9esProduit de d\u00e9pigmentation pour peaux noiresS\u00e9rum \u00e9claircissant pour peaux melan\u00e9es\",\"breadcrumb\":{\"@id\":\"https:\/\/glowpremium.fr\/produit-eclaircissant\/lait-eclaircissant-gold-skin-a-la-bave-descragot-et-concentre-eclaircissant-seducteur-clair-au-glutathione-bave-descargot-2\/#breadcrumb\"},\"inLanguage\":\"en-GB\",\"potentialAction\":[{\"@type\":\"ReadAction\",\"target\":[\"https:\/\/glowpremium.fr\/produit-eclaircissant\/lait-eclaircissant-gold-skin-a-la-bave-descragot-et-concentre-eclaircissant-seducteur-clair-au-glutathione-bave-descargot-2\/\"]}]},{\"@type\":\"ImageObject\",\"inLanguage\":\"en-GB\",\"@id\":\"https:\/\/glowpremium.fr\/produit-eclaircissant\/lait-eclaircissant-gold-skin-a-la-bave-descragot-et-concentre-eclaircissant-seducteur-clair-au-glutathione-bave-descargot-2\/#primaryimage\",\"url\":\"https:\/\/glowpremium.fr\/wp-content\/uploads\/2024\/10\/PhotoRoom_20220430_180612.jpg\",\"contentUrl\":\"https:\/\/glowpremium.fr\/wp-content\/uploads\/2024\/10\/PhotoRoom_20220430_180612.jpg\",\"width\":1078,\"height\":1808},{\"@type\":\"BreadcrumbList\",\"@id\":\"https:\/\/glowpremium.fr\/produit-eclaircissant\/lait-eclaircissant-gold-skin-a-la-bave-descragot-et-concentre-eclaircissant-seducteur-clair-au-glutathione-bave-descargot-2\/#breadcrumb\",\"itemListElement\":[{\"@type\":\"ListItem\",\"position\":1,\"name\":\"Accueil\",\"item\":\"https:\/\/glowpremium.fr\/\"},{\"@type\":\"ListItem\",\"position\":2,\"name\":\"Boutique\",\"item\":\"https:\/\/glowpremium.fr\/boutique-produits-eclaircissants\/\"},{\"@type\":\"ListItem\",\"position\":3,\"name\":\"Duo \u00e9claircissant Gold Skin \u00e0 la bave d&#8217;escragot\"}]},{\"@type\":\"WebSite\",\"@id\":\"https:\/\/glowpremium.fr\/#website\",\"url\":\"https:\/\/glowpremium.fr\/\",\"name\":\"Glow Premium\",\"description\":\"\",\"publisher\":{\"@id\":\"https:\/\/glowpremium.fr\/#organization\"},\"potentialAction\":[{\"@type\":\"SearchAction\",\"target\":{\"@type\":\"EntryPoint\",\"urlTemplate\":\"https:\/\/glowpremium.fr\/?s={search_term_string}\"},\"query-input\":{\"@type\":\"PropertyValueSpecification\",\"valueRequired\":true,\"valueName\":\"search_term_string\"}}],\"inLanguage\":\"en-GB\"},{\"@type\":\"Organization\",\"@id\":\"https:\/\/glowpremium.fr\/#organization\",\"name\":\"Glow Premium\",\"url\":\"https:\/\/glowpremium.fr\/\",\"logo\":{\"@type\":\"ImageObject\",\"inLanguage\":\"en-GB\",\"@id\":\"https:\/\/glowpremium.fr\/#\/schema\/logo\/image\/\",\"url\":\"https:\/\/glowpremium.fr\/wp-content\/uploads\/2024\/10\/screenshot_20241029_034909_chrome.jpg\",\"contentUrl\":\"https:\/\/glowpremium.fr\/wp-content\/uploads\/2024\/10\/screenshot_20241029_034909_chrome.jpg\",\"width\":866,\"height\":937,\"caption\":\"Glow Premium\"},\"image\":{\"@id\":\"https:\/\/glowpremium.fr\/#\/schema\/logo\/image\/\"}}]}<\/script>\n<!-- \/ Yoast SEO plugin. -->","yoast_head_json":{"title":"Duo \u00e9claircissant Gold Skin \u00e0 la bave d'escragot - Glow Premium","description":"\u00c9claircissant pour peaux fonc\u00e9esSoin \u00e9claircissant pour peaux m\u00e9tiss\u00e9esProduit de d\u00e9pigmentation pour peaux noiresS\u00e9rum \u00e9claircissant pour peaux melan\u00e9es","robots":{"index":"index","follow":"follow","max-snippet":"max-snippet:-1","max-image-preview":"max-image-preview:large","max-video-preview":"max-video-preview:-1"},"canonical":"https:\/\/glowpremium.fr\/en\/lightening-product\/gold-skin-lightening-milk-with-descargot-slime-and-clear-seductive-lightening-concentrate-with-glutathione-descargot-slime-2\/","og_locale":"en_GB","og_type":"article","og_title":"Duo \u00e9claircissant Gold Skin \u00e0 la bave d'escragot - Glow Premium","og_description":"\u00c9claircissant pour peaux fonc\u00e9esSoin \u00e9claircissant pour peaux m\u00e9tiss\u00e9esProduit de d\u00e9pigmentation pour peaux noiresS\u00e9rum \u00e9claircissant pour peaux melan\u00e9es","og_url":"https:\/\/glowpremium.fr\/en\/lightening-product\/gold-skin-lightening-milk-with-descargot-slime-and-clear-seductive-lightening-concentrate-with-glutathione-descargot-slime-2\/","og_site_name":"Glow Premium","article_modified_time":"2024-11-09T16:56:27+00:00","og_image":[{"width":1078,"height":1808,"url":"https:\/\/glowpremium.fr\/wp-content\/uploads\/2024\/10\/PhotoRoom_20220430_180612.jpg","type":"image\/jpeg"}],"twitter_card":"summary_large_image","twitter_misc":{"Estimated reading time":"1 minute"},"schema":{"@context":"https:\/\/schema.org","@graph":[{"@type":"WebPage","@id":"https:\/\/glowpremium.fr\/produit-eclaircissant\/lait-eclaircissant-gold-skin-a-la-bave-descragot-et-concentre-eclaircissant-seducteur-clair-au-glutathione-bave-descargot-2\/","url":"https:\/\/glowpremium.fr\/produit-eclaircissant\/lait-eclaircissant-gold-skin-a-la-bave-descragot-et-concentre-eclaircissant-seducteur-clair-au-glutathione-bave-descargot-2\/","name":"Duo \u00e9claircissant Gold Skin \u00e0 la bave d'escragot - Glow Premium","isPartOf":{"@id":"https:\/\/glowpremium.fr\/#website"},"primaryImageOfPage":{"@id":"https:\/\/glowpremium.fr\/produit-eclaircissant\/lait-eclaircissant-gold-skin-a-la-bave-descragot-et-concentre-eclaircissant-seducteur-clair-au-glutathione-bave-descargot-2\/#primaryimage"},"image":{"@id":"https:\/\/glowpremium.fr\/produit-eclaircissant\/lait-eclaircissant-gold-skin-a-la-bave-descragot-et-concentre-eclaircissant-seducteur-clair-au-glutathione-bave-descargot-2\/#primaryimage"},"thumbnailUrl":"https:\/\/glowpremium.fr\/wp-content\/uploads\/2024\/10\/PhotoRoom_20220430_180612.jpg","datePublished":"2024-10-28T13:34:16+00:00","dateModified":"2024-11-09T16:56:27+00:00","description":"\u00c9claircissant pour peaux fonc\u00e9esSoin \u00e9claircissant pour peaux m\u00e9tiss\u00e9esProduit de d\u00e9pigmentation pour peaux noiresS\u00e9rum \u00e9claircissant pour peaux melan\u00e9es","breadcrumb":{"@id":"https:\/\/glowpremium.fr\/produit-eclaircissant\/lait-eclaircissant-gold-skin-a-la-bave-descragot-et-concentre-eclaircissant-seducteur-clair-au-glutathione-bave-descargot-2\/#breadcrumb"},"inLanguage":"en-GB","potentialAction":[{"@type":"ReadAction","target":["https:\/\/glowpremium.fr\/produit-eclaircissant\/lait-eclaircissant-gold-skin-a-la-bave-descragot-et-concentre-eclaircissant-seducteur-clair-au-glutathione-bave-descargot-2\/"]}]},{"@type":"ImageObject","inLanguage":"en-GB","@id":"https:\/\/glowpremium.fr\/produit-eclaircissant\/lait-eclaircissant-gold-skin-a-la-bave-descragot-et-concentre-eclaircissant-seducteur-clair-au-glutathione-bave-descargot-2\/#primaryimage","url":"https:\/\/glowpremium.fr\/wp-content\/uploads\/2024\/10\/PhotoRoom_20220430_180612.jpg","contentUrl":"https:\/\/glowpremium.fr\/wp-content\/uploads\/2024\/10\/PhotoRoom_20220430_180612.jpg","width":1078,"height":1808},{"@type":"BreadcrumbList","@id":"https:\/\/glowpremium.fr\/produit-eclaircissant\/lait-eclaircissant-gold-skin-a-la-bave-descragot-et-concentre-eclaircissant-seducteur-clair-au-glutathione-bave-descargot-2\/#breadcrumb","itemListElement":[{"@type":"ListItem","position":1,"name":"Accueil","item":"https:\/\/glowpremium.fr\/"},{"@type":"ListItem","position":2,"name":"Boutique","item":"https:\/\/glowpremium.fr\/boutique-produits-eclaircissants\/"},{"@type":"ListItem","position":3,"name":"Duo \u00e9claircissant Gold Skin \u00e0 la bave d&#8217;escragot"}]},{"@type":"WebSite","@id":"https:\/\/glowpremium.fr\/#website","url":"https:\/\/glowpremium.fr\/","name":"Glow Premium","description":"","publisher":{"@id":"https:\/\/glowpremium.fr\/#organization"},"potentialAction":[{"@type":"SearchAction","target":{"@type":"EntryPoint","urlTemplate":"https:\/\/glowpremium.fr\/?s={search_term_string}"},"query-input":{"@type":"PropertyValueSpecification","valueRequired":true,"valueName":"search_term_string"}}],"inLanguage":"en-GB"},{"@type":"Organization","@id":"https:\/\/glowpremium.fr\/#organization","name":"Glow Premium","url":"https:\/\/glowpremium.fr\/","logo":{"@type":"ImageObject","inLanguage":"en-GB","@id":"https:\/\/glowpremium.fr\/#\/schema\/logo\/image\/","url":"https:\/\/glowpremium.fr\/wp-content\/uploads\/2024\/10\/screenshot_20241029_034909_chrome.jpg","contentUrl":"https:\/\/glowpremium.fr\/wp-content\/uploads\/2024\/10\/screenshot_20241029_034909_chrome.jpg","width":866,"height":937,"caption":"Glow Premium"},"image":{"@id":"https:\/\/glowpremium.fr\/#\/schema\/logo\/image\/"}}]}},"_links":{"self":[{"href":"https:\/\/glowpremium.fr\/en\/wp-json\/wp\/v2\/product\/5973","targetHints":{"allow":["GET"]}}],"collection":[{"href":"https:\/\/glowpremium.fr\/en\/wp-json\/wp\/v2\/product"}],"about":[{"href":"https:\/\/glowpremium.fr\/en\/wp-json\/wp\/v2\/types\/product"}],"replies":[{"embeddable":true,"href":"https:\/\/glowpremium.fr\/en\/wp-json\/wp\/v2\/comments?post=5973"}],"version-history":[{"count":2,"href":"https:\/\/glowpremium.fr\/en\/wp-json\/wp\/v2\/product\/5973\/revisions"}],"predecessor-version":[{"id":7425,"href":"https:\/\/glowpremium.fr\/en\/wp-json\/wp\/v2\/product\/5973\/revisions\/7425"}],"wp:featuredmedia":[{"embeddable":true,"href":"https:\/\/glowpremium.fr\/en\/wp-json\/wp\/v2\/media\/5972"}],"wp:attachment":[{"href":"https:\/\/glowpremium.fr\/en\/wp-json\/wp\/v2\/media?parent=5973"}],"wp:term":[{"taxonomy":"brand","embeddable":true,"href":"https:\/\/glowpremium.fr\/en\/wp-json\/wp\/v2\/etheme_brands?post=5973"},{"taxonomy":"product_brand","embeddable":true,"href":"https:\/\/glowpremium.fr\/en\/wp-json\/wp\/v2\/product_brand?post=5973"},{"taxonomy":"product_cat","embeddable":true,"href":"https:\/\/glowpremium.fr\/en\/wp-json\/wp\/v2\/product_cat?post=5973"},{"taxonomy":"product_tag","embeddable":true,"href":"https:\/\/glowpremium.fr\/en\/wp-json\/wp\/v2\/product_tag?post=5973"}],"curies":[{"name":"wp","href":"https:\/\/api.w.org\/{rel}","templated":true}]}}