{"id":5947,"date":"2024-10-28T14:33:59","date_gmt":"2024-10-28T13:33:59","guid":{"rendered":"https:\/\/glowpremium.fr\/produit-eclaircissant\/lait-eclaircissant-light-up-avec-vitamine-c-b-carotene-et-collagene-2\/"},"modified":"2024-10-28T14:33:59","modified_gmt":"2024-10-28T13:33:59","slug":"lait-eclaircissant-light-up-avec-vitamine-c-b-carotene-et-collagene-2","status":"publish","type":"product","link":"https:\/\/glowpremium.fr\/en\/lightening-product\/light-up-brightening-milk-with-vitamin-c-b-carotene-and-collagen-2\/","title":{"rendered":"Light Up Lightening Body Lotion with vitamin C, B-Carotene and collagen"},"content":{"rendered":"<p><strong>How to use :<\/strong><\/p>\n<p>Apply to clean skin morning and evening.<\/p>\n<p><strong>Recommendation:<\/strong><\/p>\n<p>For external use. In case of contact with eyes, rinse immediately. Keep out of reach of children.<\/p>\n<p><strong>Composition:<\/strong><\/p>\n<p>Aqua, Paraffinum liquidum, Cetearyl alcohol (and) sodium lauryl sulfatecetearyl sulfate, B-Carotene, Glycerin, Stearyl alcohol, Stearic acid, Curcuma Langa Oil, EDTA Citric acid, Fragrance, Vitamin C Collagen.<\/p>","protected":false},"excerpt":{"rendered":"<p>Light Up d anti-ageing clarifying milk effectively clarifies the skin and combats ageing. It targets the damaged areas of your skin to combat hyperpigmentation, thanks to the B-Carotene complex based on vitamin C and collagen. Its collagen concentration enriches the formula with antioxidants, which encourage cell renewal. This lotion moisturises and clarifies the skin, harmonising the complexion. Light Up<strong>\u00a0<\/strong>leaves your body supple and radiant, while smoothing your features. It fades stretch marks and scars on your skin.<\/p>","protected":false},"featured_media":5946,"comment_status":"open","ping_status":"closed","template":"","meta":[],"etheme_brands":[],"product_brand":[],"product_cat":[15],"product_tag":[],"class_list":{"0":"post-5947","1":"product","2":"type-product","3":"status-publish","4":"has-post-thumbnail","6":"product_cat-toutes-categories","8":"first","9":"instock","10":"shipping-taxable","11":"product-type-simple"},"yoast_head":"<!-- This site is optimized with the Yoast SEO plugin v26.7 - https:\/\/yoast.com\/wordpress\/plugins\/seo\/ -->\n<title>Lait \u00e9claircissant Light Up avec vitamine C, B-Carot\u00e8ne et collag\u00e8ne - Glow Premium<\/title>\n<meta name=\"robots\" content=\"index, follow, max-snippet:-1, max-image-preview:large, max-video-preview:-1\" \/>\n<link rel=\"canonical\" href=\"https:\/\/glowpremium.fr\/en\/lightening-product\/light-up-brightening-milk-with-vitamin-c-b-carotene-and-collagen-2\/\" \/>\n<meta property=\"og:locale\" content=\"en_GB\" \/>\n<meta property=\"og:type\" content=\"article\" \/>\n<meta property=\"og:title\" content=\"Lait \u00e9claircissant Light Up avec vitamine C, B-Carot\u00e8ne et collag\u00e8ne - Glow Premium\" \/>\n<meta property=\"og:description\" content=\"Le lait clarifiant anti-\u00e2ge\u00a0Light Up d clarifie efficacement la peau et lutte contre son vieillissement. Il cible les zones abim\u00e9es de votre peau pour lutter contre l\u2019hyperpigmentation gr\u00e2ce au complexe B-Carot\u00e8ne \u00e0 base de vitamine C et de collag\u00e8ne. Sa concentration en collag\u00e8ne enrichit sa formule en antioxydant ce qui favorise le renouvellement cellulaire. Ce lait hydrate et clarifie la peau en harmonisant le teint. Light Up\u00a0assouplit et donne de l\u2019\u00e9clat \u00e0 votre corps tout en lissant vos traits. Il estompe les vergetures et les cicatrices sur votre peau.\" \/>\n<meta property=\"og:url\" content=\"https:\/\/glowpremium.fr\/en\/lightening-product\/light-up-brightening-milk-with-vitamin-c-b-carotene-and-collagen-2\/\" \/>\n<meta property=\"og:site_name\" content=\"Glow Premium\" \/>\n<meta property=\"og:image\" content=\"https:\/\/glowpremium.fr\/wp-content\/uploads\/2024\/10\/PhotoRoom-20221012_100841.png\" \/>\n\t<meta property=\"og:image:width\" content=\"2000\" \/>\n\t<meta property=\"og:image:height\" content=\"1826\" \/>\n\t<meta property=\"og:image:type\" content=\"image\/png\" \/>\n<meta name=\"twitter:card\" content=\"summary_large_image\" \/>\n<script type=\"application\/ld+json\" class=\"yoast-schema-graph\">{\"@context\":\"https:\/\/schema.org\",\"@graph\":[{\"@type\":\"WebPage\",\"@id\":\"https:\/\/glowpremium.fr\/produit-eclaircissant\/lait-eclaircissant-light-up-avec-vitamine-c-b-carotene-et-collagene-2\/\",\"url\":\"https:\/\/glowpremium.fr\/produit-eclaircissant\/lait-eclaircissant-light-up-avec-vitamine-c-b-carotene-et-collagene-2\/\",\"name\":\"Lait \u00e9claircissant Light Up avec vitamine C, B-Carot\u00e8ne et collag\u00e8ne - Glow Premium\",\"isPartOf\":{\"@id\":\"https:\/\/glowpremium.fr\/#website\"},\"primaryImageOfPage\":{\"@id\":\"https:\/\/glowpremium.fr\/produit-eclaircissant\/lait-eclaircissant-light-up-avec-vitamine-c-b-carotene-et-collagene-2\/#primaryimage\"},\"image\":{\"@id\":\"https:\/\/glowpremium.fr\/produit-eclaircissant\/lait-eclaircissant-light-up-avec-vitamine-c-b-carotene-et-collagene-2\/#primaryimage\"},\"thumbnailUrl\":\"https:\/\/glowpremium.fr\/wp-content\/uploads\/2024\/10\/PhotoRoom-20221012_100841.png\",\"datePublished\":\"2024-10-28T13:33:59+00:00\",\"breadcrumb\":{\"@id\":\"https:\/\/glowpremium.fr\/produit-eclaircissant\/lait-eclaircissant-light-up-avec-vitamine-c-b-carotene-et-collagene-2\/#breadcrumb\"},\"inLanguage\":\"en-GB\",\"potentialAction\":[{\"@type\":\"ReadAction\",\"target\":[\"https:\/\/glowpremium.fr\/produit-eclaircissant\/lait-eclaircissant-light-up-avec-vitamine-c-b-carotene-et-collagene-2\/\"]}]},{\"@type\":\"ImageObject\",\"inLanguage\":\"en-GB\",\"@id\":\"https:\/\/glowpremium.fr\/produit-eclaircissant\/lait-eclaircissant-light-up-avec-vitamine-c-b-carotene-et-collagene-2\/#primaryimage\",\"url\":\"https:\/\/glowpremium.fr\/wp-content\/uploads\/2024\/10\/PhotoRoom-20221012_100841.png\",\"contentUrl\":\"https:\/\/glowpremium.fr\/wp-content\/uploads\/2024\/10\/PhotoRoom-20221012_100841.png\",\"width\":2000,\"height\":1826},{\"@type\":\"BreadcrumbList\",\"@id\":\"https:\/\/glowpremium.fr\/produit-eclaircissant\/lait-eclaircissant-light-up-avec-vitamine-c-b-carotene-et-collagene-2\/#breadcrumb\",\"itemListElement\":[{\"@type\":\"ListItem\",\"position\":1,\"name\":\"Accueil\",\"item\":\"https:\/\/glowpremium.fr\/\"},{\"@type\":\"ListItem\",\"position\":2,\"name\":\"Boutique\",\"item\":\"https:\/\/glowpremium.fr\/boutique-produits-eclaircissants\/\"},{\"@type\":\"ListItem\",\"position\":3,\"name\":\"Lait \u00e9claircissant Light Up avec vitamine C, B-Carot\u00e8ne et collag\u00e8ne\"}]},{\"@type\":\"WebSite\",\"@id\":\"https:\/\/glowpremium.fr\/#website\",\"url\":\"https:\/\/glowpremium.fr\/\",\"name\":\"Glow Premium\",\"description\":\"\",\"publisher\":{\"@id\":\"https:\/\/glowpremium.fr\/#organization\"},\"potentialAction\":[{\"@type\":\"SearchAction\",\"target\":{\"@type\":\"EntryPoint\",\"urlTemplate\":\"https:\/\/glowpremium.fr\/?s={search_term_string}\"},\"query-input\":{\"@type\":\"PropertyValueSpecification\",\"valueRequired\":true,\"valueName\":\"search_term_string\"}}],\"inLanguage\":\"en-GB\"},{\"@type\":\"Organization\",\"@id\":\"https:\/\/glowpremium.fr\/#organization\",\"name\":\"Glow Premium\",\"url\":\"https:\/\/glowpremium.fr\/\",\"logo\":{\"@type\":\"ImageObject\",\"inLanguage\":\"en-GB\",\"@id\":\"https:\/\/glowpremium.fr\/#\/schema\/logo\/image\/\",\"url\":\"https:\/\/glowpremium.fr\/wp-content\/uploads\/2024\/10\/screenshot_20241029_034909_chrome.jpg\",\"contentUrl\":\"https:\/\/glowpremium.fr\/wp-content\/uploads\/2024\/10\/screenshot_20241029_034909_chrome.jpg\",\"width\":866,\"height\":937,\"caption\":\"Glow Premium\"},\"image\":{\"@id\":\"https:\/\/glowpremium.fr\/#\/schema\/logo\/image\/\"}}]}<\/script>\n<!-- \/ Yoast SEO plugin. -->","yoast_head_json":{"title":"Lait \u00e9claircissant Light Up avec vitamine C, B-Carot\u00e8ne et collag\u00e8ne - Glow Premium","robots":{"index":"index","follow":"follow","max-snippet":"max-snippet:-1","max-image-preview":"max-image-preview:large","max-video-preview":"max-video-preview:-1"},"canonical":"https:\/\/glowpremium.fr\/en\/lightening-product\/light-up-brightening-milk-with-vitamin-c-b-carotene-and-collagen-2\/","og_locale":"en_GB","og_type":"article","og_title":"Lait \u00e9claircissant Light Up avec vitamine C, B-Carot\u00e8ne et collag\u00e8ne - Glow Premium","og_description":"Le lait clarifiant anti-\u00e2ge\u00a0Light Up d clarifie efficacement la peau et lutte contre son vieillissement. Il cible les zones abim\u00e9es de votre peau pour lutter contre l\u2019hyperpigmentation gr\u00e2ce au complexe B-Carot\u00e8ne \u00e0 base de vitamine C et de collag\u00e8ne. Sa concentration en collag\u00e8ne enrichit sa formule en antioxydant ce qui favorise le renouvellement cellulaire. Ce lait hydrate et clarifie la peau en harmonisant le teint. Light Up\u00a0assouplit et donne de l\u2019\u00e9clat \u00e0 votre corps tout en lissant vos traits. Il estompe les vergetures et les cicatrices sur votre peau.","og_url":"https:\/\/glowpremium.fr\/en\/lightening-product\/light-up-brightening-milk-with-vitamin-c-b-carotene-and-collagen-2\/","og_site_name":"Glow Premium","og_image":[{"width":2000,"height":1826,"url":"https:\/\/glowpremium.fr\/wp-content\/uploads\/2024\/10\/PhotoRoom-20221012_100841.png","type":"image\/png"}],"twitter_card":"summary_large_image","schema":{"@context":"https:\/\/schema.org","@graph":[{"@type":"WebPage","@id":"https:\/\/glowpremium.fr\/produit-eclaircissant\/lait-eclaircissant-light-up-avec-vitamine-c-b-carotene-et-collagene-2\/","url":"https:\/\/glowpremium.fr\/produit-eclaircissant\/lait-eclaircissant-light-up-avec-vitamine-c-b-carotene-et-collagene-2\/","name":"Lait \u00e9claircissant Light Up avec vitamine C, B-Carot\u00e8ne et collag\u00e8ne - Glow Premium","isPartOf":{"@id":"https:\/\/glowpremium.fr\/#website"},"primaryImageOfPage":{"@id":"https:\/\/glowpremium.fr\/produit-eclaircissant\/lait-eclaircissant-light-up-avec-vitamine-c-b-carotene-et-collagene-2\/#primaryimage"},"image":{"@id":"https:\/\/glowpremium.fr\/produit-eclaircissant\/lait-eclaircissant-light-up-avec-vitamine-c-b-carotene-et-collagene-2\/#primaryimage"},"thumbnailUrl":"https:\/\/glowpremium.fr\/wp-content\/uploads\/2024\/10\/PhotoRoom-20221012_100841.png","datePublished":"2024-10-28T13:33:59+00:00","breadcrumb":{"@id":"https:\/\/glowpremium.fr\/produit-eclaircissant\/lait-eclaircissant-light-up-avec-vitamine-c-b-carotene-et-collagene-2\/#breadcrumb"},"inLanguage":"en-GB","potentialAction":[{"@type":"ReadAction","target":["https:\/\/glowpremium.fr\/produit-eclaircissant\/lait-eclaircissant-light-up-avec-vitamine-c-b-carotene-et-collagene-2\/"]}]},{"@type":"ImageObject","inLanguage":"en-GB","@id":"https:\/\/glowpremium.fr\/produit-eclaircissant\/lait-eclaircissant-light-up-avec-vitamine-c-b-carotene-et-collagene-2\/#primaryimage","url":"https:\/\/glowpremium.fr\/wp-content\/uploads\/2024\/10\/PhotoRoom-20221012_100841.png","contentUrl":"https:\/\/glowpremium.fr\/wp-content\/uploads\/2024\/10\/PhotoRoom-20221012_100841.png","width":2000,"height":1826},{"@type":"BreadcrumbList","@id":"https:\/\/glowpremium.fr\/produit-eclaircissant\/lait-eclaircissant-light-up-avec-vitamine-c-b-carotene-et-collagene-2\/#breadcrumb","itemListElement":[{"@type":"ListItem","position":1,"name":"Accueil","item":"https:\/\/glowpremium.fr\/"},{"@type":"ListItem","position":2,"name":"Boutique","item":"https:\/\/glowpremium.fr\/boutique-produits-eclaircissants\/"},{"@type":"ListItem","position":3,"name":"Lait \u00e9claircissant Light Up avec vitamine C, B-Carot\u00e8ne et collag\u00e8ne"}]},{"@type":"WebSite","@id":"https:\/\/glowpremium.fr\/#website","url":"https:\/\/glowpremium.fr\/","name":"Glow Premium","description":"","publisher":{"@id":"https:\/\/glowpremium.fr\/#organization"},"potentialAction":[{"@type":"SearchAction","target":{"@type":"EntryPoint","urlTemplate":"https:\/\/glowpremium.fr\/?s={search_term_string}"},"query-input":{"@type":"PropertyValueSpecification","valueRequired":true,"valueName":"search_term_string"}}],"inLanguage":"en-GB"},{"@type":"Organization","@id":"https:\/\/glowpremium.fr\/#organization","name":"Glow Premium","url":"https:\/\/glowpremium.fr\/","logo":{"@type":"ImageObject","inLanguage":"en-GB","@id":"https:\/\/glowpremium.fr\/#\/schema\/logo\/image\/","url":"https:\/\/glowpremium.fr\/wp-content\/uploads\/2024\/10\/screenshot_20241029_034909_chrome.jpg","contentUrl":"https:\/\/glowpremium.fr\/wp-content\/uploads\/2024\/10\/screenshot_20241029_034909_chrome.jpg","width":866,"height":937,"caption":"Glow Premium"},"image":{"@id":"https:\/\/glowpremium.fr\/#\/schema\/logo\/image\/"}}]}},"_links":{"self":[{"href":"https:\/\/glowpremium.fr\/en\/wp-json\/wp\/v2\/product\/5947","targetHints":{"allow":["GET"]}}],"collection":[{"href":"https:\/\/glowpremium.fr\/en\/wp-json\/wp\/v2\/product"}],"about":[{"href":"https:\/\/glowpremium.fr\/en\/wp-json\/wp\/v2\/types\/product"}],"replies":[{"embeddable":true,"href":"https:\/\/glowpremium.fr\/en\/wp-json\/wp\/v2\/comments?post=5947"}],"version-history":[{"count":0,"href":"https:\/\/glowpremium.fr\/en\/wp-json\/wp\/v2\/product\/5947\/revisions"}],"wp:featuredmedia":[{"embeddable":true,"href":"https:\/\/glowpremium.fr\/en\/wp-json\/wp\/v2\/media\/5946"}],"wp:attachment":[{"href":"https:\/\/glowpremium.fr\/en\/wp-json\/wp\/v2\/media?parent=5947"}],"wp:term":[{"taxonomy":"brand","embeddable":true,"href":"https:\/\/glowpremium.fr\/en\/wp-json\/wp\/v2\/etheme_brands?post=5947"},{"taxonomy":"product_brand","embeddable":true,"href":"https:\/\/glowpremium.fr\/en\/wp-json\/wp\/v2\/product_brand?post=5947"},{"taxonomy":"product_cat","embeddable":true,"href":"https:\/\/glowpremium.fr\/en\/wp-json\/wp\/v2\/product_cat?post=5947"},{"taxonomy":"product_tag","embeddable":true,"href":"https:\/\/glowpremium.fr\/en\/wp-json\/wp\/v2\/product_tag?post=5947"}],"curies":[{"name":"wp","href":"https:\/\/api.w.org\/{rel}","templated":true}]}}