{"id":5943,"date":"2024-10-28T14:33:56","date_gmt":"2024-10-28T13:33:56","guid":{"rendered":"https:\/\/glowpremium.fr\/produit-eclaircissant\/lait-de-beaute-eclaircissant-sivoderm-200ml-2\/"},"modified":"2024-10-28T14:33:57","modified_gmt":"2024-10-28T13:33:57","slug":"lait-de-beaute-eclaircissant-sivoderm-200ml-2","status":"publish","type":"product","link":"https:\/\/glowpremium.fr\/en\/lightening-product\/sivoderm-lightening-beauty-milk-200ml-2\/","title":{"rendered":"Sivoderm Lightening Beauty Milk 200ml"},"content":{"rendered":"<p><strong>How to use :<\/strong><\/p>\n<p>Apply to clean, dry skin using light, circular massaging movements.<\/p>\n<p><strong>Recommendation:<\/strong><\/p>\n<p>For external use only. Avoid contact with eyes. If contact occurs, rinse thoroughly. If irritation occurs, discontinue use immediately. Do not use on children.<\/p>\n<p><strong>Composition:<\/strong><\/p>\n<p>Aqua, Isopropyl Alcohol, Glycerin, Salicylic acid, Benzoic acid, Menthol, Camphor, Chloroxylenon, Benzalkonium chloride, CI 19 140, Citric acid Fragrance.<\/p>","protected":false},"excerpt":{"rendered":"<div class=\"text-justify mb-4\">SIVODERM beauty milk protects the skin from external aggressions. Its antiseptic ingredients soothe irritation, rid the skin of blackheads, acne and pimples and make it more beautiful every day.<\/div>\n<h6 class=\"titre\">Product benefits<\/h6>\n<div class=\"text-justify mb-4\">Moisturises the skin.<br \/>\nProtects the skin from external aggression.<br \/>\nSoothes irritated skin.<br \/>\nBeautifies the skin every day.<\/div>","protected":false},"featured_media":5942,"comment_status":"open","ping_status":"closed","template":"","meta":[],"etheme_brands":[],"product_brand":[],"product_cat":[15],"product_tag":[],"class_list":{"0":"post-5943","1":"product","2":"type-product","3":"status-publish","4":"has-post-thumbnail","6":"product_cat-toutes-categories","8":"first","9":"instock","10":"shipping-taxable","11":"product-type-simple"},"yoast_head":"<!-- This site is optimized with the Yoast SEO plugin v26.7 - https:\/\/yoast.com\/wordpress\/plugins\/seo\/ -->\n<title>Lait de beaut\u00e9 \u00e9claircissant Sivoderm 200ml - Glow Premium<\/title>\n<meta name=\"robots\" content=\"index, follow, max-snippet:-1, max-image-preview:large, max-video-preview:-1\" \/>\n<link rel=\"canonical\" href=\"https:\/\/glowpremium.fr\/en\/lightening-product\/sivoderm-lightening-beauty-milk-200ml-2\/\" \/>\n<meta property=\"og:locale\" content=\"en_GB\" \/>\n<meta property=\"og:type\" content=\"article\" \/>\n<meta property=\"og:title\" content=\"Lait de beaut\u00e9 \u00e9claircissant Sivoderm 200ml - Glow Premium\" \/>\n<meta property=\"og:description\" content=\"Le lait de beaut\u00e9 SIVODERM prot\u00e8ge la peau des agressions ext\u00e9rieures. Ses principes antiseptiques apaisent les irritations, d\u00e9barrassent la peau des points noirs, acn\u00e9, et boutons et l\u2019embellissent quotidiennement. B\u00e9n\u00e9fices du produit Hydrate la peau. Prot\u00e8ge la peau des agressions ext\u00e9rieures. Apaise les irritations de l&#039;\u00e9piderme. Embellit quotidiennement la peau.\" \/>\n<meta property=\"og:url\" content=\"https:\/\/glowpremium.fr\/en\/lightening-product\/sivoderm-lightening-beauty-milk-200ml-2\/\" \/>\n<meta property=\"og:site_name\" content=\"Glow Premium\" \/>\n<meta property=\"article:modified_time\" content=\"2024-10-28T13:33:57+00:00\" \/>\n<meta property=\"og:image\" content=\"https:\/\/glowpremium.fr\/wp-content\/uploads\/2024\/10\/Capture-decran-2022-04-03-a-17.44.21.png\" \/>\n\t<meta property=\"og:image:width\" content=\"328\" \/>\n\t<meta property=\"og:image:height\" content=\"411\" \/>\n\t<meta property=\"og:image:type\" content=\"image\/png\" \/>\n<meta name=\"twitter:card\" content=\"summary_large_image\" \/>\n<script type=\"application\/ld+json\" class=\"yoast-schema-graph\">{\"@context\":\"https:\/\/schema.org\",\"@graph\":[{\"@type\":\"WebPage\",\"@id\":\"https:\/\/glowpremium.fr\/produit-eclaircissant\/lait-de-beaute-eclaircissant-sivoderm-200ml-2\/\",\"url\":\"https:\/\/glowpremium.fr\/produit-eclaircissant\/lait-de-beaute-eclaircissant-sivoderm-200ml-2\/\",\"name\":\"Lait de beaut\u00e9 \u00e9claircissant Sivoderm 200ml - Glow Premium\",\"isPartOf\":{\"@id\":\"https:\/\/glowpremium.fr\/#website\"},\"primaryImageOfPage\":{\"@id\":\"https:\/\/glowpremium.fr\/produit-eclaircissant\/lait-de-beaute-eclaircissant-sivoderm-200ml-2\/#primaryimage\"},\"image\":{\"@id\":\"https:\/\/glowpremium.fr\/produit-eclaircissant\/lait-de-beaute-eclaircissant-sivoderm-200ml-2\/#primaryimage\"},\"thumbnailUrl\":\"https:\/\/glowpremium.fr\/wp-content\/uploads\/2024\/10\/Capture-decran-2022-04-03-a-17.44.21.png\",\"datePublished\":\"2024-10-28T13:33:56+00:00\",\"dateModified\":\"2024-10-28T13:33:57+00:00\",\"breadcrumb\":{\"@id\":\"https:\/\/glowpremium.fr\/produit-eclaircissant\/lait-de-beaute-eclaircissant-sivoderm-200ml-2\/#breadcrumb\"},\"inLanguage\":\"en-GB\",\"potentialAction\":[{\"@type\":\"ReadAction\",\"target\":[\"https:\/\/glowpremium.fr\/produit-eclaircissant\/lait-de-beaute-eclaircissant-sivoderm-200ml-2\/\"]}]},{\"@type\":\"ImageObject\",\"inLanguage\":\"en-GB\",\"@id\":\"https:\/\/glowpremium.fr\/produit-eclaircissant\/lait-de-beaute-eclaircissant-sivoderm-200ml-2\/#primaryimage\",\"url\":\"https:\/\/glowpremium.fr\/wp-content\/uploads\/2024\/10\/Capture-decran-2022-04-03-a-17.44.21.png\",\"contentUrl\":\"https:\/\/glowpremium.fr\/wp-content\/uploads\/2024\/10\/Capture-decran-2022-04-03-a-17.44.21.png\",\"width\":328,\"height\":411},{\"@type\":\"BreadcrumbList\",\"@id\":\"https:\/\/glowpremium.fr\/produit-eclaircissant\/lait-de-beaute-eclaircissant-sivoderm-200ml-2\/#breadcrumb\",\"itemListElement\":[{\"@type\":\"ListItem\",\"position\":1,\"name\":\"Accueil\",\"item\":\"https:\/\/glowpremium.fr\/\"},{\"@type\":\"ListItem\",\"position\":2,\"name\":\"Boutique\",\"item\":\"https:\/\/glowpremium.fr\/boutique-produits-eclaircissants\/\"},{\"@type\":\"ListItem\",\"position\":3,\"name\":\"Lait de beaut\u00e9 \u00e9claircissant Sivoderm 200ml\"}]},{\"@type\":\"WebSite\",\"@id\":\"https:\/\/glowpremium.fr\/#website\",\"url\":\"https:\/\/glowpremium.fr\/\",\"name\":\"Glow Premium\",\"description\":\"\",\"publisher\":{\"@id\":\"https:\/\/glowpremium.fr\/#organization\"},\"potentialAction\":[{\"@type\":\"SearchAction\",\"target\":{\"@type\":\"EntryPoint\",\"urlTemplate\":\"https:\/\/glowpremium.fr\/?s={search_term_string}\"},\"query-input\":{\"@type\":\"PropertyValueSpecification\",\"valueRequired\":true,\"valueName\":\"search_term_string\"}}],\"inLanguage\":\"en-GB\"},{\"@type\":\"Organization\",\"@id\":\"https:\/\/glowpremium.fr\/#organization\",\"name\":\"Glow Premium\",\"url\":\"https:\/\/glowpremium.fr\/\",\"logo\":{\"@type\":\"ImageObject\",\"inLanguage\":\"en-GB\",\"@id\":\"https:\/\/glowpremium.fr\/#\/schema\/logo\/image\/\",\"url\":\"https:\/\/glowpremium.fr\/wp-content\/uploads\/2024\/10\/screenshot_20241029_034909_chrome.jpg\",\"contentUrl\":\"https:\/\/glowpremium.fr\/wp-content\/uploads\/2024\/10\/screenshot_20241029_034909_chrome.jpg\",\"width\":866,\"height\":937,\"caption\":\"Glow Premium\"},\"image\":{\"@id\":\"https:\/\/glowpremium.fr\/#\/schema\/logo\/image\/\"}}]}<\/script>\n<!-- \/ Yoast SEO plugin. -->","yoast_head_json":{"title":"Lait de beaut\u00e9 \u00e9claircissant Sivoderm 200ml - Glow Premium","robots":{"index":"index","follow":"follow","max-snippet":"max-snippet:-1","max-image-preview":"max-image-preview:large","max-video-preview":"max-video-preview:-1"},"canonical":"https:\/\/glowpremium.fr\/en\/lightening-product\/sivoderm-lightening-beauty-milk-200ml-2\/","og_locale":"en_GB","og_type":"article","og_title":"Lait de beaut\u00e9 \u00e9claircissant Sivoderm 200ml - Glow Premium","og_description":"Le lait de beaut\u00e9 SIVODERM prot\u00e8ge la peau des agressions ext\u00e9rieures. Ses principes antiseptiques apaisent les irritations, d\u00e9barrassent la peau des points noirs, acn\u00e9, et boutons et l\u2019embellissent quotidiennement. B\u00e9n\u00e9fices du produit Hydrate la peau. Prot\u00e8ge la peau des agressions ext\u00e9rieures. Apaise les irritations de l'\u00e9piderme. Embellit quotidiennement la peau.","og_url":"https:\/\/glowpremium.fr\/en\/lightening-product\/sivoderm-lightening-beauty-milk-200ml-2\/","og_site_name":"Glow Premium","article_modified_time":"2024-10-28T13:33:57+00:00","og_image":[{"width":328,"height":411,"url":"https:\/\/glowpremium.fr\/wp-content\/uploads\/2024\/10\/Capture-decran-2022-04-03-a-17.44.21.png","type":"image\/png"}],"twitter_card":"summary_large_image","schema":{"@context":"https:\/\/schema.org","@graph":[{"@type":"WebPage","@id":"https:\/\/glowpremium.fr\/produit-eclaircissant\/lait-de-beaute-eclaircissant-sivoderm-200ml-2\/","url":"https:\/\/glowpremium.fr\/produit-eclaircissant\/lait-de-beaute-eclaircissant-sivoderm-200ml-2\/","name":"Lait de beaut\u00e9 \u00e9claircissant Sivoderm 200ml - Glow Premium","isPartOf":{"@id":"https:\/\/glowpremium.fr\/#website"},"primaryImageOfPage":{"@id":"https:\/\/glowpremium.fr\/produit-eclaircissant\/lait-de-beaute-eclaircissant-sivoderm-200ml-2\/#primaryimage"},"image":{"@id":"https:\/\/glowpremium.fr\/produit-eclaircissant\/lait-de-beaute-eclaircissant-sivoderm-200ml-2\/#primaryimage"},"thumbnailUrl":"https:\/\/glowpremium.fr\/wp-content\/uploads\/2024\/10\/Capture-decran-2022-04-03-a-17.44.21.png","datePublished":"2024-10-28T13:33:56+00:00","dateModified":"2024-10-28T13:33:57+00:00","breadcrumb":{"@id":"https:\/\/glowpremium.fr\/produit-eclaircissant\/lait-de-beaute-eclaircissant-sivoderm-200ml-2\/#breadcrumb"},"inLanguage":"en-GB","potentialAction":[{"@type":"ReadAction","target":["https:\/\/glowpremium.fr\/produit-eclaircissant\/lait-de-beaute-eclaircissant-sivoderm-200ml-2\/"]}]},{"@type":"ImageObject","inLanguage":"en-GB","@id":"https:\/\/glowpremium.fr\/produit-eclaircissant\/lait-de-beaute-eclaircissant-sivoderm-200ml-2\/#primaryimage","url":"https:\/\/glowpremium.fr\/wp-content\/uploads\/2024\/10\/Capture-decran-2022-04-03-a-17.44.21.png","contentUrl":"https:\/\/glowpremium.fr\/wp-content\/uploads\/2024\/10\/Capture-decran-2022-04-03-a-17.44.21.png","width":328,"height":411},{"@type":"BreadcrumbList","@id":"https:\/\/glowpremium.fr\/produit-eclaircissant\/lait-de-beaute-eclaircissant-sivoderm-200ml-2\/#breadcrumb","itemListElement":[{"@type":"ListItem","position":1,"name":"Accueil","item":"https:\/\/glowpremium.fr\/"},{"@type":"ListItem","position":2,"name":"Boutique","item":"https:\/\/glowpremium.fr\/boutique-produits-eclaircissants\/"},{"@type":"ListItem","position":3,"name":"Lait de beaut\u00e9 \u00e9claircissant Sivoderm 200ml"}]},{"@type":"WebSite","@id":"https:\/\/glowpremium.fr\/#website","url":"https:\/\/glowpremium.fr\/","name":"Glow Premium","description":"","publisher":{"@id":"https:\/\/glowpremium.fr\/#organization"},"potentialAction":[{"@type":"SearchAction","target":{"@type":"EntryPoint","urlTemplate":"https:\/\/glowpremium.fr\/?s={search_term_string}"},"query-input":{"@type":"PropertyValueSpecification","valueRequired":true,"valueName":"search_term_string"}}],"inLanguage":"en-GB"},{"@type":"Organization","@id":"https:\/\/glowpremium.fr\/#organization","name":"Glow Premium","url":"https:\/\/glowpremium.fr\/","logo":{"@type":"ImageObject","inLanguage":"en-GB","@id":"https:\/\/glowpremium.fr\/#\/schema\/logo\/image\/","url":"https:\/\/glowpremium.fr\/wp-content\/uploads\/2024\/10\/screenshot_20241029_034909_chrome.jpg","contentUrl":"https:\/\/glowpremium.fr\/wp-content\/uploads\/2024\/10\/screenshot_20241029_034909_chrome.jpg","width":866,"height":937,"caption":"Glow Premium"},"image":{"@id":"https:\/\/glowpremium.fr\/#\/schema\/logo\/image\/"}}]}},"_links":{"self":[{"href":"https:\/\/glowpremium.fr\/en\/wp-json\/wp\/v2\/product\/5943","targetHints":{"allow":["GET"]}}],"collection":[{"href":"https:\/\/glowpremium.fr\/en\/wp-json\/wp\/v2\/product"}],"about":[{"href":"https:\/\/glowpremium.fr\/en\/wp-json\/wp\/v2\/types\/product"}],"replies":[{"embeddable":true,"href":"https:\/\/glowpremium.fr\/en\/wp-json\/wp\/v2\/comments?post=5943"}],"version-history":[{"count":0,"href":"https:\/\/glowpremium.fr\/en\/wp-json\/wp\/v2\/product\/5943\/revisions"}],"wp:featuredmedia":[{"embeddable":true,"href":"https:\/\/glowpremium.fr\/en\/wp-json\/wp\/v2\/media\/5942"}],"wp:attachment":[{"href":"https:\/\/glowpremium.fr\/en\/wp-json\/wp\/v2\/media?parent=5943"}],"wp:term":[{"taxonomy":"brand","embeddable":true,"href":"https:\/\/glowpremium.fr\/en\/wp-json\/wp\/v2\/etheme_brands?post=5943"},{"taxonomy":"product_brand","embeddable":true,"href":"https:\/\/glowpremium.fr\/en\/wp-json\/wp\/v2\/product_brand?post=5943"},{"taxonomy":"product_cat","embeddable":true,"href":"https:\/\/glowpremium.fr\/en\/wp-json\/wp\/v2\/product_cat?post=5943"},{"taxonomy":"product_tag","embeddable":true,"href":"https:\/\/glowpremium.fr\/en\/wp-json\/wp\/v2\/product_tag?post=5943"}],"curies":[{"name":"wp","href":"https:\/\/api.w.org\/{rel}","templated":true}]}}