{"id":5936,"date":"2024-10-28T14:33:54","date_gmt":"2024-10-28T13:33:54","guid":{"rendered":"https:\/\/glowpremium.fr\/produit-eclaircissant\/lait-eclaircissat-bel-eclat-aux-acides-de-fruitet-miel-2\/"},"modified":"2024-10-28T14:33:54","modified_gmt":"2024-10-28T13:33:54","slug":"lait-eclaircissat-bel-eclat-aux-acides-de-fruitet-miel-2","status":"publish","type":"product","link":"https:\/\/glowpremium.fr\/en\/lightening-product\/bel-eclat-lightening-milk-with-fruit-acidsand-honey-2\/","title":{"rendered":"BRIGHTENING MILK WITH FRUIT ACIDS AND HONEY"},"content":{"rendered":"","protected":false},"excerpt":{"rendered":"<p>Bel \u00e9clat super-rapid lightening body lotion with fruit acids and honey, essential oils, vitamins, collagen.this lotion gives you a very clear, smooth, radiant and luminous complexion.ultra high-performance care.its creamy formula, rich innovation allows you to find a powerful and long-lasting hydration.its anti-radical and regenerating properties are effective thanks to collagen.350ML<\/p>","protected":false},"featured_media":5935,"comment_status":"open","ping_status":"closed","template":"","meta":[],"etheme_brands":[],"product_brand":[],"product_cat":[15],"product_tag":[],"class_list":{"0":"post-5936","1":"product","2":"type-product","3":"status-publish","4":"has-post-thumbnail","6":"product_cat-toutes-categories","8":"first","9":"instock","10":"shipping-taxable","11":"product-type-simple"},"yoast_head":"<!-- This site is optimized with the Yoast SEO plugin v26.7 - https:\/\/yoast.com\/wordpress\/plugins\/seo\/ -->\n<title>LAIT \u00c9CLAIRCISSAT BEL \u00c9CLAT AUX ACIDES DE FRUITET MIEL - Glow Premium<\/title>\n<meta name=\"robots\" content=\"index, follow, max-snippet:-1, max-image-preview:large, max-video-preview:-1\" \/>\n<link rel=\"canonical\" href=\"https:\/\/glowpremium.fr\/en\/lightening-product\/bel-eclat-lightening-milk-with-fruit-acidsand-honey-2\/\" \/>\n<meta property=\"og:locale\" content=\"en_GB\" \/>\n<meta property=\"og:type\" content=\"article\" \/>\n<meta property=\"og:title\" content=\"LAIT \u00c9CLAIRCISSAT BEL \u00c9CLAT AUX ACIDES DE FRUITET MIEL - Glow Premium\" \/>\n<meta property=\"og:description\" content=\"Bel \u00e9clat lait corporel super \u00e9claircissant rapide aux acides de fruits et miel, huiles essentielle, vitamines,collag\u00e9ne.Ce lait vous procure un teint tr\u00e8s clair, lisse,radieux et lumineux.soin ultra performant.sa formule onctueuse ,innovant \u00a0riche permet de retrouver une \u00a0hydratation puissante et durable.ses propret\u00e9s \u00a0anti-radicalaires et r\u00e9g\u00e9n\u00e9rantes sont effectives grace au collagene.350ML\" \/>\n<meta property=\"og:url\" content=\"https:\/\/glowpremium.fr\/en\/lightening-product\/bel-eclat-lightening-milk-with-fruit-acidsand-honey-2\/\" \/>\n<meta property=\"og:site_name\" content=\"Glow Premium\" \/>\n<meta property=\"og:image\" content=\"https:\/\/glowpremium.fr\/wp-content\/uploads\/2024\/10\/PhotoRoom_20220402_044600.jpg\" \/>\n\t<meta property=\"og:image:width\" content=\"1800\" \/>\n\t<meta property=\"og:image:height\" content=\"2237\" \/>\n\t<meta property=\"og:image:type\" content=\"image\/jpeg\" \/>\n<meta name=\"twitter:card\" content=\"summary_large_image\" \/>\n<script type=\"application\/ld+json\" class=\"yoast-schema-graph\">{\"@context\":\"https:\/\/schema.org\",\"@graph\":[{\"@type\":\"WebPage\",\"@id\":\"https:\/\/glowpremium.fr\/produit-eclaircissant\/lait-eclaircissat-bel-eclat-aux-acides-de-fruitet-miel-2\/\",\"url\":\"https:\/\/glowpremium.fr\/produit-eclaircissant\/lait-eclaircissat-bel-eclat-aux-acides-de-fruitet-miel-2\/\",\"name\":\"LAIT \u00c9CLAIRCISSAT BEL \u00c9CLAT AUX ACIDES DE FRUITET MIEL - Glow Premium\",\"isPartOf\":{\"@id\":\"https:\/\/glowpremium.fr\/#website\"},\"primaryImageOfPage\":{\"@id\":\"https:\/\/glowpremium.fr\/produit-eclaircissant\/lait-eclaircissat-bel-eclat-aux-acides-de-fruitet-miel-2\/#primaryimage\"},\"image\":{\"@id\":\"https:\/\/glowpremium.fr\/produit-eclaircissant\/lait-eclaircissat-bel-eclat-aux-acides-de-fruitet-miel-2\/#primaryimage\"},\"thumbnailUrl\":\"https:\/\/glowpremium.fr\/wp-content\/uploads\/2024\/10\/PhotoRoom_20220402_044600.jpg\",\"datePublished\":\"2024-10-28T13:33:54+00:00\",\"breadcrumb\":{\"@id\":\"https:\/\/glowpremium.fr\/produit-eclaircissant\/lait-eclaircissat-bel-eclat-aux-acides-de-fruitet-miel-2\/#breadcrumb\"},\"inLanguage\":\"en-GB\",\"potentialAction\":[{\"@type\":\"ReadAction\",\"target\":[\"https:\/\/glowpremium.fr\/produit-eclaircissant\/lait-eclaircissat-bel-eclat-aux-acides-de-fruitet-miel-2\/\"]}]},{\"@type\":\"ImageObject\",\"inLanguage\":\"en-GB\",\"@id\":\"https:\/\/glowpremium.fr\/produit-eclaircissant\/lait-eclaircissat-bel-eclat-aux-acides-de-fruitet-miel-2\/#primaryimage\",\"url\":\"https:\/\/glowpremium.fr\/wp-content\/uploads\/2024\/10\/PhotoRoom_20220402_044600.jpg\",\"contentUrl\":\"https:\/\/glowpremium.fr\/wp-content\/uploads\/2024\/10\/PhotoRoom_20220402_044600.jpg\",\"width\":1800,\"height\":2237},{\"@type\":\"BreadcrumbList\",\"@id\":\"https:\/\/glowpremium.fr\/produit-eclaircissant\/lait-eclaircissat-bel-eclat-aux-acides-de-fruitet-miel-2\/#breadcrumb\",\"itemListElement\":[{\"@type\":\"ListItem\",\"position\":1,\"name\":\"Accueil\",\"item\":\"https:\/\/glowpremium.fr\/\"},{\"@type\":\"ListItem\",\"position\":2,\"name\":\"Boutique\",\"item\":\"https:\/\/glowpremium.fr\/boutique-produits-eclaircissants\/\"},{\"@type\":\"ListItem\",\"position\":3,\"name\":\"LAIT \u00c9CLAIRCISSAT BEL \u00c9CLAT AUX ACIDES DE FRUITET MIEL\"}]},{\"@type\":\"WebSite\",\"@id\":\"https:\/\/glowpremium.fr\/#website\",\"url\":\"https:\/\/glowpremium.fr\/\",\"name\":\"Glow Premium\",\"description\":\"\",\"publisher\":{\"@id\":\"https:\/\/glowpremium.fr\/#organization\"},\"potentialAction\":[{\"@type\":\"SearchAction\",\"target\":{\"@type\":\"EntryPoint\",\"urlTemplate\":\"https:\/\/glowpremium.fr\/?s={search_term_string}\"},\"query-input\":{\"@type\":\"PropertyValueSpecification\",\"valueRequired\":true,\"valueName\":\"search_term_string\"}}],\"inLanguage\":\"en-GB\"},{\"@type\":\"Organization\",\"@id\":\"https:\/\/glowpremium.fr\/#organization\",\"name\":\"Glow Premium\",\"url\":\"https:\/\/glowpremium.fr\/\",\"logo\":{\"@type\":\"ImageObject\",\"inLanguage\":\"en-GB\",\"@id\":\"https:\/\/glowpremium.fr\/#\/schema\/logo\/image\/\",\"url\":\"https:\/\/glowpremium.fr\/wp-content\/uploads\/2024\/10\/screenshot_20241029_034909_chrome.jpg\",\"contentUrl\":\"https:\/\/glowpremium.fr\/wp-content\/uploads\/2024\/10\/screenshot_20241029_034909_chrome.jpg\",\"width\":866,\"height\":937,\"caption\":\"Glow Premium\"},\"image\":{\"@id\":\"https:\/\/glowpremium.fr\/#\/schema\/logo\/image\/\"}}]}<\/script>\n<!-- \/ Yoast SEO plugin. -->","yoast_head_json":{"title":"LAIT \u00c9CLAIRCISSAT BEL \u00c9CLAT AUX ACIDES DE FRUITET MIEL - Glow Premium","robots":{"index":"index","follow":"follow","max-snippet":"max-snippet:-1","max-image-preview":"max-image-preview:large","max-video-preview":"max-video-preview:-1"},"canonical":"https:\/\/glowpremium.fr\/en\/lightening-product\/bel-eclat-lightening-milk-with-fruit-acidsand-honey-2\/","og_locale":"en_GB","og_type":"article","og_title":"LAIT \u00c9CLAIRCISSAT BEL \u00c9CLAT AUX ACIDES DE FRUITET MIEL - Glow Premium","og_description":"Bel \u00e9clat lait corporel super \u00e9claircissant rapide aux acides de fruits et miel, huiles essentielle, vitamines,collag\u00e9ne.Ce lait vous procure un teint tr\u00e8s clair, lisse,radieux et lumineux.soin ultra performant.sa formule onctueuse ,innovant \u00a0riche permet de retrouver une \u00a0hydratation puissante et durable.ses propret\u00e9s \u00a0anti-radicalaires et r\u00e9g\u00e9n\u00e9rantes sont effectives grace au collagene.350ML","og_url":"https:\/\/glowpremium.fr\/en\/lightening-product\/bel-eclat-lightening-milk-with-fruit-acidsand-honey-2\/","og_site_name":"Glow Premium","og_image":[{"width":1800,"height":2237,"url":"https:\/\/glowpremium.fr\/wp-content\/uploads\/2024\/10\/PhotoRoom_20220402_044600.jpg","type":"image\/jpeg"}],"twitter_card":"summary_large_image","schema":{"@context":"https:\/\/schema.org","@graph":[{"@type":"WebPage","@id":"https:\/\/glowpremium.fr\/produit-eclaircissant\/lait-eclaircissat-bel-eclat-aux-acides-de-fruitet-miel-2\/","url":"https:\/\/glowpremium.fr\/produit-eclaircissant\/lait-eclaircissat-bel-eclat-aux-acides-de-fruitet-miel-2\/","name":"LAIT \u00c9CLAIRCISSAT BEL \u00c9CLAT AUX ACIDES DE FRUITET MIEL - Glow Premium","isPartOf":{"@id":"https:\/\/glowpremium.fr\/#website"},"primaryImageOfPage":{"@id":"https:\/\/glowpremium.fr\/produit-eclaircissant\/lait-eclaircissat-bel-eclat-aux-acides-de-fruitet-miel-2\/#primaryimage"},"image":{"@id":"https:\/\/glowpremium.fr\/produit-eclaircissant\/lait-eclaircissat-bel-eclat-aux-acides-de-fruitet-miel-2\/#primaryimage"},"thumbnailUrl":"https:\/\/glowpremium.fr\/wp-content\/uploads\/2024\/10\/PhotoRoom_20220402_044600.jpg","datePublished":"2024-10-28T13:33:54+00:00","breadcrumb":{"@id":"https:\/\/glowpremium.fr\/produit-eclaircissant\/lait-eclaircissat-bel-eclat-aux-acides-de-fruitet-miel-2\/#breadcrumb"},"inLanguage":"en-GB","potentialAction":[{"@type":"ReadAction","target":["https:\/\/glowpremium.fr\/produit-eclaircissant\/lait-eclaircissat-bel-eclat-aux-acides-de-fruitet-miel-2\/"]}]},{"@type":"ImageObject","inLanguage":"en-GB","@id":"https:\/\/glowpremium.fr\/produit-eclaircissant\/lait-eclaircissat-bel-eclat-aux-acides-de-fruitet-miel-2\/#primaryimage","url":"https:\/\/glowpremium.fr\/wp-content\/uploads\/2024\/10\/PhotoRoom_20220402_044600.jpg","contentUrl":"https:\/\/glowpremium.fr\/wp-content\/uploads\/2024\/10\/PhotoRoom_20220402_044600.jpg","width":1800,"height":2237},{"@type":"BreadcrumbList","@id":"https:\/\/glowpremium.fr\/produit-eclaircissant\/lait-eclaircissat-bel-eclat-aux-acides-de-fruitet-miel-2\/#breadcrumb","itemListElement":[{"@type":"ListItem","position":1,"name":"Accueil","item":"https:\/\/glowpremium.fr\/"},{"@type":"ListItem","position":2,"name":"Boutique","item":"https:\/\/glowpremium.fr\/boutique-produits-eclaircissants\/"},{"@type":"ListItem","position":3,"name":"LAIT \u00c9CLAIRCISSAT BEL \u00c9CLAT AUX ACIDES DE FRUITET MIEL"}]},{"@type":"WebSite","@id":"https:\/\/glowpremium.fr\/#website","url":"https:\/\/glowpremium.fr\/","name":"Glow Premium","description":"","publisher":{"@id":"https:\/\/glowpremium.fr\/#organization"},"potentialAction":[{"@type":"SearchAction","target":{"@type":"EntryPoint","urlTemplate":"https:\/\/glowpremium.fr\/?s={search_term_string}"},"query-input":{"@type":"PropertyValueSpecification","valueRequired":true,"valueName":"search_term_string"}}],"inLanguage":"en-GB"},{"@type":"Organization","@id":"https:\/\/glowpremium.fr\/#organization","name":"Glow Premium","url":"https:\/\/glowpremium.fr\/","logo":{"@type":"ImageObject","inLanguage":"en-GB","@id":"https:\/\/glowpremium.fr\/#\/schema\/logo\/image\/","url":"https:\/\/glowpremium.fr\/wp-content\/uploads\/2024\/10\/screenshot_20241029_034909_chrome.jpg","contentUrl":"https:\/\/glowpremium.fr\/wp-content\/uploads\/2024\/10\/screenshot_20241029_034909_chrome.jpg","width":866,"height":937,"caption":"Glow Premium"},"image":{"@id":"https:\/\/glowpremium.fr\/#\/schema\/logo\/image\/"}}]}},"_links":{"self":[{"href":"https:\/\/glowpremium.fr\/en\/wp-json\/wp\/v2\/product\/5936","targetHints":{"allow":["GET"]}}],"collection":[{"href":"https:\/\/glowpremium.fr\/en\/wp-json\/wp\/v2\/product"}],"about":[{"href":"https:\/\/glowpremium.fr\/en\/wp-json\/wp\/v2\/types\/product"}],"replies":[{"embeddable":true,"href":"https:\/\/glowpremium.fr\/en\/wp-json\/wp\/v2\/comments?post=5936"}],"version-history":[{"count":0,"href":"https:\/\/glowpremium.fr\/en\/wp-json\/wp\/v2\/product\/5936\/revisions"}],"wp:featuredmedia":[{"embeddable":true,"href":"https:\/\/glowpremium.fr\/en\/wp-json\/wp\/v2\/media\/5935"}],"wp:attachment":[{"href":"https:\/\/glowpremium.fr\/en\/wp-json\/wp\/v2\/media?parent=5936"}],"wp:term":[{"taxonomy":"brand","embeddable":true,"href":"https:\/\/glowpremium.fr\/en\/wp-json\/wp\/v2\/etheme_brands?post=5936"},{"taxonomy":"product_brand","embeddable":true,"href":"https:\/\/glowpremium.fr\/en\/wp-json\/wp\/v2\/product_brand?post=5936"},{"taxonomy":"product_cat","embeddable":true,"href":"https:\/\/glowpremium.fr\/en\/wp-json\/wp\/v2\/product_cat?post=5936"},{"taxonomy":"product_tag","embeddable":true,"href":"https:\/\/glowpremium.fr\/en\/wp-json\/wp\/v2\/product_tag?post=5936"}],"curies":[{"name":"wp","href":"https:\/\/api.w.org\/{rel}","templated":true}]}}