{"id":5919,"date":"2024-10-28T14:33:43","date_gmt":"2024-10-28T13:33:43","guid":{"rendered":"https:\/\/glowpremium.fr\/produit-eclaircissant\/lait-eclaircissant-skin-doctor-gluta-glow-naturelle-blanchiment-intense-2\/"},"modified":"2024-10-28T14:33:45","modified_gmt":"2024-10-28T13:33:45","slug":"lait-eclaircissant-skin-doctor-gluta-glow-naturelle-blanchiment-intense-2","status":"publish","type":"product","link":"https:\/\/glowpremium.fr\/en\/lightening-product\/skin-doctor-gluta-glow-natural-intense-whitening-lightening-milk-2\/","title":{"rendered":"Skin doctor gluta-glow natural intense whitening lightening milk"},"content":{"rendered":"<p><strong>How to use :<\/strong><\/p>\n<p>Apply to clean skin morning and evening.<\/p>\n<p><strong>Recommendation:<\/strong><\/p>\n<p>For external use. In case of contact with eyes, rinse immediately. Keep out of reach of children.<\/p>\n<p><strong>Composition:<\/strong><\/p>\n<p>Stearic Acid, Collagene ,ACID Ascobic ,Retinol, Eucalyptus oil ,VitaminB, Vitamin C , Niacinamide, Glutation,Coconut oil, Kiwi Extract, Glycerine C16-C18, Petroleum jelly, Mineral oil, Cetiol, Bht, Vitamin E, Citric acid , , Vitamin C, Sodium sulphit , Fragrance, Coconut oil, Carrot oil, Ethyl diglycol Sorbitol, Hn white, Demineralized water.<\/p>","protected":false},"excerpt":{"rendered":"<p>SkinDOCTEUR SPF30 FACE BODY Lightening Milk in 5 shades corrects the complexion's lack of evenness and radiance in record time. Day after day, the complexion regains a beautiful tone. Contains active lightening ingredients and very high concentrations of stabilised vitamins that inhibit the formation of melanin. Rajeuunit ultra radiance contains Q10 vitamin C and is super-fast-acting.<\/p>","protected":false},"featured_media":5918,"comment_status":"open","ping_status":"closed","template":"","meta":[],"etheme_brands":[],"product_brand":[],"product_cat":[15],"product_tag":[],"class_list":{"0":"post-5919","1":"product","2":"type-product","3":"status-publish","4":"has-post-thumbnail","6":"product_cat-toutes-categories","8":"first","9":"instock","10":"shipping-taxable","11":"product-type-simple"},"yoast_head":"<!-- This site is optimized with the Yoast SEO plugin v26.7 - https:\/\/yoast.com\/wordpress\/plugins\/seo\/ -->\n<title>Lait \u00e9claircissant skin doctor gluta- glow naturelle blanchiment intense - Glow Premium<\/title>\n<meta name=\"robots\" content=\"index, follow, max-snippet:-1, max-image-preview:large, max-video-preview:-1\" \/>\n<link rel=\"canonical\" href=\"https:\/\/glowpremium.fr\/en\/lightening-product\/skin-doctor-gluta-glow-natural-intense-whitening-lightening-milk-2\/\" \/>\n<meta property=\"og:locale\" content=\"en_GB\" \/>\n<meta property=\"og:type\" content=\"article\" \/>\n<meta property=\"og:title\" content=\"Lait \u00e9claircissant skin doctor gluta- glow naturelle blanchiment intense - Glow Premium\" \/>\n<meta property=\"og:description\" content=\"Le lait SkinDOCTEUR AU SPF30 VISAGE \u00a0CORPS \u00c9claircissant \u00a05 teintes \u00a0corrige en temps record, le manque d&#039;homog\u00e9n\u00e9it\u00e9 et d&#039;\u00e9clat du teint. Jour apr\u00e8s jour, le teint retrouve une belle carnation. Constitu\u00e9 d&#039;actifs \u00e9claircissant et de vitamines stabilis\u00e9es en tr\u00e8s haute concentration qui inhibent la formation de la m\u00e9lanine. Le lait SKINDOCTEUR, parfait nettoyage de la peau et restaure au quotidien l&#039;\u00e9clat et la luminosit\u00e9 du teint.Rajeuunit ultra radiance contient du Q10 vitamine C et super rapidement.\" \/>\n<meta property=\"og:url\" content=\"https:\/\/glowpremium.fr\/en\/lightening-product\/skin-doctor-gluta-glow-natural-intense-whitening-lightening-milk-2\/\" \/>\n<meta property=\"og:site_name\" content=\"Glow Premium\" \/>\n<meta property=\"article:modified_time\" content=\"2024-10-28T13:33:45+00:00\" \/>\n<meta property=\"og:image\" content=\"https:\/\/glowpremium.fr\/wp-content\/uploads\/2024\/10\/PhotoRoom_20220318_201134.jpg\" \/>\n\t<meta property=\"og:image:width\" content=\"2000\" \/>\n\t<meta property=\"og:image:height\" content=\"1823\" \/>\n\t<meta property=\"og:image:type\" content=\"image\/jpeg\" \/>\n<meta name=\"twitter:card\" content=\"summary_large_image\" \/>\n<script type=\"application\/ld+json\" class=\"yoast-schema-graph\">{\"@context\":\"https:\/\/schema.org\",\"@graph\":[{\"@type\":\"WebPage\",\"@id\":\"https:\/\/glowpremium.fr\/produit-eclaircissant\/lait-eclaircissant-skin-doctor-gluta-glow-naturelle-blanchiment-intense-2\/\",\"url\":\"https:\/\/glowpremium.fr\/produit-eclaircissant\/lait-eclaircissant-skin-doctor-gluta-glow-naturelle-blanchiment-intense-2\/\",\"name\":\"Lait \u00e9claircissant skin doctor gluta- glow naturelle blanchiment intense - Glow Premium\",\"isPartOf\":{\"@id\":\"https:\/\/glowpremium.fr\/#website\"},\"primaryImageOfPage\":{\"@id\":\"https:\/\/glowpremium.fr\/produit-eclaircissant\/lait-eclaircissant-skin-doctor-gluta-glow-naturelle-blanchiment-intense-2\/#primaryimage\"},\"image\":{\"@id\":\"https:\/\/glowpremium.fr\/produit-eclaircissant\/lait-eclaircissant-skin-doctor-gluta-glow-naturelle-blanchiment-intense-2\/#primaryimage\"},\"thumbnailUrl\":\"https:\/\/glowpremium.fr\/wp-content\/uploads\/2024\/10\/PhotoRoom_20220318_201134.jpg\",\"datePublished\":\"2024-10-28T13:33:43+00:00\",\"dateModified\":\"2024-10-28T13:33:45+00:00\",\"breadcrumb\":{\"@id\":\"https:\/\/glowpremium.fr\/produit-eclaircissant\/lait-eclaircissant-skin-doctor-gluta-glow-naturelle-blanchiment-intense-2\/#breadcrumb\"},\"inLanguage\":\"en-GB\",\"potentialAction\":[{\"@type\":\"ReadAction\",\"target\":[\"https:\/\/glowpremium.fr\/produit-eclaircissant\/lait-eclaircissant-skin-doctor-gluta-glow-naturelle-blanchiment-intense-2\/\"]}]},{\"@type\":\"ImageObject\",\"inLanguage\":\"en-GB\",\"@id\":\"https:\/\/glowpremium.fr\/produit-eclaircissant\/lait-eclaircissant-skin-doctor-gluta-glow-naturelle-blanchiment-intense-2\/#primaryimage\",\"url\":\"https:\/\/glowpremium.fr\/wp-content\/uploads\/2024\/10\/PhotoRoom_20220318_201134.jpg\",\"contentUrl\":\"https:\/\/glowpremium.fr\/wp-content\/uploads\/2024\/10\/PhotoRoom_20220318_201134.jpg\",\"width\":2000,\"height\":1823},{\"@type\":\"BreadcrumbList\",\"@id\":\"https:\/\/glowpremium.fr\/produit-eclaircissant\/lait-eclaircissant-skin-doctor-gluta-glow-naturelle-blanchiment-intense-2\/#breadcrumb\",\"itemListElement\":[{\"@type\":\"ListItem\",\"position\":1,\"name\":\"Accueil\",\"item\":\"https:\/\/glowpremium.fr\/\"},{\"@type\":\"ListItem\",\"position\":2,\"name\":\"Boutique\",\"item\":\"https:\/\/glowpremium.fr\/boutique-produits-eclaircissants\/\"},{\"@type\":\"ListItem\",\"position\":3,\"name\":\"Lait \u00e9claircissant skin doctor gluta- glow naturelle blanchiment intense\"}]},{\"@type\":\"WebSite\",\"@id\":\"https:\/\/glowpremium.fr\/#website\",\"url\":\"https:\/\/glowpremium.fr\/\",\"name\":\"Glow Premium\",\"description\":\"\",\"publisher\":{\"@id\":\"https:\/\/glowpremium.fr\/#organization\"},\"potentialAction\":[{\"@type\":\"SearchAction\",\"target\":{\"@type\":\"EntryPoint\",\"urlTemplate\":\"https:\/\/glowpremium.fr\/?s={search_term_string}\"},\"query-input\":{\"@type\":\"PropertyValueSpecification\",\"valueRequired\":true,\"valueName\":\"search_term_string\"}}],\"inLanguage\":\"en-GB\"},{\"@type\":\"Organization\",\"@id\":\"https:\/\/glowpremium.fr\/#organization\",\"name\":\"Glow Premium\",\"url\":\"https:\/\/glowpremium.fr\/\",\"logo\":{\"@type\":\"ImageObject\",\"inLanguage\":\"en-GB\",\"@id\":\"https:\/\/glowpremium.fr\/#\/schema\/logo\/image\/\",\"url\":\"https:\/\/glowpremium.fr\/wp-content\/uploads\/2024\/10\/screenshot_20241029_034909_chrome.jpg\",\"contentUrl\":\"https:\/\/glowpremium.fr\/wp-content\/uploads\/2024\/10\/screenshot_20241029_034909_chrome.jpg\",\"width\":866,\"height\":937,\"caption\":\"Glow Premium\"},\"image\":{\"@id\":\"https:\/\/glowpremium.fr\/#\/schema\/logo\/image\/\"}}]}<\/script>\n<!-- \/ Yoast SEO plugin. -->","yoast_head_json":{"title":"Lait \u00e9claircissant skin doctor gluta- glow naturelle blanchiment intense - Glow Premium","robots":{"index":"index","follow":"follow","max-snippet":"max-snippet:-1","max-image-preview":"max-image-preview:large","max-video-preview":"max-video-preview:-1"},"canonical":"https:\/\/glowpremium.fr\/en\/lightening-product\/skin-doctor-gluta-glow-natural-intense-whitening-lightening-milk-2\/","og_locale":"en_GB","og_type":"article","og_title":"Lait \u00e9claircissant skin doctor gluta- glow naturelle blanchiment intense - Glow Premium","og_description":"Le lait SkinDOCTEUR AU SPF30 VISAGE \u00a0CORPS \u00c9claircissant \u00a05 teintes \u00a0corrige en temps record, le manque d'homog\u00e9n\u00e9it\u00e9 et d'\u00e9clat du teint. Jour apr\u00e8s jour, le teint retrouve une belle carnation. Constitu\u00e9 d'actifs \u00e9claircissant et de vitamines stabilis\u00e9es en tr\u00e8s haute concentration qui inhibent la formation de la m\u00e9lanine. Le lait SKINDOCTEUR, parfait nettoyage de la peau et restaure au quotidien l'\u00e9clat et la luminosit\u00e9 du teint.Rajeuunit ultra radiance contient du Q10 vitamine C et super rapidement.","og_url":"https:\/\/glowpremium.fr\/en\/lightening-product\/skin-doctor-gluta-glow-natural-intense-whitening-lightening-milk-2\/","og_site_name":"Glow Premium","article_modified_time":"2024-10-28T13:33:45+00:00","og_image":[{"width":2000,"height":1823,"url":"https:\/\/glowpremium.fr\/wp-content\/uploads\/2024\/10\/PhotoRoom_20220318_201134.jpg","type":"image\/jpeg"}],"twitter_card":"summary_large_image","schema":{"@context":"https:\/\/schema.org","@graph":[{"@type":"WebPage","@id":"https:\/\/glowpremium.fr\/produit-eclaircissant\/lait-eclaircissant-skin-doctor-gluta-glow-naturelle-blanchiment-intense-2\/","url":"https:\/\/glowpremium.fr\/produit-eclaircissant\/lait-eclaircissant-skin-doctor-gluta-glow-naturelle-blanchiment-intense-2\/","name":"Lait \u00e9claircissant skin doctor gluta- glow naturelle blanchiment intense - Glow Premium","isPartOf":{"@id":"https:\/\/glowpremium.fr\/#website"},"primaryImageOfPage":{"@id":"https:\/\/glowpremium.fr\/produit-eclaircissant\/lait-eclaircissant-skin-doctor-gluta-glow-naturelle-blanchiment-intense-2\/#primaryimage"},"image":{"@id":"https:\/\/glowpremium.fr\/produit-eclaircissant\/lait-eclaircissant-skin-doctor-gluta-glow-naturelle-blanchiment-intense-2\/#primaryimage"},"thumbnailUrl":"https:\/\/glowpremium.fr\/wp-content\/uploads\/2024\/10\/PhotoRoom_20220318_201134.jpg","datePublished":"2024-10-28T13:33:43+00:00","dateModified":"2024-10-28T13:33:45+00:00","breadcrumb":{"@id":"https:\/\/glowpremium.fr\/produit-eclaircissant\/lait-eclaircissant-skin-doctor-gluta-glow-naturelle-blanchiment-intense-2\/#breadcrumb"},"inLanguage":"en-GB","potentialAction":[{"@type":"ReadAction","target":["https:\/\/glowpremium.fr\/produit-eclaircissant\/lait-eclaircissant-skin-doctor-gluta-glow-naturelle-blanchiment-intense-2\/"]}]},{"@type":"ImageObject","inLanguage":"en-GB","@id":"https:\/\/glowpremium.fr\/produit-eclaircissant\/lait-eclaircissant-skin-doctor-gluta-glow-naturelle-blanchiment-intense-2\/#primaryimage","url":"https:\/\/glowpremium.fr\/wp-content\/uploads\/2024\/10\/PhotoRoom_20220318_201134.jpg","contentUrl":"https:\/\/glowpremium.fr\/wp-content\/uploads\/2024\/10\/PhotoRoom_20220318_201134.jpg","width":2000,"height":1823},{"@type":"BreadcrumbList","@id":"https:\/\/glowpremium.fr\/produit-eclaircissant\/lait-eclaircissant-skin-doctor-gluta-glow-naturelle-blanchiment-intense-2\/#breadcrumb","itemListElement":[{"@type":"ListItem","position":1,"name":"Accueil","item":"https:\/\/glowpremium.fr\/"},{"@type":"ListItem","position":2,"name":"Boutique","item":"https:\/\/glowpremium.fr\/boutique-produits-eclaircissants\/"},{"@type":"ListItem","position":3,"name":"Lait \u00e9claircissant skin doctor gluta- glow naturelle blanchiment intense"}]},{"@type":"WebSite","@id":"https:\/\/glowpremium.fr\/#website","url":"https:\/\/glowpremium.fr\/","name":"Glow Premium","description":"","publisher":{"@id":"https:\/\/glowpremium.fr\/#organization"},"potentialAction":[{"@type":"SearchAction","target":{"@type":"EntryPoint","urlTemplate":"https:\/\/glowpremium.fr\/?s={search_term_string}"},"query-input":{"@type":"PropertyValueSpecification","valueRequired":true,"valueName":"search_term_string"}}],"inLanguage":"en-GB"},{"@type":"Organization","@id":"https:\/\/glowpremium.fr\/#organization","name":"Glow Premium","url":"https:\/\/glowpremium.fr\/","logo":{"@type":"ImageObject","inLanguage":"en-GB","@id":"https:\/\/glowpremium.fr\/#\/schema\/logo\/image\/","url":"https:\/\/glowpremium.fr\/wp-content\/uploads\/2024\/10\/screenshot_20241029_034909_chrome.jpg","contentUrl":"https:\/\/glowpremium.fr\/wp-content\/uploads\/2024\/10\/screenshot_20241029_034909_chrome.jpg","width":866,"height":937,"caption":"Glow Premium"},"image":{"@id":"https:\/\/glowpremium.fr\/#\/schema\/logo\/image\/"}}]}},"_links":{"self":[{"href":"https:\/\/glowpremium.fr\/en\/wp-json\/wp\/v2\/product\/5919","targetHints":{"allow":["GET"]}}],"collection":[{"href":"https:\/\/glowpremium.fr\/en\/wp-json\/wp\/v2\/product"}],"about":[{"href":"https:\/\/glowpremium.fr\/en\/wp-json\/wp\/v2\/types\/product"}],"replies":[{"embeddable":true,"href":"https:\/\/glowpremium.fr\/en\/wp-json\/wp\/v2\/comments?post=5919"}],"version-history":[{"count":0,"href":"https:\/\/glowpremium.fr\/en\/wp-json\/wp\/v2\/product\/5919\/revisions"}],"wp:featuredmedia":[{"embeddable":true,"href":"https:\/\/glowpremium.fr\/en\/wp-json\/wp\/v2\/media\/5918"}],"wp:attachment":[{"href":"https:\/\/glowpremium.fr\/en\/wp-json\/wp\/v2\/media?parent=5919"}],"wp:term":[{"taxonomy":"brand","embeddable":true,"href":"https:\/\/glowpremium.fr\/en\/wp-json\/wp\/v2\/etheme_brands?post=5919"},{"taxonomy":"product_brand","embeddable":true,"href":"https:\/\/glowpremium.fr\/en\/wp-json\/wp\/v2\/product_brand?post=5919"},{"taxonomy":"product_cat","embeddable":true,"href":"https:\/\/glowpremium.fr\/en\/wp-json\/wp\/v2\/product_cat?post=5919"},{"taxonomy":"product_tag","embeddable":true,"href":"https:\/\/glowpremium.fr\/en\/wp-json\/wp\/v2\/product_tag?post=5919"}],"curies":[{"name":"wp","href":"https:\/\/api.w.org\/{rel}","templated":true}]}}