{"id":5909,"date":"2024-10-28T14:33:37","date_gmt":"2024-10-28T13:33:37","guid":{"rendered":"https:\/\/glowpremium.fr\/produit-eclaircissant\/lait-eclaircissant-corporel-neoprosone-avec-provit-b5-2\/"},"modified":"2024-11-10T09:46:34","modified_gmt":"2024-11-10T08:46:34","slug":"lait-eclaircissant-corporel-neoprosone-avec-provit-b5-2","status":"publish","type":"product","link":"https:\/\/glowpremium.fr\/en\/lightening-product\/neoprosone-body-lightening-milk-with-provit-b5-2\/","title":{"rendered":"Neoprosone Body Lightening Milk with provit B5"},"content":{"rendered":"<p><strong>How to use :<\/strong><\/p>\n<p>Apply regularly to the areas to be treated.<\/p>\n<p><strong>Recommendation:\u00a0<\/strong><\/p>\n<p>Avoid contact with the eyes if lesions or irritated skin occur, discontinue use.<\/p>\n<p><strong>Composition:<\/strong><\/p>\n<p>Aqua, Paraffinum liquidum Niacinamide, Glyceryl stearate PEG-100 stearate, Cetyl alcohol, Glycerin, Prunus amygdalus dulcis oil, Extract Propylene glycol, Stearic acid Cetearly alcohol, Sodium lauroyl glutamate, Tocopheryl acetate, Glucose, Sorbitol panthenol, Dimethicone Sodium glutame, Tocopherol phenoxyethanol, Acrylates glycine, UREA, Aluminium sSqualene, Triethanolamine Lactic acid, Hydrolyzed wheat Protein, sodium PCA, Linalool, butylphenyl, Coumarin Limonene, Benzyl benzoate Parfum.<\/p>","protected":false},"excerpt":{"rendered":"<p>Nourishing body lotion for a radiant, clear, wrinkle-free complexion.<\/p>\n<p>The combined action of the vitamins studied provides an antioxidant and unifying action.<\/p>\n<p>The combination of sweet almond oil, cottonseed oil and vegetable glycerine softens and protects the skin.<\/p>\n<p><strong>500 ml<\/strong><\/p>","protected":false},"featured_media":5908,"comment_status":"closed","ping_status":"closed","template":"","meta":[],"etheme_brands":[],"product_brand":[],"product_cat":[80,85],"product_tag":[],"class_list":{"0":"post-5909","1":"product","2":"type-product","3":"status-publish","4":"has-post-thumbnail","6":"product_cat-blanchissants-et-eclaircissants","7":"product_cat-laits-eclaircissants","9":"first","10":"instock","11":"shipping-taxable","12":"purchasable","13":"product-type-simple"},"yoast_head":"<!-- This site is optimized with the Yoast SEO plugin v26.7 - https:\/\/yoast.com\/wordpress\/plugins\/seo\/ -->\n<title>Lait \u00e9claircissant corporel Neoprosone avec provit B5 - Glow Premium<\/title>\n<meta name=\"description\" content=\"D\u00e9pigmentantAnti-tachesUniformisant illuminateu r\u00c9claircissant naturelTeint homog\u00e8ne cosm\u00e9tique pezu noire et m\u00e9tisse produit cosm\u00e9tique teint claire\" \/>\n<meta name=\"robots\" content=\"index, follow, max-snippet:-1, max-image-preview:large, max-video-preview:-1\" \/>\n<link rel=\"canonical\" href=\"https:\/\/glowpremium.fr\/en\/lightening-product\/neoprosone-body-lightening-milk-with-provit-b5-2\/\" \/>\n<meta property=\"og:locale\" content=\"en_GB\" \/>\n<meta property=\"og:type\" content=\"article\" \/>\n<meta property=\"og:title\" content=\"Lait \u00e9claircissant corporel Neoprosone avec provit B5 - Glow Premium\" \/>\n<meta property=\"og:description\" content=\"D\u00e9pigmentantAnti-tachesUniformisant illuminateu r\u00c9claircissant naturelTeint homog\u00e8ne cosm\u00e9tique pezu noire et m\u00e9tisse produit cosm\u00e9tique teint claire\" \/>\n<meta property=\"og:url\" content=\"https:\/\/glowpremium.fr\/en\/lightening-product\/neoprosone-body-lightening-milk-with-provit-b5-2\/\" \/>\n<meta property=\"og:site_name\" content=\"Glow Premium\" \/>\n<meta property=\"article:modified_time\" content=\"2024-11-10T08:46:34+00:00\" \/>\n<meta property=\"og:image\" content=\"https:\/\/glowpremium.fr\/wp-content\/uploads\/2024\/10\/Capture-decran-2022-03-06-a-00.18.33.png\" \/>\n\t<meta property=\"og:image:width\" content=\"266\" \/>\n\t<meta property=\"og:image:height\" content=\"466\" \/>\n\t<meta property=\"og:image:type\" content=\"image\/png\" \/>\n<meta name=\"twitter:card\" content=\"summary_large_image\" \/>\n<meta name=\"twitter:label1\" content=\"Estimated reading time\" \/>\n\t<meta name=\"twitter:data1\" content=\"1 minute\" \/>\n<script type=\"application\/ld+json\" class=\"yoast-schema-graph\">{\"@context\":\"https:\/\/schema.org\",\"@graph\":[{\"@type\":\"WebPage\",\"@id\":\"https:\/\/glowpremium.fr\/produit-eclaircissant\/lait-eclaircissant-corporel-neoprosone-avec-provit-b5-2\/\",\"url\":\"https:\/\/glowpremium.fr\/produit-eclaircissant\/lait-eclaircissant-corporel-neoprosone-avec-provit-b5-2\/\",\"name\":\"Lait \u00e9claircissant corporel Neoprosone avec provit B5 - Glow Premium\",\"isPartOf\":{\"@id\":\"https:\/\/glowpremium.fr\/#website\"},\"primaryImageOfPage\":{\"@id\":\"https:\/\/glowpremium.fr\/produit-eclaircissant\/lait-eclaircissant-corporel-neoprosone-avec-provit-b5-2\/#primaryimage\"},\"image\":{\"@id\":\"https:\/\/glowpremium.fr\/produit-eclaircissant\/lait-eclaircissant-corporel-neoprosone-avec-provit-b5-2\/#primaryimage\"},\"thumbnailUrl\":\"https:\/\/glowpremium.fr\/wp-content\/uploads\/2024\/10\/Capture-decran-2022-03-06-a-00.18.33.png\",\"datePublished\":\"2024-10-28T13:33:37+00:00\",\"dateModified\":\"2024-11-10T08:46:34+00:00\",\"description\":\"D\u00e9pigmentantAnti-tachesUniformisant illuminateu r\u00c9claircissant naturelTeint homog\u00e8ne cosm\u00e9tique pezu noire et m\u00e9tisse produit cosm\u00e9tique teint claire\",\"breadcrumb\":{\"@id\":\"https:\/\/glowpremium.fr\/produit-eclaircissant\/lait-eclaircissant-corporel-neoprosone-avec-provit-b5-2\/#breadcrumb\"},\"inLanguage\":\"en-GB\",\"potentialAction\":[{\"@type\":\"ReadAction\",\"target\":[\"https:\/\/glowpremium.fr\/produit-eclaircissant\/lait-eclaircissant-corporel-neoprosone-avec-provit-b5-2\/\"]}]},{\"@type\":\"ImageObject\",\"inLanguage\":\"en-GB\",\"@id\":\"https:\/\/glowpremium.fr\/produit-eclaircissant\/lait-eclaircissant-corporel-neoprosone-avec-provit-b5-2\/#primaryimage\",\"url\":\"https:\/\/glowpremium.fr\/wp-content\/uploads\/2024\/10\/Capture-decran-2022-03-06-a-00.18.33.png\",\"contentUrl\":\"https:\/\/glowpremium.fr\/wp-content\/uploads\/2024\/10\/Capture-decran-2022-03-06-a-00.18.33.png\",\"width\":266,\"height\":466},{\"@type\":\"BreadcrumbList\",\"@id\":\"https:\/\/glowpremium.fr\/produit-eclaircissant\/lait-eclaircissant-corporel-neoprosone-avec-provit-b5-2\/#breadcrumb\",\"itemListElement\":[{\"@type\":\"ListItem\",\"position\":1,\"name\":\"Accueil\",\"item\":\"https:\/\/glowpremium.fr\/\"},{\"@type\":\"ListItem\",\"position\":2,\"name\":\"Boutique\",\"item\":\"https:\/\/glowpremium.fr\/boutique-produits-eclaircissants\/\"},{\"@type\":\"ListItem\",\"position\":3,\"name\":\"Lait \u00e9claircissant corporel Neoprosone avec provit B5\"}]},{\"@type\":\"WebSite\",\"@id\":\"https:\/\/glowpremium.fr\/#website\",\"url\":\"https:\/\/glowpremium.fr\/\",\"name\":\"Glow Premium\",\"description\":\"\",\"publisher\":{\"@id\":\"https:\/\/glowpremium.fr\/#organization\"},\"potentialAction\":[{\"@type\":\"SearchAction\",\"target\":{\"@type\":\"EntryPoint\",\"urlTemplate\":\"https:\/\/glowpremium.fr\/?s={search_term_string}\"},\"query-input\":{\"@type\":\"PropertyValueSpecification\",\"valueRequired\":true,\"valueName\":\"search_term_string\"}}],\"inLanguage\":\"en-GB\"},{\"@type\":\"Organization\",\"@id\":\"https:\/\/glowpremium.fr\/#organization\",\"name\":\"Glow Premium\",\"url\":\"https:\/\/glowpremium.fr\/\",\"logo\":{\"@type\":\"ImageObject\",\"inLanguage\":\"en-GB\",\"@id\":\"https:\/\/glowpremium.fr\/#\/schema\/logo\/image\/\",\"url\":\"https:\/\/glowpremium.fr\/wp-content\/uploads\/2024\/10\/screenshot_20241029_034909_chrome.jpg\",\"contentUrl\":\"https:\/\/glowpremium.fr\/wp-content\/uploads\/2024\/10\/screenshot_20241029_034909_chrome.jpg\",\"width\":866,\"height\":937,\"caption\":\"Glow Premium\"},\"image\":{\"@id\":\"https:\/\/glowpremium.fr\/#\/schema\/logo\/image\/\"}}]}<\/script>\n<!-- \/ Yoast SEO plugin. -->","yoast_head_json":{"title":"Lait \u00e9claircissant corporel Neoprosone avec provit B5 - Glow Premium","description":"D\u00e9pigmentantAnti-tachesUniformisant illuminateu r\u00c9claircissant naturelTeint homog\u00e8ne cosm\u00e9tique pezu noire et m\u00e9tisse produit cosm\u00e9tique teint claire","robots":{"index":"index","follow":"follow","max-snippet":"max-snippet:-1","max-image-preview":"max-image-preview:large","max-video-preview":"max-video-preview:-1"},"canonical":"https:\/\/glowpremium.fr\/en\/lightening-product\/neoprosone-body-lightening-milk-with-provit-b5-2\/","og_locale":"en_GB","og_type":"article","og_title":"Lait \u00e9claircissant corporel Neoprosone avec provit B5 - Glow Premium","og_description":"D\u00e9pigmentantAnti-tachesUniformisant illuminateu r\u00c9claircissant naturelTeint homog\u00e8ne cosm\u00e9tique pezu noire et m\u00e9tisse produit cosm\u00e9tique teint claire","og_url":"https:\/\/glowpremium.fr\/en\/lightening-product\/neoprosone-body-lightening-milk-with-provit-b5-2\/","og_site_name":"Glow Premium","article_modified_time":"2024-11-10T08:46:34+00:00","og_image":[{"width":266,"height":466,"url":"https:\/\/glowpremium.fr\/wp-content\/uploads\/2024\/10\/Capture-decran-2022-03-06-a-00.18.33.png","type":"image\/png"}],"twitter_card":"summary_large_image","twitter_misc":{"Estimated reading time":"1 minute"},"schema":{"@context":"https:\/\/schema.org","@graph":[{"@type":"WebPage","@id":"https:\/\/glowpremium.fr\/produit-eclaircissant\/lait-eclaircissant-corporel-neoprosone-avec-provit-b5-2\/","url":"https:\/\/glowpremium.fr\/produit-eclaircissant\/lait-eclaircissant-corporel-neoprosone-avec-provit-b5-2\/","name":"Lait \u00e9claircissant corporel Neoprosone avec provit B5 - Glow Premium","isPartOf":{"@id":"https:\/\/glowpremium.fr\/#website"},"primaryImageOfPage":{"@id":"https:\/\/glowpremium.fr\/produit-eclaircissant\/lait-eclaircissant-corporel-neoprosone-avec-provit-b5-2\/#primaryimage"},"image":{"@id":"https:\/\/glowpremium.fr\/produit-eclaircissant\/lait-eclaircissant-corporel-neoprosone-avec-provit-b5-2\/#primaryimage"},"thumbnailUrl":"https:\/\/glowpremium.fr\/wp-content\/uploads\/2024\/10\/Capture-decran-2022-03-06-a-00.18.33.png","datePublished":"2024-10-28T13:33:37+00:00","dateModified":"2024-11-10T08:46:34+00:00","description":"D\u00e9pigmentantAnti-tachesUniformisant illuminateu r\u00c9claircissant naturelTeint homog\u00e8ne cosm\u00e9tique pezu noire et m\u00e9tisse produit cosm\u00e9tique teint claire","breadcrumb":{"@id":"https:\/\/glowpremium.fr\/produit-eclaircissant\/lait-eclaircissant-corporel-neoprosone-avec-provit-b5-2\/#breadcrumb"},"inLanguage":"en-GB","potentialAction":[{"@type":"ReadAction","target":["https:\/\/glowpremium.fr\/produit-eclaircissant\/lait-eclaircissant-corporel-neoprosone-avec-provit-b5-2\/"]}]},{"@type":"ImageObject","inLanguage":"en-GB","@id":"https:\/\/glowpremium.fr\/produit-eclaircissant\/lait-eclaircissant-corporel-neoprosone-avec-provit-b5-2\/#primaryimage","url":"https:\/\/glowpremium.fr\/wp-content\/uploads\/2024\/10\/Capture-decran-2022-03-06-a-00.18.33.png","contentUrl":"https:\/\/glowpremium.fr\/wp-content\/uploads\/2024\/10\/Capture-decran-2022-03-06-a-00.18.33.png","width":266,"height":466},{"@type":"BreadcrumbList","@id":"https:\/\/glowpremium.fr\/produit-eclaircissant\/lait-eclaircissant-corporel-neoprosone-avec-provit-b5-2\/#breadcrumb","itemListElement":[{"@type":"ListItem","position":1,"name":"Accueil","item":"https:\/\/glowpremium.fr\/"},{"@type":"ListItem","position":2,"name":"Boutique","item":"https:\/\/glowpremium.fr\/boutique-produits-eclaircissants\/"},{"@type":"ListItem","position":3,"name":"Lait \u00e9claircissant corporel Neoprosone avec provit B5"}]},{"@type":"WebSite","@id":"https:\/\/glowpremium.fr\/#website","url":"https:\/\/glowpremium.fr\/","name":"Glow Premium","description":"","publisher":{"@id":"https:\/\/glowpremium.fr\/#organization"},"potentialAction":[{"@type":"SearchAction","target":{"@type":"EntryPoint","urlTemplate":"https:\/\/glowpremium.fr\/?s={search_term_string}"},"query-input":{"@type":"PropertyValueSpecification","valueRequired":true,"valueName":"search_term_string"}}],"inLanguage":"en-GB"},{"@type":"Organization","@id":"https:\/\/glowpremium.fr\/#organization","name":"Glow Premium","url":"https:\/\/glowpremium.fr\/","logo":{"@type":"ImageObject","inLanguage":"en-GB","@id":"https:\/\/glowpremium.fr\/#\/schema\/logo\/image\/","url":"https:\/\/glowpremium.fr\/wp-content\/uploads\/2024\/10\/screenshot_20241029_034909_chrome.jpg","contentUrl":"https:\/\/glowpremium.fr\/wp-content\/uploads\/2024\/10\/screenshot_20241029_034909_chrome.jpg","width":866,"height":937,"caption":"Glow Premium"},"image":{"@id":"https:\/\/glowpremium.fr\/#\/schema\/logo\/image\/"}}]}},"_links":{"self":[{"href":"https:\/\/glowpremium.fr\/en\/wp-json\/wp\/v2\/product\/5909","targetHints":{"allow":["GET"]}}],"collection":[{"href":"https:\/\/glowpremium.fr\/en\/wp-json\/wp\/v2\/product"}],"about":[{"href":"https:\/\/glowpremium.fr\/en\/wp-json\/wp\/v2\/types\/product"}],"replies":[{"embeddable":true,"href":"https:\/\/glowpremium.fr\/en\/wp-json\/wp\/v2\/comments?post=5909"}],"version-history":[{"count":1,"href":"https:\/\/glowpremium.fr\/en\/wp-json\/wp\/v2\/product\/5909\/revisions"}],"predecessor-version":[{"id":7446,"href":"https:\/\/glowpremium.fr\/en\/wp-json\/wp\/v2\/product\/5909\/revisions\/7446"}],"wp:featuredmedia":[{"embeddable":true,"href":"https:\/\/glowpremium.fr\/en\/wp-json\/wp\/v2\/media\/5908"}],"wp:attachment":[{"href":"https:\/\/glowpremium.fr\/en\/wp-json\/wp\/v2\/media?parent=5909"}],"wp:term":[{"taxonomy":"brand","embeddable":true,"href":"https:\/\/glowpremium.fr\/en\/wp-json\/wp\/v2\/etheme_brands?post=5909"},{"taxonomy":"product_brand","embeddable":true,"href":"https:\/\/glowpremium.fr\/en\/wp-json\/wp\/v2\/product_brand?post=5909"},{"taxonomy":"product_cat","embeddable":true,"href":"https:\/\/glowpremium.fr\/en\/wp-json\/wp\/v2\/product_cat?post=5909"},{"taxonomy":"product_tag","embeddable":true,"href":"https:\/\/glowpremium.fr\/en\/wp-json\/wp\/v2\/product_tag?post=5909"}],"curies":[{"name":"wp","href":"https:\/\/api.w.org\/{rel}","templated":true}]}}