{"id":5880,"date":"2024-10-28T14:33:17","date_gmt":"2024-10-28T13:33:17","guid":{"rendered":"https:\/\/glowpremium.fr\/produit-eclaircissant\/lait-eclaircissant-glutathion-carotte-7jours-teint-claire-2\/"},"modified":"2024-10-28T14:33:17","modified_gmt":"2024-10-28T13:33:17","slug":"lait-eclaircissant-glutathion-carotte-7jours-teint-claire-2","status":"publish","type":"product","link":"https:\/\/glowpremium.fr\/en\/lightening-product\/carrot-glutathione-7-day-lightening-milk-clear-complexion-2\/","title":{"rendered":"Brightening milk - Glutathion carrot 7jours Teint Claire"},"content":{"rendered":"<p><strong>How to use :<\/strong><br \/>\nApply morning and night to thoroughly cleansed skin. Results: Clearer, whiter, younger-looking skin. Dermatologist-recommended.<br \/>\n<strong>Recommendation:<\/strong><br \/>\nHydroquin free. Do not apply before or after exposure to the sun.<br \/>\n<strong>Composition:<\/strong><br \/>\nGlutathione, hyaluronic acid, vitamin C, arburtine, essential oils, carrot oil, kojic acid, ginseng, vitamin B3 or niacinamide.<\/p>","protected":false},"excerpt":{"rendered":"<p>Glutathione Carrot Diamond Complexion Milk moisturises the skin. Its main ingredients are: Glutathione, Arbutin kojic acid, vitamin C Hyaluronic acid, carrot oil and essential oils, which will make your skin glow. It contains Glutathione in tablet form, which has brightening properties that also help to cleanse impurities from skin cells. Glutathione milk extra tablet with essential oils will leave your skin clearer, younger-looking, softer to the touch and perfectly moisturised for fresher skin. Vitamin C ensures the skin's natural moisture balance. The effect of hyaluronic acid makes your skin smoother, younger-looking, clearer and softer.<\/p>","protected":false},"featured_media":5879,"comment_status":"open","ping_status":"closed","template":"","meta":[],"etheme_brands":[],"product_brand":[],"product_cat":[15],"product_tag":[],"class_list":{"0":"post-5880","1":"product","2":"type-product","3":"status-publish","4":"has-post-thumbnail","6":"product_cat-toutes-categories","8":"first","9":"instock","10":"shipping-taxable","11":"product-type-simple"},"yoast_head":"<!-- This site is optimized with the Yoast SEO plugin v26.7 - https:\/\/yoast.com\/wordpress\/plugins\/seo\/ -->\n<title>Lait \u00e9claircissant - Glutathion carotte 7jours Teint Claire - Glow Premium<\/title>\n<meta name=\"robots\" content=\"index, follow, max-snippet:-1, max-image-preview:large, max-video-preview:-1\" \/>\n<link rel=\"canonical\" href=\"https:\/\/glowpremium.fr\/en\/lightening-product\/carrot-glutathione-7-day-lightening-milk-clear-complexion-2\/\" \/>\n<meta property=\"og:locale\" content=\"en_GB\" \/>\n<meta property=\"og:type\" content=\"article\" \/>\n<meta property=\"og:title\" content=\"Lait \u00e9claircissant - Glutathion carotte 7jours Teint Claire - Glow Premium\" \/>\n<meta property=\"og:description\" content=\"Le lait Teint diamant Glutathione carotte procure une hydratation \u00e0 la peau. Ses principaux ingr\u00e9dients sont: le Glutathione , Acide kojique Arbutin, acide Acide Hyaluronique vitamine C, Huile de carotte, les huiles essentielles, \u00a0qui rendront votre peau \u00e9clatante. Elle contient du Glutathione en comprim\u00e9 qui poss\u00e8de des propri\u00e9t\u00e9s \u00e9claircissant facilite aussi le nettoyage des impuret\u00e9s contenues dans les cellules de la peau. Le lait Glutathione comprim\u00e9 extra \u00a0et aux huiles essentielles laissera votre peau plus claire, plus jeune, plus douce au touch\u00e9 et parfaitement hydrat\u00e9e pour une peau plus fra\u00eeche. La vitamine C assure l&#039;\u00e9quilibre d&#039;hydratation naturel de la peau. L&#039;effet de l&#039;acide hyaluronique rend votre \u00e9piderme plus lisse, plus jeune, plus claire et plus doux.\" \/>\n<meta property=\"og:url\" content=\"https:\/\/glowpremium.fr\/en\/lightening-product\/carrot-glutathione-7-day-lightening-milk-clear-complexion-2\/\" \/>\n<meta property=\"og:site_name\" content=\"Glow Premium\" \/>\n<meta property=\"og:image\" content=\"https:\/\/glowpremium.fr\/wp-content\/uploads\/2024\/10\/PhotoRoom_20211212_151828.jpg\" \/>\n\t<meta property=\"og:image:width\" content=\"1966\" \/>\n\t<meta property=\"og:image:height\" content=\"1825\" \/>\n\t<meta property=\"og:image:type\" content=\"image\/jpeg\" \/>\n<meta name=\"twitter:card\" content=\"summary_large_image\" \/>\n<script type=\"application\/ld+json\" class=\"yoast-schema-graph\">{\"@context\":\"https:\/\/schema.org\",\"@graph\":[{\"@type\":\"WebPage\",\"@id\":\"https:\/\/glowpremium.fr\/produit-eclaircissant\/lait-eclaircissant-glutathion-carotte-7jours-teint-claire-2\/\",\"url\":\"https:\/\/glowpremium.fr\/produit-eclaircissant\/lait-eclaircissant-glutathion-carotte-7jours-teint-claire-2\/\",\"name\":\"Lait \u00e9claircissant - Glutathion carotte 7jours Teint Claire - Glow Premium\",\"isPartOf\":{\"@id\":\"https:\/\/glowpremium.fr\/#website\"},\"primaryImageOfPage\":{\"@id\":\"https:\/\/glowpremium.fr\/produit-eclaircissant\/lait-eclaircissant-glutathion-carotte-7jours-teint-claire-2\/#primaryimage\"},\"image\":{\"@id\":\"https:\/\/glowpremium.fr\/produit-eclaircissant\/lait-eclaircissant-glutathion-carotte-7jours-teint-claire-2\/#primaryimage\"},\"thumbnailUrl\":\"https:\/\/glowpremium.fr\/wp-content\/uploads\/2024\/10\/PhotoRoom_20211212_151828.jpg\",\"datePublished\":\"2024-10-28T13:33:17+00:00\",\"breadcrumb\":{\"@id\":\"https:\/\/glowpremium.fr\/produit-eclaircissant\/lait-eclaircissant-glutathion-carotte-7jours-teint-claire-2\/#breadcrumb\"},\"inLanguage\":\"en-GB\",\"potentialAction\":[{\"@type\":\"ReadAction\",\"target\":[\"https:\/\/glowpremium.fr\/produit-eclaircissant\/lait-eclaircissant-glutathion-carotte-7jours-teint-claire-2\/\"]}]},{\"@type\":\"ImageObject\",\"inLanguage\":\"en-GB\",\"@id\":\"https:\/\/glowpremium.fr\/produit-eclaircissant\/lait-eclaircissant-glutathion-carotte-7jours-teint-claire-2\/#primaryimage\",\"url\":\"https:\/\/glowpremium.fr\/wp-content\/uploads\/2024\/10\/PhotoRoom_20211212_151828.jpg\",\"contentUrl\":\"https:\/\/glowpremium.fr\/wp-content\/uploads\/2024\/10\/PhotoRoom_20211212_151828.jpg\",\"width\":1966,\"height\":1825},{\"@type\":\"BreadcrumbList\",\"@id\":\"https:\/\/glowpremium.fr\/produit-eclaircissant\/lait-eclaircissant-glutathion-carotte-7jours-teint-claire-2\/#breadcrumb\",\"itemListElement\":[{\"@type\":\"ListItem\",\"position\":1,\"name\":\"Accueil\",\"item\":\"https:\/\/glowpremium.fr\/\"},{\"@type\":\"ListItem\",\"position\":2,\"name\":\"Boutique\",\"item\":\"https:\/\/glowpremium.fr\/boutique-produits-eclaircissants\/\"},{\"@type\":\"ListItem\",\"position\":3,\"name\":\"Lait \u00e9claircissant &#8211; Glutathion carotte 7jours Teint Claire\"}]},{\"@type\":\"WebSite\",\"@id\":\"https:\/\/glowpremium.fr\/#website\",\"url\":\"https:\/\/glowpremium.fr\/\",\"name\":\"Glow Premium\",\"description\":\"\",\"publisher\":{\"@id\":\"https:\/\/glowpremium.fr\/#organization\"},\"potentialAction\":[{\"@type\":\"SearchAction\",\"target\":{\"@type\":\"EntryPoint\",\"urlTemplate\":\"https:\/\/glowpremium.fr\/?s={search_term_string}\"},\"query-input\":{\"@type\":\"PropertyValueSpecification\",\"valueRequired\":true,\"valueName\":\"search_term_string\"}}],\"inLanguage\":\"en-GB\"},{\"@type\":\"Organization\",\"@id\":\"https:\/\/glowpremium.fr\/#organization\",\"name\":\"Glow Premium\",\"url\":\"https:\/\/glowpremium.fr\/\",\"logo\":{\"@type\":\"ImageObject\",\"inLanguage\":\"en-GB\",\"@id\":\"https:\/\/glowpremium.fr\/#\/schema\/logo\/image\/\",\"url\":\"https:\/\/glowpremium.fr\/wp-content\/uploads\/2024\/10\/screenshot_20241029_034909_chrome.jpg\",\"contentUrl\":\"https:\/\/glowpremium.fr\/wp-content\/uploads\/2024\/10\/screenshot_20241029_034909_chrome.jpg\",\"width\":866,\"height\":937,\"caption\":\"Glow Premium\"},\"image\":{\"@id\":\"https:\/\/glowpremium.fr\/#\/schema\/logo\/image\/\"}}]}<\/script>\n<!-- \/ Yoast SEO plugin. -->","yoast_head_json":{"title":"Lait \u00e9claircissant - Glutathion carotte 7jours Teint Claire - Glow Premium","robots":{"index":"index","follow":"follow","max-snippet":"max-snippet:-1","max-image-preview":"max-image-preview:large","max-video-preview":"max-video-preview:-1"},"canonical":"https:\/\/glowpremium.fr\/en\/lightening-product\/carrot-glutathione-7-day-lightening-milk-clear-complexion-2\/","og_locale":"en_GB","og_type":"article","og_title":"Lait \u00e9claircissant - Glutathion carotte 7jours Teint Claire - Glow Premium","og_description":"Le lait Teint diamant Glutathione carotte procure une hydratation \u00e0 la peau. Ses principaux ingr\u00e9dients sont: le Glutathione , Acide kojique Arbutin, acide Acide Hyaluronique vitamine C, Huile de carotte, les huiles essentielles, \u00a0qui rendront votre peau \u00e9clatante. Elle contient du Glutathione en comprim\u00e9 qui poss\u00e8de des propri\u00e9t\u00e9s \u00e9claircissant facilite aussi le nettoyage des impuret\u00e9s contenues dans les cellules de la peau. Le lait Glutathione comprim\u00e9 extra \u00a0et aux huiles essentielles laissera votre peau plus claire, plus jeune, plus douce au touch\u00e9 et parfaitement hydrat\u00e9e pour une peau plus fra\u00eeche. La vitamine C assure l'\u00e9quilibre d'hydratation naturel de la peau. L'effet de l'acide hyaluronique rend votre \u00e9piderme plus lisse, plus jeune, plus claire et plus doux.","og_url":"https:\/\/glowpremium.fr\/en\/lightening-product\/carrot-glutathione-7-day-lightening-milk-clear-complexion-2\/","og_site_name":"Glow Premium","og_image":[{"width":1966,"height":1825,"url":"https:\/\/glowpremium.fr\/wp-content\/uploads\/2024\/10\/PhotoRoom_20211212_151828.jpg","type":"image\/jpeg"}],"twitter_card":"summary_large_image","schema":{"@context":"https:\/\/schema.org","@graph":[{"@type":"WebPage","@id":"https:\/\/glowpremium.fr\/produit-eclaircissant\/lait-eclaircissant-glutathion-carotte-7jours-teint-claire-2\/","url":"https:\/\/glowpremium.fr\/produit-eclaircissant\/lait-eclaircissant-glutathion-carotte-7jours-teint-claire-2\/","name":"Lait \u00e9claircissant - Glutathion carotte 7jours Teint Claire - Glow Premium","isPartOf":{"@id":"https:\/\/glowpremium.fr\/#website"},"primaryImageOfPage":{"@id":"https:\/\/glowpremium.fr\/produit-eclaircissant\/lait-eclaircissant-glutathion-carotte-7jours-teint-claire-2\/#primaryimage"},"image":{"@id":"https:\/\/glowpremium.fr\/produit-eclaircissant\/lait-eclaircissant-glutathion-carotte-7jours-teint-claire-2\/#primaryimage"},"thumbnailUrl":"https:\/\/glowpremium.fr\/wp-content\/uploads\/2024\/10\/PhotoRoom_20211212_151828.jpg","datePublished":"2024-10-28T13:33:17+00:00","breadcrumb":{"@id":"https:\/\/glowpremium.fr\/produit-eclaircissant\/lait-eclaircissant-glutathion-carotte-7jours-teint-claire-2\/#breadcrumb"},"inLanguage":"en-GB","potentialAction":[{"@type":"ReadAction","target":["https:\/\/glowpremium.fr\/produit-eclaircissant\/lait-eclaircissant-glutathion-carotte-7jours-teint-claire-2\/"]}]},{"@type":"ImageObject","inLanguage":"en-GB","@id":"https:\/\/glowpremium.fr\/produit-eclaircissant\/lait-eclaircissant-glutathion-carotte-7jours-teint-claire-2\/#primaryimage","url":"https:\/\/glowpremium.fr\/wp-content\/uploads\/2024\/10\/PhotoRoom_20211212_151828.jpg","contentUrl":"https:\/\/glowpremium.fr\/wp-content\/uploads\/2024\/10\/PhotoRoom_20211212_151828.jpg","width":1966,"height":1825},{"@type":"BreadcrumbList","@id":"https:\/\/glowpremium.fr\/produit-eclaircissant\/lait-eclaircissant-glutathion-carotte-7jours-teint-claire-2\/#breadcrumb","itemListElement":[{"@type":"ListItem","position":1,"name":"Accueil","item":"https:\/\/glowpremium.fr\/"},{"@type":"ListItem","position":2,"name":"Boutique","item":"https:\/\/glowpremium.fr\/boutique-produits-eclaircissants\/"},{"@type":"ListItem","position":3,"name":"Lait \u00e9claircissant &#8211; Glutathion carotte 7jours Teint Claire"}]},{"@type":"WebSite","@id":"https:\/\/glowpremium.fr\/#website","url":"https:\/\/glowpremium.fr\/","name":"Glow Premium","description":"","publisher":{"@id":"https:\/\/glowpremium.fr\/#organization"},"potentialAction":[{"@type":"SearchAction","target":{"@type":"EntryPoint","urlTemplate":"https:\/\/glowpremium.fr\/?s={search_term_string}"},"query-input":{"@type":"PropertyValueSpecification","valueRequired":true,"valueName":"search_term_string"}}],"inLanguage":"en-GB"},{"@type":"Organization","@id":"https:\/\/glowpremium.fr\/#organization","name":"Glow Premium","url":"https:\/\/glowpremium.fr\/","logo":{"@type":"ImageObject","inLanguage":"en-GB","@id":"https:\/\/glowpremium.fr\/#\/schema\/logo\/image\/","url":"https:\/\/glowpremium.fr\/wp-content\/uploads\/2024\/10\/screenshot_20241029_034909_chrome.jpg","contentUrl":"https:\/\/glowpremium.fr\/wp-content\/uploads\/2024\/10\/screenshot_20241029_034909_chrome.jpg","width":866,"height":937,"caption":"Glow Premium"},"image":{"@id":"https:\/\/glowpremium.fr\/#\/schema\/logo\/image\/"}}]}},"_links":{"self":[{"href":"https:\/\/glowpremium.fr\/en\/wp-json\/wp\/v2\/product\/5880","targetHints":{"allow":["GET"]}}],"collection":[{"href":"https:\/\/glowpremium.fr\/en\/wp-json\/wp\/v2\/product"}],"about":[{"href":"https:\/\/glowpremium.fr\/en\/wp-json\/wp\/v2\/types\/product"}],"replies":[{"embeddable":true,"href":"https:\/\/glowpremium.fr\/en\/wp-json\/wp\/v2\/comments?post=5880"}],"version-history":[{"count":0,"href":"https:\/\/glowpremium.fr\/en\/wp-json\/wp\/v2\/product\/5880\/revisions"}],"wp:featuredmedia":[{"embeddable":true,"href":"https:\/\/glowpremium.fr\/en\/wp-json\/wp\/v2\/media\/5879"}],"wp:attachment":[{"href":"https:\/\/glowpremium.fr\/en\/wp-json\/wp\/v2\/media?parent=5880"}],"wp:term":[{"taxonomy":"brand","embeddable":true,"href":"https:\/\/glowpremium.fr\/en\/wp-json\/wp\/v2\/etheme_brands?post=5880"},{"taxonomy":"product_brand","embeddable":true,"href":"https:\/\/glowpremium.fr\/en\/wp-json\/wp\/v2\/product_brand?post=5880"},{"taxonomy":"product_cat","embeddable":true,"href":"https:\/\/glowpremium.fr\/en\/wp-json\/wp\/v2\/product_cat?post=5880"},{"taxonomy":"product_tag","embeddable":true,"href":"https:\/\/glowpremium.fr\/en\/wp-json\/wp\/v2\/product_tag?post=5880"}],"curies":[{"name":"wp","href":"https:\/\/api.w.org\/{rel}","templated":true}]}}