{"id":5870,"date":"2024-10-28T14:33:10","date_gmt":"2024-10-28T13:33:10","guid":{"rendered":"https:\/\/glowpremium.fr\/produit-eclaircissant\/savon-gommante-eclaircissant-lalala-exfoliante-2\/"},"modified":"2024-11-11T02:54:41","modified_gmt":"2024-11-11T01:54:41","slug":"savon-gommante-eclaircissant-lalala-exfoliante-2","status":"publish","type":"product","link":"https:\/\/glowpremium.fr\/en\/lightening-product\/lalala-exfoliating-lightening-scrub-soap-2\/","title":{"rendered":"LALALA Anti-Blemish Brightening Exfoliating Soap"},"content":{"rendered":"<p><strong>How to use :<\/strong><br \/>\nApply the lotion to the face and neck with a cotton pad after bathing, or add to cleansing milk.<br \/>\n<strong>Recommendation:<\/strong><br \/>\nFor use on the face and neck only. Keep out of reach of children.<br \/>\n<strong>Composition:<\/strong><br \/>\nDemineralised water, essential oils, glycerine, propylene glycol, AHA, alcohol, vitamin E, fruit acids.<\/p>","protected":false},"excerpt":{"rendered":"<p>Unique for its freshness and gentleness, LALALA Lightening Exfoliating Soap rids the skin of dead cells that dull the complexion, accelerating the cell renewal process. Its gentle exfoliation treats your skin in depth and leaves it looking guaranteed new.       Its gentle exfoliating action treats your skin in depth and gives you a guaranteed new skin.<\/p>","protected":false},"featured_media":5869,"comment_status":"closed","ping_status":"closed","template":"","meta":[],"etheme_brands":[],"product_brand":[],"product_cat":[80,87],"product_tag":[],"class_list":{"0":"post-5870","1":"product","2":"type-product","3":"status-publish","4":"has-post-thumbnail","6":"product_cat-blanchissants-et-eclaircissants","7":"product_cat-savons-eclaircissants","9":"first","10":"instock","11":"shipping-taxable","12":"purchasable","13":"product-type-simple"},"yoast_head":"<!-- This site is optimized with the Yoast SEO plugin v26.7 - https:\/\/yoast.com\/wordpress\/plugins\/seo\/ -->\n<title>Savon gommante \u00e9claircissant LALALA exfoliante Anti-Boutons - Glow Premium<\/title>\n<meta name=\"description\" content=\"Teint lumineuxUniformisation\u00c9clat naturelCorrection des tachesPeau rayonnante produit cosm\u00e9tique \u00e9claircissant pour peau noire et m\u00e9tisse cosm\u00e9tique teint\" \/>\n<meta name=\"robots\" content=\"index, follow, max-snippet:-1, max-image-preview:large, max-video-preview:-1\" \/>\n<link rel=\"canonical\" href=\"https:\/\/glowpremium.fr\/en\/lightening-product\/lalala-exfoliating-lightening-scrub-soap-2\/\" \/>\n<meta property=\"og:locale\" content=\"en_GB\" \/>\n<meta property=\"og:type\" content=\"article\" \/>\n<meta property=\"og:title\" content=\"Savon gommante \u00e9claircissant LALALA exfoliante Anti-Boutons - Glow Premium\" \/>\n<meta property=\"og:description\" content=\"Teint lumineuxUniformisation\u00c9clat naturelCorrection des tachesPeau rayonnante produit cosm\u00e9tique \u00e9claircissant pour peau noire et m\u00e9tisse cosm\u00e9tique teint\" \/>\n<meta property=\"og:url\" content=\"https:\/\/glowpremium.fr\/en\/lightening-product\/lalala-exfoliating-lightening-scrub-soap-2\/\" \/>\n<meta property=\"og:site_name\" content=\"Glow Premium\" \/>\n<meta property=\"article:modified_time\" content=\"2024-11-11T01:54:41+00:00\" \/>\n<meta property=\"og:image\" content=\"https:\/\/glowpremium.fr\/wp-content\/uploads\/2024\/10\/PhotoRoom_20220228_094134-2.jpg\" \/>\n\t<meta property=\"og:image:width\" content=\"2000\" \/>\n\t<meta property=\"og:image:height\" content=\"1834\" \/>\n\t<meta property=\"og:image:type\" content=\"image\/jpeg\" \/>\n<meta name=\"twitter:card\" content=\"summary_large_image\" \/>\n<meta name=\"twitter:label1\" content=\"Estimated reading time\" \/>\n\t<meta name=\"twitter:data1\" content=\"1 minute\" \/>\n<script type=\"application\/ld+json\" class=\"yoast-schema-graph\">{\"@context\":\"https:\/\/schema.org\",\"@graph\":[{\"@type\":\"WebPage\",\"@id\":\"https:\/\/glowpremium.fr\/produit-eclaircissant\/savon-gommante-eclaircissant-lalala-exfoliante-2\/\",\"url\":\"https:\/\/glowpremium.fr\/produit-eclaircissant\/savon-gommante-eclaircissant-lalala-exfoliante-2\/\",\"name\":\"Savon gommante \u00e9claircissant LALALA exfoliante Anti-Boutons - Glow Premium\",\"isPartOf\":{\"@id\":\"https:\/\/glowpremium.fr\/#website\"},\"primaryImageOfPage\":{\"@id\":\"https:\/\/glowpremium.fr\/produit-eclaircissant\/savon-gommante-eclaircissant-lalala-exfoliante-2\/#primaryimage\"},\"image\":{\"@id\":\"https:\/\/glowpremium.fr\/produit-eclaircissant\/savon-gommante-eclaircissant-lalala-exfoliante-2\/#primaryimage\"},\"thumbnailUrl\":\"https:\/\/glowpremium.fr\/wp-content\/uploads\/2024\/10\/PhotoRoom_20220228_094134-2.jpg\",\"datePublished\":\"2024-10-28T13:33:10+00:00\",\"dateModified\":\"2024-11-11T01:54:41+00:00\",\"description\":\"Teint lumineuxUniformisation\u00c9clat naturelCorrection des tachesPeau rayonnante produit cosm\u00e9tique \u00e9claircissant pour peau noire et m\u00e9tisse cosm\u00e9tique teint\",\"breadcrumb\":{\"@id\":\"https:\/\/glowpremium.fr\/produit-eclaircissant\/savon-gommante-eclaircissant-lalala-exfoliante-2\/#breadcrumb\"},\"inLanguage\":\"en-GB\",\"potentialAction\":[{\"@type\":\"ReadAction\",\"target\":[\"https:\/\/glowpremium.fr\/produit-eclaircissant\/savon-gommante-eclaircissant-lalala-exfoliante-2\/\"]}]},{\"@type\":\"ImageObject\",\"inLanguage\":\"en-GB\",\"@id\":\"https:\/\/glowpremium.fr\/produit-eclaircissant\/savon-gommante-eclaircissant-lalala-exfoliante-2\/#primaryimage\",\"url\":\"https:\/\/glowpremium.fr\/wp-content\/uploads\/2024\/10\/PhotoRoom_20220228_094134-2.jpg\",\"contentUrl\":\"https:\/\/glowpremium.fr\/wp-content\/uploads\/2024\/10\/PhotoRoom_20220228_094134-2.jpg\",\"width\":2000,\"height\":1834},{\"@type\":\"BreadcrumbList\",\"@id\":\"https:\/\/glowpremium.fr\/produit-eclaircissant\/savon-gommante-eclaircissant-lalala-exfoliante-2\/#breadcrumb\",\"itemListElement\":[{\"@type\":\"ListItem\",\"position\":1,\"name\":\"Accueil\",\"item\":\"https:\/\/glowpremium.fr\/\"},{\"@type\":\"ListItem\",\"position\":2,\"name\":\"Boutique\",\"item\":\"https:\/\/glowpremium.fr\/boutique-produits-eclaircissants\/\"},{\"@type\":\"ListItem\",\"position\":3,\"name\":\"Savon gommante \u00e9claircissant LALALA exfoliante Anti-Boutons\"}]},{\"@type\":\"WebSite\",\"@id\":\"https:\/\/glowpremium.fr\/#website\",\"url\":\"https:\/\/glowpremium.fr\/\",\"name\":\"Glow Premium\",\"description\":\"\",\"publisher\":{\"@id\":\"https:\/\/glowpremium.fr\/#organization\"},\"potentialAction\":[{\"@type\":\"SearchAction\",\"target\":{\"@type\":\"EntryPoint\",\"urlTemplate\":\"https:\/\/glowpremium.fr\/?s={search_term_string}\"},\"query-input\":{\"@type\":\"PropertyValueSpecification\",\"valueRequired\":true,\"valueName\":\"search_term_string\"}}],\"inLanguage\":\"en-GB\"},{\"@type\":\"Organization\",\"@id\":\"https:\/\/glowpremium.fr\/#organization\",\"name\":\"Glow Premium\",\"url\":\"https:\/\/glowpremium.fr\/\",\"logo\":{\"@type\":\"ImageObject\",\"inLanguage\":\"en-GB\",\"@id\":\"https:\/\/glowpremium.fr\/#\/schema\/logo\/image\/\",\"url\":\"https:\/\/glowpremium.fr\/wp-content\/uploads\/2024\/10\/screenshot_20241029_034909_chrome.jpg\",\"contentUrl\":\"https:\/\/glowpremium.fr\/wp-content\/uploads\/2024\/10\/screenshot_20241029_034909_chrome.jpg\",\"width\":866,\"height\":937,\"caption\":\"Glow Premium\"},\"image\":{\"@id\":\"https:\/\/glowpremium.fr\/#\/schema\/logo\/image\/\"}}]}<\/script>\n<!-- \/ Yoast SEO plugin. -->","yoast_head_json":{"title":"Savon gommante \u00e9claircissant LALALA exfoliante Anti-Boutons - Glow Premium","description":"Teint lumineuxUniformisation\u00c9clat naturelCorrection des tachesPeau rayonnante produit cosm\u00e9tique \u00e9claircissant pour peau noire et m\u00e9tisse cosm\u00e9tique teint","robots":{"index":"index","follow":"follow","max-snippet":"max-snippet:-1","max-image-preview":"max-image-preview:large","max-video-preview":"max-video-preview:-1"},"canonical":"https:\/\/glowpremium.fr\/en\/lightening-product\/lalala-exfoliating-lightening-scrub-soap-2\/","og_locale":"en_GB","og_type":"article","og_title":"Savon gommante \u00e9claircissant LALALA exfoliante Anti-Boutons - Glow Premium","og_description":"Teint lumineuxUniformisation\u00c9clat naturelCorrection des tachesPeau rayonnante produit cosm\u00e9tique \u00e9claircissant pour peau noire et m\u00e9tisse cosm\u00e9tique teint","og_url":"https:\/\/glowpremium.fr\/en\/lightening-product\/lalala-exfoliating-lightening-scrub-soap-2\/","og_site_name":"Glow Premium","article_modified_time":"2024-11-11T01:54:41+00:00","og_image":[{"width":2000,"height":1834,"url":"https:\/\/glowpremium.fr\/wp-content\/uploads\/2024\/10\/PhotoRoom_20220228_094134-2.jpg","type":"image\/jpeg"}],"twitter_card":"summary_large_image","twitter_misc":{"Estimated reading time":"1 minute"},"schema":{"@context":"https:\/\/schema.org","@graph":[{"@type":"WebPage","@id":"https:\/\/glowpremium.fr\/produit-eclaircissant\/savon-gommante-eclaircissant-lalala-exfoliante-2\/","url":"https:\/\/glowpremium.fr\/produit-eclaircissant\/savon-gommante-eclaircissant-lalala-exfoliante-2\/","name":"Savon gommante \u00e9claircissant LALALA exfoliante Anti-Boutons - Glow Premium","isPartOf":{"@id":"https:\/\/glowpremium.fr\/#website"},"primaryImageOfPage":{"@id":"https:\/\/glowpremium.fr\/produit-eclaircissant\/savon-gommante-eclaircissant-lalala-exfoliante-2\/#primaryimage"},"image":{"@id":"https:\/\/glowpremium.fr\/produit-eclaircissant\/savon-gommante-eclaircissant-lalala-exfoliante-2\/#primaryimage"},"thumbnailUrl":"https:\/\/glowpremium.fr\/wp-content\/uploads\/2024\/10\/PhotoRoom_20220228_094134-2.jpg","datePublished":"2024-10-28T13:33:10+00:00","dateModified":"2024-11-11T01:54:41+00:00","description":"Teint lumineuxUniformisation\u00c9clat naturelCorrection des tachesPeau rayonnante produit cosm\u00e9tique \u00e9claircissant pour peau noire et m\u00e9tisse cosm\u00e9tique teint","breadcrumb":{"@id":"https:\/\/glowpremium.fr\/produit-eclaircissant\/savon-gommante-eclaircissant-lalala-exfoliante-2\/#breadcrumb"},"inLanguage":"en-GB","potentialAction":[{"@type":"ReadAction","target":["https:\/\/glowpremium.fr\/produit-eclaircissant\/savon-gommante-eclaircissant-lalala-exfoliante-2\/"]}]},{"@type":"ImageObject","inLanguage":"en-GB","@id":"https:\/\/glowpremium.fr\/produit-eclaircissant\/savon-gommante-eclaircissant-lalala-exfoliante-2\/#primaryimage","url":"https:\/\/glowpremium.fr\/wp-content\/uploads\/2024\/10\/PhotoRoom_20220228_094134-2.jpg","contentUrl":"https:\/\/glowpremium.fr\/wp-content\/uploads\/2024\/10\/PhotoRoom_20220228_094134-2.jpg","width":2000,"height":1834},{"@type":"BreadcrumbList","@id":"https:\/\/glowpremium.fr\/produit-eclaircissant\/savon-gommante-eclaircissant-lalala-exfoliante-2\/#breadcrumb","itemListElement":[{"@type":"ListItem","position":1,"name":"Accueil","item":"https:\/\/glowpremium.fr\/"},{"@type":"ListItem","position":2,"name":"Boutique","item":"https:\/\/glowpremium.fr\/boutique-produits-eclaircissants\/"},{"@type":"ListItem","position":3,"name":"Savon gommante \u00e9claircissant LALALA exfoliante Anti-Boutons"}]},{"@type":"WebSite","@id":"https:\/\/glowpremium.fr\/#website","url":"https:\/\/glowpremium.fr\/","name":"Glow Premium","description":"","publisher":{"@id":"https:\/\/glowpremium.fr\/#organization"},"potentialAction":[{"@type":"SearchAction","target":{"@type":"EntryPoint","urlTemplate":"https:\/\/glowpremium.fr\/?s={search_term_string}"},"query-input":{"@type":"PropertyValueSpecification","valueRequired":true,"valueName":"search_term_string"}}],"inLanguage":"en-GB"},{"@type":"Organization","@id":"https:\/\/glowpremium.fr\/#organization","name":"Glow Premium","url":"https:\/\/glowpremium.fr\/","logo":{"@type":"ImageObject","inLanguage":"en-GB","@id":"https:\/\/glowpremium.fr\/#\/schema\/logo\/image\/","url":"https:\/\/glowpremium.fr\/wp-content\/uploads\/2024\/10\/screenshot_20241029_034909_chrome.jpg","contentUrl":"https:\/\/glowpremium.fr\/wp-content\/uploads\/2024\/10\/screenshot_20241029_034909_chrome.jpg","width":866,"height":937,"caption":"Glow Premium"},"image":{"@id":"https:\/\/glowpremium.fr\/#\/schema\/logo\/image\/"}}]}},"_links":{"self":[{"href":"https:\/\/glowpremium.fr\/en\/wp-json\/wp\/v2\/product\/5870","targetHints":{"allow":["GET"]}}],"collection":[{"href":"https:\/\/glowpremium.fr\/en\/wp-json\/wp\/v2\/product"}],"about":[{"href":"https:\/\/glowpremium.fr\/en\/wp-json\/wp\/v2\/types\/product"}],"replies":[{"embeddable":true,"href":"https:\/\/glowpremium.fr\/en\/wp-json\/wp\/v2\/comments?post=5870"}],"version-history":[{"count":2,"href":"https:\/\/glowpremium.fr\/en\/wp-json\/wp\/v2\/product\/5870\/revisions"}],"predecessor-version":[{"id":7466,"href":"https:\/\/glowpremium.fr\/en\/wp-json\/wp\/v2\/product\/5870\/revisions\/7466"}],"wp:featuredmedia":[{"embeddable":true,"href":"https:\/\/glowpremium.fr\/en\/wp-json\/wp\/v2\/media\/5869"}],"wp:attachment":[{"href":"https:\/\/glowpremium.fr\/en\/wp-json\/wp\/v2\/media?parent=5870"}],"wp:term":[{"taxonomy":"brand","embeddable":true,"href":"https:\/\/glowpremium.fr\/en\/wp-json\/wp\/v2\/etheme_brands?post=5870"},{"taxonomy":"product_brand","embeddable":true,"href":"https:\/\/glowpremium.fr\/en\/wp-json\/wp\/v2\/product_brand?post=5870"},{"taxonomy":"product_cat","embeddable":true,"href":"https:\/\/glowpremium.fr\/en\/wp-json\/wp\/v2\/product_cat?post=5870"},{"taxonomy":"product_tag","embeddable":true,"href":"https:\/\/glowpremium.fr\/en\/wp-json\/wp\/v2\/product_tag?post=5870"}],"curies":[{"name":"wp","href":"https:\/\/api.w.org\/{rel}","templated":true}]}}