{"id":5865,"date":"2024-10-28T14:33:07","date_gmt":"2024-10-28T13:33:07","guid":{"rendered":"https:\/\/glowpremium.fr\/produit-eclaircissant\/creme-visage-et-serum-eclaircissant-radiance-7-2\/"},"modified":"2024-11-11T03:04:14","modified_gmt":"2024-11-11T02:04:14","slug":"creme-visage-et-serum-eclaircissant-radiance-7-2","status":"publish","type":"product","link":"https:\/\/glowpremium.fr\/en\/lightening-product\/radiance-7-2-brightening-face-cream-and-serum\/","title":{"rendered":"Radiance 7 Lightening Face Cream and Serum"},"content":{"rendered":"<p><strong>How to use :<\/strong><\/p>\n<p>Apply twice a day to clean, cleansed skin. You can also combine the serum and cream for greater effectiveness.<\/p>\n<p><strong>Recommendation:<\/strong><\/p>\n<p>For external use. In case of contact with eyes, rinse immediately. Keep out of reach of children.<\/p>\n<p><strong>Composition:<\/strong><\/p>\n<p>Gluta kojique, Water, Essential oils, Cetearyl alcohol, Kojic acid, EDTA solution, Citric acid, Methylparaben, Propylparaben, Vitamin E &amp; C.<\/p>","protected":false},"excerpt":{"rendered":"<p>Radiance 7 brightening face cream and serum have been specially designed to give you a clean, smooth, clear complexion. Its formulas, rich in brightening complexes, help to brighten the skin while moisturising it. With this cream and serum, your complexion becomes harmonious and supple.<\/p>","protected":false},"featured_media":5864,"comment_status":"closed","ping_status":"closed","template":"","meta":[],"etheme_brands":[],"product_brand":[],"product_cat":[80,81,72],"product_tag":[],"class_list":{"0":"post-5865","1":"product","2":"type-product","3":"status-publish","4":"has-post-thumbnail","6":"product_cat-blanchissants-et-eclaircissants","7":"product_cat-cremes-eclaircissantes","8":"product_cat-visage","10":"first","11":"instock","12":"shipping-taxable","13":"purchasable","14":"product-type-simple"},"yoast_head":"<!-- This site is optimized with the Yoast SEO plugin v26.7 - https:\/\/yoast.com\/wordpress\/plugins\/seo\/ -->\n<title>Cr\u00e8me Visage et S\u00e9rum \u00e9claircissant Radiance 7 - Glow Premium<\/title>\n<meta name=\"description\" content=\"Teint lumineuxUniformisation\u00c9clat naturelCorrection des tachesPeau rayonnante cosm\u00e9tique blanchissant peau noire et m\u00e9tisse beaut\u00e9 \u00e9claircissante de la peau\" \/>\n<meta name=\"robots\" content=\"index, follow, max-snippet:-1, max-image-preview:large, max-video-preview:-1\" \/>\n<link rel=\"canonical\" href=\"https:\/\/glowpremium.fr\/en\/lightening-product\/radiance-7-2-brightening-face-cream-and-serum\/\" \/>\n<meta property=\"og:locale\" content=\"en_GB\" \/>\n<meta property=\"og:type\" content=\"article\" \/>\n<meta property=\"og:title\" content=\"Cr\u00e8me Visage et S\u00e9rum \u00e9claircissant Radiance 7 - Glow Premium\" \/>\n<meta property=\"og:description\" content=\"Teint lumineuxUniformisation\u00c9clat naturelCorrection des tachesPeau rayonnante cosm\u00e9tique blanchissant peau noire et m\u00e9tisse beaut\u00e9 \u00e9claircissante de la peau\" \/>\n<meta property=\"og:url\" content=\"https:\/\/glowpremium.fr\/en\/lightening-product\/radiance-7-2-brightening-face-cream-and-serum\/\" \/>\n<meta property=\"og:site_name\" content=\"Glow Premium\" \/>\n<meta property=\"article:modified_time\" content=\"2024-11-11T02:04:14+00:00\" \/>\n<meta property=\"og:image\" content=\"https:\/\/glowpremium.fr\/wp-content\/uploads\/2024\/10\/PhotoRoom_20220228_093650.jpg\" \/>\n\t<meta property=\"og:image:width\" content=\"2000\" \/>\n\t<meta property=\"og:image:height\" content=\"1808\" \/>\n\t<meta property=\"og:image:type\" content=\"image\/jpeg\" \/>\n<meta name=\"twitter:card\" content=\"summary_large_image\" \/>\n<meta name=\"twitter:label1\" content=\"Estimated reading time\" \/>\n\t<meta name=\"twitter:data1\" content=\"1 minute\" \/>\n<script type=\"application\/ld+json\" class=\"yoast-schema-graph\">{\"@context\":\"https:\/\/schema.org\",\"@graph\":[{\"@type\":\"WebPage\",\"@id\":\"https:\/\/glowpremium.fr\/produit-eclaircissant\/creme-visage-et-serum-eclaircissant-radiance-7-2\/\",\"url\":\"https:\/\/glowpremium.fr\/produit-eclaircissant\/creme-visage-et-serum-eclaircissant-radiance-7-2\/\",\"name\":\"Cr\u00e8me Visage et S\u00e9rum \u00e9claircissant Radiance 7 - Glow Premium\",\"isPartOf\":{\"@id\":\"https:\/\/glowpremium.fr\/#website\"},\"primaryImageOfPage\":{\"@id\":\"https:\/\/glowpremium.fr\/produit-eclaircissant\/creme-visage-et-serum-eclaircissant-radiance-7-2\/#primaryimage\"},\"image\":{\"@id\":\"https:\/\/glowpremium.fr\/produit-eclaircissant\/creme-visage-et-serum-eclaircissant-radiance-7-2\/#primaryimage\"},\"thumbnailUrl\":\"https:\/\/glowpremium.fr\/wp-content\/uploads\/2024\/10\/PhotoRoom_20220228_093650.jpg\",\"datePublished\":\"2024-10-28T13:33:07+00:00\",\"dateModified\":\"2024-11-11T02:04:14+00:00\",\"description\":\"Teint lumineuxUniformisation\u00c9clat naturelCorrection des tachesPeau rayonnante cosm\u00e9tique blanchissant peau noire et m\u00e9tisse beaut\u00e9 \u00e9claircissante de la peau\",\"breadcrumb\":{\"@id\":\"https:\/\/glowpremium.fr\/produit-eclaircissant\/creme-visage-et-serum-eclaircissant-radiance-7-2\/#breadcrumb\"},\"inLanguage\":\"en-GB\",\"potentialAction\":[{\"@type\":\"ReadAction\",\"target\":[\"https:\/\/glowpremium.fr\/produit-eclaircissant\/creme-visage-et-serum-eclaircissant-radiance-7-2\/\"]}]},{\"@type\":\"ImageObject\",\"inLanguage\":\"en-GB\",\"@id\":\"https:\/\/glowpremium.fr\/produit-eclaircissant\/creme-visage-et-serum-eclaircissant-radiance-7-2\/#primaryimage\",\"url\":\"https:\/\/glowpremium.fr\/wp-content\/uploads\/2024\/10\/PhotoRoom_20220228_093650.jpg\",\"contentUrl\":\"https:\/\/glowpremium.fr\/wp-content\/uploads\/2024\/10\/PhotoRoom_20220228_093650.jpg\",\"width\":2000,\"height\":1808},{\"@type\":\"BreadcrumbList\",\"@id\":\"https:\/\/glowpremium.fr\/produit-eclaircissant\/creme-visage-et-serum-eclaircissant-radiance-7-2\/#breadcrumb\",\"itemListElement\":[{\"@type\":\"ListItem\",\"position\":1,\"name\":\"Accueil\",\"item\":\"https:\/\/glowpremium.fr\/\"},{\"@type\":\"ListItem\",\"position\":2,\"name\":\"Boutique\",\"item\":\"https:\/\/glowpremium.fr\/boutique-produits-eclaircissants\/\"},{\"@type\":\"ListItem\",\"position\":3,\"name\":\"Cr\u00e8me Visage et S\u00e9rum \u00e9claircissant Radiance 7\"}]},{\"@type\":\"WebSite\",\"@id\":\"https:\/\/glowpremium.fr\/#website\",\"url\":\"https:\/\/glowpremium.fr\/\",\"name\":\"Glow Premium\",\"description\":\"\",\"publisher\":{\"@id\":\"https:\/\/glowpremium.fr\/#organization\"},\"potentialAction\":[{\"@type\":\"SearchAction\",\"target\":{\"@type\":\"EntryPoint\",\"urlTemplate\":\"https:\/\/glowpremium.fr\/?s={search_term_string}\"},\"query-input\":{\"@type\":\"PropertyValueSpecification\",\"valueRequired\":true,\"valueName\":\"search_term_string\"}}],\"inLanguage\":\"en-GB\"},{\"@type\":\"Organization\",\"@id\":\"https:\/\/glowpremium.fr\/#organization\",\"name\":\"Glow Premium\",\"url\":\"https:\/\/glowpremium.fr\/\",\"logo\":{\"@type\":\"ImageObject\",\"inLanguage\":\"en-GB\",\"@id\":\"https:\/\/glowpremium.fr\/#\/schema\/logo\/image\/\",\"url\":\"https:\/\/glowpremium.fr\/wp-content\/uploads\/2024\/10\/screenshot_20241029_034909_chrome.jpg\",\"contentUrl\":\"https:\/\/glowpremium.fr\/wp-content\/uploads\/2024\/10\/screenshot_20241029_034909_chrome.jpg\",\"width\":866,\"height\":937,\"caption\":\"Glow Premium\"},\"image\":{\"@id\":\"https:\/\/glowpremium.fr\/#\/schema\/logo\/image\/\"}}]}<\/script>\n<!-- \/ Yoast SEO plugin. -->","yoast_head_json":{"title":"Cr\u00e8me Visage et S\u00e9rum \u00e9claircissant Radiance 7 - Glow Premium","description":"Teint lumineuxUniformisation\u00c9clat naturelCorrection des tachesPeau rayonnante cosm\u00e9tique blanchissant peau noire et m\u00e9tisse beaut\u00e9 \u00e9claircissante de la peau","robots":{"index":"index","follow":"follow","max-snippet":"max-snippet:-1","max-image-preview":"max-image-preview:large","max-video-preview":"max-video-preview:-1"},"canonical":"https:\/\/glowpremium.fr\/en\/lightening-product\/radiance-7-2-brightening-face-cream-and-serum\/","og_locale":"en_GB","og_type":"article","og_title":"Cr\u00e8me Visage et S\u00e9rum \u00e9claircissant Radiance 7 - Glow Premium","og_description":"Teint lumineuxUniformisation\u00c9clat naturelCorrection des tachesPeau rayonnante cosm\u00e9tique blanchissant peau noire et m\u00e9tisse beaut\u00e9 \u00e9claircissante de la peau","og_url":"https:\/\/glowpremium.fr\/en\/lightening-product\/radiance-7-2-brightening-face-cream-and-serum\/","og_site_name":"Glow Premium","article_modified_time":"2024-11-11T02:04:14+00:00","og_image":[{"width":2000,"height":1808,"url":"https:\/\/glowpremium.fr\/wp-content\/uploads\/2024\/10\/PhotoRoom_20220228_093650.jpg","type":"image\/jpeg"}],"twitter_card":"summary_large_image","twitter_misc":{"Estimated reading time":"1 minute"},"schema":{"@context":"https:\/\/schema.org","@graph":[{"@type":"WebPage","@id":"https:\/\/glowpremium.fr\/produit-eclaircissant\/creme-visage-et-serum-eclaircissant-radiance-7-2\/","url":"https:\/\/glowpremium.fr\/produit-eclaircissant\/creme-visage-et-serum-eclaircissant-radiance-7-2\/","name":"Cr\u00e8me Visage et S\u00e9rum \u00e9claircissant Radiance 7 - Glow Premium","isPartOf":{"@id":"https:\/\/glowpremium.fr\/#website"},"primaryImageOfPage":{"@id":"https:\/\/glowpremium.fr\/produit-eclaircissant\/creme-visage-et-serum-eclaircissant-radiance-7-2\/#primaryimage"},"image":{"@id":"https:\/\/glowpremium.fr\/produit-eclaircissant\/creme-visage-et-serum-eclaircissant-radiance-7-2\/#primaryimage"},"thumbnailUrl":"https:\/\/glowpremium.fr\/wp-content\/uploads\/2024\/10\/PhotoRoom_20220228_093650.jpg","datePublished":"2024-10-28T13:33:07+00:00","dateModified":"2024-11-11T02:04:14+00:00","description":"Teint lumineuxUniformisation\u00c9clat naturelCorrection des tachesPeau rayonnante cosm\u00e9tique blanchissant peau noire et m\u00e9tisse beaut\u00e9 \u00e9claircissante de la peau","breadcrumb":{"@id":"https:\/\/glowpremium.fr\/produit-eclaircissant\/creme-visage-et-serum-eclaircissant-radiance-7-2\/#breadcrumb"},"inLanguage":"en-GB","potentialAction":[{"@type":"ReadAction","target":["https:\/\/glowpremium.fr\/produit-eclaircissant\/creme-visage-et-serum-eclaircissant-radiance-7-2\/"]}]},{"@type":"ImageObject","inLanguage":"en-GB","@id":"https:\/\/glowpremium.fr\/produit-eclaircissant\/creme-visage-et-serum-eclaircissant-radiance-7-2\/#primaryimage","url":"https:\/\/glowpremium.fr\/wp-content\/uploads\/2024\/10\/PhotoRoom_20220228_093650.jpg","contentUrl":"https:\/\/glowpremium.fr\/wp-content\/uploads\/2024\/10\/PhotoRoom_20220228_093650.jpg","width":2000,"height":1808},{"@type":"BreadcrumbList","@id":"https:\/\/glowpremium.fr\/produit-eclaircissant\/creme-visage-et-serum-eclaircissant-radiance-7-2\/#breadcrumb","itemListElement":[{"@type":"ListItem","position":1,"name":"Accueil","item":"https:\/\/glowpremium.fr\/"},{"@type":"ListItem","position":2,"name":"Boutique","item":"https:\/\/glowpremium.fr\/boutique-produits-eclaircissants\/"},{"@type":"ListItem","position":3,"name":"Cr\u00e8me Visage et S\u00e9rum \u00e9claircissant Radiance 7"}]},{"@type":"WebSite","@id":"https:\/\/glowpremium.fr\/#website","url":"https:\/\/glowpremium.fr\/","name":"Glow Premium","description":"","publisher":{"@id":"https:\/\/glowpremium.fr\/#organization"},"potentialAction":[{"@type":"SearchAction","target":{"@type":"EntryPoint","urlTemplate":"https:\/\/glowpremium.fr\/?s={search_term_string}"},"query-input":{"@type":"PropertyValueSpecification","valueRequired":true,"valueName":"search_term_string"}}],"inLanguage":"en-GB"},{"@type":"Organization","@id":"https:\/\/glowpremium.fr\/#organization","name":"Glow Premium","url":"https:\/\/glowpremium.fr\/","logo":{"@type":"ImageObject","inLanguage":"en-GB","@id":"https:\/\/glowpremium.fr\/#\/schema\/logo\/image\/","url":"https:\/\/glowpremium.fr\/wp-content\/uploads\/2024\/10\/screenshot_20241029_034909_chrome.jpg","contentUrl":"https:\/\/glowpremium.fr\/wp-content\/uploads\/2024\/10\/screenshot_20241029_034909_chrome.jpg","width":866,"height":937,"caption":"Glow Premium"},"image":{"@id":"https:\/\/glowpremium.fr\/#\/schema\/logo\/image\/"}}]}},"_links":{"self":[{"href":"https:\/\/glowpremium.fr\/en\/wp-json\/wp\/v2\/product\/5865","targetHints":{"allow":["GET"]}}],"collection":[{"href":"https:\/\/glowpremium.fr\/en\/wp-json\/wp\/v2\/product"}],"about":[{"href":"https:\/\/glowpremium.fr\/en\/wp-json\/wp\/v2\/types\/product"}],"replies":[{"embeddable":true,"href":"https:\/\/glowpremium.fr\/en\/wp-json\/wp\/v2\/comments?post=5865"}],"version-history":[{"count":1,"href":"https:\/\/glowpremium.fr\/en\/wp-json\/wp\/v2\/product\/5865\/revisions"}],"predecessor-version":[{"id":7468,"href":"https:\/\/glowpremium.fr\/en\/wp-json\/wp\/v2\/product\/5865\/revisions\/7468"}],"wp:featuredmedia":[{"embeddable":true,"href":"https:\/\/glowpremium.fr\/en\/wp-json\/wp\/v2\/media\/5864"}],"wp:attachment":[{"href":"https:\/\/glowpremium.fr\/en\/wp-json\/wp\/v2\/media?parent=5865"}],"wp:term":[{"taxonomy":"brand","embeddable":true,"href":"https:\/\/glowpremium.fr\/en\/wp-json\/wp\/v2\/etheme_brands?post=5865"},{"taxonomy":"product_brand","embeddable":true,"href":"https:\/\/glowpremium.fr\/en\/wp-json\/wp\/v2\/product_brand?post=5865"},{"taxonomy":"product_cat","embeddable":true,"href":"https:\/\/glowpremium.fr\/en\/wp-json\/wp\/v2\/product_cat?post=5865"},{"taxonomy":"product_tag","embeddable":true,"href":"https:\/\/glowpremium.fr\/en\/wp-json\/wp\/v2\/product_tag?post=5865"}],"curies":[{"name":"wp","href":"https:\/\/api.w.org\/{rel}","templated":true}]}}