{"id":5845,"date":"2024-10-28T14:32:55","date_gmt":"2024-10-28T13:32:55","guid":{"rendered":"https:\/\/glowpremium.fr\/produit-eclaircissant\/savon-eclaircissant-exfoliant-antiseptique-makari-2\/"},"modified":"2024-11-11T17:58:51","modified_gmt":"2024-11-11T16:58:51","slug":"savon-eclaircissant-exfoliant-antiseptique-makari-2","status":"publish","type":"product","link":"https:\/\/glowpremium.fr\/en\/lightening-product\/makari-2-lightening-exfoliating-antiseptic-soap\/","title":{"rendered":"Makari Antiseptic Exfoliating Brightening Soap"},"content":{"rendered":"<p><strong>How to use :<\/strong><\/p>\n<ul>\n<li>Apply the soap directly to wet face and neck once a day, morning or evening.<\/li>\n<li>Massage gently in circular movements and rinse.<\/li>\n<li>Follow with Naturalle Toning Serum SPF15 or Skin Repairing and Clarifying Serum<\/li>\n<\/ul>\n<p><strong>Recommendation:<\/strong><\/p>\n<p>For external use only. Discontinue use if irritation develops. Avoid contact with the eyes. In the event of contact with the eyes, rinse thoroughly. For all skin types except sensitive<\/p>\n<p><strong>Composition:<\/strong><\/p>\n<p>Sodium palmate, sodium palm kernel, water (water), glycerine, mulberry (Morus Alba) root extract, Elaeis Guineensis (palm) kernel acid, triclocarban, sodium chloride, Prunus Armeniaca (apricot) kernel extract, tetrasodium EDTA, tetrasodium etidronate,Parfum (fragrance) Hydroxyisohexyl 3-cyclohexene Carboxaldehyde, Hexyl Cinnamal, Limonene.<\/p>","protected":false},"excerpt":{"rendered":"<p>The exfoliating soap bar enriched with brightening agents gently removes dull skin, eliminates impurities, improves skin texture, evens skin tone for a flawless look and revitalises skin's natural radiance.<\/p>\n<ul>\n<li>Detoxifies and eliminates impurities<\/li>\n<li>Resurfaces skin texture<\/li>\n<li>Boosts the skin's natural radiance<\/li>\n<li>7 ounces<\/li>\n<\/ul>\n<p>For all skin types except sensitive<\/p>","protected":false},"featured_media":5844,"comment_status":"closed","ping_status":"closed","template":"","meta":[],"etheme_brands":[],"product_brand":[],"product_cat":[80,87],"product_tag":[],"class_list":{"0":"post-5845","1":"product","2":"type-product","3":"status-publish","4":"has-post-thumbnail","6":"product_cat-blanchissants-et-eclaircissants","7":"product_cat-savons-eclaircissants","9":"first","10":"instock","11":"shipping-taxable","12":"purchasable","13":"product-type-simple"},"yoast_head":"<!-- This site is optimized with the Yoast SEO plugin v26.7 - https:\/\/yoast.com\/wordpress\/plugins\/seo\/ -->\n<title>Savon \u00e9claircissant exfoliant antiseptique Makari - Glow Premium<\/title>\n<meta name=\"description\" content=\"Teint lumineuxUniformisation\u00c9clat naturelCorrection des tachesPeau rayonnante cosm\u00e9tique pour peau noire et m\u00e9tisse beaut\u00e9 teint blanchissant\" \/>\n<meta name=\"robots\" content=\"index, follow, max-snippet:-1, max-image-preview:large, max-video-preview:-1\" \/>\n<link rel=\"canonical\" href=\"https:\/\/glowpremium.fr\/en\/lightening-product\/makari-2-lightening-exfoliating-antiseptic-soap\/\" \/>\n<meta property=\"og:locale\" content=\"en_GB\" \/>\n<meta property=\"og:type\" content=\"article\" \/>\n<meta property=\"og:title\" content=\"Savon \u00e9claircissant exfoliant antiseptique Makari - Glow Premium\" \/>\n<meta property=\"og:description\" content=\"Teint lumineuxUniformisation\u00c9clat naturelCorrection des tachesPeau rayonnante cosm\u00e9tique pour peau noire et m\u00e9tisse beaut\u00e9 teint blanchissant\" \/>\n<meta property=\"og:url\" content=\"https:\/\/glowpremium.fr\/en\/lightening-product\/makari-2-lightening-exfoliating-antiseptic-soap\/\" \/>\n<meta property=\"og:site_name\" content=\"Glow Premium\" \/>\n<meta property=\"article:modified_time\" content=\"2024-11-11T16:58:51+00:00\" \/>\n<meta property=\"og:image\" content=\"https:\/\/glowpremium.fr\/wp-content\/uploads\/2024\/10\/Capture-decran-2022-02-24-a-22.07.15.png\" \/>\n\t<meta property=\"og:image:width\" content=\"502\" \/>\n\t<meta property=\"og:image:height\" content=\"575\" \/>\n\t<meta property=\"og:image:type\" content=\"image\/png\" \/>\n<meta name=\"twitter:card\" content=\"summary_large_image\" \/>\n<meta name=\"twitter:label1\" content=\"Estimated reading time\" \/>\n\t<meta name=\"twitter:data1\" content=\"1 minute\" \/>\n<script type=\"application\/ld+json\" class=\"yoast-schema-graph\">{\"@context\":\"https:\/\/schema.org\",\"@graph\":[{\"@type\":\"WebPage\",\"@id\":\"https:\/\/glowpremium.fr\/produit-eclaircissant\/savon-eclaircissant-exfoliant-antiseptique-makari-2\/\",\"url\":\"https:\/\/glowpremium.fr\/produit-eclaircissant\/savon-eclaircissant-exfoliant-antiseptique-makari-2\/\",\"name\":\"Savon \u00e9claircissant exfoliant antiseptique Makari - Glow Premium\",\"isPartOf\":{\"@id\":\"https:\/\/glowpremium.fr\/#website\"},\"primaryImageOfPage\":{\"@id\":\"https:\/\/glowpremium.fr\/produit-eclaircissant\/savon-eclaircissant-exfoliant-antiseptique-makari-2\/#primaryimage\"},\"image\":{\"@id\":\"https:\/\/glowpremium.fr\/produit-eclaircissant\/savon-eclaircissant-exfoliant-antiseptique-makari-2\/#primaryimage\"},\"thumbnailUrl\":\"https:\/\/glowpremium.fr\/wp-content\/uploads\/2024\/10\/Capture-decran-2022-02-24-a-22.07.15.png\",\"datePublished\":\"2024-10-28T13:32:55+00:00\",\"dateModified\":\"2024-11-11T16:58:51+00:00\",\"description\":\"Teint lumineuxUniformisation\u00c9clat naturelCorrection des tachesPeau rayonnante cosm\u00e9tique pour peau noire et m\u00e9tisse beaut\u00e9 teint blanchissant\",\"breadcrumb\":{\"@id\":\"https:\/\/glowpremium.fr\/produit-eclaircissant\/savon-eclaircissant-exfoliant-antiseptique-makari-2\/#breadcrumb\"},\"inLanguage\":\"en-GB\",\"potentialAction\":[{\"@type\":\"ReadAction\",\"target\":[\"https:\/\/glowpremium.fr\/produit-eclaircissant\/savon-eclaircissant-exfoliant-antiseptique-makari-2\/\"]}]},{\"@type\":\"ImageObject\",\"inLanguage\":\"en-GB\",\"@id\":\"https:\/\/glowpremium.fr\/produit-eclaircissant\/savon-eclaircissant-exfoliant-antiseptique-makari-2\/#primaryimage\",\"url\":\"https:\/\/glowpremium.fr\/wp-content\/uploads\/2024\/10\/Capture-decran-2022-02-24-a-22.07.15.png\",\"contentUrl\":\"https:\/\/glowpremium.fr\/wp-content\/uploads\/2024\/10\/Capture-decran-2022-02-24-a-22.07.15.png\",\"width\":502,\"height\":575},{\"@type\":\"BreadcrumbList\",\"@id\":\"https:\/\/glowpremium.fr\/produit-eclaircissant\/savon-eclaircissant-exfoliant-antiseptique-makari-2\/#breadcrumb\",\"itemListElement\":[{\"@type\":\"ListItem\",\"position\":1,\"name\":\"Accueil\",\"item\":\"https:\/\/glowpremium.fr\/\"},{\"@type\":\"ListItem\",\"position\":2,\"name\":\"Boutique\",\"item\":\"https:\/\/glowpremium.fr\/boutique-produits-eclaircissants\/\"},{\"@type\":\"ListItem\",\"position\":3,\"name\":\"Savon \u00e9claircissant exfoliant antiseptique Makari\"}]},{\"@type\":\"WebSite\",\"@id\":\"https:\/\/glowpremium.fr\/#website\",\"url\":\"https:\/\/glowpremium.fr\/\",\"name\":\"Glow Premium\",\"description\":\"\",\"publisher\":{\"@id\":\"https:\/\/glowpremium.fr\/#organization\"},\"potentialAction\":[{\"@type\":\"SearchAction\",\"target\":{\"@type\":\"EntryPoint\",\"urlTemplate\":\"https:\/\/glowpremium.fr\/?s={search_term_string}\"},\"query-input\":{\"@type\":\"PropertyValueSpecification\",\"valueRequired\":true,\"valueName\":\"search_term_string\"}}],\"inLanguage\":\"en-GB\"},{\"@type\":\"Organization\",\"@id\":\"https:\/\/glowpremium.fr\/#organization\",\"name\":\"Glow Premium\",\"url\":\"https:\/\/glowpremium.fr\/\",\"logo\":{\"@type\":\"ImageObject\",\"inLanguage\":\"en-GB\",\"@id\":\"https:\/\/glowpremium.fr\/#\/schema\/logo\/image\/\",\"url\":\"https:\/\/glowpremium.fr\/wp-content\/uploads\/2024\/10\/screenshot_20241029_034909_chrome.jpg\",\"contentUrl\":\"https:\/\/glowpremium.fr\/wp-content\/uploads\/2024\/10\/screenshot_20241029_034909_chrome.jpg\",\"width\":866,\"height\":937,\"caption\":\"Glow Premium\"},\"image\":{\"@id\":\"https:\/\/glowpremium.fr\/#\/schema\/logo\/image\/\"}}]}<\/script>\n<!-- \/ Yoast SEO plugin. -->","yoast_head_json":{"title":"Savon \u00e9claircissant exfoliant antiseptique Makari - Glow Premium","description":"Teint lumineuxUniformisation\u00c9clat naturelCorrection des tachesPeau rayonnante cosm\u00e9tique pour peau noire et m\u00e9tisse beaut\u00e9 teint blanchissant","robots":{"index":"index","follow":"follow","max-snippet":"max-snippet:-1","max-image-preview":"max-image-preview:large","max-video-preview":"max-video-preview:-1"},"canonical":"https:\/\/glowpremium.fr\/en\/lightening-product\/makari-2-lightening-exfoliating-antiseptic-soap\/","og_locale":"en_GB","og_type":"article","og_title":"Savon \u00e9claircissant exfoliant antiseptique Makari - Glow Premium","og_description":"Teint lumineuxUniformisation\u00c9clat naturelCorrection des tachesPeau rayonnante cosm\u00e9tique pour peau noire et m\u00e9tisse beaut\u00e9 teint blanchissant","og_url":"https:\/\/glowpremium.fr\/en\/lightening-product\/makari-2-lightening-exfoliating-antiseptic-soap\/","og_site_name":"Glow Premium","article_modified_time":"2024-11-11T16:58:51+00:00","og_image":[{"width":502,"height":575,"url":"https:\/\/glowpremium.fr\/wp-content\/uploads\/2024\/10\/Capture-decran-2022-02-24-a-22.07.15.png","type":"image\/png"}],"twitter_card":"summary_large_image","twitter_misc":{"Estimated reading time":"1 minute"},"schema":{"@context":"https:\/\/schema.org","@graph":[{"@type":"WebPage","@id":"https:\/\/glowpremium.fr\/produit-eclaircissant\/savon-eclaircissant-exfoliant-antiseptique-makari-2\/","url":"https:\/\/glowpremium.fr\/produit-eclaircissant\/savon-eclaircissant-exfoliant-antiseptique-makari-2\/","name":"Savon \u00e9claircissant exfoliant antiseptique Makari - Glow Premium","isPartOf":{"@id":"https:\/\/glowpremium.fr\/#website"},"primaryImageOfPage":{"@id":"https:\/\/glowpremium.fr\/produit-eclaircissant\/savon-eclaircissant-exfoliant-antiseptique-makari-2\/#primaryimage"},"image":{"@id":"https:\/\/glowpremium.fr\/produit-eclaircissant\/savon-eclaircissant-exfoliant-antiseptique-makari-2\/#primaryimage"},"thumbnailUrl":"https:\/\/glowpremium.fr\/wp-content\/uploads\/2024\/10\/Capture-decran-2022-02-24-a-22.07.15.png","datePublished":"2024-10-28T13:32:55+00:00","dateModified":"2024-11-11T16:58:51+00:00","description":"Teint lumineuxUniformisation\u00c9clat naturelCorrection des tachesPeau rayonnante cosm\u00e9tique pour peau noire et m\u00e9tisse beaut\u00e9 teint blanchissant","breadcrumb":{"@id":"https:\/\/glowpremium.fr\/produit-eclaircissant\/savon-eclaircissant-exfoliant-antiseptique-makari-2\/#breadcrumb"},"inLanguage":"en-GB","potentialAction":[{"@type":"ReadAction","target":["https:\/\/glowpremium.fr\/produit-eclaircissant\/savon-eclaircissant-exfoliant-antiseptique-makari-2\/"]}]},{"@type":"ImageObject","inLanguage":"en-GB","@id":"https:\/\/glowpremium.fr\/produit-eclaircissant\/savon-eclaircissant-exfoliant-antiseptique-makari-2\/#primaryimage","url":"https:\/\/glowpremium.fr\/wp-content\/uploads\/2024\/10\/Capture-decran-2022-02-24-a-22.07.15.png","contentUrl":"https:\/\/glowpremium.fr\/wp-content\/uploads\/2024\/10\/Capture-decran-2022-02-24-a-22.07.15.png","width":502,"height":575},{"@type":"BreadcrumbList","@id":"https:\/\/glowpremium.fr\/produit-eclaircissant\/savon-eclaircissant-exfoliant-antiseptique-makari-2\/#breadcrumb","itemListElement":[{"@type":"ListItem","position":1,"name":"Accueil","item":"https:\/\/glowpremium.fr\/"},{"@type":"ListItem","position":2,"name":"Boutique","item":"https:\/\/glowpremium.fr\/boutique-produits-eclaircissants\/"},{"@type":"ListItem","position":3,"name":"Savon \u00e9claircissant exfoliant antiseptique Makari"}]},{"@type":"WebSite","@id":"https:\/\/glowpremium.fr\/#website","url":"https:\/\/glowpremium.fr\/","name":"Glow Premium","description":"","publisher":{"@id":"https:\/\/glowpremium.fr\/#organization"},"potentialAction":[{"@type":"SearchAction","target":{"@type":"EntryPoint","urlTemplate":"https:\/\/glowpremium.fr\/?s={search_term_string}"},"query-input":{"@type":"PropertyValueSpecification","valueRequired":true,"valueName":"search_term_string"}}],"inLanguage":"en-GB"},{"@type":"Organization","@id":"https:\/\/glowpremium.fr\/#organization","name":"Glow Premium","url":"https:\/\/glowpremium.fr\/","logo":{"@type":"ImageObject","inLanguage":"en-GB","@id":"https:\/\/glowpremium.fr\/#\/schema\/logo\/image\/","url":"https:\/\/glowpremium.fr\/wp-content\/uploads\/2024\/10\/screenshot_20241029_034909_chrome.jpg","contentUrl":"https:\/\/glowpremium.fr\/wp-content\/uploads\/2024\/10\/screenshot_20241029_034909_chrome.jpg","width":866,"height":937,"caption":"Glow Premium"},"image":{"@id":"https:\/\/glowpremium.fr\/#\/schema\/logo\/image\/"}}]}},"_links":{"self":[{"href":"https:\/\/glowpremium.fr\/en\/wp-json\/wp\/v2\/product\/5845","targetHints":{"allow":["GET"]}}],"collection":[{"href":"https:\/\/glowpremium.fr\/en\/wp-json\/wp\/v2\/product"}],"about":[{"href":"https:\/\/glowpremium.fr\/en\/wp-json\/wp\/v2\/types\/product"}],"replies":[{"embeddable":true,"href":"https:\/\/glowpremium.fr\/en\/wp-json\/wp\/v2\/comments?post=5845"}],"version-history":[{"count":1,"href":"https:\/\/glowpremium.fr\/en\/wp-json\/wp\/v2\/product\/5845\/revisions"}],"predecessor-version":[{"id":7477,"href":"https:\/\/glowpremium.fr\/en\/wp-json\/wp\/v2\/product\/5845\/revisions\/7477"}],"wp:featuredmedia":[{"embeddable":true,"href":"https:\/\/glowpremium.fr\/en\/wp-json\/wp\/v2\/media\/5844"}],"wp:attachment":[{"href":"https:\/\/glowpremium.fr\/en\/wp-json\/wp\/v2\/media?parent=5845"}],"wp:term":[{"taxonomy":"brand","embeddable":true,"href":"https:\/\/glowpremium.fr\/en\/wp-json\/wp\/v2\/etheme_brands?post=5845"},{"taxonomy":"product_brand","embeddable":true,"href":"https:\/\/glowpremium.fr\/en\/wp-json\/wp\/v2\/product_brand?post=5845"},{"taxonomy":"product_cat","embeddable":true,"href":"https:\/\/glowpremium.fr\/en\/wp-json\/wp\/v2\/product_cat?post=5845"},{"taxonomy":"product_tag","embeddable":true,"href":"https:\/\/glowpremium.fr\/en\/wp-json\/wp\/v2\/product_tag?post=5845"}],"curies":[{"name":"wp","href":"https:\/\/api.w.org\/{rel}","templated":true}]}}